
{"id":8309,"date":"2022-06-16T12:59:57","date_gmt":"2022-06-16T10:59:57","guid":{"rendered":"https:\/\/tanzzo.com\/?post_type=product&#038;p=8309"},"modified":"2023-03-23T15:04:26","modified_gmt":"2023-03-23T13:04:26","slug":"tanning-cream-after-sun","status":"publish","type":"product","link":"https:\/\/tanzzo.com\/sk\/product\/tanning-cream-after-sun\/","title":{"rendered":"Kr\u00e9m pre r\u00fdchlej\u0161ie opa\u013eovanie &#8211; 200ml"},"content":{"rendered":"<div class=\"row row-collapse row-full-width\"  id=\"row-2121458772\">\n\n\t<div id=\"col-1555533741\" class=\"col small-12 large-12\"  >\n\t\t\t\t<div class=\"col-inner\"  >\n\t\t\t\n\t\t\t\n<div class=\"row row-collapse row-full-width align-middle\"  id=\"row-644170565\">\n\n\t<div id=\"col-869245775\" class=\"col medium-6 small-12 large-8\"  >\n\t\t\t\t<div class=\"col-inner\"  >\n\t\t\t\n\t\t\t\n\n  <div class=\"banner has-hover\" id=\"banner-1305007596\">\n          <div class=\"banner-inner fill\">\n        <div class=\"banner-bg fill\" >\n            <div class=\"bg fill bg-fill \"><\/div>\n                                    \n                    <\/div>\n\t\t\n        <div class=\"banner-layers container\">\n            <div class=\"fill banner-link\"><\/div>            \n        <\/div>\n      <\/div>\n\n            \n<style>\n#banner-1305007596 {\n  padding-top: 200px;\n  background-color: rgb(245, 245, 245);\n}\n#banner-1305007596 .bg.bg-loaded {\n  background-image: url(https:\/\/tanzzo.com\/wp-content\/uploads\/2022\/04\/DSC_2873_20-_20new-1400x575.jpg);\n}\n#banner-1305007596 .bg {\n  background-position: 83% 66%;\n}\n#banner-1305007596 .ux-shape-divider--top svg {\n  height: 150px;\n  --divider-top-width: 100%;\n}\n#banner-1305007596 .ux-shape-divider--bottom svg {\n  height: 150px;\n  --divider-width: 100%;\n}\n@media (min-width:550px) {\n  #banner-1305007596 {\n    padding-top: 460px;\n  }\n}\n<\/style>\n  <\/div>\n\n\n\t\t<\/div>\n\t\t\t\t\t<\/div>\n\n\t\n\n\t<div id=\"col-1411630951\" class=\"col pb-0 medium-6 small-12 large-4\"  >\n\t\t\t\t<div class=\"col-inner\"  >\n\t\t\t\n\t\t\t\n<div class=\"row row-collapse\"  id=\"row-1566695403\">\n\n\t<div id=\"col-35611656\" class=\"col pb-0 large-12\"  >\n\t\t\t\t<div class=\"col-inner text-left\" style=\"background-color:rgb(255,255,255);\" >\n\t\t\t\n\t\t\t\n<ul class=\"orange-dots\">\n<li>R\u00fdchle op\u00e1lenie<\/li>\n<li>Vy\u017eivuj\u00faci a zvlh\u010duj\u00faci<\/li>\n<li>Udr\u017euje kr\u00e1sne op\u00e1lenie dlh\u0161iu dobu<\/li>\n<li>R\u00fdchlo sa vstreb\u00e1va do poko\u017eky a nezanech\u00e1va \u0161kvrny<\/li>\n<li>\u013dahk\u00fd dotyk poko\u017eky<\/li>\n<li>Tropicky zvodn\u00e1 v\u00f4\u0148a<\/li>\n<\/ul>\n\t<div id=\"gap-1383592311\" class=\"gap-element clearfix\" style=\"display:block; height:auto;\">\n\t\t\n<style>\n#gap-1383592311 {\n  padding-top: 30px;\n}\n<\/style>\n\t<\/div>\n\t\n<a href=\"#price-box-container\" target=\"_self\" class=\"button primary is-large\"  >\n    <span>K\u00daPI\u0164 TANZZO<\/span>\n  <\/a>\n\n\t\t<\/div>\n\t\t\t\t\n<style>\n#col-35611656 > .col-inner {\n  margin: 0px 0px 0px 0px;\n}\n@media (min-width:550px) {\n  #col-35611656 > .col-inner {\n    margin: 0px 0px 0px -30px;\n  }\n}\n@media (min-width:850px) {\n  #col-35611656 > .col-inner {\n    margin: 0px 30px 0px -30px;\n  }\n}\n<\/style>\n\t<\/div>\n\n\t\n\n<style>\n#row-1566695403 > .col > .col-inner {\n  padding: 20px 20px 20px 20px;\n}\n@media (min-width:550px) {\n  #row-1566695403 > .col > .col-inner {\n    padding: 40px 40px 40px 40px;\n  }\n}\n<\/style>\n<\/div>\n\t\t<\/div>\n\t\t\t\t\t<\/div>\n\n\t\n<\/div>\n\t\t<\/div>\n\t\t\t\t\t<\/div>\n\n\t\n\n<style>\n#row-2121458772 > .col > .col-inner {\n  background-color: rgb(245, 245, 245);\n}\n<\/style>\n<\/div>\n\n","protected":false},"excerpt":{"rendered":"<p>TANZZO sa postar\u00e1 o to, aby ste toto leto za\u017eiarili ako nikdy predt\u00fdm! Bol \u0161peci\u00e1lne navrhnut\u00fd na to, aby ur\u00fdchlil proces prirodzen\u00e9ho op\u00e1lenia. Vybran\u00e9 kvalitn\u00e9 zlo\u017eky poskytn\u00fa va\u0161ej poko\u017eke potrebn\u00e9 \u017eiviny a zdrav\u00fd vzh\u013ead.<\/p>\n<ul class=\"orange-dots\">\n<li><b>Podporuje r\u00fdchle a pekn\u00e9 prirodzen\u00e9 op\u00e1lenie<\/b><\/li>\n<li><strong>Poko\u017eku z\u00e1sobuje potrebnou hydrat\u00e1ciou a ochranou<\/strong><\/li>\n<li><strong>Z\u00edska si v\u00e1s \u00fa\u017easnou tropickou v\u00f4\u0148ou!<\/strong><\/li>\n<li><strong>Do poko\u017eky sa vstreb\u00e1va r\u00fdchlo a nezanech\u00e1va \u0161kvrny<\/strong><\/li>\n<li><strong>Udr\u017euje pekn\u00e9 op\u00e1lenie po dlh\u00fa dobu<\/strong><\/li>\n<\/ul>\n","protected":false},"featured_media":8445,"template":"","meta":[],"product_cat":[194],"product_tag":[],"class_list":["post-8309","product","type-product","status-publish","has-post-thumbnail","hentry","product_cat-uncategorized-sk"],"acf":[],"yoast_head":"<!-- This site is optimized with the Yoast SEO plugin v20.8 - https:\/\/yoast.com\/wordpress\/plugins\/seo\/ -->\n<title>Kr\u00e9m pre r\u00fdchlej\u0161ie opa\u013eovanie - 200ml - Tanzzo<\/title>\n<meta name=\"description\" content=\"Tanzzo kr\u00e9m na opa\u013eovanie zais\u0165uje r\u00fdchlej\u0161ie a intenz\u00edvnej\u0161ie op\u00e1lenie, no z\u00e1rove\u0148 poskytuje poko\u017eke \u017eiviny a vlhkos\u0165.\" \/>\n<meta name=\"robots\" content=\"index, follow, max-snippet:-1, max-image-preview:large, max-video-preview:-1\" \/>\n<link rel=\"canonical\" href=\"https:\/\/tanzzo.com\/sk\/product\/tanning-cream-after-sun\/\" \/>\n<meta property=\"og:locale\" content=\"sk_SK\" \/>\n<meta property=\"og:type\" content=\"article\" \/>\n<meta property=\"og:title\" content=\"Kr\u00e9m pre r\u00fdchlej\u0161ie opa\u013eovanie - 200ml - Tanzzo\" \/>\n<meta property=\"og:description\" content=\"Tanzzo kr\u00e9m na opa\u013eovanie zais\u0165uje r\u00fdchlej\u0161ie a intenz\u00edvnej\u0161ie op\u00e1lenie, no z\u00e1rove\u0148 poskytuje poko\u017eke \u017eiviny a vlhkos\u0165.\" \/>\n<meta property=\"og:url\" content=\"https:\/\/tanzzo.com\/sk\/product\/tanning-cream-after-sun\/\" \/>\n<meta property=\"og:site_name\" content=\"Tanzzo\" \/>\n<meta property=\"article:publisher\" content=\"https:\/\/www.facebook.com\/Tanzzzo\/\" \/>\n<meta property=\"article:modified_time\" content=\"2023-03-23T13:04:26+00:00\" \/>\n<meta property=\"og:image\" content=\"https:\/\/tanzzo.com\/wp-content\/uploads\/2022\/06\/sk-after-sun.png\" \/>\n\t<meta property=\"og:image:width\" content=\"1080\" \/>\n\t<meta property=\"og:image:height\" content=\"1080\" \/>\n\t<meta property=\"og:image:type\" content=\"image\/png\" \/>\n<meta name=\"twitter:card\" content=\"summary_large_image\" \/>\n<meta name=\"twitter:label1\" content=\"Predpokladan\u00fd \u010das \u010d\u00edtania\" \/>\n\t<meta name=\"twitter:data1\" content=\"2 min\u00faty\" \/>\n<script type=\"application\/ld+json\" class=\"yoast-schema-graph\">{\"@context\":\"https:\/\/schema.org\",\"@graph\":[{\"@type\":\"WebPage\",\"@id\":\"https:\/\/tanzzo.com\/sk\/product\/tanning-cream-after-sun\/\",\"url\":\"https:\/\/tanzzo.com\/sk\/product\/tanning-cream-after-sun\/\",\"name\":\"Kr\u00e9m pre r\u00fdchlej\u0161ie opa\u013eovanie - 200ml - Tanzzo\",\"isPartOf\":{\"@id\":\"https:\/\/tanzzo.com\/sk\/#website\"},\"datePublished\":\"2022-06-16T10:59:57+00:00\",\"dateModified\":\"2023-03-23T13:04:26+00:00\",\"description\":\"Tanzzo kr\u00e9m na opa\u013eovanie zais\u0165uje r\u00fdchlej\u0161ie a intenz\u00edvnej\u0161ie op\u00e1lenie, no z\u00e1rove\u0148 poskytuje poko\u017eke \u017eiviny a vlhkos\u0165.\",\"breadcrumb\":{\"@id\":\"https:\/\/tanzzo.com\/sk\/product\/tanning-cream-after-sun\/#breadcrumb\"},\"inLanguage\":\"sk-SK\",\"potentialAction\":[{\"@type\":\"ReadAction\",\"target\":[\"https:\/\/tanzzo.com\/sk\/product\/tanning-cream-after-sun\/\"]}]},{\"@type\":\"BreadcrumbList\",\"@id\":\"https:\/\/tanzzo.com\/sk\/product\/tanning-cream-after-sun\/#breadcrumb\",\"itemListElement\":[{\"@type\":\"ListItem\",\"position\":1,\"name\":\"Home\",\"item\":\"https:\/\/tanzzo.com\/sk\/\"},{\"@type\":\"ListItem\",\"position\":2,\"name\":\"Nakupuj teraz\",\"item\":\"https:\/\/tanzzo.com\/sk\/nakupuj-teraz\/\"},{\"@type\":\"ListItem\",\"position\":3,\"name\":\"Kr\u00e9m pre r\u00fdchlej\u0161ie opa\u013eovanie &#8211; 200ml\"}]},{\"@type\":\"WebSite\",\"@id\":\"https:\/\/tanzzo.com\/sk\/#website\",\"url\":\"https:\/\/tanzzo.com\/sk\/\",\"name\":\"Tanzzo\",\"description\":\"GET YOUR PERFECT TAN\",\"publisher\":{\"@id\":\"https:\/\/tanzzo.com\/sk\/#organization\"},\"potentialAction\":[{\"@type\":\"SearchAction\",\"target\":{\"@type\":\"EntryPoint\",\"urlTemplate\":\"https:\/\/tanzzo.com\/sk\/?s={search_term_string}\"},\"query-input\":\"required name=search_term_string\"}],\"inLanguage\":\"sk-SK\"},{\"@type\":\"Organization\",\"@id\":\"https:\/\/tanzzo.com\/sk\/#organization\",\"name\":\"Tanzzo\",\"url\":\"https:\/\/tanzzo.com\/sk\/\",\"logo\":{\"@type\":\"ImageObject\",\"inLanguage\":\"sk-SK\",\"@id\":\"https:\/\/tanzzo.com\/sk\/#\/schema\/logo\/image\/\",\"url\":\"https:\/\/tanzzo.com\/wp-content\/uploads\/2021\/08\/tanzzo1.png\",\"contentUrl\":\"https:\/\/tanzzo.com\/wp-content\/uploads\/2021\/08\/tanzzo1.png\",\"width\":2560,\"height\":426,\"caption\":\"Tanzzo\"},\"image\":{\"@id\":\"https:\/\/tanzzo.com\/sk\/#\/schema\/logo\/image\/\"},\"sameAs\":[\"https:\/\/www.facebook.com\/Tanzzzo\/\",\"https:\/\/www.instagram.com\/tanzzo_original\/\"]}]}<\/script>\n<!-- \/ Yoast SEO plugin. -->","yoast_head_json":{"title":"Kr\u00e9m pre r\u00fdchlej\u0161ie opa\u013eovanie - 200ml - Tanzzo","description":"Tanzzo kr\u00e9m na opa\u013eovanie zais\u0165uje r\u00fdchlej\u0161ie a intenz\u00edvnej\u0161ie op\u00e1lenie, no z\u00e1rove\u0148 poskytuje poko\u017eke \u017eiviny a vlhkos\u0165.","robots":{"index":"index","follow":"follow","max-snippet":"max-snippet:-1","max-image-preview":"max-image-preview:large","max-video-preview":"max-video-preview:-1"},"canonical":"https:\/\/tanzzo.com\/sk\/product\/tanning-cream-after-sun\/","og_locale":"sk_SK","og_type":"article","og_title":"Kr\u00e9m pre r\u00fdchlej\u0161ie opa\u013eovanie - 200ml - Tanzzo","og_description":"Tanzzo kr\u00e9m na opa\u013eovanie zais\u0165uje r\u00fdchlej\u0161ie a intenz\u00edvnej\u0161ie op\u00e1lenie, no z\u00e1rove\u0148 poskytuje poko\u017eke \u017eiviny a vlhkos\u0165.","og_url":"https:\/\/tanzzo.com\/sk\/product\/tanning-cream-after-sun\/","og_site_name":"Tanzzo","article_publisher":"https:\/\/www.facebook.com\/Tanzzzo\/","article_modified_time":"2023-03-23T13:04:26+00:00","og_image":[{"width":1080,"height":1080,"url":"https:\/\/tanzzo.com\/wp-content\/uploads\/2022\/06\/sk-after-sun.png","type":"image\/png"}],"twitter_card":"summary_large_image","twitter_misc":{"Predpokladan\u00fd \u010das \u010d\u00edtania":"2 min\u00faty"},"schema":{"@context":"https:\/\/schema.org","@graph":[{"@type":"WebPage","@id":"https:\/\/tanzzo.com\/sk\/product\/tanning-cream-after-sun\/","url":"https:\/\/tanzzo.com\/sk\/product\/tanning-cream-after-sun\/","name":"Kr\u00e9m pre r\u00fdchlej\u0161ie opa\u013eovanie - 200ml - Tanzzo","isPartOf":{"@id":"https:\/\/tanzzo.com\/sk\/#website"},"datePublished":"2022-06-16T10:59:57+00:00","dateModified":"2023-03-23T13:04:26+00:00","description":"Tanzzo kr\u00e9m na opa\u013eovanie zais\u0165uje r\u00fdchlej\u0161ie a intenz\u00edvnej\u0161ie op\u00e1lenie, no z\u00e1rove\u0148 poskytuje poko\u017eke \u017eiviny a vlhkos\u0165.","breadcrumb":{"@id":"https:\/\/tanzzo.com\/sk\/product\/tanning-cream-after-sun\/#breadcrumb"},"inLanguage":"sk-SK","potentialAction":[{"@type":"ReadAction","target":["https:\/\/tanzzo.com\/sk\/product\/tanning-cream-after-sun\/"]}]},{"@type":"BreadcrumbList","@id":"https:\/\/tanzzo.com\/sk\/product\/tanning-cream-after-sun\/#breadcrumb","itemListElement":[{"@type":"ListItem","position":1,"name":"Home","item":"https:\/\/tanzzo.com\/sk\/"},{"@type":"ListItem","position":2,"name":"Nakupuj teraz","item":"https:\/\/tanzzo.com\/sk\/nakupuj-teraz\/"},{"@type":"ListItem","position":3,"name":"Kr\u00e9m pre r\u00fdchlej\u0161ie opa\u013eovanie &#8211; 200ml"}]},{"@type":"WebSite","@id":"https:\/\/tanzzo.com\/sk\/#website","url":"https:\/\/tanzzo.com\/sk\/","name":"Tanzzo","description":"GET YOUR PERFECT TAN","publisher":{"@id":"https:\/\/tanzzo.com\/sk\/#organization"},"potentialAction":[{"@type":"SearchAction","target":{"@type":"EntryPoint","urlTemplate":"https:\/\/tanzzo.com\/sk\/?s={search_term_string}"},"query-input":"required name=search_term_string"}],"inLanguage":"sk-SK"},{"@type":"Organization","@id":"https:\/\/tanzzo.com\/sk\/#organization","name":"Tanzzo","url":"https:\/\/tanzzo.com\/sk\/","logo":{"@type":"ImageObject","inLanguage":"sk-SK","@id":"https:\/\/tanzzo.com\/sk\/#\/schema\/logo\/image\/","url":"https:\/\/tanzzo.com\/wp-content\/uploads\/2021\/08\/tanzzo1.png","contentUrl":"https:\/\/tanzzo.com\/wp-content\/uploads\/2021\/08\/tanzzo1.png","width":2560,"height":426,"caption":"Tanzzo"},"image":{"@id":"https:\/\/tanzzo.com\/sk\/#\/schema\/logo\/image\/"},"sameAs":["https:\/\/www.facebook.com\/Tanzzzo\/","https:\/\/www.instagram.com\/tanzzo_original\/"]}]}},"_links":{"self":[{"href":"https:\/\/tanzzo.com\/sk\/wp-json\/wp\/v2\/product\/8309","targetHints":{"allow":["GET"]}}],"collection":[{"href":"https:\/\/tanzzo.com\/sk\/wp-json\/wp\/v2\/product"}],"about":[{"href":"https:\/\/tanzzo.com\/sk\/wp-json\/wp\/v2\/types\/product"}],"wp:featuredmedia":[{"embeddable":true,"href":"https:\/\/tanzzo.com\/sk\/wp-json\/wp\/v2\/media\/8445"}],"wp:attachment":[{"href":"https:\/\/tanzzo.com\/sk\/wp-json\/wp\/v2\/media?parent=8309"}],"wp:term":[{"taxonomy":"product_cat","embeddable":true,"href":"https:\/\/tanzzo.com\/sk\/wp-json\/wp\/v2\/product_cat?post=8309"},{"taxonomy":"product_tag","embeddable":true,"href":"https:\/\/tanzzo.com\/sk\/wp-json\/wp\/v2\/product_tag?post=8309"}],"curies":[{"name":"wp","href":"https:\/\/api.w.org\/{rel}","templated":true}]}}