
{"id":7225,"date":"2022-06-06T13:37:51","date_gmt":"2022-06-06T11:37:51","guid":{"rendered":"https:\/\/tanzzo.com\/?post_type=product&#038;p=7225"},"modified":"2023-04-14T16:11:21","modified_gmt":"2023-04-14T14:11:21","slug":"tanning-cream-2","status":"publish","type":"product","link":"https:\/\/tanzzo.com\/sk\/product\/tanning-cream-2\/","title":{"rendered":"Kr\u00e9m pre r\u00fdchlej\u0161ie opa\u013eovanie &#8211; 200ml"},"content":{"rendered":"<div class=\"row row-collapse row-full-width\"  id=\"row-140548973\">\n\n\t<div id=\"col-1820533304\" class=\"col small-12 large-12\"  >\n\t\t\t\t<div class=\"col-inner\"  >\n\t\t\t\n\t\t\t\n<div class=\"row row-collapse row-full-width align-middle\"  id=\"row-1507359199\">\n\n\t<div id=\"col-1032050579\" class=\"col medium-6 small-12 large-8\"  >\n\t\t\t\t<div class=\"col-inner\"  >\n\t\t\t\n\t\t\t\n\n  <div class=\"banner has-hover\" id=\"banner-1612796484\">\n          <div class=\"banner-inner fill\">\n        <div class=\"banner-bg fill\" >\n            <div class=\"bg fill bg-fill \"><\/div>\n                                    \n                    <\/div>\n\t\t\n        <div class=\"banner-layers container\">\n            <div class=\"fill banner-link\"><\/div>            \n        <\/div>\n      <\/div>\n\n            \n<style>\n#banner-1612796484 {\n  padding-top: 200px;\n  background-color: rgb(245, 245, 245);\n}\n#banner-1612796484 .bg.bg-loaded {\n  background-image: url(https:\/\/tanzzo.com\/wp-content\/uploads\/2022\/04\/DSC_2873_20-_20new-1400x575.jpg);\n}\n#banner-1612796484 .bg {\n  background-position: 83% 66%;\n}\n#banner-1612796484 .ux-shape-divider--top svg {\n  height: 150px;\n  --divider-top-width: 100%;\n}\n#banner-1612796484 .ux-shape-divider--bottom svg {\n  height: 150px;\n  --divider-width: 100%;\n}\n@media (min-width:550px) {\n  #banner-1612796484 {\n    padding-top: 460px;\n  }\n}\n<\/style>\n  <\/div>\n\n\n\t\t<\/div>\n\t\t\t\t\t<\/div>\n\n\t\n\n\t<div id=\"col-1784639001\" class=\"col pb-0 medium-6 small-12 large-4\"  >\n\t\t\t\t<div class=\"col-inner\"  >\n\t\t\t\n\t\t\t\n<div class=\"row row-collapse\"  id=\"row-704186636\">\n\n\t<div id=\"col-164279773\" class=\"col pb-0 large-12\"  >\n\t\t\t\t<div class=\"col-inner text-left\" style=\"background-color:rgb(255,255,255);\" >\n\t\t\t\n\t\t\t\n<ul class=\"orange-dots\">\n<li>Rapid tanning<\/li>\n<li>Nourishing and moisturizing<\/li>\n<li>Maintaining a beautiful tan for a longer time<\/li>\n<li>Absorbing quickly into the skin and leaving no stains<\/li>\n<li>Light touch on the skin<\/li>\n<li>Tropically seductive smell<\/li>\n<\/ul>\n<a href=\"#price-box-container\" target=\"_self\" class=\"button primary is-large\"  >\n    <span>BUY NOW<\/span>\n  <\/a>\n\n\t\t<\/div>\n\t\t\t\t\n<style>\n#col-164279773 > .col-inner {\n  margin: 0px 0px 0px 0px;\n}\n@media (min-width:550px) {\n  #col-164279773 > .col-inner {\n    margin: 0px 0px 0px -30px;\n  }\n}\n@media (min-width:850px) {\n  #col-164279773 > .col-inner {\n    margin: 0px 30px 0px -30px;\n  }\n}\n<\/style>\n\t<\/div>\n\n\t\n\n<style>\n#row-704186636 > .col > .col-inner {\n  padding: 20px 20px 20px 20px;\n}\n@media (min-width:550px) {\n  #row-704186636 > .col > .col-inner {\n    padding: 40px 40px 40px 40px;\n  }\n}\n<\/style>\n<\/div>\n\t\t<\/div>\n\t\t\t\t\t<\/div>\n\n\t\n<\/div>\n\t\t<\/div>\n\t\t\t\t\t<\/div>\n\n\t\n\n<style>\n#row-140548973 > .col > .col-inner {\n  background-color: rgb(245, 245, 245);\n}\n<\/style>\n<\/div>\n\t<div id=\"gap-1714624018\" class=\"gap-element clearfix\" style=\"display:block; height:auto;\">\n\t\t\n<style>\n#gap-1714624018 {\n  padding-top: 30px;\n}\n@media (min-width:550px) {\n  #gap-1714624018 {\n    padding-top: 60px;\n  }\n}\n<\/style>\n\t<\/div>\n\t\n\t<section class=\"section product-reviews\" id=\"section_600049976\">\n\t\t<div class=\"bg section-bg fill bg-fill  bg-loaded\" >\n\n\t\t\t\n\t\t\t\n\t\t\t\n\n\t\t<\/div>\n\n\t\t\n\n\t\t<div class=\"section-content relative\">\n\t\t\t\n<div class=\"row rvs\"  id=\"row-13122069\">\n\n\t<div id=\"col-850479605\" class=\"col small-12 large-12\"  >\n\t\t\t\t<div class=\"col-inner\"  >\n\t\t\t\n\t\t\t\n<div class=\"row row-collapse\"  id=\"row-573163252\">\n\n\t<div id=\"col-273414223\" class=\"col medium-3 small-12 large-3\"  >\n\t\t\t\t<div class=\"col-inner\"  >\n\t\t\t\n\t\t\t\n<div class=\"is-divider divider clearfix\" style=\"margin-top:2em;margin-bottom:2em;max-width:100%;height:1px;background-color:rgb(0, 0, 0);\"><\/div>\n\t\t<\/div>\n\t\t\t\t\t<\/div>\n\n\t\n\n\t<div id=\"col-20983901\" class=\"col medium-6 small-12 large-6\"  >\n\t\t\t\t<div class=\"col-inner\"  >\n\t\t\t\n\t\t\t\n\t<div id=\"text-2913153920\" class=\"text\">\n\t\t\n<h2>Hodnotenia z\u00e1kazn\u00edkov<\/h2>\n\t\t\n<style>\n#text-2913153920 {\n  font-size: 1.6rem;\n  text-align: center;\n}\n<\/style>\n\t<\/div>\n\t\n\t\t<\/div>\n\t\t\t\t\t<\/div>\n\n\t\n\n\t<div id=\"col-515157666\" class=\"col medium-3 small-12 large-3\"  >\n\t\t\t\t<div class=\"col-inner\"  >\n\t\t\t\n\t\t\t\n<div class=\"is-divider divider clearfix\" style=\"margin-top:2em;margin-bottom:2em;max-width:100%;height:1px;background-color:rgb(0, 0, 0);\"><\/div>\n\t\t<\/div>\n\t\t\t\t\t<\/div>\n\n\t\n<\/div>\n\t<div id=\"gap-316698501\" class=\"gap-element clearfix\" style=\"display:block; height:auto;\">\n\t\t\n<style>\n#gap-316698501 {\n  padding-top: 30px;\n}\n<\/style>\n\t<\/div>\n\t\n\t\t<\/div>\n\t\t\t\t\t<\/div>\n\n\t\n\n\t<div id=\"col-1077189542\" class=\"col small-12 large-12\"  >\n\t\t\t\t<div class=\"col-inner\"  >\n\t\t\t\n\t\t\t\n<div class=\"row row-collapse align-bottom\"  id=\"row-552488833\">\n\n\t<div id=\"col-2134316602\" class=\"col medium-4 small-6 large-4\"  >\n\t\t\t\t<div class=\"col-inner\"  >\n\t\t\t\n\t\t\t\n\t<div id=\"text-2869168148\" class=\"text\">\n\t\t\n<div style=\"font-family: Light\">4.6 <span class=\"star-rating custom-rating\"><span style=\"width:92%\"><strong class=\"rating\"><\/strong><\/span><\/span><\/div><style>.float-left > .star-rating span:before, .float-left > .star-rating:before{ color: #f99c2e !important; }<\/style>\n\t\t\n<style>\n#text-2869168148 {\n  font-size: 1.5rem;\n}\n@media (min-width:550px) {\n  #text-2869168148 {\n    font-size: 2rem;\n  }\n}\n<\/style>\n\t<\/div>\n\t\n\t\t<\/div>\n\t\t\t\t\t<\/div>\n\n\t\n\n\t<div id=\"col-2116342833\" class=\"col hide-for-small medium-4 small-12 large-4\"  >\n\t\t\t\t<div class=\"col-inner\"  >\n\t\t\t\n\t\t\t\n\t\t<\/div>\n\t\t\t\t\t<\/div>\n\n\t\n\n\t<div id=\"col-1918859151\" class=\"col medium-4 small-6 large-4\"  >\n\t\t\t\t<div class=\"col-inner text-right\"  >\n\t\t\t\n\t\t\t\n\t<div id=\"text-1024470633\" class=\"text\">\n\t\t\n<span style=\"font-family: Light\">264 Reviews<\/span>\n\t\t\n<style>\n#text-1024470633 {\n  font-size: 1.2rem;\n}\n@media (min-width:550px) {\n  #text-1024470633 {\n    font-size: 1.5rem;\n  }\n}\n<\/style>\n\t<\/div>\n\t\n\t\t<\/div>\n\t\t\t\t\t<\/div>\n\n\t\n<\/div>\n\t<div id=\"gap-239831395\" class=\"gap-element clearfix\" style=\"display:block; height:auto;\">\n\t\t\n<style>\n#gap-239831395 {\n  padding-top: 10px;\n}\n@media (min-width:550px) {\n  #gap-239831395 {\n    padding-top: 30px;\n  }\n}\n<\/style>\n\t<\/div>\n\t\n\t\t<\/div>\n\t\t\t\t\t<\/div>\n\n\t\n\n\t<div id=\"col-377947177\" class=\"col small-12 large-12\"  >\n\t\t\t\t<div class=\"col-inner\"  >\n\t\t\t\n\t\t\t\n  <div class=\"icon-box testimonial-box icon-box-left text-left\">\n                <div class=\"icon-box-img testimonial-image circle\" style=\"width: 120px\">\n              <img loading=\"lazy\" decoding=\"async\" width=\"280\" height=\"280\" src=\"https:\/\/tanzzo.com\/wp-content\/uploads\/2021\/08\/Instagram-4-280x280.png\" class=\"attachment-thumbnail size-thumbnail\" alt=\"\" srcset=\"https:\/\/tanzzo.com\/wp-content\/uploads\/2021\/08\/Instagram-4-280x280.png 280w, https:\/\/tanzzo.com\/wp-content\/uploads\/2021\/08\/Instagram-4-100x100.png 100w, https:\/\/tanzzo.com\/wp-content\/uploads\/2021\/08\/Instagram-4.png 343w\" sizes=\"auto, (max-width: 280px) 100vw, 280px\" \/>        <\/div>\n                <div class=\"icon-box-text p-last-0\">\n          <div class=\"star-rating\"><span style=\"width:100%\"><strong class=\"rating\"><\/strong><\/span><\/div>  \t\t\t\t<div class=\"testimonial-text line-height-small italic test_text first-reset last-reset is-italic\">\n            \n<h3>Cathrine M. USA<\/h3>\n<p>I&#8217;ve tried many tanning creams and this\u00a0one is for sure the best one. Great results\u00a0and not to mention the smell. So good!<\/p>\n          <\/div>\n          <div class=\"testimonial-meta pt-half\">\n             <strong class=\"testimonial-name test_name\"><\/strong>\n                          <span class=\"testimonial-company test_company\"><\/span>\n          <\/div>\n        <\/div>\n  <\/div>\n\n  \n  <div class=\"icon-box testimonial-box icon-box-left text-left\">\n                <div class=\"icon-box-img testimonial-image circle\" style=\"width: 120px\">\n              <img loading=\"lazy\" decoding=\"async\" width=\"280\" height=\"280\" src=\"https:\/\/tanzzo.com\/wp-content\/uploads\/2022\/04\/smile-portrait-face-person-people-human-280x280.webp\" class=\"attachment-thumbnail size-thumbnail\" alt=\"\" srcset=\"https:\/\/tanzzo.com\/wp-content\/uploads\/2022\/04\/smile-portrait-face-person-people-human-280x280.webp 280w, https:\/\/tanzzo.com\/wp-content\/uploads\/2022\/04\/smile-portrait-face-person-people-human-100x100.webp 100w\" sizes=\"auto, (max-width: 280px) 100vw, 280px\" \/>        <\/div>\n                <div class=\"icon-box-text p-last-0\">\n          <div class=\"star-rating\"><span style=\"width:100%\"><strong class=\"rating\"><\/strong><\/span><\/div>  \t\t\t\t<div class=\"testimonial-text line-height-small italic test_text first-reset last-reset is-italic\">\n            \n<h3>Dolly E. USA<\/h3>\n<p>I just got Tanning cream and After Sun Cream and I can not wait to\u00a0try them. The smell is amazing!<\/p>\n          <\/div>\n          <div class=\"testimonial-meta pt-half\">\n             <strong class=\"testimonial-name test_name\"><\/strong>\n                          <span class=\"testimonial-company test_company\"><\/span>\n          <\/div>\n        <\/div>\n  <\/div>\n\n  \n  <div class=\"icon-box testimonial-box icon-box-left text-left\">\n                <div class=\"icon-box-img testimonial-image circle\" style=\"width: 120px\">\n              <img loading=\"lazy\" decoding=\"async\" width=\"166\" height=\"166\" src=\"https:\/\/tanzzo.com\/wp-content\/uploads\/2022\/04\/pexels-davide-de-giovanni-5762469-2@2x.png\" class=\"attachment-thumbnail size-thumbnail\" alt=\"\" srcset=\"https:\/\/tanzzo.com\/wp-content\/uploads\/2022\/04\/pexels-davide-de-giovanni-5762469-2@2x.png 166w, https:\/\/tanzzo.com\/wp-content\/uploads\/2022\/04\/pexels-davide-de-giovanni-5762469-2@2x-100x100.png 100w\" sizes=\"auto, (max-width: 166px) 100vw, 166px\" \/>        <\/div>\n                <div class=\"icon-box-text p-last-0\">\n          <div class=\"star-rating\"><span style=\"width:100%\"><strong class=\"rating\"><\/strong><\/span><\/div>  \t\t\t\t<div class=\"testimonial-text line-height-small italic test_text first-reset last-reset is-italic\">\n            \n<h3>Amanda D. USA<\/h3>\n<p>After sun exposure I look like a tomato.\u00a0My skin burns and peels like an onion. After Sun Cream really calms down my skin!<\/p>\n          <\/div>\n          <div class=\"testimonial-meta pt-half\">\n             <strong class=\"testimonial-name test_name\"><\/strong>\n                          <span class=\"testimonial-company test_company\"><\/span>\n          <\/div>\n        <\/div>\n  <\/div>\n\n  \n  <div class=\"icon-box testimonial-box icon-box-left text-left\">\n                <div class=\"icon-box-img testimonial-image circle\" style=\"width: 120px\">\n              <img loading=\"lazy\" decoding=\"async\" width=\"280\" height=\"280\" src=\"https:\/\/tanzzo.com\/wp-content\/uploads\/2021\/08\/Instagram-1-280x280.png\" class=\"attachment-thumbnail size-thumbnail\" alt=\"\" srcset=\"https:\/\/tanzzo.com\/wp-content\/uploads\/2021\/08\/Instagram-1-280x280.png 280w, https:\/\/tanzzo.com\/wp-content\/uploads\/2021\/08\/Instagram-1-100x100.png 100w, https:\/\/tanzzo.com\/wp-content\/uploads\/2021\/08\/Instagram-1.png 343w\" sizes=\"auto, (max-width: 280px) 100vw, 280px\" \/>        <\/div>\n                <div class=\"icon-box-text p-last-0\">\n          <div class=\"star-rating\"><span style=\"width:75%\"><strong class=\"rating\"><\/strong><\/span><\/div>  \t\t\t\t<div class=\"testimonial-text line-height-small italic test_text first-reset last-reset is-italic\">\n            \n<h3>Anna G. USA<\/h3>\n<p>I used Tanning cream for 3 days and I have never had that much tan in such short time. I will definitely\u00a0buy again!<\/p>\n          <\/div>\n          <div class=\"testimonial-meta pt-half\">\n             <strong class=\"testimonial-name test_name\"><\/strong>\n                          <span class=\"testimonial-company test_company\"><\/span>\n          <\/div>\n        <\/div>\n  <\/div>\n\n  \n  <div class=\"icon-box testimonial-box icon-box-left text-left\">\n                <div class=\"icon-box-img testimonial-image circle\" style=\"width: 120px\">\n              <img loading=\"lazy\" decoding=\"async\" width=\"280\" height=\"280\" src=\"https:\/\/tanzzo.com\/wp-content\/uploads\/2022\/04\/4892841_13051676-280x280.jpg\" class=\"attachment-thumbnail size-thumbnail\" alt=\"\" srcset=\"https:\/\/tanzzo.com\/wp-content\/uploads\/2022\/04\/4892841_13051676-280x280.jpg 280w, https:\/\/tanzzo.com\/wp-content\/uploads\/2022\/04\/4892841_13051676-100x100.jpg 100w, https:\/\/tanzzo.com\/wp-content\/uploads\/2022\/04\/4892841_13051676-510x510.jpg 510w, https:\/\/tanzzo.com\/wp-content\/uploads\/2022\/04\/4892841_13051676-400x400.jpg 400w, https:\/\/tanzzo.com\/wp-content\/uploads\/2022\/04\/4892841_13051676-800x800.jpg 800w, https:\/\/tanzzo.com\/wp-content\/uploads\/2022\/04\/4892841_13051676-768x768.jpg 768w, https:\/\/tanzzo.com\/wp-content\/uploads\/2022\/04\/4892841_13051676.jpg 1080w\" sizes=\"auto, (max-width: 280px) 100vw, 280px\" \/>        <\/div>\n                <div class=\"icon-box-text p-last-0\">\n          <div class=\"star-rating\"><span style=\"width:75%\"><strong class=\"rating\"><\/strong><\/span><\/div>  \t\t\t\t<div class=\"testimonial-text line-height-small italic test_text first-reset last-reset is-italic\">\n            \n<h3>Jessica M. USA<\/h3>\n<p>This is my third Tanzzo Tanning cream\u00a0and I can confidently say it is not the\u00a0last one. The smell is addicting and achieved tan is so flattering.<\/p>\n          <\/div>\n          <div class=\"testimonial-meta pt-half\">\n             <strong class=\"testimonial-name test_name\"><\/strong>\n                          <span class=\"testimonial-company test_company\"><\/span>\n          <\/div>\n        <\/div>\n  <\/div>\n\n  \n\t<div id=\"gap-1644661264\" class=\"gap-element clearfix\" style=\"display:block; height:auto;\">\n\t\t\n<style>\n#gap-1644661264 {\n  padding-top: 30px;\n}\n<\/style>\n\t<\/div>\n\t\n\t\t<\/div>\n\t\t\t\t\t<\/div>\n\n\t\n<\/div>\n\t\t<\/div>\n\n\t\t\n<style>\n#section_600049976 {\n  padding-top: 30px;\n  padding-bottom: 30px;\n}\n#section_600049976 .ux-shape-divider--top svg {\n  height: 150px;\n  --divider-top-width: 100%;\n}\n#section_600049976 .ux-shape-divider--bottom svg {\n  height: 150px;\n  --divider-width: 100%;\n}\n@media (min-width:850px) {\n  #section_600049976 {\n    padding-top: 100px;\n    padding-bottom: 100px;\n  }\n}\n<\/style>\n\t<\/section>\n\t\n","protected":false},"excerpt":{"rendered":"<p>Dovo\u013ete, aby sme v\u00e1m predstavili nepostr\u00e1date\u013en\u00e9ho pl\u00e1\u017eov\u00e9ho spolo\u010dn\u00edka pre dokonal\u00e9 op\u00e1lenie &#8220;n\u00e1vrat z dovolenky&#8220;!<\/p>\n<p>Tanzzo Tanning Cream bol \u0161peci\u00e1lne vyvinut\u00fd tak, aby ur\u00fdchlil v\u00e1\u0161 prirodzen\u00fd proces opa\u013eovania. Zabezpe\u010duje r\u00fdchlej\u0161ie a intenz\u00edvnej\u0161ie op\u00e1lenie, no z\u00e1rove\u0148 poskytuje poko\u017eke \u017eiviny a vlhkos\u0165. Starostlivo vybran\u00e9 ingrediencie pracuj\u00fa v harm\u00f3nii s va\u0161ou poko\u017ekou a vytv\u00e1raj\u00fa par\u00e1dne vyzeraj\u00face \u010dokol\u00e1dov\u00e9 op\u00e1lenie v kr\u00e1tkom \u010dase. Kakaov\u00e9 maslo a v\u00fd\u0165a\u017eok z kore\u0148a mrkvy boli tie\u017e zapracovan\u00e9 do n\u00e1\u0161ho Tanning Cream, aby udr\u017eali poko\u017eku jemn\u00fa a hydratovan\u00fa, zatia\u013e \u010do hypnotizuj\u00faca v\u00f4\u0148a v\u00e1s zavedie k naj\u00fa\u017easnej\u0161\u00edm letn\u00fdm chv\u00ed\u013eam a na slne\u010dnej\u0161ie miesta, kde nepotrebujete pas!<\/p>\n","protected":false},"featured_media":11872,"template":"","meta":[],"product_cat":[194],"product_tag":[],"class_list":["post-7225","product","type-product","status-publish","has-post-thumbnail","hentry","product_cat-uncategorized-sk"],"acf":[],"yoast_head":"<!-- This site is optimized with the Yoast SEO plugin v20.8 - https:\/\/yoast.com\/wordpress\/plugins\/seo\/ -->\n<title>Kr\u00e9m pre r\u00fdchlej\u0161ie opa\u013eovanie - 200ml - Tanzzo<\/title>\n<meta name=\"description\" content=\"Tanzzo kr\u00e9m na opa\u013eovanie zais\u0165uje r\u00fdchlej\u0161ie a intenz\u00edvnej\u0161ie op\u00e1lenie, no z\u00e1rove\u0148 poskytuje poko\u017eke \u017eiviny a vlhkos\u0165.\" \/>\n<meta name=\"robots\" content=\"index, follow, max-snippet:-1, max-image-preview:large, max-video-preview:-1\" \/>\n<link rel=\"canonical\" href=\"https:\/\/tanzzo.com\/sk\/product\/tanning-cream-2\/\" \/>\n<meta property=\"og:locale\" content=\"sk_SK\" \/>\n<meta property=\"og:type\" content=\"article\" \/>\n<meta property=\"og:title\" content=\"Kr\u00e9m pre r\u00fdchlej\u0161ie opa\u013eovanie - 200ml - Tanzzo\" \/>\n<meta property=\"og:description\" content=\"Tanzzo kr\u00e9m na opa\u013eovanie zais\u0165uje r\u00fdchlej\u0161ie a intenz\u00edvnej\u0161ie op\u00e1lenie, no z\u00e1rove\u0148 poskytuje poko\u017eke \u017eiviny a vlhkos\u0165.\" \/>\n<meta property=\"og:url\" content=\"https:\/\/tanzzo.com\/sk\/product\/tanning-cream-2\/\" \/>\n<meta property=\"og:site_name\" content=\"Tanzzo\" \/>\n<meta property=\"article:publisher\" content=\"https:\/\/www.facebook.com\/Tanzzzo\/\" \/>\n<meta property=\"article:modified_time\" content=\"2023-04-14T14:11:21+00:00\" \/>\n<meta property=\"og:image\" content=\"https:\/\/tanzzo.com\/wp-content\/uploads\/2022\/06\/tanning-cream-png.png\" \/>\n\t<meta property=\"og:image:width\" content=\"1080\" \/>\n\t<meta property=\"og:image:height\" content=\"1080\" \/>\n\t<meta property=\"og:image:type\" content=\"image\/png\" \/>\n<meta name=\"twitter:card\" content=\"summary_large_image\" \/>\n<meta name=\"twitter:label1\" content=\"Predpokladan\u00fd \u010das \u010d\u00edtania\" \/>\n\t<meta name=\"twitter:data1\" content=\"2 min\u00faty\" \/>\n<script type=\"application\/ld+json\" class=\"yoast-schema-graph\">{\"@context\":\"https:\/\/schema.org\",\"@graph\":[{\"@type\":\"WebPage\",\"@id\":\"https:\/\/tanzzo.com\/sk\/product\/tanning-cream-2\/\",\"url\":\"https:\/\/tanzzo.com\/sk\/product\/tanning-cream-2\/\",\"name\":\"Kr\u00e9m pre r\u00fdchlej\u0161ie opa\u013eovanie - 200ml - Tanzzo\",\"isPartOf\":{\"@id\":\"https:\/\/tanzzo.com\/sk\/#website\"},\"datePublished\":\"2022-06-06T11:37:51+00:00\",\"dateModified\":\"2023-04-14T14:11:21+00:00\",\"description\":\"Tanzzo kr\u00e9m na opa\u013eovanie zais\u0165uje r\u00fdchlej\u0161ie a intenz\u00edvnej\u0161ie op\u00e1lenie, no z\u00e1rove\u0148 poskytuje poko\u017eke \u017eiviny a vlhkos\u0165.\",\"breadcrumb\":{\"@id\":\"https:\/\/tanzzo.com\/sk\/product\/tanning-cream-2\/#breadcrumb\"},\"inLanguage\":\"sk-SK\",\"potentialAction\":[{\"@type\":\"ReadAction\",\"target\":[\"https:\/\/tanzzo.com\/sk\/product\/tanning-cream-2\/\"]}]},{\"@type\":\"BreadcrumbList\",\"@id\":\"https:\/\/tanzzo.com\/sk\/product\/tanning-cream-2\/#breadcrumb\",\"itemListElement\":[{\"@type\":\"ListItem\",\"position\":1,\"name\":\"Home\",\"item\":\"https:\/\/tanzzo.com\/sk\/\"},{\"@type\":\"ListItem\",\"position\":2,\"name\":\"Nakupuj teraz\",\"item\":\"https:\/\/tanzzo.com\/sk\/nakupuj-teraz\/\"},{\"@type\":\"ListItem\",\"position\":3,\"name\":\"Kr\u00e9m pre r\u00fdchlej\u0161ie opa\u013eovanie &#8211; 200ml\"}]},{\"@type\":\"WebSite\",\"@id\":\"https:\/\/tanzzo.com\/sk\/#website\",\"url\":\"https:\/\/tanzzo.com\/sk\/\",\"name\":\"Tanzzo\",\"description\":\"GET YOUR PERFECT TAN\",\"publisher\":{\"@id\":\"https:\/\/tanzzo.com\/sk\/#organization\"},\"potentialAction\":[{\"@type\":\"SearchAction\",\"target\":{\"@type\":\"EntryPoint\",\"urlTemplate\":\"https:\/\/tanzzo.com\/sk\/?s={search_term_string}\"},\"query-input\":\"required name=search_term_string\"}],\"inLanguage\":\"sk-SK\"},{\"@type\":\"Organization\",\"@id\":\"https:\/\/tanzzo.com\/sk\/#organization\",\"name\":\"Tanzzo\",\"url\":\"https:\/\/tanzzo.com\/sk\/\",\"logo\":{\"@type\":\"ImageObject\",\"inLanguage\":\"sk-SK\",\"@id\":\"https:\/\/tanzzo.com\/sk\/#\/schema\/logo\/image\/\",\"url\":\"https:\/\/tanzzo.com\/wp-content\/uploads\/2021\/08\/tanzzo1.png\",\"contentUrl\":\"https:\/\/tanzzo.com\/wp-content\/uploads\/2021\/08\/tanzzo1.png\",\"width\":2560,\"height\":426,\"caption\":\"Tanzzo\"},\"image\":{\"@id\":\"https:\/\/tanzzo.com\/sk\/#\/schema\/logo\/image\/\"},\"sameAs\":[\"https:\/\/www.facebook.com\/Tanzzzo\/\",\"https:\/\/www.instagram.com\/tanzzo_original\/\"]}]}<\/script>\n<!-- \/ Yoast SEO plugin. -->","yoast_head_json":{"title":"Kr\u00e9m pre r\u00fdchlej\u0161ie opa\u013eovanie - 200ml - Tanzzo","description":"Tanzzo kr\u00e9m na opa\u013eovanie zais\u0165uje r\u00fdchlej\u0161ie a intenz\u00edvnej\u0161ie op\u00e1lenie, no z\u00e1rove\u0148 poskytuje poko\u017eke \u017eiviny a vlhkos\u0165.","robots":{"index":"index","follow":"follow","max-snippet":"max-snippet:-1","max-image-preview":"max-image-preview:large","max-video-preview":"max-video-preview:-1"},"canonical":"https:\/\/tanzzo.com\/sk\/product\/tanning-cream-2\/","og_locale":"sk_SK","og_type":"article","og_title":"Kr\u00e9m pre r\u00fdchlej\u0161ie opa\u013eovanie - 200ml - Tanzzo","og_description":"Tanzzo kr\u00e9m na opa\u013eovanie zais\u0165uje r\u00fdchlej\u0161ie a intenz\u00edvnej\u0161ie op\u00e1lenie, no z\u00e1rove\u0148 poskytuje poko\u017eke \u017eiviny a vlhkos\u0165.","og_url":"https:\/\/tanzzo.com\/sk\/product\/tanning-cream-2\/","og_site_name":"Tanzzo","article_publisher":"https:\/\/www.facebook.com\/Tanzzzo\/","article_modified_time":"2023-04-14T14:11:21+00:00","og_image":[{"width":1080,"height":1080,"url":"https:\/\/tanzzo.com\/wp-content\/uploads\/2022\/06\/tanning-cream-png.png","type":"image\/png"}],"twitter_card":"summary_large_image","twitter_misc":{"Predpokladan\u00fd \u010das \u010d\u00edtania":"2 min\u00faty"},"schema":{"@context":"https:\/\/schema.org","@graph":[{"@type":"WebPage","@id":"https:\/\/tanzzo.com\/sk\/product\/tanning-cream-2\/","url":"https:\/\/tanzzo.com\/sk\/product\/tanning-cream-2\/","name":"Kr\u00e9m pre r\u00fdchlej\u0161ie opa\u013eovanie - 200ml - Tanzzo","isPartOf":{"@id":"https:\/\/tanzzo.com\/sk\/#website"},"datePublished":"2022-06-06T11:37:51+00:00","dateModified":"2023-04-14T14:11:21+00:00","description":"Tanzzo kr\u00e9m na opa\u013eovanie zais\u0165uje r\u00fdchlej\u0161ie a intenz\u00edvnej\u0161ie op\u00e1lenie, no z\u00e1rove\u0148 poskytuje poko\u017eke \u017eiviny a vlhkos\u0165.","breadcrumb":{"@id":"https:\/\/tanzzo.com\/sk\/product\/tanning-cream-2\/#breadcrumb"},"inLanguage":"sk-SK","potentialAction":[{"@type":"ReadAction","target":["https:\/\/tanzzo.com\/sk\/product\/tanning-cream-2\/"]}]},{"@type":"BreadcrumbList","@id":"https:\/\/tanzzo.com\/sk\/product\/tanning-cream-2\/#breadcrumb","itemListElement":[{"@type":"ListItem","position":1,"name":"Home","item":"https:\/\/tanzzo.com\/sk\/"},{"@type":"ListItem","position":2,"name":"Nakupuj teraz","item":"https:\/\/tanzzo.com\/sk\/nakupuj-teraz\/"},{"@type":"ListItem","position":3,"name":"Kr\u00e9m pre r\u00fdchlej\u0161ie opa\u013eovanie &#8211; 200ml"}]},{"@type":"WebSite","@id":"https:\/\/tanzzo.com\/sk\/#website","url":"https:\/\/tanzzo.com\/sk\/","name":"Tanzzo","description":"GET YOUR PERFECT TAN","publisher":{"@id":"https:\/\/tanzzo.com\/sk\/#organization"},"potentialAction":[{"@type":"SearchAction","target":{"@type":"EntryPoint","urlTemplate":"https:\/\/tanzzo.com\/sk\/?s={search_term_string}"},"query-input":"required name=search_term_string"}],"inLanguage":"sk-SK"},{"@type":"Organization","@id":"https:\/\/tanzzo.com\/sk\/#organization","name":"Tanzzo","url":"https:\/\/tanzzo.com\/sk\/","logo":{"@type":"ImageObject","inLanguage":"sk-SK","@id":"https:\/\/tanzzo.com\/sk\/#\/schema\/logo\/image\/","url":"https:\/\/tanzzo.com\/wp-content\/uploads\/2021\/08\/tanzzo1.png","contentUrl":"https:\/\/tanzzo.com\/wp-content\/uploads\/2021\/08\/tanzzo1.png","width":2560,"height":426,"caption":"Tanzzo"},"image":{"@id":"https:\/\/tanzzo.com\/sk\/#\/schema\/logo\/image\/"},"sameAs":["https:\/\/www.facebook.com\/Tanzzzo\/","https:\/\/www.instagram.com\/tanzzo_original\/"]}]}},"_links":{"self":[{"href":"https:\/\/tanzzo.com\/sk\/wp-json\/wp\/v2\/product\/7225","targetHints":{"allow":["GET"]}}],"collection":[{"href":"https:\/\/tanzzo.com\/sk\/wp-json\/wp\/v2\/product"}],"about":[{"href":"https:\/\/tanzzo.com\/sk\/wp-json\/wp\/v2\/types\/product"}],"wp:featuredmedia":[{"embeddable":true,"href":"https:\/\/tanzzo.com\/sk\/wp-json\/wp\/v2\/media\/11872"}],"wp:attachment":[{"href":"https:\/\/tanzzo.com\/sk\/wp-json\/wp\/v2\/media?parent=7225"}],"wp:term":[{"taxonomy":"product_cat","embeddable":true,"href":"https:\/\/tanzzo.com\/sk\/wp-json\/wp\/v2\/product_cat?post=7225"},{"taxonomy":"product_tag","embeddable":true,"href":"https:\/\/tanzzo.com\/sk\/wp-json\/wp\/v2\/product_tag?post=7225"}],"curies":[{"name":"wp","href":"https:\/\/api.w.org\/{rel}","templated":true}]}}