
{"id":2651,"date":"2021-08-09T08:07:39","date_gmt":"2022-04-13T06:40:46","guid":{"rendered":"https:\/\/tanzzo.com\/?post_type=product&#038;p=2651"},"modified":"2023-06-06T12:06:42","modified_gmt":"2023-06-06T10:06:42","slug":"tanning-cream","status":"publish","type":"product","link":"https:\/\/tanzzo.com\/sk\/product\/tanning-cream\/","title":{"rendered":"Kr\u00e9m pre r\u00fdchlej\u0161ie opa\u013eovanie &#8211; 200ml"},"content":{"rendered":"<div class=\"row row-collapse row-full-width\"  id=\"row-1926953566\">\n\n\t<div id=\"col-1681097186\" class=\"col small-12 large-12\"  >\n\t\t\t\t<div class=\"col-inner\"  >\n\t\t\t\n\t\t\t\n\n\t\t<\/div>\n\t\t\t\t\t<\/div>\n\n\t\n\n<style>\n#row-1926953566 > .col > .col-inner {\n  background-color: rgb(245, 245, 245);\n}\n<\/style>\n<\/div>\n\n","protected":false},"excerpt":{"rendered":"<p><span><strong>N\u00e1\u0161 revolu\u010dn\u00fd opa\u013eovac\u00ed kr\u00e9m maximalizuje va\u0161e op\u00e1lenie \u2013 \u010di u\u017e zo slnka alebo sol\u00e1ria.<\/strong><\/span><\/p>\n<ul class=\"orange-dots\">\n<li><b>ur\u00fdch\u013euje opa\u013eovanie<\/b><\/li>\n<li><strong>poko\u017eku hydratuje a vy\u017eivuje<\/strong><\/li>\n<li><strong>r\u00fdchlo sa vstreb\u00e1va a nezanech\u00e1va \u0161kvrny<\/strong><\/li>\n<li><strong>v\u00f4\u0148a tropick\u00e9ho raja<\/strong><\/li>\n<\/ul>\n<p><span>TANZZO je tu, aby zlep\u0161ilo v\u00e1\u0161 z\u00e1\u017eitok z opa\u013eovania. Pripravte sa za\u017eiari\u0165 a nechajte tento posil\u0148ova\u010d opa\u013eovania, aby v\u00e1m pomohol z\u00edska\u0165 ten \u017eiariv\u00fd letn\u00fd vzh\u013ead, ktor\u00fd zap\u00f4sob\u00ed na \u00faplne ka\u017ed\u00e9ho!<\/span><\/p>\n","protected":false},"featured_media":11872,"template":"","meta":[],"product_cat":[194],"product_tag":[],"class_list":["post-2651","product","type-product","status-publish","has-post-thumbnail","hentry","product_cat-uncategorized-sk"],"acf":[],"yoast_head":"<!-- This site is optimized with the Yoast SEO plugin v20.8 - https:\/\/yoast.com\/wordpress\/plugins\/seo\/ -->\n<title>Kr\u00e9m pre r\u00fdchlej\u0161ie opa\u013eovanie - 200ml - Tanzzo<\/title>\n<meta name=\"description\" content=\"Tanzzo kr\u00e9m na opa\u013eovanie zais\u0165uje r\u00fdchlej\u0161ie a intenz\u00edvnej\u0161ie op\u00e1lenie, no z\u00e1rove\u0148 poskytuje poko\u017eke \u017eiviny a vlhkos\u0165.\" \/>\n<meta name=\"robots\" content=\"index, follow, max-snippet:-1, max-image-preview:large, max-video-preview:-1\" \/>\n<link rel=\"canonical\" href=\"https:\/\/tanzzo.com\/sk\/product\/tanning-cream\/\" \/>\n<meta property=\"og:locale\" content=\"sk_SK\" \/>\n<meta property=\"og:type\" content=\"article\" \/>\n<meta property=\"og:title\" content=\"Kr\u00e9m pre r\u00fdchlej\u0161ie opa\u013eovanie - 200ml - Tanzzo\" \/>\n<meta property=\"og:description\" content=\"Tanzzo kr\u00e9m na opa\u013eovanie zais\u0165uje r\u00fdchlej\u0161ie a intenz\u00edvnej\u0161ie op\u00e1lenie, no z\u00e1rove\u0148 poskytuje poko\u017eke \u017eiviny a vlhkos\u0165.\" \/>\n<meta property=\"og:url\" content=\"https:\/\/tanzzo.com\/sk\/product\/tanning-cream\/\" \/>\n<meta property=\"og:site_name\" content=\"Tanzzo\" \/>\n<meta property=\"article:publisher\" content=\"https:\/\/www.facebook.com\/Tanzzzo\/\" \/>\n<meta property=\"article:modified_time\" content=\"2023-06-06T10:06:42+00:00\" \/>\n<meta property=\"og:image\" content=\"https:\/\/tanzzo.com\/wp-content\/uploads\/2022\/06\/tanning-cream-png.png\" \/>\n\t<meta property=\"og:image:width\" content=\"1080\" \/>\n\t<meta property=\"og:image:height\" content=\"1080\" \/>\n\t<meta property=\"og:image:type\" content=\"image\/png\" \/>\n<meta name=\"twitter:card\" content=\"summary_large_image\" \/>\n<meta name=\"twitter:label1\" content=\"Predpokladan\u00fd \u010das \u010d\u00edtania\" \/>\n\t<meta name=\"twitter:data1\" content=\"2 min\u00faty\" \/>\n<script type=\"application\/ld+json\" class=\"yoast-schema-graph\">{\"@context\":\"https:\/\/schema.org\",\"@graph\":[{\"@type\":\"WebPage\",\"@id\":\"https:\/\/tanzzo.com\/sk\/product\/tanning-cream\/\",\"url\":\"https:\/\/tanzzo.com\/sk\/product\/tanning-cream\/\",\"name\":\"Kr\u00e9m pre r\u00fdchlej\u0161ie opa\u013eovanie - 200ml - Tanzzo\",\"isPartOf\":{\"@id\":\"https:\/\/tanzzo.com\/sk\/#website\"},\"datePublished\":\"2022-04-13T06:40:46+00:00\",\"dateModified\":\"2023-06-06T10:06:42+00:00\",\"description\":\"Tanzzo kr\u00e9m na opa\u013eovanie zais\u0165uje r\u00fdchlej\u0161ie a intenz\u00edvnej\u0161ie op\u00e1lenie, no z\u00e1rove\u0148 poskytuje poko\u017eke \u017eiviny a vlhkos\u0165.\",\"breadcrumb\":{\"@id\":\"https:\/\/tanzzo.com\/sk\/product\/tanning-cream\/#breadcrumb\"},\"inLanguage\":\"sk-SK\",\"potentialAction\":[{\"@type\":\"ReadAction\",\"target\":[\"https:\/\/tanzzo.com\/sk\/product\/tanning-cream\/\"]}]},{\"@type\":\"BreadcrumbList\",\"@id\":\"https:\/\/tanzzo.com\/sk\/product\/tanning-cream\/#breadcrumb\",\"itemListElement\":[{\"@type\":\"ListItem\",\"position\":1,\"name\":\"Home\",\"item\":\"https:\/\/tanzzo.com\/sk\/\"},{\"@type\":\"ListItem\",\"position\":2,\"name\":\"Nakupuj teraz\",\"item\":\"https:\/\/tanzzo.com\/sk\/nakupuj-teraz\/\"},{\"@type\":\"ListItem\",\"position\":3,\"name\":\"Kr\u00e9m pre r\u00fdchlej\u0161ie opa\u013eovanie &#8211; 200ml\"}]},{\"@type\":\"WebSite\",\"@id\":\"https:\/\/tanzzo.com\/sk\/#website\",\"url\":\"https:\/\/tanzzo.com\/sk\/\",\"name\":\"Tanzzo\",\"description\":\"GET YOUR PERFECT TAN\",\"publisher\":{\"@id\":\"https:\/\/tanzzo.com\/sk\/#organization\"},\"potentialAction\":[{\"@type\":\"SearchAction\",\"target\":{\"@type\":\"EntryPoint\",\"urlTemplate\":\"https:\/\/tanzzo.com\/sk\/?s={search_term_string}\"},\"query-input\":\"required name=search_term_string\"}],\"inLanguage\":\"sk-SK\"},{\"@type\":\"Organization\",\"@id\":\"https:\/\/tanzzo.com\/sk\/#organization\",\"name\":\"Tanzzo\",\"url\":\"https:\/\/tanzzo.com\/sk\/\",\"logo\":{\"@type\":\"ImageObject\",\"inLanguage\":\"sk-SK\",\"@id\":\"https:\/\/tanzzo.com\/sk\/#\/schema\/logo\/image\/\",\"url\":\"https:\/\/tanzzo.com\/wp-content\/uploads\/2021\/08\/tanzzo1.png\",\"contentUrl\":\"https:\/\/tanzzo.com\/wp-content\/uploads\/2021\/08\/tanzzo1.png\",\"width\":2560,\"height\":426,\"caption\":\"Tanzzo\"},\"image\":{\"@id\":\"https:\/\/tanzzo.com\/sk\/#\/schema\/logo\/image\/\"},\"sameAs\":[\"https:\/\/www.facebook.com\/Tanzzzo\/\",\"https:\/\/www.instagram.com\/tanzzo_original\/\"]}]}<\/script>\n<!-- \/ Yoast SEO plugin. -->","yoast_head_json":{"title":"Kr\u00e9m pre r\u00fdchlej\u0161ie opa\u013eovanie - 200ml - Tanzzo","description":"Tanzzo kr\u00e9m na opa\u013eovanie zais\u0165uje r\u00fdchlej\u0161ie a intenz\u00edvnej\u0161ie op\u00e1lenie, no z\u00e1rove\u0148 poskytuje poko\u017eke \u017eiviny a vlhkos\u0165.","robots":{"index":"index","follow":"follow","max-snippet":"max-snippet:-1","max-image-preview":"max-image-preview:large","max-video-preview":"max-video-preview:-1"},"canonical":"https:\/\/tanzzo.com\/sk\/product\/tanning-cream\/","og_locale":"sk_SK","og_type":"article","og_title":"Kr\u00e9m pre r\u00fdchlej\u0161ie opa\u013eovanie - 200ml - Tanzzo","og_description":"Tanzzo kr\u00e9m na opa\u013eovanie zais\u0165uje r\u00fdchlej\u0161ie a intenz\u00edvnej\u0161ie op\u00e1lenie, no z\u00e1rove\u0148 poskytuje poko\u017eke \u017eiviny a vlhkos\u0165.","og_url":"https:\/\/tanzzo.com\/sk\/product\/tanning-cream\/","og_site_name":"Tanzzo","article_publisher":"https:\/\/www.facebook.com\/Tanzzzo\/","article_modified_time":"2023-06-06T10:06:42+00:00","og_image":[{"width":1080,"height":1080,"url":"https:\/\/tanzzo.com\/wp-content\/uploads\/2022\/06\/tanning-cream-png.png","type":"image\/png"}],"twitter_card":"summary_large_image","twitter_misc":{"Predpokladan\u00fd \u010das \u010d\u00edtania":"2 min\u00faty"},"schema":{"@context":"https:\/\/schema.org","@graph":[{"@type":"WebPage","@id":"https:\/\/tanzzo.com\/sk\/product\/tanning-cream\/","url":"https:\/\/tanzzo.com\/sk\/product\/tanning-cream\/","name":"Kr\u00e9m pre r\u00fdchlej\u0161ie opa\u013eovanie - 200ml - Tanzzo","isPartOf":{"@id":"https:\/\/tanzzo.com\/sk\/#website"},"datePublished":"2022-04-13T06:40:46+00:00","dateModified":"2023-06-06T10:06:42+00:00","description":"Tanzzo kr\u00e9m na opa\u013eovanie zais\u0165uje r\u00fdchlej\u0161ie a intenz\u00edvnej\u0161ie op\u00e1lenie, no z\u00e1rove\u0148 poskytuje poko\u017eke \u017eiviny a vlhkos\u0165.","breadcrumb":{"@id":"https:\/\/tanzzo.com\/sk\/product\/tanning-cream\/#breadcrumb"},"inLanguage":"sk-SK","potentialAction":[{"@type":"ReadAction","target":["https:\/\/tanzzo.com\/sk\/product\/tanning-cream\/"]}]},{"@type":"BreadcrumbList","@id":"https:\/\/tanzzo.com\/sk\/product\/tanning-cream\/#breadcrumb","itemListElement":[{"@type":"ListItem","position":1,"name":"Home","item":"https:\/\/tanzzo.com\/sk\/"},{"@type":"ListItem","position":2,"name":"Nakupuj teraz","item":"https:\/\/tanzzo.com\/sk\/nakupuj-teraz\/"},{"@type":"ListItem","position":3,"name":"Kr\u00e9m pre r\u00fdchlej\u0161ie opa\u013eovanie &#8211; 200ml"}]},{"@type":"WebSite","@id":"https:\/\/tanzzo.com\/sk\/#website","url":"https:\/\/tanzzo.com\/sk\/","name":"Tanzzo","description":"GET YOUR PERFECT TAN","publisher":{"@id":"https:\/\/tanzzo.com\/sk\/#organization"},"potentialAction":[{"@type":"SearchAction","target":{"@type":"EntryPoint","urlTemplate":"https:\/\/tanzzo.com\/sk\/?s={search_term_string}"},"query-input":"required name=search_term_string"}],"inLanguage":"sk-SK"},{"@type":"Organization","@id":"https:\/\/tanzzo.com\/sk\/#organization","name":"Tanzzo","url":"https:\/\/tanzzo.com\/sk\/","logo":{"@type":"ImageObject","inLanguage":"sk-SK","@id":"https:\/\/tanzzo.com\/sk\/#\/schema\/logo\/image\/","url":"https:\/\/tanzzo.com\/wp-content\/uploads\/2021\/08\/tanzzo1.png","contentUrl":"https:\/\/tanzzo.com\/wp-content\/uploads\/2021\/08\/tanzzo1.png","width":2560,"height":426,"caption":"Tanzzo"},"image":{"@id":"https:\/\/tanzzo.com\/sk\/#\/schema\/logo\/image\/"},"sameAs":["https:\/\/www.facebook.com\/Tanzzzo\/","https:\/\/www.instagram.com\/tanzzo_original\/"]}]}},"_links":{"self":[{"href":"https:\/\/tanzzo.com\/sk\/wp-json\/wp\/v2\/product\/2651","targetHints":{"allow":["GET"]}}],"collection":[{"href":"https:\/\/tanzzo.com\/sk\/wp-json\/wp\/v2\/product"}],"about":[{"href":"https:\/\/tanzzo.com\/sk\/wp-json\/wp\/v2\/types\/product"}],"wp:featuredmedia":[{"embeddable":true,"href":"https:\/\/tanzzo.com\/sk\/wp-json\/wp\/v2\/media\/11872"}],"wp:attachment":[{"href":"https:\/\/tanzzo.com\/sk\/wp-json\/wp\/v2\/media?parent=2651"}],"wp:term":[{"taxonomy":"product_cat","embeddable":true,"href":"https:\/\/tanzzo.com\/sk\/wp-json\/wp\/v2\/product_cat?post=2651"},{"taxonomy":"product_tag","embeddable":true,"href":"https:\/\/tanzzo.com\/sk\/wp-json\/wp\/v2\/product_tag?post=2651"}],"curies":[{"name":"wp","href":"https:\/\/api.w.org\/{rel}","templated":true}]}}