
{"id":13343,"date":"2022-07-14T14:23:52","date_gmt":"2022-07-14T12:23:52","guid":{"rendered":"https:\/\/tanzzo.com\/product\/glow-in-the-dark\/"},"modified":"2022-07-15T07:55:36","modified_gmt":"2022-07-15T05:55:36","slug":"glow-in-the-dark","status":"publish","type":"product","link":"https:\/\/tanzzo.com\/sk\/product\/glow-in-the-dark\/","title":{"rendered":"Glow in the dark"},"content":{"rendered":"","protected":false},"excerpt":{"rendered":"<p>Prevezmite \u00fapln\u00fa kontrolu nad svojou \u017eiarivou poko\u017ekou s na\u0161\u00edm bal\u00ed\u010dkom Glow in the dark! Tento \u00fa\u017easn\u00fd bal\u00ed\u010dek sme vyvinuli pre kr\u00e1sky, ktor\u00e9 chc\u00fa ma\u0165 dokonale \u017eiariv\u00fa poko\u017eku aj v tme.<br \/>\n\u013dahk\u00fd opa\u013eovac\u00ed olej upokojuje, vyhladzuje a h\u013abkovo hydratuje va\u0161u poko\u017eku, pri\u010dom dosiahnete prirodzen\u00e9 op\u00e1lenie. Potom nasleduje kr\u00e9m po opa\u013eovan\u00ed, ktor\u00fd udr\u017e\u00ed va\u0161e prirodzen\u00e9 op\u00e1lenie a hlboko hydratuje va\u0161u poko\u017eku. \u010ealej je tu n\u00e1\u0161 najnov\u0161\u00ed a naj\u017eiarivej\u0161\u00ed bronzer pre efekt \u017eiarivej poko\u017eky v tme! Ve\u010f kto nem\u00e1 r\u00e1d trblietky?<br \/>\nTeraz si \u013eahnite a uvo\u013enite sa, prin\u00e1\u0161ame tropick\u00e9 dovolenkov\u00e9 vibr\u00e1cie na va\u0161u poko\u017eku.<\/p>\n","protected":false},"featured_media":13283,"template":"","meta":[],"product_cat":[194],"product_tag":[],"class_list":["post-13343","product","type-product","status-publish","has-post-thumbnail","hentry","product_cat-uncategorized-sk"],"acf":[],"yoast_head":"<!-- This site is optimized with the Yoast SEO plugin v20.8 - https:\/\/yoast.com\/wordpress\/plugins\/seo\/ -->\n<title>Glow in the dark - Tanzzo<\/title>\n<meta name=\"robots\" content=\"index, follow, max-snippet:-1, max-image-preview:large, max-video-preview:-1\" \/>\n<link rel=\"canonical\" href=\"https:\/\/tanzzo.com\/sk\/product\/glow-in-the-dark\/\" \/>\n<meta property=\"og:locale\" content=\"sk_SK\" \/>\n<meta property=\"og:type\" content=\"article\" \/>\n<meta property=\"og:title\" content=\"Glow in the dark - Tanzzo\" \/>\n<meta property=\"og:description\" content=\"Prevezmite \u00fapln\u00fa kontrolu nad svojou \u017eiarivou poko\u017ekou s na\u0161\u00edm bal\u00ed\u010dkom Glow in the dark! Tento \u00fa\u017easn\u00fd bal\u00ed\u010dek sme vyvinuli pre kr\u00e1sky, ktor\u00e9 chc\u00fa ma\u0165 dokonale \u017eiariv\u00fa poko\u017eku aj v tme. \u013dahk\u00fd opa\u013eovac\u00ed olej upokojuje, vyhladzuje a h\u013abkovo hydratuje va\u0161u poko\u017eku, pri\u010dom dosiahnete prirodzen\u00e9 op\u00e1lenie. Potom nasleduje kr\u00e9m po opa\u013eovan\u00ed, ktor\u00fd udr\u017e\u00ed va\u0161e prirodzen\u00e9 op\u00e1lenie a hlboko hydratuje va\u0161u poko\u017eku. \u010ealej je tu n\u00e1\u0161 najnov\u0161\u00ed a naj\u017eiarivej\u0161\u00ed bronzer pre efekt \u017eiarivej poko\u017eky v tme! Ve\u010f kto nem\u00e1 r\u00e1d trblietky? Teraz si \u013eahnite a uvo\u013enite sa, prin\u00e1\u0161ame tropick\u00e9 dovolenkov\u00e9 vibr\u00e1cie na va\u0161u poko\u017eku.\" \/>\n<meta property=\"og:url\" content=\"https:\/\/tanzzo.com\/sk\/product\/glow-in-the-dark\/\" \/>\n<meta property=\"og:site_name\" content=\"Tanzzo\" \/>\n<meta property=\"article:publisher\" content=\"https:\/\/www.facebook.com\/Tanzzzo\/\" \/>\n<meta property=\"article:modified_time\" content=\"2022-07-15T05:55:36+00:00\" \/>\n<meta property=\"og:image\" content=\"https:\/\/tanzzo.com\/wp-content\/uploads\/2022\/07\/4.png\" \/>\n\t<meta property=\"og:image:width\" content=\"1080\" \/>\n\t<meta property=\"og:image:height\" content=\"1080\" \/>\n\t<meta property=\"og:image:type\" content=\"image\/png\" \/>\n<meta name=\"twitter:card\" content=\"summary_large_image\" \/>\n<script type=\"application\/ld+json\" class=\"yoast-schema-graph\">{\"@context\":\"https:\/\/schema.org\",\"@graph\":[{\"@type\":\"WebPage\",\"@id\":\"https:\/\/tanzzo.com\/sk\/product\/glow-in-the-dark\/\",\"url\":\"https:\/\/tanzzo.com\/sk\/product\/glow-in-the-dark\/\",\"name\":\"Glow in the dark - Tanzzo\",\"isPartOf\":{\"@id\":\"https:\/\/tanzzo.com\/sk\/#website\"},\"datePublished\":\"2022-07-14T12:23:52+00:00\",\"dateModified\":\"2022-07-15T05:55:36+00:00\",\"breadcrumb\":{\"@id\":\"https:\/\/tanzzo.com\/sk\/product\/glow-in-the-dark\/#breadcrumb\"},\"inLanguage\":\"sk-SK\",\"potentialAction\":[{\"@type\":\"ReadAction\",\"target\":[\"https:\/\/tanzzo.com\/sk\/product\/glow-in-the-dark\/\"]}]},{\"@type\":\"BreadcrumbList\",\"@id\":\"https:\/\/tanzzo.com\/sk\/product\/glow-in-the-dark\/#breadcrumb\",\"itemListElement\":[{\"@type\":\"ListItem\",\"position\":1,\"name\":\"Home\",\"item\":\"https:\/\/tanzzo.com\/sk\/\"},{\"@type\":\"ListItem\",\"position\":2,\"name\":\"Nakupuj teraz\",\"item\":\"https:\/\/tanzzo.com\/sk\/nakupuj-teraz\/\"},{\"@type\":\"ListItem\",\"position\":3,\"name\":\"Glow in the dark\"}]},{\"@type\":\"WebSite\",\"@id\":\"https:\/\/tanzzo.com\/sk\/#website\",\"url\":\"https:\/\/tanzzo.com\/sk\/\",\"name\":\"Tanzzo\",\"description\":\"GET YOUR PERFECT TAN\",\"publisher\":{\"@id\":\"https:\/\/tanzzo.com\/sk\/#organization\"},\"potentialAction\":[{\"@type\":\"SearchAction\",\"target\":{\"@type\":\"EntryPoint\",\"urlTemplate\":\"https:\/\/tanzzo.com\/sk\/?s={search_term_string}\"},\"query-input\":\"required name=search_term_string\"}],\"inLanguage\":\"sk-SK\"},{\"@type\":\"Organization\",\"@id\":\"https:\/\/tanzzo.com\/sk\/#organization\",\"name\":\"Tanzzo\",\"url\":\"https:\/\/tanzzo.com\/sk\/\",\"logo\":{\"@type\":\"ImageObject\",\"inLanguage\":\"sk-SK\",\"@id\":\"https:\/\/tanzzo.com\/sk\/#\/schema\/logo\/image\/\",\"url\":\"https:\/\/tanzzo.com\/wp-content\/uploads\/2021\/08\/tanzzo1.png\",\"contentUrl\":\"https:\/\/tanzzo.com\/wp-content\/uploads\/2021\/08\/tanzzo1.png\",\"width\":2560,\"height\":426,\"caption\":\"Tanzzo\"},\"image\":{\"@id\":\"https:\/\/tanzzo.com\/sk\/#\/schema\/logo\/image\/\"},\"sameAs\":[\"https:\/\/www.facebook.com\/Tanzzzo\/\",\"https:\/\/www.instagram.com\/tanzzo_original\/\"]}]}<\/script>\n<!-- \/ Yoast SEO plugin. -->","yoast_head_json":{"title":"Glow in the dark - Tanzzo","robots":{"index":"index","follow":"follow","max-snippet":"max-snippet:-1","max-image-preview":"max-image-preview:large","max-video-preview":"max-video-preview:-1"},"canonical":"https:\/\/tanzzo.com\/sk\/product\/glow-in-the-dark\/","og_locale":"sk_SK","og_type":"article","og_title":"Glow in the dark - Tanzzo","og_description":"Prevezmite \u00fapln\u00fa kontrolu nad svojou \u017eiarivou poko\u017ekou s na\u0161\u00edm bal\u00ed\u010dkom Glow in the dark! Tento \u00fa\u017easn\u00fd bal\u00ed\u010dek sme vyvinuli pre kr\u00e1sky, ktor\u00e9 chc\u00fa ma\u0165 dokonale \u017eiariv\u00fa poko\u017eku aj v tme. \u013dahk\u00fd opa\u013eovac\u00ed olej upokojuje, vyhladzuje a h\u013abkovo hydratuje va\u0161u poko\u017eku, pri\u010dom dosiahnete prirodzen\u00e9 op\u00e1lenie. Potom nasleduje kr\u00e9m po opa\u013eovan\u00ed, ktor\u00fd udr\u017e\u00ed va\u0161e prirodzen\u00e9 op\u00e1lenie a hlboko hydratuje va\u0161u poko\u017eku. \u010ealej je tu n\u00e1\u0161 najnov\u0161\u00ed a naj\u017eiarivej\u0161\u00ed bronzer pre efekt \u017eiarivej poko\u017eky v tme! Ve\u010f kto nem\u00e1 r\u00e1d trblietky? Teraz si \u013eahnite a uvo\u013enite sa, prin\u00e1\u0161ame tropick\u00e9 dovolenkov\u00e9 vibr\u00e1cie na va\u0161u poko\u017eku.","og_url":"https:\/\/tanzzo.com\/sk\/product\/glow-in-the-dark\/","og_site_name":"Tanzzo","article_publisher":"https:\/\/www.facebook.com\/Tanzzzo\/","article_modified_time":"2022-07-15T05:55:36+00:00","og_image":[{"width":1080,"height":1080,"url":"https:\/\/tanzzo.com\/wp-content\/uploads\/2022\/07\/4.png","type":"image\/png"}],"twitter_card":"summary_large_image","schema":{"@context":"https:\/\/schema.org","@graph":[{"@type":"WebPage","@id":"https:\/\/tanzzo.com\/sk\/product\/glow-in-the-dark\/","url":"https:\/\/tanzzo.com\/sk\/product\/glow-in-the-dark\/","name":"Glow in the dark - Tanzzo","isPartOf":{"@id":"https:\/\/tanzzo.com\/sk\/#website"},"datePublished":"2022-07-14T12:23:52+00:00","dateModified":"2022-07-15T05:55:36+00:00","breadcrumb":{"@id":"https:\/\/tanzzo.com\/sk\/product\/glow-in-the-dark\/#breadcrumb"},"inLanguage":"sk-SK","potentialAction":[{"@type":"ReadAction","target":["https:\/\/tanzzo.com\/sk\/product\/glow-in-the-dark\/"]}]},{"@type":"BreadcrumbList","@id":"https:\/\/tanzzo.com\/sk\/product\/glow-in-the-dark\/#breadcrumb","itemListElement":[{"@type":"ListItem","position":1,"name":"Home","item":"https:\/\/tanzzo.com\/sk\/"},{"@type":"ListItem","position":2,"name":"Nakupuj teraz","item":"https:\/\/tanzzo.com\/sk\/nakupuj-teraz\/"},{"@type":"ListItem","position":3,"name":"Glow in the dark"}]},{"@type":"WebSite","@id":"https:\/\/tanzzo.com\/sk\/#website","url":"https:\/\/tanzzo.com\/sk\/","name":"Tanzzo","description":"GET YOUR PERFECT TAN","publisher":{"@id":"https:\/\/tanzzo.com\/sk\/#organization"},"potentialAction":[{"@type":"SearchAction","target":{"@type":"EntryPoint","urlTemplate":"https:\/\/tanzzo.com\/sk\/?s={search_term_string}"},"query-input":"required name=search_term_string"}],"inLanguage":"sk-SK"},{"@type":"Organization","@id":"https:\/\/tanzzo.com\/sk\/#organization","name":"Tanzzo","url":"https:\/\/tanzzo.com\/sk\/","logo":{"@type":"ImageObject","inLanguage":"sk-SK","@id":"https:\/\/tanzzo.com\/sk\/#\/schema\/logo\/image\/","url":"https:\/\/tanzzo.com\/wp-content\/uploads\/2021\/08\/tanzzo1.png","contentUrl":"https:\/\/tanzzo.com\/wp-content\/uploads\/2021\/08\/tanzzo1.png","width":2560,"height":426,"caption":"Tanzzo"},"image":{"@id":"https:\/\/tanzzo.com\/sk\/#\/schema\/logo\/image\/"},"sameAs":["https:\/\/www.facebook.com\/Tanzzzo\/","https:\/\/www.instagram.com\/tanzzo_original\/"]}]}},"_links":{"self":[{"href":"https:\/\/tanzzo.com\/sk\/wp-json\/wp\/v2\/product\/13343","targetHints":{"allow":["GET"]}}],"collection":[{"href":"https:\/\/tanzzo.com\/sk\/wp-json\/wp\/v2\/product"}],"about":[{"href":"https:\/\/tanzzo.com\/sk\/wp-json\/wp\/v2\/types\/product"}],"wp:featuredmedia":[{"embeddable":true,"href":"https:\/\/tanzzo.com\/sk\/wp-json\/wp\/v2\/media\/13283"}],"wp:attachment":[{"href":"https:\/\/tanzzo.com\/sk\/wp-json\/wp\/v2\/media?parent=13343"}],"wp:term":[{"taxonomy":"product_cat","embeddable":true,"href":"https:\/\/tanzzo.com\/sk\/wp-json\/wp\/v2\/product_cat?post=13343"},{"taxonomy":"product_tag","embeddable":true,"href":"https:\/\/tanzzo.com\/sk\/wp-json\/wp\/v2\/product_tag?post=13343"}],"curies":[{"name":"wp","href":"https:\/\/api.w.org\/{rel}","templated":true}]}}