
{"id":2603,"date":"2022-04-13T08:36:21","date_gmt":"2022-04-13T06:36:21","guid":{"rendered":"https:\/\/tanzzo.com\/?page_id=2603"},"modified":"2022-04-21T12:08:41","modified_gmt":"2022-04-21T10:08:41","slug":"help-and-faq","status":"publish","type":"page","link":"https:\/\/tanzzo.com\/sk\/help-and-faq\/","title":{"rendered":"Help and FAQ"},"content":{"rendered":"\t<div id=\"gap-1533980065\" class=\"gap-element clearfix\" style=\"display:block; height:auto;\">\n\t\t\n<style>\n#gap-1533980065 {\n  padding-top: 30px;\n}\n<\/style>\n\t<\/div>\n\t\n\n\t<section class=\"section\" id=\"section_1973153727\">\n\t\t<div class=\"bg section-bg fill bg-fill  bg-loaded\" >\n\n\t\t\t\n\t\t\t\n\t\t\t\n\n\t\t<\/div>\n\n\t\t\n\n\t\t<div class=\"section-content relative\">\n\t\t\t\n\n<div class=\"row\" style=\"max-width:1289px\" id=\"row-301087168\">\n\n\n\t<div id=\"col-1818379603\" class=\"col medium-4 small-12 large-4\"  >\n\t\t\t\t<div class=\"col-inner\"  >\n\t\t\t\n\t\t\t\n\n<div class=\"is-divider divider clearfix\" style=\"margin-top:2em;margin-bottom:2em;max-width:100%;height:1px;background-color:rgb(0, 0, 0);\"><\/div>\n\n\n\t\t<\/div>\n\t\t\t\t\t<\/div>\n\n\t\n\n\t<div id=\"col-2067449393\" class=\"col medium-4 small-12 large-4\"  >\n\t\t\t\t<div class=\"col-inner text-center\"  >\n\t\t\t\n\t\t\t\n\n\t<div id=\"text-2833265737\" class=\"text\">\n\t\t\n\n<h2>FAQ<\/h2>\n\t\t\n<style>\n#text-2833265737 {\n  font-size: 1.6rem;\n  text-align: center;\n}\n<\/style>\n\t<\/div>\n\t\n\n\t\t<\/div>\n\t\t\t\t\t<\/div>\n\n\t\n\n\t<div id=\"col-1209119678\" class=\"col medium-4 small-12 large-4\"  >\n\t\t\t\t<div class=\"col-inner\"  >\n\t\t\t\n\t\t\t\n\n<div class=\"is-divider divider clearfix\" style=\"margin-top:2em;margin-bottom:2em;max-width:100%;height:1px;background-color:rgb(0, 0, 0);\"><\/div>\n\n\n\t\t<\/div>\n\t\t\t\t\t<\/div>\n\n\t\n\n\t<div id=\"col-1312463619\" class=\"col small-12 large-12\"  >\n\t\t\t\t<div class=\"col-inner text-left\"  >\n\t\t\t\n\t\t\t\n\n\t<div id=\"gap-806181849\" class=\"gap-element clearfix\" style=\"display:block; height:auto;\">\n\t\t\n<style>\n#gap-806181849 {\n  padding-top: 30px;\n}\n<\/style>\n\t<\/div>\n\t\n\n<div class=\"accordion\">\n\n<div id=\"accordion-2397183737\" class=\"accordion-item\"><a id=\"accordion-2397183737-label\" href=\"#\" class=\"accordion-title plain active\" aria-expanded=\"true\" aria-controls=\"accordion-2397183737-content\"><button class=\"toggle\" aria-label=\"Toggle\"><i class=\"icon-angle-down\"><\/i><\/button><span>S\u00fa produkty TANZZO veg\u00e1nske a bez krutosti?<\/span><\/a><div id=\"accordion-2397183737-content\" class=\"accordion-inner\" style=\"display: block;\" aria-labelledby=\"accordion-2397183737-label\">\n\n<p>V\u0161etky produkty TANZZO s\u00fa 100% veg\u00e1nske a bez krutosti.<\/p>\n\n<\/div><\/div>\n<div id=\"accordion-1545170582\" class=\"accordion-item\"><a id=\"accordion-1545170582-label\" href=\"#\" class=\"accordion-title plain\" aria-expanded=\"false\" aria-controls=\"accordion-1545170582-content\"><button class=\"toggle\" aria-label=\"Toggle\"><i class=\"icon-angle-down\"><\/i><\/button><span>Ako sa m\u00f4\u017eem r\u00fdchlo op\u00e1li\u0165?<\/span><\/a><div id=\"accordion-1545170582-content\" class=\"accordion-inner\" aria-labelledby=\"accordion-1545170582-label\">\n\n<p>Odpove\u010f je jasn\u00e1: s Tanzzo tanning cream ????! N\u00e1\u0161 opa\u013eovac\u00ed kr\u00e9m m\u00f4\u017eete pou\u017e\u00edva\u0165 ka\u017ed\u00fd de\u0148. Odpor\u00fa\u010dame nan\u00e1\u0161a\u0165 kr\u00e9m po opa\u013eovacom kr\u00e9me s SPF. Na upokojenie poko\u017eky pou\u017eite n\u00e1\u0161 After Sun Cream.<\/p>\n\n<\/div><\/div>\n<div id=\"accordion-2586158247\" class=\"accordion-item\"><a id=\"accordion-2586158247-label\" href=\"#\" class=\"accordion-title plain\" aria-expanded=\"false\" aria-controls=\"accordion-2586158247-content\"><button class=\"toggle\" aria-label=\"Toggle\"><i class=\"icon-angle-down\"><\/i><\/button><span>Mus\u00edm st\u00e1le pou\u017e\u00edva\u0165 opa\u013eovac\u00ed kr\u00e9m?<\/span><\/a><div id=\"accordion-2586158247-content\" class=\"accordion-inner\" aria-labelledby=\"accordion-2586158247-label\">\n\n<p>\u00c1no, Tanzzo Tanning cream neposkytuje ochranu pred slnkom.<\/p>\n\n<\/div><\/div>\n<div id=\"accordion-2590561992\" class=\"accordion-item\"><a id=\"accordion-2590561992-label\" href=\"#\" class=\"accordion-title plain\" aria-expanded=\"false\" aria-controls=\"accordion-2590561992-content\"><button class=\"toggle\" aria-label=\"Toggle\"><i class=\"icon-angle-down\"><\/i><\/button><span>\u010co ak m\u00e1m alergiu?<\/span><\/a><div id=\"accordion-2590561992-content\" class=\"accordion-inner\" aria-labelledby=\"accordion-2590561992-label\">\n\n<p>Odpor\u00fa\u010dame mal\u00fd n\u00e1plas\u0165ov\u00fd test 24 hod\u00edn pred prvou aplik\u00e1ciou Tanzzo Tanning cream. Ak d\u00f4jde k podr\u00e1\u017edeniu, okam\u017eite presta\u0148te pou\u017e\u00edva\u0165.<\/p>\n\n<\/div><\/div>\n<div id=\"accordion-3227342009\" class=\"accordion-item\"><a id=\"accordion-3227342009-label\" href=\"#\" class=\"accordion-title plain\" aria-expanded=\"false\" aria-controls=\"accordion-3227342009-content\"><button class=\"toggle\" aria-label=\"Toggle\"><i class=\"icon-angle-down\"><\/i><\/button><span>Ko\u013eko \u010dasu m\u00e1m na vr\u00e1tenie prijat\u00e9ho produktu?<\/span><\/a><div id=\"accordion-3227342009-content\" class=\"accordion-inner\" aria-labelledby=\"accordion-3227342009-label\">\n\n<p>Do 14 dn\u00ed od d\u00e1tumu n\u00e1kupu m\u00e1te mo\u017enos\u0165 zak\u00fapen\u00e9 produkty vr\u00e1ti\u0165<\/p>\n\n<\/div><\/div>\n<div id=\"accordion-2175453342\" class=\"accordion-item\"><a id=\"accordion-2175453342-label\" href=\"#\" class=\"accordion-title plain\" aria-expanded=\"false\" aria-controls=\"accordion-2175453342-content\"><button class=\"toggle\" aria-label=\"Toggle\"><i class=\"icon-angle-down\"><\/i><\/button><span>Ko\u013eko stoj\u00ed po\u0161tovn\u00e9?<\/span><\/a><div id=\"accordion-2175453342-content\" class=\"accordion-inner\" aria-labelledby=\"accordion-2175453342-label\">\n\n<p>Pon\u00fakame PO\u0160TOVN\u00c9 ZDARMA!<\/p>\n\n<\/div><\/div>\n<div id=\"accordion-2092625368\" class=\"accordion-item\"><a id=\"accordion-2092625368-label\" href=\"#\" class=\"accordion-title plain\" aria-expanded=\"false\" aria-controls=\"accordion-2092625368-content\"><button class=\"toggle\" aria-label=\"Toggle\"><i class=\"icon-angle-down\"><\/i><\/button><span>M\u00f4\u017eem vr\u00e1ti\u0165 a z\u00edska\u0165 refund\u00e1ciu za u\u017e pou\u017eit\u00e9 produkty?<\/span><\/a><div id=\"accordion-2092625368-content\" class=\"accordion-inner\" aria-labelledby=\"accordion-2092625368-label\">\n\n<p>Nie. Produkty musia by\u0165 vr\u00e1ten\u00e9 v p\u00f4vodnom obale, ktor\u00fd nesmie by\u0165 po\u0161koden\u00fd alebo pou\u017eit\u00fd. V opa\u010dnom pr\u00edpade bude reklam\u00e1cia \u00faplne alebo \u010diasto\u010dne zamietnut\u00e1.<\/p>\n\n<\/div><\/div>\n\n<\/div>\n\t<div id=\"gap-1739518331\" class=\"gap-element clearfix\" style=\"display:block; height:auto;\">\n\t\t\n<style>\n#gap-1739518331 {\n  padding-top: 30px;\n}\n<\/style>\n\t<\/div>\n\t\n\n\t<div id=\"text-2115058514\" class=\"text\">\n\t\t\n\n<h4><b>M\u00c1TE NIEKTOR\u00c9 \u010eAL\u0160IE OT\u00c1ZKY?<b><\/b><\/b><\/h4>\n<p><a href=\"https:\/\/tanzzo.com\/sk\/contact\/\">Kontaktujte n\u00e1s<\/a> a my v\u00e1m radi pom\u00f4\u017eeme!<\/p>\n\t\t\n<style>\n#text-2115058514 {\n  text-align: center;\n}\n<\/style>\n\t<\/div>\n\t\n\n\t\t<\/div>\n\t\t\t\t\t<\/div>\n\n\t\n\n<\/div>\n\n\t\t<\/div>\n\n\t\t\n<style>\n#section_1973153727 {\n  padding-top: 50px;\n  padding-bottom: 50px;\n}\n#section_1973153727 .ux-shape-divider--top svg {\n  height: 150px;\n  --divider-top-width: 100%;\n}\n#section_1973153727 .ux-shape-divider--bottom svg {\n  height: 150px;\n  --divider-width: 100%;\n}\n<\/style>\n\t<\/section>\n\t\n","protected":false},"excerpt":{"rendered":"","protected":false},"author":1,"featured_media":0,"parent":0,"menu_order":0,"comment_status":"closed","ping_status":"closed","template":"page-transparent-header.php","meta":{"footnotes":""},"class_list":["post-2603","page","type-page","status-publish","hentry"],"acf":[],"yoast_head":"<!-- This site is optimized with the Yoast SEO plugin v20.8 - https:\/\/yoast.com\/wordpress\/plugins\/seo\/ -->\n<title>Help and FAQ - Tanzzo<\/title>\n<meta name=\"description\" content=\"Pomoc a \u010dasto kladen\u00e9 ot\u00e1zky t\u00fdkaj\u00face sa str\u00e1nky Tanzzo a produktov Tanzzo, doru\u010denia, dopravy a vr\u00e1tenia.\" \/>\n<meta name=\"robots\" content=\"index, follow, max-snippet:-1, max-image-preview:large, max-video-preview:-1\" \/>\n<link rel=\"canonical\" href=\"https:\/\/tanzzo.com\/sk\/help-and-faq\/\" \/>\n<meta property=\"og:locale\" content=\"sk_SK\" \/>\n<meta property=\"og:type\" content=\"article\" \/>\n<meta property=\"og:title\" content=\"Help and FAQ - Tanzzo\" \/>\n<meta property=\"og:description\" content=\"Pomoc a \u010dasto kladen\u00e9 ot\u00e1zky t\u00fdkaj\u00face sa str\u00e1nky Tanzzo a produktov Tanzzo, doru\u010denia, dopravy a vr\u00e1tenia.\" \/>\n<meta property=\"og:url\" content=\"https:\/\/tanzzo.com\/sk\/help-and-faq\/\" \/>\n<meta property=\"og:site_name\" content=\"Tanzzo\" \/>\n<meta property=\"article:publisher\" content=\"https:\/\/www.facebook.com\/Tanzzzo\/\" \/>\n<meta property=\"article:modified_time\" content=\"2022-04-21T10:08:41+00:00\" \/>\n<meta name=\"twitter:card\" content=\"summary_large_image\" \/>\n<script type=\"application\/ld+json\" class=\"yoast-schema-graph\">{\"@context\":\"https:\/\/schema.org\",\"@graph\":[{\"@type\":\"WebPage\",\"@id\":\"https:\/\/tanzzo.com\/sk\/help-and-faq\/\",\"url\":\"https:\/\/tanzzo.com\/sk\/help-and-faq\/\",\"name\":\"Help and FAQ - Tanzzo\",\"isPartOf\":{\"@id\":\"https:\/\/tanzzo.com\/sk\/#website\"},\"datePublished\":\"2022-04-13T06:36:21+00:00\",\"dateModified\":\"2022-04-21T10:08:41+00:00\",\"description\":\"Pomoc a \u010dasto kladen\u00e9 ot\u00e1zky t\u00fdkaj\u00face sa str\u00e1nky Tanzzo a produktov Tanzzo, doru\u010denia, dopravy a vr\u00e1tenia.\",\"breadcrumb\":{\"@id\":\"https:\/\/tanzzo.com\/sk\/help-and-faq\/#breadcrumb\"},\"inLanguage\":\"sk-SK\",\"potentialAction\":[{\"@type\":\"ReadAction\",\"target\":[\"https:\/\/tanzzo.com\/sk\/help-and-faq\/\"]}]},{\"@type\":\"BreadcrumbList\",\"@id\":\"https:\/\/tanzzo.com\/sk\/help-and-faq\/#breadcrumb\",\"itemListElement\":[{\"@type\":\"ListItem\",\"position\":1,\"name\":\"Home\",\"item\":\"https:\/\/tanzzo.com\/sk\/\"},{\"@type\":\"ListItem\",\"position\":2,\"name\":\"Help and FAQ\"}]},{\"@type\":\"WebSite\",\"@id\":\"https:\/\/tanzzo.com\/sk\/#website\",\"url\":\"https:\/\/tanzzo.com\/sk\/\",\"name\":\"Tanzzo\",\"description\":\"GET YOUR PERFECT TAN\",\"publisher\":{\"@id\":\"https:\/\/tanzzo.com\/sk\/#organization\"},\"potentialAction\":[{\"@type\":\"SearchAction\",\"target\":{\"@type\":\"EntryPoint\",\"urlTemplate\":\"https:\/\/tanzzo.com\/sk\/?s={search_term_string}\"},\"query-input\":\"required name=search_term_string\"}],\"inLanguage\":\"sk-SK\"},{\"@type\":\"Organization\",\"@id\":\"https:\/\/tanzzo.com\/sk\/#organization\",\"name\":\"Tanzzo\",\"url\":\"https:\/\/tanzzo.com\/sk\/\",\"logo\":{\"@type\":\"ImageObject\",\"inLanguage\":\"sk-SK\",\"@id\":\"https:\/\/tanzzo.com\/sk\/#\/schema\/logo\/image\/\",\"url\":\"https:\/\/tanzzo.com\/wp-content\/uploads\/2021\/08\/tanzzo1.png\",\"contentUrl\":\"https:\/\/tanzzo.com\/wp-content\/uploads\/2021\/08\/tanzzo1.png\",\"width\":2560,\"height\":426,\"caption\":\"Tanzzo\"},\"image\":{\"@id\":\"https:\/\/tanzzo.com\/sk\/#\/schema\/logo\/image\/\"},\"sameAs\":[\"https:\/\/www.facebook.com\/Tanzzzo\/\",\"https:\/\/www.instagram.com\/tanzzo_original\/\"]}]}<\/script>\n<!-- \/ Yoast SEO plugin. -->","yoast_head_json":{"title":"Help and FAQ - Tanzzo","description":"Pomoc a \u010dasto kladen\u00e9 ot\u00e1zky t\u00fdkaj\u00face sa str\u00e1nky Tanzzo a produktov Tanzzo, doru\u010denia, dopravy a vr\u00e1tenia.","robots":{"index":"index","follow":"follow","max-snippet":"max-snippet:-1","max-image-preview":"max-image-preview:large","max-video-preview":"max-video-preview:-1"},"canonical":"https:\/\/tanzzo.com\/sk\/help-and-faq\/","og_locale":"sk_SK","og_type":"article","og_title":"Help and FAQ - Tanzzo","og_description":"Pomoc a \u010dasto kladen\u00e9 ot\u00e1zky t\u00fdkaj\u00face sa str\u00e1nky Tanzzo a produktov Tanzzo, doru\u010denia, dopravy a vr\u00e1tenia.","og_url":"https:\/\/tanzzo.com\/sk\/help-and-faq\/","og_site_name":"Tanzzo","article_publisher":"https:\/\/www.facebook.com\/Tanzzzo\/","article_modified_time":"2022-04-21T10:08:41+00:00","twitter_card":"summary_large_image","schema":{"@context":"https:\/\/schema.org","@graph":[{"@type":"WebPage","@id":"https:\/\/tanzzo.com\/sk\/help-and-faq\/","url":"https:\/\/tanzzo.com\/sk\/help-and-faq\/","name":"Help and FAQ - Tanzzo","isPartOf":{"@id":"https:\/\/tanzzo.com\/sk\/#website"},"datePublished":"2022-04-13T06:36:21+00:00","dateModified":"2022-04-21T10:08:41+00:00","description":"Pomoc a \u010dasto kladen\u00e9 ot\u00e1zky t\u00fdkaj\u00face sa str\u00e1nky Tanzzo a produktov Tanzzo, doru\u010denia, dopravy a vr\u00e1tenia.","breadcrumb":{"@id":"https:\/\/tanzzo.com\/sk\/help-and-faq\/#breadcrumb"},"inLanguage":"sk-SK","potentialAction":[{"@type":"ReadAction","target":["https:\/\/tanzzo.com\/sk\/help-and-faq\/"]}]},{"@type":"BreadcrumbList","@id":"https:\/\/tanzzo.com\/sk\/help-and-faq\/#breadcrumb","itemListElement":[{"@type":"ListItem","position":1,"name":"Home","item":"https:\/\/tanzzo.com\/sk\/"},{"@type":"ListItem","position":2,"name":"Help and FAQ"}]},{"@type":"WebSite","@id":"https:\/\/tanzzo.com\/sk\/#website","url":"https:\/\/tanzzo.com\/sk\/","name":"Tanzzo","description":"GET YOUR PERFECT TAN","publisher":{"@id":"https:\/\/tanzzo.com\/sk\/#organization"},"potentialAction":[{"@type":"SearchAction","target":{"@type":"EntryPoint","urlTemplate":"https:\/\/tanzzo.com\/sk\/?s={search_term_string}"},"query-input":"required name=search_term_string"}],"inLanguage":"sk-SK"},{"@type":"Organization","@id":"https:\/\/tanzzo.com\/sk\/#organization","name":"Tanzzo","url":"https:\/\/tanzzo.com\/sk\/","logo":{"@type":"ImageObject","inLanguage":"sk-SK","@id":"https:\/\/tanzzo.com\/sk\/#\/schema\/logo\/image\/","url":"https:\/\/tanzzo.com\/wp-content\/uploads\/2021\/08\/tanzzo1.png","contentUrl":"https:\/\/tanzzo.com\/wp-content\/uploads\/2021\/08\/tanzzo1.png","width":2560,"height":426,"caption":"Tanzzo"},"image":{"@id":"https:\/\/tanzzo.com\/sk\/#\/schema\/logo\/image\/"},"sameAs":["https:\/\/www.facebook.com\/Tanzzzo\/","https:\/\/www.instagram.com\/tanzzo_original\/"]}]}},"_links":{"self":[{"href":"https:\/\/tanzzo.com\/sk\/wp-json\/wp\/v2\/pages\/2603","targetHints":{"allow":["GET"]}}],"collection":[{"href":"https:\/\/tanzzo.com\/sk\/wp-json\/wp\/v2\/pages"}],"about":[{"href":"https:\/\/tanzzo.com\/sk\/wp-json\/wp\/v2\/types\/page"}],"author":[{"embeddable":true,"href":"https:\/\/tanzzo.com\/sk\/wp-json\/wp\/v2\/users\/1"}],"replies":[{"embeddable":true,"href":"https:\/\/tanzzo.com\/sk\/wp-json\/wp\/v2\/comments?post=2603"}],"version-history":[{"count":1,"href":"https:\/\/tanzzo.com\/sk\/wp-json\/wp\/v2\/pages\/2603\/revisions"}],"predecessor-version":[{"id":2604,"href":"https:\/\/tanzzo.com\/sk\/wp-json\/wp\/v2\/pages\/2603\/revisions\/2604"}],"wp:attachment":[{"href":"https:\/\/tanzzo.com\/sk\/wp-json\/wp\/v2\/media?parent=2603"}],"curies":[{"name":"wp","href":"https:\/\/api.w.org\/{rel}","templated":true}]}}