
{"id":2599,"date":"2022-04-13T08:35:10","date_gmt":"2022-04-13T06:35:10","guid":{"rendered":"https:\/\/tanzzo.com\/?page_id=2599"},"modified":"2022-04-26T14:58:27","modified_gmt":"2022-04-26T12:58:27","slug":"shiping-delivery-returns","status":"publish","type":"page","link":"https:\/\/tanzzo.com\/sk\/shiping-delivery-returns\/","title":{"rendered":"Shiping &#038; Delivery &#038; Returns"},"content":{"rendered":"\t<div id=\"gap-591122671\" class=\"gap-element clearfix\" style=\"display:block; height:auto;\">\n\t\t\n<style>\n#gap-591122671 {\n  padding-top: 51px;\n}\n<\/style>\n\t<\/div>\n\t\n<div class=\"row\" style=\"max-width:1289px\" id=\"row-1613802058\">\n\n\t<div id=\"col-1674095221\" class=\"col medium-2 small-12 large-2\"  >\n\t\t\t\t<div class=\"col-inner\"  >\n\t\t\t\n\t\t\t\n<div class=\"is-divider divider clearfix\" style=\"margin-top:2em;margin-bottom:2em;max-width:100%;height:1px;background-color:rgb(0, 0, 0);\"><\/div>\n\t\t<\/div>\n\t\t\t\t\t<\/div>\n\n\t\n\n\t<div id=\"col-1352739370\" class=\"col medium-8 small-12 large-8\"  >\n\t\t\t\t<div class=\"col-inner text-center\"  >\n\t\t\t\n\t\t\t\n\t<div id=\"text-296469500\" class=\"text\">\n\t\t\n<h2 style=\"text-transform: uppercase\">Shiping &#038; Delivery &#038; Returns<\/h2>\n\t\t\n<style>\n#text-296469500 {\n  font-size: 1.6rem;\n  text-align: center;\n}\n<\/style>\n\t<\/div>\n\t\n\t\t<\/div>\n\t\t\t\t\t<\/div>\n\n\t\n\n\t<div id=\"col-158341701\" class=\"col medium-2 small-12 large-2\"  >\n\t\t\t\t<div class=\"col-inner\"  >\n\t\t\t\n\t\t\t\n<div class=\"is-divider divider clearfix\" style=\"margin-top:2em;margin-bottom:2em;max-width:100%;height:1px;background-color:rgb(0, 0, 0);\"><\/div>\n\t\t<\/div>\n\t\t\t\t\t<\/div>\n\n\t\n<\/div>\n\t<div id=\"gap-41816814\" class=\"gap-element clearfix\" style=\"display:block; height:auto;\">\n\t\t\n<style>\n#gap-41816814 {\n  padding-top: 30px;\n}\n<\/style>\n\t<\/div>\n\t\n<div class=\"row align-middle\" style=\"max-width:1289px\" id=\"row-1144458446\">\n\n\t<div id=\"col-285160512\" class=\"col small-12 large-12\"  >\n\t\t\t\t<div class=\"col-inner\"  >\n\t\t\t\n\t\t\t\n<div class=\"accordion\">\n<div id=\"accordion-1477457200\" class=\"accordion-item\"><a id=\"accordion-1477457200-label\" href=\"#\" class=\"accordion-title plain active\" aria-expanded=\"true\" aria-controls=\"accordion-1477457200-content\"><button class=\"toggle\" aria-label=\"Toggle\"><i class=\"icon-angle-down\"><\/i><\/button><span>SHIPPING<\/span><\/a><div id=\"accordion-1477457200-content\" class=\"accordion-inner\" style=\"display: block;\" aria-labelledby=\"accordion-1477457200-label\">\n<p>Kupuj\u00faci je pri platbe za objednan\u00e9 v\u00fdrobky povinn\u00fd pri prevzat\u00ed uhradi\u0165 aj n\u00e1klady za po\u0161tovn\u00e9, s v\u00fdnimkou objedn\u00e1vok jednotliv\u00fdch v\u00fdrobkov, ktor\u00e9 maj\u00fa pri opise pozn\u00e1mku: \u201epo\u0161tovn\u00e9 zahrnut\u00e9 v cene\u201c alebo \u201edoprava zadarmo\u201c.<\/p>\n<p>Pre doru\u010denie v r\u00e1mci Slovenskej republiky v pr\u00edpade platby na dobierku bude bal\u00edk doru\u010den\u00fd z\u00e1sielkovou slu\u017ebou GLS (don\u00e1\u0161ka domov alebo bal\u00edk GLS) a v pr\u00edpade platby kreditnou kartou alebo Paypalom bude bal\u00edk doru\u010den\u00fd Slovenskou po\u0161tou. Pri platbe pri doru\u010den\u00ed v hotovosti v\u00e1m GLS na\u00fa\u010dtuje 1,99 \u20ac. V pr\u00edpade platby kreditnou kartou alebo cez Paypal sa tak\u00fdto poplatok ne\u00fa\u010dtuje. Vami objednan\u00e9 produkty sa posielaj\u00fa na adresu, ktor\u00fa ste uviedli ako dodaciu adresu. Pri be\u017enom doru\u010den\u00ed sa po\u0161tovn\u00e9 neplat\u00ed a pri expresnom doru\u010den\u00ed je cena 1,99 \u20ac. Dodacia lehota s\u00fa 2-3 pracovn\u00e9 dni.<\/p>\n<\/div><\/div>\n<div id=\"accordion-2589363295\" class=\"accordion-item\"><a id=\"accordion-2589363295-label\" href=\"#\" class=\"accordion-title plain\" aria-expanded=\"false\" aria-controls=\"accordion-2589363295-content\"><button class=\"toggle\" aria-label=\"Toggle\"><i class=\"icon-angle-down\"><\/i><\/button><span>DORU\u010cENIE A VR\u00c1TENIE<\/span><\/a><div id=\"accordion-2589363295-content\" class=\"accordion-inner\" aria-labelledby=\"accordion-2589363295-label\">\n<p>Kupuj\u00faci je pri platbe za objednan\u00e9 v\u00fdrobky povinn\u00fd pri prevzat\u00ed uhradi\u0165 aj n\u00e1klady za po\u0161tovn\u00e9, s v\u00fdnimkou objedn\u00e1vok jednotliv\u00fdch v\u00fdrobkov, ktor\u00e9 maj\u00fa pri opise pozn\u00e1mku: \u201epo\u0161tovn\u00e9 zahrnut\u00e9 v cene\u201c alebo \u201edoprava zadarmo\u201c.<\/p>\n<p>Doru\u010dovanie prebieha v\u00e4\u010d\u0161inou v dopolud\u0148aj\u0161om \u010dase. V pr\u00edpade, ak z\u00e1sielku v \u010dase, kedy by mala by\u0165 doru\u010den\u00e1, nem\u00f4\u017eete prevzia\u0165, m\u00f4\u017eete si ju nesk\u00f4r vyzdvihn\u00fa\u0165 na najbli\u017e\u0161ej pobo\u010dke Slovenskej po\u0161ty alebo v bal\u00edkomate. V pr\u00edpade posielania tovaru do kraj\u00edn Eur\u00f3pskej \u00fanie sa na prepo\u010d\u00edtanie prov\u00edzie pou\u017e\u00edva cenn\u00edk doru\u010dovacej slu\u017eby, ktor\u00e1 tovar prevzala. Ak si prajete, aby v\u00e1m tovar bol doru\u010den\u00fd r\u00fdchlej\u0161ie alebo mimo Slovenskej republiky, je potrebn\u00e9 vopred sa o tom dohodn\u00fa\u0165 telefonicky alebo e-mailom.<\/p>\n<\/div><\/div>\n<\/div>\n\t\t<\/div>\n\t\t\t\t\t<\/div>\n\n\t\n<\/div>\n","protected":false},"excerpt":{"rendered":"","protected":false},"author":1,"featured_media":0,"parent":0,"menu_order":0,"comment_status":"closed","ping_status":"closed","template":"page-blank.php","meta":{"footnotes":""},"class_list":["post-2599","page","type-page","status-publish","hentry"],"acf":[],"yoast_head":"<!-- This site is optimized with the Yoast SEO plugin v20.8 - https:\/\/yoast.com\/wordpress\/plugins\/seo\/ -->\n<title>Shiping &amp; Delivery &amp; Returns - Tanzzo<\/title>\n<meta name=\"robots\" content=\"index, follow, max-snippet:-1, max-image-preview:large, max-video-preview:-1\" \/>\n<link rel=\"canonical\" href=\"https:\/\/tanzzo.com\/sk\/shiping-delivery-returns\/\" \/>\n<meta property=\"og:locale\" content=\"sk_SK\" \/>\n<meta property=\"og:type\" content=\"article\" \/>\n<meta property=\"og:title\" content=\"Shiping &amp; Delivery &amp; Returns - Tanzzo\" \/>\n<meta property=\"og:url\" content=\"https:\/\/tanzzo.com\/sk\/shiping-delivery-returns\/\" \/>\n<meta property=\"og:site_name\" content=\"Tanzzo\" \/>\n<meta property=\"article:publisher\" content=\"https:\/\/www.facebook.com\/Tanzzzo\/\" \/>\n<meta property=\"article:modified_time\" content=\"2022-04-26T12:58:27+00:00\" \/>\n<meta name=\"twitter:card\" content=\"summary_large_image\" \/>\n<meta name=\"twitter:label1\" content=\"Predpokladan\u00fd \u010das \u010d\u00edtania\" \/>\n\t<meta name=\"twitter:data1\" content=\"2 min\u00faty\" \/>\n<script type=\"application\/ld+json\" class=\"yoast-schema-graph\">{\"@context\":\"https:\/\/schema.org\",\"@graph\":[{\"@type\":\"WebPage\",\"@id\":\"https:\/\/tanzzo.com\/sk\/shiping-delivery-returns\/\",\"url\":\"https:\/\/tanzzo.com\/sk\/shiping-delivery-returns\/\",\"name\":\"Shiping & Delivery & Returns - Tanzzo\",\"isPartOf\":{\"@id\":\"https:\/\/tanzzo.com\/sk\/#website\"},\"datePublished\":\"2022-04-13T06:35:10+00:00\",\"dateModified\":\"2022-04-26T12:58:27+00:00\",\"breadcrumb\":{\"@id\":\"https:\/\/tanzzo.com\/sk\/shiping-delivery-returns\/#breadcrumb\"},\"inLanguage\":\"sk-SK\",\"potentialAction\":[{\"@type\":\"ReadAction\",\"target\":[\"https:\/\/tanzzo.com\/sk\/shiping-delivery-returns\/\"]}]},{\"@type\":\"BreadcrumbList\",\"@id\":\"https:\/\/tanzzo.com\/sk\/shiping-delivery-returns\/#breadcrumb\",\"itemListElement\":[{\"@type\":\"ListItem\",\"position\":1,\"name\":\"Home\",\"item\":\"https:\/\/tanzzo.com\/sk\/\"},{\"@type\":\"ListItem\",\"position\":2,\"name\":\"Shiping &#038; Delivery &#038; Returns\"}]},{\"@type\":\"WebSite\",\"@id\":\"https:\/\/tanzzo.com\/sk\/#website\",\"url\":\"https:\/\/tanzzo.com\/sk\/\",\"name\":\"Tanzzo\",\"description\":\"GET YOUR PERFECT TAN\",\"publisher\":{\"@id\":\"https:\/\/tanzzo.com\/sk\/#organization\"},\"potentialAction\":[{\"@type\":\"SearchAction\",\"target\":{\"@type\":\"EntryPoint\",\"urlTemplate\":\"https:\/\/tanzzo.com\/sk\/?s={search_term_string}\"},\"query-input\":\"required name=search_term_string\"}],\"inLanguage\":\"sk-SK\"},{\"@type\":\"Organization\",\"@id\":\"https:\/\/tanzzo.com\/sk\/#organization\",\"name\":\"Tanzzo\",\"url\":\"https:\/\/tanzzo.com\/sk\/\",\"logo\":{\"@type\":\"ImageObject\",\"inLanguage\":\"sk-SK\",\"@id\":\"https:\/\/tanzzo.com\/sk\/#\/schema\/logo\/image\/\",\"url\":\"https:\/\/tanzzo.com\/wp-content\/uploads\/2021\/08\/tanzzo1.png\",\"contentUrl\":\"https:\/\/tanzzo.com\/wp-content\/uploads\/2021\/08\/tanzzo1.png\",\"width\":2560,\"height\":426,\"caption\":\"Tanzzo\"},\"image\":{\"@id\":\"https:\/\/tanzzo.com\/sk\/#\/schema\/logo\/image\/\"},\"sameAs\":[\"https:\/\/www.facebook.com\/Tanzzzo\/\",\"https:\/\/www.instagram.com\/tanzzo_original\/\"]}]}<\/script>\n<!-- \/ Yoast SEO plugin. -->","yoast_head_json":{"title":"Shiping & Delivery & Returns - Tanzzo","robots":{"index":"index","follow":"follow","max-snippet":"max-snippet:-1","max-image-preview":"max-image-preview:large","max-video-preview":"max-video-preview:-1"},"canonical":"https:\/\/tanzzo.com\/sk\/shiping-delivery-returns\/","og_locale":"sk_SK","og_type":"article","og_title":"Shiping & Delivery & Returns - Tanzzo","og_url":"https:\/\/tanzzo.com\/sk\/shiping-delivery-returns\/","og_site_name":"Tanzzo","article_publisher":"https:\/\/www.facebook.com\/Tanzzzo\/","article_modified_time":"2022-04-26T12:58:27+00:00","twitter_card":"summary_large_image","twitter_misc":{"Predpokladan\u00fd \u010das \u010d\u00edtania":"2 min\u00faty"},"schema":{"@context":"https:\/\/schema.org","@graph":[{"@type":"WebPage","@id":"https:\/\/tanzzo.com\/sk\/shiping-delivery-returns\/","url":"https:\/\/tanzzo.com\/sk\/shiping-delivery-returns\/","name":"Shiping & Delivery & Returns - Tanzzo","isPartOf":{"@id":"https:\/\/tanzzo.com\/sk\/#website"},"datePublished":"2022-04-13T06:35:10+00:00","dateModified":"2022-04-26T12:58:27+00:00","breadcrumb":{"@id":"https:\/\/tanzzo.com\/sk\/shiping-delivery-returns\/#breadcrumb"},"inLanguage":"sk-SK","potentialAction":[{"@type":"ReadAction","target":["https:\/\/tanzzo.com\/sk\/shiping-delivery-returns\/"]}]},{"@type":"BreadcrumbList","@id":"https:\/\/tanzzo.com\/sk\/shiping-delivery-returns\/#breadcrumb","itemListElement":[{"@type":"ListItem","position":1,"name":"Home","item":"https:\/\/tanzzo.com\/sk\/"},{"@type":"ListItem","position":2,"name":"Shiping &#038; Delivery &#038; Returns"}]},{"@type":"WebSite","@id":"https:\/\/tanzzo.com\/sk\/#website","url":"https:\/\/tanzzo.com\/sk\/","name":"Tanzzo","description":"GET YOUR PERFECT TAN","publisher":{"@id":"https:\/\/tanzzo.com\/sk\/#organization"},"potentialAction":[{"@type":"SearchAction","target":{"@type":"EntryPoint","urlTemplate":"https:\/\/tanzzo.com\/sk\/?s={search_term_string}"},"query-input":"required name=search_term_string"}],"inLanguage":"sk-SK"},{"@type":"Organization","@id":"https:\/\/tanzzo.com\/sk\/#organization","name":"Tanzzo","url":"https:\/\/tanzzo.com\/sk\/","logo":{"@type":"ImageObject","inLanguage":"sk-SK","@id":"https:\/\/tanzzo.com\/sk\/#\/schema\/logo\/image\/","url":"https:\/\/tanzzo.com\/wp-content\/uploads\/2021\/08\/tanzzo1.png","contentUrl":"https:\/\/tanzzo.com\/wp-content\/uploads\/2021\/08\/tanzzo1.png","width":2560,"height":426,"caption":"Tanzzo"},"image":{"@id":"https:\/\/tanzzo.com\/sk\/#\/schema\/logo\/image\/"},"sameAs":["https:\/\/www.facebook.com\/Tanzzzo\/","https:\/\/www.instagram.com\/tanzzo_original\/"]}]}},"_links":{"self":[{"href":"https:\/\/tanzzo.com\/sk\/wp-json\/wp\/v2\/pages\/2599","targetHints":{"allow":["GET"]}}],"collection":[{"href":"https:\/\/tanzzo.com\/sk\/wp-json\/wp\/v2\/pages"}],"about":[{"href":"https:\/\/tanzzo.com\/sk\/wp-json\/wp\/v2\/types\/page"}],"author":[{"embeddable":true,"href":"https:\/\/tanzzo.com\/sk\/wp-json\/wp\/v2\/users\/1"}],"replies":[{"embeddable":true,"href":"https:\/\/tanzzo.com\/sk\/wp-json\/wp\/v2\/comments?post=2599"}],"version-history":[{"count":3,"href":"https:\/\/tanzzo.com\/sk\/wp-json\/wp\/v2\/pages\/2599\/revisions"}],"predecessor-version":[{"id":5586,"href":"https:\/\/tanzzo.com\/sk\/wp-json\/wp\/v2\/pages\/2599\/revisions\/5586"}],"wp:attachment":[{"href":"https:\/\/tanzzo.com\/sk\/wp-json\/wp\/v2\/media?parent=2599"}],"curies":[{"name":"wp","href":"https:\/\/api.w.org\/{rel}","templated":true}]}}