
{"id":2522,"date":"2022-04-13T08:27:09","date_gmt":"2022-04-13T06:27:09","guid":{"rendered":"https:\/\/tanzzo.com\/?page_id=2522"},"modified":"2022-05-13T12:33:07","modified_gmt":"2022-05-13T10:33:07","slug":"contact","status":"publish","type":"page","link":"https:\/\/tanzzo.com\/sk\/contact\/","title":{"rendered":"Contact"},"content":{"rendered":"\t<div id=\"gap-984692847\" class=\"gap-element clearfix\" style=\"display:block; height:auto;\">\n\t\t\n<style>\n#gap-984692847 {\n  padding-top: 50px;\n}\n<\/style>\n\t<\/div>\n\t\n<div class=\"row\" style=\"max-width:1289px\" id=\"row-370922697\">\n\n\t<div id=\"col-205007379\" class=\"col hide-for-small medium-2 small-12 large-2\"  >\n\t\t\t\t<div class=\"col-inner\"  >\n\t\t\t\n\t\t\t\n<div class=\"is-divider divider clearfix\" style=\"margin-top:2em;margin-bottom:2em;max-width:100%;height:1px;background-color:rgb(0, 0, 0);\"><\/div>\n\t\t<\/div>\n\t\t\t\t\t<\/div>\n\n\t\n\n\t<div id=\"col-134787774\" class=\"col medium-8 small-12 large-8\"  >\n\t\t\t\t<div class=\"col-inner text-center\"  >\n\t\t\t\n\t\t\t\n\t<div id=\"text-3372192446\" class=\"text\">\n\t\t\n<h2>Kontakt<\/h2>\n\t\t\n<style>\n#text-3372192446 {\n  font-size: 1.6rem;\n  text-align: center;\n}\n<\/style>\n\t<\/div>\n\t\n\t\t<\/div>\n\t\t\t\t\t<\/div>\n\n\t\n\n\t<div id=\"col-387783818\" class=\"col hide-for-small medium-2 small-12 large-2\"  >\n\t\t\t\t<div class=\"col-inner\"  >\n\t\t\t\n\t\t\t\n<div class=\"is-divider divider clearfix\" style=\"margin-top:2em;margin-bottom:2em;max-width:100%;height:1px;background-color:rgb(0, 0, 0);\"><\/div>\n\t\t<\/div>\n\t\t\t\t\t<\/div>\n\n\t\n<\/div>\n\t<div id=\"gap-1831955826\" class=\"gap-element clearfix\" style=\"display:block; height:auto;\">\n\t\t\n<style>\n#gap-1831955826 {\n  padding-top: 30px;\n}\n<\/style>\n\t<\/div>\n\t\n<div class=\"row align-equal align-center\" style=\"max-width:1289px\" id=\"row-1529037082\">\n\n\t<div id=\"col-617685914\" class=\"col medium-6 small-12 large-6\"  >\n\t\t\t\t<div class=\"col-inner\"  >\n\t\t\t\n\t\t\t\n<h4>INFORM\u00c1CIE O SPOLO\u010cNOSTI<\/h4>\n<p><span>GM WEB, trade and services d. o. o.<\/span><br \/>\n<span>Brodi\u0161\u010de 28,1236 Trzin, Slovenija<\/span><br \/>\n<span><strong>Da\u0148ov\u00e9 \u010d\u00edslo<\/strong>: 54700477<\/span><br \/>\n<span><strong>Registra\u010dn\u00e9 \u010d\u00edslo<\/strong>: 8632081000<\/span><br \/>\n<span><strong>E-mail<\/strong>: info@tanzzo.com<\/span><\/p>\n\t<div id=\"gap-1727031203\" class=\"gap-element clearfix\" style=\"display:block; height:auto;\">\n\t\t\n<style>\n#gap-1727031203 {\n  padding-top: 30px;\n}\n<\/style>\n\t<\/div>\n\t\n<h4>SPOLUPRACUJ S NAMI<\/h4>\n<p>AHOJ DRAH\u00c1! Pridaj sa k na\u0161ej Tanzzo family! Mysl\u00ed\u0161 si, \u017ee m\u00e1\u0161 v\u0161etko, \u010do je potrebn\u00e9 na propag\u00e1ciu na\u0161ich produktov? Budeme radi, ak sa pripoj\u00ed\u0161 k n\u00e1\u0161mu t\u00edmu influencerov TANZZO FAMILY!<\/p>\n\t\t<\/div>\n\t\t\t\t\t<\/div>\n\n\t\n\n\t<div id=\"col-1182099104\" class=\"col quiz-height medium-6 small-12 large-6\"  >\n\t\t\t\t<div class=\"col-inner\"  >\n\t\t\t\n\t\t\t\n\t<div id=\"text-3907673268\" class=\"text\">\n\t\t\n<h3>AK M\u00c1\u0160 Z\u00c1UJEM, VYPL\u0147 TENTO FORMUL\u00c1R<\/h3>\n<p><strong>Upozornenie: viacn\u00e1sobn\u00e9 odoslanie nezv\u00fd\u0161i \u0161ancu, \u017ee v\u00e1s budeme kontaktova\u0165. Ur\u010dite sa ozveme, ak sa n\u00e1m to hod\u00ed!<\/strong><\/p>\n\t\t\n<style>\n#text-3907673268 {\n  text-align: left;\n}\n<\/style>\n\t<\/div>\n\t\n\n<div class=\"wpcf7 no-js\" id=\"wpcf7-f4581-o1\" lang=\"sk-SK\" dir=\"ltr\">\n<div class=\"screen-reader-response\"><p role=\"status\" aria-live=\"polite\" aria-atomic=\"true\"><\/p> <ul><\/ul><\/div>\n<form action=\"\/sk\/wp-json\/wp\/v2\/pages\/2522#wpcf7-f4581-o1\" method=\"post\" class=\"wpcf7-form init\" aria-label=\"Contact form\" novalidate=\"novalidate\" data-status=\"init\">\n<div style=\"display: none;\">\n<input type=\"hidden\" name=\"_wpcf7\" value=\"4581\" \/>\n<input type=\"hidden\" name=\"_wpcf7_version\" value=\"5.7.6\" \/>\n<input type=\"hidden\" name=\"_wpcf7_locale\" value=\"sk_SK\" \/>\n<input type=\"hidden\" name=\"_wpcf7_unit_tag\" value=\"wpcf7-f4581-o1\" \/>\n<input type=\"hidden\" name=\"_wpcf7_container_post\" value=\"0\" \/>\n<input type=\"hidden\" name=\"_wpcf7_posted_data_hash\" value=\"\" \/>\n<input type=\"hidden\" name=\"_wpcf7_recaptcha_response\" value=\"\" \/>\n<\/div>\n<input class=\"wpcf7-form-control wpcf7-hidden\" id=\"thankyouURL\" value=\"https:\/\/tanzzo.com\/thank-you-for-inquiry\/\" type=\"hidden\" name=\"thankyouURL\" \/>\n<div class=\"collab-form\">\n\t<p><label><span class=\"wpcf7-form-control-wrap\" data-name=\"your-name\"><input size=\"40\" class=\"wpcf7-form-control wpcf7-text wpcf7-validates-as-required\" aria-required=\"true\" aria-invalid=\"false\" placeholder=\"Meno a priezvisko\" value=\"\" type=\"text\" name=\"your-name\" \/><\/span><\/label>\n\t<\/p>\n\t<p><label><span class=\"wpcf7-form-control-wrap\" data-name=\"country\"><input size=\"40\" class=\"wpcf7-form-control wpcf7-text wpcf7-validates-as-required\" aria-required=\"true\" aria-invalid=\"false\" placeholder=\"Odkia\u013e si?\" value=\"\" type=\"text\" name=\"country\" \/><\/span> <\/label>\n\t<\/p>\n\t<p><label><span class=\"wpcf7-form-control-wrap\" data-name=\"your-email\"><input size=\"40\" class=\"wpcf7-form-control wpcf7-text wpcf7-email wpcf7-validates-as-required wpcf7-validates-as-email\" aria-required=\"true\" aria-invalid=\"false\" placeholder=\"E-mail (aby sme \u0165a mohli kontaktova\u0165)\" value=\"\" type=\"email\" name=\"your-email\" \/><\/span> <\/label>\n\t<\/p>\n\t<p><label>Ktor\u00e9 profily na soci\u00e1lnych sie\u0165ach spravuje\u0161?<br \/>\n<span class=\"wpcf7-form-control-wrap\" data-name=\"platform\"><select class=\"wpcf7-form-control wpcf7-select wpcf7-validates-as-required\" aria-required=\"true\" aria-invalid=\"false\" name=\"platform\"><option value=\"Instagram\">Instagram<\/option><option value=\"TikTok\">TikTok<\/option><option value=\"YouTube\">YouTube<\/option><option value=\"Facebook\">Facebook<\/option><option value=\"In\u00e9\">In\u00e9<\/option><\/select><\/span><\/label>\n\t<\/p>\n\t<p><label><span class=\"wpcf7-form-control-wrap\" data-name=\"handle\"><input size=\"40\" class=\"wpcf7-form-control wpcf7-text wpcf7-validates-as-required\" aria-required=\"true\" aria-invalid=\"false\" placeholder=\"Vlo\u017e odkazy na svoje profily na soci\u00e1lnych sie\u0165ach (Instagram, Tik Tok, Youtube,...)\" value=\"\" type=\"text\" name=\"handle\" \/><\/span> <\/label>\n\t<\/p>\n\t<p><label>Na \u010do sa zameriavaj\u00fa tvoje platformy?<br \/>\n<span class=\"wpcf7-form-control-wrap\" data-name=\"focus\"><select class=\"wpcf7-form-control wpcf7-select wpcf7-validates-as-required\" aria-required=\"true\" aria-invalid=\"false\" name=\"focus\"><option value=\"M\u00f3da\">M\u00f3da<\/option><option value=\"Foodie\">Foodie<\/option><option value=\"Fitness\">Fitness<\/option><option value=\"\u017divotn\u00fd \u0161t\u00fdl\">\u017divotn\u00fd \u0161t\u00fdl<\/option><option value=\"Cestovanie\">Cestovanie<\/option><option value=\"In\u00e9\">In\u00e9<\/option><\/select><\/span><\/label>\n\t<\/p>\n\t<p><label><span class=\"wpcf7-form-control-wrap\" data-name=\"your-message\"><textarea cols=\"40\" rows=\"10\" class=\"wpcf7-form-control wpcf7-textarea wpcf7-validates-as-required\" aria-required=\"true\" aria-invalid=\"false\" placeholder=\"Ako by si chcela propagova\u0165 na\u0161e v\u00fdrobky a \u010do by si mohla prinies\u0165 na\u0161ej TANZZO rodine?\" name=\"your-message\"><\/textarea><\/span> <\/label>\n\t<\/p>\n\t<p><input class=\"wpcf7-form-control has-spinner wpcf7-submit\" type=\"submit\" value=\"Predlo\u017ei\u0165\" \/>\n\t<\/p>\n<\/div>\n<p><script>\ndocument.addEventListener( 'wpcf7mailsent', function( event ) {\n var thankyouURL = document.getElementById(\"thankyouURL\").value;\n location = thankyouURL;\n}, false );\n<\/script>\n<\/p><div class=\"wpcf7-response-output\" aria-hidden=\"true\"><\/div>\n<\/form>\n<\/div>\n\n\t\t<\/div>\n\t\t\t\t\t<\/div>\n\n\t\n<\/div>\n","protected":false},"excerpt":{"rendered":"","protected":false},"author":1,"featured_media":0,"parent":0,"menu_order":0,"comment_status":"closed","ping_status":"closed","template":"page-blank.php","meta":{"footnotes":""},"class_list":["post-2522","page","type-page","status-publish","hentry"],"acf":[],"yoast_head":"<!-- This site is optimized with the Yoast SEO plugin v20.8 - https:\/\/yoast.com\/wordpress\/plugins\/seo\/ -->\n<title>Contact - Tanzzo<\/title>\n<meta name=\"robots\" content=\"index, follow, max-snippet:-1, max-image-preview:large, max-video-preview:-1\" \/>\n<link rel=\"canonical\" href=\"https:\/\/tanzzo.com\/sk\/contact\/\" \/>\n<meta property=\"og:locale\" content=\"sk_SK\" \/>\n<meta property=\"og:type\" content=\"article\" \/>\n<meta property=\"og:title\" content=\"Contact - Tanzzo\" \/>\n<meta property=\"og:url\" content=\"https:\/\/tanzzo.com\/sk\/contact\/\" \/>\n<meta property=\"og:site_name\" content=\"Tanzzo\" \/>\n<meta property=\"article:publisher\" content=\"https:\/\/www.facebook.com\/Tanzzzo\/\" \/>\n<meta property=\"article:modified_time\" content=\"2022-05-13T10:33:07+00:00\" \/>\n<meta name=\"twitter:card\" content=\"summary_large_image\" \/>\n<meta name=\"twitter:label1\" content=\"Predpokladan\u00fd \u010das \u010d\u00edtania\" \/>\n\t<meta name=\"twitter:data1\" content=\"1 min\u00fata\" \/>\n<script type=\"application\/ld+json\" class=\"yoast-schema-graph\">{\"@context\":\"https:\/\/schema.org\",\"@graph\":[{\"@type\":\"WebPage\",\"@id\":\"https:\/\/tanzzo.com\/sk\/contact\/\",\"url\":\"https:\/\/tanzzo.com\/sk\/contact\/\",\"name\":\"Contact - Tanzzo\",\"isPartOf\":{\"@id\":\"https:\/\/tanzzo.com\/sk\/#website\"},\"datePublished\":\"2022-04-13T06:27:09+00:00\",\"dateModified\":\"2022-05-13T10:33:07+00:00\",\"breadcrumb\":{\"@id\":\"https:\/\/tanzzo.com\/sk\/contact\/#breadcrumb\"},\"inLanguage\":\"sk-SK\",\"potentialAction\":[{\"@type\":\"ReadAction\",\"target\":[\"https:\/\/tanzzo.com\/sk\/contact\/\"]}]},{\"@type\":\"BreadcrumbList\",\"@id\":\"https:\/\/tanzzo.com\/sk\/contact\/#breadcrumb\",\"itemListElement\":[{\"@type\":\"ListItem\",\"position\":1,\"name\":\"Home\",\"item\":\"https:\/\/tanzzo.com\/sk\/\"},{\"@type\":\"ListItem\",\"position\":2,\"name\":\"Contact\"}]},{\"@type\":\"WebSite\",\"@id\":\"https:\/\/tanzzo.com\/sk\/#website\",\"url\":\"https:\/\/tanzzo.com\/sk\/\",\"name\":\"Tanzzo\",\"description\":\"GET YOUR PERFECT TAN\",\"publisher\":{\"@id\":\"https:\/\/tanzzo.com\/sk\/#organization\"},\"potentialAction\":[{\"@type\":\"SearchAction\",\"target\":{\"@type\":\"EntryPoint\",\"urlTemplate\":\"https:\/\/tanzzo.com\/sk\/?s={search_term_string}\"},\"query-input\":\"required name=search_term_string\"}],\"inLanguage\":\"sk-SK\"},{\"@type\":\"Organization\",\"@id\":\"https:\/\/tanzzo.com\/sk\/#organization\",\"name\":\"Tanzzo\",\"url\":\"https:\/\/tanzzo.com\/sk\/\",\"logo\":{\"@type\":\"ImageObject\",\"inLanguage\":\"sk-SK\",\"@id\":\"https:\/\/tanzzo.com\/sk\/#\/schema\/logo\/image\/\",\"url\":\"https:\/\/tanzzo.com\/wp-content\/uploads\/2021\/08\/tanzzo1.png\",\"contentUrl\":\"https:\/\/tanzzo.com\/wp-content\/uploads\/2021\/08\/tanzzo1.png\",\"width\":2560,\"height\":426,\"caption\":\"Tanzzo\"},\"image\":{\"@id\":\"https:\/\/tanzzo.com\/sk\/#\/schema\/logo\/image\/\"},\"sameAs\":[\"https:\/\/www.facebook.com\/Tanzzzo\/\",\"https:\/\/www.instagram.com\/tanzzo_original\/\"]}]}<\/script>\n<!-- \/ Yoast SEO plugin. -->","yoast_head_json":{"title":"Contact - Tanzzo","robots":{"index":"index","follow":"follow","max-snippet":"max-snippet:-1","max-image-preview":"max-image-preview:large","max-video-preview":"max-video-preview:-1"},"canonical":"https:\/\/tanzzo.com\/sk\/contact\/","og_locale":"sk_SK","og_type":"article","og_title":"Contact - Tanzzo","og_url":"https:\/\/tanzzo.com\/sk\/contact\/","og_site_name":"Tanzzo","article_publisher":"https:\/\/www.facebook.com\/Tanzzzo\/","article_modified_time":"2022-05-13T10:33:07+00:00","twitter_card":"summary_large_image","twitter_misc":{"Predpokladan\u00fd \u010das \u010d\u00edtania":"1 min\u00fata"},"schema":{"@context":"https:\/\/schema.org","@graph":[{"@type":"WebPage","@id":"https:\/\/tanzzo.com\/sk\/contact\/","url":"https:\/\/tanzzo.com\/sk\/contact\/","name":"Contact - Tanzzo","isPartOf":{"@id":"https:\/\/tanzzo.com\/sk\/#website"},"datePublished":"2022-04-13T06:27:09+00:00","dateModified":"2022-05-13T10:33:07+00:00","breadcrumb":{"@id":"https:\/\/tanzzo.com\/sk\/contact\/#breadcrumb"},"inLanguage":"sk-SK","potentialAction":[{"@type":"ReadAction","target":["https:\/\/tanzzo.com\/sk\/contact\/"]}]},{"@type":"BreadcrumbList","@id":"https:\/\/tanzzo.com\/sk\/contact\/#breadcrumb","itemListElement":[{"@type":"ListItem","position":1,"name":"Home","item":"https:\/\/tanzzo.com\/sk\/"},{"@type":"ListItem","position":2,"name":"Contact"}]},{"@type":"WebSite","@id":"https:\/\/tanzzo.com\/sk\/#website","url":"https:\/\/tanzzo.com\/sk\/","name":"Tanzzo","description":"GET YOUR PERFECT TAN","publisher":{"@id":"https:\/\/tanzzo.com\/sk\/#organization"},"potentialAction":[{"@type":"SearchAction","target":{"@type":"EntryPoint","urlTemplate":"https:\/\/tanzzo.com\/sk\/?s={search_term_string}"},"query-input":"required name=search_term_string"}],"inLanguage":"sk-SK"},{"@type":"Organization","@id":"https:\/\/tanzzo.com\/sk\/#organization","name":"Tanzzo","url":"https:\/\/tanzzo.com\/sk\/","logo":{"@type":"ImageObject","inLanguage":"sk-SK","@id":"https:\/\/tanzzo.com\/sk\/#\/schema\/logo\/image\/","url":"https:\/\/tanzzo.com\/wp-content\/uploads\/2021\/08\/tanzzo1.png","contentUrl":"https:\/\/tanzzo.com\/wp-content\/uploads\/2021\/08\/tanzzo1.png","width":2560,"height":426,"caption":"Tanzzo"},"image":{"@id":"https:\/\/tanzzo.com\/sk\/#\/schema\/logo\/image\/"},"sameAs":["https:\/\/www.facebook.com\/Tanzzzo\/","https:\/\/www.instagram.com\/tanzzo_original\/"]}]}},"_links":{"self":[{"href":"https:\/\/tanzzo.com\/sk\/wp-json\/wp\/v2\/pages\/2522","targetHints":{"allow":["GET"]}}],"collection":[{"href":"https:\/\/tanzzo.com\/sk\/wp-json\/wp\/v2\/pages"}],"about":[{"href":"https:\/\/tanzzo.com\/sk\/wp-json\/wp\/v2\/types\/page"}],"author":[{"embeddable":true,"href":"https:\/\/tanzzo.com\/sk\/wp-json\/wp\/v2\/users\/1"}],"replies":[{"embeddable":true,"href":"https:\/\/tanzzo.com\/sk\/wp-json\/wp\/v2\/comments?post=2522"}],"version-history":[{"count":2,"href":"https:\/\/tanzzo.com\/sk\/wp-json\/wp\/v2\/pages\/2522\/revisions"}],"predecessor-version":[{"id":5870,"href":"https:\/\/tanzzo.com\/sk\/wp-json\/wp\/v2\/pages\/2522\/revisions\/5870"}],"wp:attachment":[{"href":"https:\/\/tanzzo.com\/sk\/wp-json\/wp\/v2\/media?parent=2522"}],"curies":[{"name":"wp","href":"https:\/\/api.w.org\/{rel}","templated":true}]}}