
{"id":7232,"date":"2022-06-06T13:37:51","date_gmt":"2022-06-06T11:37:51","guid":{"rendered":"https:\/\/tanzzo.com\/?post_type=product&#038;p=7232"},"modified":"2022-07-01T12:54:24","modified_gmt":"2022-07-01T10:54:24","slug":"tanning-cream-2","status":"publish","type":"product","link":"https:\/\/tanzzo.com\/rs\/product\/tanning-cream-2\/","title":{"rendered":"Krema za br\u017ee tamnjenje &#8211; 200ml"},"content":{"rendered":"<div class=\"row row-collapse row-full-width\"  id=\"row-2719240\">\n\n\t<div id=\"col-1733347294\" class=\"col small-12 large-12\"  >\n\t\t\t\t<div class=\"col-inner\"  >\n\t\t\t\n\t\t\t\n<div class=\"row row-collapse row-full-width align-middle\"  id=\"row-1434983735\">\n\n\t<div id=\"col-462779665\" class=\"col medium-6 small-12 large-8\"  >\n\t\t\t\t<div class=\"col-inner\"  >\n\t\t\t\n\t\t\t\n\n  <div class=\"banner has-hover\" id=\"banner-1742590929\">\n          <div class=\"banner-inner fill\">\n        <div class=\"banner-bg fill\" >\n            <div class=\"bg fill bg-fill \"><\/div>\n                                    \n                    <\/div>\n\t\t\n        <div class=\"banner-layers container\">\n            <div class=\"fill banner-link\"><\/div>            \n        <\/div>\n      <\/div>\n\n            \n<style>\n#banner-1742590929 {\n  padding-top: 200px;\n  background-color: rgb(245, 245, 245);\n}\n#banner-1742590929 .bg.bg-loaded {\n  background-image: url(https:\/\/tanzzo.com\/wp-content\/uploads\/2022\/04\/DSC_2873_20-_20new-1400x575.jpg);\n}\n#banner-1742590929 .bg {\n  background-position: 83% 66%;\n}\n#banner-1742590929 .ux-shape-divider--top svg {\n  height: 150px;\n  --divider-top-width: 100%;\n}\n#banner-1742590929 .ux-shape-divider--bottom svg {\n  height: 150px;\n  --divider-width: 100%;\n}\n@media (min-width:550px) {\n  #banner-1742590929 {\n    padding-top: 460px;\n  }\n}\n<\/style>\n  <\/div>\n\n\n\t\t<\/div>\n\t\t\t\t\t<\/div>\n\n\t\n\n\t<div id=\"col-1531870164\" class=\"col pb-0 medium-6 small-12 large-4\"  >\n\t\t\t\t<div class=\"col-inner\"  >\n\t\t\t\n\t\t\t\n<div class=\"row row-collapse\"  id=\"row-1936221182\">\n\n\t<div id=\"col-1108462546\" class=\"col pb-0 large-12\"  >\n\t\t\t\t<div class=\"col-inner text-left\" style=\"background-color:rgb(255,255,255);\" >\n\t\t\t\n\t\t\t\n<ul class=\"orange-dots\">\n<li><span style=\"font-weight: 400;\">Brzo potamnjivanje <\/span><\/li>\n<li><span style=\"font-weight: 400;\">Hrani i hidrira <\/span><\/li>\n<li><span style=\"font-weight: 400;\">Posti\u017ee se predivan dugotrajan ten<\/span><\/li>\n<li><span style=\"font-weight: 400;\">Ko\u017ea je brzo upija i ne ostaju fleke<\/span><\/li>\n<li><span style=\"font-weight: 400;\">Prijatan ose\u0107aj na ko\u017ei<\/span><\/li>\n<li><span style=\"font-weight: 400;\">Zavodljivi tropski miris <\/span><\/li>\n<\/ul>\n\t<div id=\"gap-1604082764\" class=\"gap-element clearfix\" style=\"display:block; height:auto;\">\n\t\t\n<style>\n#gap-1604082764 {\n  padding-top: 30px;\n}\n<\/style>\n\t<\/div>\n\t\n<a href=\"#price-box-container\" target=\"_self\" class=\"button primary is-large\"  >\n    <span>KUPI SADA<\/span>\n  <\/a>\n\n\t\t<\/div>\n\t\t\t\t\n<style>\n#col-1108462546 > .col-inner {\n  margin: 0px 0px 0px 0px;\n}\n@media (min-width:550px) {\n  #col-1108462546 > .col-inner {\n    margin: 0px 0px 0px -30px;\n  }\n}\n@media (min-width:850px) {\n  #col-1108462546 > .col-inner {\n    margin: 0px 30px 0px -30px;\n  }\n}\n<\/style>\n\t<\/div>\n\n\t\n\n<style>\n#row-1936221182 > .col > .col-inner {\n  padding: 20px 20px 20px 20px;\n}\n@media (min-width:550px) {\n  #row-1936221182 > .col > .col-inner {\n    padding: 40px 40px 40px 40px;\n  }\n}\n<\/style>\n<\/div>\n\t\t<\/div>\n\t\t\t\t\t<\/div>\n\n\t\n<\/div>\n\t\t<\/div>\n\t\t\t\t\t<\/div>\n\n\t\n\n<style>\n#row-2719240 > .col > .col-inner {\n  background-color: rgb(245, 245, 245);\n}\n<\/style>\n<\/div>\n\n","protected":false},"excerpt":{"rendered":"<p><span style=\"font-weight: 400;\">Dozvolite da vam predstavimo neizbe\u017enog pratioca koga morate imati uz sebe na pla\u017ei da biste imali savr\u0161en ten posle povratka sa odmora! <\/span><span style=\"font-weight: 400;\">Tanzzo krema za potamnjivanje je posebno formulisana tako da vidno ubrzava prirodni proces potamnjivanja. Osigurava br\u017ee i intenzivnije tamnjenje, a istovremeno daje ko\u017ei neophodne hranljive materije i vlagu. Pa\u017eljivo odabrani sastojci deluju u harmoniji sa va\u0161om ko\u017eom, stvaraju\u0107i za kratko vreme \u010dokoladni ten koji izgleda bombasti\u010dno. Puter od kakao semena i ekstrakt korena \u0161argarepe tako\u0111e su sastavni deo na\u0161e kreme za potamnjivanje kako bi ko\u017ea sa\u010duvala hidriranost, pri \u010demu vam o\u010daravaju\u0107i miris pru\u017ea najsenzacionalnije letnje trenutke i vodi vas na sun\u010dana mesta za koja vam paso\u0161 nije potreban!<\/span><\/p>\n","protected":false},"featured_media":11874,"template":"","meta":[],"product_cat":[195],"product_tag":[],"class_list":["post-7232","product","type-product","status-publish","has-post-thumbnail","hentry","product_cat-uncategorized-rs"],"acf":[],"yoast_head":"<!-- This site is optimized with the Yoast SEO plugin v20.8 - https:\/\/yoast.com\/wordpress\/plugins\/seo\/ -->\n<title>Krema za br\u017ee tamnjenje - 200ml - Tanzzo<\/title>\n<meta name=\"description\" content=\"Tanzzo krema za sun\u010danje obezbe\u0111uje br\u017ee i intenzivnije tamnjenje, a istovremeno pru\u017ea va\u0161oj ko\u017ei hranljive materije i vlagu.\" \/>\n<meta name=\"robots\" content=\"index, follow, max-snippet:-1, max-image-preview:large, max-video-preview:-1\" \/>\n<link rel=\"canonical\" href=\"https:\/\/tanzzo.com\/rs\/product\/tanning-cream-2\/\" \/>\n<meta property=\"og:locale\" content=\"bs_BA\" \/>\n<meta property=\"og:type\" content=\"article\" \/>\n<meta property=\"og:title\" content=\"Krema za br\u017ee tamnjenje - 200ml - Tanzzo\" \/>\n<meta property=\"og:description\" content=\"Tanzzo krema za sun\u010danje obezbe\u0111uje br\u017ee i intenzivnije tamnjenje, a istovremeno pru\u017ea va\u0161oj ko\u017ei hranljive materije i vlagu.\" \/>\n<meta property=\"og:url\" content=\"https:\/\/tanzzo.com\/rs\/product\/tanning-cream-2\/\" \/>\n<meta property=\"og:site_name\" content=\"Tanzzo\" \/>\n<meta property=\"article:publisher\" content=\"https:\/\/www.facebook.com\/Tanzzzo\/\" \/>\n<meta property=\"article:modified_time\" content=\"2022-07-01T10:54:24+00:00\" \/>\n<meta property=\"og:image\" content=\"https:\/\/tanzzo.com\/wp-content\/uploads\/2022\/06\/tanning-cream-png.png\" \/>\n\t<meta property=\"og:image:width\" content=\"1080\" \/>\n\t<meta property=\"og:image:height\" content=\"1080\" \/>\n\t<meta property=\"og:image:type\" content=\"image\/png\" \/>\n<meta name=\"twitter:card\" content=\"summary_large_image\" \/>\n<meta name=\"twitter:label1\" content=\"Est. reading time\" \/>\n\t<meta name=\"twitter:data1\" content=\"2 minute\" \/>\n<script type=\"application\/ld+json\" class=\"yoast-schema-graph\">{\"@context\":\"https:\/\/schema.org\",\"@graph\":[{\"@type\":\"WebPage\",\"@id\":\"https:\/\/tanzzo.com\/rs\/product\/tanning-cream-2\/\",\"url\":\"https:\/\/tanzzo.com\/rs\/product\/tanning-cream-2\/\",\"name\":\"Krema za br\u017ee tamnjenje - 200ml - Tanzzo\",\"isPartOf\":{\"@id\":\"https:\/\/tanzzo.com\/rs\/#website\"},\"datePublished\":\"2022-06-06T11:37:51+00:00\",\"dateModified\":\"2022-07-01T10:54:24+00:00\",\"description\":\"Tanzzo krema za sun\u010danje obezbe\u0111uje br\u017ee i intenzivnije tamnjenje, a istovremeno pru\u017ea va\u0161oj ko\u017ei hranljive materije i vlagu.\",\"breadcrumb\":{\"@id\":\"https:\/\/tanzzo.com\/rs\/product\/tanning-cream-2\/#breadcrumb\"},\"inLanguage\":\"bs-BA\",\"potentialAction\":[{\"@type\":\"ReadAction\",\"target\":[\"https:\/\/tanzzo.com\/rs\/product\/tanning-cream-2\/\"]}]},{\"@type\":\"BreadcrumbList\",\"@id\":\"https:\/\/tanzzo.com\/rs\/product\/tanning-cream-2\/#breadcrumb\",\"itemListElement\":[{\"@type\":\"ListItem\",\"position\":1,\"name\":\"Home\",\"item\":\"https:\/\/tanzzo.com\/rs\/\"},{\"@type\":\"ListItem\",\"position\":2,\"name\":\"Trgovina\",\"item\":\"https:\/\/tanzzo.com\/rs\/trgovina\/\"},{\"@type\":\"ListItem\",\"position\":3,\"name\":\"Krema za br\u017ee tamnjenje &#8211; 200ml\"}]},{\"@type\":\"WebSite\",\"@id\":\"https:\/\/tanzzo.com\/rs\/#website\",\"url\":\"https:\/\/tanzzo.com\/rs\/\",\"name\":\"Tanzzo\",\"description\":\"GET YOUR PERFECT TAN\",\"publisher\":{\"@id\":\"https:\/\/tanzzo.com\/rs\/#organization\"},\"potentialAction\":[{\"@type\":\"SearchAction\",\"target\":{\"@type\":\"EntryPoint\",\"urlTemplate\":\"https:\/\/tanzzo.com\/rs\/?s={search_term_string}\"},\"query-input\":\"required name=search_term_string\"}],\"inLanguage\":\"bs-BA\"},{\"@type\":\"Organization\",\"@id\":\"https:\/\/tanzzo.com\/rs\/#organization\",\"name\":\"Tanzzo\",\"url\":\"https:\/\/tanzzo.com\/rs\/\",\"logo\":{\"@type\":\"ImageObject\",\"inLanguage\":\"bs-BA\",\"@id\":\"https:\/\/tanzzo.com\/rs\/#\/schema\/logo\/image\/\",\"url\":\"https:\/\/tanzzo.com\/wp-content\/uploads\/2021\/08\/tanzzo1.png\",\"contentUrl\":\"https:\/\/tanzzo.com\/wp-content\/uploads\/2021\/08\/tanzzo1.png\",\"width\":2560,\"height\":426,\"caption\":\"Tanzzo\"},\"image\":{\"@id\":\"https:\/\/tanzzo.com\/rs\/#\/schema\/logo\/image\/\"},\"sameAs\":[\"https:\/\/www.facebook.com\/Tanzzzo\/\",\"https:\/\/www.instagram.com\/tanzzo_original\/\"]}]}<\/script>\n<!-- \/ Yoast SEO plugin. -->","yoast_head_json":{"title":"Krema za br\u017ee tamnjenje - 200ml - Tanzzo","description":"Tanzzo krema za sun\u010danje obezbe\u0111uje br\u017ee i intenzivnije tamnjenje, a istovremeno pru\u017ea va\u0161oj ko\u017ei hranljive materije i vlagu.","robots":{"index":"index","follow":"follow","max-snippet":"max-snippet:-1","max-image-preview":"max-image-preview:large","max-video-preview":"max-video-preview:-1"},"canonical":"https:\/\/tanzzo.com\/rs\/product\/tanning-cream-2\/","og_locale":"bs_BA","og_type":"article","og_title":"Krema za br\u017ee tamnjenje - 200ml - Tanzzo","og_description":"Tanzzo krema za sun\u010danje obezbe\u0111uje br\u017ee i intenzivnije tamnjenje, a istovremeno pru\u017ea va\u0161oj ko\u017ei hranljive materije i vlagu.","og_url":"https:\/\/tanzzo.com\/rs\/product\/tanning-cream-2\/","og_site_name":"Tanzzo","article_publisher":"https:\/\/www.facebook.com\/Tanzzzo\/","article_modified_time":"2022-07-01T10:54:24+00:00","og_image":[{"width":1080,"height":1080,"url":"https:\/\/tanzzo.com\/wp-content\/uploads\/2022\/06\/tanning-cream-png.png","type":"image\/png"}],"twitter_card":"summary_large_image","twitter_misc":{"Est. reading time":"2 minute"},"schema":{"@context":"https:\/\/schema.org","@graph":[{"@type":"WebPage","@id":"https:\/\/tanzzo.com\/rs\/product\/tanning-cream-2\/","url":"https:\/\/tanzzo.com\/rs\/product\/tanning-cream-2\/","name":"Krema za br\u017ee tamnjenje - 200ml - Tanzzo","isPartOf":{"@id":"https:\/\/tanzzo.com\/rs\/#website"},"datePublished":"2022-06-06T11:37:51+00:00","dateModified":"2022-07-01T10:54:24+00:00","description":"Tanzzo krema za sun\u010danje obezbe\u0111uje br\u017ee i intenzivnije tamnjenje, a istovremeno pru\u017ea va\u0161oj ko\u017ei hranljive materije i vlagu.","breadcrumb":{"@id":"https:\/\/tanzzo.com\/rs\/product\/tanning-cream-2\/#breadcrumb"},"inLanguage":"bs-BA","potentialAction":[{"@type":"ReadAction","target":["https:\/\/tanzzo.com\/rs\/product\/tanning-cream-2\/"]}]},{"@type":"BreadcrumbList","@id":"https:\/\/tanzzo.com\/rs\/product\/tanning-cream-2\/#breadcrumb","itemListElement":[{"@type":"ListItem","position":1,"name":"Home","item":"https:\/\/tanzzo.com\/rs\/"},{"@type":"ListItem","position":2,"name":"Trgovina","item":"https:\/\/tanzzo.com\/rs\/trgovina\/"},{"@type":"ListItem","position":3,"name":"Krema za br\u017ee tamnjenje &#8211; 200ml"}]},{"@type":"WebSite","@id":"https:\/\/tanzzo.com\/rs\/#website","url":"https:\/\/tanzzo.com\/rs\/","name":"Tanzzo","description":"GET YOUR PERFECT TAN","publisher":{"@id":"https:\/\/tanzzo.com\/rs\/#organization"},"potentialAction":[{"@type":"SearchAction","target":{"@type":"EntryPoint","urlTemplate":"https:\/\/tanzzo.com\/rs\/?s={search_term_string}"},"query-input":"required name=search_term_string"}],"inLanguage":"bs-BA"},{"@type":"Organization","@id":"https:\/\/tanzzo.com\/rs\/#organization","name":"Tanzzo","url":"https:\/\/tanzzo.com\/rs\/","logo":{"@type":"ImageObject","inLanguage":"bs-BA","@id":"https:\/\/tanzzo.com\/rs\/#\/schema\/logo\/image\/","url":"https:\/\/tanzzo.com\/wp-content\/uploads\/2021\/08\/tanzzo1.png","contentUrl":"https:\/\/tanzzo.com\/wp-content\/uploads\/2021\/08\/tanzzo1.png","width":2560,"height":426,"caption":"Tanzzo"},"image":{"@id":"https:\/\/tanzzo.com\/rs\/#\/schema\/logo\/image\/"},"sameAs":["https:\/\/www.facebook.com\/Tanzzzo\/","https:\/\/www.instagram.com\/tanzzo_original\/"]}]}},"_links":{"self":[{"href":"https:\/\/tanzzo.com\/rs\/wp-json\/wp\/v2\/product\/7232","targetHints":{"allow":["GET"]}}],"collection":[{"href":"https:\/\/tanzzo.com\/rs\/wp-json\/wp\/v2\/product"}],"about":[{"href":"https:\/\/tanzzo.com\/rs\/wp-json\/wp\/v2\/types\/product"}],"wp:featuredmedia":[{"embeddable":true,"href":"https:\/\/tanzzo.com\/rs\/wp-json\/wp\/v2\/media\/11874"}],"wp:attachment":[{"href":"https:\/\/tanzzo.com\/rs\/wp-json\/wp\/v2\/media?parent=7232"}],"wp:term":[{"taxonomy":"product_cat","embeddable":true,"href":"https:\/\/tanzzo.com\/rs\/wp-json\/wp\/v2\/product_cat?post=7232"},{"taxonomy":"product_tag","embeddable":true,"href":"https:\/\/tanzzo.com\/rs\/wp-json\/wp\/v2\/product_tag?post=7232"}],"curies":[{"name":"wp","href":"https:\/\/api.w.org\/{rel}","templated":true}]}}