
{"id":5083,"date":"2021-08-09T08:07:39","date_gmt":"2022-04-22T07:01:45","guid":{"rendered":"https:\/\/tanzzo.com\/?post_type=product&#038;p=5083"},"modified":"2023-06-06T12:03:06","modified_gmt":"2023-06-06T10:03:06","slug":"tanning-cream","status":"publish","type":"product","link":"https:\/\/tanzzo.com\/rs\/product\/tanning-cream\/","title":{"rendered":"Krema za br\u017ee tamnjenje &#8211; 200ml"},"content":{"rendered":"<div class=\"row row-collapse row-full-width\"  id=\"row-622327299\">\n\n\t<div id=\"col-1308784390\" class=\"col small-12 large-12\"  >\n\t\t\t\t<div class=\"col-inner\"  >\n\t\t\t\n\t\t\t\n\n\t\t<\/div>\n\t\t\t\t\t<\/div>\n\n\t\n\n<style>\n#row-622327299 > .col > .col-inner {\n  background-color: rgb(245, 245, 245);\n}\n<\/style>\n<\/div>\n\n","protected":false},"excerpt":{"rendered":"<p><span><strong>Na\u0161a revolucionarna krema za sun\u010danje doprinosi postizanju najbolje preplanule boje, bilo na suncu ili u solarijumu.<\/strong><\/span><\/p>\n<ul class=\"orange-dots\">\n<li><b>ubrzava proces potamnjivanja<\/b><\/li>\n<li><strong>pru\u017ea hidrataciju i daje hranljive materije ko\u017ei<\/strong><\/li>\n<li><strong>brzo se upija i ne ostavlja mrlje<\/strong><\/li>\n<li><strong>esencija tropskog raja<\/strong><\/li>\n<\/ul>\n<p><span>TANZZO je ovde da vam pru\u017ei bolje iskustvo sa dobijanjem preplanule boje. Budite spremni da zablistate i dozvolite da vam ovo sredstvo za br\u017ee potamnjivanje pomogne da dobijete sjajan letnji izgled kojim \u0107e svi biti zadivljeni!<\/span><\/p>\n","protected":false},"featured_media":11874,"template":"","meta":[],"product_cat":[195],"product_tag":[],"class_list":["post-5083","product","type-product","status-publish","has-post-thumbnail","hentry","product_cat-uncategorized-rs"],"acf":[],"yoast_head":"<!-- This site is optimized with the Yoast SEO plugin v20.8 - https:\/\/yoast.com\/wordpress\/plugins\/seo\/ -->\n<title>Krema za br\u017ee tamnjenje - 200ml - Tanzzo<\/title>\n<meta name=\"description\" content=\"Tanzzo krema za sun\u010danje obezbe\u0111uje br\u017ee i intenzivnije tamnjenje, a istovremeno pru\u017ea va\u0161oj ko\u017ei hranljive materije i vlagu.\" \/>\n<meta name=\"robots\" content=\"index, follow, max-snippet:-1, max-image-preview:large, max-video-preview:-1\" \/>\n<link rel=\"canonical\" href=\"https:\/\/tanzzo.com\/rs\/product\/tanning-cream\/\" \/>\n<meta property=\"og:locale\" content=\"bs_BA\" \/>\n<meta property=\"og:type\" content=\"article\" \/>\n<meta property=\"og:title\" content=\"Krema za br\u017ee tamnjenje - 200ml - Tanzzo\" \/>\n<meta property=\"og:description\" content=\"Tanzzo krema za sun\u010danje obezbe\u0111uje br\u017ee i intenzivnije tamnjenje, a istovremeno pru\u017ea va\u0161oj ko\u017ei hranljive materije i vlagu.\" \/>\n<meta property=\"og:url\" content=\"https:\/\/tanzzo.com\/rs\/product\/tanning-cream\/\" \/>\n<meta property=\"og:site_name\" content=\"Tanzzo\" \/>\n<meta property=\"article:publisher\" content=\"https:\/\/www.facebook.com\/Tanzzzo\/\" \/>\n<meta property=\"article:modified_time\" content=\"2023-06-06T10:03:06+00:00\" \/>\n<meta property=\"og:image\" content=\"https:\/\/tanzzo.com\/wp-content\/uploads\/2022\/06\/tanning-cream-png.png\" \/>\n\t<meta property=\"og:image:width\" content=\"1080\" \/>\n\t<meta property=\"og:image:height\" content=\"1080\" \/>\n\t<meta property=\"og:image:type\" content=\"image\/png\" \/>\n<meta name=\"twitter:card\" content=\"summary_large_image\" \/>\n<meta name=\"twitter:label1\" content=\"Est. reading time\" \/>\n\t<meta name=\"twitter:data1\" content=\"2 minute\" \/>\n<script type=\"application\/ld+json\" class=\"yoast-schema-graph\">{\"@context\":\"https:\/\/schema.org\",\"@graph\":[{\"@type\":\"WebPage\",\"@id\":\"https:\/\/tanzzo.com\/rs\/product\/tanning-cream\/\",\"url\":\"https:\/\/tanzzo.com\/rs\/product\/tanning-cream\/\",\"name\":\"Krema za br\u017ee tamnjenje - 200ml - Tanzzo\",\"isPartOf\":{\"@id\":\"https:\/\/tanzzo.com\/rs\/#website\"},\"datePublished\":\"2022-04-22T07:01:45+00:00\",\"dateModified\":\"2023-06-06T10:03:06+00:00\",\"description\":\"Tanzzo krema za sun\u010danje obezbe\u0111uje br\u017ee i intenzivnije tamnjenje, a istovremeno pru\u017ea va\u0161oj ko\u017ei hranljive materije i vlagu.\",\"breadcrumb\":{\"@id\":\"https:\/\/tanzzo.com\/rs\/product\/tanning-cream\/#breadcrumb\"},\"inLanguage\":\"bs-BA\",\"potentialAction\":[{\"@type\":\"ReadAction\",\"target\":[\"https:\/\/tanzzo.com\/rs\/product\/tanning-cream\/\"]}]},{\"@type\":\"BreadcrumbList\",\"@id\":\"https:\/\/tanzzo.com\/rs\/product\/tanning-cream\/#breadcrumb\",\"itemListElement\":[{\"@type\":\"ListItem\",\"position\":1,\"name\":\"Home\",\"item\":\"https:\/\/tanzzo.com\/rs\/\"},{\"@type\":\"ListItem\",\"position\":2,\"name\":\"Trgovina\",\"item\":\"https:\/\/tanzzo.com\/rs\/trgovina\/\"},{\"@type\":\"ListItem\",\"position\":3,\"name\":\"Krema za br\u017ee tamnjenje &#8211; 200ml\"}]},{\"@type\":\"WebSite\",\"@id\":\"https:\/\/tanzzo.com\/rs\/#website\",\"url\":\"https:\/\/tanzzo.com\/rs\/\",\"name\":\"Tanzzo\",\"description\":\"GET YOUR PERFECT TAN\",\"publisher\":{\"@id\":\"https:\/\/tanzzo.com\/rs\/#organization\"},\"potentialAction\":[{\"@type\":\"SearchAction\",\"target\":{\"@type\":\"EntryPoint\",\"urlTemplate\":\"https:\/\/tanzzo.com\/rs\/?s={search_term_string}\"},\"query-input\":\"required name=search_term_string\"}],\"inLanguage\":\"bs-BA\"},{\"@type\":\"Organization\",\"@id\":\"https:\/\/tanzzo.com\/rs\/#organization\",\"name\":\"Tanzzo\",\"url\":\"https:\/\/tanzzo.com\/rs\/\",\"logo\":{\"@type\":\"ImageObject\",\"inLanguage\":\"bs-BA\",\"@id\":\"https:\/\/tanzzo.com\/rs\/#\/schema\/logo\/image\/\",\"url\":\"https:\/\/tanzzo.com\/wp-content\/uploads\/2021\/08\/tanzzo1.png\",\"contentUrl\":\"https:\/\/tanzzo.com\/wp-content\/uploads\/2021\/08\/tanzzo1.png\",\"width\":2560,\"height\":426,\"caption\":\"Tanzzo\"},\"image\":{\"@id\":\"https:\/\/tanzzo.com\/rs\/#\/schema\/logo\/image\/\"},\"sameAs\":[\"https:\/\/www.facebook.com\/Tanzzzo\/\",\"https:\/\/www.instagram.com\/tanzzo_original\/\"]}]}<\/script>\n<!-- \/ Yoast SEO plugin. -->","yoast_head_json":{"title":"Krema za br\u017ee tamnjenje - 200ml - Tanzzo","description":"Tanzzo krema za sun\u010danje obezbe\u0111uje br\u017ee i intenzivnije tamnjenje, a istovremeno pru\u017ea va\u0161oj ko\u017ei hranljive materije i vlagu.","robots":{"index":"index","follow":"follow","max-snippet":"max-snippet:-1","max-image-preview":"max-image-preview:large","max-video-preview":"max-video-preview:-1"},"canonical":"https:\/\/tanzzo.com\/rs\/product\/tanning-cream\/","og_locale":"bs_BA","og_type":"article","og_title":"Krema za br\u017ee tamnjenje - 200ml - Tanzzo","og_description":"Tanzzo krema za sun\u010danje obezbe\u0111uje br\u017ee i intenzivnije tamnjenje, a istovremeno pru\u017ea va\u0161oj ko\u017ei hranljive materije i vlagu.","og_url":"https:\/\/tanzzo.com\/rs\/product\/tanning-cream\/","og_site_name":"Tanzzo","article_publisher":"https:\/\/www.facebook.com\/Tanzzzo\/","article_modified_time":"2023-06-06T10:03:06+00:00","og_image":[{"width":1080,"height":1080,"url":"https:\/\/tanzzo.com\/wp-content\/uploads\/2022\/06\/tanning-cream-png.png","type":"image\/png"}],"twitter_card":"summary_large_image","twitter_misc":{"Est. reading time":"2 minute"},"schema":{"@context":"https:\/\/schema.org","@graph":[{"@type":"WebPage","@id":"https:\/\/tanzzo.com\/rs\/product\/tanning-cream\/","url":"https:\/\/tanzzo.com\/rs\/product\/tanning-cream\/","name":"Krema za br\u017ee tamnjenje - 200ml - Tanzzo","isPartOf":{"@id":"https:\/\/tanzzo.com\/rs\/#website"},"datePublished":"2022-04-22T07:01:45+00:00","dateModified":"2023-06-06T10:03:06+00:00","description":"Tanzzo krema za sun\u010danje obezbe\u0111uje br\u017ee i intenzivnije tamnjenje, a istovremeno pru\u017ea va\u0161oj ko\u017ei hranljive materije i vlagu.","breadcrumb":{"@id":"https:\/\/tanzzo.com\/rs\/product\/tanning-cream\/#breadcrumb"},"inLanguage":"bs-BA","potentialAction":[{"@type":"ReadAction","target":["https:\/\/tanzzo.com\/rs\/product\/tanning-cream\/"]}]},{"@type":"BreadcrumbList","@id":"https:\/\/tanzzo.com\/rs\/product\/tanning-cream\/#breadcrumb","itemListElement":[{"@type":"ListItem","position":1,"name":"Home","item":"https:\/\/tanzzo.com\/rs\/"},{"@type":"ListItem","position":2,"name":"Trgovina","item":"https:\/\/tanzzo.com\/rs\/trgovina\/"},{"@type":"ListItem","position":3,"name":"Krema za br\u017ee tamnjenje &#8211; 200ml"}]},{"@type":"WebSite","@id":"https:\/\/tanzzo.com\/rs\/#website","url":"https:\/\/tanzzo.com\/rs\/","name":"Tanzzo","description":"GET YOUR PERFECT TAN","publisher":{"@id":"https:\/\/tanzzo.com\/rs\/#organization"},"potentialAction":[{"@type":"SearchAction","target":{"@type":"EntryPoint","urlTemplate":"https:\/\/tanzzo.com\/rs\/?s={search_term_string}"},"query-input":"required name=search_term_string"}],"inLanguage":"bs-BA"},{"@type":"Organization","@id":"https:\/\/tanzzo.com\/rs\/#organization","name":"Tanzzo","url":"https:\/\/tanzzo.com\/rs\/","logo":{"@type":"ImageObject","inLanguage":"bs-BA","@id":"https:\/\/tanzzo.com\/rs\/#\/schema\/logo\/image\/","url":"https:\/\/tanzzo.com\/wp-content\/uploads\/2021\/08\/tanzzo1.png","contentUrl":"https:\/\/tanzzo.com\/wp-content\/uploads\/2021\/08\/tanzzo1.png","width":2560,"height":426,"caption":"Tanzzo"},"image":{"@id":"https:\/\/tanzzo.com\/rs\/#\/schema\/logo\/image\/"},"sameAs":["https:\/\/www.facebook.com\/Tanzzzo\/","https:\/\/www.instagram.com\/tanzzo_original\/"]}]}},"_links":{"self":[{"href":"https:\/\/tanzzo.com\/rs\/wp-json\/wp\/v2\/product\/5083","targetHints":{"allow":["GET"]}}],"collection":[{"href":"https:\/\/tanzzo.com\/rs\/wp-json\/wp\/v2\/product"}],"about":[{"href":"https:\/\/tanzzo.com\/rs\/wp-json\/wp\/v2\/types\/product"}],"wp:featuredmedia":[{"embeddable":true,"href":"https:\/\/tanzzo.com\/rs\/wp-json\/wp\/v2\/media\/11874"}],"wp:attachment":[{"href":"https:\/\/tanzzo.com\/rs\/wp-json\/wp\/v2\/media?parent=5083"}],"wp:term":[{"taxonomy":"product_cat","embeddable":true,"href":"https:\/\/tanzzo.com\/rs\/wp-json\/wp\/v2\/product_cat?post=5083"},{"taxonomy":"product_tag","embeddable":true,"href":"https:\/\/tanzzo.com\/rs\/wp-json\/wp\/v2\/product_tag?post=5083"}],"curies":[{"name":"wp","href":"https:\/\/api.w.org\/{rel}","templated":true}]}}