
{"id":13090,"date":"2022-07-11T11:33:36","date_gmt":"2022-07-11T09:33:36","guid":{"rendered":"https:\/\/tanzzo.com\/product\/bronzer\/"},"modified":"2022-07-11T13:47:06","modified_gmt":"2022-07-11T11:47:06","slug":"bronzer","status":"publish","type":"product","link":"https:\/\/tanzzo.com\/rs\/product\/bronzer\/","title":{"rendered":"Bronzer"},"content":{"rendered":"<div class=\"row row-collapse row-full-width\"  id=\"row-2036109298\">\n\n\t<div id=\"col-998337813\" class=\"col small-12 large-12\"  >\n\t\t\t\t<div class=\"col-inner\"  >\n\t\t\t\n\t\t\t\n\n\t\t<\/div>\n\t\t\t\t\t<\/div>\n\n\t\n\n<style>\n#row-2036109298 > .col > .col-inner {\n  background-color: rgb(245, 245, 245);\n}\n<\/style>\n<\/div>\n\t<section class=\"section product-reviews\" id=\"section_1829483939\">\n\t\t<div class=\"bg section-bg fill bg-fill  bg-loaded\" >\n\n\t\t\t\n\t\t\t\n\t\t\t\n\n\t\t<\/div>\n\n\t\t\n\n\t\t<div class=\"section-content relative\">\n\t\t\t\r\n\r\n<span class=\"scroll-to\" data-label=\"Scroll to: #reviews\" data-bullet=\"false\" data-link=\"#reviews\" data-title=\"Reviews\"><a name=\"reviews\"><\/a><\/span>\r\n\r\n<div class=\"row rvs\"  id=\"row-392167790\">\r\n\r\n\n\t<div id=\"col-2057873074\" class=\"col small-12 large-12\"  >\n\t\t\t\t<div class=\"col-inner\"  >\n\t\t\t\n\t\t\t\r\n\r\n<div class=\"row row-collapse\"  id=\"row-528930917\">\r\n\r\n\n\t<div id=\"col-990757086\" class=\"col medium-3 small-12 large-3\"  >\n\t\t\t\t<div class=\"col-inner\"  >\n\t\t\t\n\t\t\t\r\n\r\n<div class=\"is-divider divider clearfix\" style=\"margin-top:2em;margin-bottom:2em;max-width:100%;height:1px;background-color:rgb(0, 0, 0);\"><\/div>\r\n\r\n\r\n\t\t<\/div>\n\t\t\t\t\t<\/div>\n\n\t\r\n\n\t<div id=\"col-1628778018\" class=\"col medium-6 small-12 large-6\"  >\n\t\t\t\t<div class=\"col-inner\"  >\n\t\t\t\n\t\t\t\r\n\r\n\t<div id=\"text-690386458\" class=\"text\">\n\t\t\r\n\r\n<h2>Komentari<\/h2>\r\n\t\t\n<style>\n#text-690386458 {\n  font-size: 1.6rem;\n  text-align: center;\n}\n<\/style>\n\t<\/div>\n\t\r\n\r\n\t\t<\/div>\n\t\t\t\t\t<\/div>\n\n\t\r\n\n\t<div id=\"col-531995062\" class=\"col medium-3 small-12 large-3\"  >\n\t\t\t\t<div class=\"col-inner\"  >\n\t\t\t\n\t\t\t\r\n\r\n<div class=\"is-divider divider clearfix\" style=\"margin-top:2em;margin-bottom:2em;max-width:100%;height:1px;background-color:rgb(0, 0, 0);\"><\/div>\r\n\r\n\r\n\t\t<\/div>\n\t\t\t\t\t<\/div>\n\n\t\r\n\r\n<\/div>\r\n\t<div id=\"gap-81824390\" class=\"gap-element clearfix\" style=\"display:block; height:auto;\">\n\t\t\n<style>\n#gap-81824390 {\n  padding-top: 30px;\n}\n<\/style>\n\t<\/div>\n\t\r\n\r\n\r\n\t\t<\/div>\n\t\t\t\t\t<\/div>\n\n\t\r\n\n\t<div id=\"col-1858978309\" class=\"col small-12 large-12\"  >\n\t\t\t\t<div class=\"col-inner\"  >\n\t\t\t\n\t\t\t\r\n\r\n<div class=\"row row-collapse align-bottom\"  id=\"row-1030533140\">\r\n\r\n\n\t<div id=\"col-1142083135\" class=\"col medium-4 small-6 large-4\"  >\n\t\t\t\t<div class=\"col-inner\"  >\n\t\t\t\n\t\t\t\r\n\r\n\t<div id=\"text-2748484256\" class=\"text\">\n\t\t\r\n\r\n<div style=\"font-family: Light\">4.7 <span class=\"star-rating custom-rating\"><span style=\"width:94%\"><strong class=\"rating\"><\/strong><\/span><\/span><\/div><style>.float-left > .star-rating span:before, .float-left > .star-rating:before{ color: #f99c2e !important; }<\/style>\r\n\t\t\n<style>\n#text-2748484256 {\n  font-size: 1.5rem;\n}\n@media (min-width:550px) {\n  #text-2748484256 {\n    font-size: 2rem;\n  }\n}\n<\/style>\n\t<\/div>\n\t\r\n\r\n\t\t<\/div>\n\t\t\t\t\t<\/div>\n\n\t\r\n\n\t<div id=\"col-1435802863\" class=\"col hide-for-small medium-4 small-12 large-4\"  >\n\t\t\t\t<div class=\"col-inner\"  >\n\t\t\t\n\t\t\t\r\n\r\n\r\n\t\t<\/div>\n\t\t\t\t\t<\/div>\n\n\t\r\n\n\t<div id=\"col-1593916947\" class=\"col medium-4 small-6 large-4\"  >\n\t\t\t\t<div class=\"col-inner text-right\"  >\n\t\t\t\n\t\t\t\r\n\r\n\t<div id=\"text-2715015357\" class=\"text\">\n\t\t\r\n\r\n<span style=\"font-family: Light\">144 Reviews<\/span>\r\n\t\t\n<style>\n#text-2715015357 {\n  font-size: 1.2rem;\n}\n@media (min-width:550px) {\n  #text-2715015357 {\n    font-size: 1.5rem;\n  }\n}\n<\/style>\n\t<\/div>\n\t\r\n\r\n\t\t<\/div>\n\t\t\t\t\t<\/div>\n\n\t\r\n\r\n<\/div>\r\n\t<div id=\"gap-161683967\" class=\"gap-element clearfix\" style=\"display:block; height:auto;\">\n\t\t\n<style>\n#gap-161683967 {\n  padding-top: 10px;\n}\n@media (min-width:550px) {\n  #gap-161683967 {\n    padding-top: 30px;\n  }\n}\n<\/style>\n\t<\/div>\n\t\r\n\r\n\r\n\t\t<\/div>\n\t\t\t\t\t<\/div>\n\n\t\r\n\n\t<div id=\"col-1639705901\" class=\"col comment-box small-12 large-12\"  >\n\t\t\t\t<div class=\"col-inner\"  >\n\t\t\t\n\t\t\t\r\n\r\n  <div class=\"icon-box testimonial-box icon-box-left text-left\">\n                <div class=\"icon-box-text p-last-0\">\n          <div class=\"star-rating\"><span style=\"width:100%\"><strong class=\"rating\"><\/strong><\/span><\/div>  \t\t\t\t<div class=\"testimonial-text line-height-small italic test_text first-reset last-reset is-italic\">\n            \r\n\r\n<h3>Sara J, 23 SLO<\/h3>\r\n<p>Jednostavno obo\u017eavam da koristim bronzer! \u010cini moju ko\u017eu super sjajnom i blistavom!<\/p>\r\n\r\n\r\n          <\/div>\n          <div class=\"testimonial-meta pt-half\">\n             <strong class=\"testimonial-name test_name\"><\/strong>\n                          <span class=\"testimonial-company test_company\"><\/span>\n          <\/div>\n        <\/div>\n  <\/div>\n\n  \r\n  <div class=\"icon-box testimonial-box icon-box-left text-left\">\n                <div class=\"icon-box-text p-last-0\">\n          <div class=\"star-rating\"><span style=\"width:100%\"><strong class=\"rating\"><\/strong><\/span><\/div>  \t\t\t\t<div class=\"testimonial-text line-height-small italic test_text first-reset last-reset is-italic\">\n            \r\n\r\n<h3>Katerina U, 26 CZ<\/h3>\r\n<p>Koristim Bronzer svakodnevno na pla\u017ei, a tako\u0111e i noc\u0301u kada idem na \u017eurke! Sunce se tako lepo presijava na mojoj ko\u017ei!<\/p>\r\n\r\n\r\n          <\/div>\n          <div class=\"testimonial-meta pt-half\">\n             <strong class=\"testimonial-name test_name\"><\/strong>\n                          <span class=\"testimonial-company test_company\"><\/span>\n          <\/div>\n        <\/div>\n  <\/div>\n\n  \r\n  <div class=\"icon-box testimonial-box icon-box-left text-left\">\n                <div class=\"icon-box-text p-last-0\">\n          <div class=\"star-rating\"><span style=\"width:100%\"><strong class=\"rating\"><\/strong><\/span><\/div>  \t\t\t\t<div class=\"testimonial-text line-height-small italic test_text first-reset last-reset is-italic\">\n            \r\n\r\n<h3>Ondina W, 20 SK<\/h3>\r\n<p>Moja ko\u017ea postane veoma sjajna i hidratizovana nakon upotrebe bronzera. Obo\u017eavam ovaj proizvod!<\/p>\r\n\r\n\r\n          <\/div>\n          <div class=\"testimonial-meta pt-half\">\n             <strong class=\"testimonial-name test_name\"><\/strong>\n                          <span class=\"testimonial-company test_company\"><\/span>\n          <\/div>\n        <\/div>\n  <\/div>\n\n  \r\n  <div class=\"icon-box testimonial-box icon-box-left text-left\">\n                <div class=\"icon-box-text p-last-0\">\n          <div class=\"star-rating\"><span style=\"width:75%\"><strong class=\"rating\"><\/strong><\/span><\/div>  \t\t\t\t<div class=\"testimonial-text line-height-small italic test_text first-reset last-reset is-italic\">\n            \r\n\r\n<h3>Clementina P, 28 IT<\/h3>\r\n<p>Ovo je odli\u010dno za svaku priliku koju mo\u017eete zamisliti! Ostavlja veoma lepu svetlucavu ko\u017eu i sjajan izgled!<\/p>\r\n\r\n\r\n          <\/div>\n          <div class=\"testimonial-meta pt-half\">\n             <strong class=\"testimonial-name test_name\"><\/strong>\n                          <span class=\"testimonial-company test_company\"><\/span>\n          <\/div>\n        <\/div>\n  <\/div>\n\n  \r\n  <div class=\"icon-box testimonial-box icon-box-left text-left\">\n                <div class=\"icon-box-text p-last-0\">\n          <div class=\"star-rating\"><span style=\"width:75%\"><strong class=\"rating\"><\/strong><\/span><\/div>  \t\t\t\t<div class=\"testimonial-text line-height-small italic test_text first-reset last-reset is-italic\">\n            \r\n\r\n<h3>Nikolina Z, 25 RS<\/h3>\r\n<p>Moj de\u010dko je kupio Bronzer za moju ro\u0111endansku zabavu na pla\u017ei. Izgledala sam kao bronzana boginja i dobila sam toliko komplimenata! <\/p>\r\n\r\n\r\n          <\/div>\n          <div class=\"testimonial-meta pt-half\">\n             <strong class=\"testimonial-name test_name\"><\/strong>\n                          <span class=\"testimonial-company test_company\"><\/span>\n          <\/div>\n        <\/div>\n  <\/div>\n\n  \r\n  <div class=\"icon-box testimonial-box icon-box-left text-left\">\n                <div class=\"icon-box-text p-last-0\">\n          <div class=\"star-rating\"><span style=\"width:75%\"><strong class=\"rating\"><\/strong><\/span><\/div>  \t\t\t\t<div class=\"testimonial-text line-height-small italic test_text first-reset last-reset is-italic\">\n            \r\n\r\n<h3>Karin V, 24 SLO<\/h3>\r\n<p>Du\u0161ice, preporu\u010dujem ovaj proizvod! Ponekad ga koristim na suvim vrhovima kose i savr\u0161eno ih hrani!<\/p>\r\n\r\n\r\n          <\/div>\n          <div class=\"testimonial-meta pt-half\">\n             <strong class=\"testimonial-name test_name\"><\/strong>\n                          <span class=\"testimonial-company test_company\"><\/span>\n          <\/div>\n        <\/div>\n  <\/div>\n\n  \r\n  <div class=\"icon-box testimonial-box icon-box-left text-left\">\n                <div class=\"icon-box-text p-last-0\">\n          <div class=\"star-rating\"><span style=\"width:75%\"><strong class=\"rating\"><\/strong><\/span><\/div>  \t\t\t\t<div class=\"testimonial-text line-height-small italic test_text first-reset last-reset is-italic\">\n            \r\n\r\n<h3>Valentina L, 24 IT<\/h3>\r\n<p>Obo\u017eavam, obo\u017eavam,obo\u017eavam ovaj proizvod! Bronzana i svetlucava ko\u017ea je zagarantovana!<\/p>\r\n\r\n\r\n          <\/div>\n          <div class=\"testimonial-meta pt-half\">\n             <strong class=\"testimonial-name test_name\"><\/strong>\n                          <span class=\"testimonial-company test_company\"><\/span>\n          <\/div>\n        <\/div>\n  <\/div>\n\n  \r\n  <div class=\"icon-box testimonial-box icon-box-left text-left\">\n                <div class=\"icon-box-text p-last-0\">\n          <div class=\"star-rating\"><span style=\"width:75%\"><strong class=\"rating\"><\/strong><\/span><\/div>  \t\t\t\t<div class=\"testimonial-text line-height-small italic test_text first-reset last-reset is-italic\">\n            \r\n\r\n<h3>Polina R, 19 SK<\/h3>\r\n<p>Bronzer daje veoma lep suptilan sjaj Va\u0161oj ko\u017ei, \u010dinec\u0301i je da izgleda tako zdravo. <\/p>\r\n\r\n\r\n          <\/div>\n          <div class=\"testimonial-meta pt-half\">\n             <strong class=\"testimonial-name test_name\"><\/strong>\n                          <span class=\"testimonial-company test_company\"><\/span>\n          <\/div>\n        <\/div>\n  <\/div>\n\n  \r\n  <div class=\"icon-box testimonial-box icon-box-left text-left\">\n                <div class=\"icon-box-text p-last-0\">\n          <div class=\"star-rating\"><span style=\"width:75%\"><strong class=\"rating\"><\/strong><\/span><\/div>  \t\t\t\t<div class=\"testimonial-text line-height-small italic test_text first-reset last-reset is-italic\">\n            \r\n\r\n<h3>Lana J, 31 HR<\/h3>\r\n<p>OMB. Ovaj proizvod je neverovatan! Koristila bih ovo tokom cele godine samo za zdrav izgled ko\u017ee i sjaj. <\/p>\r\n\r\n\r\n          <\/div>\n          <div class=\"testimonial-meta pt-half\">\n             <strong class=\"testimonial-name test_name\"><\/strong>\n                          <span class=\"testimonial-company test_company\"><\/span>\n          <\/div>\n        <\/div>\n  <\/div>\n\n  \r\n  <div class=\"icon-box testimonial-box icon-box-left text-left\">\n                <div class=\"icon-box-text p-last-0\">\n          <div class=\"star-rating\"><span style=\"width:75%\"><strong class=\"rating\"><\/strong><\/span><\/div>  \t\t\t\t<div class=\"testimonial-text line-height-small italic test_text first-reset last-reset is-italic\">\n            \r\n\r\n<h3>Aneta C, 27 BG<\/h3>\r\n<p>Ostavlja blistav trag bronzane te\u010dnosti na ko\u017ei. Jednostavno je prelepo, toplo preporu\u010dujem!<\/p>\r\n\r\n\r\n          <\/div>\n          <div class=\"testimonial-meta pt-half\">\n             <strong class=\"testimonial-name test_name\"><\/strong>\n                          <span class=\"testimonial-company test_company\"><\/span>\n          <\/div>\n        <\/div>\n  <\/div>\n\n  \r\n\t<div id=\"gap-1223229989\" class=\"gap-element clearfix\" style=\"display:block; height:auto;\">\n\t\t\n<style>\n#gap-1223229989 {\n  padding-top: 30px;\n}\n<\/style>\n\t<\/div>\n\t\r\n\r\n\r\n\t\t<\/div>\n\t\t\t\t\t<\/div>\n\n\t\r\n\r\n<\/div>\r\n<div class=\"row\"  id=\"row-1803395970\">\r\n\r\n\n\t<div id=\"col-2068822401\" class=\"col small-12 large-12\"  >\n\t\t\t\t<div class=\"col-inner text-center\"  >\n\t\t\t\n\t\t\t\r\n\r\n<a class=\"button primary see-more\"  >\n    <span>See more<\/span>\n  <\/a>\n\r\n\r\n\r\n\t\t<\/div>\n\t\t\t\t\t<\/div>\n\n\t\r\n\r\n<\/div>\r\n\r\n\t\t<\/div>\n\n\t\t\n<style>\n#section_1829483939 {\n  padding-top: 30px;\n  padding-bottom: 30px;\n}\n#section_1829483939 .ux-shape-divider--top svg {\n  height: 150px;\n  --divider-top-width: 100%;\n}\n#section_1829483939 .ux-shape-divider--bottom svg {\n  height: 150px;\n  --divider-width: 100%;\n}\n@media (min-width:850px) {\n  #section_1829483939 {\n    padding-top: 100px;\n    padding-bottom: 100px;\n  }\n}\n<\/style>\n\t<\/section>\n\t\n","protected":false},"excerpt":{"rendered":"<p>Tanzzo Bronzer je savr\u0161ena me\u0161avina hidratacije koja se bez napora upija i sloja apsolutno usavr\u0161avaju\u0107e bronze. Ovo bogato, luksuzno ulje za telo ostavlja dodirljiv, svilenkasto mekani osec\u0301aj na ko\u017ei i delikatan miris kokosa. Vla\u017ei, dodaje sjaj, ujedna\u010dava Va\u0161u ko\u017eu i najbolji je poja\u010diva\u010d preplanule ko\u017ee koji c\u0301ete ikada koristiti.<br \/>\nAko je i\u0161ta blizu zapanjujuc\u0301oj ko\u017ei u boci, to je Tanzzo Bronzer.<\/p>\n<ul class=\"orange-dots\">\n<li><b>Osvetljavajuc\u0301i sjaj bronzera<\/b><\/li>\n<li><strong>Luksuzna i lagana formula<\/strong><\/li>\n<li><strong>Tropski miris kokosa<\/strong><\/li>\n<li><strong>Hidratantna i vla\u017ee\u0107a formula<\/strong><\/li>\n<li><strong>Pogodno za sve prilike<\/strong><\/li>\n<\/ul>\n","protected":false},"featured_media":13106,"template":"","meta":[],"product_cat":[195],"product_tag":[],"class_list":["post-13090","product","type-product","status-publish","has-post-thumbnail","hentry","product_cat-uncategorized-rs"],"acf":[],"yoast_head":"<!-- This site is optimized with the Yoast SEO plugin v20.8 - https:\/\/yoast.com\/wordpress\/plugins\/seo\/ -->\n<title>Bronzer - Tanzzo<\/title>\n<meta name=\"robots\" content=\"index, follow, max-snippet:-1, max-image-preview:large, max-video-preview:-1\" \/>\n<link rel=\"canonical\" href=\"https:\/\/tanzzo.com\/rs\/product\/bronzer\/\" \/>\n<meta property=\"og:locale\" content=\"bs_BA\" \/>\n<meta property=\"og:type\" content=\"article\" \/>\n<meta property=\"og:title\" content=\"Bronzer - Tanzzo\" \/>\n<meta property=\"og:description\" content=\"Tanzzo Bronzer je savr\u0161ena me\u0161avina hidratacije koja se bez napora upija i sloja apsolutno usavr\u0161avaju\u0107e bronze. Ovo bogato, luksuzno ulje za telo ostavlja dodirljiv, svilenkasto mekani osec\u0301aj na ko\u017ei i delikatan miris kokosa. Vla\u017ei, dodaje sjaj, ujedna\u010dava Va\u0161u ko\u017eu i najbolji je poja\u010diva\u010d preplanule ko\u017ee koji c\u0301ete ikada koristiti. Ako je i\u0161ta blizu zapanjujuc\u0301oj ko\u017ei u boci, to je Tanzzo Bronzer.   Osvetljavajuc\u0301i sjaj bronzera  Luksuzna i lagana formula  Tropski miris kokosa  Hidratantna i vla\u017ee\u0107a formula  Pogodno za sve prilike\" \/>\n<meta property=\"og:url\" content=\"https:\/\/tanzzo.com\/rs\/product\/bronzer\/\" \/>\n<meta property=\"og:site_name\" content=\"Tanzzo\" \/>\n<meta property=\"article:publisher\" content=\"https:\/\/www.facebook.com\/Tanzzzo\/\" \/>\n<meta property=\"article:modified_time\" content=\"2022-07-11T11:47:06+00:00\" \/>\n<meta property=\"og:image\" content=\"https:\/\/tanzzo.com\/wp-content\/uploads\/2022\/07\/Bronzer-belo_ozadje-800x800.png\" \/>\n\t<meta property=\"og:image:width\" content=\"800\" \/>\n\t<meta property=\"og:image:height\" content=\"800\" \/>\n\t<meta property=\"og:image:type\" content=\"image\/png\" \/>\n<meta name=\"twitter:card\" content=\"summary_large_image\" \/>\n<meta name=\"twitter:label1\" content=\"Est. reading time\" \/>\n\t<meta name=\"twitter:data1\" content=\"1 minuta\" \/>\n<script type=\"application\/ld+json\" class=\"yoast-schema-graph\">{\"@context\":\"https:\/\/schema.org\",\"@graph\":[{\"@type\":\"WebPage\",\"@id\":\"https:\/\/tanzzo.com\/rs\/product\/bronzer\/\",\"url\":\"https:\/\/tanzzo.com\/rs\/product\/bronzer\/\",\"name\":\"Bronzer - Tanzzo\",\"isPartOf\":{\"@id\":\"https:\/\/tanzzo.com\/rs\/#website\"},\"datePublished\":\"2022-07-11T09:33:36+00:00\",\"dateModified\":\"2022-07-11T11:47:06+00:00\",\"breadcrumb\":{\"@id\":\"https:\/\/tanzzo.com\/rs\/product\/bronzer\/#breadcrumb\"},\"inLanguage\":\"bs-BA\",\"potentialAction\":[{\"@type\":\"ReadAction\",\"target\":[\"https:\/\/tanzzo.com\/rs\/product\/bronzer\/\"]}]},{\"@type\":\"BreadcrumbList\",\"@id\":\"https:\/\/tanzzo.com\/rs\/product\/bronzer\/#breadcrumb\",\"itemListElement\":[{\"@type\":\"ListItem\",\"position\":1,\"name\":\"Home\",\"item\":\"https:\/\/tanzzo.com\/rs\/\"},{\"@type\":\"ListItem\",\"position\":2,\"name\":\"Trgovina\",\"item\":\"https:\/\/tanzzo.com\/rs\/trgovina\/\"},{\"@type\":\"ListItem\",\"position\":3,\"name\":\"Bronzer\"}]},{\"@type\":\"WebSite\",\"@id\":\"https:\/\/tanzzo.com\/rs\/#website\",\"url\":\"https:\/\/tanzzo.com\/rs\/\",\"name\":\"Tanzzo\",\"description\":\"GET YOUR PERFECT TAN\",\"publisher\":{\"@id\":\"https:\/\/tanzzo.com\/rs\/#organization\"},\"potentialAction\":[{\"@type\":\"SearchAction\",\"target\":{\"@type\":\"EntryPoint\",\"urlTemplate\":\"https:\/\/tanzzo.com\/rs\/?s={search_term_string}\"},\"query-input\":\"required name=search_term_string\"}],\"inLanguage\":\"bs-BA\"},{\"@type\":\"Organization\",\"@id\":\"https:\/\/tanzzo.com\/rs\/#organization\",\"name\":\"Tanzzo\",\"url\":\"https:\/\/tanzzo.com\/rs\/\",\"logo\":{\"@type\":\"ImageObject\",\"inLanguage\":\"bs-BA\",\"@id\":\"https:\/\/tanzzo.com\/rs\/#\/schema\/logo\/image\/\",\"url\":\"https:\/\/tanzzo.com\/wp-content\/uploads\/2021\/08\/tanzzo1.png\",\"contentUrl\":\"https:\/\/tanzzo.com\/wp-content\/uploads\/2021\/08\/tanzzo1.png\",\"width\":2560,\"height\":426,\"caption\":\"Tanzzo\"},\"image\":{\"@id\":\"https:\/\/tanzzo.com\/rs\/#\/schema\/logo\/image\/\"},\"sameAs\":[\"https:\/\/www.facebook.com\/Tanzzzo\/\",\"https:\/\/www.instagram.com\/tanzzo_original\/\"]}]}<\/script>\n<!-- \/ Yoast SEO plugin. -->","yoast_head_json":{"title":"Bronzer - Tanzzo","robots":{"index":"index","follow":"follow","max-snippet":"max-snippet:-1","max-image-preview":"max-image-preview:large","max-video-preview":"max-video-preview:-1"},"canonical":"https:\/\/tanzzo.com\/rs\/product\/bronzer\/","og_locale":"bs_BA","og_type":"article","og_title":"Bronzer - Tanzzo","og_description":"Tanzzo Bronzer je savr\u0161ena me\u0161avina hidratacije koja se bez napora upija i sloja apsolutno usavr\u0161avaju\u0107e bronze. Ovo bogato, luksuzno ulje za telo ostavlja dodirljiv, svilenkasto mekani osec\u0301aj na ko\u017ei i delikatan miris kokosa. Vla\u017ei, dodaje sjaj, ujedna\u010dava Va\u0161u ko\u017eu i najbolji je poja\u010diva\u010d preplanule ko\u017ee koji c\u0301ete ikada koristiti. Ako je i\u0161ta blizu zapanjujuc\u0301oj ko\u017ei u boci, to je Tanzzo Bronzer.   Osvetljavajuc\u0301i sjaj bronzera  Luksuzna i lagana formula  Tropski miris kokosa  Hidratantna i vla\u017ee\u0107a formula  Pogodno za sve prilike","og_url":"https:\/\/tanzzo.com\/rs\/product\/bronzer\/","og_site_name":"Tanzzo","article_publisher":"https:\/\/www.facebook.com\/Tanzzzo\/","article_modified_time":"2022-07-11T11:47:06+00:00","og_image":[{"width":800,"height":800,"url":"https:\/\/tanzzo.com\/wp-content\/uploads\/2022\/07\/Bronzer-belo_ozadje-800x800.png","type":"image\/png"}],"twitter_card":"summary_large_image","twitter_misc":{"Est. reading time":"1 minuta"},"schema":{"@context":"https:\/\/schema.org","@graph":[{"@type":"WebPage","@id":"https:\/\/tanzzo.com\/rs\/product\/bronzer\/","url":"https:\/\/tanzzo.com\/rs\/product\/bronzer\/","name":"Bronzer - Tanzzo","isPartOf":{"@id":"https:\/\/tanzzo.com\/rs\/#website"},"datePublished":"2022-07-11T09:33:36+00:00","dateModified":"2022-07-11T11:47:06+00:00","breadcrumb":{"@id":"https:\/\/tanzzo.com\/rs\/product\/bronzer\/#breadcrumb"},"inLanguage":"bs-BA","potentialAction":[{"@type":"ReadAction","target":["https:\/\/tanzzo.com\/rs\/product\/bronzer\/"]}]},{"@type":"BreadcrumbList","@id":"https:\/\/tanzzo.com\/rs\/product\/bronzer\/#breadcrumb","itemListElement":[{"@type":"ListItem","position":1,"name":"Home","item":"https:\/\/tanzzo.com\/rs\/"},{"@type":"ListItem","position":2,"name":"Trgovina","item":"https:\/\/tanzzo.com\/rs\/trgovina\/"},{"@type":"ListItem","position":3,"name":"Bronzer"}]},{"@type":"WebSite","@id":"https:\/\/tanzzo.com\/rs\/#website","url":"https:\/\/tanzzo.com\/rs\/","name":"Tanzzo","description":"GET YOUR PERFECT TAN","publisher":{"@id":"https:\/\/tanzzo.com\/rs\/#organization"},"potentialAction":[{"@type":"SearchAction","target":{"@type":"EntryPoint","urlTemplate":"https:\/\/tanzzo.com\/rs\/?s={search_term_string}"},"query-input":"required name=search_term_string"}],"inLanguage":"bs-BA"},{"@type":"Organization","@id":"https:\/\/tanzzo.com\/rs\/#organization","name":"Tanzzo","url":"https:\/\/tanzzo.com\/rs\/","logo":{"@type":"ImageObject","inLanguage":"bs-BA","@id":"https:\/\/tanzzo.com\/rs\/#\/schema\/logo\/image\/","url":"https:\/\/tanzzo.com\/wp-content\/uploads\/2021\/08\/tanzzo1.png","contentUrl":"https:\/\/tanzzo.com\/wp-content\/uploads\/2021\/08\/tanzzo1.png","width":2560,"height":426,"caption":"Tanzzo"},"image":{"@id":"https:\/\/tanzzo.com\/rs\/#\/schema\/logo\/image\/"},"sameAs":["https:\/\/www.facebook.com\/Tanzzzo\/","https:\/\/www.instagram.com\/tanzzo_original\/"]}]}},"_links":{"self":[{"href":"https:\/\/tanzzo.com\/rs\/wp-json\/wp\/v2\/product\/13090","targetHints":{"allow":["GET"]}}],"collection":[{"href":"https:\/\/tanzzo.com\/rs\/wp-json\/wp\/v2\/product"}],"about":[{"href":"https:\/\/tanzzo.com\/rs\/wp-json\/wp\/v2\/types\/product"}],"wp:featuredmedia":[{"embeddable":true,"href":"https:\/\/tanzzo.com\/rs\/wp-json\/wp\/v2\/media\/13106"}],"wp:attachment":[{"href":"https:\/\/tanzzo.com\/rs\/wp-json\/wp\/v2\/media?parent=13090"}],"wp:term":[{"taxonomy":"product_cat","embeddable":true,"href":"https:\/\/tanzzo.com\/rs\/wp-json\/wp\/v2\/product_cat?post=13090"},{"taxonomy":"product_tag","embeddable":true,"href":"https:\/\/tanzzo.com\/rs\/wp-json\/wp\/v2\/product_tag?post=13090"}],"curies":[{"name":"wp","href":"https:\/\/api.w.org\/{rel}","templated":true}]}}