
{"id":5025,"date":"2022-04-22T08:52:19","date_gmt":"2022-04-22T06:52:19","guid":{"rendered":"https:\/\/tanzzo.com\/?page_id=5025"},"modified":"2022-04-22T09:13:40","modified_gmt":"2022-04-22T07:13:40","slug":"collab-with-us","status":"publish","type":"page","link":"https:\/\/tanzzo.com\/rs\/collab-with-us\/","title":{"rendered":"SARA\u0110UJTE S NAMA!"},"content":{"rendered":"\t<section class=\"section\" id=\"section_1569583610\">\n\t\t<div class=\"bg section-bg fill bg-fill  bg-loaded\" >\n\n\t\t\t\n\t\t\t\n\t\t\t\n\n\t\t<\/div>\n\n\t\t\n\n\t\t<div class=\"section-content relative\">\n\t\t\t\n<div class=\"row\" style=\"max-width:1289px\" id=\"row-1917476681\">\n\n\t<div id=\"col-798778409\" class=\"col medium-2 small-12 large-2\"  >\n\t\t\t\t<div class=\"col-inner\"  >\n\t\t\t\n\t\t\t\n<div class=\"is-divider divider clearfix\" style=\"margin-top:2em;margin-bottom:2em;max-width:100%;height:1px;background-color:rgb(0, 0, 0);\"><\/div>\n\t\t<\/div>\n\t\t\t\t\t<\/div>\n\n\t\n\n\t<div id=\"col-360011215\" class=\"col medium-8 small-12 large-8\"  >\n\t\t\t\t<div class=\"col-inner text-center\"  >\n\t\t\t\n\t\t\t\n\t<div id=\"text-725580452\" class=\"text\">\n\t\t\n<h2 style=\"text-transform: uppercase;\">SARA\u0110UJTE S NAMA!<br \/>\n<\/h2>\n\t\t\n<style>\n#text-725580452 {\n  font-size: 1.6rem;\n  text-align: center;\n}\n<\/style>\n\t<\/div>\n\t\n\t\t<\/div>\n\t\t\t\t\t<\/div>\n\n\t\n\n\t<div id=\"col-1916243039\" class=\"col medium-2 small-12 large-2\"  >\n\t\t\t\t<div class=\"col-inner\"  >\n\t\t\t\n\t\t\t\n<div class=\"is-divider divider clearfix\" style=\"margin-top:2em;margin-bottom:2em;max-width:100%;height:1px;background-color:rgb(0, 0, 0);\"><\/div>\n\t\t<\/div>\n\t\t\t\t\t<\/div>\n\n\t\n<\/div>\n\t<div id=\"gap-1574071554\" class=\"gap-element clearfix\" style=\"display:block; height:auto;\">\n\t\t\n<style>\n#gap-1574071554 {\n  padding-top: 30px;\n}\n<\/style>\n\t<\/div>\n\t\n<div class=\"row align-middle\" style=\"max-width:1289px\" id=\"row-596437748\">\n\n\t<div id=\"col-663513646\" class=\"col small-12 large-12\"  >\n\t\t\t\t<div class=\"col-inner\"  >\n\t\t\t\n\t\t\t\n<p><span style=\"font-weight: 400;\">\u0106ao, srce!\u00a0<\/span><\/p>\n<p><span style=\"font-weight: 400;\">Sledi\u0161 li svoj san da postane\u0161 model ili influenserka koja je zainteresovana za saradnju s nama? Da li istinski voli\u0161 preplanulost?\u00a0<\/span><\/p>\n<p><b><i>Bilo da si instagramerka, vlogerka, blogerka ili samo verni kupac, voleli bismo da sara\u0111ujemo s tobom putem dru\u0161tvenih mre\u017ea!\u00a0<\/i><\/b><\/p>\n<p><span style=\"font-weight: 400;\">Nakon registracije, odvoji\u0107emo vreme da pregledamo tvoju prijavu. Ako verujemo da postoji veza, primi\u0107e\u0161 e-po\u0161tu sa ponudom za saradnju.<\/span><\/p>\n<p><b>AKO OSE\u0106A\u0160 DA TE NE\u0160TO PRIVLA\u010cI U OVOM OPISU, ISKA\u017dI SVOJE INTERESOVANJE POPUNJAVANJEM OVOG OBRASCA <\/b><b>\u2661<\/b><\/p>\n<p><span style=\"font-weight: 400;\">Imaj na umu to da vi\u0161estruke prijave ne pove\u0107avaju \u0161ansu da \u0107emo te kontaktirati. Sigurno \u0107emo se javiti ako vidimo da si odgovaraju\u0107a osoba!<\/span><\/p>\n\n<div class=\"wpcf7 no-js\" id=\"wpcf7-f5324-o1\" lang=\"bs-BA\" dir=\"ltr\">\n<div class=\"screen-reader-response\"><p role=\"status\" aria-live=\"polite\" aria-atomic=\"true\"><\/p> <ul><\/ul><\/div>\n<form action=\"\/rs\/wp-json\/wp\/v2\/pages\/5025#wpcf7-f5324-o1\" method=\"post\" class=\"wpcf7-form init\" aria-label=\"Kontakt obrazac\" novalidate=\"novalidate\" data-status=\"init\">\n<div style=\"display: none;\">\n<input type=\"hidden\" name=\"_wpcf7\" value=\"5324\" \/>\n<input type=\"hidden\" name=\"_wpcf7_version\" value=\"5.7.6\" \/>\n<input type=\"hidden\" name=\"_wpcf7_locale\" value=\"bs_BA\" \/>\n<input type=\"hidden\" name=\"_wpcf7_unit_tag\" value=\"wpcf7-f5324-o1\" \/>\n<input type=\"hidden\" name=\"_wpcf7_container_post\" value=\"0\" \/>\n<input type=\"hidden\" name=\"_wpcf7_posted_data_hash\" value=\"\" \/>\n<input type=\"hidden\" name=\"_wpcf7_recaptcha_response\" value=\"\" \/>\n<\/div>\n<input class=\"wpcf7-form-control wpcf7-hidden\" id=\"thankyouURL\" value=\"https:\/\/tanzzo.com\/thank-you-for-inquiry\/\" type=\"hidden\" name=\"thankyouURL\" \/>\n<div class=\"collab-form\">\n\t<p><label><span class=\"wpcf7-form-control-wrap\" data-name=\"your-name\"><input size=\"40\" class=\"wpcf7-form-control wpcf7-text wpcf7-validates-as-required\" aria-required=\"true\" aria-invalid=\"false\" placeholder=\"Ime i prezime\" value=\"\" type=\"text\" name=\"your-name\" \/><\/span><\/label>\n\t<\/p>\n\t<p><label><span class=\"wpcf7-form-control-wrap\" data-name=\"country\"><input size=\"40\" class=\"wpcf7-form-control wpcf7-text wpcf7-validates-as-required\" aria-required=\"true\" aria-invalid=\"false\" placeholder=\"Odakle si?\" value=\"\" type=\"text\" name=\"country\" \/><\/span> <\/label>\n\t<\/p>\n\t<p><label><span class=\"wpcf7-form-control-wrap\" data-name=\"your-email\"><input size=\"40\" class=\"wpcf7-form-control wpcf7-text wpcf7-email wpcf7-validates-as-required wpcf7-validates-as-email\" aria-required=\"true\" aria-invalid=\"false\" placeholder=\"Tvoja adresa e-po\u0161te (da mo\u017eemo da te kontaktiramo)\" value=\"\" type=\"email\" name=\"your-email\" \/><\/span> <\/label>\n\t<\/p>\n\t<p><label>Kojim profilima na dru\u0161tvenim mre\u017eama upravlja\u0161?<br \/>\n<span class=\"wpcf7-form-control-wrap\" data-name=\"platform\"><select class=\"wpcf7-form-control wpcf7-select wpcf7-validates-as-required\" aria-required=\"true\" aria-invalid=\"false\" name=\"platform\"><option value=\"Instagram\">Instagram<\/option><option value=\"TikTok\">TikTok<\/option><option value=\"YouTube\">YouTube<\/option><option value=\"Facebook\">Facebook<\/option><option value=\"Ostalo\">Ostalo<\/option><\/select><\/span><\/label>\n\t<\/p>\n\t<p><label><span class=\"wpcf7-form-control-wrap\" data-name=\"handle\"><input size=\"40\" class=\"wpcf7-form-control wpcf7-text wpcf7-validates-as-required\" aria-required=\"true\" aria-invalid=\"false\" placeholder=\"Nalepi veze ka svojim profilima na dru\u0161tvenim mre\u017eama (Instagram, Tik Tok, Youtube,...)\" value=\"\" type=\"text\" name=\"handle\" \/><\/span> <\/label>\n\t<\/p>\n\t<p><label>Koja je glavna tema tvoje platforme \/ tvojih platformi?<br \/>\n<span class=\"wpcf7-form-control-wrap\" data-name=\"focus\"><select class=\"wpcf7-form-control wpcf7-select wpcf7-validates-as-required\" aria-required=\"true\" aria-invalid=\"false\" name=\"focus\"><option value=\"Moda\">Moda<\/option><option value=\"Hrana\">Hrana<\/option><option value=\"Fitnes\">Fitnes<\/option><option value=\"\u017divotni stil\">\u017divotni stil<\/option><option value=\"Putovanje\">Putovanje<\/option><option value=\"Ostalo\">Ostalo<\/option><\/select><\/span><\/label>\n\t<\/p>\n\t<p><label><span class=\"wpcf7-form-control-wrap\" data-name=\"your-message\"><textarea cols=\"40\" rows=\"10\" class=\"wpcf7-form-control wpcf7-textarea wpcf7-validates-as-required\" aria-required=\"true\" aria-invalid=\"false\" placeholder=\"Kako bi \u017eelela da promovi\u0161e\u0161 na\u0161e proizvode i kako bi mogla da doprinese\u0161 na\u0161oj porodici TANZZO?\" name=\"your-message\"><\/textarea><\/span> <\/label>\n\t<\/p>\n\t<p><input class=\"wpcf7-form-control has-spinner wpcf7-submit\" type=\"submit\" value=\"PROSLEDI\" \/>\n\t<\/p>\n<\/div>\n<p><script>\ndocument.addEventListener( 'wpcf7mailsent', function( event ) {\n var thankyouURL = document.getElementById(\"thankyouURL\").value;\n location = thankyouURL;\n}, false );\n<\/script>\n<\/p><div class=\"wpcf7-response-output\" aria-hidden=\"true\"><\/div>\n<\/form>\n<\/div>\n\n\t\t<\/div>\n\t\t\t\t\t<\/div>\n\n\t\n<\/div>\n\t\t<\/div>\n\n\t\t\n<style>\n#section_1569583610 {\n  padding-top: 100px;\n  padding-bottom: 100px;\n}\n#section_1569583610 .ux-shape-divider--top svg {\n  height: 150px;\n  --divider-top-width: 100%;\n}\n#section_1569583610 .ux-shape-divider--bottom svg {\n  height: 150px;\n  --divider-width: 100%;\n}\n<\/style>\n\t<\/section>\n\t\n","protected":false},"excerpt":{"rendered":"","protected":false},"author":1,"featured_media":0,"parent":0,"menu_order":0,"comment_status":"closed","ping_status":"closed","template":"","meta":{"footnotes":""},"class_list":["post-5025","page","type-page","status-publish","hentry"],"acf":[],"yoast_head":"<!-- This site is optimized with the Yoast SEO plugin v20.8 - https:\/\/yoast.com\/wordpress\/plugins\/seo\/ -->\n<title>SARA\u0110UJTE S NAMA! - Tanzzo<\/title>\n<meta name=\"description\" content=\"Bilo da ste instagramer, vloger, bloger ili samo lojalan kupac, voleli bismo da sara\u0111ujemo sa vama putem dru\u0161tvenih medija!\" \/>\n<meta name=\"robots\" content=\"index, follow, max-snippet:-1, max-image-preview:large, max-video-preview:-1\" \/>\n<link rel=\"canonical\" href=\"https:\/\/tanzzo.com\/rs\/collab-with-us\/\" \/>\n<meta property=\"og:locale\" content=\"bs_BA\" \/>\n<meta property=\"og:type\" content=\"article\" \/>\n<meta property=\"og:title\" content=\"SARA\u0110UJTE S NAMA! - Tanzzo\" \/>\n<meta property=\"og:description\" content=\"Bilo da ste instagramer, vloger, bloger ili samo lojalan kupac, voleli bismo da sara\u0111ujemo sa vama putem dru\u0161tvenih medija!\" \/>\n<meta property=\"og:url\" content=\"https:\/\/tanzzo.com\/rs\/collab-with-us\/\" \/>\n<meta property=\"og:site_name\" content=\"Tanzzo\" \/>\n<meta property=\"article:publisher\" content=\"https:\/\/www.facebook.com\/Tanzzzo\/\" \/>\n<meta property=\"article:modified_time\" content=\"2022-04-22T07:13:40+00:00\" \/>\n<meta name=\"twitter:card\" content=\"summary_large_image\" \/>\n<meta name=\"twitter:label1\" content=\"Est. reading time\" \/>\n\t<meta name=\"twitter:data1\" content=\"1 minuta\" \/>\n<script type=\"application\/ld+json\" class=\"yoast-schema-graph\">{\"@context\":\"https:\/\/schema.org\",\"@graph\":[{\"@type\":\"WebPage\",\"@id\":\"https:\/\/tanzzo.com\/rs\/collab-with-us\/\",\"url\":\"https:\/\/tanzzo.com\/rs\/collab-with-us\/\",\"name\":\"SARA\u0110UJTE S NAMA! - Tanzzo\",\"isPartOf\":{\"@id\":\"https:\/\/tanzzo.com\/rs\/#website\"},\"datePublished\":\"2022-04-22T06:52:19+00:00\",\"dateModified\":\"2022-04-22T07:13:40+00:00\",\"description\":\"Bilo da ste instagramer, vloger, bloger ili samo lojalan kupac, voleli bismo da sara\u0111ujemo sa vama putem dru\u0161tvenih medija!\",\"breadcrumb\":{\"@id\":\"https:\/\/tanzzo.com\/rs\/collab-with-us\/#breadcrumb\"},\"inLanguage\":\"bs-BA\",\"potentialAction\":[{\"@type\":\"ReadAction\",\"target\":[\"https:\/\/tanzzo.com\/rs\/collab-with-us\/\"]}]},{\"@type\":\"BreadcrumbList\",\"@id\":\"https:\/\/tanzzo.com\/rs\/collab-with-us\/#breadcrumb\",\"itemListElement\":[{\"@type\":\"ListItem\",\"position\":1,\"name\":\"Home\",\"item\":\"https:\/\/tanzzo.com\/rs\/\"},{\"@type\":\"ListItem\",\"position\":2,\"name\":\"SARA\u0110UJTE S NAMA!\"}]},{\"@type\":\"WebSite\",\"@id\":\"https:\/\/tanzzo.com\/rs\/#website\",\"url\":\"https:\/\/tanzzo.com\/rs\/\",\"name\":\"Tanzzo\",\"description\":\"GET YOUR PERFECT TAN\",\"publisher\":{\"@id\":\"https:\/\/tanzzo.com\/rs\/#organization\"},\"potentialAction\":[{\"@type\":\"SearchAction\",\"target\":{\"@type\":\"EntryPoint\",\"urlTemplate\":\"https:\/\/tanzzo.com\/rs\/?s={search_term_string}\"},\"query-input\":\"required name=search_term_string\"}],\"inLanguage\":\"bs-BA\"},{\"@type\":\"Organization\",\"@id\":\"https:\/\/tanzzo.com\/rs\/#organization\",\"name\":\"Tanzzo\",\"url\":\"https:\/\/tanzzo.com\/rs\/\",\"logo\":{\"@type\":\"ImageObject\",\"inLanguage\":\"bs-BA\",\"@id\":\"https:\/\/tanzzo.com\/rs\/#\/schema\/logo\/image\/\",\"url\":\"https:\/\/tanzzo.com\/wp-content\/uploads\/2021\/08\/tanzzo1.png\",\"contentUrl\":\"https:\/\/tanzzo.com\/wp-content\/uploads\/2021\/08\/tanzzo1.png\",\"width\":2560,\"height\":426,\"caption\":\"Tanzzo\"},\"image\":{\"@id\":\"https:\/\/tanzzo.com\/rs\/#\/schema\/logo\/image\/\"},\"sameAs\":[\"https:\/\/www.facebook.com\/Tanzzzo\/\",\"https:\/\/www.instagram.com\/tanzzo_original\/\"]}]}<\/script>\n<!-- \/ Yoast SEO plugin. -->","yoast_head_json":{"title":"SARA\u0110UJTE S NAMA! - Tanzzo","description":"Bilo da ste instagramer, vloger, bloger ili samo lojalan kupac, voleli bismo da sara\u0111ujemo sa vama putem dru\u0161tvenih medija!","robots":{"index":"index","follow":"follow","max-snippet":"max-snippet:-1","max-image-preview":"max-image-preview:large","max-video-preview":"max-video-preview:-1"},"canonical":"https:\/\/tanzzo.com\/rs\/collab-with-us\/","og_locale":"bs_BA","og_type":"article","og_title":"SARA\u0110UJTE S NAMA! - Tanzzo","og_description":"Bilo da ste instagramer, vloger, bloger ili samo lojalan kupac, voleli bismo da sara\u0111ujemo sa vama putem dru\u0161tvenih medija!","og_url":"https:\/\/tanzzo.com\/rs\/collab-with-us\/","og_site_name":"Tanzzo","article_publisher":"https:\/\/www.facebook.com\/Tanzzzo\/","article_modified_time":"2022-04-22T07:13:40+00:00","twitter_card":"summary_large_image","twitter_misc":{"Est. reading time":"1 minuta"},"schema":{"@context":"https:\/\/schema.org","@graph":[{"@type":"WebPage","@id":"https:\/\/tanzzo.com\/rs\/collab-with-us\/","url":"https:\/\/tanzzo.com\/rs\/collab-with-us\/","name":"SARA\u0110UJTE S NAMA! - Tanzzo","isPartOf":{"@id":"https:\/\/tanzzo.com\/rs\/#website"},"datePublished":"2022-04-22T06:52:19+00:00","dateModified":"2022-04-22T07:13:40+00:00","description":"Bilo da ste instagramer, vloger, bloger ili samo lojalan kupac, voleli bismo da sara\u0111ujemo sa vama putem dru\u0161tvenih medija!","breadcrumb":{"@id":"https:\/\/tanzzo.com\/rs\/collab-with-us\/#breadcrumb"},"inLanguage":"bs-BA","potentialAction":[{"@type":"ReadAction","target":["https:\/\/tanzzo.com\/rs\/collab-with-us\/"]}]},{"@type":"BreadcrumbList","@id":"https:\/\/tanzzo.com\/rs\/collab-with-us\/#breadcrumb","itemListElement":[{"@type":"ListItem","position":1,"name":"Home","item":"https:\/\/tanzzo.com\/rs\/"},{"@type":"ListItem","position":2,"name":"SARA\u0110UJTE S NAMA!"}]},{"@type":"WebSite","@id":"https:\/\/tanzzo.com\/rs\/#website","url":"https:\/\/tanzzo.com\/rs\/","name":"Tanzzo","description":"GET YOUR PERFECT TAN","publisher":{"@id":"https:\/\/tanzzo.com\/rs\/#organization"},"potentialAction":[{"@type":"SearchAction","target":{"@type":"EntryPoint","urlTemplate":"https:\/\/tanzzo.com\/rs\/?s={search_term_string}"},"query-input":"required name=search_term_string"}],"inLanguage":"bs-BA"},{"@type":"Organization","@id":"https:\/\/tanzzo.com\/rs\/#organization","name":"Tanzzo","url":"https:\/\/tanzzo.com\/rs\/","logo":{"@type":"ImageObject","inLanguage":"bs-BA","@id":"https:\/\/tanzzo.com\/rs\/#\/schema\/logo\/image\/","url":"https:\/\/tanzzo.com\/wp-content\/uploads\/2021\/08\/tanzzo1.png","contentUrl":"https:\/\/tanzzo.com\/wp-content\/uploads\/2021\/08\/tanzzo1.png","width":2560,"height":426,"caption":"Tanzzo"},"image":{"@id":"https:\/\/tanzzo.com\/rs\/#\/schema\/logo\/image\/"},"sameAs":["https:\/\/www.facebook.com\/Tanzzzo\/","https:\/\/www.instagram.com\/tanzzo_original\/"]}]}},"_links":{"self":[{"href":"https:\/\/tanzzo.com\/rs\/wp-json\/wp\/v2\/pages\/5025","targetHints":{"allow":["GET"]}}],"collection":[{"href":"https:\/\/tanzzo.com\/rs\/wp-json\/wp\/v2\/pages"}],"about":[{"href":"https:\/\/tanzzo.com\/rs\/wp-json\/wp\/v2\/types\/page"}],"author":[{"embeddable":true,"href":"https:\/\/tanzzo.com\/rs\/wp-json\/wp\/v2\/users\/1"}],"replies":[{"embeddable":true,"href":"https:\/\/tanzzo.com\/rs\/wp-json\/wp\/v2\/comments?post=5025"}],"version-history":[{"count":2,"href":"https:\/\/tanzzo.com\/rs\/wp-json\/wp\/v2\/pages\/5025\/revisions"}],"predecessor-version":[{"id":5121,"href":"https:\/\/tanzzo.com\/rs\/wp-json\/wp\/v2\/pages\/5025\/revisions\/5121"}],"wp:attachment":[{"href":"https:\/\/tanzzo.com\/rs\/wp-json\/wp\/v2\/media?parent=5025"}],"curies":[{"name":"wp","href":"https:\/\/api.w.org\/{rel}","templated":true}]}}