
{"id":5019,"date":"2022-04-22T08:51:10","date_gmt":"2022-04-22T06:51:10","guid":{"rendered":"https:\/\/tanzzo.com\/?page_id=5019"},"modified":"2022-08-03T12:15:41","modified_gmt":"2022-08-03T10:15:41","slug":"o-tanzzo","status":"publish","type":"page","link":"https:\/\/tanzzo.com\/rs\/o-tanzzo\/","title":{"rendered":"O TANZZO"},"content":{"rendered":"\t<section class=\"section\" id=\"section_727841194\">\n\t\t<div class=\"bg section-bg fill bg-fill  bg-loaded\" >\n\n\t\t\t\n\t\t\t\n\t\t\t\n\n\t\t<\/div>\n\n\t\t\n\n\t\t<div class=\"section-content relative\">\n\t\t\t\n<div class=\"row\" style=\"max-width:1289px\" id=\"row-1532626211\">\n\n\t<div id=\"col-10685164\" class=\"col medium-2 small-12 large-2\"  >\n\t\t\t\t<div class=\"col-inner\"  >\n\t\t\t\n\t\t\t\n<div class=\"is-divider divider clearfix\" style=\"margin-top:2em;margin-bottom:2em;max-width:100%;height:1px;background-color:rgb(0, 0, 0);\"><\/div>\n\t\t<\/div>\n\t\t\t\t\t<\/div>\n\n\t\n\n\t<div id=\"col-1601944152\" class=\"col medium-8 small-12 large-8\"  >\n\t\t\t\t<div class=\"col-inner text-center\"  >\n\t\t\t\n\t\t\t\n\t<div id=\"text-4064779708\" class=\"text\">\n\t\t\n<h2 style=\"text-transform: uppercase;\">O TANZZO<\/h2>\n\t\t\n<style>\n#text-4064779708 {\n  font-size: 1.6rem;\n  text-align: center;\n}\n<\/style>\n\t<\/div>\n\t\n\t\t<\/div>\n\t\t\t\t\t<\/div>\n\n\t\n\n\t<div id=\"col-1793872507\" class=\"col medium-2 small-12 large-2\"  >\n\t\t\t\t<div class=\"col-inner\"  >\n\t\t\t\n\t\t\t\n<div class=\"is-divider divider clearfix\" style=\"margin-top:2em;margin-bottom:2em;max-width:100%;height:1px;background-color:rgb(0, 0, 0);\"><\/div>\n\t\t<\/div>\n\t\t\t\t\t<\/div>\n\n\t\n<\/div>\n\t<div id=\"gap-1727750871\" class=\"gap-element clearfix\" style=\"display:block; height:auto;\">\n\t\t\n<style>\n#gap-1727750871 {\n  padding-top: 30px;\n}\n<\/style>\n\t<\/div>\n\t\n<div class=\"row align-middle\" style=\"max-width:1289px\" id=\"row-22434907\">\n\n\t<div id=\"col-1632739787\" class=\"col small-12 large-12\"  >\n\t\t\t\t<div class=\"col-inner\"  >\n\t\t\t\n\t\t\t\n<p>Sve je po\u010delo tako \u0161to su mladi i ambiciozni preduzetnici udru\u017eili snage kako bi podr\u017eali \u017eene i obezbedili im vrhunske proizvode za \u201egornju koru\u201c u okviru nege za sebe i ko\u017ee.<\/p>\n<p>TANZZO je kozmeti\u010dki brend koji te\u017ei proizvodnji visokokvalitetnih kozmeti\u010dkih proizvoda i proizvoda za sun\u010danje. Napravili smo formulu koristec\u0301i nekoliko klju\u010deva i ekskluzivnih sastojaka koji pru\u017eaju nahranjenu i blistavu ko\u017eu. Svi proizvodi se razvijaju i proizvode u kompaniji. To nam omoguc\u0301ava da isporu\u010dimo najvi\u0161i kvalitet, jer imamo potpunu kontrolu od same ideje do gotovog proizvoda. Prilikom kreiranja proizvoda uzimamo u obzir mi\u0161ljenja \u017eena razli\u010ditih uzrasta, koje sara\u0111uju sa nama i vode nas ka stvaranju osna\u017eujuc\u0301e i vrhunske kozmetike. Svesni smo koliko je va\u017eno da se pojedinac osec\u0301a dobro u sopstvenoj ko\u017ei, pa nastojimo da kreiramo proizvode koji c\u0301e vam pomoc\u0301i da postignete zdravo samopouzdanje i izbacite onaj \u201eosec\u0301am se lo\u0161e u svojoj ko\u017ei\u201c.<\/p>\n<p>Verujemo da je na\u0161a misija da probudimo snagu i poverenje u bilo koga \u2661<\/p>\n<h4>Informacije o kompaniji:<\/h4>\n<p>IZK d. o. o.<br \/>\nCedomilja Mitrovica 12a <br \/>\n11050, Beograd,<\/p>\n<h4>PIB:111634742<\/h4>\n<h4>MB:21514136<\/h4>\n\t\t<\/div>\n\t\t\t\t\t<\/div>\n\n\t\n<\/div>\n\t\t<\/div>\n\n\t\t\n<style>\n#section_727841194 {\n  padding-top: 100px;\n  padding-bottom: 100px;\n}\n#section_727841194 .ux-shape-divider--top svg {\n  height: 150px;\n  --divider-top-width: 100%;\n}\n#section_727841194 .ux-shape-divider--bottom svg {\n  height: 150px;\n  --divider-width: 100%;\n}\n<\/style>\n\t<\/section>\n\t\n","protected":false},"excerpt":{"rendered":"","protected":false},"author":1,"featured_media":0,"parent":0,"menu_order":0,"comment_status":"closed","ping_status":"closed","template":"page-transparent-header.php","meta":{"footnotes":""},"class_list":["post-5019","page","type-page","status-publish","hentry"],"acf":[],"yoast_head":"<!-- This site is optimized with the Yoast SEO plugin v20.8 - https:\/\/yoast.com\/wordpress\/plugins\/seo\/ -->\n<title>O TANZZO - Tanzzo<\/title>\n<meta name=\"description\" content=\"Tanzzo je kozmeti\u010dki brend sa visokokvalitetnom kozmetikom i proizvodima za sun\u010danje. Podr\u017eava \u017eene i pru\u017ea im negu sebe i ko\u017ee.\" \/>\n<meta name=\"robots\" content=\"index, follow, max-snippet:-1, max-image-preview:large, max-video-preview:-1\" \/>\n<link rel=\"canonical\" href=\"https:\/\/tanzzo.com\/rs\/o-tanzzo\/\" \/>\n<meta property=\"og:locale\" content=\"bs_BA\" \/>\n<meta property=\"og:type\" content=\"article\" \/>\n<meta property=\"og:title\" content=\"O TANZZO - Tanzzo\" \/>\n<meta property=\"og:description\" content=\"Tanzzo je kozmeti\u010dki brend sa visokokvalitetnom kozmetikom i proizvodima za sun\u010danje. Podr\u017eava \u017eene i pru\u017ea im negu sebe i ko\u017ee.\" \/>\n<meta property=\"og:url\" content=\"https:\/\/tanzzo.com\/rs\/o-tanzzo\/\" \/>\n<meta property=\"og:site_name\" content=\"Tanzzo\" \/>\n<meta property=\"article:publisher\" content=\"https:\/\/www.facebook.com\/Tanzzzo\/\" \/>\n<meta property=\"article:modified_time\" content=\"2022-08-03T10:15:41+00:00\" \/>\n<meta name=\"twitter:card\" content=\"summary_large_image\" \/>\n<meta name=\"twitter:label1\" content=\"Est. reading time\" \/>\n\t<meta name=\"twitter:data1\" content=\"1 minuta\" \/>\n<script type=\"application\/ld+json\" class=\"yoast-schema-graph\">{\"@context\":\"https:\/\/schema.org\",\"@graph\":[{\"@type\":\"WebPage\",\"@id\":\"https:\/\/tanzzo.com\/rs\/o-tanzzo\/\",\"url\":\"https:\/\/tanzzo.com\/rs\/o-tanzzo\/\",\"name\":\"O TANZZO - Tanzzo\",\"isPartOf\":{\"@id\":\"https:\/\/tanzzo.com\/rs\/#website\"},\"datePublished\":\"2022-04-22T06:51:10+00:00\",\"dateModified\":\"2022-08-03T10:15:41+00:00\",\"description\":\"Tanzzo je kozmeti\u010dki brend sa visokokvalitetnom kozmetikom i proizvodima za sun\u010danje. Podr\u017eava \u017eene i pru\u017ea im negu sebe i ko\u017ee.\",\"breadcrumb\":{\"@id\":\"https:\/\/tanzzo.com\/rs\/o-tanzzo\/#breadcrumb\"},\"inLanguage\":\"bs-BA\",\"potentialAction\":[{\"@type\":\"ReadAction\",\"target\":[\"https:\/\/tanzzo.com\/rs\/o-tanzzo\/\"]}]},{\"@type\":\"BreadcrumbList\",\"@id\":\"https:\/\/tanzzo.com\/rs\/o-tanzzo\/#breadcrumb\",\"itemListElement\":[{\"@type\":\"ListItem\",\"position\":1,\"name\":\"Home\",\"item\":\"https:\/\/tanzzo.com\/rs\/\"},{\"@type\":\"ListItem\",\"position\":2,\"name\":\"O TANZZO\"}]},{\"@type\":\"WebSite\",\"@id\":\"https:\/\/tanzzo.com\/rs\/#website\",\"url\":\"https:\/\/tanzzo.com\/rs\/\",\"name\":\"Tanzzo\",\"description\":\"GET YOUR PERFECT TAN\",\"publisher\":{\"@id\":\"https:\/\/tanzzo.com\/rs\/#organization\"},\"potentialAction\":[{\"@type\":\"SearchAction\",\"target\":{\"@type\":\"EntryPoint\",\"urlTemplate\":\"https:\/\/tanzzo.com\/rs\/?s={search_term_string}\"},\"query-input\":\"required name=search_term_string\"}],\"inLanguage\":\"bs-BA\"},{\"@type\":\"Organization\",\"@id\":\"https:\/\/tanzzo.com\/rs\/#organization\",\"name\":\"Tanzzo\",\"url\":\"https:\/\/tanzzo.com\/rs\/\",\"logo\":{\"@type\":\"ImageObject\",\"inLanguage\":\"bs-BA\",\"@id\":\"https:\/\/tanzzo.com\/rs\/#\/schema\/logo\/image\/\",\"url\":\"https:\/\/tanzzo.com\/wp-content\/uploads\/2021\/08\/tanzzo1.png\",\"contentUrl\":\"https:\/\/tanzzo.com\/wp-content\/uploads\/2021\/08\/tanzzo1.png\",\"width\":2560,\"height\":426,\"caption\":\"Tanzzo\"},\"image\":{\"@id\":\"https:\/\/tanzzo.com\/rs\/#\/schema\/logo\/image\/\"},\"sameAs\":[\"https:\/\/www.facebook.com\/Tanzzzo\/\",\"https:\/\/www.instagram.com\/tanzzo_original\/\"]}]}<\/script>\n<!-- \/ Yoast SEO plugin. -->","yoast_head_json":{"title":"O TANZZO - Tanzzo","description":"Tanzzo je kozmeti\u010dki brend sa visokokvalitetnom kozmetikom i proizvodima za sun\u010danje. Podr\u017eava \u017eene i pru\u017ea im negu sebe i ko\u017ee.","robots":{"index":"index","follow":"follow","max-snippet":"max-snippet:-1","max-image-preview":"max-image-preview:large","max-video-preview":"max-video-preview:-1"},"canonical":"https:\/\/tanzzo.com\/rs\/o-tanzzo\/","og_locale":"bs_BA","og_type":"article","og_title":"O TANZZO - Tanzzo","og_description":"Tanzzo je kozmeti\u010dki brend sa visokokvalitetnom kozmetikom i proizvodima za sun\u010danje. Podr\u017eava \u017eene i pru\u017ea im negu sebe i ko\u017ee.","og_url":"https:\/\/tanzzo.com\/rs\/o-tanzzo\/","og_site_name":"Tanzzo","article_publisher":"https:\/\/www.facebook.com\/Tanzzzo\/","article_modified_time":"2022-08-03T10:15:41+00:00","twitter_card":"summary_large_image","twitter_misc":{"Est. reading time":"1 minuta"},"schema":{"@context":"https:\/\/schema.org","@graph":[{"@type":"WebPage","@id":"https:\/\/tanzzo.com\/rs\/o-tanzzo\/","url":"https:\/\/tanzzo.com\/rs\/o-tanzzo\/","name":"O TANZZO - Tanzzo","isPartOf":{"@id":"https:\/\/tanzzo.com\/rs\/#website"},"datePublished":"2022-04-22T06:51:10+00:00","dateModified":"2022-08-03T10:15:41+00:00","description":"Tanzzo je kozmeti\u010dki brend sa visokokvalitetnom kozmetikom i proizvodima za sun\u010danje. Podr\u017eava \u017eene i pru\u017ea im negu sebe i ko\u017ee.","breadcrumb":{"@id":"https:\/\/tanzzo.com\/rs\/o-tanzzo\/#breadcrumb"},"inLanguage":"bs-BA","potentialAction":[{"@type":"ReadAction","target":["https:\/\/tanzzo.com\/rs\/o-tanzzo\/"]}]},{"@type":"BreadcrumbList","@id":"https:\/\/tanzzo.com\/rs\/o-tanzzo\/#breadcrumb","itemListElement":[{"@type":"ListItem","position":1,"name":"Home","item":"https:\/\/tanzzo.com\/rs\/"},{"@type":"ListItem","position":2,"name":"O TANZZO"}]},{"@type":"WebSite","@id":"https:\/\/tanzzo.com\/rs\/#website","url":"https:\/\/tanzzo.com\/rs\/","name":"Tanzzo","description":"GET YOUR PERFECT TAN","publisher":{"@id":"https:\/\/tanzzo.com\/rs\/#organization"},"potentialAction":[{"@type":"SearchAction","target":{"@type":"EntryPoint","urlTemplate":"https:\/\/tanzzo.com\/rs\/?s={search_term_string}"},"query-input":"required name=search_term_string"}],"inLanguage":"bs-BA"},{"@type":"Organization","@id":"https:\/\/tanzzo.com\/rs\/#organization","name":"Tanzzo","url":"https:\/\/tanzzo.com\/rs\/","logo":{"@type":"ImageObject","inLanguage":"bs-BA","@id":"https:\/\/tanzzo.com\/rs\/#\/schema\/logo\/image\/","url":"https:\/\/tanzzo.com\/wp-content\/uploads\/2021\/08\/tanzzo1.png","contentUrl":"https:\/\/tanzzo.com\/wp-content\/uploads\/2021\/08\/tanzzo1.png","width":2560,"height":426,"caption":"Tanzzo"},"image":{"@id":"https:\/\/tanzzo.com\/rs\/#\/schema\/logo\/image\/"},"sameAs":["https:\/\/www.facebook.com\/Tanzzzo\/","https:\/\/www.instagram.com\/tanzzo_original\/"]}]}},"_links":{"self":[{"href":"https:\/\/tanzzo.com\/rs\/wp-json\/wp\/v2\/pages\/5019","targetHints":{"allow":["GET"]}}],"collection":[{"href":"https:\/\/tanzzo.com\/rs\/wp-json\/wp\/v2\/pages"}],"about":[{"href":"https:\/\/tanzzo.com\/rs\/wp-json\/wp\/v2\/types\/page"}],"author":[{"embeddable":true,"href":"https:\/\/tanzzo.com\/rs\/wp-json\/wp\/v2\/users\/1"}],"replies":[{"embeddable":true,"href":"https:\/\/tanzzo.com\/rs\/wp-json\/wp\/v2\/comments?post=5019"}],"version-history":[{"count":5,"href":"https:\/\/tanzzo.com\/rs\/wp-json\/wp\/v2\/pages\/5019\/revisions"}],"predecessor-version":[{"id":13913,"href":"https:\/\/tanzzo.com\/rs\/wp-json\/wp\/v2\/pages\/5019\/revisions\/13913"}],"wp:attachment":[{"href":"https:\/\/tanzzo.com\/rs\/wp-json\/wp\/v2\/media?parent=5019"}],"curies":[{"name":"wp","href":"https:\/\/api.w.org\/{rel}","templated":true}]}}