
{"id":8313,"date":"2022-06-16T12:59:57","date_gmt":"2022-06-16T10:59:58","guid":{"rendered":"https:\/\/tanzzo.com\/?post_type=product&#038;p=8313"},"modified":"2022-07-01T12:41:38","modified_gmt":"2022-07-01T10:41:38","slug":"tanning-cream-after-sun","status":"publish","type":"product","link":"https:\/\/tanzzo.com\/ro\/product\/tanning-cream-after-sun\/","title":{"rendered":"Crem\u0103 pentru bronzare accelerate &#8211; 200ml"},"content":{"rendered":"<div class=\"row row-collapse row-full-width\"  id=\"row-1951941893\">\n\n\t<div id=\"col-1895390492\" class=\"col small-12 large-12\"  >\n\t\t\t\t<div class=\"col-inner\"  >\n\t\t\t\n\t\t\t\n<div class=\"row row-collapse row-full-width align-middle\"  id=\"row-824765026\">\n\n\t<div id=\"col-2073637987\" class=\"col medium-6 small-12 large-8\"  >\n\t\t\t\t<div class=\"col-inner\"  >\n\t\t\t\n\t\t\t\n\n  <div class=\"banner has-hover\" id=\"banner-1960802568\">\n          <div class=\"banner-inner fill\">\n        <div class=\"banner-bg fill\" >\n            <div class=\"bg fill bg-fill \"><\/div>\n                                    \n                    <\/div>\n\t\t\n        <div class=\"banner-layers container\">\n            <div class=\"fill banner-link\"><\/div>            \n        <\/div>\n      <\/div>\n\n            \n<style>\n#banner-1960802568 {\n  padding-top: 200px;\n  background-color: rgb(245, 245, 245);\n}\n#banner-1960802568 .bg.bg-loaded {\n  background-image: url(https:\/\/tanzzo.com\/wp-content\/uploads\/2022\/04\/DSC_2873_20-_20new-1400x575.jpg);\n}\n#banner-1960802568 .bg {\n  background-position: 83% 66%;\n}\n#banner-1960802568 .ux-shape-divider--top svg {\n  height: 150px;\n  --divider-top-width: 100%;\n}\n#banner-1960802568 .ux-shape-divider--bottom svg {\n  height: 150px;\n  --divider-width: 100%;\n}\n@media (min-width:550px) {\n  #banner-1960802568 {\n    padding-top: 460px;\n  }\n}\n<\/style>\n  <\/div>\n\n\n\t\t<\/div>\n\t\t\t\t\t<\/div>\n\n\t\n\n\t<div id=\"col-1109539918\" class=\"col pb-0 medium-6 small-12 large-4\"  >\n\t\t\t\t<div class=\"col-inner\"  >\n\t\t\t\n\t\t\t\n<div class=\"row row-collapse\"  id=\"row-1729996090\">\n\n\t<div id=\"col-1072646039\" class=\"col pb-0 large-12\"  >\n\t\t\t\t<div class=\"col-inner text-left\" style=\"background-color:rgb(255,255,255);\" >\n\t\t\t\n\t\t\t\n<ul class=\"orange-dots\">\n<li>Bronzare rapid\u0103<\/li>\n<li>Hr\u0103nire \u0219i hidratare<\/li>\n<li>Men\u021bine unui bronz frumos pentru un timp \u00eendelungat<\/li>\n<li>Se absoarbe rapid \u00een piele \u0219i nu las\u0103 pete<\/li>\n<li>Atingere u\u0219oar\u0103 pe piele<\/li>\n<li>Miros tropical seduc\u0103tor<\/li>\n<\/ul>\n\t<div id=\"gap-284848619\" class=\"gap-element clearfix\" style=\"display:block; height:auto;\">\n\t\t\n<style>\n#gap-284848619 {\n  padding-top: 30px;\n}\n<\/style>\n\t<\/div>\n\t\n<a href=\"#price-box-container\" target=\"_self\" class=\"button primary is-large\"  >\n    <span>CUMP\u0102R\u0102 ACUM<\/span>\n  <\/a>\n\n\t\t<\/div>\n\t\t\t\t\n<style>\n#col-1072646039 > .col-inner {\n  margin: 0px 0px 0px 0px;\n}\n@media (min-width:550px) {\n  #col-1072646039 > .col-inner {\n    margin: 0px 0px 0px -30px;\n  }\n}\n@media (min-width:850px) {\n  #col-1072646039 > .col-inner {\n    margin: 0px 30px 0px -30px;\n  }\n}\n<\/style>\n\t<\/div>\n\n\t\n\n<style>\n#row-1729996090 > .col > .col-inner {\n  padding: 20px 20px 20px 20px;\n}\n@media (min-width:550px) {\n  #row-1729996090 > .col > .col-inner {\n    padding: 40px 40px 40px 40px;\n  }\n}\n<\/style>\n<\/div>\n\t\t<\/div>\n\t\t\t\t\t<\/div>\n\n\t\n<\/div>\n\t\t<\/div>\n\t\t\t\t\t<\/div>\n\n\t\n\n<style>\n#row-1951941893 > .col > .col-inner {\n  background-color: rgb(245, 245, 245);\n}\n<\/style>\n<\/div>\n\n","protected":false},"excerpt":{"rendered":"<p>TANZZO va avea grij\u0103 s\u0103 str\u0103luce\u0219ti \u00een vara asta ca niciodat\u0103 p\u00e2n\u0103 acum! A fost formulat\u0103 special pentru a accelera procesul natural de bronzare. Ingredientele de calitate selectate vor asigura, de asemenea, hr\u0103nirea pielii tale cu nutrien\u021bii necesari \u00eengrijirii pielii \u0219i al unui aspect s\u0103n\u0103tos.<\/p>\n<ul class=\"orange-dots\">\n<li><b>Ob\u021bine un bronz natural frumos \u00een mod rapid<\/b><\/li>\n<li><strong>Ofer\u0103 protec\u021bia \u0219i hidratarea necesare pielii tale<\/strong><\/li>\n<li><strong>Un miros tropical minunat care te va impresiona!<\/strong><\/li>\n<li><strong>Se absoarbe rapid \u00een piele \u0219i nu las\u0103 pete<\/strong><\/li>\n<li><strong>Men\u021bine un bronz frumos pentru mai mult timp<\/strong><\/li>\n<\/ul>\n","protected":false},"featured_media":8421,"template":"","meta":[],"product_cat":[193],"product_tag":[],"class_list":["post-8313","product","type-product","status-publish","has-post-thumbnail","hentry","product_cat-uncategorized-ro"],"acf":[],"yoast_head":"<!-- This site is optimized with the Yoast SEO plugin v20.8 - https:\/\/yoast.com\/wordpress\/plugins\/seo\/ -->\n<title>Crem\u0103 pentru bronzare accelerate - 200ml - Tanzzo<\/title>\n<meta name=\"description\" content=\"Tanzzo Tanning Cream asigur\u0103 un bronzat mai rapid \u0219i mai intens, oferind totu\u0219i nutrien\u021bii \u0219i umiditatea pielii.\" \/>\n<meta name=\"robots\" content=\"index, follow, max-snippet:-1, max-image-preview:large, max-video-preview:-1\" \/>\n<link rel=\"canonical\" href=\"https:\/\/tanzzo.com\/ro\/product\/tanning-cream-after-sun\/\" \/>\n<meta property=\"og:locale\" content=\"ro_RO\" \/>\n<meta property=\"og:type\" content=\"article\" \/>\n<meta property=\"og:title\" content=\"Crem\u0103 pentru bronzare accelerate - 200ml - Tanzzo\" \/>\n<meta property=\"og:description\" content=\"Tanzzo Tanning Cream asigur\u0103 un bronzat mai rapid \u0219i mai intens, oferind totu\u0219i nutrien\u021bii \u0219i umiditatea pielii.\" \/>\n<meta property=\"og:url\" content=\"https:\/\/tanzzo.com\/ro\/product\/tanning-cream-after-sun\/\" \/>\n<meta property=\"og:site_name\" content=\"Tanzzo\" \/>\n<meta property=\"article:publisher\" content=\"https:\/\/www.facebook.com\/Tanzzzo\/\" \/>\n<meta property=\"article:modified_time\" content=\"2022-07-01T10:41:38+00:00\" \/>\n<meta property=\"og:image\" content=\"https:\/\/tanzzo.com\/wp-content\/uploads\/2022\/06\/ro-after-sun.png\" \/>\n\t<meta property=\"og:image:width\" content=\"1080\" \/>\n\t<meta property=\"og:image:height\" content=\"1080\" \/>\n\t<meta property=\"og:image:type\" content=\"image\/png\" \/>\n<meta name=\"twitter:card\" content=\"summary_large_image\" \/>\n<meta name=\"twitter:label1\" content=\"Timp estimat pentru citire\" \/>\n\t<meta name=\"twitter:data1\" content=\"2 minute\" \/>\n<script type=\"application\/ld+json\" class=\"yoast-schema-graph\">{\"@context\":\"https:\/\/schema.org\",\"@graph\":[{\"@type\":\"WebPage\",\"@id\":\"https:\/\/tanzzo.com\/ro\/product\/tanning-cream-after-sun\/\",\"url\":\"https:\/\/tanzzo.com\/ro\/product\/tanning-cream-after-sun\/\",\"name\":\"Crem\u0103 pentru bronzare accelerate - 200ml - Tanzzo\",\"isPartOf\":{\"@id\":\"https:\/\/tanzzo.com\/ro\/#website\"},\"datePublished\":\"2022-06-16T10:59:58+00:00\",\"dateModified\":\"2022-07-01T10:41:38+00:00\",\"description\":\"Tanzzo Tanning Cream asigur\u0103 un bronzat mai rapid \u0219i mai intens, oferind totu\u0219i nutrien\u021bii \u0219i umiditatea pielii.\",\"breadcrumb\":{\"@id\":\"https:\/\/tanzzo.com\/ro\/product\/tanning-cream-after-sun\/#breadcrumb\"},\"inLanguage\":\"ro-RO\",\"potentialAction\":[{\"@type\":\"ReadAction\",\"target\":[\"https:\/\/tanzzo.com\/ro\/product\/tanning-cream-after-sun\/\"]}]},{\"@type\":\"BreadcrumbList\",\"@id\":\"https:\/\/tanzzo.com\/ro\/product\/tanning-cream-after-sun\/#breadcrumb\",\"itemListElement\":[{\"@type\":\"ListItem\",\"position\":1,\"name\":\"Home\",\"item\":\"https:\/\/tanzzo.com\/ro\/\"},{\"@type\":\"ListItem\",\"position\":2,\"name\":\"Magazin\",\"item\":\"https:\/\/tanzzo.com\/ro\/magazin\/\"},{\"@type\":\"ListItem\",\"position\":3,\"name\":\"Crem\u0103 pentru bronzare accelerate &#8211; 200ml\"}]},{\"@type\":\"WebSite\",\"@id\":\"https:\/\/tanzzo.com\/ro\/#website\",\"url\":\"https:\/\/tanzzo.com\/ro\/\",\"name\":\"Tanzzo\",\"description\":\"GET YOUR PERFECT TAN\",\"publisher\":{\"@id\":\"https:\/\/tanzzo.com\/ro\/#organization\"},\"potentialAction\":[{\"@type\":\"SearchAction\",\"target\":{\"@type\":\"EntryPoint\",\"urlTemplate\":\"https:\/\/tanzzo.com\/ro\/?s={search_term_string}\"},\"query-input\":\"required name=search_term_string\"}],\"inLanguage\":\"ro-RO\"},{\"@type\":\"Organization\",\"@id\":\"https:\/\/tanzzo.com\/ro\/#organization\",\"name\":\"Tanzzo\",\"url\":\"https:\/\/tanzzo.com\/ro\/\",\"logo\":{\"@type\":\"ImageObject\",\"inLanguage\":\"ro-RO\",\"@id\":\"https:\/\/tanzzo.com\/ro\/#\/schema\/logo\/image\/\",\"url\":\"https:\/\/tanzzo.com\/wp-content\/uploads\/2021\/08\/tanzzo1.png\",\"contentUrl\":\"https:\/\/tanzzo.com\/wp-content\/uploads\/2021\/08\/tanzzo1.png\",\"width\":2560,\"height\":426,\"caption\":\"Tanzzo\"},\"image\":{\"@id\":\"https:\/\/tanzzo.com\/ro\/#\/schema\/logo\/image\/\"},\"sameAs\":[\"https:\/\/www.facebook.com\/Tanzzzo\/\",\"https:\/\/www.instagram.com\/tanzzo_original\/\"]}]}<\/script>\n<!-- \/ Yoast SEO plugin. -->","yoast_head_json":{"title":"Crem\u0103 pentru bronzare accelerate - 200ml - Tanzzo","description":"Tanzzo Tanning Cream asigur\u0103 un bronzat mai rapid \u0219i mai intens, oferind totu\u0219i nutrien\u021bii \u0219i umiditatea pielii.","robots":{"index":"index","follow":"follow","max-snippet":"max-snippet:-1","max-image-preview":"max-image-preview:large","max-video-preview":"max-video-preview:-1"},"canonical":"https:\/\/tanzzo.com\/ro\/product\/tanning-cream-after-sun\/","og_locale":"ro_RO","og_type":"article","og_title":"Crem\u0103 pentru bronzare accelerate - 200ml - Tanzzo","og_description":"Tanzzo Tanning Cream asigur\u0103 un bronzat mai rapid \u0219i mai intens, oferind totu\u0219i nutrien\u021bii \u0219i umiditatea pielii.","og_url":"https:\/\/tanzzo.com\/ro\/product\/tanning-cream-after-sun\/","og_site_name":"Tanzzo","article_publisher":"https:\/\/www.facebook.com\/Tanzzzo\/","article_modified_time":"2022-07-01T10:41:38+00:00","og_image":[{"width":1080,"height":1080,"url":"https:\/\/tanzzo.com\/wp-content\/uploads\/2022\/06\/ro-after-sun.png","type":"image\/png"}],"twitter_card":"summary_large_image","twitter_misc":{"Timp estimat pentru citire":"2 minute"},"schema":{"@context":"https:\/\/schema.org","@graph":[{"@type":"WebPage","@id":"https:\/\/tanzzo.com\/ro\/product\/tanning-cream-after-sun\/","url":"https:\/\/tanzzo.com\/ro\/product\/tanning-cream-after-sun\/","name":"Crem\u0103 pentru bronzare accelerate - 200ml - Tanzzo","isPartOf":{"@id":"https:\/\/tanzzo.com\/ro\/#website"},"datePublished":"2022-06-16T10:59:58+00:00","dateModified":"2022-07-01T10:41:38+00:00","description":"Tanzzo Tanning Cream asigur\u0103 un bronzat mai rapid \u0219i mai intens, oferind totu\u0219i nutrien\u021bii \u0219i umiditatea pielii.","breadcrumb":{"@id":"https:\/\/tanzzo.com\/ro\/product\/tanning-cream-after-sun\/#breadcrumb"},"inLanguage":"ro-RO","potentialAction":[{"@type":"ReadAction","target":["https:\/\/tanzzo.com\/ro\/product\/tanning-cream-after-sun\/"]}]},{"@type":"BreadcrumbList","@id":"https:\/\/tanzzo.com\/ro\/product\/tanning-cream-after-sun\/#breadcrumb","itemListElement":[{"@type":"ListItem","position":1,"name":"Home","item":"https:\/\/tanzzo.com\/ro\/"},{"@type":"ListItem","position":2,"name":"Magazin","item":"https:\/\/tanzzo.com\/ro\/magazin\/"},{"@type":"ListItem","position":3,"name":"Crem\u0103 pentru bronzare accelerate &#8211; 200ml"}]},{"@type":"WebSite","@id":"https:\/\/tanzzo.com\/ro\/#website","url":"https:\/\/tanzzo.com\/ro\/","name":"Tanzzo","description":"GET YOUR PERFECT TAN","publisher":{"@id":"https:\/\/tanzzo.com\/ro\/#organization"},"potentialAction":[{"@type":"SearchAction","target":{"@type":"EntryPoint","urlTemplate":"https:\/\/tanzzo.com\/ro\/?s={search_term_string}"},"query-input":"required name=search_term_string"}],"inLanguage":"ro-RO"},{"@type":"Organization","@id":"https:\/\/tanzzo.com\/ro\/#organization","name":"Tanzzo","url":"https:\/\/tanzzo.com\/ro\/","logo":{"@type":"ImageObject","inLanguage":"ro-RO","@id":"https:\/\/tanzzo.com\/ro\/#\/schema\/logo\/image\/","url":"https:\/\/tanzzo.com\/wp-content\/uploads\/2021\/08\/tanzzo1.png","contentUrl":"https:\/\/tanzzo.com\/wp-content\/uploads\/2021\/08\/tanzzo1.png","width":2560,"height":426,"caption":"Tanzzo"},"image":{"@id":"https:\/\/tanzzo.com\/ro\/#\/schema\/logo\/image\/"},"sameAs":["https:\/\/www.facebook.com\/Tanzzzo\/","https:\/\/www.instagram.com\/tanzzo_original\/"]}]}},"_links":{"self":[{"href":"https:\/\/tanzzo.com\/ro\/wp-json\/wp\/v2\/product\/8313","targetHints":{"allow":["GET"]}}],"collection":[{"href":"https:\/\/tanzzo.com\/ro\/wp-json\/wp\/v2\/product"}],"about":[{"href":"https:\/\/tanzzo.com\/ro\/wp-json\/wp\/v2\/types\/product"}],"wp:featuredmedia":[{"embeddable":true,"href":"https:\/\/tanzzo.com\/ro\/wp-json\/wp\/v2\/media\/8421"}],"wp:attachment":[{"href":"https:\/\/tanzzo.com\/ro\/wp-json\/wp\/v2\/media?parent=8313"}],"wp:term":[{"taxonomy":"product_cat","embeddable":true,"href":"https:\/\/tanzzo.com\/ro\/wp-json\/wp\/v2\/product_cat?post=8313"},{"taxonomy":"product_tag","embeddable":true,"href":"https:\/\/tanzzo.com\/ro\/wp-json\/wp\/v2\/product_tag?post=8313"}],"curies":[{"name":"wp","href":"https:\/\/api.w.org\/{rel}","templated":true}]}}