
{"id":7229,"date":"2022-06-06T13:37:51","date_gmt":"2022-06-06T11:37:51","guid":{"rendered":"https:\/\/tanzzo.com\/?post_type=product&#038;p=7229"},"modified":"2023-04-14T16:17:08","modified_gmt":"2023-04-14T14:17:08","slug":"tanning-cream-2","status":"publish","type":"product","link":"https:\/\/tanzzo.com\/ro\/product\/tanning-cream-2\/","title":{"rendered":"Crem\u0103 pentru bronzare accelerate &#8211; 200ml"},"content":{"rendered":"<div class=\"row row-collapse row-full-width\"  id=\"row-816343794\">\n\n\t<div id=\"col-1732345027\" class=\"col small-12 large-12\"  >\n\t\t\t\t<div class=\"col-inner\"  >\n\t\t\t\n\t\t\t\n<div class=\"row row-collapse row-full-width align-middle\"  id=\"row-1413203203\">\n\n\t<div id=\"col-981537394\" class=\"col medium-6 small-12 large-8\"  >\n\t\t\t\t<div class=\"col-inner\"  >\n\t\t\t\n\t\t\t\n\n  <div class=\"banner has-hover\" id=\"banner-112694904\">\n          <div class=\"banner-inner fill\">\n        <div class=\"banner-bg fill\" >\n            <div class=\"bg fill bg-fill \"><\/div>\n                                    \n                    <\/div>\n\t\t\n        <div class=\"banner-layers container\">\n            <div class=\"fill banner-link\"><\/div>            \n        <\/div>\n      <\/div>\n\n            \n<style>\n#banner-112694904 {\n  padding-top: 200px;\n  background-color: rgb(245, 245, 245);\n}\n#banner-112694904 .bg.bg-loaded {\n  background-image: url(https:\/\/tanzzo.com\/wp-content\/uploads\/2022\/04\/DSC_2873_20-_20new-1400x575.jpg);\n}\n#banner-112694904 .bg {\n  background-position: 83% 66%;\n}\n#banner-112694904 .ux-shape-divider--top svg {\n  height: 150px;\n  --divider-top-width: 100%;\n}\n#banner-112694904 .ux-shape-divider--bottom svg {\n  height: 150px;\n  --divider-width: 100%;\n}\n@media (min-width:550px) {\n  #banner-112694904 {\n    padding-top: 460px;\n  }\n}\n<\/style>\n  <\/div>\n\n\n\t\t<\/div>\n\t\t\t\t\t<\/div>\n\n\t\n\n\t<div id=\"col-1611400679\" class=\"col pb-0 medium-6 small-12 large-4\"  >\n\t\t\t\t<div class=\"col-inner\"  >\n\t\t\t\n\t\t\t\n<div class=\"row row-collapse\"  id=\"row-412076351\">\n\n\t<div id=\"col-780352522\" class=\"col pb-0 large-12\"  >\n\t\t\t\t<div class=\"col-inner text-left\" style=\"background-color:rgb(255,255,255);\" >\n\t\t\t\n\t\t\t\n<ul class=\"orange-dots\">\n<li>Rapid tanning<\/li>\n<li>Nourishing and moisturizing<\/li>\n<li>Maintaining a beautiful tan for a longer time<\/li>\n<li>Absorbing quickly into the skin and leaving no stains<\/li>\n<li>Light touch on the skin<\/li>\n<li>Tropically seductive smell<\/li>\n<\/ul>\n<a href=\"#price-box-container\" target=\"_self\" class=\"button primary is-large\"  >\n    <span>BUY NOW<\/span>\n  <\/a>\n\n\t\t<\/div>\n\t\t\t\t\n<style>\n#col-780352522 > .col-inner {\n  margin: 0px 0px 0px 0px;\n}\n@media (min-width:550px) {\n  #col-780352522 > .col-inner {\n    margin: 0px 0px 0px -30px;\n  }\n}\n@media (min-width:850px) {\n  #col-780352522 > .col-inner {\n    margin: 0px 30px 0px -30px;\n  }\n}\n<\/style>\n\t<\/div>\n\n\t\n\n<style>\n#row-412076351 > .col > .col-inner {\n  padding: 20px 20px 20px 20px;\n}\n@media (min-width:550px) {\n  #row-412076351 > .col > .col-inner {\n    padding: 40px 40px 40px 40px;\n  }\n}\n<\/style>\n<\/div>\n\t\t<\/div>\n\t\t\t\t\t<\/div>\n\n\t\n<\/div>\n\t\t<\/div>\n\t\t\t\t\t<\/div>\n\n\t\n\n<style>\n#row-816343794 > .col > .col-inner {\n  background-color: rgb(245, 245, 245);\n}\n<\/style>\n<\/div>\n\t<div id=\"gap-689110633\" class=\"gap-element clearfix\" style=\"display:block; height:auto;\">\n\t\t\n<style>\n#gap-689110633 {\n  padding-top: 30px;\n}\n@media (min-width:550px) {\n  #gap-689110633 {\n    padding-top: 60px;\n  }\n}\n<\/style>\n\t<\/div>\n\t\n\t<section class=\"section product-reviews\" id=\"section_1787412180\">\n\t\t<div class=\"bg section-bg fill bg-fill  bg-loaded\" >\n\n\t\t\t\n\t\t\t\n\t\t\t\n\n\t\t<\/div>\n\n\t\t\n\n\t\t<div class=\"section-content relative\">\n\t\t\t\n<div class=\"row rvs\"  id=\"row-1532418292\">\n\n\t<div id=\"col-1811304033\" class=\"col small-12 large-12\"  >\n\t\t\t\t<div class=\"col-inner\"  >\n\t\t\t\n\t\t\t\n<div class=\"row row-collapse\"  id=\"row-1614987052\">\n\n\t<div id=\"col-1039074750\" class=\"col medium-3 small-12 large-3\"  >\n\t\t\t\t<div class=\"col-inner\"  >\n\t\t\t\n\t\t\t\n<div class=\"is-divider divider clearfix\" style=\"margin-top:2em;margin-bottom:2em;max-width:100%;height:1px;background-color:rgb(0, 0, 0);\"><\/div>\n\t\t<\/div>\n\t\t\t\t\t<\/div>\n\n\t\n\n\t<div id=\"col-843063706\" class=\"col medium-6 small-12 large-6\"  >\n\t\t\t\t<div class=\"col-inner\"  >\n\t\t\t\n\t\t\t\n\t<div id=\"text-229085818\" class=\"text\">\n\t\t\n<h2>Evalu\u0103rile clien\u021bilor<\/h2>\n\t\t\n<style>\n#text-229085818 {\n  font-size: 1.6rem;\n  text-align: center;\n}\n<\/style>\n\t<\/div>\n\t\n\t\t<\/div>\n\t\t\t\t\t<\/div>\n\n\t\n\n\t<div id=\"col-1630540584\" class=\"col medium-3 small-12 large-3\"  >\n\t\t\t\t<div class=\"col-inner\"  >\n\t\t\t\n\t\t\t\n<div class=\"is-divider divider clearfix\" style=\"margin-top:2em;margin-bottom:2em;max-width:100%;height:1px;background-color:rgb(0, 0, 0);\"><\/div>\n\t\t<\/div>\n\t\t\t\t\t<\/div>\n\n\t\n<\/div>\n\t<div id=\"gap-531980581\" class=\"gap-element clearfix\" style=\"display:block; height:auto;\">\n\t\t\n<style>\n#gap-531980581 {\n  padding-top: 30px;\n}\n<\/style>\n\t<\/div>\n\t\n\t\t<\/div>\n\t\t\t\t\t<\/div>\n\n\t\n\n\t<div id=\"col-767423916\" class=\"col small-12 large-12\"  >\n\t\t\t\t<div class=\"col-inner\"  >\n\t\t\t\n\t\t\t\n<div class=\"row row-collapse align-bottom\"  id=\"row-670483888\">\n\n\t<div id=\"col-831639042\" class=\"col medium-4 small-6 large-4\"  >\n\t\t\t\t<div class=\"col-inner\"  >\n\t\t\t\n\t\t\t\n\t<div id=\"text-146771573\" class=\"text\">\n\t\t\n<div style=\"font-family: Light\">4.6 <span class=\"star-rating custom-rating\"><span style=\"width:92%\"><strong class=\"rating\"><\/strong><\/span><\/span><\/div><style>.float-left > .star-rating span:before, .float-left > .star-rating:before{ color: #f99c2e !important; }<\/style>\n\t\t\n<style>\n#text-146771573 {\n  font-size: 1.5rem;\n}\n@media (min-width:550px) {\n  #text-146771573 {\n    font-size: 2rem;\n  }\n}\n<\/style>\n\t<\/div>\n\t\n\t\t<\/div>\n\t\t\t\t\t<\/div>\n\n\t\n\n\t<div id=\"col-256411473\" class=\"col hide-for-small medium-4 small-12 large-4\"  >\n\t\t\t\t<div class=\"col-inner\"  >\n\t\t\t\n\t\t\t\n\t\t<\/div>\n\t\t\t\t\t<\/div>\n\n\t\n\n\t<div id=\"col-128725797\" class=\"col medium-4 small-6 large-4\"  >\n\t\t\t\t<div class=\"col-inner text-right\"  >\n\t\t\t\n\t\t\t\n\t<div id=\"text-3438831395\" class=\"text\">\n\t\t\n<span style=\"font-family: Light\">264 Reviews<\/span>\n\t\t\n<style>\n#text-3438831395 {\n  font-size: 1.2rem;\n}\n@media (min-width:550px) {\n  #text-3438831395 {\n    font-size: 1.5rem;\n  }\n}\n<\/style>\n\t<\/div>\n\t\n\t\t<\/div>\n\t\t\t\t\t<\/div>\n\n\t\n<\/div>\n\t<div id=\"gap-165725913\" class=\"gap-element clearfix\" style=\"display:block; height:auto;\">\n\t\t\n<style>\n#gap-165725913 {\n  padding-top: 10px;\n}\n@media (min-width:550px) {\n  #gap-165725913 {\n    padding-top: 30px;\n  }\n}\n<\/style>\n\t<\/div>\n\t\n\t\t<\/div>\n\t\t\t\t\t<\/div>\n\n\t\n\n\t<div id=\"col-1033335414\" class=\"col small-12 large-12\"  >\n\t\t\t\t<div class=\"col-inner\"  >\n\t\t\t\n\t\t\t\n  <div class=\"icon-box testimonial-box icon-box-left text-left\">\n                <div class=\"icon-box-img testimonial-image circle\" style=\"width: 120px\">\n              <img loading=\"lazy\" decoding=\"async\" width=\"280\" height=\"280\" src=\"https:\/\/tanzzo.com\/wp-content\/uploads\/2021\/08\/Instagram-4-280x280.png\" class=\"attachment-thumbnail size-thumbnail\" alt=\"\" srcset=\"https:\/\/tanzzo.com\/wp-content\/uploads\/2021\/08\/Instagram-4-280x280.png 280w, https:\/\/tanzzo.com\/wp-content\/uploads\/2021\/08\/Instagram-4-100x100.png 100w, https:\/\/tanzzo.com\/wp-content\/uploads\/2021\/08\/Instagram-4.png 343w\" sizes=\"auto, (max-width: 280px) 100vw, 280px\" \/>        <\/div>\n                <div class=\"icon-box-text p-last-0\">\n          <div class=\"star-rating\"><span style=\"width:100%\"><strong class=\"rating\"><\/strong><\/span><\/div>  \t\t\t\t<div class=\"testimonial-text line-height-small italic test_text first-reset last-reset is-italic\">\n            \n<h3>Cathrine M. USA<\/h3>\n<p>I&#8217;ve tried many tanning creams and this\u00a0one is for sure the best one. Great results\u00a0and not to mention the smell. So good!<\/p>\n          <\/div>\n          <div class=\"testimonial-meta pt-half\">\n             <strong class=\"testimonial-name test_name\"><\/strong>\n                          <span class=\"testimonial-company test_company\"><\/span>\n          <\/div>\n        <\/div>\n  <\/div>\n\n  \n  <div class=\"icon-box testimonial-box icon-box-left text-left\">\n                <div class=\"icon-box-img testimonial-image circle\" style=\"width: 120px\">\n              <img loading=\"lazy\" decoding=\"async\" width=\"280\" height=\"280\" src=\"https:\/\/tanzzo.com\/wp-content\/uploads\/2022\/04\/smile-portrait-face-person-people-human-280x280.webp\" class=\"attachment-thumbnail size-thumbnail\" alt=\"\" srcset=\"https:\/\/tanzzo.com\/wp-content\/uploads\/2022\/04\/smile-portrait-face-person-people-human-280x280.webp 280w, https:\/\/tanzzo.com\/wp-content\/uploads\/2022\/04\/smile-portrait-face-person-people-human-100x100.webp 100w\" sizes=\"auto, (max-width: 280px) 100vw, 280px\" \/>        <\/div>\n                <div class=\"icon-box-text p-last-0\">\n          <div class=\"star-rating\"><span style=\"width:100%\"><strong class=\"rating\"><\/strong><\/span><\/div>  \t\t\t\t<div class=\"testimonial-text line-height-small italic test_text first-reset last-reset is-italic\">\n            \n<h3>Dolly E. USA<\/h3>\n<p>I just got Tanning cream and After Sun Cream and I can not wait to\u00a0try them. The smell is amazing!<\/p>\n          <\/div>\n          <div class=\"testimonial-meta pt-half\">\n             <strong class=\"testimonial-name test_name\"><\/strong>\n                          <span class=\"testimonial-company test_company\"><\/span>\n          <\/div>\n        <\/div>\n  <\/div>\n\n  \n  <div class=\"icon-box testimonial-box icon-box-left text-left\">\n                <div class=\"icon-box-img testimonial-image circle\" style=\"width: 120px\">\n              <img loading=\"lazy\" decoding=\"async\" width=\"166\" height=\"166\" src=\"https:\/\/tanzzo.com\/wp-content\/uploads\/2022\/04\/pexels-davide-de-giovanni-5762469-2@2x.png\" class=\"attachment-thumbnail size-thumbnail\" alt=\"\" srcset=\"https:\/\/tanzzo.com\/wp-content\/uploads\/2022\/04\/pexels-davide-de-giovanni-5762469-2@2x.png 166w, https:\/\/tanzzo.com\/wp-content\/uploads\/2022\/04\/pexels-davide-de-giovanni-5762469-2@2x-100x100.png 100w\" sizes=\"auto, (max-width: 166px) 100vw, 166px\" \/>        <\/div>\n                <div class=\"icon-box-text p-last-0\">\n          <div class=\"star-rating\"><span style=\"width:100%\"><strong class=\"rating\"><\/strong><\/span><\/div>  \t\t\t\t<div class=\"testimonial-text line-height-small italic test_text first-reset last-reset is-italic\">\n            \n<h3>Amanda D. USA<\/h3>\n<p>After sun exposure I look like a tomato.\u00a0My skin burns and peels like an onion. After Sun Cream really calms down my skin!<\/p>\n          <\/div>\n          <div class=\"testimonial-meta pt-half\">\n             <strong class=\"testimonial-name test_name\"><\/strong>\n                          <span class=\"testimonial-company test_company\"><\/span>\n          <\/div>\n        <\/div>\n  <\/div>\n\n  \n  <div class=\"icon-box testimonial-box icon-box-left text-left\">\n                <div class=\"icon-box-img testimonial-image circle\" style=\"width: 120px\">\n              <img loading=\"lazy\" decoding=\"async\" width=\"280\" height=\"280\" src=\"https:\/\/tanzzo.com\/wp-content\/uploads\/2021\/08\/Instagram-1-280x280.png\" class=\"attachment-thumbnail size-thumbnail\" alt=\"\" srcset=\"https:\/\/tanzzo.com\/wp-content\/uploads\/2021\/08\/Instagram-1-280x280.png 280w, https:\/\/tanzzo.com\/wp-content\/uploads\/2021\/08\/Instagram-1-100x100.png 100w, https:\/\/tanzzo.com\/wp-content\/uploads\/2021\/08\/Instagram-1.png 343w\" sizes=\"auto, (max-width: 280px) 100vw, 280px\" \/>        <\/div>\n                <div class=\"icon-box-text p-last-0\">\n          <div class=\"star-rating\"><span style=\"width:75%\"><strong class=\"rating\"><\/strong><\/span><\/div>  \t\t\t\t<div class=\"testimonial-text line-height-small italic test_text first-reset last-reset is-italic\">\n            \n<h3>Anna G. USA<\/h3>\n<p>I used Tanning cream for 3 days and I have never had that much tan in such short time. I will definitely\u00a0buy again!<\/p>\n          <\/div>\n          <div class=\"testimonial-meta pt-half\">\n             <strong class=\"testimonial-name test_name\"><\/strong>\n                          <span class=\"testimonial-company test_company\"><\/span>\n          <\/div>\n        <\/div>\n  <\/div>\n\n  \n  <div class=\"icon-box testimonial-box icon-box-left text-left\">\n                <div class=\"icon-box-img testimonial-image circle\" style=\"width: 120px\">\n              <img loading=\"lazy\" decoding=\"async\" width=\"280\" height=\"280\" src=\"https:\/\/tanzzo.com\/wp-content\/uploads\/2022\/04\/4892841_13051676-280x280.jpg\" class=\"attachment-thumbnail size-thumbnail\" alt=\"\" srcset=\"https:\/\/tanzzo.com\/wp-content\/uploads\/2022\/04\/4892841_13051676-280x280.jpg 280w, https:\/\/tanzzo.com\/wp-content\/uploads\/2022\/04\/4892841_13051676-100x100.jpg 100w, https:\/\/tanzzo.com\/wp-content\/uploads\/2022\/04\/4892841_13051676-510x510.jpg 510w, https:\/\/tanzzo.com\/wp-content\/uploads\/2022\/04\/4892841_13051676-400x400.jpg 400w, https:\/\/tanzzo.com\/wp-content\/uploads\/2022\/04\/4892841_13051676-800x800.jpg 800w, https:\/\/tanzzo.com\/wp-content\/uploads\/2022\/04\/4892841_13051676-768x768.jpg 768w, https:\/\/tanzzo.com\/wp-content\/uploads\/2022\/04\/4892841_13051676.jpg 1080w\" sizes=\"auto, (max-width: 280px) 100vw, 280px\" \/>        <\/div>\n                <div class=\"icon-box-text p-last-0\">\n          <div class=\"star-rating\"><span style=\"width:75%\"><strong class=\"rating\"><\/strong><\/span><\/div>  \t\t\t\t<div class=\"testimonial-text line-height-small italic test_text first-reset last-reset is-italic\">\n            \n<h3>Jessica M. USA<\/h3>\n<p>This is my third Tanzzo Tanning cream\u00a0and I can confidently say it is not the\u00a0last one. The smell is addicting and achieved tan is so flattering.<\/p>\n          <\/div>\n          <div class=\"testimonial-meta pt-half\">\n             <strong class=\"testimonial-name test_name\"><\/strong>\n                          <span class=\"testimonial-company test_company\"><\/span>\n          <\/div>\n        <\/div>\n  <\/div>\n\n  \n\t<div id=\"gap-1773107376\" class=\"gap-element clearfix\" style=\"display:block; height:auto;\">\n\t\t\n<style>\n#gap-1773107376 {\n  padding-top: 30px;\n}\n<\/style>\n\t<\/div>\n\t\n\t\t<\/div>\n\t\t\t\t\t<\/div>\n\n\t\n<\/div>\n\t\t<\/div>\n\n\t\t\n<style>\n#section_1787412180 {\n  padding-top: 30px;\n  padding-bottom: 30px;\n}\n#section_1787412180 .ux-shape-divider--top svg {\n  height: 150px;\n  --divider-top-width: 100%;\n}\n#section_1787412180 .ux-shape-divider--bottom svg {\n  height: 150px;\n  --divider-width: 100%;\n}\n@media (min-width:850px) {\n  #section_1787412180 {\n    padding-top: 100px;\n    padding-bottom: 100px;\n  }\n}\n<\/style>\n\t<\/section>\n\t\n","protected":false},"excerpt":{"rendered":"<p>Haide\u021bi s\u0103 v\u0103 prezent\u0103m un \u00eenso\u021bitor de plaj\u0103 absolut necesar pentru un bronz perfect ca proasp\u0103t venit &#8221;\u00eenapoi din vacan\u021b\u0103&#8221;!<\/p>\n<p>Crema de bronzare Tanzzo a fost special creat\u0103 pentru a gr\u0103bi rapid procesul natural de bronzare. Asigur\u0103 un bronzare mai rapid\u0103 \u0219i mai intens\u0103, \u00een acela\u0219i timp oferind pielii tale nutrien\u021bi \u0219i hidratare. Ingredientele atent selec\u021bionate lucreaz\u0103 \u00een armonie cu pielea ta pentru a crea un bronz bomb\u0103 cu aspect de ciocolat\u0103 \u00eentr-o perioad\u0103 scurt\u0103 de timp. Untul din semin\u021be de cacao \u0219i extractul de r\u0103d\u0103cin\u0103 de morcov au fost, \u0219i ele, introduse \u00een crema noastr\u0103 de bronzare pentru a men\u021bine pielea moale \u0219i hidratat\u0103, \u00een timp ce parfumul hipnotizant te trimite \u00een cele mai senza\u021bionale momente de var\u0103 \u0219i \u00een cele mai \u00eensorite locuri, f\u0103r\u0103 nevoie de pa\u0219aport!<\/p>\n","protected":false},"featured_media":11871,"template":"","meta":[],"product_cat":[193],"product_tag":[],"class_list":["post-7229","product","type-product","status-publish","has-post-thumbnail","hentry","product_cat-uncategorized-ro"],"acf":[],"yoast_head":"<!-- This site is optimized with the Yoast SEO plugin v20.8 - https:\/\/yoast.com\/wordpress\/plugins\/seo\/ -->\n<title>Crem\u0103 pentru bronzare accelerate - 200ml - Tanzzo<\/title>\n<meta name=\"description\" content=\"Tanzzo Tanning Cream asigur\u0103 un bronzat mai rapid \u0219i mai intens, oferind totu\u0219i nutrien\u021bii \u0219i umiditatea pielii.\" \/>\n<meta name=\"robots\" content=\"index, follow, max-snippet:-1, max-image-preview:large, max-video-preview:-1\" \/>\n<link rel=\"canonical\" href=\"https:\/\/tanzzo.com\/ro\/product\/tanning-cream-2\/\" \/>\n<meta property=\"og:locale\" content=\"ro_RO\" \/>\n<meta property=\"og:type\" content=\"article\" \/>\n<meta property=\"og:title\" content=\"Crem\u0103 pentru bronzare accelerate - 200ml - Tanzzo\" \/>\n<meta property=\"og:description\" content=\"Tanzzo Tanning Cream asigur\u0103 un bronzat mai rapid \u0219i mai intens, oferind totu\u0219i nutrien\u021bii \u0219i umiditatea pielii.\" \/>\n<meta property=\"og:url\" content=\"https:\/\/tanzzo.com\/ro\/product\/tanning-cream-2\/\" \/>\n<meta property=\"og:site_name\" content=\"Tanzzo\" \/>\n<meta property=\"article:publisher\" content=\"https:\/\/www.facebook.com\/Tanzzzo\/\" \/>\n<meta property=\"article:modified_time\" content=\"2023-04-14T14:17:08+00:00\" \/>\n<meta property=\"og:image\" content=\"https:\/\/tanzzo.com\/wp-content\/uploads\/2022\/06\/tanning-cream-png.png\" \/>\n\t<meta property=\"og:image:width\" content=\"1080\" \/>\n\t<meta property=\"og:image:height\" content=\"1080\" \/>\n\t<meta property=\"og:image:type\" content=\"image\/png\" \/>\n<meta name=\"twitter:card\" content=\"summary_large_image\" \/>\n<meta name=\"twitter:label1\" content=\"Timp estimat pentru citire\" \/>\n\t<meta name=\"twitter:data1\" content=\"2 minute\" \/>\n<script type=\"application\/ld+json\" class=\"yoast-schema-graph\">{\"@context\":\"https:\/\/schema.org\",\"@graph\":[{\"@type\":\"WebPage\",\"@id\":\"https:\/\/tanzzo.com\/ro\/product\/tanning-cream-2\/\",\"url\":\"https:\/\/tanzzo.com\/ro\/product\/tanning-cream-2\/\",\"name\":\"Crem\u0103 pentru bronzare accelerate - 200ml - Tanzzo\",\"isPartOf\":{\"@id\":\"https:\/\/tanzzo.com\/ro\/#website\"},\"datePublished\":\"2022-06-06T11:37:51+00:00\",\"dateModified\":\"2023-04-14T14:17:08+00:00\",\"description\":\"Tanzzo Tanning Cream asigur\u0103 un bronzat mai rapid \u0219i mai intens, oferind totu\u0219i nutrien\u021bii \u0219i umiditatea pielii.\",\"breadcrumb\":{\"@id\":\"https:\/\/tanzzo.com\/ro\/product\/tanning-cream-2\/#breadcrumb\"},\"inLanguage\":\"ro-RO\",\"potentialAction\":[{\"@type\":\"ReadAction\",\"target\":[\"https:\/\/tanzzo.com\/ro\/product\/tanning-cream-2\/\"]}]},{\"@type\":\"BreadcrumbList\",\"@id\":\"https:\/\/tanzzo.com\/ro\/product\/tanning-cream-2\/#breadcrumb\",\"itemListElement\":[{\"@type\":\"ListItem\",\"position\":1,\"name\":\"Home\",\"item\":\"https:\/\/tanzzo.com\/ro\/\"},{\"@type\":\"ListItem\",\"position\":2,\"name\":\"Magazin\",\"item\":\"https:\/\/tanzzo.com\/ro\/magazin\/\"},{\"@type\":\"ListItem\",\"position\":3,\"name\":\"Crem\u0103 pentru bronzare accelerate &#8211; 200ml\"}]},{\"@type\":\"WebSite\",\"@id\":\"https:\/\/tanzzo.com\/ro\/#website\",\"url\":\"https:\/\/tanzzo.com\/ro\/\",\"name\":\"Tanzzo\",\"description\":\"GET YOUR PERFECT TAN\",\"publisher\":{\"@id\":\"https:\/\/tanzzo.com\/ro\/#organization\"},\"potentialAction\":[{\"@type\":\"SearchAction\",\"target\":{\"@type\":\"EntryPoint\",\"urlTemplate\":\"https:\/\/tanzzo.com\/ro\/?s={search_term_string}\"},\"query-input\":\"required name=search_term_string\"}],\"inLanguage\":\"ro-RO\"},{\"@type\":\"Organization\",\"@id\":\"https:\/\/tanzzo.com\/ro\/#organization\",\"name\":\"Tanzzo\",\"url\":\"https:\/\/tanzzo.com\/ro\/\",\"logo\":{\"@type\":\"ImageObject\",\"inLanguage\":\"ro-RO\",\"@id\":\"https:\/\/tanzzo.com\/ro\/#\/schema\/logo\/image\/\",\"url\":\"https:\/\/tanzzo.com\/wp-content\/uploads\/2021\/08\/tanzzo1.png\",\"contentUrl\":\"https:\/\/tanzzo.com\/wp-content\/uploads\/2021\/08\/tanzzo1.png\",\"width\":2560,\"height\":426,\"caption\":\"Tanzzo\"},\"image\":{\"@id\":\"https:\/\/tanzzo.com\/ro\/#\/schema\/logo\/image\/\"},\"sameAs\":[\"https:\/\/www.facebook.com\/Tanzzzo\/\",\"https:\/\/www.instagram.com\/tanzzo_original\/\"]}]}<\/script>\n<!-- \/ Yoast SEO plugin. -->","yoast_head_json":{"title":"Crem\u0103 pentru bronzare accelerate - 200ml - Tanzzo","description":"Tanzzo Tanning Cream asigur\u0103 un bronzat mai rapid \u0219i mai intens, oferind totu\u0219i nutrien\u021bii \u0219i umiditatea pielii.","robots":{"index":"index","follow":"follow","max-snippet":"max-snippet:-1","max-image-preview":"max-image-preview:large","max-video-preview":"max-video-preview:-1"},"canonical":"https:\/\/tanzzo.com\/ro\/product\/tanning-cream-2\/","og_locale":"ro_RO","og_type":"article","og_title":"Crem\u0103 pentru bronzare accelerate - 200ml - Tanzzo","og_description":"Tanzzo Tanning Cream asigur\u0103 un bronzat mai rapid \u0219i mai intens, oferind totu\u0219i nutrien\u021bii \u0219i umiditatea pielii.","og_url":"https:\/\/tanzzo.com\/ro\/product\/tanning-cream-2\/","og_site_name":"Tanzzo","article_publisher":"https:\/\/www.facebook.com\/Tanzzzo\/","article_modified_time":"2023-04-14T14:17:08+00:00","og_image":[{"width":1080,"height":1080,"url":"https:\/\/tanzzo.com\/wp-content\/uploads\/2022\/06\/tanning-cream-png.png","type":"image\/png"}],"twitter_card":"summary_large_image","twitter_misc":{"Timp estimat pentru citire":"2 minute"},"schema":{"@context":"https:\/\/schema.org","@graph":[{"@type":"WebPage","@id":"https:\/\/tanzzo.com\/ro\/product\/tanning-cream-2\/","url":"https:\/\/tanzzo.com\/ro\/product\/tanning-cream-2\/","name":"Crem\u0103 pentru bronzare accelerate - 200ml - Tanzzo","isPartOf":{"@id":"https:\/\/tanzzo.com\/ro\/#website"},"datePublished":"2022-06-06T11:37:51+00:00","dateModified":"2023-04-14T14:17:08+00:00","description":"Tanzzo Tanning Cream asigur\u0103 un bronzat mai rapid \u0219i mai intens, oferind totu\u0219i nutrien\u021bii \u0219i umiditatea pielii.","breadcrumb":{"@id":"https:\/\/tanzzo.com\/ro\/product\/tanning-cream-2\/#breadcrumb"},"inLanguage":"ro-RO","potentialAction":[{"@type":"ReadAction","target":["https:\/\/tanzzo.com\/ro\/product\/tanning-cream-2\/"]}]},{"@type":"BreadcrumbList","@id":"https:\/\/tanzzo.com\/ro\/product\/tanning-cream-2\/#breadcrumb","itemListElement":[{"@type":"ListItem","position":1,"name":"Home","item":"https:\/\/tanzzo.com\/ro\/"},{"@type":"ListItem","position":2,"name":"Magazin","item":"https:\/\/tanzzo.com\/ro\/magazin\/"},{"@type":"ListItem","position":3,"name":"Crem\u0103 pentru bronzare accelerate &#8211; 200ml"}]},{"@type":"WebSite","@id":"https:\/\/tanzzo.com\/ro\/#website","url":"https:\/\/tanzzo.com\/ro\/","name":"Tanzzo","description":"GET YOUR PERFECT TAN","publisher":{"@id":"https:\/\/tanzzo.com\/ro\/#organization"},"potentialAction":[{"@type":"SearchAction","target":{"@type":"EntryPoint","urlTemplate":"https:\/\/tanzzo.com\/ro\/?s={search_term_string}"},"query-input":"required name=search_term_string"}],"inLanguage":"ro-RO"},{"@type":"Organization","@id":"https:\/\/tanzzo.com\/ro\/#organization","name":"Tanzzo","url":"https:\/\/tanzzo.com\/ro\/","logo":{"@type":"ImageObject","inLanguage":"ro-RO","@id":"https:\/\/tanzzo.com\/ro\/#\/schema\/logo\/image\/","url":"https:\/\/tanzzo.com\/wp-content\/uploads\/2021\/08\/tanzzo1.png","contentUrl":"https:\/\/tanzzo.com\/wp-content\/uploads\/2021\/08\/tanzzo1.png","width":2560,"height":426,"caption":"Tanzzo"},"image":{"@id":"https:\/\/tanzzo.com\/ro\/#\/schema\/logo\/image\/"},"sameAs":["https:\/\/www.facebook.com\/Tanzzzo\/","https:\/\/www.instagram.com\/tanzzo_original\/"]}]}},"_links":{"self":[{"href":"https:\/\/tanzzo.com\/ro\/wp-json\/wp\/v2\/product\/7229","targetHints":{"allow":["GET"]}}],"collection":[{"href":"https:\/\/tanzzo.com\/ro\/wp-json\/wp\/v2\/product"}],"about":[{"href":"https:\/\/tanzzo.com\/ro\/wp-json\/wp\/v2\/types\/product"}],"wp:featuredmedia":[{"embeddable":true,"href":"https:\/\/tanzzo.com\/ro\/wp-json\/wp\/v2\/media\/11871"}],"wp:attachment":[{"href":"https:\/\/tanzzo.com\/ro\/wp-json\/wp\/v2\/media?parent=7229"}],"wp:term":[{"taxonomy":"product_cat","embeddable":true,"href":"https:\/\/tanzzo.com\/ro\/wp-json\/wp\/v2\/product_cat?post=7229"},{"taxonomy":"product_tag","embeddable":true,"href":"https:\/\/tanzzo.com\/ro\/wp-json\/wp\/v2\/product_tag?post=7229"}],"curies":[{"name":"wp","href":"https:\/\/api.w.org\/{rel}","templated":true}]}}