
{"id":3677,"date":"2021-08-09T08:07:39","date_gmt":"2022-04-13T09:58:11","guid":{"rendered":"https:\/\/tanzzo.com\/?post_type=product&#038;p=3677"},"modified":"2023-06-06T12:00:53","modified_gmt":"2023-06-06T10:00:53","slug":"tanning-cream","status":"publish","type":"product","link":"https:\/\/tanzzo.com\/ro\/product\/tanning-cream\/","title":{"rendered":"Crem\u0103 pentru bronzare accelerate &#8211; 200ml"},"content":{"rendered":"<div class=\"row row-collapse row-full-width\"  id=\"row-342718080\">\n\n\t<div id=\"col-909636954\" class=\"col small-12 large-12\"  >\n\t\t\t\t<div class=\"col-inner\"  >\n\t\t\t\n\t\t\t\n\n\t\t<\/div>\n\t\t\t\t\t<\/div>\n\n\t\n\n<style>\n#row-342718080 > .col > .col-inner {\n  background-color: rgb(245, 245, 245);\n}\n<\/style>\n<\/div>\n\n","protected":false},"excerpt":{"rendered":"<p><span><strong>Crema noastr\u0103 revolu\u021bionar\u0103 de bronzare v\u0103 maximizeaz\u0103 bronzul, sub soare sau \u00een solar.<\/strong><\/span><\/p>\n<ul class=\"orange-dots\">\n<li><b>accelereaz\u0103 procesul de bronzare<\/b><\/li>\n<li><strong>asigur\u0103 hidratare \u0219i nutrien\u021bi pentru piele<\/strong><\/li>\n<li><strong>se absoarbe rapid \u0219i nu las\u0103 pete<\/strong><\/li>\n<li><strong>esen\u021ba unui paradis tropica<\/strong><\/li>\n<\/ul>\n<p><span>TANZZO este aici pentru a v\u0103 \u00eembun\u0103t\u0103\u021bi experien\u021ba de bronzare. Preg\u0103ti\u021bi-v\u0103 s\u0103 str\u0103luci\u021bi \u0219i l\u0103sa\u021bi acest accelerator de bronzare s\u0103 v\u0103 ajute s\u0103 ob\u021bine\u021bi acel aspect str\u0103lucitor de var\u0103 care va impresiona pe toat\u0103 lumea!<\/span><\/p>\n","protected":false},"featured_media":11871,"template":"","meta":[],"product_cat":[193],"product_tag":[],"class_list":["post-3677","product","type-product","status-publish","has-post-thumbnail","hentry","product_cat-uncategorized-ro"],"acf":[],"yoast_head":"<!-- This site is optimized with the Yoast SEO plugin v20.8 - https:\/\/yoast.com\/wordpress\/plugins\/seo\/ -->\n<title>Crem\u0103 pentru bronzare accelerate - 200ml - Tanzzo<\/title>\n<meta name=\"description\" content=\"Tanzzo Tanning Cream asigur\u0103 un bronzat mai rapid \u0219i mai intens, oferind totu\u0219i nutrien\u021bii \u0219i umiditatea pielii.\" \/>\n<meta name=\"robots\" content=\"index, follow, max-snippet:-1, max-image-preview:large, max-video-preview:-1\" \/>\n<link rel=\"canonical\" href=\"https:\/\/tanzzo.com\/ro\/product\/tanning-cream\/\" \/>\n<meta property=\"og:locale\" content=\"ro_RO\" \/>\n<meta property=\"og:type\" content=\"article\" \/>\n<meta property=\"og:title\" content=\"Crem\u0103 pentru bronzare accelerate - 200ml - Tanzzo\" \/>\n<meta property=\"og:description\" content=\"Tanzzo Tanning Cream asigur\u0103 un bronzat mai rapid \u0219i mai intens, oferind totu\u0219i nutrien\u021bii \u0219i umiditatea pielii.\" \/>\n<meta property=\"og:url\" content=\"https:\/\/tanzzo.com\/ro\/product\/tanning-cream\/\" \/>\n<meta property=\"og:site_name\" content=\"Tanzzo\" \/>\n<meta property=\"article:publisher\" content=\"https:\/\/www.facebook.com\/Tanzzzo\/\" \/>\n<meta property=\"article:modified_time\" content=\"2023-06-06T10:00:53+00:00\" \/>\n<meta property=\"og:image\" content=\"https:\/\/tanzzo.com\/wp-content\/uploads\/2022\/06\/tanning-cream-png.png\" \/>\n\t<meta property=\"og:image:width\" content=\"1080\" \/>\n\t<meta property=\"og:image:height\" content=\"1080\" \/>\n\t<meta property=\"og:image:type\" content=\"image\/png\" \/>\n<meta name=\"twitter:card\" content=\"summary_large_image\" \/>\n<meta name=\"twitter:label1\" content=\"Timp estimat pentru citire\" \/>\n\t<meta name=\"twitter:data1\" content=\"2 minute\" \/>\n<script type=\"application\/ld+json\" class=\"yoast-schema-graph\">{\"@context\":\"https:\/\/schema.org\",\"@graph\":[{\"@type\":\"WebPage\",\"@id\":\"https:\/\/tanzzo.com\/ro\/product\/tanning-cream\/\",\"url\":\"https:\/\/tanzzo.com\/ro\/product\/tanning-cream\/\",\"name\":\"Crem\u0103 pentru bronzare accelerate - 200ml - Tanzzo\",\"isPartOf\":{\"@id\":\"https:\/\/tanzzo.com\/ro\/#website\"},\"datePublished\":\"2022-04-13T09:58:11+00:00\",\"dateModified\":\"2023-06-06T10:00:53+00:00\",\"description\":\"Tanzzo Tanning Cream asigur\u0103 un bronzat mai rapid \u0219i mai intens, oferind totu\u0219i nutrien\u021bii \u0219i umiditatea pielii.\",\"breadcrumb\":{\"@id\":\"https:\/\/tanzzo.com\/ro\/product\/tanning-cream\/#breadcrumb\"},\"inLanguage\":\"ro-RO\",\"potentialAction\":[{\"@type\":\"ReadAction\",\"target\":[\"https:\/\/tanzzo.com\/ro\/product\/tanning-cream\/\"]}]},{\"@type\":\"BreadcrumbList\",\"@id\":\"https:\/\/tanzzo.com\/ro\/product\/tanning-cream\/#breadcrumb\",\"itemListElement\":[{\"@type\":\"ListItem\",\"position\":1,\"name\":\"Home\",\"item\":\"https:\/\/tanzzo.com\/ro\/\"},{\"@type\":\"ListItem\",\"position\":2,\"name\":\"Magazin\",\"item\":\"https:\/\/tanzzo.com\/ro\/magazin\/\"},{\"@type\":\"ListItem\",\"position\":3,\"name\":\"Crem\u0103 pentru bronzare accelerate &#8211; 200ml\"}]},{\"@type\":\"WebSite\",\"@id\":\"https:\/\/tanzzo.com\/ro\/#website\",\"url\":\"https:\/\/tanzzo.com\/ro\/\",\"name\":\"Tanzzo\",\"description\":\"GET YOUR PERFECT TAN\",\"publisher\":{\"@id\":\"https:\/\/tanzzo.com\/ro\/#organization\"},\"potentialAction\":[{\"@type\":\"SearchAction\",\"target\":{\"@type\":\"EntryPoint\",\"urlTemplate\":\"https:\/\/tanzzo.com\/ro\/?s={search_term_string}\"},\"query-input\":\"required name=search_term_string\"}],\"inLanguage\":\"ro-RO\"},{\"@type\":\"Organization\",\"@id\":\"https:\/\/tanzzo.com\/ro\/#organization\",\"name\":\"Tanzzo\",\"url\":\"https:\/\/tanzzo.com\/ro\/\",\"logo\":{\"@type\":\"ImageObject\",\"inLanguage\":\"ro-RO\",\"@id\":\"https:\/\/tanzzo.com\/ro\/#\/schema\/logo\/image\/\",\"url\":\"https:\/\/tanzzo.com\/wp-content\/uploads\/2021\/08\/tanzzo1.png\",\"contentUrl\":\"https:\/\/tanzzo.com\/wp-content\/uploads\/2021\/08\/tanzzo1.png\",\"width\":2560,\"height\":426,\"caption\":\"Tanzzo\"},\"image\":{\"@id\":\"https:\/\/tanzzo.com\/ro\/#\/schema\/logo\/image\/\"},\"sameAs\":[\"https:\/\/www.facebook.com\/Tanzzzo\/\",\"https:\/\/www.instagram.com\/tanzzo_original\/\"]}]}<\/script>\n<!-- \/ Yoast SEO plugin. -->","yoast_head_json":{"title":"Crem\u0103 pentru bronzare accelerate - 200ml - Tanzzo","description":"Tanzzo Tanning Cream asigur\u0103 un bronzat mai rapid \u0219i mai intens, oferind totu\u0219i nutrien\u021bii \u0219i umiditatea pielii.","robots":{"index":"index","follow":"follow","max-snippet":"max-snippet:-1","max-image-preview":"max-image-preview:large","max-video-preview":"max-video-preview:-1"},"canonical":"https:\/\/tanzzo.com\/ro\/product\/tanning-cream\/","og_locale":"ro_RO","og_type":"article","og_title":"Crem\u0103 pentru bronzare accelerate - 200ml - Tanzzo","og_description":"Tanzzo Tanning Cream asigur\u0103 un bronzat mai rapid \u0219i mai intens, oferind totu\u0219i nutrien\u021bii \u0219i umiditatea pielii.","og_url":"https:\/\/tanzzo.com\/ro\/product\/tanning-cream\/","og_site_name":"Tanzzo","article_publisher":"https:\/\/www.facebook.com\/Tanzzzo\/","article_modified_time":"2023-06-06T10:00:53+00:00","og_image":[{"width":1080,"height":1080,"url":"https:\/\/tanzzo.com\/wp-content\/uploads\/2022\/06\/tanning-cream-png.png","type":"image\/png"}],"twitter_card":"summary_large_image","twitter_misc":{"Timp estimat pentru citire":"2 minute"},"schema":{"@context":"https:\/\/schema.org","@graph":[{"@type":"WebPage","@id":"https:\/\/tanzzo.com\/ro\/product\/tanning-cream\/","url":"https:\/\/tanzzo.com\/ro\/product\/tanning-cream\/","name":"Crem\u0103 pentru bronzare accelerate - 200ml - Tanzzo","isPartOf":{"@id":"https:\/\/tanzzo.com\/ro\/#website"},"datePublished":"2022-04-13T09:58:11+00:00","dateModified":"2023-06-06T10:00:53+00:00","description":"Tanzzo Tanning Cream asigur\u0103 un bronzat mai rapid \u0219i mai intens, oferind totu\u0219i nutrien\u021bii \u0219i umiditatea pielii.","breadcrumb":{"@id":"https:\/\/tanzzo.com\/ro\/product\/tanning-cream\/#breadcrumb"},"inLanguage":"ro-RO","potentialAction":[{"@type":"ReadAction","target":["https:\/\/tanzzo.com\/ro\/product\/tanning-cream\/"]}]},{"@type":"BreadcrumbList","@id":"https:\/\/tanzzo.com\/ro\/product\/tanning-cream\/#breadcrumb","itemListElement":[{"@type":"ListItem","position":1,"name":"Home","item":"https:\/\/tanzzo.com\/ro\/"},{"@type":"ListItem","position":2,"name":"Magazin","item":"https:\/\/tanzzo.com\/ro\/magazin\/"},{"@type":"ListItem","position":3,"name":"Crem\u0103 pentru bronzare accelerate &#8211; 200ml"}]},{"@type":"WebSite","@id":"https:\/\/tanzzo.com\/ro\/#website","url":"https:\/\/tanzzo.com\/ro\/","name":"Tanzzo","description":"GET YOUR PERFECT TAN","publisher":{"@id":"https:\/\/tanzzo.com\/ro\/#organization"},"potentialAction":[{"@type":"SearchAction","target":{"@type":"EntryPoint","urlTemplate":"https:\/\/tanzzo.com\/ro\/?s={search_term_string}"},"query-input":"required name=search_term_string"}],"inLanguage":"ro-RO"},{"@type":"Organization","@id":"https:\/\/tanzzo.com\/ro\/#organization","name":"Tanzzo","url":"https:\/\/tanzzo.com\/ro\/","logo":{"@type":"ImageObject","inLanguage":"ro-RO","@id":"https:\/\/tanzzo.com\/ro\/#\/schema\/logo\/image\/","url":"https:\/\/tanzzo.com\/wp-content\/uploads\/2021\/08\/tanzzo1.png","contentUrl":"https:\/\/tanzzo.com\/wp-content\/uploads\/2021\/08\/tanzzo1.png","width":2560,"height":426,"caption":"Tanzzo"},"image":{"@id":"https:\/\/tanzzo.com\/ro\/#\/schema\/logo\/image\/"},"sameAs":["https:\/\/www.facebook.com\/Tanzzzo\/","https:\/\/www.instagram.com\/tanzzo_original\/"]}]}},"_links":{"self":[{"href":"https:\/\/tanzzo.com\/ro\/wp-json\/wp\/v2\/product\/3677","targetHints":{"allow":["GET"]}}],"collection":[{"href":"https:\/\/tanzzo.com\/ro\/wp-json\/wp\/v2\/product"}],"about":[{"href":"https:\/\/tanzzo.com\/ro\/wp-json\/wp\/v2\/types\/product"}],"wp:featuredmedia":[{"embeddable":true,"href":"https:\/\/tanzzo.com\/ro\/wp-json\/wp\/v2\/media\/11871"}],"wp:attachment":[{"href":"https:\/\/tanzzo.com\/ro\/wp-json\/wp\/v2\/media?parent=3677"}],"wp:term":[{"taxonomy":"product_cat","embeddable":true,"href":"https:\/\/tanzzo.com\/ro\/wp-json\/wp\/v2\/product_cat?post=3677"},{"taxonomy":"product_tag","embeddable":true,"href":"https:\/\/tanzzo.com\/ro\/wp-json\/wp\/v2\/product_tag?post=3677"}],"curies":[{"name":"wp","href":"https:\/\/api.w.org\/{rel}","templated":true}]}}