
{"id":13342,"date":"2022-07-14T14:23:52","date_gmt":"2022-07-14T12:23:52","guid":{"rendered":"https:\/\/tanzzo.com\/product\/glow-in-the-dark\/"},"modified":"2022-07-15T07:56:34","modified_gmt":"2022-07-15T05:56:34","slug":"glow-in-the-dark","status":"publish","type":"product","link":"https:\/\/tanzzo.com\/ro\/product\/glow-in-the-dark\/","title":{"rendered":"Glow in the dark"},"content":{"rendered":"","protected":false},"excerpt":{"rendered":"<p>Preia controlul total asupra bronzului t\u0103u cu setul nostru Glow in the dark! Am creat acest set uimitor special pentru a-\u021bi oferi un glow intens, chiar \u0219i pe \u00eentuneric.<br \/>\nUleiul lejer pentru bronzat calmeaz\u0103, catifeleaz\u0103 \u0219i hidrateaz\u0103 pielea \u00een profunzime, ceea ce \u00ee\u021bi va permite s\u0103 ob\u021bii un bronz natural. Al doilea produs este o  lo\u021biune dup\u0103 plaj\u0103, ce va men\u021bine un bronz natural \u0219i \u00ee\u021bi va hidrata pielea \u00een profunzime. Mai mult, vei ob\u021bine \u0219i cea mai nou\u0103 \u0219i mai str\u0103lucitoare crem\u0103 pentru bronzat ce \u00ee\u021bi va oferi un efect str\u0103lucitor chiar \u0219i pe \u00eentuneric! Cine nu iube\u0219te sclipiciul?<br \/>\nTot ce trebuie s\u0103 faci este s\u0103 te relaxezi, iar noi \u00ee\u021bi vom aduce vibra\u021biile tropicale ale vacan\u021belor pe pielea ta.<\/p>\n","protected":false},"featured_media":13282,"template":"","meta":[],"product_cat":[193],"product_tag":[],"class_list":["post-13342","product","type-product","status-publish","has-post-thumbnail","hentry","product_cat-uncategorized-ro"],"acf":[],"yoast_head":"<!-- This site is optimized with the Yoast SEO plugin v20.8 - https:\/\/yoast.com\/wordpress\/plugins\/seo\/ -->\n<title>Glow in the dark - Tanzzo<\/title>\n<meta name=\"robots\" content=\"index, follow, max-snippet:-1, max-image-preview:large, max-video-preview:-1\" \/>\n<link rel=\"canonical\" href=\"https:\/\/tanzzo.com\/ro\/product\/glow-in-the-dark\/\" \/>\n<meta property=\"og:locale\" content=\"ro_RO\" \/>\n<meta property=\"og:type\" content=\"article\" \/>\n<meta property=\"og:title\" content=\"Glow in the dark - Tanzzo\" \/>\n<meta property=\"og:description\" content=\"Preia controlul total asupra bronzului t\u0103u cu setul nostru Glow in the dark! Am creat acest set uimitor special pentru a-\u021bi oferi un glow intens, chiar \u0219i pe \u00eentuneric. Uleiul lejer pentru bronzat calmeaz\u0103, catifeleaz\u0103 \u0219i hidrateaz\u0103 pielea \u00een profunzime, ceea ce \u00ee\u021bi va permite s\u0103 ob\u021bii un bronz natural. Al doilea produs este o lo\u021biune dup\u0103 plaj\u0103, ce va men\u021bine un bronz natural \u0219i \u00ee\u021bi va hidrata pielea \u00een profunzime. Mai mult, vei ob\u021bine \u0219i cea mai nou\u0103 \u0219i mai str\u0103lucitoare crem\u0103 pentru bronzat ce \u00ee\u021bi va oferi un efect str\u0103lucitor chiar \u0219i pe \u00eentuneric! Cine nu iube\u0219te sclipiciul? Tot ce trebuie s\u0103 faci este s\u0103 te relaxezi, iar noi \u00ee\u021bi vom aduce vibra\u021biile tropicale ale vacan\u021belor pe pielea ta.\" \/>\n<meta property=\"og:url\" content=\"https:\/\/tanzzo.com\/ro\/product\/glow-in-the-dark\/\" \/>\n<meta property=\"og:site_name\" content=\"Tanzzo\" \/>\n<meta property=\"article:publisher\" content=\"https:\/\/www.facebook.com\/Tanzzzo\/\" \/>\n<meta property=\"article:modified_time\" content=\"2022-07-15T05:56:34+00:00\" \/>\n<meta property=\"og:image\" content=\"https:\/\/tanzzo.com\/wp-content\/uploads\/2022\/07\/4.png\" \/>\n\t<meta property=\"og:image:width\" content=\"1080\" \/>\n\t<meta property=\"og:image:height\" content=\"1080\" \/>\n\t<meta property=\"og:image:type\" content=\"image\/png\" \/>\n<meta name=\"twitter:card\" content=\"summary_large_image\" \/>\n<script type=\"application\/ld+json\" class=\"yoast-schema-graph\">{\"@context\":\"https:\/\/schema.org\",\"@graph\":[{\"@type\":\"WebPage\",\"@id\":\"https:\/\/tanzzo.com\/ro\/product\/glow-in-the-dark\/\",\"url\":\"https:\/\/tanzzo.com\/ro\/product\/glow-in-the-dark\/\",\"name\":\"Glow in the dark - Tanzzo\",\"isPartOf\":{\"@id\":\"https:\/\/tanzzo.com\/ro\/#website\"},\"datePublished\":\"2022-07-14T12:23:52+00:00\",\"dateModified\":\"2022-07-15T05:56:34+00:00\",\"breadcrumb\":{\"@id\":\"https:\/\/tanzzo.com\/ro\/product\/glow-in-the-dark\/#breadcrumb\"},\"inLanguage\":\"ro-RO\",\"potentialAction\":[{\"@type\":\"ReadAction\",\"target\":[\"https:\/\/tanzzo.com\/ro\/product\/glow-in-the-dark\/\"]}]},{\"@type\":\"BreadcrumbList\",\"@id\":\"https:\/\/tanzzo.com\/ro\/product\/glow-in-the-dark\/#breadcrumb\",\"itemListElement\":[{\"@type\":\"ListItem\",\"position\":1,\"name\":\"Home\",\"item\":\"https:\/\/tanzzo.com\/ro\/\"},{\"@type\":\"ListItem\",\"position\":2,\"name\":\"Magazin\",\"item\":\"https:\/\/tanzzo.com\/ro\/magazin\/\"},{\"@type\":\"ListItem\",\"position\":3,\"name\":\"Glow in the dark\"}]},{\"@type\":\"WebSite\",\"@id\":\"https:\/\/tanzzo.com\/ro\/#website\",\"url\":\"https:\/\/tanzzo.com\/ro\/\",\"name\":\"Tanzzo\",\"description\":\"GET YOUR PERFECT TAN\",\"publisher\":{\"@id\":\"https:\/\/tanzzo.com\/ro\/#organization\"},\"potentialAction\":[{\"@type\":\"SearchAction\",\"target\":{\"@type\":\"EntryPoint\",\"urlTemplate\":\"https:\/\/tanzzo.com\/ro\/?s={search_term_string}\"},\"query-input\":\"required name=search_term_string\"}],\"inLanguage\":\"ro-RO\"},{\"@type\":\"Organization\",\"@id\":\"https:\/\/tanzzo.com\/ro\/#organization\",\"name\":\"Tanzzo\",\"url\":\"https:\/\/tanzzo.com\/ro\/\",\"logo\":{\"@type\":\"ImageObject\",\"inLanguage\":\"ro-RO\",\"@id\":\"https:\/\/tanzzo.com\/ro\/#\/schema\/logo\/image\/\",\"url\":\"https:\/\/tanzzo.com\/wp-content\/uploads\/2021\/08\/tanzzo1.png\",\"contentUrl\":\"https:\/\/tanzzo.com\/wp-content\/uploads\/2021\/08\/tanzzo1.png\",\"width\":2560,\"height\":426,\"caption\":\"Tanzzo\"},\"image\":{\"@id\":\"https:\/\/tanzzo.com\/ro\/#\/schema\/logo\/image\/\"},\"sameAs\":[\"https:\/\/www.facebook.com\/Tanzzzo\/\",\"https:\/\/www.instagram.com\/tanzzo_original\/\"]}]}<\/script>\n<!-- \/ Yoast SEO plugin. -->","yoast_head_json":{"title":"Glow in the dark - Tanzzo","robots":{"index":"index","follow":"follow","max-snippet":"max-snippet:-1","max-image-preview":"max-image-preview:large","max-video-preview":"max-video-preview:-1"},"canonical":"https:\/\/tanzzo.com\/ro\/product\/glow-in-the-dark\/","og_locale":"ro_RO","og_type":"article","og_title":"Glow in the dark - Tanzzo","og_description":"Preia controlul total asupra bronzului t\u0103u cu setul nostru Glow in the dark! Am creat acest set uimitor special pentru a-\u021bi oferi un glow intens, chiar \u0219i pe \u00eentuneric. Uleiul lejer pentru bronzat calmeaz\u0103, catifeleaz\u0103 \u0219i hidrateaz\u0103 pielea \u00een profunzime, ceea ce \u00ee\u021bi va permite s\u0103 ob\u021bii un bronz natural. Al doilea produs este o lo\u021biune dup\u0103 plaj\u0103, ce va men\u021bine un bronz natural \u0219i \u00ee\u021bi va hidrata pielea \u00een profunzime. Mai mult, vei ob\u021bine \u0219i cea mai nou\u0103 \u0219i mai str\u0103lucitoare crem\u0103 pentru bronzat ce \u00ee\u021bi va oferi un efect str\u0103lucitor chiar \u0219i pe \u00eentuneric! Cine nu iube\u0219te sclipiciul? Tot ce trebuie s\u0103 faci este s\u0103 te relaxezi, iar noi \u00ee\u021bi vom aduce vibra\u021biile tropicale ale vacan\u021belor pe pielea ta.","og_url":"https:\/\/tanzzo.com\/ro\/product\/glow-in-the-dark\/","og_site_name":"Tanzzo","article_publisher":"https:\/\/www.facebook.com\/Tanzzzo\/","article_modified_time":"2022-07-15T05:56:34+00:00","og_image":[{"width":1080,"height":1080,"url":"https:\/\/tanzzo.com\/wp-content\/uploads\/2022\/07\/4.png","type":"image\/png"}],"twitter_card":"summary_large_image","schema":{"@context":"https:\/\/schema.org","@graph":[{"@type":"WebPage","@id":"https:\/\/tanzzo.com\/ro\/product\/glow-in-the-dark\/","url":"https:\/\/tanzzo.com\/ro\/product\/glow-in-the-dark\/","name":"Glow in the dark - Tanzzo","isPartOf":{"@id":"https:\/\/tanzzo.com\/ro\/#website"},"datePublished":"2022-07-14T12:23:52+00:00","dateModified":"2022-07-15T05:56:34+00:00","breadcrumb":{"@id":"https:\/\/tanzzo.com\/ro\/product\/glow-in-the-dark\/#breadcrumb"},"inLanguage":"ro-RO","potentialAction":[{"@type":"ReadAction","target":["https:\/\/tanzzo.com\/ro\/product\/glow-in-the-dark\/"]}]},{"@type":"BreadcrumbList","@id":"https:\/\/tanzzo.com\/ro\/product\/glow-in-the-dark\/#breadcrumb","itemListElement":[{"@type":"ListItem","position":1,"name":"Home","item":"https:\/\/tanzzo.com\/ro\/"},{"@type":"ListItem","position":2,"name":"Magazin","item":"https:\/\/tanzzo.com\/ro\/magazin\/"},{"@type":"ListItem","position":3,"name":"Glow in the dark"}]},{"@type":"WebSite","@id":"https:\/\/tanzzo.com\/ro\/#website","url":"https:\/\/tanzzo.com\/ro\/","name":"Tanzzo","description":"GET YOUR PERFECT TAN","publisher":{"@id":"https:\/\/tanzzo.com\/ro\/#organization"},"potentialAction":[{"@type":"SearchAction","target":{"@type":"EntryPoint","urlTemplate":"https:\/\/tanzzo.com\/ro\/?s={search_term_string}"},"query-input":"required name=search_term_string"}],"inLanguage":"ro-RO"},{"@type":"Organization","@id":"https:\/\/tanzzo.com\/ro\/#organization","name":"Tanzzo","url":"https:\/\/tanzzo.com\/ro\/","logo":{"@type":"ImageObject","inLanguage":"ro-RO","@id":"https:\/\/tanzzo.com\/ro\/#\/schema\/logo\/image\/","url":"https:\/\/tanzzo.com\/wp-content\/uploads\/2021\/08\/tanzzo1.png","contentUrl":"https:\/\/tanzzo.com\/wp-content\/uploads\/2021\/08\/tanzzo1.png","width":2560,"height":426,"caption":"Tanzzo"},"image":{"@id":"https:\/\/tanzzo.com\/ro\/#\/schema\/logo\/image\/"},"sameAs":["https:\/\/www.facebook.com\/Tanzzzo\/","https:\/\/www.instagram.com\/tanzzo_original\/"]}]}},"_links":{"self":[{"href":"https:\/\/tanzzo.com\/ro\/wp-json\/wp\/v2\/product\/13342","targetHints":{"allow":["GET"]}}],"collection":[{"href":"https:\/\/tanzzo.com\/ro\/wp-json\/wp\/v2\/product"}],"about":[{"href":"https:\/\/tanzzo.com\/ro\/wp-json\/wp\/v2\/types\/product"}],"wp:featuredmedia":[{"embeddable":true,"href":"https:\/\/tanzzo.com\/ro\/wp-json\/wp\/v2\/media\/13282"}],"wp:attachment":[{"href":"https:\/\/tanzzo.com\/ro\/wp-json\/wp\/v2\/media?parent=13342"}],"wp:term":[{"taxonomy":"product_cat","embeddable":true,"href":"https:\/\/tanzzo.com\/ro\/wp-json\/wp\/v2\/product_cat?post=13342"},{"taxonomy":"product_tag","embeddable":true,"href":"https:\/\/tanzzo.com\/ro\/wp-json\/wp\/v2\/product_tag?post=13342"}],"curies":[{"name":"wp","href":"https:\/\/api.w.org\/{rel}","templated":true}]}}