
{"id":13321,"date":"2022-07-14T13:54:18","date_gmt":"2022-07-14T11:54:18","guid":{"rendered":"https:\/\/tanzzo.com\/product\/brace-yourself\/"},"modified":"2022-07-15T07:52:06","modified_gmt":"2022-07-15T05:52:06","slug":"brace-yourself","status":"publish","type":"product","link":"https:\/\/tanzzo.com\/ro\/product\/brace-yourself\/","title":{"rendered":"Brace yourself"},"content":{"rendered":"","protected":false},"excerpt":{"rendered":"<p>Vacan\u021ba de var\u0103 cu plajele sale \u00eensorite te cheam\u0103 \u0219i \u00eenc\u0103 nu te-ai preg\u0103tit pentru un bronz perfect cu setul nostru Brace yourself ? Nu-\u021bi face griji, Tanzzo este aici pentru tine! Cu ajutorul pic\u0103turilor pentru bronzare \u0219i a cremei dupa expunerea la soare vei putea ob\u021bine o minunat\u0103 piele bronzat\u0103 f\u0103r\u0103 s\u0103 te expui la soare. Tot ce trebuie s\u0103 faci este s\u0103 adaugi c\u00e2teva pic\u0103turi pentru bronzare \u00een lo\u021biunea dup\u0103 plaj\u0103 pentru a ob\u021bine cele mai rapide rezultate. Fake it till you make it!<\/p>\n","protected":false},"featured_media":13294,"template":"","meta":[],"product_cat":[193],"product_tag":[],"class_list":["post-13321","product","type-product","status-publish","has-post-thumbnail","hentry","product_cat-uncategorized-ro"],"acf":[],"yoast_head":"<!-- This site is optimized with the Yoast SEO plugin v20.8 - https:\/\/yoast.com\/wordpress\/plugins\/seo\/ -->\n<title>Brace yourself - Tanzzo<\/title>\n<meta name=\"robots\" content=\"index, follow, max-snippet:-1, max-image-preview:large, max-video-preview:-1\" \/>\n<link rel=\"canonical\" href=\"https:\/\/tanzzo.com\/ro\/product\/brace-yourself\/\" \/>\n<meta property=\"og:locale\" content=\"ro_RO\" \/>\n<meta property=\"og:type\" content=\"article\" \/>\n<meta property=\"og:title\" content=\"Brace yourself - Tanzzo\" \/>\n<meta property=\"og:description\" content=\"Vacan\u021ba de var\u0103 cu plajele sale \u00eensorite te cheam\u0103 \u0219i \u00eenc\u0103 nu te-ai preg\u0103tit pentru un bronz perfect cu setul nostru Brace yourself ? Nu-\u021bi face griji, Tanzzo este aici pentru tine! Cu ajutorul pic\u0103turilor pentru bronzare \u0219i a cremei dupa expunerea la soare vei putea ob\u021bine o minunat\u0103 piele bronzat\u0103 f\u0103r\u0103 s\u0103 te expui la soare. Tot ce trebuie s\u0103 faci este s\u0103 adaugi c\u00e2teva pic\u0103turi pentru bronzare \u00een lo\u021biunea dup\u0103 plaj\u0103 pentru a ob\u021bine cele mai rapide rezultate. Fake it till you make it!\" \/>\n<meta property=\"og:url\" content=\"https:\/\/tanzzo.com\/ro\/product\/brace-yourself\/\" \/>\n<meta property=\"og:site_name\" content=\"Tanzzo\" \/>\n<meta property=\"article:publisher\" content=\"https:\/\/www.facebook.com\/Tanzzzo\/\" \/>\n<meta property=\"article:modified_time\" content=\"2022-07-15T05:52:06+00:00\" \/>\n<meta property=\"og:image\" content=\"https:\/\/tanzzo.com\/wp-content\/uploads\/2022\/07\/5.png\" \/>\n\t<meta property=\"og:image:width\" content=\"1080\" \/>\n\t<meta property=\"og:image:height\" content=\"1080\" \/>\n\t<meta property=\"og:image:type\" content=\"image\/png\" \/>\n<meta name=\"twitter:card\" content=\"summary_large_image\" \/>\n<script type=\"application\/ld+json\" class=\"yoast-schema-graph\">{\"@context\":\"https:\/\/schema.org\",\"@graph\":[{\"@type\":\"WebPage\",\"@id\":\"https:\/\/tanzzo.com\/ro\/product\/brace-yourself\/\",\"url\":\"https:\/\/tanzzo.com\/ro\/product\/brace-yourself\/\",\"name\":\"Brace yourself - Tanzzo\",\"isPartOf\":{\"@id\":\"https:\/\/tanzzo.com\/ro\/#website\"},\"datePublished\":\"2022-07-14T11:54:18+00:00\",\"dateModified\":\"2022-07-15T05:52:06+00:00\",\"breadcrumb\":{\"@id\":\"https:\/\/tanzzo.com\/ro\/product\/brace-yourself\/#breadcrumb\"},\"inLanguage\":\"ro-RO\",\"potentialAction\":[{\"@type\":\"ReadAction\",\"target\":[\"https:\/\/tanzzo.com\/ro\/product\/brace-yourself\/\"]}]},{\"@type\":\"BreadcrumbList\",\"@id\":\"https:\/\/tanzzo.com\/ro\/product\/brace-yourself\/#breadcrumb\",\"itemListElement\":[{\"@type\":\"ListItem\",\"position\":1,\"name\":\"Home\",\"item\":\"https:\/\/tanzzo.com\/ro\/\"},{\"@type\":\"ListItem\",\"position\":2,\"name\":\"Magazin\",\"item\":\"https:\/\/tanzzo.com\/ro\/magazin\/\"},{\"@type\":\"ListItem\",\"position\":3,\"name\":\"Brace yourself\"}]},{\"@type\":\"WebSite\",\"@id\":\"https:\/\/tanzzo.com\/ro\/#website\",\"url\":\"https:\/\/tanzzo.com\/ro\/\",\"name\":\"Tanzzo\",\"description\":\"GET YOUR PERFECT TAN\",\"publisher\":{\"@id\":\"https:\/\/tanzzo.com\/ro\/#organization\"},\"potentialAction\":[{\"@type\":\"SearchAction\",\"target\":{\"@type\":\"EntryPoint\",\"urlTemplate\":\"https:\/\/tanzzo.com\/ro\/?s={search_term_string}\"},\"query-input\":\"required name=search_term_string\"}],\"inLanguage\":\"ro-RO\"},{\"@type\":\"Organization\",\"@id\":\"https:\/\/tanzzo.com\/ro\/#organization\",\"name\":\"Tanzzo\",\"url\":\"https:\/\/tanzzo.com\/ro\/\",\"logo\":{\"@type\":\"ImageObject\",\"inLanguage\":\"ro-RO\",\"@id\":\"https:\/\/tanzzo.com\/ro\/#\/schema\/logo\/image\/\",\"url\":\"https:\/\/tanzzo.com\/wp-content\/uploads\/2021\/08\/tanzzo1.png\",\"contentUrl\":\"https:\/\/tanzzo.com\/wp-content\/uploads\/2021\/08\/tanzzo1.png\",\"width\":2560,\"height\":426,\"caption\":\"Tanzzo\"},\"image\":{\"@id\":\"https:\/\/tanzzo.com\/ro\/#\/schema\/logo\/image\/\"},\"sameAs\":[\"https:\/\/www.facebook.com\/Tanzzzo\/\",\"https:\/\/www.instagram.com\/tanzzo_original\/\"]}]}<\/script>\n<!-- \/ Yoast SEO plugin. -->","yoast_head_json":{"title":"Brace yourself - Tanzzo","robots":{"index":"index","follow":"follow","max-snippet":"max-snippet:-1","max-image-preview":"max-image-preview:large","max-video-preview":"max-video-preview:-1"},"canonical":"https:\/\/tanzzo.com\/ro\/product\/brace-yourself\/","og_locale":"ro_RO","og_type":"article","og_title":"Brace yourself - Tanzzo","og_description":"Vacan\u021ba de var\u0103 cu plajele sale \u00eensorite te cheam\u0103 \u0219i \u00eenc\u0103 nu te-ai preg\u0103tit pentru un bronz perfect cu setul nostru Brace yourself ? Nu-\u021bi face griji, Tanzzo este aici pentru tine! Cu ajutorul pic\u0103turilor pentru bronzare \u0219i a cremei dupa expunerea la soare vei putea ob\u021bine o minunat\u0103 piele bronzat\u0103 f\u0103r\u0103 s\u0103 te expui la soare. Tot ce trebuie s\u0103 faci este s\u0103 adaugi c\u00e2teva pic\u0103turi pentru bronzare \u00een lo\u021biunea dup\u0103 plaj\u0103 pentru a ob\u021bine cele mai rapide rezultate. Fake it till you make it!","og_url":"https:\/\/tanzzo.com\/ro\/product\/brace-yourself\/","og_site_name":"Tanzzo","article_publisher":"https:\/\/www.facebook.com\/Tanzzzo\/","article_modified_time":"2022-07-15T05:52:06+00:00","og_image":[{"width":1080,"height":1080,"url":"https:\/\/tanzzo.com\/wp-content\/uploads\/2022\/07\/5.png","type":"image\/png"}],"twitter_card":"summary_large_image","schema":{"@context":"https:\/\/schema.org","@graph":[{"@type":"WebPage","@id":"https:\/\/tanzzo.com\/ro\/product\/brace-yourself\/","url":"https:\/\/tanzzo.com\/ro\/product\/brace-yourself\/","name":"Brace yourself - Tanzzo","isPartOf":{"@id":"https:\/\/tanzzo.com\/ro\/#website"},"datePublished":"2022-07-14T11:54:18+00:00","dateModified":"2022-07-15T05:52:06+00:00","breadcrumb":{"@id":"https:\/\/tanzzo.com\/ro\/product\/brace-yourself\/#breadcrumb"},"inLanguage":"ro-RO","potentialAction":[{"@type":"ReadAction","target":["https:\/\/tanzzo.com\/ro\/product\/brace-yourself\/"]}]},{"@type":"BreadcrumbList","@id":"https:\/\/tanzzo.com\/ro\/product\/brace-yourself\/#breadcrumb","itemListElement":[{"@type":"ListItem","position":1,"name":"Home","item":"https:\/\/tanzzo.com\/ro\/"},{"@type":"ListItem","position":2,"name":"Magazin","item":"https:\/\/tanzzo.com\/ro\/magazin\/"},{"@type":"ListItem","position":3,"name":"Brace yourself"}]},{"@type":"WebSite","@id":"https:\/\/tanzzo.com\/ro\/#website","url":"https:\/\/tanzzo.com\/ro\/","name":"Tanzzo","description":"GET YOUR PERFECT TAN","publisher":{"@id":"https:\/\/tanzzo.com\/ro\/#organization"},"potentialAction":[{"@type":"SearchAction","target":{"@type":"EntryPoint","urlTemplate":"https:\/\/tanzzo.com\/ro\/?s={search_term_string}"},"query-input":"required name=search_term_string"}],"inLanguage":"ro-RO"},{"@type":"Organization","@id":"https:\/\/tanzzo.com\/ro\/#organization","name":"Tanzzo","url":"https:\/\/tanzzo.com\/ro\/","logo":{"@type":"ImageObject","inLanguage":"ro-RO","@id":"https:\/\/tanzzo.com\/ro\/#\/schema\/logo\/image\/","url":"https:\/\/tanzzo.com\/wp-content\/uploads\/2021\/08\/tanzzo1.png","contentUrl":"https:\/\/tanzzo.com\/wp-content\/uploads\/2021\/08\/tanzzo1.png","width":2560,"height":426,"caption":"Tanzzo"},"image":{"@id":"https:\/\/tanzzo.com\/ro\/#\/schema\/logo\/image\/"},"sameAs":["https:\/\/www.facebook.com\/Tanzzzo\/","https:\/\/www.instagram.com\/tanzzo_original\/"]}]}},"_links":{"self":[{"href":"https:\/\/tanzzo.com\/ro\/wp-json\/wp\/v2\/product\/13321","targetHints":{"allow":["GET"]}}],"collection":[{"href":"https:\/\/tanzzo.com\/ro\/wp-json\/wp\/v2\/product"}],"about":[{"href":"https:\/\/tanzzo.com\/ro\/wp-json\/wp\/v2\/types\/product"}],"wp:featuredmedia":[{"embeddable":true,"href":"https:\/\/tanzzo.com\/ro\/wp-json\/wp\/v2\/media\/13294"}],"wp:attachment":[{"href":"https:\/\/tanzzo.com\/ro\/wp-json\/wp\/v2\/media?parent=13321"}],"wp:term":[{"taxonomy":"product_cat","embeddable":true,"href":"https:\/\/tanzzo.com\/ro\/wp-json\/wp\/v2\/product_cat?post=13321"},{"taxonomy":"product_tag","embeddable":true,"href":"https:\/\/tanzzo.com\/ro\/wp-json\/wp\/v2\/product_tag?post=13321"}],"curies":[{"name":"wp","href":"https:\/\/api.w.org\/{rel}","templated":true}]}}