
{"id":13085,"date":"2022-07-11T11:33:36","date_gmt":"2022-07-11T09:33:36","guid":{"rendered":"https:\/\/tanzzo.com\/product\/bronzer\/"},"modified":"2022-07-11T13:44:31","modified_gmt":"2022-07-11T11:44:31","slug":"bronzer","status":"publish","type":"product","link":"https:\/\/tanzzo.com\/ro\/product\/bronzer\/","title":{"rendered":"Bronzer"},"content":{"rendered":"<div class=\"row row-collapse row-full-width\"  id=\"row-963770428\">\n\n\t<div id=\"col-1020499455\" class=\"col small-12 large-12\"  >\n\t\t\t\t<div class=\"col-inner\"  >\n\t\t\t\n\t\t\t\n\n\t\t<\/div>\n\t\t\t\t\t<\/div>\n\n\t\n\n<style>\n#row-963770428 > .col > .col-inner {\n  background-color: rgb(245, 245, 245);\n}\n<\/style>\n<\/div>\n\t<section class=\"section product-reviews\" id=\"section_526819912\">\n\t\t<div class=\"bg section-bg fill bg-fill  bg-loaded\" >\n\n\t\t\t\n\t\t\t\n\t\t\t\n\n\t\t<\/div>\n\n\t\t\n\n\t\t<div class=\"section-content relative\">\n\t\t\t\n\n<span class=\"scroll-to\" data-label=\"Scroll to: #reviews\" data-bullet=\"false\" data-link=\"#reviews\" data-title=\"Reviews\"><a name=\"reviews\"><\/a><\/span>\n\n<div class=\"row rvs\"  id=\"row-408823665\">\n\n\n\t<div id=\"col-1300097823\" class=\"col small-12 large-12\"  >\n\t\t\t\t<div class=\"col-inner\"  >\n\t\t\t\n\t\t\t\n\n<div class=\"row row-collapse\"  id=\"row-200082445\">\n\n\n\t<div id=\"col-77847408\" class=\"col medium-3 small-12 large-3\"  >\n\t\t\t\t<div class=\"col-inner\"  >\n\t\t\t\n\t\t\t\n\n<div class=\"is-divider divider clearfix\" style=\"margin-top:2em;margin-bottom:2em;max-width:100%;height:1px;background-color:rgb(0, 0, 0);\"><\/div>\n\n\n\t\t<\/div>\n\t\t\t\t\t<\/div>\n\n\t\n\n\t<div id=\"col-2085248028\" class=\"col medium-6 small-12 large-6\"  >\n\t\t\t\t<div class=\"col-inner\"  >\n\t\t\t\n\t\t\t\n\n\t<div id=\"text-3562873806\" class=\"text\">\n\t\t\n\n<h2>Evalu\u0103rile clien\u021bilor<\/h2>\n\t\t\n<style>\n#text-3562873806 {\n  font-size: 1.6rem;\n  text-align: center;\n}\n<\/style>\n\t<\/div>\n\t\n\n\t\t<\/div>\n\t\t\t\t\t<\/div>\n\n\t\n\n\t<div id=\"col-1431560604\" class=\"col medium-3 small-12 large-3\"  >\n\t\t\t\t<div class=\"col-inner\"  >\n\t\t\t\n\t\t\t\n\n<div class=\"is-divider divider clearfix\" style=\"margin-top:2em;margin-bottom:2em;max-width:100%;height:1px;background-color:rgb(0, 0, 0);\"><\/div>\n\n\n\t\t<\/div>\n\t\t\t\t\t<\/div>\n\n\t\n\n<\/div>\n\t<div id=\"gap-251182318\" class=\"gap-element clearfix\" style=\"display:block; height:auto;\">\n\t\t\n<style>\n#gap-251182318 {\n  padding-top: 30px;\n}\n<\/style>\n\t<\/div>\n\t\n\n\n\t\t<\/div>\n\t\t\t\t\t<\/div>\n\n\t\n\n\t<div id=\"col-398264558\" class=\"col small-12 large-12\"  >\n\t\t\t\t<div class=\"col-inner\"  >\n\t\t\t\n\t\t\t\n\n<div class=\"row row-collapse align-bottom\"  id=\"row-1904467984\">\n\n\n\t<div id=\"col-1742103042\" class=\"col medium-4 small-6 large-4\"  >\n\t\t\t\t<div class=\"col-inner\"  >\n\t\t\t\n\t\t\t\n\n\t<div id=\"text-703636784\" class=\"text\">\n\t\t\n\n<div style=\"font-family: Light\">4.7 <span class=\"star-rating custom-rating\"><span style=\"width:94%\"><strong class=\"rating\"><\/strong><\/span><\/span><\/div><style>.float-left > .star-rating span:before, .float-left > .star-rating:before{ color: #f99c2e !important; }<\/style>\n\t\t\n<style>\n#text-703636784 {\n  font-size: 1.5rem;\n}\n@media (min-width:550px) {\n  #text-703636784 {\n    font-size: 2rem;\n  }\n}\n<\/style>\n\t<\/div>\n\t\n\n\t\t<\/div>\n\t\t\t\t\t<\/div>\n\n\t\n\n\t<div id=\"col-551360948\" class=\"col hide-for-small medium-4 small-12 large-4\"  >\n\t\t\t\t<div class=\"col-inner\"  >\n\t\t\t\n\t\t\t\n\n\n\t\t<\/div>\n\t\t\t\t\t<\/div>\n\n\t\n\n\t<div id=\"col-222196357\" class=\"col medium-4 small-6 large-4\"  >\n\t\t\t\t<div class=\"col-inner text-right\"  >\n\t\t\t\n\t\t\t\n\n\t<div id=\"text-791855584\" class=\"text\">\n\t\t\n\n<span style=\"font-family: Light\">144 Reviews<\/span>\n\t\t\n<style>\n#text-791855584 {\n  font-size: 1.2rem;\n}\n@media (min-width:550px) {\n  #text-791855584 {\n    font-size: 1.5rem;\n  }\n}\n<\/style>\n\t<\/div>\n\t\n\n\t\t<\/div>\n\t\t\t\t\t<\/div>\n\n\t\n\n<\/div>\n\t<div id=\"gap-145197262\" class=\"gap-element clearfix\" style=\"display:block; height:auto;\">\n\t\t\n<style>\n#gap-145197262 {\n  padding-top: 10px;\n}\n@media (min-width:550px) {\n  #gap-145197262 {\n    padding-top: 30px;\n  }\n}\n<\/style>\n\t<\/div>\n\t\n\n\n\t\t<\/div>\n\t\t\t\t\t<\/div>\n\n\t\n\n\t<div id=\"col-465620409\" class=\"col comment-box small-12 large-12\"  >\n\t\t\t\t<div class=\"col-inner\"  >\n\t\t\t\n\t\t\t\n\n  <div class=\"icon-box testimonial-box icon-box-left text-left\">\n                <div class=\"icon-box-text p-last-0\">\n          <div class=\"star-rating\"><span style=\"width:100%\"><strong class=\"rating\"><\/strong><\/span><\/div>  \t\t\t\t<div class=\"testimonial-text line-height-small italic test_text first-reset last-reset is-italic\">\n            \n\n<h3>Sara J, 23 SLO<\/h3>\n<p>I just love using Bronzer! It makes my skin super glowy and radiant! <\/p>\n\n\n          <\/div>\n          <div class=\"testimonial-meta pt-half\">\n             <strong class=\"testimonial-name test_name\"><\/strong>\n                          <span class=\"testimonial-company test_company\"><\/span>\n          <\/div>\n        <\/div>\n  <\/div>\n\n  \n  <div class=\"icon-box testimonial-box icon-box-left text-left\">\n                <div class=\"icon-box-text p-last-0\">\n          <div class=\"star-rating\"><span style=\"width:100%\"><strong class=\"rating\"><\/strong><\/span><\/div>  \t\t\t\t<div class=\"testimonial-text line-height-small italic test_text first-reset last-reset is-italic\">\n            \n\n<h3>Katerina U, 26 CZ<\/h3>\n<p>I use Bronzer everyday on the beach and also at night when I go to parties! Sun reflects so beautiful on my skin!<\/p>\n\n\n          <\/div>\n          <div class=\"testimonial-meta pt-half\">\n             <strong class=\"testimonial-name test_name\"><\/strong>\n                          <span class=\"testimonial-company test_company\"><\/span>\n          <\/div>\n        <\/div>\n  <\/div>\n\n  \n  <div class=\"icon-box testimonial-box icon-box-left text-left\">\n                <div class=\"icon-box-text p-last-0\">\n          <div class=\"star-rating\"><span style=\"width:100%\"><strong class=\"rating\"><\/strong><\/span><\/div>  \t\t\t\t<div class=\"testimonial-text line-height-small italic test_text first-reset last-reset is-italic\">\n            \n\n<h3>Ondina W, 20 SK<\/h3>\n<p>My skin gets very glowy and hydrated after using Bronzer. I love this product!<\/p>\n\n\n          <\/div>\n          <div class=\"testimonial-meta pt-half\">\n             <strong class=\"testimonial-name test_name\"><\/strong>\n                          <span class=\"testimonial-company test_company\"><\/span>\n          <\/div>\n        <\/div>\n  <\/div>\n\n  \n  <div class=\"icon-box testimonial-box icon-box-left text-left\">\n                <div class=\"icon-box-text p-last-0\">\n          <div class=\"star-rating\"><span style=\"width:75%\"><strong class=\"rating\"><\/strong><\/span><\/div>  \t\t\t\t<div class=\"testimonial-text line-height-small italic test_text first-reset last-reset is-italic\">\n            \n\n<h3>Clementina P, 28 IT<\/h3>\n<p>This is great for every occasion you can think of! It leaves a very beautiful shimmery skin and glowy look!<\/p>\n\n\n          <\/div>\n          <div class=\"testimonial-meta pt-half\">\n             <strong class=\"testimonial-name test_name\"><\/strong>\n                          <span class=\"testimonial-company test_company\"><\/span>\n          <\/div>\n        <\/div>\n  <\/div>\n\n  \n  <div class=\"icon-box testimonial-box icon-box-left text-left\">\n                <div class=\"icon-box-text p-last-0\">\n          <div class=\"star-rating\"><span style=\"width:75%\"><strong class=\"rating\"><\/strong><\/span><\/div>  \t\t\t\t<div class=\"testimonial-text line-height-small italic test_text first-reset last-reset is-italic\">\n            \n\n<h3>Nikolina Z, 25 RS<\/h3>\n<p>My boyfriend bought Bronzer for my birthday party on the beach. I looked like bronzed goddes and got so many compliments!<\/p>\n\n\n          <\/div>\n          <div class=\"testimonial-meta pt-half\">\n             <strong class=\"testimonial-name test_name\"><\/strong>\n                          <span class=\"testimonial-company test_company\"><\/span>\n          <\/div>\n        <\/div>\n  <\/div>\n\n  \n  <div class=\"icon-box testimonial-box icon-box-left text-left\">\n                <div class=\"icon-box-text p-last-0\">\n          <div class=\"star-rating\"><span style=\"width:75%\"><strong class=\"rating\"><\/strong><\/span><\/div>  \t\t\t\t<div class=\"testimonial-text line-height-small italic test_text first-reset last-reset is-italic\">\n            \n\n<h3>Karin V, 24 SLO<\/h3>\n<p>Babes, I recommend this product! Sometimes I use it on my dry hair ends and it nourishes them perfectly!<\/p>\n\n\n          <\/div>\n          <div class=\"testimonial-meta pt-half\">\n             <strong class=\"testimonial-name test_name\"><\/strong>\n                          <span class=\"testimonial-company test_company\"><\/span>\n          <\/div>\n        <\/div>\n  <\/div>\n\n  \n  <div class=\"icon-box testimonial-box icon-box-left text-left\">\n                <div class=\"icon-box-text p-last-0\">\n          <div class=\"star-rating\"><span style=\"width:75%\"><strong class=\"rating\"><\/strong><\/span><\/div>  \t\t\t\t<div class=\"testimonial-text line-height-small italic test_text first-reset last-reset is-italic\">\n            \n\n<h3>Valentina L, 24 IT<\/h3>\n<p>Love love love this product! Bronzed and shimmery skin is guaranteed! <\/p>\n\n\n          <\/div>\n          <div class=\"testimonial-meta pt-half\">\n             <strong class=\"testimonial-name test_name\"><\/strong>\n                          <span class=\"testimonial-company test_company\"><\/span>\n          <\/div>\n        <\/div>\n  <\/div>\n\n  \n  <div class=\"icon-box testimonial-box icon-box-left text-left\">\n                <div class=\"icon-box-text p-last-0\">\n          <div class=\"star-rating\"><span style=\"width:75%\"><strong class=\"rating\"><\/strong><\/span><\/div>  \t\t\t\t<div class=\"testimonial-text line-height-small italic test_text first-reset last-reset is-italic\">\n            \n\n<h3>Polina R, 19 SK<\/h3>\n<p>Bronzer gives a very nice subtle shimmer to your skin, making it look so healthy.<\/p>\n\n\n          <\/div>\n          <div class=\"testimonial-meta pt-half\">\n             <strong class=\"testimonial-name test_name\"><\/strong>\n                          <span class=\"testimonial-company test_company\"><\/span>\n          <\/div>\n        <\/div>\n  <\/div>\n\n  \n  <div class=\"icon-box testimonial-box icon-box-left text-left\">\n                <div class=\"icon-box-text p-last-0\">\n          <div class=\"star-rating\"><span style=\"width:75%\"><strong class=\"rating\"><\/strong><\/span><\/div>  \t\t\t\t<div class=\"testimonial-text line-height-small italic test_text first-reset last-reset is-italic\">\n            \n\n<h3>Lana J, 31 HR<\/h3>\n<p>OMG. This product is amazing! Would use this all year around just for healthy looking skin and glow.<\/p>\n\n\n          <\/div>\n          <div class=\"testimonial-meta pt-half\">\n             <strong class=\"testimonial-name test_name\"><\/strong>\n                          <span class=\"testimonial-company test_company\"><\/span>\n          <\/div>\n        <\/div>\n  <\/div>\n\n  \n  <div class=\"icon-box testimonial-box icon-box-left text-left\">\n                <div class=\"icon-box-text p-last-0\">\n          <div class=\"star-rating\"><span style=\"width:75%\"><strong class=\"rating\"><\/strong><\/span><\/div>  \t\t\t\t<div class=\"testimonial-text line-height-small italic test_text first-reset last-reset is-italic\">\n            \n\n<h3>Aneta C, 27 BG<\/h3>\n<p>It leaves a dazzling trail of bronzed liquid on the skin. its simply beautiful, i highly recommend!<\/p>\n\n\n          <\/div>\n          <div class=\"testimonial-meta pt-half\">\n             <strong class=\"testimonial-name test_name\"><\/strong>\n                          <span class=\"testimonial-company test_company\"><\/span>\n          <\/div>\n        <\/div>\n  <\/div>\n\n  \n\t<div id=\"gap-808879216\" class=\"gap-element clearfix\" style=\"display:block; height:auto;\">\n\t\t\n<style>\n#gap-808879216 {\n  padding-top: 30px;\n}\n<\/style>\n\t<\/div>\n\t\n\n\n\t\t<\/div>\n\t\t\t\t\t<\/div>\n\n\t\n\n<\/div>\n<div class=\"row\"  id=\"row-1433696921\">\n\n\n\t<div id=\"col-1866470753\" class=\"col small-12 large-12\"  >\n\t\t\t\t<div class=\"col-inner text-center\"  >\n\t\t\t\n\t\t\t\n\n<a class=\"button primary see-more\"  >\n    <span>See more<\/span>\n  <\/a>\n\n\n\n\t\t<\/div>\n\t\t\t\t\t<\/div>\n\n\t\n\n<\/div>\n\n\t\t<\/div>\n\n\t\t\n<style>\n#section_526819912 {\n  padding-top: 30px;\n  padding-bottom: 30px;\n}\n#section_526819912 .ux-shape-divider--top svg {\n  height: 150px;\n  --divider-top-width: 100%;\n}\n#section_526819912 .ux-shape-divider--bottom svg {\n  height: 150px;\n  --divider-width: 100%;\n}\n@media (min-width:850px) {\n  #section_526819912 {\n    padding-top: 100px;\n    padding-bottom: 100px;\n  }\n}\n<\/style>\n\t<\/section>\n\t\n","protected":false},"excerpt":{"rendered":"<p>Bronzantul Tanzzo ofer\u0103 combina\u021bia perfect\u0103 de substan\u021be hidratante u\u0219or de absorbit \u0219i un bronz perfect. Acest ulei de corp bogat \u0219i luxuriant confer\u0103 pielii o textur\u0103 m\u0103t\u0103soas\u0103 \u0219i o arom\u0103 delicat\u0103 de nuc\u0103 de cocos. Hidrateaz\u0103, d\u0103 str\u0103lucire \u0219i uniformizeaz\u0103 aspectul pielii, fiind \u00een acela\u0219i timp cel mai bun adjuvant pentru bronzare pe care-l ve\u021bi folosi vreodat\u0103.<br \/>\nDac\u0103 se poate spune despre ceva c\u0103 reprezint\u0103 piele fenomenal\u0103 la flacon, vorbim de bronzantul Tanzzo.<\/p>\n<ul class=\"orange-dots\">\n<li><b>Bronz str\u0103lucitor \u0219i luminos<\/b><\/li>\n<li><strong>Formul\u0103 bogat\u0103 \u0219i u\u0219oar\u0103<\/strong><\/li>\n<li><strong>Arom\u0103 tropical\u0103 de nuc\u0103 de cocos<\/strong><\/li>\n<li><strong>Formul\u0103 hidratant\u0103<\/strong><\/li>\n<li><strong>Potrivit pentru orice ocazie.<\/strong><\/li>\n<\/ul>\n","protected":false},"featured_media":13103,"template":"","meta":[],"product_cat":[193],"product_tag":[],"class_list":["post-13085","product","type-product","status-publish","has-post-thumbnail","hentry","product_cat-uncategorized-ro"],"acf":[],"yoast_head":"<!-- This site is optimized with the Yoast SEO plugin v20.8 - https:\/\/yoast.com\/wordpress\/plugins\/seo\/ -->\n<title>Bronzer - Tanzzo<\/title>\n<meta name=\"robots\" content=\"index, follow, max-snippet:-1, max-image-preview:large, max-video-preview:-1\" \/>\n<link rel=\"canonical\" href=\"https:\/\/tanzzo.com\/ro\/product\/bronzer\/\" \/>\n<meta property=\"og:locale\" content=\"ro_RO\" \/>\n<meta property=\"og:type\" content=\"article\" \/>\n<meta property=\"og:title\" content=\"Bronzer - Tanzzo\" \/>\n<meta property=\"og:description\" content=\"Bronzantul Tanzzo ofer\u0103 combina\u021bia perfect\u0103 de substan\u021be hidratante u\u0219or de absorbit \u0219i un bronz perfect. Acest ulei de corp bogat \u0219i luxuriant confer\u0103 pielii o textur\u0103 m\u0103t\u0103soas\u0103 \u0219i o arom\u0103 delicat\u0103 de nuc\u0103 de cocos. Hidrateaz\u0103, d\u0103 str\u0103lucire \u0219i uniformizeaz\u0103 aspectul pielii, fiind \u00een acela\u0219i timp cel mai bun adjuvant pentru bronzare pe care-l ve\u021bi folosi vreodat\u0103.  Dac\u0103 se poate spune despre ceva c\u0103 reprezint\u0103 piele fenomenal\u0103 la flacon, vorbim de bronzantul Tanzzo.   Bronz str\u0103lucitor \u0219i luminos  Formul\u0103 bogat\u0103 \u0219i u\u0219oar\u0103  Arom\u0103 tropical\u0103 de nuc\u0103 de cocos  Formul\u0103 hidratant\u0103  Potrivit pentru orice ocazie.\" \/>\n<meta property=\"og:url\" content=\"https:\/\/tanzzo.com\/ro\/product\/bronzer\/\" \/>\n<meta property=\"og:site_name\" content=\"Tanzzo\" \/>\n<meta property=\"article:publisher\" content=\"https:\/\/www.facebook.com\/Tanzzzo\/\" \/>\n<meta property=\"article:modified_time\" content=\"2022-07-11T11:44:31+00:00\" \/>\n<meta property=\"og:image\" content=\"https:\/\/tanzzo.com\/wp-content\/uploads\/2022\/07\/Bronzer-belo_ozadje-800x800.png\" \/>\n\t<meta property=\"og:image:width\" content=\"800\" \/>\n\t<meta property=\"og:image:height\" content=\"800\" \/>\n\t<meta property=\"og:image:type\" content=\"image\/png\" \/>\n<meta name=\"twitter:card\" content=\"summary_large_image\" \/>\n<meta name=\"twitter:label1\" content=\"Timp estimat pentru citire\" \/>\n\t<meta name=\"twitter:data1\" content=\"1 minut\" \/>\n<script type=\"application\/ld+json\" class=\"yoast-schema-graph\">{\"@context\":\"https:\/\/schema.org\",\"@graph\":[{\"@type\":\"WebPage\",\"@id\":\"https:\/\/tanzzo.com\/ro\/product\/bronzer\/\",\"url\":\"https:\/\/tanzzo.com\/ro\/product\/bronzer\/\",\"name\":\"Bronzer - Tanzzo\",\"isPartOf\":{\"@id\":\"https:\/\/tanzzo.com\/ro\/#website\"},\"datePublished\":\"2022-07-11T09:33:36+00:00\",\"dateModified\":\"2022-07-11T11:44:31+00:00\",\"breadcrumb\":{\"@id\":\"https:\/\/tanzzo.com\/ro\/product\/bronzer\/#breadcrumb\"},\"inLanguage\":\"ro-RO\",\"potentialAction\":[{\"@type\":\"ReadAction\",\"target\":[\"https:\/\/tanzzo.com\/ro\/product\/bronzer\/\"]}]},{\"@type\":\"BreadcrumbList\",\"@id\":\"https:\/\/tanzzo.com\/ro\/product\/bronzer\/#breadcrumb\",\"itemListElement\":[{\"@type\":\"ListItem\",\"position\":1,\"name\":\"Home\",\"item\":\"https:\/\/tanzzo.com\/ro\/\"},{\"@type\":\"ListItem\",\"position\":2,\"name\":\"Magazin\",\"item\":\"https:\/\/tanzzo.com\/ro\/magazin\/\"},{\"@type\":\"ListItem\",\"position\":3,\"name\":\"Bronzer\"}]},{\"@type\":\"WebSite\",\"@id\":\"https:\/\/tanzzo.com\/ro\/#website\",\"url\":\"https:\/\/tanzzo.com\/ro\/\",\"name\":\"Tanzzo\",\"description\":\"GET YOUR PERFECT TAN\",\"publisher\":{\"@id\":\"https:\/\/tanzzo.com\/ro\/#organization\"},\"potentialAction\":[{\"@type\":\"SearchAction\",\"target\":{\"@type\":\"EntryPoint\",\"urlTemplate\":\"https:\/\/tanzzo.com\/ro\/?s={search_term_string}\"},\"query-input\":\"required name=search_term_string\"}],\"inLanguage\":\"ro-RO\"},{\"@type\":\"Organization\",\"@id\":\"https:\/\/tanzzo.com\/ro\/#organization\",\"name\":\"Tanzzo\",\"url\":\"https:\/\/tanzzo.com\/ro\/\",\"logo\":{\"@type\":\"ImageObject\",\"inLanguage\":\"ro-RO\",\"@id\":\"https:\/\/tanzzo.com\/ro\/#\/schema\/logo\/image\/\",\"url\":\"https:\/\/tanzzo.com\/wp-content\/uploads\/2021\/08\/tanzzo1.png\",\"contentUrl\":\"https:\/\/tanzzo.com\/wp-content\/uploads\/2021\/08\/tanzzo1.png\",\"width\":2560,\"height\":426,\"caption\":\"Tanzzo\"},\"image\":{\"@id\":\"https:\/\/tanzzo.com\/ro\/#\/schema\/logo\/image\/\"},\"sameAs\":[\"https:\/\/www.facebook.com\/Tanzzzo\/\",\"https:\/\/www.instagram.com\/tanzzo_original\/\"]}]}<\/script>\n<!-- \/ Yoast SEO plugin. -->","yoast_head_json":{"title":"Bronzer - Tanzzo","robots":{"index":"index","follow":"follow","max-snippet":"max-snippet:-1","max-image-preview":"max-image-preview:large","max-video-preview":"max-video-preview:-1"},"canonical":"https:\/\/tanzzo.com\/ro\/product\/bronzer\/","og_locale":"ro_RO","og_type":"article","og_title":"Bronzer - Tanzzo","og_description":"Bronzantul Tanzzo ofer\u0103 combina\u021bia perfect\u0103 de substan\u021be hidratante u\u0219or de absorbit \u0219i un bronz perfect. Acest ulei de corp bogat \u0219i luxuriant confer\u0103 pielii o textur\u0103 m\u0103t\u0103soas\u0103 \u0219i o arom\u0103 delicat\u0103 de nuc\u0103 de cocos. Hidrateaz\u0103, d\u0103 str\u0103lucire \u0219i uniformizeaz\u0103 aspectul pielii, fiind \u00een acela\u0219i timp cel mai bun adjuvant pentru bronzare pe care-l ve\u021bi folosi vreodat\u0103.  Dac\u0103 se poate spune despre ceva c\u0103 reprezint\u0103 piele fenomenal\u0103 la flacon, vorbim de bronzantul Tanzzo.   Bronz str\u0103lucitor \u0219i luminos  Formul\u0103 bogat\u0103 \u0219i u\u0219oar\u0103  Arom\u0103 tropical\u0103 de nuc\u0103 de cocos  Formul\u0103 hidratant\u0103  Potrivit pentru orice ocazie.","og_url":"https:\/\/tanzzo.com\/ro\/product\/bronzer\/","og_site_name":"Tanzzo","article_publisher":"https:\/\/www.facebook.com\/Tanzzzo\/","article_modified_time":"2022-07-11T11:44:31+00:00","og_image":[{"width":800,"height":800,"url":"https:\/\/tanzzo.com\/wp-content\/uploads\/2022\/07\/Bronzer-belo_ozadje-800x800.png","type":"image\/png"}],"twitter_card":"summary_large_image","twitter_misc":{"Timp estimat pentru citire":"1 minut"},"schema":{"@context":"https:\/\/schema.org","@graph":[{"@type":"WebPage","@id":"https:\/\/tanzzo.com\/ro\/product\/bronzer\/","url":"https:\/\/tanzzo.com\/ro\/product\/bronzer\/","name":"Bronzer - Tanzzo","isPartOf":{"@id":"https:\/\/tanzzo.com\/ro\/#website"},"datePublished":"2022-07-11T09:33:36+00:00","dateModified":"2022-07-11T11:44:31+00:00","breadcrumb":{"@id":"https:\/\/tanzzo.com\/ro\/product\/bronzer\/#breadcrumb"},"inLanguage":"ro-RO","potentialAction":[{"@type":"ReadAction","target":["https:\/\/tanzzo.com\/ro\/product\/bronzer\/"]}]},{"@type":"BreadcrumbList","@id":"https:\/\/tanzzo.com\/ro\/product\/bronzer\/#breadcrumb","itemListElement":[{"@type":"ListItem","position":1,"name":"Home","item":"https:\/\/tanzzo.com\/ro\/"},{"@type":"ListItem","position":2,"name":"Magazin","item":"https:\/\/tanzzo.com\/ro\/magazin\/"},{"@type":"ListItem","position":3,"name":"Bronzer"}]},{"@type":"WebSite","@id":"https:\/\/tanzzo.com\/ro\/#website","url":"https:\/\/tanzzo.com\/ro\/","name":"Tanzzo","description":"GET YOUR PERFECT TAN","publisher":{"@id":"https:\/\/tanzzo.com\/ro\/#organization"},"potentialAction":[{"@type":"SearchAction","target":{"@type":"EntryPoint","urlTemplate":"https:\/\/tanzzo.com\/ro\/?s={search_term_string}"},"query-input":"required name=search_term_string"}],"inLanguage":"ro-RO"},{"@type":"Organization","@id":"https:\/\/tanzzo.com\/ro\/#organization","name":"Tanzzo","url":"https:\/\/tanzzo.com\/ro\/","logo":{"@type":"ImageObject","inLanguage":"ro-RO","@id":"https:\/\/tanzzo.com\/ro\/#\/schema\/logo\/image\/","url":"https:\/\/tanzzo.com\/wp-content\/uploads\/2021\/08\/tanzzo1.png","contentUrl":"https:\/\/tanzzo.com\/wp-content\/uploads\/2021\/08\/tanzzo1.png","width":2560,"height":426,"caption":"Tanzzo"},"image":{"@id":"https:\/\/tanzzo.com\/ro\/#\/schema\/logo\/image\/"},"sameAs":["https:\/\/www.facebook.com\/Tanzzzo\/","https:\/\/www.instagram.com\/tanzzo_original\/"]}]}},"_links":{"self":[{"href":"https:\/\/tanzzo.com\/ro\/wp-json\/wp\/v2\/product\/13085","targetHints":{"allow":["GET"]}}],"collection":[{"href":"https:\/\/tanzzo.com\/ro\/wp-json\/wp\/v2\/product"}],"about":[{"href":"https:\/\/tanzzo.com\/ro\/wp-json\/wp\/v2\/types\/product"}],"wp:featuredmedia":[{"embeddable":true,"href":"https:\/\/tanzzo.com\/ro\/wp-json\/wp\/v2\/media\/13103"}],"wp:attachment":[{"href":"https:\/\/tanzzo.com\/ro\/wp-json\/wp\/v2\/media?parent=13085"}],"wp:term":[{"taxonomy":"product_cat","embeddable":true,"href":"https:\/\/tanzzo.com\/ro\/wp-json\/wp\/v2\/product_cat?post=13085"},{"taxonomy":"product_tag","embeddable":true,"href":"https:\/\/tanzzo.com\/ro\/wp-json\/wp\/v2\/product_tag?post=13085"}],"curies":[{"name":"wp","href":"https:\/\/api.w.org\/{rel}","templated":true}]}}