
{"id":3570,"date":"2022-04-13T11:27:30","date_gmt":"2022-04-13T09:27:30","guid":{"rendered":"https:\/\/tanzzo.com\/?page_id=3570"},"modified":"2022-04-21T12:32:39","modified_gmt":"2022-04-21T10:32:39","slug":"help-and-faq","status":"publish","type":"page","link":"https:\/\/tanzzo.com\/ro\/help-and-faq\/","title":{"rendered":"Help and FAQ"},"content":{"rendered":"\t<div id=\"gap-362472243\" class=\"gap-element clearfix\" style=\"display:block; height:auto;\">\n\t\t\n<style>\n#gap-362472243 {\n  padding-top: 30px;\n}\n<\/style>\n\t<\/div>\n\t\r\n\r\n\t<section class=\"section\" id=\"section_1449829416\">\n\t\t<div class=\"bg section-bg fill bg-fill  bg-loaded\" >\n\n\t\t\t\n\t\t\t\n\t\t\t\n\n\t\t<\/div>\n\n\t\t\n\n\t\t<div class=\"section-content relative\">\n\t\t\t\r\n\r\n<div class=\"row\" style=\"max-width:1289px\" id=\"row-1502709700\">\r\n\r\n\n\t<div id=\"col-1564132860\" class=\"col medium-4 small-12 large-4\"  >\n\t\t\t\t<div class=\"col-inner\"  >\n\t\t\t\n\t\t\t\r\n\r\n<div class=\"is-divider divider clearfix\" style=\"margin-top:2em;margin-bottom:2em;max-width:100%;height:1px;background-color:rgb(0, 0, 0);\"><\/div>\r\n\r\n\r\n\t\t<\/div>\n\t\t\t\t\t<\/div>\n\n\t\r\n\n\t<div id=\"col-1465713293\" class=\"col medium-4 small-12 large-4\"  >\n\t\t\t\t<div class=\"col-inner text-center\"  >\n\t\t\t\n\t\t\t\r\n\r\n\t<div id=\"text-1990457436\" class=\"text\">\n\t\t\r\n\r\n<h2>FAQ<\/h2>\r\n\t\t\n<style>\n#text-1990457436 {\n  font-size: 1.6rem;\n  text-align: center;\n}\n<\/style>\n\t<\/div>\n\t\r\n\r\n\t\t<\/div>\n\t\t\t\t\t<\/div>\n\n\t\r\n\n\t<div id=\"col-979814852\" class=\"col medium-4 small-12 large-4\"  >\n\t\t\t\t<div class=\"col-inner\"  >\n\t\t\t\n\t\t\t\r\n\r\n<div class=\"is-divider divider clearfix\" style=\"margin-top:2em;margin-bottom:2em;max-width:100%;height:1px;background-color:rgb(0, 0, 0);\"><\/div>\r\n\r\n\r\n\t\t<\/div>\n\t\t\t\t\t<\/div>\n\n\t\r\n\n\t<div id=\"col-1450853614\" class=\"col small-12 large-12\"  >\n\t\t\t\t<div class=\"col-inner text-left\"  >\n\t\t\t\n\t\t\t\r\n\r\n\t<div id=\"gap-1991118691\" class=\"gap-element clearfix\" style=\"display:block; height:auto;\">\n\t\t\n<style>\n#gap-1991118691 {\n  padding-top: 30px;\n}\n<\/style>\n\t<\/div>\n\t\r\n\r\n<div class=\"accordion\">\r\n\r\n<div id=\"accordion-1767311182\" class=\"accordion-item\"><a id=\"accordion-1767311182-label\" href=\"#\" class=\"accordion-title plain active\" aria-expanded=\"true\" aria-controls=\"accordion-1767311182-content\"><button class=\"toggle\" aria-label=\"Toggle\"><i class=\"icon-angle-down\"><\/i><\/button><span>Produsele TANZZO sunt vegane \u0219i f\u0103r\u0103 cruzime?<\/span><\/a><div id=\"accordion-1767311182-content\" class=\"accordion-inner\" style=\"display: block;\" aria-labelledby=\"accordion-1767311182-label\">\r\n\r\n<p>Toate produsele TANZZO sunt 100% vegane \u0219i f\u0103r\u0103 cruzime.<\/p>\r\n\r\n<\/div><\/div>\r\n<div id=\"accordion-348320431\" class=\"accordion-item\"><a id=\"accordion-348320431-label\" href=\"#\" class=\"accordion-title plain\" aria-expanded=\"false\" aria-controls=\"accordion-348320431-content\"><button class=\"toggle\" aria-label=\"Toggle\"><i class=\"icon-angle-down\"><\/i><\/button><span>Cum pot s\u0103 ob\u021bin rapid un bronz minunat?<\/span><\/a><div id=\"accordion-348320431-content\" class=\"accordion-inner\" aria-labelledby=\"accordion-348320431-label\">\r\n\r\n<p><span style=\"font-weight: 400;\">R\u0103spunsul este evident: cu crema bronzant\u0103 Tanzzo <\/span><span style=\"font-weight: 400;\"><\/span><span style=\"font-weight: 400;\">! Po\u021bi s\u0103 folose\u0219ti crema noastr\u0103 bronzant\u0103 \u00een fiecare zi. Recomand\u0103m aplicarea cremei dup\u0103 aplicarea unei protec\u021bii solare cu SPF. Pentru calmarea pielii, folose\u0219te crema dup\u0103 soare. <\/span><\/p>\r\n\r\n<\/div><\/div>\r\n<div id=\"accordion-3691654279\" class=\"accordion-item\"><a id=\"accordion-3691654279-label\" href=\"#\" class=\"accordion-title plain\" aria-expanded=\"false\" aria-controls=\"accordion-3691654279-content\"><button class=\"toggle\" aria-label=\"Toggle\"><i class=\"icon-angle-down\"><\/i><\/button><span>Mai este nevoie s\u0103 folosesc crem\u0103 cu protec\u021bie solar\u0103?<\/span><\/a><div id=\"accordion-3691654279-content\" class=\"accordion-inner\" aria-labelledby=\"accordion-3691654279-label\">\r\n\r\n<p><span style=\"font-weight: 400;\">Da, crema bronzant\u0103 Tanzzo nu ofer\u0103 protec\u021bie solar\u0103. <\/span><\/p>\r\n\r\n<\/div><\/div>\r\n<div id=\"accordion-2731361663\" class=\"accordion-item\"><a id=\"accordion-2731361663-label\" href=\"#\" class=\"accordion-title plain\" aria-expanded=\"false\" aria-controls=\"accordion-2731361663-content\"><button class=\"toggle\" aria-label=\"Toggle\"><i class=\"icon-angle-down\"><\/i><\/button><span>Dac\u0103 sunt alergic\u0103?<\/span><\/a><div id=\"accordion-2731361663-content\" class=\"accordion-inner\" aria-labelledby=\"accordion-2731361663-label\">\r\n\r\n<p><span style=\"font-weight: 400;\">Recomand\u0103m efectuarea unui test pe o mic\u0103 por\u021biune a pielii cu 24 de ore \u00eenainte de aplicarea cremei bronzante Tanzzo pentru prima dat\u0103. Dac\u0103 apare o irita\u021bie, opre\u0219te imediat folosirea acestei creme.<\/span><\/p>\r\n\r\n<\/div><\/div>\r\n<div id=\"accordion-432610418\" class=\"accordion-item\"><a id=\"accordion-432610418-label\" href=\"#\" class=\"accordion-title plain\" aria-expanded=\"false\" aria-controls=\"accordion-432610418-content\"><button class=\"toggle\" aria-label=\"Toggle\"><i class=\"icon-angle-down\"><\/i><\/button><span>Care este termenul de returnare a produsului primit?<\/span><\/a><div id=\"accordion-432610418-content\" class=\"accordion-inner\" aria-labelledby=\"accordion-432610418-label\">\r\n\r\n<p><span style=\"font-weight: 400;\">\u00cen 14 zile de la data achizi\u021biei, ai op\u021biunea de a returna produsele cump\u0103rate<\/span><\/p>\r\n\r\n<\/div><\/div>\r\n<div id=\"accordion-461012418\" class=\"accordion-item\"><a id=\"accordion-461012418-label\" href=\"#\" class=\"accordion-title plain\" aria-expanded=\"false\" aria-controls=\"accordion-461012418-content\"><button class=\"toggle\" aria-label=\"Toggle\"><i class=\"icon-angle-down\"><\/i><\/button><span>C\u00e2t cost\u0103 livrarea?<\/span><\/a><div id=\"accordion-461012418-content\" class=\"accordion-inner\" aria-labelledby=\"accordion-461012418-label\">\r\n\r\n<p><span style=\"font-weight: 400;\">Oferim LIVRARE GRATUIT\u0102!<\/span><\/p>\r\n\r\n<\/div><\/div>\r\n<div id=\"accordion-1949336390\" class=\"accordion-item\"><a id=\"accordion-1949336390-label\" href=\"#\" class=\"accordion-title plain\" aria-expanded=\"false\" aria-controls=\"accordion-1949336390-content\"><button class=\"toggle\" aria-label=\"Toggle\"><i class=\"icon-angle-down\"><\/i><\/button><span>Pot s\u0103 returnez \u0219i s\u0103 primesc banii \u00eenapoi pentru produse deja utilizate?<\/span><\/a><div id=\"accordion-1949336390-content\" class=\"accordion-inner\" aria-labelledby=\"accordion-1949336390-label\">\r\n\r\n<p><span style=\"font-weight: 400;\">Nu. Produsele trebuie returnate \u00een ambalajul original, care nu trebuie s\u0103 fie deteriorat sau deschis. \u00cen caz contrar, cererea de garan\u021bie va fi respins\u0103 total sau par\u021bial.<\/span><\/p>\r\n\r\n<\/div><\/div>\r\n\r\n<\/div>\r\n\t<div id=\"gap-650339767\" class=\"gap-element clearfix\" style=\"display:block; height:auto;\">\n\t\t\n<style>\n#gap-650339767 {\n  padding-top: 30px;\n}\n<\/style>\n\t<\/div>\n\t\r\n\r\n\t<div id=\"text-4223153227\" class=\"text\">\n\t\t\r\n\r\n<h4><b>AI ALTE \u00ceNTREB\u0102RI?<b><\/b><\/b><\/h4>\r\n<p>Te rug\u0103m s\u0103 ne <a href=\"https:\/\/tanzzo.com\/ro\/contact\/\">contactezi \u0219i<\/a> vom fi bucuro\u0219i s\u0103 te ajut\u0103m!<\/p>\r\n\t\t\n<style>\n#text-4223153227 {\n  text-align: center;\n}\n<\/style>\n\t<\/div>\n\t\r\n\r\n\t\t<\/div>\n\t\t\t\t\t<\/div>\n\n\t\r\n\r\n<\/div>\r\n\r\n\t\t<\/div>\n\n\t\t\n<style>\n#section_1449829416 {\n  padding-top: 50px;\n  padding-bottom: 50px;\n}\n#section_1449829416 .ux-shape-divider--top svg {\n  height: 150px;\n  --divider-top-width: 100%;\n}\n#section_1449829416 .ux-shape-divider--bottom svg {\n  height: 150px;\n  --divider-width: 100%;\n}\n<\/style>\n\t<\/section>\n\t\n","protected":false},"excerpt":{"rendered":"","protected":false},"author":1,"featured_media":0,"parent":0,"menu_order":0,"comment_status":"closed","ping_status":"closed","template":"page-transparent-header.php","meta":{"footnotes":""},"class_list":["post-3570","page","type-page","status-publish","hentry"],"acf":[],"yoast_head":"<!-- This site is optimized with the Yoast SEO plugin v20.8 - https:\/\/yoast.com\/wordpress\/plugins\/seo\/ -->\n<title>Help and FAQ - Tanzzo<\/title>\n<meta name=\"description\" content=\"Ajutor \u0219i \u00eentreb\u0103ri frecvente despre pagina Tanzzo \u0219i produsele Tanzzo, livrare, livrare, politica de returnare.\" \/>\n<meta name=\"robots\" content=\"index, follow, max-snippet:-1, max-image-preview:large, max-video-preview:-1\" \/>\n<link rel=\"canonical\" href=\"https:\/\/tanzzo.com\/ro\/help-and-faq\/\" \/>\n<meta property=\"og:locale\" content=\"ro_RO\" \/>\n<meta property=\"og:type\" content=\"article\" \/>\n<meta property=\"og:title\" content=\"Help and FAQ - Tanzzo\" \/>\n<meta property=\"og:description\" content=\"Ajutor \u0219i \u00eentreb\u0103ri frecvente despre pagina Tanzzo \u0219i produsele Tanzzo, livrare, livrare, politica de returnare.\" \/>\n<meta property=\"og:url\" content=\"https:\/\/tanzzo.com\/ro\/help-and-faq\/\" \/>\n<meta property=\"og:site_name\" content=\"Tanzzo\" \/>\n<meta property=\"article:publisher\" content=\"https:\/\/www.facebook.com\/Tanzzzo\/\" \/>\n<meta property=\"article:modified_time\" content=\"2022-04-21T10:32:39+00:00\" \/>\n<meta name=\"twitter:card\" content=\"summary_large_image\" \/>\n<script type=\"application\/ld+json\" class=\"yoast-schema-graph\">{\"@context\":\"https:\/\/schema.org\",\"@graph\":[{\"@type\":\"WebPage\",\"@id\":\"https:\/\/tanzzo.com\/ro\/help-and-faq\/\",\"url\":\"https:\/\/tanzzo.com\/ro\/help-and-faq\/\",\"name\":\"Help and FAQ - Tanzzo\",\"isPartOf\":{\"@id\":\"https:\/\/tanzzo.com\/ro\/#website\"},\"datePublished\":\"2022-04-13T09:27:30+00:00\",\"dateModified\":\"2022-04-21T10:32:39+00:00\",\"description\":\"Ajutor \u0219i \u00eentreb\u0103ri frecvente despre pagina Tanzzo \u0219i produsele Tanzzo, livrare, livrare, politica de returnare.\",\"breadcrumb\":{\"@id\":\"https:\/\/tanzzo.com\/ro\/help-and-faq\/#breadcrumb\"},\"inLanguage\":\"ro-RO\",\"potentialAction\":[{\"@type\":\"ReadAction\",\"target\":[\"https:\/\/tanzzo.com\/ro\/help-and-faq\/\"]}]},{\"@type\":\"BreadcrumbList\",\"@id\":\"https:\/\/tanzzo.com\/ro\/help-and-faq\/#breadcrumb\",\"itemListElement\":[{\"@type\":\"ListItem\",\"position\":1,\"name\":\"Home\",\"item\":\"https:\/\/tanzzo.com\/ro\/\"},{\"@type\":\"ListItem\",\"position\":2,\"name\":\"Help and FAQ\"}]},{\"@type\":\"WebSite\",\"@id\":\"https:\/\/tanzzo.com\/ro\/#website\",\"url\":\"https:\/\/tanzzo.com\/ro\/\",\"name\":\"Tanzzo\",\"description\":\"GET YOUR PERFECT TAN\",\"publisher\":{\"@id\":\"https:\/\/tanzzo.com\/ro\/#organization\"},\"potentialAction\":[{\"@type\":\"SearchAction\",\"target\":{\"@type\":\"EntryPoint\",\"urlTemplate\":\"https:\/\/tanzzo.com\/ro\/?s={search_term_string}\"},\"query-input\":\"required name=search_term_string\"}],\"inLanguage\":\"ro-RO\"},{\"@type\":\"Organization\",\"@id\":\"https:\/\/tanzzo.com\/ro\/#organization\",\"name\":\"Tanzzo\",\"url\":\"https:\/\/tanzzo.com\/ro\/\",\"logo\":{\"@type\":\"ImageObject\",\"inLanguage\":\"ro-RO\",\"@id\":\"https:\/\/tanzzo.com\/ro\/#\/schema\/logo\/image\/\",\"url\":\"https:\/\/tanzzo.com\/wp-content\/uploads\/2021\/08\/tanzzo1.png\",\"contentUrl\":\"https:\/\/tanzzo.com\/wp-content\/uploads\/2021\/08\/tanzzo1.png\",\"width\":2560,\"height\":426,\"caption\":\"Tanzzo\"},\"image\":{\"@id\":\"https:\/\/tanzzo.com\/ro\/#\/schema\/logo\/image\/\"},\"sameAs\":[\"https:\/\/www.facebook.com\/Tanzzzo\/\",\"https:\/\/www.instagram.com\/tanzzo_original\/\"]}]}<\/script>\n<!-- \/ Yoast SEO plugin. -->","yoast_head_json":{"title":"Help and FAQ - Tanzzo","description":"Ajutor \u0219i \u00eentreb\u0103ri frecvente despre pagina Tanzzo \u0219i produsele Tanzzo, livrare, livrare, politica de returnare.","robots":{"index":"index","follow":"follow","max-snippet":"max-snippet:-1","max-image-preview":"max-image-preview:large","max-video-preview":"max-video-preview:-1"},"canonical":"https:\/\/tanzzo.com\/ro\/help-and-faq\/","og_locale":"ro_RO","og_type":"article","og_title":"Help and FAQ - Tanzzo","og_description":"Ajutor \u0219i \u00eentreb\u0103ri frecvente despre pagina Tanzzo \u0219i produsele Tanzzo, livrare, livrare, politica de returnare.","og_url":"https:\/\/tanzzo.com\/ro\/help-and-faq\/","og_site_name":"Tanzzo","article_publisher":"https:\/\/www.facebook.com\/Tanzzzo\/","article_modified_time":"2022-04-21T10:32:39+00:00","twitter_card":"summary_large_image","schema":{"@context":"https:\/\/schema.org","@graph":[{"@type":"WebPage","@id":"https:\/\/tanzzo.com\/ro\/help-and-faq\/","url":"https:\/\/tanzzo.com\/ro\/help-and-faq\/","name":"Help and FAQ - Tanzzo","isPartOf":{"@id":"https:\/\/tanzzo.com\/ro\/#website"},"datePublished":"2022-04-13T09:27:30+00:00","dateModified":"2022-04-21T10:32:39+00:00","description":"Ajutor \u0219i \u00eentreb\u0103ri frecvente despre pagina Tanzzo \u0219i produsele Tanzzo, livrare, livrare, politica de returnare.","breadcrumb":{"@id":"https:\/\/tanzzo.com\/ro\/help-and-faq\/#breadcrumb"},"inLanguage":"ro-RO","potentialAction":[{"@type":"ReadAction","target":["https:\/\/tanzzo.com\/ro\/help-and-faq\/"]}]},{"@type":"BreadcrumbList","@id":"https:\/\/tanzzo.com\/ro\/help-and-faq\/#breadcrumb","itemListElement":[{"@type":"ListItem","position":1,"name":"Home","item":"https:\/\/tanzzo.com\/ro\/"},{"@type":"ListItem","position":2,"name":"Help and FAQ"}]},{"@type":"WebSite","@id":"https:\/\/tanzzo.com\/ro\/#website","url":"https:\/\/tanzzo.com\/ro\/","name":"Tanzzo","description":"GET YOUR PERFECT TAN","publisher":{"@id":"https:\/\/tanzzo.com\/ro\/#organization"},"potentialAction":[{"@type":"SearchAction","target":{"@type":"EntryPoint","urlTemplate":"https:\/\/tanzzo.com\/ro\/?s={search_term_string}"},"query-input":"required name=search_term_string"}],"inLanguage":"ro-RO"},{"@type":"Organization","@id":"https:\/\/tanzzo.com\/ro\/#organization","name":"Tanzzo","url":"https:\/\/tanzzo.com\/ro\/","logo":{"@type":"ImageObject","inLanguage":"ro-RO","@id":"https:\/\/tanzzo.com\/ro\/#\/schema\/logo\/image\/","url":"https:\/\/tanzzo.com\/wp-content\/uploads\/2021\/08\/tanzzo1.png","contentUrl":"https:\/\/tanzzo.com\/wp-content\/uploads\/2021\/08\/tanzzo1.png","width":2560,"height":426,"caption":"Tanzzo"},"image":{"@id":"https:\/\/tanzzo.com\/ro\/#\/schema\/logo\/image\/"},"sameAs":["https:\/\/www.facebook.com\/Tanzzzo\/","https:\/\/www.instagram.com\/tanzzo_original\/"]}]}},"_links":{"self":[{"href":"https:\/\/tanzzo.com\/ro\/wp-json\/wp\/v2\/pages\/3570","targetHints":{"allow":["GET"]}}],"collection":[{"href":"https:\/\/tanzzo.com\/ro\/wp-json\/wp\/v2\/pages"}],"about":[{"href":"https:\/\/tanzzo.com\/ro\/wp-json\/wp\/v2\/types\/page"}],"author":[{"embeddable":true,"href":"https:\/\/tanzzo.com\/ro\/wp-json\/wp\/v2\/users\/1"}],"replies":[{"embeddable":true,"href":"https:\/\/tanzzo.com\/ro\/wp-json\/wp\/v2\/comments?post=3570"}],"version-history":[{"count":1,"href":"https:\/\/tanzzo.com\/ro\/wp-json\/wp\/v2\/pages\/3570\/revisions"}],"predecessor-version":[{"id":3571,"href":"https:\/\/tanzzo.com\/ro\/wp-json\/wp\/v2\/pages\/3570\/revisions\/3571"}],"wp:attachment":[{"href":"https:\/\/tanzzo.com\/ro\/wp-json\/wp\/v2\/media?parent=3570"}],"curies":[{"name":"wp","href":"https:\/\/api.w.org\/{rel}","templated":true}]}}