
{"id":3564,"date":"2022-04-13T11:25:54","date_gmt":"2022-04-13T09:25:54","guid":{"rendered":"https:\/\/tanzzo.com\/?page_id=3564"},"modified":"2022-04-21T12:31:48","modified_gmt":"2022-04-21T10:31:48","slug":"colaboreaza-cu-noi","status":"publish","type":"page","link":"https:\/\/tanzzo.com\/ro\/colaboreaza-cu-noi\/","title":{"rendered":"COLABOREAZ\u0102 CU NOI!"},"content":{"rendered":"\t<section class=\"section\" id=\"section_1008175771\">\n\t\t<div class=\"bg section-bg fill bg-fill  bg-loaded\" >\n\n\t\t\t\n\t\t\t\n\t\t\t\n\n\t\t<\/div>\n\n\t\t\n\n\t\t<div class=\"section-content relative\">\n\t\t\t\n<div class=\"row\" style=\"max-width:1289px\" id=\"row-645551489\">\n\n\t<div id=\"col-1621533707\" class=\"col medium-2 small-12 large-2\"  >\n\t\t\t\t<div class=\"col-inner\"  >\n\t\t\t\n\t\t\t\n<div class=\"is-divider divider clearfix\" style=\"margin-top:2em;margin-bottom:2em;max-width:100%;height:1px;background-color:rgb(0, 0, 0);\"><\/div>\n\t\t<\/div>\n\t\t\t\t\t<\/div>\n\n\t\n\n\t<div id=\"col-152713775\" class=\"col medium-8 small-12 large-8\"  >\n\t\t\t\t<div class=\"col-inner text-center\"  >\n\t\t\t\n\t\t\t\n\t<div id=\"text-2398539707\" class=\"text\">\n\t\t\n<h2 style=\"text-transform: uppercase;\">COLABOREAZ\u0102 CU NOI!<br \/>\n<\/h2>\n\t\t\n<style>\n#text-2398539707 {\n  font-size: 1.6rem;\n  text-align: center;\n}\n<\/style>\n\t<\/div>\n\t\n\t\t<\/div>\n\t\t\t\t\t<\/div>\n\n\t\n\n\t<div id=\"col-1681881943\" class=\"col medium-2 small-12 large-2\"  >\n\t\t\t\t<div class=\"col-inner\"  >\n\t\t\t\n\t\t\t\n<div class=\"is-divider divider clearfix\" style=\"margin-top:2em;margin-bottom:2em;max-width:100%;height:1px;background-color:rgb(0, 0, 0);\"><\/div>\n\t\t<\/div>\n\t\t\t\t\t<\/div>\n\n\t\n<\/div>\n\t<div id=\"gap-140357921\" class=\"gap-element clearfix\" style=\"display:block; height:auto;\">\n\t\t\n<style>\n#gap-140357921 {\n  padding-top: 30px;\n}\n<\/style>\n\t<\/div>\n\t\n<div class=\"row align-middle\" style=\"max-width:1289px\" id=\"row-1073066982\">\n\n\t<div id=\"col-768242561\" class=\"col small-12 large-12\"  >\n\t\t\t\t<div class=\"col-inner\"  >\n\t\t\t\n\t\t\t\n<p><span style=\"font-weight: 400;\">Bun\u0103, drag\u0103!\u00a0<\/span><\/p>\n<p><span style=\"font-weight: 400;\">\u00ce\u021bi urmezi visul de a deveni un fotomodel sau influencer \u0219i e\u0219ti interesat\u0103 de o colaborare cu noi? Pre\u021buie\u0219ti cu adev\u0103rat un bronz frumos?\u00a0<\/span><\/p>\n<p><b><i>Indiferent dac\u0103 ai un cont Instagram, un vlog sau un blog populare ori doar un client fidel, ne-ar face pl\u0103cere s\u0103 colabor\u0103m cu tine pe platformele de comunicare social\u0103!\u00a0<\/i><\/b><\/p>\n<p><span style=\"font-weight: 400;\">Dup\u0103 ce te \u00eenscrii \u00ee\u021bi vom examina candidatura. \u00cen cazul \u00een care credem c\u0103 exist\u0103 poten\u021bialul pentru o rela\u021bie de colaborare, vei primi din partea noastr\u0103 un e-mail cu o ofert\u0103.<\/span><\/p>\n<p><b>DAC\u0102 TE ATRAGE IDEEA, EXPRIM\u0102-\u021aI INTERESUL COMPLET\u00c2ND ACEST FORMULAR <\/b><b>\u2661<\/b><\/p>\n<p><span style=\"font-weight: 400;\">Te rug\u0103m s\u0103 re\u021bii c\u0103 ini\u021bierea mai multor sesiuni nu \u00ee\u021bi va m\u0103ri \u0219ansele de a fi contactat. Vom lua cu siguran\u021b\u0103 leg\u0103tura dac\u0103 ne place ce vedem!<\/span><\/p>\n\n<div class=\"wpcf7 no-js\" id=\"wpcf7-f4579-o1\" lang=\"ro-RO\" dir=\"ltr\">\n<div class=\"screen-reader-response\"><p role=\"status\" aria-live=\"polite\" aria-atomic=\"true\"><\/p> <ul><\/ul><\/div>\n<form action=\"\/ro\/wp-json\/wp\/v2\/pages\/3564#wpcf7-f4579-o1\" method=\"post\" class=\"wpcf7-form init\" aria-label=\"Formular de contact\" novalidate=\"novalidate\" data-status=\"init\">\n<div style=\"display: none;\">\n<input type=\"hidden\" name=\"_wpcf7\" value=\"4579\" \/>\n<input type=\"hidden\" name=\"_wpcf7_version\" value=\"5.7.6\" \/>\n<input type=\"hidden\" name=\"_wpcf7_locale\" value=\"ro_RO\" \/>\n<input type=\"hidden\" name=\"_wpcf7_unit_tag\" value=\"wpcf7-f4579-o1\" \/>\n<input type=\"hidden\" name=\"_wpcf7_container_post\" value=\"0\" \/>\n<input type=\"hidden\" name=\"_wpcf7_posted_data_hash\" value=\"\" \/>\n<input type=\"hidden\" name=\"_wpcf7_recaptcha_response\" value=\"\" \/>\n<\/div>\n<input class=\"wpcf7-form-control wpcf7-hidden\" id=\"thankyouURL\" value=\"https:\/\/tanzzo.com\/thank-you-for-inquiry\/\" type=\"hidden\" name=\"thankyouURL\" \/>\n<div class=\"collab-form\">\n\t<p><label><span class=\"wpcf7-form-control-wrap\" data-name=\"your-name\"><input size=\"40\" class=\"wpcf7-form-control wpcf7-text wpcf7-validates-as-required\" aria-required=\"true\" aria-invalid=\"false\" placeholder=\"Prenumele \u0219i numele\" value=\"\" type=\"text\" name=\"your-name\" \/><\/span><\/label>\n\t<\/p>\n\t<p><label><span class=\"wpcf7-form-control-wrap\" data-name=\"country\"><input size=\"40\" class=\"wpcf7-form-control wpcf7-text wpcf7-validates-as-required\" aria-required=\"true\" aria-invalid=\"false\" placeholder=\"De unde e\u0219ti?\" value=\"\" type=\"text\" name=\"country\" \/><\/span> <\/label>\n\t<\/p>\n\t<p><label><span class=\"wpcf7-form-control-wrap\" data-name=\"your-email\"><input size=\"40\" class=\"wpcf7-form-control wpcf7-text wpcf7-email wpcf7-validates-as-required wpcf7-validates-as-email\" aria-required=\"true\" aria-invalid=\"false\" placeholder=\"Adresa ta de e-mail (ca s\u0103 te putem contacta)\" value=\"\" type=\"email\" name=\"your-email\" \/><\/span> <\/label>\n\t<\/p>\n\t<p><label>Ce profile sociale gestionezi?<br \/>\n<span class=\"wpcf7-form-control-wrap\" data-name=\"platform\"><select class=\"wpcf7-form-control wpcf7-select wpcf7-validates-as-required\" aria-required=\"true\" aria-invalid=\"false\" name=\"platform\"><option value=\"Instagram\">Instagram<\/option><option value=\"TikTok\">TikTok<\/option><option value=\"YouTube\">YouTube<\/option><option value=\"Facebook\">Facebook<\/option><option value=\"Altele\">Altele<\/option><\/select><\/span><\/label>\n\t<\/p>\n\t<p><label><span class=\"wpcf7-form-control-wrap\" data-name=\"handle\"><input size=\"40\" class=\"wpcf7-form-control wpcf7-text wpcf7-validates-as-required\" aria-required=\"true\" aria-invalid=\"false\" placeholder=\"Lipe\u0219te linkurile la profilele tale sociale (Instagram, Tik Tok, Youtube etc.)\" value=\"\" type=\"text\" name=\"handle\" \/><\/span> <\/label>\n\t<\/p>\n\t<p><label>Care este tema principal\u0103 a platformei sau platformelor tale?<br \/>\n<span class=\"wpcf7-form-control-wrap\" data-name=\"focus\"><select class=\"wpcf7-form-control wpcf7-select wpcf7-validates-as-required\" aria-required=\"true\" aria-invalid=\"false\" name=\"focus\"><option value=\"Mod\u0103\">Mod\u0103<\/option><option value=\"Buc\u0103t\u0103rie\">Buc\u0103t\u0103rie<\/option><option value=\"Fitness\">Fitness<\/option><option value=\"Lifestyle\">Lifestyle<\/option><option value=\"C\u0103l\u0103torie\">C\u0103l\u0103torie<\/option><option value=\"Altele\">Altele<\/option><\/select><\/span><\/label>\n\t<\/p>\n\t<p><label><span class=\"wpcf7-form-control-wrap\" data-name=\"your-message\"><textarea cols=\"40\" rows=\"10\" class=\"wpcf7-form-control wpcf7-textarea wpcf7-validates-as-required\" aria-required=\"true\" aria-invalid=\"false\" placeholder=\"Cum ai dori s\u0103 promovezi produsele noastre \u0219i ce ai putea oferi familiei TANZZO?\" name=\"your-message\"><\/textarea><\/span> <\/label>\n\t<\/p>\n\t<p><input class=\"wpcf7-form-control has-spinner wpcf7-submit\" type=\"submit\" value=\"TRIMITE\" \/>\n\t<\/p>\n<\/div>\n<p><script>\ndocument.addEventListener( 'wpcf7mailsent', function( event ) {\n var thankyouURL = document.getElementById(\"thankyouURL\").value;\n location = thankyouURL;\n}, false );\n<\/script>\n<\/p><div class=\"wpcf7-response-output\" aria-hidden=\"true\"><\/div>\n<\/form>\n<\/div>\n\n\t\t<\/div>\n\t\t\t\t\t<\/div>\n\n\t\n<\/div>\n\t\t<\/div>\n\n\t\t\n<style>\n#section_1008175771 {\n  padding-top: 100px;\n  padding-bottom: 100px;\n}\n#section_1008175771 .ux-shape-divider--top svg {\n  height: 150px;\n  --divider-top-width: 100%;\n}\n#section_1008175771 .ux-shape-divider--bottom svg {\n  height: 150px;\n  --divider-width: 100%;\n}\n<\/style>\n\t<\/section>\n\t\n","protected":false},"excerpt":{"rendered":"","protected":false},"author":1,"featured_media":0,"parent":0,"menu_order":0,"comment_status":"closed","ping_status":"closed","template":"page-blank.php","meta":{"footnotes":""},"class_list":["post-3564","page","type-page","status-publish","hentry"],"acf":[],"yoast_head":"<!-- This site is optimized with the Yoast SEO plugin v20.8 - https:\/\/yoast.com\/wordpress\/plugins\/seo\/ -->\n<title>COLABOREAZ\u0102 CU NOI! - Tanzzo<\/title>\n<meta name=\"description\" content=\"Indiferent dac\u0103 e\u0219ti instagrammer, blogger sau doar un client fidel, ne-ar pl\u0103cea s\u0103 colabor\u0103m cu tine prin intermediul re\u021belelor sociale!\" \/>\n<meta name=\"robots\" content=\"index, follow, max-snippet:-1, max-image-preview:large, max-video-preview:-1\" \/>\n<link rel=\"canonical\" href=\"https:\/\/tanzzo.com\/ro\/colaboreaza-cu-noi\/\" \/>\n<meta property=\"og:locale\" content=\"ro_RO\" \/>\n<meta property=\"og:type\" content=\"article\" \/>\n<meta property=\"og:title\" content=\"COLABOREAZ\u0102 CU NOI! - Tanzzo\" \/>\n<meta property=\"og:description\" content=\"Indiferent dac\u0103 e\u0219ti instagrammer, blogger sau doar un client fidel, ne-ar pl\u0103cea s\u0103 colabor\u0103m cu tine prin intermediul re\u021belelor sociale!\" \/>\n<meta property=\"og:url\" content=\"https:\/\/tanzzo.com\/ro\/colaboreaza-cu-noi\/\" \/>\n<meta property=\"og:site_name\" content=\"Tanzzo\" \/>\n<meta property=\"article:publisher\" content=\"https:\/\/www.facebook.com\/Tanzzzo\/\" \/>\n<meta property=\"article:modified_time\" content=\"2022-04-21T10:31:48+00:00\" \/>\n<meta name=\"twitter:card\" content=\"summary_large_image\" \/>\n<meta name=\"twitter:label1\" content=\"Timp estimat pentru citire\" \/>\n\t<meta name=\"twitter:data1\" content=\"1 minut\" \/>\n<script type=\"application\/ld+json\" class=\"yoast-schema-graph\">{\"@context\":\"https:\/\/schema.org\",\"@graph\":[{\"@type\":\"WebPage\",\"@id\":\"https:\/\/tanzzo.com\/ro\/colaboreaza-cu-noi\/\",\"url\":\"https:\/\/tanzzo.com\/ro\/colaboreaza-cu-noi\/\",\"name\":\"COLABOREAZ\u0102 CU NOI! - Tanzzo\",\"isPartOf\":{\"@id\":\"https:\/\/tanzzo.com\/ro\/#website\"},\"datePublished\":\"2022-04-13T09:25:54+00:00\",\"dateModified\":\"2022-04-21T10:31:48+00:00\",\"description\":\"Indiferent dac\u0103 e\u0219ti instagrammer, blogger sau doar un client fidel, ne-ar pl\u0103cea s\u0103 colabor\u0103m cu tine prin intermediul re\u021belelor sociale!\",\"breadcrumb\":{\"@id\":\"https:\/\/tanzzo.com\/ro\/colaboreaza-cu-noi\/#breadcrumb\"},\"inLanguage\":\"ro-RO\",\"potentialAction\":[{\"@type\":\"ReadAction\",\"target\":[\"https:\/\/tanzzo.com\/ro\/colaboreaza-cu-noi\/\"]}]},{\"@type\":\"BreadcrumbList\",\"@id\":\"https:\/\/tanzzo.com\/ro\/colaboreaza-cu-noi\/#breadcrumb\",\"itemListElement\":[{\"@type\":\"ListItem\",\"position\":1,\"name\":\"Home\",\"item\":\"https:\/\/tanzzo.com\/ro\/\"},{\"@type\":\"ListItem\",\"position\":2,\"name\":\"COLABOREAZ\u0102 CU NOI!\"}]},{\"@type\":\"WebSite\",\"@id\":\"https:\/\/tanzzo.com\/ro\/#website\",\"url\":\"https:\/\/tanzzo.com\/ro\/\",\"name\":\"Tanzzo\",\"description\":\"GET YOUR PERFECT TAN\",\"publisher\":{\"@id\":\"https:\/\/tanzzo.com\/ro\/#organization\"},\"potentialAction\":[{\"@type\":\"SearchAction\",\"target\":{\"@type\":\"EntryPoint\",\"urlTemplate\":\"https:\/\/tanzzo.com\/ro\/?s={search_term_string}\"},\"query-input\":\"required name=search_term_string\"}],\"inLanguage\":\"ro-RO\"},{\"@type\":\"Organization\",\"@id\":\"https:\/\/tanzzo.com\/ro\/#organization\",\"name\":\"Tanzzo\",\"url\":\"https:\/\/tanzzo.com\/ro\/\",\"logo\":{\"@type\":\"ImageObject\",\"inLanguage\":\"ro-RO\",\"@id\":\"https:\/\/tanzzo.com\/ro\/#\/schema\/logo\/image\/\",\"url\":\"https:\/\/tanzzo.com\/wp-content\/uploads\/2021\/08\/tanzzo1.png\",\"contentUrl\":\"https:\/\/tanzzo.com\/wp-content\/uploads\/2021\/08\/tanzzo1.png\",\"width\":2560,\"height\":426,\"caption\":\"Tanzzo\"},\"image\":{\"@id\":\"https:\/\/tanzzo.com\/ro\/#\/schema\/logo\/image\/\"},\"sameAs\":[\"https:\/\/www.facebook.com\/Tanzzzo\/\",\"https:\/\/www.instagram.com\/tanzzo_original\/\"]}]}<\/script>\n<!-- \/ Yoast SEO plugin. -->","yoast_head_json":{"title":"COLABOREAZ\u0102 CU NOI! - Tanzzo","description":"Indiferent dac\u0103 e\u0219ti instagrammer, blogger sau doar un client fidel, ne-ar pl\u0103cea s\u0103 colabor\u0103m cu tine prin intermediul re\u021belelor sociale!","robots":{"index":"index","follow":"follow","max-snippet":"max-snippet:-1","max-image-preview":"max-image-preview:large","max-video-preview":"max-video-preview:-1"},"canonical":"https:\/\/tanzzo.com\/ro\/colaboreaza-cu-noi\/","og_locale":"ro_RO","og_type":"article","og_title":"COLABOREAZ\u0102 CU NOI! - Tanzzo","og_description":"Indiferent dac\u0103 e\u0219ti instagrammer, blogger sau doar un client fidel, ne-ar pl\u0103cea s\u0103 colabor\u0103m cu tine prin intermediul re\u021belelor sociale!","og_url":"https:\/\/tanzzo.com\/ro\/colaboreaza-cu-noi\/","og_site_name":"Tanzzo","article_publisher":"https:\/\/www.facebook.com\/Tanzzzo\/","article_modified_time":"2022-04-21T10:31:48+00:00","twitter_card":"summary_large_image","twitter_misc":{"Timp estimat pentru citire":"1 minut"},"schema":{"@context":"https:\/\/schema.org","@graph":[{"@type":"WebPage","@id":"https:\/\/tanzzo.com\/ro\/colaboreaza-cu-noi\/","url":"https:\/\/tanzzo.com\/ro\/colaboreaza-cu-noi\/","name":"COLABOREAZ\u0102 CU NOI! - Tanzzo","isPartOf":{"@id":"https:\/\/tanzzo.com\/ro\/#website"},"datePublished":"2022-04-13T09:25:54+00:00","dateModified":"2022-04-21T10:31:48+00:00","description":"Indiferent dac\u0103 e\u0219ti instagrammer, blogger sau doar un client fidel, ne-ar pl\u0103cea s\u0103 colabor\u0103m cu tine prin intermediul re\u021belelor sociale!","breadcrumb":{"@id":"https:\/\/tanzzo.com\/ro\/colaboreaza-cu-noi\/#breadcrumb"},"inLanguage":"ro-RO","potentialAction":[{"@type":"ReadAction","target":["https:\/\/tanzzo.com\/ro\/colaboreaza-cu-noi\/"]}]},{"@type":"BreadcrumbList","@id":"https:\/\/tanzzo.com\/ro\/colaboreaza-cu-noi\/#breadcrumb","itemListElement":[{"@type":"ListItem","position":1,"name":"Home","item":"https:\/\/tanzzo.com\/ro\/"},{"@type":"ListItem","position":2,"name":"COLABOREAZ\u0102 CU NOI!"}]},{"@type":"WebSite","@id":"https:\/\/tanzzo.com\/ro\/#website","url":"https:\/\/tanzzo.com\/ro\/","name":"Tanzzo","description":"GET YOUR PERFECT TAN","publisher":{"@id":"https:\/\/tanzzo.com\/ro\/#organization"},"potentialAction":[{"@type":"SearchAction","target":{"@type":"EntryPoint","urlTemplate":"https:\/\/tanzzo.com\/ro\/?s={search_term_string}"},"query-input":"required name=search_term_string"}],"inLanguage":"ro-RO"},{"@type":"Organization","@id":"https:\/\/tanzzo.com\/ro\/#organization","name":"Tanzzo","url":"https:\/\/tanzzo.com\/ro\/","logo":{"@type":"ImageObject","inLanguage":"ro-RO","@id":"https:\/\/tanzzo.com\/ro\/#\/schema\/logo\/image\/","url":"https:\/\/tanzzo.com\/wp-content\/uploads\/2021\/08\/tanzzo1.png","contentUrl":"https:\/\/tanzzo.com\/wp-content\/uploads\/2021\/08\/tanzzo1.png","width":2560,"height":426,"caption":"Tanzzo"},"image":{"@id":"https:\/\/tanzzo.com\/ro\/#\/schema\/logo\/image\/"},"sameAs":["https:\/\/www.facebook.com\/Tanzzzo\/","https:\/\/www.instagram.com\/tanzzo_original\/"]}]}},"_links":{"self":[{"href":"https:\/\/tanzzo.com\/ro\/wp-json\/wp\/v2\/pages\/3564","targetHints":{"allow":["GET"]}}],"collection":[{"href":"https:\/\/tanzzo.com\/ro\/wp-json\/wp\/v2\/pages"}],"about":[{"href":"https:\/\/tanzzo.com\/ro\/wp-json\/wp\/v2\/types\/page"}],"author":[{"embeddable":true,"href":"https:\/\/tanzzo.com\/ro\/wp-json\/wp\/v2\/users\/1"}],"replies":[{"embeddable":true,"href":"https:\/\/tanzzo.com\/ro\/wp-json\/wp\/v2\/comments?post=3564"}],"version-history":[{"count":4,"href":"https:\/\/tanzzo.com\/ro\/wp-json\/wp\/v2\/pages\/3564\/revisions"}],"predecessor-version":[{"id":4940,"href":"https:\/\/tanzzo.com\/ro\/wp-json\/wp\/v2\/pages\/3564\/revisions\/4940"}],"wp:attachment":[{"href":"https:\/\/tanzzo.com\/ro\/wp-json\/wp\/v2\/media?parent=3564"}],"curies":[{"name":"wp","href":"https:\/\/api.w.org\/{rel}","templated":true}]}}