
{"id":3458,"date":"2022-04-13T11:23:59","date_gmt":"2022-04-13T09:23:59","guid":{"rendered":"https:\/\/tanzzo.com\/?page_id=3458"},"modified":"2022-04-28T11:08:23","modified_gmt":"2022-04-28T09:08:23","slug":"about-tanzzo","status":"publish","type":"page","link":"https:\/\/tanzzo.com\/ro\/about-tanzzo\/","title":{"rendered":"About Tanzzo"},"content":{"rendered":"\t<section class=\"section\" id=\"section_1454302765\">\n\t\t<div class=\"bg section-bg fill bg-fill  bg-loaded\" >\n\n\t\t\t\n\t\t\t\n\t\t\t\n\n\t\t<\/div>\n\n\t\t\n\n\t\t<div class=\"section-content relative\">\n\t\t\t\n<div class=\"row\" style=\"max-width:1289px\" id=\"row-1228566466\">\n\n\t<div id=\"col-1282848336\" class=\"col medium-2 small-12 large-2\"  >\n\t\t\t\t<div class=\"col-inner\"  >\n\t\t\t\n\t\t\t\n<div class=\"is-divider divider clearfix\" style=\"margin-top:2em;margin-bottom:2em;max-width:100%;height:1px;background-color:rgb(0, 0, 0);\"><\/div>\n\t\t<\/div>\n\t\t\t\t\t<\/div>\n\n\t\n\n\t<div id=\"col-372057733\" class=\"col medium-8 small-12 large-8\"  >\n\t\t\t\t<div class=\"col-inner text-center\"  >\n\t\t\t\n\t\t\t\n\t<div id=\"text-854544235\" class=\"text\">\n\t\t\n<h2 style=\"text-transform: uppercase;\">DESPRE TANZZO<\/h2>\n\t\t\n<style>\n#text-854544235 {\n  font-size: 1.6rem;\n  text-align: center;\n}\n<\/style>\n\t<\/div>\n\t\n\t\t<\/div>\n\t\t\t\t\t<\/div>\n\n\t\n\n\t<div id=\"col-62582215\" class=\"col medium-2 small-12 large-2\"  >\n\t\t\t\t<div class=\"col-inner\"  >\n\t\t\t\n\t\t\t\n<div class=\"is-divider divider clearfix\" style=\"margin-top:2em;margin-bottom:2em;max-width:100%;height:1px;background-color:rgb(0, 0, 0);\"><\/div>\n\t\t<\/div>\n\t\t\t\t\t<\/div>\n\n\t\n<\/div>\n\t<div id=\"gap-1630434962\" class=\"gap-element clearfix\" style=\"display:block; height:auto;\">\n\t\t\n<style>\n#gap-1630434962 {\n  padding-top: 30px;\n}\n<\/style>\n\t<\/div>\n\t\n<div class=\"row align-middle\" style=\"max-width:1289px\" id=\"row-941647577\">\n\n\t<div id=\"col-757361291\" class=\"col small-12 large-12\"  >\n\t\t\t\t<div class=\"col-inner\"  >\n\t\t\t\n\t\t\t\n<p>Totul a \u00eenceput atunci c\u00e2nd mai mul\u021bi antreprenori tineri \u0219i ambi\u021bio\u0219i \u0219i-au unit for\u021bele pentru a sprijini femeia \u0219i pentru a-i oferi cele mai bune produse de \u00eengrijire personal\u0103 \u0219i de \u00eengrijire a pielii.<\/p>\n<p>TANZZO este o marc\u0103 de cosmetice care se dedic\u0103 elabor\u0103rii de produse cosmetice \u0219i de bronzare de \u00eenalt\u0103 calitate. Am creat o formul\u0103 care utilizeaz\u0103 mai multe ingrediente cheie exclusive care hr\u0103nesc pielea \u0219i o las\u0103 radiant\u0103. Toate produsele sunt dezvoltate \u0219i fabricate \u00een propria \u00eentreprindere. Acest lucru ne permite s\u0103 oferim cea mai \u00eenalt\u0103 calitate, deoarece avem control complet de la idee p\u00e2n\u0103 la produsul finit. Atunci c\u00e2nd cre\u0103m produsele noastre, lu\u0103m \u00een considerare opiniile femeilor de v\u00e2rste diferite, care colaboreaz\u0103 cu noi \u0219i ne conduc spre crearea unor produse cosmetice de cea mai bun\u0103 calitate care le fac s\u0103 se simt\u0103 puternice. Suntem con\u0219tien\u021bi de c\u00e2t de important este pentru o persoan\u0103 s\u0103 se simt\u0103 bine \u00een propria piele, a\u0219a c\u0103 depunem tot efortul pentru a crea produse care v\u0103 vor ajuta s\u0103 atinge\u021bi o imagine de sine s\u0103n\u0103toas\u0103 \u0219i s\u0103 ie\u0219i\u021bi din dinamica &#8221;m\u0103 simt r\u0103u \u00een pielea mea&#8221;.<\/p>\n<p>Suntem convin\u0219i c\u0103 misiunea noastr\u0103 este de a trezi puterea \u0219i \u00eencrederea \u00een oricine \u2661<\/p>\n\t<div id=\"gap-927999568\" class=\"gap-element clearfix\" style=\"display:block; height:auto;\">\n\t\t\n<style>\n#gap-927999568 {\n  padding-top: 30px;\n}\n<\/style>\n\t<\/div>\n\t\n<h4>Informatiile Companiei:<\/h4>\n<p>GM WEB, trade and services d. o. o.<br \/>Brodi\u0161\u010de 28,<br \/>1236 Trzin, Slovenija<\/p>\n<h4>Cod de identificare TVA: 54700477<\/h4>\n<h4>Num\u0103r de \u00eenregistrare al companiei: 8632081000<\/h4>\n\t\t<\/div>\n\t\t\t\t\t<\/div>\n\n\t\n<\/div>\n\t\t<\/div>\n\n\t\t\n<style>\n#section_1454302765 {\n  padding-top: 100px;\n  padding-bottom: 100px;\n}\n#section_1454302765 .ux-shape-divider--top svg {\n  height: 150px;\n  --divider-top-width: 100%;\n}\n#section_1454302765 .ux-shape-divider--bottom svg {\n  height: 150px;\n  --divider-width: 100%;\n}\n<\/style>\n\t<\/section>\n\t\n","protected":false},"excerpt":{"rendered":"","protected":false},"author":1,"featured_media":0,"parent":0,"menu_order":0,"comment_status":"closed","ping_status":"closed","template":"page-blank.php","meta":{"footnotes":""},"class_list":["post-3458","page","type-page","status-publish","hentry"],"acf":[],"yoast_head":"<!-- This site is optimized with the Yoast SEO plugin v20.8 - https:\/\/yoast.com\/wordpress\/plugins\/seo\/ -->\n<title>About Tanzzo - Tanzzo<\/title>\n<meta name=\"description\" content=\"Tanzzo este un brand de cosmetice cu produse de bronzare de \u00eenalt\u0103 calitate. Sprijin\u0103 \u00eengrijirea de sine \u0219i \u00eengrijirea pielii femeilor.\" \/>\n<meta name=\"robots\" content=\"index, follow, max-snippet:-1, max-image-preview:large, max-video-preview:-1\" \/>\n<link rel=\"canonical\" href=\"https:\/\/tanzzo.com\/ro\/about-tanzzo\/\" \/>\n<meta property=\"og:locale\" content=\"ro_RO\" \/>\n<meta property=\"og:type\" content=\"article\" \/>\n<meta property=\"og:title\" content=\"About Tanzzo - Tanzzo\" \/>\n<meta property=\"og:description\" content=\"Tanzzo este un brand de cosmetice cu produse de bronzare de \u00eenalt\u0103 calitate. Sprijin\u0103 \u00eengrijirea de sine \u0219i \u00eengrijirea pielii femeilor.\" \/>\n<meta property=\"og:url\" content=\"https:\/\/tanzzo.com\/ro\/about-tanzzo\/\" \/>\n<meta property=\"og:site_name\" content=\"Tanzzo\" \/>\n<meta property=\"article:publisher\" content=\"https:\/\/www.facebook.com\/Tanzzzo\/\" \/>\n<meta property=\"article:modified_time\" content=\"2022-04-28T09:08:23+00:00\" \/>\n<meta name=\"twitter:card\" content=\"summary_large_image\" \/>\n<meta name=\"twitter:label1\" content=\"Timp estimat pentru citire\" \/>\n\t<meta name=\"twitter:data1\" content=\"2 minute\" \/>\n<script type=\"application\/ld+json\" class=\"yoast-schema-graph\">{\"@context\":\"https:\/\/schema.org\",\"@graph\":[{\"@type\":\"WebPage\",\"@id\":\"https:\/\/tanzzo.com\/ro\/about-tanzzo\/\",\"url\":\"https:\/\/tanzzo.com\/ro\/about-tanzzo\/\",\"name\":\"About Tanzzo - Tanzzo\",\"isPartOf\":{\"@id\":\"https:\/\/tanzzo.com\/ro\/#website\"},\"datePublished\":\"2022-04-13T09:23:59+00:00\",\"dateModified\":\"2022-04-28T09:08:23+00:00\",\"description\":\"Tanzzo este un brand de cosmetice cu produse de bronzare de \u00eenalt\u0103 calitate. Sprijin\u0103 \u00eengrijirea de sine \u0219i \u00eengrijirea pielii femeilor.\",\"breadcrumb\":{\"@id\":\"https:\/\/tanzzo.com\/ro\/about-tanzzo\/#breadcrumb\"},\"inLanguage\":\"ro-RO\",\"potentialAction\":[{\"@type\":\"ReadAction\",\"target\":[\"https:\/\/tanzzo.com\/ro\/about-tanzzo\/\"]}]},{\"@type\":\"BreadcrumbList\",\"@id\":\"https:\/\/tanzzo.com\/ro\/about-tanzzo\/#breadcrumb\",\"itemListElement\":[{\"@type\":\"ListItem\",\"position\":1,\"name\":\"Home\",\"item\":\"https:\/\/tanzzo.com\/ro\/\"},{\"@type\":\"ListItem\",\"position\":2,\"name\":\"About Tanzzo\"}]},{\"@type\":\"WebSite\",\"@id\":\"https:\/\/tanzzo.com\/ro\/#website\",\"url\":\"https:\/\/tanzzo.com\/ro\/\",\"name\":\"Tanzzo\",\"description\":\"GET YOUR PERFECT TAN\",\"publisher\":{\"@id\":\"https:\/\/tanzzo.com\/ro\/#organization\"},\"potentialAction\":[{\"@type\":\"SearchAction\",\"target\":{\"@type\":\"EntryPoint\",\"urlTemplate\":\"https:\/\/tanzzo.com\/ro\/?s={search_term_string}\"},\"query-input\":\"required name=search_term_string\"}],\"inLanguage\":\"ro-RO\"},{\"@type\":\"Organization\",\"@id\":\"https:\/\/tanzzo.com\/ro\/#organization\",\"name\":\"Tanzzo\",\"url\":\"https:\/\/tanzzo.com\/ro\/\",\"logo\":{\"@type\":\"ImageObject\",\"inLanguage\":\"ro-RO\",\"@id\":\"https:\/\/tanzzo.com\/ro\/#\/schema\/logo\/image\/\",\"url\":\"https:\/\/tanzzo.com\/wp-content\/uploads\/2021\/08\/tanzzo1.png\",\"contentUrl\":\"https:\/\/tanzzo.com\/wp-content\/uploads\/2021\/08\/tanzzo1.png\",\"width\":2560,\"height\":426,\"caption\":\"Tanzzo\"},\"image\":{\"@id\":\"https:\/\/tanzzo.com\/ro\/#\/schema\/logo\/image\/\"},\"sameAs\":[\"https:\/\/www.facebook.com\/Tanzzzo\/\",\"https:\/\/www.instagram.com\/tanzzo_original\/\"]}]}<\/script>\n<!-- \/ Yoast SEO plugin. -->","yoast_head_json":{"title":"About Tanzzo - Tanzzo","description":"Tanzzo este un brand de cosmetice cu produse de bronzare de \u00eenalt\u0103 calitate. Sprijin\u0103 \u00eengrijirea de sine \u0219i \u00eengrijirea pielii femeilor.","robots":{"index":"index","follow":"follow","max-snippet":"max-snippet:-1","max-image-preview":"max-image-preview:large","max-video-preview":"max-video-preview:-1"},"canonical":"https:\/\/tanzzo.com\/ro\/about-tanzzo\/","og_locale":"ro_RO","og_type":"article","og_title":"About Tanzzo - Tanzzo","og_description":"Tanzzo este un brand de cosmetice cu produse de bronzare de \u00eenalt\u0103 calitate. Sprijin\u0103 \u00eengrijirea de sine \u0219i \u00eengrijirea pielii femeilor.","og_url":"https:\/\/tanzzo.com\/ro\/about-tanzzo\/","og_site_name":"Tanzzo","article_publisher":"https:\/\/www.facebook.com\/Tanzzzo\/","article_modified_time":"2022-04-28T09:08:23+00:00","twitter_card":"summary_large_image","twitter_misc":{"Timp estimat pentru citire":"2 minute"},"schema":{"@context":"https:\/\/schema.org","@graph":[{"@type":"WebPage","@id":"https:\/\/tanzzo.com\/ro\/about-tanzzo\/","url":"https:\/\/tanzzo.com\/ro\/about-tanzzo\/","name":"About Tanzzo - Tanzzo","isPartOf":{"@id":"https:\/\/tanzzo.com\/ro\/#website"},"datePublished":"2022-04-13T09:23:59+00:00","dateModified":"2022-04-28T09:08:23+00:00","description":"Tanzzo este un brand de cosmetice cu produse de bronzare de \u00eenalt\u0103 calitate. Sprijin\u0103 \u00eengrijirea de sine \u0219i \u00eengrijirea pielii femeilor.","breadcrumb":{"@id":"https:\/\/tanzzo.com\/ro\/about-tanzzo\/#breadcrumb"},"inLanguage":"ro-RO","potentialAction":[{"@type":"ReadAction","target":["https:\/\/tanzzo.com\/ro\/about-tanzzo\/"]}]},{"@type":"BreadcrumbList","@id":"https:\/\/tanzzo.com\/ro\/about-tanzzo\/#breadcrumb","itemListElement":[{"@type":"ListItem","position":1,"name":"Home","item":"https:\/\/tanzzo.com\/ro\/"},{"@type":"ListItem","position":2,"name":"About Tanzzo"}]},{"@type":"WebSite","@id":"https:\/\/tanzzo.com\/ro\/#website","url":"https:\/\/tanzzo.com\/ro\/","name":"Tanzzo","description":"GET YOUR PERFECT TAN","publisher":{"@id":"https:\/\/tanzzo.com\/ro\/#organization"},"potentialAction":[{"@type":"SearchAction","target":{"@type":"EntryPoint","urlTemplate":"https:\/\/tanzzo.com\/ro\/?s={search_term_string}"},"query-input":"required name=search_term_string"}],"inLanguage":"ro-RO"},{"@type":"Organization","@id":"https:\/\/tanzzo.com\/ro\/#organization","name":"Tanzzo","url":"https:\/\/tanzzo.com\/ro\/","logo":{"@type":"ImageObject","inLanguage":"ro-RO","@id":"https:\/\/tanzzo.com\/ro\/#\/schema\/logo\/image\/","url":"https:\/\/tanzzo.com\/wp-content\/uploads\/2021\/08\/tanzzo1.png","contentUrl":"https:\/\/tanzzo.com\/wp-content\/uploads\/2021\/08\/tanzzo1.png","width":2560,"height":426,"caption":"Tanzzo"},"image":{"@id":"https:\/\/tanzzo.com\/ro\/#\/schema\/logo\/image\/"},"sameAs":["https:\/\/www.facebook.com\/Tanzzzo\/","https:\/\/www.instagram.com\/tanzzo_original\/"]}]}},"_links":{"self":[{"href":"https:\/\/tanzzo.com\/ro\/wp-json\/wp\/v2\/pages\/3458","targetHints":{"allow":["GET"]}}],"collection":[{"href":"https:\/\/tanzzo.com\/ro\/wp-json\/wp\/v2\/pages"}],"about":[{"href":"https:\/\/tanzzo.com\/ro\/wp-json\/wp\/v2\/types\/page"}],"author":[{"embeddable":true,"href":"https:\/\/tanzzo.com\/ro\/wp-json\/wp\/v2\/users\/1"}],"replies":[{"embeddable":true,"href":"https:\/\/tanzzo.com\/ro\/wp-json\/wp\/v2\/comments?post=3458"}],"version-history":[{"count":4,"href":"https:\/\/tanzzo.com\/ro\/wp-json\/wp\/v2\/pages\/3458\/revisions"}],"predecessor-version":[{"id":5736,"href":"https:\/\/tanzzo.com\/ro\/wp-json\/wp\/v2\/pages\/3458\/revisions\/5736"}],"wp:attachment":[{"href":"https:\/\/tanzzo.com\/ro\/wp-json\/wp\/v2\/media?parent=3458"}],"curies":[{"name":"wp","href":"https:\/\/api.w.org\/{rel}","templated":true}]}}