
{"id":8310,"date":"2022-06-16T12:59:57","date_gmt":"2022-06-16T10:59:57","guid":{"rendered":"https:\/\/tanzzo.com\/?post_type=product&#038;p=8310"},"modified":"2023-03-23T15:00:26","modified_gmt":"2023-03-23T13:00:26","slug":"tanning-cream-after-sun","status":"publish","type":"product","link":"https:\/\/tanzzo.com\/pl\/product\/tanning-cream-after-sun\/","title":{"rendered":"Krem do szybszego opalania &#8211; 200ml"},"content":{"rendered":"<div class=\"row row-collapse row-full-width\"  id=\"row-2075592778\">\n\n\t<div id=\"col-1677949133\" class=\"col small-12 large-12\"  >\n\t\t\t\t<div class=\"col-inner\"  >\n\t\t\t\n\t\t\t\n<div class=\"row row-collapse row-full-width align-middle\"  id=\"row-988420566\">\n\n\t<div id=\"col-1745429983\" class=\"col medium-6 small-12 large-8\"  >\n\t\t\t\t<div class=\"col-inner\"  >\n\t\t\t\n\t\t\t\n\n  <div class=\"banner has-hover\" id=\"banner-1181038716\">\n          <div class=\"banner-inner fill\">\n        <div class=\"banner-bg fill\" >\n            <div class=\"bg fill bg-fill \"><\/div>\n                                    \n                    <\/div>\n\t\t\n        <div class=\"banner-layers container\">\n            <div class=\"fill banner-link\"><\/div>            \n        <\/div>\n      <\/div>\n\n            \n<style>\n#banner-1181038716 {\n  padding-top: 200px;\n  background-color: rgb(245, 245, 245);\n}\n#banner-1181038716 .bg.bg-loaded {\n  background-image: url(https:\/\/tanzzo.com\/wp-content\/uploads\/2022\/04\/DSC_2873_20-_20new-1400x575.jpg);\n}\n#banner-1181038716 .bg {\n  background-position: 83% 66%;\n}\n#banner-1181038716 .ux-shape-divider--top svg {\n  height: 150px;\n  --divider-top-width: 100%;\n}\n#banner-1181038716 .ux-shape-divider--bottom svg {\n  height: 150px;\n  --divider-width: 100%;\n}\n@media (min-width:550px) {\n  #banner-1181038716 {\n    padding-top: 460px;\n  }\n}\n<\/style>\n  <\/div>\n\n\n\t\t<\/div>\n\t\t\t\t\t<\/div>\n\n\t\n\n\t<div id=\"col-543159226\" class=\"col pb-0 medium-6 small-12 large-4\"  >\n\t\t\t\t<div class=\"col-inner\"  >\n\t\t\t\n\t\t\t\n<div class=\"row row-collapse\"  id=\"row-503670987\">\n\n\t<div id=\"col-1319944739\" class=\"col pb-0 large-12\"  >\n\t\t\t\t<div class=\"col-inner text-left\" style=\"background-color:rgb(255,255,255);\" >\n\t\t\t\n\t\t\t\n<ul class=\"orange-dots\">\n<li>Szybkie opalanie<\/li>\n<li>Od\u017cywczy i nawil\u017caj\u0105cy<\/li>\n<li>Utrzymanie pi\u0119knej opalenizny przez d\u0142u\u017cszy czas<\/li>\n<li>Szybko wch\u0142ania si\u0119 w sk\u00f3r\u0119 i nie pozostawia plam<\/li>\n<li>Nadaje blasku sk\u00f3rze<\/li>\n<li>Tropikalnie uwodzicielski zapach<\/li>\n<\/ul>\n\t<div id=\"gap-1624054260\" class=\"gap-element clearfix\" style=\"display:block; height:auto;\">\n\t\t\n<style>\n#gap-1624054260 {\n  padding-top: 30px;\n}\n<\/style>\n\t<\/div>\n\t\n<a href=\"#price-box-container\" target=\"_self\" class=\"button primary is-large\"  >\n    <span>KUP TERAZ<\/span>\n  <\/a>\n\n\t\t<\/div>\n\t\t\t\t\n<style>\n#col-1319944739 > .col-inner {\n  margin: 0px 0px 0px 0px;\n}\n@media (min-width:550px) {\n  #col-1319944739 > .col-inner {\n    margin: 0px 0px 0px -30px;\n  }\n}\n@media (min-width:850px) {\n  #col-1319944739 > .col-inner {\n    margin: 0px 30px 0px -30px;\n  }\n}\n<\/style>\n\t<\/div>\n\n\t\n\n<style>\n#row-503670987 > .col > .col-inner {\n  padding: 20px 20px 20px 20px;\n}\n@media (min-width:550px) {\n  #row-503670987 > .col > .col-inner {\n    padding: 40px 40px 40px 40px;\n  }\n}\n<\/style>\n<\/div>\n\t\t<\/div>\n\t\t\t\t\t<\/div>\n\n\t\n<\/div>\n\t\t<\/div>\n\t\t\t\t\t<\/div>\n\n\t\n\n<style>\n#row-2075592778 > .col > .col-inner {\n  background-color: rgb(245, 245, 245);\n}\n<\/style>\n<\/div>\n\n","protected":false},"excerpt":{"rendered":"<p>TANZZO sprawi, \u017ce b\u0119dziesz b\u0142yszcze\u0107 jak nigdy dot\u0105d! Zosta\u0142 opracowany specjalnie po to, aby znacznie przyspieszy\u0107 Tw\u00f3j naturalny proces opalania. Wybrane wysokiej jako\u015bci sk\u0142adniki zapewni\u0105 Twojej sk\u00f3rze r\u00f3wnie\u017c substancje od\u017cywcze potrzebne do jej piel\u0119gnacji i zdrowego wygl\u0105du.<\/p>\n<ul class=\"orange-dots\">\n<li><b>Uzyskaj bardzo szybko pi\u0119kn\u0105, naturaln\u0105 opalenizn\u0119<\/b><\/li>\n<li><strong>Oferuje sk\u00f3rze niezb\u0119dne nawil\u017cenie i ochron\u0119<\/strong><\/li>\n<li><strong>Cudowny tropikalny zapach, kt\u00f3ry zrobi na Tobie wra\u017cenie!<\/strong><\/li>\n<li><strong>Szybko wch\u0142ania si\u0119 w sk\u00f3r\u0119 i nie pozostawia \u017cadnych \u015blad\u00f3w<\/strong><\/li>\n<li><strong>Utrzymuje pi\u0119kn\u0105 opalenizn\u0119 przez d\u0142u\u017cszy czas<\/strong><\/li>\n<\/ul>\n","protected":false},"featured_media":8409,"template":"","meta":[],"product_cat":[189],"product_tag":[],"class_list":["post-8310","product","type-product","status-publish","has-post-thumbnail","hentry","product_cat-uncategorized-pl"],"acf":[],"yoast_head":"<!-- This site is optimized with the Yoast SEO plugin v20.8 - https:\/\/yoast.com\/wordpress\/plugins\/seo\/ -->\n<title>Krem do szybszego opalania - 200ml - Tanzzo<\/title>\n<meta name=\"description\" content=\"Tanzzo Tanning Cream zapewnia szybsze i bardziej intensywne opalanie, jednocze\u015bnie dostarczaj\u0105c sk\u00f3rze sk\u0142adnik\u00f3w od\u017cywczych i nawil\u017cenia.\" \/>\n<meta name=\"robots\" content=\"index, follow, max-snippet:-1, max-image-preview:large, max-video-preview:-1\" \/>\n<link rel=\"canonical\" href=\"https:\/\/tanzzo.com\/pl\/product\/tanning-cream-after-sun\/\" \/>\n<meta property=\"og:locale\" content=\"pl_PL\" \/>\n<meta property=\"og:type\" content=\"article\" \/>\n<meta property=\"og:title\" content=\"Krem do szybszego opalania - 200ml - Tanzzo\" \/>\n<meta property=\"og:description\" content=\"Tanzzo Tanning Cream zapewnia szybsze i bardziej intensywne opalanie, jednocze\u015bnie dostarczaj\u0105c sk\u00f3rze sk\u0142adnik\u00f3w od\u017cywczych i nawil\u017cenia.\" \/>\n<meta property=\"og:url\" content=\"https:\/\/tanzzo.com\/pl\/product\/tanning-cream-after-sun\/\" \/>\n<meta property=\"og:site_name\" content=\"Tanzzo\" \/>\n<meta property=\"article:publisher\" content=\"https:\/\/www.facebook.com\/Tanzzzo\/\" \/>\n<meta property=\"article:modified_time\" content=\"2023-03-23T13:00:26+00:00\" \/>\n<meta property=\"og:image\" content=\"https:\/\/tanzzo.com\/wp-content\/uploads\/2022\/06\/pl-after-sun.png\" \/>\n\t<meta property=\"og:image:width\" content=\"1080\" \/>\n\t<meta property=\"og:image:height\" content=\"1080\" \/>\n\t<meta property=\"og:image:type\" content=\"image\/png\" \/>\n<meta name=\"twitter:card\" content=\"summary_large_image\" \/>\n<meta name=\"twitter:label1\" content=\"Szacowany czas czytania\" \/>\n\t<meta name=\"twitter:data1\" content=\"2 minuty\" \/>\n<script type=\"application\/ld+json\" class=\"yoast-schema-graph\">{\"@context\":\"https:\/\/schema.org\",\"@graph\":[{\"@type\":\"WebPage\",\"@id\":\"https:\/\/tanzzo.com\/pl\/product\/tanning-cream-after-sun\/\",\"url\":\"https:\/\/tanzzo.com\/pl\/product\/tanning-cream-after-sun\/\",\"name\":\"Krem do szybszego opalania - 200ml - Tanzzo\",\"isPartOf\":{\"@id\":\"https:\/\/tanzzo.com\/pl\/#website\"},\"datePublished\":\"2022-06-16T10:59:57+00:00\",\"dateModified\":\"2023-03-23T13:00:26+00:00\",\"description\":\"Tanzzo Tanning Cream zapewnia szybsze i bardziej intensywne opalanie, jednocze\u015bnie dostarczaj\u0105c sk\u00f3rze sk\u0142adnik\u00f3w od\u017cywczych i nawil\u017cenia.\",\"breadcrumb\":{\"@id\":\"https:\/\/tanzzo.com\/pl\/product\/tanning-cream-after-sun\/#breadcrumb\"},\"inLanguage\":\"pl-PL\",\"potentialAction\":[{\"@type\":\"ReadAction\",\"target\":[\"https:\/\/tanzzo.com\/pl\/product\/tanning-cream-after-sun\/\"]}]},{\"@type\":\"BreadcrumbList\",\"@id\":\"https:\/\/tanzzo.com\/pl\/product\/tanning-cream-after-sun\/#breadcrumb\",\"itemListElement\":[{\"@type\":\"ListItem\",\"position\":1,\"name\":\"Home\",\"item\":\"https:\/\/tanzzo.com\/pl\/\"},{\"@type\":\"ListItem\",\"position\":2,\"name\":\"Sklep\",\"item\":\"https:\/\/tanzzo.com\/pl\/sklep\/\"},{\"@type\":\"ListItem\",\"position\":3,\"name\":\"Krem do szybszego opalania &#8211; 200ml\"}]},{\"@type\":\"WebSite\",\"@id\":\"https:\/\/tanzzo.com\/pl\/#website\",\"url\":\"https:\/\/tanzzo.com\/pl\/\",\"name\":\"Tanzzo\",\"description\":\"GET YOUR PERFECT TAN\",\"publisher\":{\"@id\":\"https:\/\/tanzzo.com\/pl\/#organization\"},\"potentialAction\":[{\"@type\":\"SearchAction\",\"target\":{\"@type\":\"EntryPoint\",\"urlTemplate\":\"https:\/\/tanzzo.com\/pl\/?s={search_term_string}\"},\"query-input\":\"required name=search_term_string\"}],\"inLanguage\":\"pl-PL\"},{\"@type\":\"Organization\",\"@id\":\"https:\/\/tanzzo.com\/pl\/#organization\",\"name\":\"Tanzzo\",\"url\":\"https:\/\/tanzzo.com\/pl\/\",\"logo\":{\"@type\":\"ImageObject\",\"inLanguage\":\"pl-PL\",\"@id\":\"https:\/\/tanzzo.com\/pl\/#\/schema\/logo\/image\/\",\"url\":\"https:\/\/tanzzo.com\/wp-content\/uploads\/2021\/08\/tanzzo1.png\",\"contentUrl\":\"https:\/\/tanzzo.com\/wp-content\/uploads\/2021\/08\/tanzzo1.png\",\"width\":2560,\"height\":426,\"caption\":\"Tanzzo\"},\"image\":{\"@id\":\"https:\/\/tanzzo.com\/pl\/#\/schema\/logo\/image\/\"},\"sameAs\":[\"https:\/\/www.facebook.com\/Tanzzzo\/\",\"https:\/\/www.instagram.com\/tanzzo_original\/\"]}]}<\/script>\n<!-- \/ Yoast SEO plugin. -->","yoast_head_json":{"title":"Krem do szybszego opalania - 200ml - Tanzzo","description":"Tanzzo Tanning Cream zapewnia szybsze i bardziej intensywne opalanie, jednocze\u015bnie dostarczaj\u0105c sk\u00f3rze sk\u0142adnik\u00f3w od\u017cywczych i nawil\u017cenia.","robots":{"index":"index","follow":"follow","max-snippet":"max-snippet:-1","max-image-preview":"max-image-preview:large","max-video-preview":"max-video-preview:-1"},"canonical":"https:\/\/tanzzo.com\/pl\/product\/tanning-cream-after-sun\/","og_locale":"pl_PL","og_type":"article","og_title":"Krem do szybszego opalania - 200ml - Tanzzo","og_description":"Tanzzo Tanning Cream zapewnia szybsze i bardziej intensywne opalanie, jednocze\u015bnie dostarczaj\u0105c sk\u00f3rze sk\u0142adnik\u00f3w od\u017cywczych i nawil\u017cenia.","og_url":"https:\/\/tanzzo.com\/pl\/product\/tanning-cream-after-sun\/","og_site_name":"Tanzzo","article_publisher":"https:\/\/www.facebook.com\/Tanzzzo\/","article_modified_time":"2023-03-23T13:00:26+00:00","og_image":[{"width":1080,"height":1080,"url":"https:\/\/tanzzo.com\/wp-content\/uploads\/2022\/06\/pl-after-sun.png","type":"image\/png"}],"twitter_card":"summary_large_image","twitter_misc":{"Szacowany czas czytania":"2 minuty"},"schema":{"@context":"https:\/\/schema.org","@graph":[{"@type":"WebPage","@id":"https:\/\/tanzzo.com\/pl\/product\/tanning-cream-after-sun\/","url":"https:\/\/tanzzo.com\/pl\/product\/tanning-cream-after-sun\/","name":"Krem do szybszego opalania - 200ml - Tanzzo","isPartOf":{"@id":"https:\/\/tanzzo.com\/pl\/#website"},"datePublished":"2022-06-16T10:59:57+00:00","dateModified":"2023-03-23T13:00:26+00:00","description":"Tanzzo Tanning Cream zapewnia szybsze i bardziej intensywne opalanie, jednocze\u015bnie dostarczaj\u0105c sk\u00f3rze sk\u0142adnik\u00f3w od\u017cywczych i nawil\u017cenia.","breadcrumb":{"@id":"https:\/\/tanzzo.com\/pl\/product\/tanning-cream-after-sun\/#breadcrumb"},"inLanguage":"pl-PL","potentialAction":[{"@type":"ReadAction","target":["https:\/\/tanzzo.com\/pl\/product\/tanning-cream-after-sun\/"]}]},{"@type":"BreadcrumbList","@id":"https:\/\/tanzzo.com\/pl\/product\/tanning-cream-after-sun\/#breadcrumb","itemListElement":[{"@type":"ListItem","position":1,"name":"Home","item":"https:\/\/tanzzo.com\/pl\/"},{"@type":"ListItem","position":2,"name":"Sklep","item":"https:\/\/tanzzo.com\/pl\/sklep\/"},{"@type":"ListItem","position":3,"name":"Krem do szybszego opalania &#8211; 200ml"}]},{"@type":"WebSite","@id":"https:\/\/tanzzo.com\/pl\/#website","url":"https:\/\/tanzzo.com\/pl\/","name":"Tanzzo","description":"GET YOUR PERFECT TAN","publisher":{"@id":"https:\/\/tanzzo.com\/pl\/#organization"},"potentialAction":[{"@type":"SearchAction","target":{"@type":"EntryPoint","urlTemplate":"https:\/\/tanzzo.com\/pl\/?s={search_term_string}"},"query-input":"required name=search_term_string"}],"inLanguage":"pl-PL"},{"@type":"Organization","@id":"https:\/\/tanzzo.com\/pl\/#organization","name":"Tanzzo","url":"https:\/\/tanzzo.com\/pl\/","logo":{"@type":"ImageObject","inLanguage":"pl-PL","@id":"https:\/\/tanzzo.com\/pl\/#\/schema\/logo\/image\/","url":"https:\/\/tanzzo.com\/wp-content\/uploads\/2021\/08\/tanzzo1.png","contentUrl":"https:\/\/tanzzo.com\/wp-content\/uploads\/2021\/08\/tanzzo1.png","width":2560,"height":426,"caption":"Tanzzo"},"image":{"@id":"https:\/\/tanzzo.com\/pl\/#\/schema\/logo\/image\/"},"sameAs":["https:\/\/www.facebook.com\/Tanzzzo\/","https:\/\/www.instagram.com\/tanzzo_original\/"]}]}},"_links":{"self":[{"href":"https:\/\/tanzzo.com\/pl\/wp-json\/wp\/v2\/product\/8310","targetHints":{"allow":["GET"]}}],"collection":[{"href":"https:\/\/tanzzo.com\/pl\/wp-json\/wp\/v2\/product"}],"about":[{"href":"https:\/\/tanzzo.com\/pl\/wp-json\/wp\/v2\/types\/product"}],"wp:featuredmedia":[{"embeddable":true,"href":"https:\/\/tanzzo.com\/pl\/wp-json\/wp\/v2\/media\/8409"}],"wp:attachment":[{"href":"https:\/\/tanzzo.com\/pl\/wp-json\/wp\/v2\/media?parent=8310"}],"wp:term":[{"taxonomy":"product_cat","embeddable":true,"href":"https:\/\/tanzzo.com\/pl\/wp-json\/wp\/v2\/product_cat?post=8310"},{"taxonomy":"product_tag","embeddable":true,"href":"https:\/\/tanzzo.com\/pl\/wp-json\/wp\/v2\/product_tag?post=8310"}],"curies":[{"name":"wp","href":"https:\/\/api.w.org\/{rel}","templated":true}]}}