
{"id":7226,"date":"2022-06-06T13:37:51","date_gmt":"2022-06-06T11:37:51","guid":{"rendered":"https:\/\/tanzzo.com\/?post_type=product&#038;p=7226"},"modified":"2023-04-14T16:13:13","modified_gmt":"2023-04-14T14:13:13","slug":"tanning-cream-2","status":"publish","type":"product","link":"https:\/\/tanzzo.com\/pl\/product\/tanning-cream-2\/","title":{"rendered":"Krem do szybszego opalania &#8211; 200ml"},"content":{"rendered":"<div class=\"row row-collapse row-full-width\"  id=\"row-1676408649\">\n\n\t<div id=\"col-1590640303\" class=\"col small-12 large-12\"  >\n\t\t\t\t<div class=\"col-inner\"  >\n\t\t\t\n\t\t\t\n<div class=\"row row-collapse row-full-width align-middle\"  id=\"row-1426663310\">\n\n\t<div id=\"col-1857041019\" class=\"col medium-6 small-12 large-8\"  >\n\t\t\t\t<div class=\"col-inner\"  >\n\t\t\t\n\t\t\t\n\n  <div class=\"banner has-hover\" id=\"banner-820205046\">\n          <div class=\"banner-inner fill\">\n        <div class=\"banner-bg fill\" >\n            <div class=\"bg fill bg-fill \"><\/div>\n                                    \n                    <\/div>\n\t\t\n        <div class=\"banner-layers container\">\n            <div class=\"fill banner-link\"><\/div>            \n        <\/div>\n      <\/div>\n\n            \n<style>\n#banner-820205046 {\n  padding-top: 200px;\n  background-color: rgb(245, 245, 245);\n}\n#banner-820205046 .bg.bg-loaded {\n  background-image: url(https:\/\/tanzzo.com\/wp-content\/uploads\/2022\/04\/DSC_2873_20-_20new-1400x575.jpg);\n}\n#banner-820205046 .bg {\n  background-position: 83% 66%;\n}\n#banner-820205046 .ux-shape-divider--top svg {\n  height: 150px;\n  --divider-top-width: 100%;\n}\n#banner-820205046 .ux-shape-divider--bottom svg {\n  height: 150px;\n  --divider-width: 100%;\n}\n@media (min-width:550px) {\n  #banner-820205046 {\n    padding-top: 460px;\n  }\n}\n<\/style>\n  <\/div>\n\n\n\t\t<\/div>\n\t\t\t\t\t<\/div>\n\n\t\n\n\t<div id=\"col-1443368869\" class=\"col pb-0 medium-6 small-12 large-4\"  >\n\t\t\t\t<div class=\"col-inner\"  >\n\t\t\t\n\t\t\t\n<div class=\"row row-collapse\"  id=\"row-1001821162\">\n\n\t<div id=\"col-1467228754\" class=\"col pb-0 large-12\"  >\n\t\t\t\t<div class=\"col-inner text-left\" style=\"background-color:rgb(255,255,255);\" >\n\t\t\t\n\t\t\t\n<ul class=\"orange-dots\">\n<li>Rapid tanning<\/li>\n<li>Nourishing and moisturizing<\/li>\n<li>Maintaining a beautiful tan for a longer time<\/li>\n<li>Absorbing quickly into the skin and leaving no stains<\/li>\n<li>Light touch on the skin<\/li>\n<li>Tropically seductive smell<\/li>\n<\/ul>\n<a href=\"#price-box-container\" target=\"_self\" class=\"button primary is-large\"  >\n    <span>BUY NOW<\/span>\n  <\/a>\n\n\t\t<\/div>\n\t\t\t\t\n<style>\n#col-1467228754 > .col-inner {\n  margin: 0px 0px 0px 0px;\n}\n@media (min-width:550px) {\n  #col-1467228754 > .col-inner {\n    margin: 0px 0px 0px -30px;\n  }\n}\n@media (min-width:850px) {\n  #col-1467228754 > .col-inner {\n    margin: 0px 30px 0px -30px;\n  }\n}\n<\/style>\n\t<\/div>\n\n\t\n\n<style>\n#row-1001821162 > .col > .col-inner {\n  padding: 20px 20px 20px 20px;\n}\n@media (min-width:550px) {\n  #row-1001821162 > .col > .col-inner {\n    padding: 40px 40px 40px 40px;\n  }\n}\n<\/style>\n<\/div>\n\t\t<\/div>\n\t\t\t\t\t<\/div>\n\n\t\n<\/div>\n\t\t<\/div>\n\t\t\t\t\t<\/div>\n\n\t\n\n<style>\n#row-1676408649 > .col > .col-inner {\n  background-color: rgb(245, 245, 245);\n}\n<\/style>\n<\/div>\n\t<div id=\"gap-1668236600\" class=\"gap-element clearfix\" style=\"display:block; height:auto;\">\n\t\t\n<style>\n#gap-1668236600 {\n  padding-top: 30px;\n}\n@media (min-width:550px) {\n  #gap-1668236600 {\n    padding-top: 60px;\n  }\n}\n<\/style>\n\t<\/div>\n\t\n\t<section class=\"section product-reviews\" id=\"section_1422978735\">\n\t\t<div class=\"bg section-bg fill bg-fill  bg-loaded\" >\n\n\t\t\t\n\t\t\t\n\t\t\t\n\n\t\t<\/div>\n\n\t\t\n\n\t\t<div class=\"section-content relative\">\n\t\t\t\n<div class=\"row rvs\"  id=\"row-2031468892\">\n\n\t<div id=\"col-640246216\" class=\"col small-12 large-12\"  >\n\t\t\t\t<div class=\"col-inner\"  >\n\t\t\t\n\t\t\t\n<div class=\"row row-collapse\"  id=\"row-62313250\">\n\n\t<div id=\"col-785261591\" class=\"col medium-3 small-12 large-3\"  >\n\t\t\t\t<div class=\"col-inner\"  >\n\t\t\t\n\t\t\t\n<div class=\"is-divider divider clearfix\" style=\"margin-top:2em;margin-bottom:2em;max-width:100%;height:1px;background-color:rgb(0, 0, 0);\"><\/div>\n\t\t<\/div>\n\t\t\t\t\t<\/div>\n\n\t\n\n\t<div id=\"col-289786847\" class=\"col medium-6 small-12 large-6\"  >\n\t\t\t\t<div class=\"col-inner\"  >\n\t\t\t\n\t\t\t\n\t<div id=\"text-3007116485\" class=\"text\">\n\t\t\n<h2>Opinie klient\u00f3w<\/h2>\n\t\t\n<style>\n#text-3007116485 {\n  font-size: 1.6rem;\n  text-align: center;\n}\n<\/style>\n\t<\/div>\n\t\n\t\t<\/div>\n\t\t\t\t\t<\/div>\n\n\t\n\n\t<div id=\"col-505989590\" class=\"col medium-3 small-12 large-3\"  >\n\t\t\t\t<div class=\"col-inner\"  >\n\t\t\t\n\t\t\t\n<div class=\"is-divider divider clearfix\" style=\"margin-top:2em;margin-bottom:2em;max-width:100%;height:1px;background-color:rgb(0, 0, 0);\"><\/div>\n\t\t<\/div>\n\t\t\t\t\t<\/div>\n\n\t\n<\/div>\n\t<div id=\"gap-2133471751\" class=\"gap-element clearfix\" style=\"display:block; height:auto;\">\n\t\t\n<style>\n#gap-2133471751 {\n  padding-top: 30px;\n}\n<\/style>\n\t<\/div>\n\t\n\t\t<\/div>\n\t\t\t\t\t<\/div>\n\n\t\n\n\t<div id=\"col-617832727\" class=\"col small-12 large-12\"  >\n\t\t\t\t<div class=\"col-inner\"  >\n\t\t\t\n\t\t\t\n<div class=\"row row-collapse align-bottom\"  id=\"row-1065468992\">\n\n\t<div id=\"col-1875323433\" class=\"col medium-4 small-6 large-4\"  >\n\t\t\t\t<div class=\"col-inner\"  >\n\t\t\t\n\t\t\t\n\t<div id=\"text-1176841707\" class=\"text\">\n\t\t\n<div style=\"font-family: Light\">4.6 <span class=\"star-rating custom-rating\"><span style=\"width:92%\"><strong class=\"rating\"><\/strong><\/span><\/span><\/div><style>.float-left > .star-rating span:before, .float-left > .star-rating:before{ color: #f99c2e !important; }<\/style>\n\t\t\n<style>\n#text-1176841707 {\n  font-size: 1.5rem;\n}\n@media (min-width:550px) {\n  #text-1176841707 {\n    font-size: 2rem;\n  }\n}\n<\/style>\n\t<\/div>\n\t\n\t\t<\/div>\n\t\t\t\t\t<\/div>\n\n\t\n\n\t<div id=\"col-1150987561\" class=\"col hide-for-small medium-4 small-12 large-4\"  >\n\t\t\t\t<div class=\"col-inner\"  >\n\t\t\t\n\t\t\t\n\t\t<\/div>\n\t\t\t\t\t<\/div>\n\n\t\n\n\t<div id=\"col-2094551491\" class=\"col medium-4 small-6 large-4\"  >\n\t\t\t\t<div class=\"col-inner text-right\"  >\n\t\t\t\n\t\t\t\n\t<div id=\"text-3365146777\" class=\"text\">\n\t\t\n<span style=\"font-family: Light\">264 Reviews<\/span>\n\t\t\n<style>\n#text-3365146777 {\n  font-size: 1.2rem;\n}\n@media (min-width:550px) {\n  #text-3365146777 {\n    font-size: 1.5rem;\n  }\n}\n<\/style>\n\t<\/div>\n\t\n\t\t<\/div>\n\t\t\t\t\t<\/div>\n\n\t\n<\/div>\n\t<div id=\"gap-924441969\" class=\"gap-element clearfix\" style=\"display:block; height:auto;\">\n\t\t\n<style>\n#gap-924441969 {\n  padding-top: 10px;\n}\n@media (min-width:550px) {\n  #gap-924441969 {\n    padding-top: 30px;\n  }\n}\n<\/style>\n\t<\/div>\n\t\n\t\t<\/div>\n\t\t\t\t\t<\/div>\n\n\t\n\n\t<div id=\"col-170381830\" class=\"col small-12 large-12\"  >\n\t\t\t\t<div class=\"col-inner\"  >\n\t\t\t\n\t\t\t\n  <div class=\"icon-box testimonial-box icon-box-left text-left\">\n                <div class=\"icon-box-img testimonial-image circle\" style=\"width: 120px\">\n              <img loading=\"lazy\" decoding=\"async\" width=\"280\" height=\"280\" src=\"https:\/\/tanzzo.com\/wp-content\/uploads\/2021\/08\/Instagram-4-280x280.png\" class=\"attachment-thumbnail size-thumbnail\" alt=\"\" srcset=\"https:\/\/tanzzo.com\/wp-content\/uploads\/2021\/08\/Instagram-4-280x280.png 280w, https:\/\/tanzzo.com\/wp-content\/uploads\/2021\/08\/Instagram-4-100x100.png 100w, https:\/\/tanzzo.com\/wp-content\/uploads\/2021\/08\/Instagram-4.png 343w\" sizes=\"auto, (max-width: 280px) 100vw, 280px\" \/>        <\/div>\n                <div class=\"icon-box-text p-last-0\">\n          <div class=\"star-rating\"><span style=\"width:100%\"><strong class=\"rating\"><\/strong><\/span><\/div>  \t\t\t\t<div class=\"testimonial-text line-height-small italic test_text first-reset last-reset is-italic\">\n            \n<h3>Cathrine M. USA<\/h3>\n<p>I&#8217;ve tried many tanning creams and this\u00a0one is for sure the best one. Great results\u00a0and not to mention the smell. So good!<\/p>\n          <\/div>\n          <div class=\"testimonial-meta pt-half\">\n             <strong class=\"testimonial-name test_name\"><\/strong>\n                          <span class=\"testimonial-company test_company\"><\/span>\n          <\/div>\n        <\/div>\n  <\/div>\n\n  \n  <div class=\"icon-box testimonial-box icon-box-left text-left\">\n                <div class=\"icon-box-img testimonial-image circle\" style=\"width: 120px\">\n              <img loading=\"lazy\" decoding=\"async\" width=\"280\" height=\"280\" src=\"https:\/\/tanzzo.com\/wp-content\/uploads\/2022\/04\/smile-portrait-face-person-people-human-280x280.webp\" class=\"attachment-thumbnail size-thumbnail\" alt=\"\" srcset=\"https:\/\/tanzzo.com\/wp-content\/uploads\/2022\/04\/smile-portrait-face-person-people-human-280x280.webp 280w, https:\/\/tanzzo.com\/wp-content\/uploads\/2022\/04\/smile-portrait-face-person-people-human-100x100.webp 100w\" sizes=\"auto, (max-width: 280px) 100vw, 280px\" \/>        <\/div>\n                <div class=\"icon-box-text p-last-0\">\n          <div class=\"star-rating\"><span style=\"width:100%\"><strong class=\"rating\"><\/strong><\/span><\/div>  \t\t\t\t<div class=\"testimonial-text line-height-small italic test_text first-reset last-reset is-italic\">\n            \n<h3>Dolly E. USA<\/h3>\n<p>I just got Tanning cream and After Sun Cream and I can not wait to\u00a0try them. The smell is amazing!<\/p>\n          <\/div>\n          <div class=\"testimonial-meta pt-half\">\n             <strong class=\"testimonial-name test_name\"><\/strong>\n                          <span class=\"testimonial-company test_company\"><\/span>\n          <\/div>\n        <\/div>\n  <\/div>\n\n  \n  <div class=\"icon-box testimonial-box icon-box-left text-left\">\n                <div class=\"icon-box-img testimonial-image circle\" style=\"width: 120px\">\n              <img loading=\"lazy\" decoding=\"async\" width=\"166\" height=\"166\" src=\"https:\/\/tanzzo.com\/wp-content\/uploads\/2022\/04\/pexels-davide-de-giovanni-5762469-2@2x.png\" class=\"attachment-thumbnail size-thumbnail\" alt=\"\" srcset=\"https:\/\/tanzzo.com\/wp-content\/uploads\/2022\/04\/pexels-davide-de-giovanni-5762469-2@2x.png 166w, https:\/\/tanzzo.com\/wp-content\/uploads\/2022\/04\/pexels-davide-de-giovanni-5762469-2@2x-100x100.png 100w\" sizes=\"auto, (max-width: 166px) 100vw, 166px\" \/>        <\/div>\n                <div class=\"icon-box-text p-last-0\">\n          <div class=\"star-rating\"><span style=\"width:100%\"><strong class=\"rating\"><\/strong><\/span><\/div>  \t\t\t\t<div class=\"testimonial-text line-height-small italic test_text first-reset last-reset is-italic\">\n            \n<h3>Amanda D. USA<\/h3>\n<p>After sun exposure I look like a tomato.\u00a0My skin burns and peels like an onion. After Sun Cream really calms down my skin!<\/p>\n          <\/div>\n          <div class=\"testimonial-meta pt-half\">\n             <strong class=\"testimonial-name test_name\"><\/strong>\n                          <span class=\"testimonial-company test_company\"><\/span>\n          <\/div>\n        <\/div>\n  <\/div>\n\n  \n  <div class=\"icon-box testimonial-box icon-box-left text-left\">\n                <div class=\"icon-box-img testimonial-image circle\" style=\"width: 120px\">\n              <img loading=\"lazy\" decoding=\"async\" width=\"280\" height=\"280\" src=\"https:\/\/tanzzo.com\/wp-content\/uploads\/2021\/08\/Instagram-1-280x280.png\" class=\"attachment-thumbnail size-thumbnail\" alt=\"\" srcset=\"https:\/\/tanzzo.com\/wp-content\/uploads\/2021\/08\/Instagram-1-280x280.png 280w, https:\/\/tanzzo.com\/wp-content\/uploads\/2021\/08\/Instagram-1-100x100.png 100w, https:\/\/tanzzo.com\/wp-content\/uploads\/2021\/08\/Instagram-1.png 343w\" sizes=\"auto, (max-width: 280px) 100vw, 280px\" \/>        <\/div>\n                <div class=\"icon-box-text p-last-0\">\n          <div class=\"star-rating\"><span style=\"width:75%\"><strong class=\"rating\"><\/strong><\/span><\/div>  \t\t\t\t<div class=\"testimonial-text line-height-small italic test_text first-reset last-reset is-italic\">\n            \n<h3>Anna G. USA<\/h3>\n<p>I used Tanning cream for 3 days and I have never had that much tan in such short time. I will definitely\u00a0buy again!<\/p>\n          <\/div>\n          <div class=\"testimonial-meta pt-half\">\n             <strong class=\"testimonial-name test_name\"><\/strong>\n                          <span class=\"testimonial-company test_company\"><\/span>\n          <\/div>\n        <\/div>\n  <\/div>\n\n  \n  <div class=\"icon-box testimonial-box icon-box-left text-left\">\n                <div class=\"icon-box-img testimonial-image circle\" style=\"width: 120px\">\n              <img loading=\"lazy\" decoding=\"async\" width=\"280\" height=\"280\" src=\"https:\/\/tanzzo.com\/wp-content\/uploads\/2022\/04\/4892841_13051676-280x280.jpg\" class=\"attachment-thumbnail size-thumbnail\" alt=\"\" srcset=\"https:\/\/tanzzo.com\/wp-content\/uploads\/2022\/04\/4892841_13051676-280x280.jpg 280w, https:\/\/tanzzo.com\/wp-content\/uploads\/2022\/04\/4892841_13051676-100x100.jpg 100w, https:\/\/tanzzo.com\/wp-content\/uploads\/2022\/04\/4892841_13051676-510x510.jpg 510w, https:\/\/tanzzo.com\/wp-content\/uploads\/2022\/04\/4892841_13051676-400x400.jpg 400w, https:\/\/tanzzo.com\/wp-content\/uploads\/2022\/04\/4892841_13051676-800x800.jpg 800w, https:\/\/tanzzo.com\/wp-content\/uploads\/2022\/04\/4892841_13051676-768x768.jpg 768w, https:\/\/tanzzo.com\/wp-content\/uploads\/2022\/04\/4892841_13051676.jpg 1080w\" sizes=\"auto, (max-width: 280px) 100vw, 280px\" \/>        <\/div>\n                <div class=\"icon-box-text p-last-0\">\n          <div class=\"star-rating\"><span style=\"width:75%\"><strong class=\"rating\"><\/strong><\/span><\/div>  \t\t\t\t<div class=\"testimonial-text line-height-small italic test_text first-reset last-reset is-italic\">\n            \n<h3>Jessica M. USA<\/h3>\n<p>This is my third Tanzzo Tanning cream\u00a0and I can confidently say it is not the\u00a0last one. The smell is addicting and achieved tan is so flattering.<\/p>\n          <\/div>\n          <div class=\"testimonial-meta pt-half\">\n             <strong class=\"testimonial-name test_name\"><\/strong>\n                          <span class=\"testimonial-company test_company\"><\/span>\n          <\/div>\n        <\/div>\n  <\/div>\n\n  \n\t<div id=\"gap-1655453190\" class=\"gap-element clearfix\" style=\"display:block; height:auto;\">\n\t\t\n<style>\n#gap-1655453190 {\n  padding-top: 30px;\n}\n<\/style>\n\t<\/div>\n\t\n\t\t<\/div>\n\t\t\t\t\t<\/div>\n\n\t\n<\/div>\n\t\t<\/div>\n\n\t\t\n<style>\n#section_1422978735 {\n  padding-top: 30px;\n  padding-bottom: 30px;\n}\n#section_1422978735 .ux-shape-divider--top svg {\n  height: 150px;\n  --divider-top-width: 100%;\n}\n#section_1422978735 .ux-shape-divider--bottom svg {\n  height: 150px;\n  --divider-width: 100%;\n}\n@media (min-width:850px) {\n  #section_1422978735 {\n    padding-top: 100px;\n    padding-bottom: 100px;\n  }\n}\n<\/style>\n\t<\/section>\n\t\n","protected":false},"excerpt":{"rendered":"<p><span style=\"font-weight: 400;\">Przedstawiamy niezb\u0119dnik na pla\u017c\u0119, pozwalaj\u0105cy uzyska\u0107 idealn\u0105 opalenizn\u0119 jak \u201epo powrocie z wakacji\u201d!\u00a0<\/span><\/p>\n<p><span style=\"font-weight: 400;\">Krem do opalania Tanzzo posiada specjaln\u0105 receptur\u0119 gwarantuj\u0105c\u0105 istotne przyspieszenie naturalnego procesu opalania. Zapewnia szybsze i bardziej intensywne opalanie, dostarczaj\u0105c sk\u00f3rze sk\u0142adnik\u00f3w od\u017cywczych i nawil\u017caj\u0105cych. Starannie dobrane sk\u0142adniki dzia\u0142aj\u0105 w harmonii z Twoj\u0105 sk\u00f3r\u0105, tworz\u0105c w kr\u00f3tkim czasie fantastycznie wygl\u0105daj\u0105c\u0105 czekoladow\u0105 opalenizn\u0119. Mas\u0142o z nasion kakao i wyci\u0105g z marchwi znalaz\u0142y si\u0119 r\u00f3wnie\u017c w sk\u0142adzie naszego kremu do opalania, dzi\u0119ki czemu Twoja sk\u00f3ra pozostanie mi\u0119kka i nawil\u017cona, a hipnotyzuj\u0105cy zapach przeniesie Ci\u0119 w intensywniejsze zmys\u0142owe letnie chwile i bardziej s\u0142oneczne miejsca bez konieczno\u015bci okazywania paszportu!<\/span><\/p>\n","protected":false},"featured_media":11870,"template":"","meta":[],"product_cat":[189],"product_tag":[],"class_list":["post-7226","product","type-product","status-publish","has-post-thumbnail","hentry","product_cat-uncategorized-pl"],"acf":[],"yoast_head":"<!-- This site is optimized with the Yoast SEO plugin v20.8 - https:\/\/yoast.com\/wordpress\/plugins\/seo\/ -->\n<title>Krem do szybszego opalania - 200ml - Tanzzo<\/title>\n<meta name=\"description\" content=\"Tanzzo Tanning Cream zapewnia szybsze i bardziej intensywne opalanie, jednocze\u015bnie dostarczaj\u0105c sk\u00f3rze sk\u0142adnik\u00f3w od\u017cywczych i nawil\u017cenia.\" \/>\n<meta name=\"robots\" content=\"index, follow, max-snippet:-1, max-image-preview:large, max-video-preview:-1\" \/>\n<link rel=\"canonical\" href=\"https:\/\/tanzzo.com\/pl\/product\/tanning-cream-2\/\" \/>\n<meta property=\"og:locale\" content=\"pl_PL\" \/>\n<meta property=\"og:type\" content=\"article\" \/>\n<meta property=\"og:title\" content=\"Krem do szybszego opalania - 200ml - Tanzzo\" \/>\n<meta property=\"og:description\" content=\"Tanzzo Tanning Cream zapewnia szybsze i bardziej intensywne opalanie, jednocze\u015bnie dostarczaj\u0105c sk\u00f3rze sk\u0142adnik\u00f3w od\u017cywczych i nawil\u017cenia.\" \/>\n<meta property=\"og:url\" content=\"https:\/\/tanzzo.com\/pl\/product\/tanning-cream-2\/\" \/>\n<meta property=\"og:site_name\" content=\"Tanzzo\" \/>\n<meta property=\"article:publisher\" content=\"https:\/\/www.facebook.com\/Tanzzzo\/\" \/>\n<meta property=\"article:modified_time\" content=\"2023-04-14T14:13:13+00:00\" \/>\n<meta property=\"og:image\" content=\"https:\/\/tanzzo.com\/wp-content\/uploads\/2022\/06\/tanning-cream-png.png\" \/>\n\t<meta property=\"og:image:width\" content=\"1080\" \/>\n\t<meta property=\"og:image:height\" content=\"1080\" \/>\n\t<meta property=\"og:image:type\" content=\"image\/png\" \/>\n<meta name=\"twitter:card\" content=\"summary_large_image\" \/>\n<meta name=\"twitter:label1\" content=\"Szacowany czas czytania\" \/>\n\t<meta name=\"twitter:data1\" content=\"2 minuty\" \/>\n<script type=\"application\/ld+json\" class=\"yoast-schema-graph\">{\"@context\":\"https:\/\/schema.org\",\"@graph\":[{\"@type\":\"WebPage\",\"@id\":\"https:\/\/tanzzo.com\/pl\/product\/tanning-cream-2\/\",\"url\":\"https:\/\/tanzzo.com\/pl\/product\/tanning-cream-2\/\",\"name\":\"Krem do szybszego opalania - 200ml - Tanzzo\",\"isPartOf\":{\"@id\":\"https:\/\/tanzzo.com\/pl\/#website\"},\"datePublished\":\"2022-06-06T11:37:51+00:00\",\"dateModified\":\"2023-04-14T14:13:13+00:00\",\"description\":\"Tanzzo Tanning Cream zapewnia szybsze i bardziej intensywne opalanie, jednocze\u015bnie dostarczaj\u0105c sk\u00f3rze sk\u0142adnik\u00f3w od\u017cywczych i nawil\u017cenia.\",\"breadcrumb\":{\"@id\":\"https:\/\/tanzzo.com\/pl\/product\/tanning-cream-2\/#breadcrumb\"},\"inLanguage\":\"pl-PL\",\"potentialAction\":[{\"@type\":\"ReadAction\",\"target\":[\"https:\/\/tanzzo.com\/pl\/product\/tanning-cream-2\/\"]}]},{\"@type\":\"BreadcrumbList\",\"@id\":\"https:\/\/tanzzo.com\/pl\/product\/tanning-cream-2\/#breadcrumb\",\"itemListElement\":[{\"@type\":\"ListItem\",\"position\":1,\"name\":\"Home\",\"item\":\"https:\/\/tanzzo.com\/pl\/\"},{\"@type\":\"ListItem\",\"position\":2,\"name\":\"Sklep\",\"item\":\"https:\/\/tanzzo.com\/pl\/sklep\/\"},{\"@type\":\"ListItem\",\"position\":3,\"name\":\"Krem do szybszego opalania &#8211; 200ml\"}]},{\"@type\":\"WebSite\",\"@id\":\"https:\/\/tanzzo.com\/pl\/#website\",\"url\":\"https:\/\/tanzzo.com\/pl\/\",\"name\":\"Tanzzo\",\"description\":\"GET YOUR PERFECT TAN\",\"publisher\":{\"@id\":\"https:\/\/tanzzo.com\/pl\/#organization\"},\"potentialAction\":[{\"@type\":\"SearchAction\",\"target\":{\"@type\":\"EntryPoint\",\"urlTemplate\":\"https:\/\/tanzzo.com\/pl\/?s={search_term_string}\"},\"query-input\":\"required name=search_term_string\"}],\"inLanguage\":\"pl-PL\"},{\"@type\":\"Organization\",\"@id\":\"https:\/\/tanzzo.com\/pl\/#organization\",\"name\":\"Tanzzo\",\"url\":\"https:\/\/tanzzo.com\/pl\/\",\"logo\":{\"@type\":\"ImageObject\",\"inLanguage\":\"pl-PL\",\"@id\":\"https:\/\/tanzzo.com\/pl\/#\/schema\/logo\/image\/\",\"url\":\"https:\/\/tanzzo.com\/wp-content\/uploads\/2021\/08\/tanzzo1.png\",\"contentUrl\":\"https:\/\/tanzzo.com\/wp-content\/uploads\/2021\/08\/tanzzo1.png\",\"width\":2560,\"height\":426,\"caption\":\"Tanzzo\"},\"image\":{\"@id\":\"https:\/\/tanzzo.com\/pl\/#\/schema\/logo\/image\/\"},\"sameAs\":[\"https:\/\/www.facebook.com\/Tanzzzo\/\",\"https:\/\/www.instagram.com\/tanzzo_original\/\"]}]}<\/script>\n<!-- \/ Yoast SEO plugin. -->","yoast_head_json":{"title":"Krem do szybszego opalania - 200ml - Tanzzo","description":"Tanzzo Tanning Cream zapewnia szybsze i bardziej intensywne opalanie, jednocze\u015bnie dostarczaj\u0105c sk\u00f3rze sk\u0142adnik\u00f3w od\u017cywczych i nawil\u017cenia.","robots":{"index":"index","follow":"follow","max-snippet":"max-snippet:-1","max-image-preview":"max-image-preview:large","max-video-preview":"max-video-preview:-1"},"canonical":"https:\/\/tanzzo.com\/pl\/product\/tanning-cream-2\/","og_locale":"pl_PL","og_type":"article","og_title":"Krem do szybszego opalania - 200ml - Tanzzo","og_description":"Tanzzo Tanning Cream zapewnia szybsze i bardziej intensywne opalanie, jednocze\u015bnie dostarczaj\u0105c sk\u00f3rze sk\u0142adnik\u00f3w od\u017cywczych i nawil\u017cenia.","og_url":"https:\/\/tanzzo.com\/pl\/product\/tanning-cream-2\/","og_site_name":"Tanzzo","article_publisher":"https:\/\/www.facebook.com\/Tanzzzo\/","article_modified_time":"2023-04-14T14:13:13+00:00","og_image":[{"width":1080,"height":1080,"url":"https:\/\/tanzzo.com\/wp-content\/uploads\/2022\/06\/tanning-cream-png.png","type":"image\/png"}],"twitter_card":"summary_large_image","twitter_misc":{"Szacowany czas czytania":"2 minuty"},"schema":{"@context":"https:\/\/schema.org","@graph":[{"@type":"WebPage","@id":"https:\/\/tanzzo.com\/pl\/product\/tanning-cream-2\/","url":"https:\/\/tanzzo.com\/pl\/product\/tanning-cream-2\/","name":"Krem do szybszego opalania - 200ml - Tanzzo","isPartOf":{"@id":"https:\/\/tanzzo.com\/pl\/#website"},"datePublished":"2022-06-06T11:37:51+00:00","dateModified":"2023-04-14T14:13:13+00:00","description":"Tanzzo Tanning Cream zapewnia szybsze i bardziej intensywne opalanie, jednocze\u015bnie dostarczaj\u0105c sk\u00f3rze sk\u0142adnik\u00f3w od\u017cywczych i nawil\u017cenia.","breadcrumb":{"@id":"https:\/\/tanzzo.com\/pl\/product\/tanning-cream-2\/#breadcrumb"},"inLanguage":"pl-PL","potentialAction":[{"@type":"ReadAction","target":["https:\/\/tanzzo.com\/pl\/product\/tanning-cream-2\/"]}]},{"@type":"BreadcrumbList","@id":"https:\/\/tanzzo.com\/pl\/product\/tanning-cream-2\/#breadcrumb","itemListElement":[{"@type":"ListItem","position":1,"name":"Home","item":"https:\/\/tanzzo.com\/pl\/"},{"@type":"ListItem","position":2,"name":"Sklep","item":"https:\/\/tanzzo.com\/pl\/sklep\/"},{"@type":"ListItem","position":3,"name":"Krem do szybszego opalania &#8211; 200ml"}]},{"@type":"WebSite","@id":"https:\/\/tanzzo.com\/pl\/#website","url":"https:\/\/tanzzo.com\/pl\/","name":"Tanzzo","description":"GET YOUR PERFECT TAN","publisher":{"@id":"https:\/\/tanzzo.com\/pl\/#organization"},"potentialAction":[{"@type":"SearchAction","target":{"@type":"EntryPoint","urlTemplate":"https:\/\/tanzzo.com\/pl\/?s={search_term_string}"},"query-input":"required name=search_term_string"}],"inLanguage":"pl-PL"},{"@type":"Organization","@id":"https:\/\/tanzzo.com\/pl\/#organization","name":"Tanzzo","url":"https:\/\/tanzzo.com\/pl\/","logo":{"@type":"ImageObject","inLanguage":"pl-PL","@id":"https:\/\/tanzzo.com\/pl\/#\/schema\/logo\/image\/","url":"https:\/\/tanzzo.com\/wp-content\/uploads\/2021\/08\/tanzzo1.png","contentUrl":"https:\/\/tanzzo.com\/wp-content\/uploads\/2021\/08\/tanzzo1.png","width":2560,"height":426,"caption":"Tanzzo"},"image":{"@id":"https:\/\/tanzzo.com\/pl\/#\/schema\/logo\/image\/"},"sameAs":["https:\/\/www.facebook.com\/Tanzzzo\/","https:\/\/www.instagram.com\/tanzzo_original\/"]}]}},"_links":{"self":[{"href":"https:\/\/tanzzo.com\/pl\/wp-json\/wp\/v2\/product\/7226","targetHints":{"allow":["GET"]}}],"collection":[{"href":"https:\/\/tanzzo.com\/pl\/wp-json\/wp\/v2\/product"}],"about":[{"href":"https:\/\/tanzzo.com\/pl\/wp-json\/wp\/v2\/types\/product"}],"wp:featuredmedia":[{"embeddable":true,"href":"https:\/\/tanzzo.com\/pl\/wp-json\/wp\/v2\/media\/11870"}],"wp:attachment":[{"href":"https:\/\/tanzzo.com\/pl\/wp-json\/wp\/v2\/media?parent=7226"}],"wp:term":[{"taxonomy":"product_cat","embeddable":true,"href":"https:\/\/tanzzo.com\/pl\/wp-json\/wp\/v2\/product_cat?post=7226"},{"taxonomy":"product_tag","embeddable":true,"href":"https:\/\/tanzzo.com\/pl\/wp-json\/wp\/v2\/product_tag?post=7226"}],"curies":[{"name":"wp","href":"https:\/\/api.w.org\/{rel}","templated":true}]}}