
{"id":2726,"date":"2021-08-09T08:07:39","date_gmt":"2022-04-13T07:03:00","guid":{"rendered":"https:\/\/tanzzo.com\/?post_type=product&#038;p=2726"},"modified":"2023-06-06T11:58:33","modified_gmt":"2023-06-06T09:58:33","slug":"tanning-cream","status":"publish","type":"product","link":"https:\/\/tanzzo.com\/pl\/product\/tanning-cream\/","title":{"rendered":"Krem do szybszego opalania &#8211; 200ml"},"content":{"rendered":"<div class=\"row row-collapse row-full-width\"  id=\"row-1814040325\">\n\n\t<div id=\"col-991600171\" class=\"col small-12 large-12\"  >\n\t\t\t\t<div class=\"col-inner\"  >\n\t\t\t\n\t\t\t\n\n\t\t<\/div>\n\t\t\t\t\t<\/div>\n\n\t\n\n<style>\n#row-1814040325 > .col > .col-inner {\n  background-color: rgb(245, 245, 245);\n}\n<\/style>\n<\/div>\n\n","protected":false},"excerpt":{"rendered":"<p><span><strong>Nasz rewolucyjny krem do opalania maksymalizuje opalenizn\u0119 uzyskan\u0105 z promieni s\u0142onecznych lub w solarium!<\/strong><\/span><\/p>\n<ul class=\"orange-dots\">\n<li><b>przyspiesza proces opalania<\/b><\/li>\n<li><strong>dostarcza sk\u00f3rze nawadnianie i sk\u0142adniki od\u017cywcze<\/strong><\/li>\n<li><strong>szybko si\u0119 wch\u0142ania i nie pozostawia plam<\/strong><\/li>\n<li><strong>esencja tropikalnego raju<\/strong><\/li>\n<\/ul>\n<p><span>TANZZO usprawni dla Ciebie opalanie. Nastaw si\u0119 na l\u015bni\u0105cy efekt i pozw\u00f3l, by ten wzmacniacz opalenizny nada\u0142 Ci letni blask, kt\u00f3ry nikogo nie pozostawi oboj\u0119tnym!<\/span><\/p>\n","protected":false},"featured_media":11870,"template":"","meta":[],"product_cat":[189],"product_tag":[],"class_list":["post-2726","product","type-product","status-publish","has-post-thumbnail","hentry","product_cat-uncategorized-pl"],"acf":[],"yoast_head":"<!-- This site is optimized with the Yoast SEO plugin v20.8 - https:\/\/yoast.com\/wordpress\/plugins\/seo\/ -->\n<title>Krem do szybszego opalania - 200ml - Tanzzo<\/title>\n<meta name=\"description\" content=\"Tanzzo Tanning Cream zapewnia szybsze i bardziej intensywne opalanie, jednocze\u015bnie dostarczaj\u0105c sk\u00f3rze sk\u0142adnik\u00f3w od\u017cywczych i nawil\u017cenia.\" \/>\n<meta name=\"robots\" content=\"index, follow, max-snippet:-1, max-image-preview:large, max-video-preview:-1\" \/>\n<link rel=\"canonical\" href=\"https:\/\/tanzzo.com\/pl\/product\/tanning-cream\/\" \/>\n<meta property=\"og:locale\" content=\"pl_PL\" \/>\n<meta property=\"og:type\" content=\"article\" \/>\n<meta property=\"og:title\" content=\"Krem do szybszego opalania - 200ml - Tanzzo\" \/>\n<meta property=\"og:description\" content=\"Tanzzo Tanning Cream zapewnia szybsze i bardziej intensywne opalanie, jednocze\u015bnie dostarczaj\u0105c sk\u00f3rze sk\u0142adnik\u00f3w od\u017cywczych i nawil\u017cenia.\" \/>\n<meta property=\"og:url\" content=\"https:\/\/tanzzo.com\/pl\/product\/tanning-cream\/\" \/>\n<meta property=\"og:site_name\" content=\"Tanzzo\" \/>\n<meta property=\"article:publisher\" content=\"https:\/\/www.facebook.com\/Tanzzzo\/\" \/>\n<meta property=\"article:modified_time\" content=\"2023-06-06T09:58:33+00:00\" \/>\n<meta property=\"og:image\" content=\"https:\/\/tanzzo.com\/wp-content\/uploads\/2022\/06\/tanning-cream-png.png\" \/>\n\t<meta property=\"og:image:width\" content=\"1080\" \/>\n\t<meta property=\"og:image:height\" content=\"1080\" \/>\n\t<meta property=\"og:image:type\" content=\"image\/png\" \/>\n<meta name=\"twitter:card\" content=\"summary_large_image\" \/>\n<meta name=\"twitter:label1\" content=\"Szacowany czas czytania\" \/>\n\t<meta name=\"twitter:data1\" content=\"2 minuty\" \/>\n<script type=\"application\/ld+json\" class=\"yoast-schema-graph\">{\"@context\":\"https:\/\/schema.org\",\"@graph\":[{\"@type\":\"WebPage\",\"@id\":\"https:\/\/tanzzo.com\/pl\/product\/tanning-cream\/\",\"url\":\"https:\/\/tanzzo.com\/pl\/product\/tanning-cream\/\",\"name\":\"Krem do szybszego opalania - 200ml - Tanzzo\",\"isPartOf\":{\"@id\":\"https:\/\/tanzzo.com\/pl\/#website\"},\"datePublished\":\"2022-04-13T07:03:00+00:00\",\"dateModified\":\"2023-06-06T09:58:33+00:00\",\"description\":\"Tanzzo Tanning Cream zapewnia szybsze i bardziej intensywne opalanie, jednocze\u015bnie dostarczaj\u0105c sk\u00f3rze sk\u0142adnik\u00f3w od\u017cywczych i nawil\u017cenia.\",\"breadcrumb\":{\"@id\":\"https:\/\/tanzzo.com\/pl\/product\/tanning-cream\/#breadcrumb\"},\"inLanguage\":\"pl-PL\",\"potentialAction\":[{\"@type\":\"ReadAction\",\"target\":[\"https:\/\/tanzzo.com\/pl\/product\/tanning-cream\/\"]}]},{\"@type\":\"BreadcrumbList\",\"@id\":\"https:\/\/tanzzo.com\/pl\/product\/tanning-cream\/#breadcrumb\",\"itemListElement\":[{\"@type\":\"ListItem\",\"position\":1,\"name\":\"Home\",\"item\":\"https:\/\/tanzzo.com\/pl\/\"},{\"@type\":\"ListItem\",\"position\":2,\"name\":\"Sklep\",\"item\":\"https:\/\/tanzzo.com\/pl\/sklep\/\"},{\"@type\":\"ListItem\",\"position\":3,\"name\":\"Krem do szybszego opalania &#8211; 200ml\"}]},{\"@type\":\"WebSite\",\"@id\":\"https:\/\/tanzzo.com\/pl\/#website\",\"url\":\"https:\/\/tanzzo.com\/pl\/\",\"name\":\"Tanzzo\",\"description\":\"GET YOUR PERFECT TAN\",\"publisher\":{\"@id\":\"https:\/\/tanzzo.com\/pl\/#organization\"},\"potentialAction\":[{\"@type\":\"SearchAction\",\"target\":{\"@type\":\"EntryPoint\",\"urlTemplate\":\"https:\/\/tanzzo.com\/pl\/?s={search_term_string}\"},\"query-input\":\"required name=search_term_string\"}],\"inLanguage\":\"pl-PL\"},{\"@type\":\"Organization\",\"@id\":\"https:\/\/tanzzo.com\/pl\/#organization\",\"name\":\"Tanzzo\",\"url\":\"https:\/\/tanzzo.com\/pl\/\",\"logo\":{\"@type\":\"ImageObject\",\"inLanguage\":\"pl-PL\",\"@id\":\"https:\/\/tanzzo.com\/pl\/#\/schema\/logo\/image\/\",\"url\":\"https:\/\/tanzzo.com\/wp-content\/uploads\/2021\/08\/tanzzo1.png\",\"contentUrl\":\"https:\/\/tanzzo.com\/wp-content\/uploads\/2021\/08\/tanzzo1.png\",\"width\":2560,\"height\":426,\"caption\":\"Tanzzo\"},\"image\":{\"@id\":\"https:\/\/tanzzo.com\/pl\/#\/schema\/logo\/image\/\"},\"sameAs\":[\"https:\/\/www.facebook.com\/Tanzzzo\/\",\"https:\/\/www.instagram.com\/tanzzo_original\/\"]}]}<\/script>\n<!-- \/ Yoast SEO plugin. -->","yoast_head_json":{"title":"Krem do szybszego opalania - 200ml - Tanzzo","description":"Tanzzo Tanning Cream zapewnia szybsze i bardziej intensywne opalanie, jednocze\u015bnie dostarczaj\u0105c sk\u00f3rze sk\u0142adnik\u00f3w od\u017cywczych i nawil\u017cenia.","robots":{"index":"index","follow":"follow","max-snippet":"max-snippet:-1","max-image-preview":"max-image-preview:large","max-video-preview":"max-video-preview:-1"},"canonical":"https:\/\/tanzzo.com\/pl\/product\/tanning-cream\/","og_locale":"pl_PL","og_type":"article","og_title":"Krem do szybszego opalania - 200ml - Tanzzo","og_description":"Tanzzo Tanning Cream zapewnia szybsze i bardziej intensywne opalanie, jednocze\u015bnie dostarczaj\u0105c sk\u00f3rze sk\u0142adnik\u00f3w od\u017cywczych i nawil\u017cenia.","og_url":"https:\/\/tanzzo.com\/pl\/product\/tanning-cream\/","og_site_name":"Tanzzo","article_publisher":"https:\/\/www.facebook.com\/Tanzzzo\/","article_modified_time":"2023-06-06T09:58:33+00:00","og_image":[{"width":1080,"height":1080,"url":"https:\/\/tanzzo.com\/wp-content\/uploads\/2022\/06\/tanning-cream-png.png","type":"image\/png"}],"twitter_card":"summary_large_image","twitter_misc":{"Szacowany czas czytania":"2 minuty"},"schema":{"@context":"https:\/\/schema.org","@graph":[{"@type":"WebPage","@id":"https:\/\/tanzzo.com\/pl\/product\/tanning-cream\/","url":"https:\/\/tanzzo.com\/pl\/product\/tanning-cream\/","name":"Krem do szybszego opalania - 200ml - Tanzzo","isPartOf":{"@id":"https:\/\/tanzzo.com\/pl\/#website"},"datePublished":"2022-04-13T07:03:00+00:00","dateModified":"2023-06-06T09:58:33+00:00","description":"Tanzzo Tanning Cream zapewnia szybsze i bardziej intensywne opalanie, jednocze\u015bnie dostarczaj\u0105c sk\u00f3rze sk\u0142adnik\u00f3w od\u017cywczych i nawil\u017cenia.","breadcrumb":{"@id":"https:\/\/tanzzo.com\/pl\/product\/tanning-cream\/#breadcrumb"},"inLanguage":"pl-PL","potentialAction":[{"@type":"ReadAction","target":["https:\/\/tanzzo.com\/pl\/product\/tanning-cream\/"]}]},{"@type":"BreadcrumbList","@id":"https:\/\/tanzzo.com\/pl\/product\/tanning-cream\/#breadcrumb","itemListElement":[{"@type":"ListItem","position":1,"name":"Home","item":"https:\/\/tanzzo.com\/pl\/"},{"@type":"ListItem","position":2,"name":"Sklep","item":"https:\/\/tanzzo.com\/pl\/sklep\/"},{"@type":"ListItem","position":3,"name":"Krem do szybszego opalania &#8211; 200ml"}]},{"@type":"WebSite","@id":"https:\/\/tanzzo.com\/pl\/#website","url":"https:\/\/tanzzo.com\/pl\/","name":"Tanzzo","description":"GET YOUR PERFECT TAN","publisher":{"@id":"https:\/\/tanzzo.com\/pl\/#organization"},"potentialAction":[{"@type":"SearchAction","target":{"@type":"EntryPoint","urlTemplate":"https:\/\/tanzzo.com\/pl\/?s={search_term_string}"},"query-input":"required name=search_term_string"}],"inLanguage":"pl-PL"},{"@type":"Organization","@id":"https:\/\/tanzzo.com\/pl\/#organization","name":"Tanzzo","url":"https:\/\/tanzzo.com\/pl\/","logo":{"@type":"ImageObject","inLanguage":"pl-PL","@id":"https:\/\/tanzzo.com\/pl\/#\/schema\/logo\/image\/","url":"https:\/\/tanzzo.com\/wp-content\/uploads\/2021\/08\/tanzzo1.png","contentUrl":"https:\/\/tanzzo.com\/wp-content\/uploads\/2021\/08\/tanzzo1.png","width":2560,"height":426,"caption":"Tanzzo"},"image":{"@id":"https:\/\/tanzzo.com\/pl\/#\/schema\/logo\/image\/"},"sameAs":["https:\/\/www.facebook.com\/Tanzzzo\/","https:\/\/www.instagram.com\/tanzzo_original\/"]}]}},"_links":{"self":[{"href":"https:\/\/tanzzo.com\/pl\/wp-json\/wp\/v2\/product\/2726","targetHints":{"allow":["GET"]}}],"collection":[{"href":"https:\/\/tanzzo.com\/pl\/wp-json\/wp\/v2\/product"}],"about":[{"href":"https:\/\/tanzzo.com\/pl\/wp-json\/wp\/v2\/types\/product"}],"wp:featuredmedia":[{"embeddable":true,"href":"https:\/\/tanzzo.com\/pl\/wp-json\/wp\/v2\/media\/11870"}],"wp:attachment":[{"href":"https:\/\/tanzzo.com\/pl\/wp-json\/wp\/v2\/media?parent=2726"}],"wp:term":[{"taxonomy":"product_cat","embeddable":true,"href":"https:\/\/tanzzo.com\/pl\/wp-json\/wp\/v2\/product_cat?post=2726"},{"taxonomy":"product_tag","embeddable":true,"href":"https:\/\/tanzzo.com\/pl\/wp-json\/wp\/v2\/product_tag?post=2726"}],"curies":[{"name":"wp","href":"https:\/\/api.w.org\/{rel}","templated":true}]}}