
{"id":13341,"date":"2022-07-14T14:23:52","date_gmt":"2022-07-14T12:23:52","guid":{"rendered":"https:\/\/tanzzo.com\/product\/glow-in-the-dark\/"},"modified":"2022-07-15T07:58:12","modified_gmt":"2022-07-15T05:58:12","slug":"glow-in-the-dark","status":"publish","type":"product","link":"https:\/\/tanzzo.com\/pl\/product\/glow-in-the-dark\/","title":{"rendered":"Glow in the dark"},"content":{"rendered":"","protected":false},"excerpt":{"rendered":"<p>Przejmij ca\u0142kowit\u0105 kontrol\u0119 nad blaskiem dzi\u0119ki pakietowi Glow in the dark! Produkty zawarte w pakiecie s\u0105 przeznaczone dla kobiety, kt\u00f3ra potrzebuje niesamowitego blasku \u2013 nawet w ciemno\u015bci.<br \/>\nLekki olejek do opalania koi, wyg\u0142adza i g\u0142\u0119boko nawil\u017ca sk\u00f3r\u0119, jednocze\u015bnie zapewniaj\u0105c uzyskanie naturalnej opalenizny. W kolejnym kroku u\u017cyj kremu do opalania, kt\u00f3ry utrzyma naturaln\u0105 opalenizn\u0119 i g\u0142\u0119boko nawil\u017cy sk\u00f3r\u0119. Nast\u0119pnie zastosuj nasz najnowszy i najbardziej roz\u015bwietlaj\u0105cy bronzer, aby uzyska\u0107 efekt sk\u00f3ry \u015bwiec\u0105cej w ciemno\u015bci! Kto nie lubi b\u0142yskotek?<br \/>\nTeraz po\u0142\u00f3\u017c si\u0119 i zrelaksuj, niech Twoja sk\u00f3ra poczuje tropikalny klimat wakacji.<\/p>\n","protected":false},"featured_media":13281,"template":"","meta":[],"product_cat":[189],"product_tag":[],"class_list":["post-13341","product","type-product","status-publish","has-post-thumbnail","hentry","product_cat-uncategorized-pl"],"acf":[],"yoast_head":"<!-- This site is optimized with the Yoast SEO plugin v20.8 - https:\/\/yoast.com\/wordpress\/plugins\/seo\/ -->\n<title>Glow in the dark - Tanzzo<\/title>\n<meta name=\"robots\" content=\"index, follow, max-snippet:-1, max-image-preview:large, max-video-preview:-1\" \/>\n<link rel=\"canonical\" href=\"https:\/\/tanzzo.com\/pl\/product\/glow-in-the-dark\/\" \/>\n<meta property=\"og:locale\" content=\"pl_PL\" \/>\n<meta property=\"og:type\" content=\"article\" \/>\n<meta property=\"og:title\" content=\"Glow in the dark - Tanzzo\" \/>\n<meta property=\"og:description\" content=\"Przejmij ca\u0142kowit\u0105 kontrol\u0119 nad blaskiem dzi\u0119ki pakietowi Glow in the dark! Produkty zawarte w pakiecie s\u0105 przeznaczone dla kobiety, kt\u00f3ra potrzebuje niesamowitego blasku \u2013 nawet w ciemno\u015bci. Lekki olejek do opalania koi, wyg\u0142adza i g\u0142\u0119boko nawil\u017ca sk\u00f3r\u0119, jednocze\u015bnie zapewniaj\u0105c uzyskanie naturalnej opalenizny. W kolejnym kroku u\u017cyj kremu do opalania, kt\u00f3ry utrzyma naturaln\u0105 opalenizn\u0119 i g\u0142\u0119boko nawil\u017cy sk\u00f3r\u0119. Nast\u0119pnie zastosuj nasz najnowszy i najbardziej roz\u015bwietlaj\u0105cy bronzer, aby uzyska\u0107 efekt sk\u00f3ry \u015bwiec\u0105cej w ciemno\u015bci! Kto nie lubi b\u0142yskotek? Teraz po\u0142\u00f3\u017c si\u0119 i zrelaksuj, niech Twoja sk\u00f3ra poczuje tropikalny klimat wakacji.\" \/>\n<meta property=\"og:url\" content=\"https:\/\/tanzzo.com\/pl\/product\/glow-in-the-dark\/\" \/>\n<meta property=\"og:site_name\" content=\"Tanzzo\" \/>\n<meta property=\"article:publisher\" content=\"https:\/\/www.facebook.com\/Tanzzzo\/\" \/>\n<meta property=\"article:modified_time\" content=\"2022-07-15T05:58:12+00:00\" \/>\n<meta property=\"og:image\" content=\"https:\/\/tanzzo.com\/wp-content\/uploads\/2022\/07\/4.png\" \/>\n\t<meta property=\"og:image:width\" content=\"1080\" \/>\n\t<meta property=\"og:image:height\" content=\"1080\" \/>\n\t<meta property=\"og:image:type\" content=\"image\/png\" \/>\n<meta name=\"twitter:card\" content=\"summary_large_image\" \/>\n<script type=\"application\/ld+json\" class=\"yoast-schema-graph\">{\"@context\":\"https:\/\/schema.org\",\"@graph\":[{\"@type\":\"WebPage\",\"@id\":\"https:\/\/tanzzo.com\/pl\/product\/glow-in-the-dark\/\",\"url\":\"https:\/\/tanzzo.com\/pl\/product\/glow-in-the-dark\/\",\"name\":\"Glow in the dark - Tanzzo\",\"isPartOf\":{\"@id\":\"https:\/\/tanzzo.com\/pl\/#website\"},\"datePublished\":\"2022-07-14T12:23:52+00:00\",\"dateModified\":\"2022-07-15T05:58:12+00:00\",\"breadcrumb\":{\"@id\":\"https:\/\/tanzzo.com\/pl\/product\/glow-in-the-dark\/#breadcrumb\"},\"inLanguage\":\"pl-PL\",\"potentialAction\":[{\"@type\":\"ReadAction\",\"target\":[\"https:\/\/tanzzo.com\/pl\/product\/glow-in-the-dark\/\"]}]},{\"@type\":\"BreadcrumbList\",\"@id\":\"https:\/\/tanzzo.com\/pl\/product\/glow-in-the-dark\/#breadcrumb\",\"itemListElement\":[{\"@type\":\"ListItem\",\"position\":1,\"name\":\"Home\",\"item\":\"https:\/\/tanzzo.com\/pl\/\"},{\"@type\":\"ListItem\",\"position\":2,\"name\":\"Sklep\",\"item\":\"https:\/\/tanzzo.com\/pl\/sklep\/\"},{\"@type\":\"ListItem\",\"position\":3,\"name\":\"Glow in the dark\"}]},{\"@type\":\"WebSite\",\"@id\":\"https:\/\/tanzzo.com\/pl\/#website\",\"url\":\"https:\/\/tanzzo.com\/pl\/\",\"name\":\"Tanzzo\",\"description\":\"GET YOUR PERFECT TAN\",\"publisher\":{\"@id\":\"https:\/\/tanzzo.com\/pl\/#organization\"},\"potentialAction\":[{\"@type\":\"SearchAction\",\"target\":{\"@type\":\"EntryPoint\",\"urlTemplate\":\"https:\/\/tanzzo.com\/pl\/?s={search_term_string}\"},\"query-input\":\"required name=search_term_string\"}],\"inLanguage\":\"pl-PL\"},{\"@type\":\"Organization\",\"@id\":\"https:\/\/tanzzo.com\/pl\/#organization\",\"name\":\"Tanzzo\",\"url\":\"https:\/\/tanzzo.com\/pl\/\",\"logo\":{\"@type\":\"ImageObject\",\"inLanguage\":\"pl-PL\",\"@id\":\"https:\/\/tanzzo.com\/pl\/#\/schema\/logo\/image\/\",\"url\":\"https:\/\/tanzzo.com\/wp-content\/uploads\/2021\/08\/tanzzo1.png\",\"contentUrl\":\"https:\/\/tanzzo.com\/wp-content\/uploads\/2021\/08\/tanzzo1.png\",\"width\":2560,\"height\":426,\"caption\":\"Tanzzo\"},\"image\":{\"@id\":\"https:\/\/tanzzo.com\/pl\/#\/schema\/logo\/image\/\"},\"sameAs\":[\"https:\/\/www.facebook.com\/Tanzzzo\/\",\"https:\/\/www.instagram.com\/tanzzo_original\/\"]}]}<\/script>\n<!-- \/ Yoast SEO plugin. -->","yoast_head_json":{"title":"Glow in the dark - Tanzzo","robots":{"index":"index","follow":"follow","max-snippet":"max-snippet:-1","max-image-preview":"max-image-preview:large","max-video-preview":"max-video-preview:-1"},"canonical":"https:\/\/tanzzo.com\/pl\/product\/glow-in-the-dark\/","og_locale":"pl_PL","og_type":"article","og_title":"Glow in the dark - Tanzzo","og_description":"Przejmij ca\u0142kowit\u0105 kontrol\u0119 nad blaskiem dzi\u0119ki pakietowi Glow in the dark! Produkty zawarte w pakiecie s\u0105 przeznaczone dla kobiety, kt\u00f3ra potrzebuje niesamowitego blasku \u2013 nawet w ciemno\u015bci. Lekki olejek do opalania koi, wyg\u0142adza i g\u0142\u0119boko nawil\u017ca sk\u00f3r\u0119, jednocze\u015bnie zapewniaj\u0105c uzyskanie naturalnej opalenizny. W kolejnym kroku u\u017cyj kremu do opalania, kt\u00f3ry utrzyma naturaln\u0105 opalenizn\u0119 i g\u0142\u0119boko nawil\u017cy sk\u00f3r\u0119. Nast\u0119pnie zastosuj nasz najnowszy i najbardziej roz\u015bwietlaj\u0105cy bronzer, aby uzyska\u0107 efekt sk\u00f3ry \u015bwiec\u0105cej w ciemno\u015bci! Kto nie lubi b\u0142yskotek? Teraz po\u0142\u00f3\u017c si\u0119 i zrelaksuj, niech Twoja sk\u00f3ra poczuje tropikalny klimat wakacji.","og_url":"https:\/\/tanzzo.com\/pl\/product\/glow-in-the-dark\/","og_site_name":"Tanzzo","article_publisher":"https:\/\/www.facebook.com\/Tanzzzo\/","article_modified_time":"2022-07-15T05:58:12+00:00","og_image":[{"width":1080,"height":1080,"url":"https:\/\/tanzzo.com\/wp-content\/uploads\/2022\/07\/4.png","type":"image\/png"}],"twitter_card":"summary_large_image","schema":{"@context":"https:\/\/schema.org","@graph":[{"@type":"WebPage","@id":"https:\/\/tanzzo.com\/pl\/product\/glow-in-the-dark\/","url":"https:\/\/tanzzo.com\/pl\/product\/glow-in-the-dark\/","name":"Glow in the dark - Tanzzo","isPartOf":{"@id":"https:\/\/tanzzo.com\/pl\/#website"},"datePublished":"2022-07-14T12:23:52+00:00","dateModified":"2022-07-15T05:58:12+00:00","breadcrumb":{"@id":"https:\/\/tanzzo.com\/pl\/product\/glow-in-the-dark\/#breadcrumb"},"inLanguage":"pl-PL","potentialAction":[{"@type":"ReadAction","target":["https:\/\/tanzzo.com\/pl\/product\/glow-in-the-dark\/"]}]},{"@type":"BreadcrumbList","@id":"https:\/\/tanzzo.com\/pl\/product\/glow-in-the-dark\/#breadcrumb","itemListElement":[{"@type":"ListItem","position":1,"name":"Home","item":"https:\/\/tanzzo.com\/pl\/"},{"@type":"ListItem","position":2,"name":"Sklep","item":"https:\/\/tanzzo.com\/pl\/sklep\/"},{"@type":"ListItem","position":3,"name":"Glow in the dark"}]},{"@type":"WebSite","@id":"https:\/\/tanzzo.com\/pl\/#website","url":"https:\/\/tanzzo.com\/pl\/","name":"Tanzzo","description":"GET YOUR PERFECT TAN","publisher":{"@id":"https:\/\/tanzzo.com\/pl\/#organization"},"potentialAction":[{"@type":"SearchAction","target":{"@type":"EntryPoint","urlTemplate":"https:\/\/tanzzo.com\/pl\/?s={search_term_string}"},"query-input":"required name=search_term_string"}],"inLanguage":"pl-PL"},{"@type":"Organization","@id":"https:\/\/tanzzo.com\/pl\/#organization","name":"Tanzzo","url":"https:\/\/tanzzo.com\/pl\/","logo":{"@type":"ImageObject","inLanguage":"pl-PL","@id":"https:\/\/tanzzo.com\/pl\/#\/schema\/logo\/image\/","url":"https:\/\/tanzzo.com\/wp-content\/uploads\/2021\/08\/tanzzo1.png","contentUrl":"https:\/\/tanzzo.com\/wp-content\/uploads\/2021\/08\/tanzzo1.png","width":2560,"height":426,"caption":"Tanzzo"},"image":{"@id":"https:\/\/tanzzo.com\/pl\/#\/schema\/logo\/image\/"},"sameAs":["https:\/\/www.facebook.com\/Tanzzzo\/","https:\/\/www.instagram.com\/tanzzo_original\/"]}]}},"_links":{"self":[{"href":"https:\/\/tanzzo.com\/pl\/wp-json\/wp\/v2\/product\/13341","targetHints":{"allow":["GET"]}}],"collection":[{"href":"https:\/\/tanzzo.com\/pl\/wp-json\/wp\/v2\/product"}],"about":[{"href":"https:\/\/tanzzo.com\/pl\/wp-json\/wp\/v2\/types\/product"}],"wp:featuredmedia":[{"embeddable":true,"href":"https:\/\/tanzzo.com\/pl\/wp-json\/wp\/v2\/media\/13281"}],"wp:attachment":[{"href":"https:\/\/tanzzo.com\/pl\/wp-json\/wp\/v2\/media?parent=13341"}],"wp:term":[{"taxonomy":"product_cat","embeddable":true,"href":"https:\/\/tanzzo.com\/pl\/wp-json\/wp\/v2\/product_cat?post=13341"},{"taxonomy":"product_tag","embeddable":true,"href":"https:\/\/tanzzo.com\/pl\/wp-json\/wp\/v2\/product_tag?post=13341"}],"curies":[{"name":"wp","href":"https:\/\/api.w.org\/{rel}","templated":true}]}}