
{"id":13320,"date":"2022-07-14T13:54:18","date_gmt":"2022-07-14T11:54:18","guid":{"rendered":"https:\/\/tanzzo.com\/product\/brace-yourself\/"},"modified":"2022-07-15T07:53:33","modified_gmt":"2022-07-15T05:53:33","slug":"brace-yourself","status":"publish","type":"product","link":"https:\/\/tanzzo.com\/pl\/product\/brace-yourself\/","title":{"rendered":"Brace yourself"},"content":{"rendered":"","protected":false},"excerpt":{"rendered":"<p>Przygotuj si\u0119 \u2013 letnie wakacje i s\u0142oneczne pla\u017ce wzywaj\u0105, a Ty wci\u0105\u017c nie masz idealnej opalenizny? Nie martw si\u0119, mo\u017cesz liczy\u0107 na Tanzzo! Dzi\u0119ki kilku kroplom p\u0142ynnego samoopalacza oraz kremowi po opalaniu uzyskasz pi\u0119kn\u0105, opalon\u0105 sk\u00f3r\u0119 bez wystawiania jej na s\u0142o\u0144ce. Wystarczy doda\u0107 kilka kropli samoopalacza do kremu po opalaniu, a uzyskasz najszybszy mo\u017cliwy rezultat. \u201eUdawaj, a stanie si\u0119 to prawd\u0105!\u201d<\/p>\n","protected":false},"featured_media":13293,"template":"","meta":[],"product_cat":[189],"product_tag":[],"class_list":["post-13320","product","type-product","status-publish","has-post-thumbnail","hentry","product_cat-uncategorized-pl"],"acf":[],"yoast_head":"<!-- This site is optimized with the Yoast SEO plugin v20.8 - https:\/\/yoast.com\/wordpress\/plugins\/seo\/ -->\n<title>Brace yourself - Tanzzo<\/title>\n<meta name=\"robots\" content=\"index, follow, max-snippet:-1, max-image-preview:large, max-video-preview:-1\" \/>\n<link rel=\"canonical\" href=\"https:\/\/tanzzo.com\/pl\/product\/brace-yourself\/\" \/>\n<meta property=\"og:locale\" content=\"pl_PL\" \/>\n<meta property=\"og:type\" content=\"article\" \/>\n<meta property=\"og:title\" content=\"Brace yourself - Tanzzo\" \/>\n<meta property=\"og:description\" content=\"Przygotuj si\u0119 \u2013 letnie wakacje i s\u0142oneczne pla\u017ce wzywaj\u0105, a Ty wci\u0105\u017c nie masz idealnej opalenizny? Nie martw si\u0119, mo\u017cesz liczy\u0107 na Tanzzo! Dzi\u0119ki kilku kroplom p\u0142ynnego samoopalacza oraz kremowi po opalaniu uzyskasz pi\u0119kn\u0105, opalon\u0105 sk\u00f3r\u0119 bez wystawiania jej na s\u0142o\u0144ce. Wystarczy doda\u0107 kilka kropli samoopalacza do kremu po opalaniu, a uzyskasz najszybszy mo\u017cliwy rezultat. \u201eUdawaj, a stanie si\u0119 to prawd\u0105!\u201d\" \/>\n<meta property=\"og:url\" content=\"https:\/\/tanzzo.com\/pl\/product\/brace-yourself\/\" \/>\n<meta property=\"og:site_name\" content=\"Tanzzo\" \/>\n<meta property=\"article:publisher\" content=\"https:\/\/www.facebook.com\/Tanzzzo\/\" \/>\n<meta property=\"article:modified_time\" content=\"2022-07-15T05:53:33+00:00\" \/>\n<meta property=\"og:image\" content=\"https:\/\/tanzzo.com\/wp-content\/uploads\/2022\/07\/5.png\" \/>\n\t<meta property=\"og:image:width\" content=\"1080\" \/>\n\t<meta property=\"og:image:height\" content=\"1080\" \/>\n\t<meta property=\"og:image:type\" content=\"image\/png\" \/>\n<meta name=\"twitter:card\" content=\"summary_large_image\" \/>\n<script type=\"application\/ld+json\" class=\"yoast-schema-graph\">{\"@context\":\"https:\/\/schema.org\",\"@graph\":[{\"@type\":\"WebPage\",\"@id\":\"https:\/\/tanzzo.com\/pl\/product\/brace-yourself\/\",\"url\":\"https:\/\/tanzzo.com\/pl\/product\/brace-yourself\/\",\"name\":\"Brace yourself - Tanzzo\",\"isPartOf\":{\"@id\":\"https:\/\/tanzzo.com\/pl\/#website\"},\"datePublished\":\"2022-07-14T11:54:18+00:00\",\"dateModified\":\"2022-07-15T05:53:33+00:00\",\"breadcrumb\":{\"@id\":\"https:\/\/tanzzo.com\/pl\/product\/brace-yourself\/#breadcrumb\"},\"inLanguage\":\"pl-PL\",\"potentialAction\":[{\"@type\":\"ReadAction\",\"target\":[\"https:\/\/tanzzo.com\/pl\/product\/brace-yourself\/\"]}]},{\"@type\":\"BreadcrumbList\",\"@id\":\"https:\/\/tanzzo.com\/pl\/product\/brace-yourself\/#breadcrumb\",\"itemListElement\":[{\"@type\":\"ListItem\",\"position\":1,\"name\":\"Home\",\"item\":\"https:\/\/tanzzo.com\/pl\/\"},{\"@type\":\"ListItem\",\"position\":2,\"name\":\"Sklep\",\"item\":\"https:\/\/tanzzo.com\/pl\/sklep\/\"},{\"@type\":\"ListItem\",\"position\":3,\"name\":\"Brace yourself\"}]},{\"@type\":\"WebSite\",\"@id\":\"https:\/\/tanzzo.com\/pl\/#website\",\"url\":\"https:\/\/tanzzo.com\/pl\/\",\"name\":\"Tanzzo\",\"description\":\"GET YOUR PERFECT TAN\",\"publisher\":{\"@id\":\"https:\/\/tanzzo.com\/pl\/#organization\"},\"potentialAction\":[{\"@type\":\"SearchAction\",\"target\":{\"@type\":\"EntryPoint\",\"urlTemplate\":\"https:\/\/tanzzo.com\/pl\/?s={search_term_string}\"},\"query-input\":\"required name=search_term_string\"}],\"inLanguage\":\"pl-PL\"},{\"@type\":\"Organization\",\"@id\":\"https:\/\/tanzzo.com\/pl\/#organization\",\"name\":\"Tanzzo\",\"url\":\"https:\/\/tanzzo.com\/pl\/\",\"logo\":{\"@type\":\"ImageObject\",\"inLanguage\":\"pl-PL\",\"@id\":\"https:\/\/tanzzo.com\/pl\/#\/schema\/logo\/image\/\",\"url\":\"https:\/\/tanzzo.com\/wp-content\/uploads\/2021\/08\/tanzzo1.png\",\"contentUrl\":\"https:\/\/tanzzo.com\/wp-content\/uploads\/2021\/08\/tanzzo1.png\",\"width\":2560,\"height\":426,\"caption\":\"Tanzzo\"},\"image\":{\"@id\":\"https:\/\/tanzzo.com\/pl\/#\/schema\/logo\/image\/\"},\"sameAs\":[\"https:\/\/www.facebook.com\/Tanzzzo\/\",\"https:\/\/www.instagram.com\/tanzzo_original\/\"]}]}<\/script>\n<!-- \/ Yoast SEO plugin. -->","yoast_head_json":{"title":"Brace yourself - Tanzzo","robots":{"index":"index","follow":"follow","max-snippet":"max-snippet:-1","max-image-preview":"max-image-preview:large","max-video-preview":"max-video-preview:-1"},"canonical":"https:\/\/tanzzo.com\/pl\/product\/brace-yourself\/","og_locale":"pl_PL","og_type":"article","og_title":"Brace yourself - Tanzzo","og_description":"Przygotuj si\u0119 \u2013 letnie wakacje i s\u0142oneczne pla\u017ce wzywaj\u0105, a Ty wci\u0105\u017c nie masz idealnej opalenizny? Nie martw si\u0119, mo\u017cesz liczy\u0107 na Tanzzo! Dzi\u0119ki kilku kroplom p\u0142ynnego samoopalacza oraz kremowi po opalaniu uzyskasz pi\u0119kn\u0105, opalon\u0105 sk\u00f3r\u0119 bez wystawiania jej na s\u0142o\u0144ce. Wystarczy doda\u0107 kilka kropli samoopalacza do kremu po opalaniu, a uzyskasz najszybszy mo\u017cliwy rezultat. \u201eUdawaj, a stanie si\u0119 to prawd\u0105!\u201d","og_url":"https:\/\/tanzzo.com\/pl\/product\/brace-yourself\/","og_site_name":"Tanzzo","article_publisher":"https:\/\/www.facebook.com\/Tanzzzo\/","article_modified_time":"2022-07-15T05:53:33+00:00","og_image":[{"width":1080,"height":1080,"url":"https:\/\/tanzzo.com\/wp-content\/uploads\/2022\/07\/5.png","type":"image\/png"}],"twitter_card":"summary_large_image","schema":{"@context":"https:\/\/schema.org","@graph":[{"@type":"WebPage","@id":"https:\/\/tanzzo.com\/pl\/product\/brace-yourself\/","url":"https:\/\/tanzzo.com\/pl\/product\/brace-yourself\/","name":"Brace yourself - Tanzzo","isPartOf":{"@id":"https:\/\/tanzzo.com\/pl\/#website"},"datePublished":"2022-07-14T11:54:18+00:00","dateModified":"2022-07-15T05:53:33+00:00","breadcrumb":{"@id":"https:\/\/tanzzo.com\/pl\/product\/brace-yourself\/#breadcrumb"},"inLanguage":"pl-PL","potentialAction":[{"@type":"ReadAction","target":["https:\/\/tanzzo.com\/pl\/product\/brace-yourself\/"]}]},{"@type":"BreadcrumbList","@id":"https:\/\/tanzzo.com\/pl\/product\/brace-yourself\/#breadcrumb","itemListElement":[{"@type":"ListItem","position":1,"name":"Home","item":"https:\/\/tanzzo.com\/pl\/"},{"@type":"ListItem","position":2,"name":"Sklep","item":"https:\/\/tanzzo.com\/pl\/sklep\/"},{"@type":"ListItem","position":3,"name":"Brace yourself"}]},{"@type":"WebSite","@id":"https:\/\/tanzzo.com\/pl\/#website","url":"https:\/\/tanzzo.com\/pl\/","name":"Tanzzo","description":"GET YOUR PERFECT TAN","publisher":{"@id":"https:\/\/tanzzo.com\/pl\/#organization"},"potentialAction":[{"@type":"SearchAction","target":{"@type":"EntryPoint","urlTemplate":"https:\/\/tanzzo.com\/pl\/?s={search_term_string}"},"query-input":"required name=search_term_string"}],"inLanguage":"pl-PL"},{"@type":"Organization","@id":"https:\/\/tanzzo.com\/pl\/#organization","name":"Tanzzo","url":"https:\/\/tanzzo.com\/pl\/","logo":{"@type":"ImageObject","inLanguage":"pl-PL","@id":"https:\/\/tanzzo.com\/pl\/#\/schema\/logo\/image\/","url":"https:\/\/tanzzo.com\/wp-content\/uploads\/2021\/08\/tanzzo1.png","contentUrl":"https:\/\/tanzzo.com\/wp-content\/uploads\/2021\/08\/tanzzo1.png","width":2560,"height":426,"caption":"Tanzzo"},"image":{"@id":"https:\/\/tanzzo.com\/pl\/#\/schema\/logo\/image\/"},"sameAs":["https:\/\/www.facebook.com\/Tanzzzo\/","https:\/\/www.instagram.com\/tanzzo_original\/"]}]}},"_links":{"self":[{"href":"https:\/\/tanzzo.com\/pl\/wp-json\/wp\/v2\/product\/13320","targetHints":{"allow":["GET"]}}],"collection":[{"href":"https:\/\/tanzzo.com\/pl\/wp-json\/wp\/v2\/product"}],"about":[{"href":"https:\/\/tanzzo.com\/pl\/wp-json\/wp\/v2\/types\/product"}],"wp:featuredmedia":[{"embeddable":true,"href":"https:\/\/tanzzo.com\/pl\/wp-json\/wp\/v2\/media\/13293"}],"wp:attachment":[{"href":"https:\/\/tanzzo.com\/pl\/wp-json\/wp\/v2\/media?parent=13320"}],"wp:term":[{"taxonomy":"product_cat","embeddable":true,"href":"https:\/\/tanzzo.com\/pl\/wp-json\/wp\/v2\/product_cat?post=13320"},{"taxonomy":"product_tag","embeddable":true,"href":"https:\/\/tanzzo.com\/pl\/wp-json\/wp\/v2\/product_tag?post=13320"}],"curies":[{"name":"wp","href":"https:\/\/api.w.org\/{rel}","templated":true}]}}