
{"id":2406,"date":"2022-04-13T08:14:58","date_gmt":"2022-04-13T06:14:58","guid":{"rendered":"https:\/\/tanzzo.com\/?page_id=2406"},"modified":"2022-04-22T12:20:53","modified_gmt":"2022-04-22T10:20:53","slug":"help-and-faq","status":"publish","type":"page","link":"https:\/\/tanzzo.com\/pl\/help-and-faq\/","title":{"rendered":"Help and FAQ"},"content":{"rendered":"\t<div id=\"gap-920082310\" class=\"gap-element clearfix\" style=\"display:block; height:auto;\">\n\t\t\n<style>\n#gap-920082310 {\n  padding-top: 30px;\n}\n<\/style>\n\t<\/div>\n\t\n\n\t<section class=\"section\" id=\"section_1874274574\">\n\t\t<div class=\"bg section-bg fill bg-fill  bg-loaded\" >\n\n\t\t\t\n\t\t\t\n\t\t\t\n\n\t\t<\/div>\n\n\t\t\n\n\t\t<div class=\"section-content relative\">\n\t\t\t\n\n<div class=\"row\" style=\"max-width:1289px\" id=\"row-1448162492\">\n\n\n\t<div id=\"col-156118250\" class=\"col medium-4 small-12 large-4\"  >\n\t\t\t\t<div class=\"col-inner\"  >\n\t\t\t\n\t\t\t\n\n<div class=\"is-divider divider clearfix\" style=\"margin-top:2em;margin-bottom:2em;max-width:100%;height:1px;background-color:rgb(0, 0, 0);\"><\/div>\n\n\n\t\t<\/div>\n\t\t\t\t\t<\/div>\n\n\t\n\n\t<div id=\"col-809454474\" class=\"col medium-4 small-12 large-4\"  >\n\t\t\t\t<div class=\"col-inner text-center\"  >\n\t\t\t\n\t\t\t\n\n\t<div id=\"text-1321141729\" class=\"text\">\n\t\t\n\n<h2>FAQ<\/h2>\n\t\t\n<style>\n#text-1321141729 {\n  font-size: 1.6rem;\n  text-align: center;\n}\n<\/style>\n\t<\/div>\n\t\n\n\t\t<\/div>\n\t\t\t\t\t<\/div>\n\n\t\n\n\t<div id=\"col-2014461376\" class=\"col medium-4 small-12 large-4\"  >\n\t\t\t\t<div class=\"col-inner\"  >\n\t\t\t\n\t\t\t\n\n<div class=\"is-divider divider clearfix\" style=\"margin-top:2em;margin-bottom:2em;max-width:100%;height:1px;background-color:rgb(0, 0, 0);\"><\/div>\n\n\n\t\t<\/div>\n\t\t\t\t\t<\/div>\n\n\t\n\n\t<div id=\"col-2041453239\" class=\"col small-12 large-12\"  >\n\t\t\t\t<div class=\"col-inner text-left\"  >\n\t\t\t\n\t\t\t\n\n\t<div id=\"gap-1396254242\" class=\"gap-element clearfix\" style=\"display:block; height:auto;\">\n\t\t\n<style>\n#gap-1396254242 {\n  padding-top: 30px;\n}\n<\/style>\n\t<\/div>\n\t\n\n<div class=\"accordion\">\n\n<div id=\"accordion-3358835176\" class=\"accordion-item\"><a id=\"accordion-3358835176-label\" href=\"#\" class=\"accordion-title plain active\" aria-expanded=\"true\" aria-controls=\"accordion-3358835176-content\"><button class=\"toggle\" aria-label=\"Toggle\"><i class=\"icon-angle-down\"><\/i><\/button><span>Czy produkty TANZZO s\u0105 wega\u0144skie i nietestowane na zwierz\u0119tach?<\/span><\/a><div id=\"accordion-3358835176-content\" class=\"accordion-inner\" style=\"display: block;\" aria-labelledby=\"accordion-3358835176-label\">\n\n<p>Wszystkie produkty TANZZO s\u0105 w 100% wega\u0144skie i nie s\u0105 testowane na zwierz\u0119tach.<\/p>\n\n<\/div><\/div>\n<div id=\"accordion-1218552898\" class=\"accordion-item\"><a id=\"accordion-1218552898-label\" href=\"#\" class=\"accordion-title plain\" aria-expanded=\"false\" aria-controls=\"accordion-1218552898-content\"><button class=\"toggle\" aria-label=\"Toggle\"><i class=\"icon-angle-down\"><\/i><\/button><span>Jak mog\u0119 szybko osi\u0105gn\u0105\u0107 efekt opalenizny?<\/span><\/a><div id=\"accordion-1218552898-content\" class=\"accordion-inner\" aria-labelledby=\"accordion-1218552898-label\">\n\n<p><span style=\"font-weight: 400;\">Odpowied\u017a jest prosta: u\u017cywaj\u0105c balsamu br\u0105zuj\u0105cego Tanzzo <\/span><span style=\"font-weight: 400;\">????<\/span><span style=\"font-weight: 400;\">! Mo\u017cesz u\u017cywa\u0107 naszego balsamu codziennie. Zalecamy u\u017cycie balsamu tu\u017c po kremie z filtrem przeciws\u0142onecznym. Aby uspokoi\u0107 sk\u00f3r\u0119, wybierz nasz krem po opalaniu. <\/span><\/p>\n\n<\/div><\/div>\n<div id=\"accordion-1895313611\" class=\"accordion-item\"><a id=\"accordion-1895313611-label\" href=\"#\" class=\"accordion-title plain\" aria-expanded=\"false\" aria-controls=\"accordion-1895313611-content\"><button class=\"toggle\" aria-label=\"Toggle\"><i class=\"icon-angle-down\"><\/i><\/button><span>Czy musz\u0119 u\u017cywa\u0107 kremu z filtrem przeciws\u0142onecznym?<\/span><\/a><div id=\"accordion-1895313611-content\" class=\"accordion-inner\" aria-labelledby=\"accordion-1895313611-label\">\n\n<p><span style=\"font-weight: 400;\">Tak, krem do opalania Tanzzo nie zapewnia ochrony przed s\u0142o\u0144cem.<\/span><\/p>\n\n<\/div><\/div>\n<div id=\"accordion-1695178859\" class=\"accordion-item\"><a id=\"accordion-1695178859-label\" href=\"#\" class=\"accordion-title plain\" aria-expanded=\"false\" aria-controls=\"accordion-1695178859-content\"><button class=\"toggle\" aria-label=\"Toggle\"><i class=\"icon-angle-down\"><\/i><\/button><span>A je\u015bli jestem alergiczk\u0105?<\/span><\/a><div id=\"accordion-1695178859-content\" class=\"accordion-inner\" aria-labelledby=\"accordion-1695178859-label\">\n\n<p><span style=\"font-weight: 400;\">Zalecamy wykonanie testu na niewielkim obszarze sk\u00f3ry 24 godziny przed pierwszym zastosowaniem balsamu br\u0105zuj\u0105cego Tanzzo. Je\u015bli wyst\u0105pi podra\u017cnienie, natychmiast przerwij jego stosowanie.<\/span><\/p>\n\n<\/div><\/div>\n<div id=\"accordion-1230733942\" class=\"accordion-item\"><a id=\"accordion-1230733942-label\" href=\"#\" class=\"accordion-title plain\" aria-expanded=\"false\" aria-controls=\"accordion-1230733942-content\"><button class=\"toggle\" aria-label=\"Toggle\"><i class=\"icon-angle-down\"><\/i><\/button><span>W jakim czasie mog\u0119 zwr\u00f3ci\u0107 otrzymany produkt?<\/span><\/a><div id=\"accordion-1230733942-content\" class=\"accordion-inner\" aria-labelledby=\"accordion-1230733942-label\">\n\n<p>Mo\u017cesz zwr\u00f3ci\u0107 zakupione produkty w ci\u0105gu 14 dni od zakupu.<\/p>\n\n<\/div><\/div>\n<div id=\"accordion-3903640986\" class=\"accordion-item\"><a id=\"accordion-3903640986-label\" href=\"#\" class=\"accordion-title plain\" aria-expanded=\"false\" aria-controls=\"accordion-3903640986-content\"><button class=\"toggle\" aria-label=\"Toggle\"><i class=\"icon-angle-down\"><\/i><\/button><span>Ile kosztuje wysy\u0142ka?<\/span><\/a><div id=\"accordion-3903640986-content\" class=\"accordion-inner\" aria-labelledby=\"accordion-3903640986-label\">\n\n<p><span style=\"font-weight: 400;\">Oferujemy DARMOW\u0104 WYSY\u0141K\u0118!<\/span><\/p>\n\n<\/div><\/div>\n<div id=\"accordion-3291886948\" class=\"accordion-item\"><a id=\"accordion-3291886948-label\" href=\"#\" class=\"accordion-title plain\" aria-expanded=\"false\" aria-controls=\"accordion-3291886948-content\"><button class=\"toggle\" aria-label=\"Toggle\"><i class=\"icon-angle-down\"><\/i><\/button><span>Czy mog\u0119 zwr\u00f3ci\u0107 u\u017cyte produkty i otrzyma\u0107 za nie zwrot pieni\u0119dzy?<\/span><\/a><div id=\"accordion-3291886948-content\" class=\"accordion-inner\" aria-labelledby=\"accordion-3291886948-label\">\n\n<p><span style=\"font-weight: 400;\">Nie. Produkty musz\u0105 by\u0107 zwr\u00f3cone w oryginalnym opakowaniu, kt\u00f3re nie mo\u017ce by\u0107 uszkodzone ani u\u017cywane. W przeciwnym razie reklamacja zostanie cz\u0119\u015bciowo lub w pe\u0142ni odrzucona.<\/span><\/p>\n\n<\/div><\/div>\n\n<\/div>\n\t<div id=\"gap-2057730299\" class=\"gap-element clearfix\" style=\"display:block; height:auto;\">\n\t\t\n<style>\n#gap-2057730299 {\n  padding-top: 30px;\n}\n<\/style>\n\t<\/div>\n\t\n\n\t<div id=\"text-3261327633\" class=\"text\">\n\t\t\n\n<h4><b>Masz inne pytania?<b><\/b><\/b><\/h4>\n<p><a href=\"https:\/\/tanzzo.com\/pl\/contact\/\">Skontaktuj si\u0119 z nami<\/a>, a z ch\u0119ci\u0105 ci pomo\u017cemy!<\/p>\n\t\t\n<style>\n#text-3261327633 {\n  text-align: center;\n}\n<\/style>\n\t<\/div>\n\t\n\n\t\t<\/div>\n\t\t\t\t\t<\/div>\n\n\t\n\n<\/div>\n\n\t\t<\/div>\n\n\t\t\n<style>\n#section_1874274574 {\n  padding-top: 50px;\n  padding-bottom: 50px;\n}\n#section_1874274574 .ux-shape-divider--top svg {\n  height: 150px;\n  --divider-top-width: 100%;\n}\n#section_1874274574 .ux-shape-divider--bottom svg {\n  height: 150px;\n  --divider-width: 100%;\n}\n<\/style>\n\t<\/section>\n\t\n","protected":false},"excerpt":{"rendered":"","protected":false},"author":1,"featured_media":0,"parent":0,"menu_order":0,"comment_status":"closed","ping_status":"closed","template":"page-transparent-header.php","meta":{"footnotes":""},"class_list":["post-2406","page","type-page","status-publish","hentry"],"acf":[],"yoast_head":"<!-- This site is optimized with the Yoast SEO plugin v20.8 - https:\/\/yoast.com\/wordpress\/plugins\/seo\/ -->\n<title>Help and FAQ - Tanzzo<\/title>\n<meta name=\"description\" content=\"Pomoc i cz\u0119sto zadawane pytania dotycz\u0105ce strony Tanzzo i produkt\u00f3w Tanzzo, dostawy, wysy\u0142ki, zasad zwrot\u00f3w.\" \/>\n<meta name=\"robots\" content=\"index, follow, max-snippet:-1, max-image-preview:large, max-video-preview:-1\" \/>\n<link rel=\"canonical\" href=\"https:\/\/tanzzo.com\/pl\/help-and-faq\/\" \/>\n<meta property=\"og:locale\" content=\"pl_PL\" \/>\n<meta property=\"og:type\" content=\"article\" \/>\n<meta property=\"og:title\" content=\"Help and FAQ - Tanzzo\" \/>\n<meta property=\"og:description\" content=\"Pomoc i cz\u0119sto zadawane pytania dotycz\u0105ce strony Tanzzo i produkt\u00f3w Tanzzo, dostawy, wysy\u0142ki, zasad zwrot\u00f3w.\" \/>\n<meta property=\"og:url\" content=\"https:\/\/tanzzo.com\/pl\/help-and-faq\/\" \/>\n<meta property=\"og:site_name\" content=\"Tanzzo\" \/>\n<meta property=\"article:publisher\" content=\"https:\/\/www.facebook.com\/Tanzzzo\/\" \/>\n<meta property=\"article:modified_time\" content=\"2022-04-22T10:20:53+00:00\" \/>\n<meta name=\"twitter:card\" content=\"summary_large_image\" \/>\n<script type=\"application\/ld+json\" class=\"yoast-schema-graph\">{\"@context\":\"https:\/\/schema.org\",\"@graph\":[{\"@type\":\"WebPage\",\"@id\":\"https:\/\/tanzzo.com\/pl\/help-and-faq\/\",\"url\":\"https:\/\/tanzzo.com\/pl\/help-and-faq\/\",\"name\":\"Help and FAQ - Tanzzo\",\"isPartOf\":{\"@id\":\"https:\/\/tanzzo.com\/pl\/#website\"},\"datePublished\":\"2022-04-13T06:14:58+00:00\",\"dateModified\":\"2022-04-22T10:20:53+00:00\",\"description\":\"Pomoc i cz\u0119sto zadawane pytania dotycz\u0105ce strony Tanzzo i produkt\u00f3w Tanzzo, dostawy, wysy\u0142ki, zasad zwrot\u00f3w.\",\"breadcrumb\":{\"@id\":\"https:\/\/tanzzo.com\/pl\/help-and-faq\/#breadcrumb\"},\"inLanguage\":\"pl-PL\",\"potentialAction\":[{\"@type\":\"ReadAction\",\"target\":[\"https:\/\/tanzzo.com\/pl\/help-and-faq\/\"]}]},{\"@type\":\"BreadcrumbList\",\"@id\":\"https:\/\/tanzzo.com\/pl\/help-and-faq\/#breadcrumb\",\"itemListElement\":[{\"@type\":\"ListItem\",\"position\":1,\"name\":\"Home\",\"item\":\"https:\/\/tanzzo.com\/pl\/\"},{\"@type\":\"ListItem\",\"position\":2,\"name\":\"Help and FAQ\"}]},{\"@type\":\"WebSite\",\"@id\":\"https:\/\/tanzzo.com\/pl\/#website\",\"url\":\"https:\/\/tanzzo.com\/pl\/\",\"name\":\"Tanzzo\",\"description\":\"GET YOUR PERFECT TAN\",\"publisher\":{\"@id\":\"https:\/\/tanzzo.com\/pl\/#organization\"},\"potentialAction\":[{\"@type\":\"SearchAction\",\"target\":{\"@type\":\"EntryPoint\",\"urlTemplate\":\"https:\/\/tanzzo.com\/pl\/?s={search_term_string}\"},\"query-input\":\"required name=search_term_string\"}],\"inLanguage\":\"pl-PL\"},{\"@type\":\"Organization\",\"@id\":\"https:\/\/tanzzo.com\/pl\/#organization\",\"name\":\"Tanzzo\",\"url\":\"https:\/\/tanzzo.com\/pl\/\",\"logo\":{\"@type\":\"ImageObject\",\"inLanguage\":\"pl-PL\",\"@id\":\"https:\/\/tanzzo.com\/pl\/#\/schema\/logo\/image\/\",\"url\":\"https:\/\/tanzzo.com\/wp-content\/uploads\/2021\/08\/tanzzo1.png\",\"contentUrl\":\"https:\/\/tanzzo.com\/wp-content\/uploads\/2021\/08\/tanzzo1.png\",\"width\":2560,\"height\":426,\"caption\":\"Tanzzo\"},\"image\":{\"@id\":\"https:\/\/tanzzo.com\/pl\/#\/schema\/logo\/image\/\"},\"sameAs\":[\"https:\/\/www.facebook.com\/Tanzzzo\/\",\"https:\/\/www.instagram.com\/tanzzo_original\/\"]}]}<\/script>\n<!-- \/ Yoast SEO plugin. -->","yoast_head_json":{"title":"Help and FAQ - Tanzzo","description":"Pomoc i cz\u0119sto zadawane pytania dotycz\u0105ce strony Tanzzo i produkt\u00f3w Tanzzo, dostawy, wysy\u0142ki, zasad zwrot\u00f3w.","robots":{"index":"index","follow":"follow","max-snippet":"max-snippet:-1","max-image-preview":"max-image-preview:large","max-video-preview":"max-video-preview:-1"},"canonical":"https:\/\/tanzzo.com\/pl\/help-and-faq\/","og_locale":"pl_PL","og_type":"article","og_title":"Help and FAQ - Tanzzo","og_description":"Pomoc i cz\u0119sto zadawane pytania dotycz\u0105ce strony Tanzzo i produkt\u00f3w Tanzzo, dostawy, wysy\u0142ki, zasad zwrot\u00f3w.","og_url":"https:\/\/tanzzo.com\/pl\/help-and-faq\/","og_site_name":"Tanzzo","article_publisher":"https:\/\/www.facebook.com\/Tanzzzo\/","article_modified_time":"2022-04-22T10:20:53+00:00","twitter_card":"summary_large_image","schema":{"@context":"https:\/\/schema.org","@graph":[{"@type":"WebPage","@id":"https:\/\/tanzzo.com\/pl\/help-and-faq\/","url":"https:\/\/tanzzo.com\/pl\/help-and-faq\/","name":"Help and FAQ - Tanzzo","isPartOf":{"@id":"https:\/\/tanzzo.com\/pl\/#website"},"datePublished":"2022-04-13T06:14:58+00:00","dateModified":"2022-04-22T10:20:53+00:00","description":"Pomoc i cz\u0119sto zadawane pytania dotycz\u0105ce strony Tanzzo i produkt\u00f3w Tanzzo, dostawy, wysy\u0142ki, zasad zwrot\u00f3w.","breadcrumb":{"@id":"https:\/\/tanzzo.com\/pl\/help-and-faq\/#breadcrumb"},"inLanguage":"pl-PL","potentialAction":[{"@type":"ReadAction","target":["https:\/\/tanzzo.com\/pl\/help-and-faq\/"]}]},{"@type":"BreadcrumbList","@id":"https:\/\/tanzzo.com\/pl\/help-and-faq\/#breadcrumb","itemListElement":[{"@type":"ListItem","position":1,"name":"Home","item":"https:\/\/tanzzo.com\/pl\/"},{"@type":"ListItem","position":2,"name":"Help and FAQ"}]},{"@type":"WebSite","@id":"https:\/\/tanzzo.com\/pl\/#website","url":"https:\/\/tanzzo.com\/pl\/","name":"Tanzzo","description":"GET YOUR PERFECT TAN","publisher":{"@id":"https:\/\/tanzzo.com\/pl\/#organization"},"potentialAction":[{"@type":"SearchAction","target":{"@type":"EntryPoint","urlTemplate":"https:\/\/tanzzo.com\/pl\/?s={search_term_string}"},"query-input":"required name=search_term_string"}],"inLanguage":"pl-PL"},{"@type":"Organization","@id":"https:\/\/tanzzo.com\/pl\/#organization","name":"Tanzzo","url":"https:\/\/tanzzo.com\/pl\/","logo":{"@type":"ImageObject","inLanguage":"pl-PL","@id":"https:\/\/tanzzo.com\/pl\/#\/schema\/logo\/image\/","url":"https:\/\/tanzzo.com\/wp-content\/uploads\/2021\/08\/tanzzo1.png","contentUrl":"https:\/\/tanzzo.com\/wp-content\/uploads\/2021\/08\/tanzzo1.png","width":2560,"height":426,"caption":"Tanzzo"},"image":{"@id":"https:\/\/tanzzo.com\/pl\/#\/schema\/logo\/image\/"},"sameAs":["https:\/\/www.facebook.com\/Tanzzzo\/","https:\/\/www.instagram.com\/tanzzo_original\/"]}]}},"_links":{"self":[{"href":"https:\/\/tanzzo.com\/pl\/wp-json\/wp\/v2\/pages\/2406","targetHints":{"allow":["GET"]}}],"collection":[{"href":"https:\/\/tanzzo.com\/pl\/wp-json\/wp\/v2\/pages"}],"about":[{"href":"https:\/\/tanzzo.com\/pl\/wp-json\/wp\/v2\/types\/page"}],"author":[{"embeddable":true,"href":"https:\/\/tanzzo.com\/pl\/wp-json\/wp\/v2\/users\/1"}],"replies":[{"embeddable":true,"href":"https:\/\/tanzzo.com\/pl\/wp-json\/wp\/v2\/comments?post=2406"}],"version-history":[{"count":2,"href":"https:\/\/tanzzo.com\/pl\/wp-json\/wp\/v2\/pages\/2406\/revisions"}],"predecessor-version":[{"id":5373,"href":"https:\/\/tanzzo.com\/pl\/wp-json\/wp\/v2\/pages\/2406\/revisions\/5373"}],"wp:attachment":[{"href":"https:\/\/tanzzo.com\/pl\/wp-json\/wp\/v2\/media?parent=2406"}],"curies":[{"name":"wp","href":"https:\/\/api.w.org\/{rel}","templated":true}]}}