
{"id":2400,"date":"2022-04-13T08:10:59","date_gmt":"2022-04-13T06:10:59","guid":{"rendered":"https:\/\/tanzzo.com\/?page_id=2400"},"modified":"2022-04-22T12:19:53","modified_gmt":"2022-04-22T10:19:53","slug":"collab-with-us","status":"publish","type":"page","link":"https:\/\/tanzzo.com\/pl\/collab-with-us\/","title":{"rendered":"Collab with us"},"content":{"rendered":"\t<section class=\"section\" id=\"section_1010373167\">\n\t\t<div class=\"bg section-bg fill bg-fill  bg-loaded\" >\n\n\t\t\t\n\t\t\t\n\t\t\t\n\n\t\t<\/div>\n\n\t\t\n\n\t\t<div class=\"section-content relative\">\n\t\t\t\n<div class=\"row\" style=\"max-width:1289px\" id=\"row-604281010\">\n\n\t<div id=\"col-344708516\" class=\"col medium-2 small-12 large-2\"  >\n\t\t\t\t<div class=\"col-inner\"  >\n\t\t\t\n\t\t\t\n<div class=\"is-divider divider clearfix\" style=\"margin-top:2em;margin-bottom:2em;max-width:100%;height:1px;background-color:rgb(0, 0, 0);\"><\/div>\n\t\t<\/div>\n\t\t\t\t\t<\/div>\n\n\t\n\n\t<div id=\"col-1313310130\" class=\"col medium-8 small-12 large-8\"  >\n\t\t\t\t<div class=\"col-inner text-center\"  >\n\t\t\t\n\t\t\t\n\t<div id=\"text-3254276773\" class=\"text\">\n\t\t\n<h2 style=\"text-transform: uppercase;\">WSP\u00d3\u0141PRACUJ Z NAMI!<br \/>\n<\/h2>\n\t\t\n<style>\n#text-3254276773 {\n  font-size: 1.6rem;\n  text-align: center;\n}\n<\/style>\n\t<\/div>\n\t\n\t\t<\/div>\n\t\t\t\t\t<\/div>\n\n\t\n\n\t<div id=\"col-1156389974\" class=\"col medium-2 small-12 large-2\"  >\n\t\t\t\t<div class=\"col-inner\"  >\n\t\t\t\n\t\t\t\n<div class=\"is-divider divider clearfix\" style=\"margin-top:2em;margin-bottom:2em;max-width:100%;height:1px;background-color:rgb(0, 0, 0);\"><\/div>\n\t\t<\/div>\n\t\t\t\t\t<\/div>\n\n\t\n<\/div>\n\t<div id=\"gap-1918409267\" class=\"gap-element clearfix\" style=\"display:block; height:auto;\">\n\t\t\n<style>\n#gap-1918409267 {\n  padding-top: 30px;\n}\n<\/style>\n\t<\/div>\n\t\n<div class=\"row align-middle\" style=\"max-width:1289px\" id=\"row-1804748995\">\n\n\t<div id=\"col-494968864\" class=\"col small-12 large-12\"  >\n\t\t\t\t<div class=\"col-inner\"  >\n\t\t\t\n\t\t\t\n<p><span style=\"font-weight: 400;\">Cze\u015b\u0107 kochana!<\/span><\/p>\n<p><span style=\"font-weight: 400;\">Chcesz spe\u0142ni\u0107 swoje marzenie, zosta\u0107 modelk\u0105 lub influencerk\u0105 i wsp\u00f3\u0142pracowa\u0107 z nami? Jeste\u015b wielk\u0105 mi\u0142o\u015bniczk\u0105 opalenizny?<\/span><\/p>\n<p><b>Niezale\u017cnie od tego, czy jeste\u015b instagramerk\u0105, vlogerk\u0105, blogerk\u0105, czy po prostu lojaln\u0105 klientk\u0105, chcieliby\u015bmy wsp\u00f3\u0142pracowa\u0107 z tob\u0105 za po\u015brednictwem medi\u00f3w spo\u0142eczno\u015bciowych!<\/b><\/p>\n<p><span style=\"font-weight: 400;\">Zarejestruj si\u0119 i daj nam troch\u0119 czasu na rozpatrzenie twojej aplikacji. Je\u015bli stwierdzimy, \u017ce co\u015b nas \u0142\u0105czy, otrzymasz wiadomo\u015b\u0107 e-mail z ofert\u0105 wsp\u00f3\u0142pracy.<\/span><\/p>\n<p><b>JE\u015aLI CZUJESZ, \u017bE TO JEST TO, WYRA\u0179 ZAINTERSOWANIE POPRZEZ WYPE\u0141NIENIE KWESTIONARIUSZA <\/b><b>\u2661<\/b><\/p>\n<p><span style=\"font-weight: 400;\">Uwaga: wielokrotne przesy\u0142anie zg\u0142osze\u0144 nie zwi\u0119ksza szans na otrzymanie wiadomo\u015bci zwrotnej. Je\u015bli oka\u017ce si\u0119, \u017ce do siebie pasujemy, na pewno damy ci zna\u0107!<\/span><\/p>\n\n<div class=\"wpcf7 no-js\" id=\"wpcf7-f4578-o1\" lang=\"pl-PL\" dir=\"ltr\">\n<div class=\"screen-reader-response\"><p role=\"status\" aria-live=\"polite\" aria-atomic=\"true\"><\/p> <ul><\/ul><\/div>\n<form action=\"\/pl\/wp-json\/wp\/v2\/pages\/2400#wpcf7-f4578-o1\" method=\"post\" class=\"wpcf7-form init\" aria-label=\"Formularz kontaktowy\" novalidate=\"novalidate\" data-status=\"init\">\n<div style=\"display: none;\">\n<input type=\"hidden\" name=\"_wpcf7\" value=\"4578\" \/>\n<input type=\"hidden\" name=\"_wpcf7_version\" value=\"5.7.6\" \/>\n<input type=\"hidden\" name=\"_wpcf7_locale\" value=\"pl_PL\" \/>\n<input type=\"hidden\" name=\"_wpcf7_unit_tag\" value=\"wpcf7-f4578-o1\" \/>\n<input type=\"hidden\" name=\"_wpcf7_container_post\" value=\"0\" \/>\n<input type=\"hidden\" name=\"_wpcf7_posted_data_hash\" value=\"\" \/>\n<input type=\"hidden\" name=\"_wpcf7_recaptcha_response\" value=\"\" \/>\n<\/div>\n<input class=\"wpcf7-form-control wpcf7-hidden\" id=\"thankyouURL\" value=\"https:\/\/tanzzo.com\/thank-you-for-inquiry\/\" type=\"hidden\" name=\"thankyouURL\" \/>\n<div class=\"collab-form\">\n\t<p><label><span class=\"wpcf7-form-control-wrap\" data-name=\"your-name\"><input size=\"40\" class=\"wpcf7-form-control wpcf7-text wpcf7-validates-as-required\" aria-required=\"true\" aria-invalid=\"false\" placeholder=\"Imi\u0119 i nazwisko\" value=\"\" type=\"text\" name=\"your-name\" \/><\/span><\/label>\n\t<\/p>\n\t<p><label><span class=\"wpcf7-form-control-wrap\" data-name=\"country\"><input size=\"40\" class=\"wpcf7-form-control wpcf7-text wpcf7-validates-as-required\" aria-required=\"true\" aria-invalid=\"false\" placeholder=\"Sk\u0105d jeste\u015b?\" value=\"\" type=\"text\" name=\"country\" \/><\/span> <\/label>\n\t<\/p>\n\t<p><label><span class=\"wpcf7-form-control-wrap\" data-name=\"your-email\"><input size=\"40\" class=\"wpcf7-form-control wpcf7-text wpcf7-email wpcf7-validates-as-required wpcf7-validates-as-email\" aria-required=\"true\" aria-invalid=\"false\" placeholder=\"Tw\u00f3j e-mail (do kontaktu z nami)\" value=\"\" type=\"email\" name=\"your-email\" \/><\/span> <\/label>\n\t<\/p>\n\t<p><label>Jakie profile spo\u0142eczno\u015bciowe prowadzisz?<br \/>\n<span class=\"wpcf7-form-control-wrap\" data-name=\"platform\"><select class=\"wpcf7-form-control wpcf7-select wpcf7-validates-as-required\" aria-required=\"true\" aria-invalid=\"false\" name=\"platform\"><option value=\"Instagram\">Instagram<\/option><option value=\"TikTok\">TikTok<\/option><option value=\"YouTube\">YouTube<\/option><option value=\"Facebook\">Facebook<\/option><option value=\"Inne\">Inne<\/option><\/select><\/span><\/label>\n\t<\/p>\n\t<p><label><span class=\"wpcf7-form-control-wrap\" data-name=\"handle\"><input size=\"40\" class=\"wpcf7-form-control wpcf7-text wpcf7-validates-as-required\" aria-required=\"true\" aria-invalid=\"false\" placeholder=\"Wklej linki do swoich profili spo\u0142eczno\u015bciowych (Instagram, Tik Tok, Youtube...)\" value=\"\" type=\"text\" name=\"handle\" \/><\/span> <\/label>\n\t<\/p>\n\t<p><label>Na czym skupiasz si\u0119 na swoim profilu (profilach)?<br \/>\n<span class=\"wpcf7-form-control-wrap\" data-name=\"focus\"><select class=\"wpcf7-form-control wpcf7-select wpcf7-validates-as-required\" aria-required=\"true\" aria-invalid=\"false\" name=\"focus\"><option value=\"Moda\">Moda<\/option><option value=\"Jedzenie\">Jedzenie<\/option><option value=\"Fitness\">Fitness<\/option><option value=\"Styl \u017cycia\">Styl \u017cycia<\/option><option value=\"Podr\u00f3\u017ce\">Podr\u00f3\u017ce<\/option><option value=\"Inne\">Inne<\/option><\/select><\/span><\/label>\n\t<\/p>\n\t<p><label><span class=\"wpcf7-form-control-wrap\" data-name=\"your-message\"><textarea cols=\"40\" rows=\"10\" class=\"wpcf7-form-control wpcf7-textarea wpcf7-validates-as-required\" aria-required=\"true\" aria-invalid=\"false\" placeholder=\"Jak chcia\u0142aby\u015b promowa\u0107 nasze produkty i co mog\u0142aby\u015b wnie\u015b\u0107 do rodziny TANZZO?\" name=\"your-message\"><\/textarea><\/span> <\/label>\n\t<\/p>\n\t<p><input class=\"wpcf7-form-control has-spinner wpcf7-submit\" type=\"submit\" value=\"WY\u015aLIJ\" \/>\n\t<\/p>\n<\/div>\n<p><script>\ndocument.addEventListener( 'wpcf7mailsent', function( event ) {\n var thankyouURL = document.getElementById(\"thankyouURL\").value;\n location = thankyouURL;\n}, false );\n<\/script>\n<\/p><div class=\"wpcf7-response-output\" aria-hidden=\"true\"><\/div>\n<\/form>\n<\/div>\n\n\t\t<\/div>\n\t\t\t\t\t<\/div>\n\n\t\n<\/div>\n\t\t<\/div>\n\n\t\t\n<style>\n#section_1010373167 {\n  padding-top: 100px;\n  padding-bottom: 100px;\n}\n#section_1010373167 .ux-shape-divider--top svg {\n  height: 150px;\n  --divider-top-width: 100%;\n}\n#section_1010373167 .ux-shape-divider--bottom svg {\n  height: 150px;\n  --divider-width: 100%;\n}\n<\/style>\n\t<\/section>\n\t\n","protected":false},"excerpt":{"rendered":"","protected":false},"author":1,"featured_media":0,"parent":0,"menu_order":0,"comment_status":"closed","ping_status":"closed","template":"page-blank.php","meta":{"footnotes":""},"class_list":["post-2400","page","type-page","status-publish","hentry"],"acf":[],"yoast_head":"<!-- This site is optimized with the Yoast SEO plugin v20.8 - https:\/\/yoast.com\/wordpress\/plugins\/seo\/ -->\n<title>Collab with us - Tanzzo<\/title>\n<meta name=\"description\" content=\"Niezale\u017cnie od tego, czy jeste\u015b blogerem, czy tylko lojalnym klientem, chcieliby\u015bmy wsp\u00f3\u0142pracowa\u0107 z Tob\u0105 za po\u015brednictwem medi\u00f3w spo\u0142eczno\u015bciowych.\" \/>\n<meta name=\"robots\" content=\"index, follow, max-snippet:-1, max-image-preview:large, max-video-preview:-1\" \/>\n<link rel=\"canonical\" href=\"https:\/\/tanzzo.com\/pl\/collab-with-us\/\" \/>\n<meta property=\"og:locale\" content=\"pl_PL\" \/>\n<meta property=\"og:type\" content=\"article\" \/>\n<meta property=\"og:title\" content=\"Collab with us - Tanzzo\" \/>\n<meta property=\"og:description\" content=\"Niezale\u017cnie od tego, czy jeste\u015b blogerem, czy tylko lojalnym klientem, chcieliby\u015bmy wsp\u00f3\u0142pracowa\u0107 z Tob\u0105 za po\u015brednictwem medi\u00f3w spo\u0142eczno\u015bciowych.\" \/>\n<meta property=\"og:url\" content=\"https:\/\/tanzzo.com\/pl\/collab-with-us\/\" \/>\n<meta property=\"og:site_name\" content=\"Tanzzo\" \/>\n<meta property=\"article:publisher\" content=\"https:\/\/www.facebook.com\/Tanzzzo\/\" \/>\n<meta property=\"article:modified_time\" content=\"2022-04-22T10:19:53+00:00\" \/>\n<meta name=\"twitter:card\" content=\"summary_large_image\" \/>\n<meta name=\"twitter:label1\" content=\"Szacowany czas czytania\" \/>\n\t<meta name=\"twitter:data1\" content=\"1 minuta\" \/>\n<script type=\"application\/ld+json\" class=\"yoast-schema-graph\">{\"@context\":\"https:\/\/schema.org\",\"@graph\":[{\"@type\":\"WebPage\",\"@id\":\"https:\/\/tanzzo.com\/pl\/collab-with-us\/\",\"url\":\"https:\/\/tanzzo.com\/pl\/collab-with-us\/\",\"name\":\"Collab with us - Tanzzo\",\"isPartOf\":{\"@id\":\"https:\/\/tanzzo.com\/pl\/#website\"},\"datePublished\":\"2022-04-13T06:10:59+00:00\",\"dateModified\":\"2022-04-22T10:19:53+00:00\",\"description\":\"Niezale\u017cnie od tego, czy jeste\u015b blogerem, czy tylko lojalnym klientem, chcieliby\u015bmy wsp\u00f3\u0142pracowa\u0107 z Tob\u0105 za po\u015brednictwem medi\u00f3w spo\u0142eczno\u015bciowych.\",\"breadcrumb\":{\"@id\":\"https:\/\/tanzzo.com\/pl\/collab-with-us\/#breadcrumb\"},\"inLanguage\":\"pl-PL\",\"potentialAction\":[{\"@type\":\"ReadAction\",\"target\":[\"https:\/\/tanzzo.com\/pl\/collab-with-us\/\"]}]},{\"@type\":\"BreadcrumbList\",\"@id\":\"https:\/\/tanzzo.com\/pl\/collab-with-us\/#breadcrumb\",\"itemListElement\":[{\"@type\":\"ListItem\",\"position\":1,\"name\":\"Home\",\"item\":\"https:\/\/tanzzo.com\/pl\/\"},{\"@type\":\"ListItem\",\"position\":2,\"name\":\"Collab with us\"}]},{\"@type\":\"WebSite\",\"@id\":\"https:\/\/tanzzo.com\/pl\/#website\",\"url\":\"https:\/\/tanzzo.com\/pl\/\",\"name\":\"Tanzzo\",\"description\":\"GET YOUR PERFECT TAN\",\"publisher\":{\"@id\":\"https:\/\/tanzzo.com\/pl\/#organization\"},\"potentialAction\":[{\"@type\":\"SearchAction\",\"target\":{\"@type\":\"EntryPoint\",\"urlTemplate\":\"https:\/\/tanzzo.com\/pl\/?s={search_term_string}\"},\"query-input\":\"required name=search_term_string\"}],\"inLanguage\":\"pl-PL\"},{\"@type\":\"Organization\",\"@id\":\"https:\/\/tanzzo.com\/pl\/#organization\",\"name\":\"Tanzzo\",\"url\":\"https:\/\/tanzzo.com\/pl\/\",\"logo\":{\"@type\":\"ImageObject\",\"inLanguage\":\"pl-PL\",\"@id\":\"https:\/\/tanzzo.com\/pl\/#\/schema\/logo\/image\/\",\"url\":\"https:\/\/tanzzo.com\/wp-content\/uploads\/2021\/08\/tanzzo1.png\",\"contentUrl\":\"https:\/\/tanzzo.com\/wp-content\/uploads\/2021\/08\/tanzzo1.png\",\"width\":2560,\"height\":426,\"caption\":\"Tanzzo\"},\"image\":{\"@id\":\"https:\/\/tanzzo.com\/pl\/#\/schema\/logo\/image\/\"},\"sameAs\":[\"https:\/\/www.facebook.com\/Tanzzzo\/\",\"https:\/\/www.instagram.com\/tanzzo_original\/\"]}]}<\/script>\n<!-- \/ Yoast SEO plugin. -->","yoast_head_json":{"title":"Collab with us - Tanzzo","description":"Niezale\u017cnie od tego, czy jeste\u015b blogerem, czy tylko lojalnym klientem, chcieliby\u015bmy wsp\u00f3\u0142pracowa\u0107 z Tob\u0105 za po\u015brednictwem medi\u00f3w spo\u0142eczno\u015bciowych.","robots":{"index":"index","follow":"follow","max-snippet":"max-snippet:-1","max-image-preview":"max-image-preview:large","max-video-preview":"max-video-preview:-1"},"canonical":"https:\/\/tanzzo.com\/pl\/collab-with-us\/","og_locale":"pl_PL","og_type":"article","og_title":"Collab with us - Tanzzo","og_description":"Niezale\u017cnie od tego, czy jeste\u015b blogerem, czy tylko lojalnym klientem, chcieliby\u015bmy wsp\u00f3\u0142pracowa\u0107 z Tob\u0105 za po\u015brednictwem medi\u00f3w spo\u0142eczno\u015bciowych.","og_url":"https:\/\/tanzzo.com\/pl\/collab-with-us\/","og_site_name":"Tanzzo","article_publisher":"https:\/\/www.facebook.com\/Tanzzzo\/","article_modified_time":"2022-04-22T10:19:53+00:00","twitter_card":"summary_large_image","twitter_misc":{"Szacowany czas czytania":"1 minuta"},"schema":{"@context":"https:\/\/schema.org","@graph":[{"@type":"WebPage","@id":"https:\/\/tanzzo.com\/pl\/collab-with-us\/","url":"https:\/\/tanzzo.com\/pl\/collab-with-us\/","name":"Collab with us - Tanzzo","isPartOf":{"@id":"https:\/\/tanzzo.com\/pl\/#website"},"datePublished":"2022-04-13T06:10:59+00:00","dateModified":"2022-04-22T10:19:53+00:00","description":"Niezale\u017cnie od tego, czy jeste\u015b blogerem, czy tylko lojalnym klientem, chcieliby\u015bmy wsp\u00f3\u0142pracowa\u0107 z Tob\u0105 za po\u015brednictwem medi\u00f3w spo\u0142eczno\u015bciowych.","breadcrumb":{"@id":"https:\/\/tanzzo.com\/pl\/collab-with-us\/#breadcrumb"},"inLanguage":"pl-PL","potentialAction":[{"@type":"ReadAction","target":["https:\/\/tanzzo.com\/pl\/collab-with-us\/"]}]},{"@type":"BreadcrumbList","@id":"https:\/\/tanzzo.com\/pl\/collab-with-us\/#breadcrumb","itemListElement":[{"@type":"ListItem","position":1,"name":"Home","item":"https:\/\/tanzzo.com\/pl\/"},{"@type":"ListItem","position":2,"name":"Collab with us"}]},{"@type":"WebSite","@id":"https:\/\/tanzzo.com\/pl\/#website","url":"https:\/\/tanzzo.com\/pl\/","name":"Tanzzo","description":"GET YOUR PERFECT TAN","publisher":{"@id":"https:\/\/tanzzo.com\/pl\/#organization"},"potentialAction":[{"@type":"SearchAction","target":{"@type":"EntryPoint","urlTemplate":"https:\/\/tanzzo.com\/pl\/?s={search_term_string}"},"query-input":"required name=search_term_string"}],"inLanguage":"pl-PL"},{"@type":"Organization","@id":"https:\/\/tanzzo.com\/pl\/#organization","name":"Tanzzo","url":"https:\/\/tanzzo.com\/pl\/","logo":{"@type":"ImageObject","inLanguage":"pl-PL","@id":"https:\/\/tanzzo.com\/pl\/#\/schema\/logo\/image\/","url":"https:\/\/tanzzo.com\/wp-content\/uploads\/2021\/08\/tanzzo1.png","contentUrl":"https:\/\/tanzzo.com\/wp-content\/uploads\/2021\/08\/tanzzo1.png","width":2560,"height":426,"caption":"Tanzzo"},"image":{"@id":"https:\/\/tanzzo.com\/pl\/#\/schema\/logo\/image\/"},"sameAs":["https:\/\/www.facebook.com\/Tanzzzo\/","https:\/\/www.instagram.com\/tanzzo_original\/"]}]}},"_links":{"self":[{"href":"https:\/\/tanzzo.com\/pl\/wp-json\/wp\/v2\/pages\/2400","targetHints":{"allow":["GET"]}}],"collection":[{"href":"https:\/\/tanzzo.com\/pl\/wp-json\/wp\/v2\/pages"}],"about":[{"href":"https:\/\/tanzzo.com\/pl\/wp-json\/wp\/v2\/types\/page"}],"author":[{"embeddable":true,"href":"https:\/\/tanzzo.com\/pl\/wp-json\/wp\/v2\/users\/1"}],"replies":[{"embeddable":true,"href":"https:\/\/tanzzo.com\/pl\/wp-json\/wp\/v2\/comments?post=2400"}],"version-history":[{"count":3,"href":"https:\/\/tanzzo.com\/pl\/wp-json\/wp\/v2\/pages\/2400\/revisions"}],"predecessor-version":[{"id":4643,"href":"https:\/\/tanzzo.com\/pl\/wp-json\/wp\/v2\/pages\/2400\/revisions\/4643"}],"wp:attachment":[{"href":"https:\/\/tanzzo.com\/pl\/wp-json\/wp\/v2\/media?parent=2400"}],"curies":[{"name":"wp","href":"https:\/\/api.w.org\/{rel}","templated":true}]}}