
{"id":2393,"date":"2022-04-13T08:10:02","date_gmt":"2022-04-13T06:10:02","guid":{"rendered":"https:\/\/tanzzo.com\/?page_id=2393"},"modified":"2022-04-27T21:50:39","modified_gmt":"2022-04-27T19:50:39","slug":"about-tanzzo","status":"publish","type":"page","link":"https:\/\/tanzzo.com\/pl\/about-tanzzo\/","title":{"rendered":"About Tanzzo"},"content":{"rendered":"\t<section class=\"section\" id=\"section_1074668048\">\n\t\t<div class=\"bg section-bg fill bg-fill  bg-loaded\" >\n\n\t\t\t\n\t\t\t\n\t\t\t\n\n\t\t<\/div>\n\n\t\t\n\n\t\t<div class=\"section-content relative\">\n\t\t\t\n<div class=\"row\" style=\"max-width:1289px\" id=\"row-776639610\">\n\n\t<div id=\"col-1134998747\" class=\"col medium-2 small-12 large-2\"  >\n\t\t\t\t<div class=\"col-inner\"  >\n\t\t\t\n\t\t\t\n<div class=\"is-divider divider clearfix\" style=\"margin-top:2em;margin-bottom:2em;max-width:100%;height:1px;background-color:rgb(0, 0, 0);\"><\/div>\n\t\t<\/div>\n\t\t\t\t\t<\/div>\n\n\t\n\n\t<div id=\"col-365006908\" class=\"col medium-8 small-12 large-8\"  >\n\t\t\t\t<div class=\"col-inner text-center\"  >\n\t\t\t\n\t\t\t\n\t<div id=\"text-438830701\" class=\"text\">\n\t\t\n<h2 style=\"text-transform: uppercase;\">INFORMACJE O TANZZO<br \/>\n<\/h2>\n\t\t\n<style>\n#text-438830701 {\n  font-size: 1.6rem;\n  text-align: center;\n}\n<\/style>\n\t<\/div>\n\t\n\t\t<\/div>\n\t\t\t\t\t<\/div>\n\n\t\n\n\t<div id=\"col-524121771\" class=\"col medium-2 small-12 large-2\"  >\n\t\t\t\t<div class=\"col-inner\"  >\n\t\t\t\n\t\t\t\n<div class=\"is-divider divider clearfix\" style=\"margin-top:2em;margin-bottom:2em;max-width:100%;height:1px;background-color:rgb(0, 0, 0);\"><\/div>\n\t\t<\/div>\n\t\t\t\t\t<\/div>\n\n\t\n<\/div>\n\t<div id=\"gap-347082388\" class=\"gap-element clearfix\" style=\"display:block; height:auto;\">\n\t\t\n<style>\n#gap-347082388 {\n  padding-top: 30px;\n}\n<\/style>\n\t<\/div>\n\t\n<div class=\"row align-middle\" style=\"max-width:1289px\" id=\"row-77594254\">\n\n\t<div id=\"col-611496578\" class=\"col small-12 large-12\"  >\n\t\t\t\t<div class=\"col-inner\"  >\n\t\t\t\n\t\t\t\n<p><span style=\"font-weight: 400;\">\u2661<\/span><span style=\"font-weight: 400;\"> Wszystko zacz\u0119\u0142o si\u0119 od po\u0142\u0105czenia si\u0142 m\u0142odych i aspiruj\u0105cych przedsi\u0119biorc\u00f3w, aby m\u00f3c wspiera\u0107 kobiety i dostarcza\u0107 im najlepszych produkt\u00f3w do piel\u0119gnacji sk\u00f3ry.<\/span><\/p>\n<p><span style=\"font-weight: 400;\">TANZZO to marka kosmetyczna, kt\u00f3rej celem jest produkcja wysokiej jako\u015bci kosmetyk\u00f3w i produkt\u00f3w do opalania. Stworzyli\u015bmy formu\u0142\u0119 wykorzystuj\u0105c\u0105 kilka kluczowych i ekskluzywnych sk\u0142adnik\u00f3w, kt\u00f3re zapewniaj\u0105 od\u017cywion\u0105 i promienn\u0105 sk\u00f3r\u0119. Wszystkie produkty s\u0105 opracowywane i wytwarzane we w\u0142asnym zakresie. Dzi\u0119ki temu osi\u0105gamy najwy\u017csz\u0105 jako\u015b\u0107, poniewa\u017c mamy pe\u0142n\u0105 kontrol\u0119 od momentu pojawienia si\u0119 nowego pomys\u0142u do gotowego produktu. Tworz\u0105c produkty, bierzemy pod uwag\u0119 opinie kobiet w r\u00f3\u017cnym wieku, kt\u00f3re z nami wsp\u00f3\u0142pracuj\u0105 i wskazuj\u0105 nam drog\u0119 do tworzenia najwy\u017cszej jako\u015bci kosmetyk\u00f3w daj\u0105cych pewno\u015b\u0107 siebie. Zdajemy sobie spraw\u0119, jak wa\u017cne jest, aby dobrze si\u0119 czu\u0107 we w\u0142asnej sk\u00f3rze, dlatego staramy si\u0119 tworzy\u0107 produkty, kt\u00f3re pomog\u0105 ci osi\u0105gn\u0105\u0107 zdrow\u0105 samoocen\u0119 i zwalcz\u0105 przekonanie, \u017ce \u201e\u017ale si\u0119 czuj\u0119 w mojej sk\u00f3rze\u201d.<\/span><span style=\"font-weight: 400;\"><br \/><\/span><\/p>\n<p><span style=\"font-weight: 400;\">Wierzymy, \u017ce nasz\u0105 misj\u0105 jest wzmacnianie si\u0142y i pewno\u015bci siebie ka\u017cdej z nas\u00a0<\/span><span style=\"font-weight: 400;\">\u2661<\/span><\/p>\n\t<div id=\"gap-965018145\" class=\"gap-element clearfix\" style=\"display:block; height:auto;\">\n\t\t\n<style>\n#gap-965018145 {\n  padding-top: 30px;\n}\n<\/style>\n\t<\/div>\n\t\n<h4>Informacje o firmie<br \/>\n<\/h4>\n<p>GM WEB, trade and services d. o. o.<br \/>\nBrodi\u0161\u010de 28,<br \/>\n1236 Trzin, Slovenija<\/p>\n<h4>Numer identyfikacji podatkowej:  54700477<\/h4>\n<h4>Numer rejestracyjny sp\u00f3\u0142ki: 8632081000<\/h4>\n\t\t<\/div>\n\t\t\t\t\t<\/div>\n\n\t\n<\/div>\n\t\t<\/div>\n\n\t\t\n<style>\n#section_1074668048 {\n  padding-top: 100px;\n  padding-bottom: 100px;\n}\n#section_1074668048 .ux-shape-divider--top svg {\n  height: 150px;\n  --divider-top-width: 100%;\n}\n#section_1074668048 .ux-shape-divider--bottom svg {\n  height: 150px;\n  --divider-width: 100%;\n}\n<\/style>\n\t<\/section>\n\t\n","protected":false},"excerpt":{"rendered":"","protected":false},"author":1,"featured_media":0,"parent":0,"menu_order":0,"comment_status":"closed","ping_status":"closed","template":"page-blank.php","meta":{"footnotes":""},"class_list":["post-2393","page","type-page","status-publish","hentry"],"acf":[],"yoast_head":"<!-- This site is optimized with the Yoast SEO plugin v20.8 - https:\/\/yoast.com\/wordpress\/plugins\/seo\/ -->\n<title>About Tanzzo - Tanzzo<\/title>\n<meta name=\"description\" content=\"Tanzzo to marka kosmetyczna oferuj\u0105ca produkty do opalania. Wspiera kobiety i zapewnia im samoopiek\u0119 i piel\u0119gnacj\u0119 sk\u00f3ry.\" \/>\n<meta name=\"robots\" content=\"index, follow, max-snippet:-1, max-image-preview:large, max-video-preview:-1\" \/>\n<link rel=\"canonical\" href=\"https:\/\/tanzzo.com\/pl\/about-tanzzo\/\" \/>\n<meta property=\"og:locale\" content=\"pl_PL\" \/>\n<meta property=\"og:type\" content=\"article\" \/>\n<meta property=\"og:title\" content=\"About Tanzzo - Tanzzo\" \/>\n<meta property=\"og:description\" content=\"Tanzzo to marka kosmetyczna oferuj\u0105ca produkty do opalania. Wspiera kobiety i zapewnia im samoopiek\u0119 i piel\u0119gnacj\u0119 sk\u00f3ry.\" \/>\n<meta property=\"og:url\" content=\"https:\/\/tanzzo.com\/pl\/about-tanzzo\/\" \/>\n<meta property=\"og:site_name\" content=\"Tanzzo\" \/>\n<meta property=\"article:publisher\" content=\"https:\/\/www.facebook.com\/Tanzzzo\/\" \/>\n<meta property=\"article:modified_time\" content=\"2022-04-27T19:50:39+00:00\" \/>\n<meta name=\"twitter:card\" content=\"summary_large_image\" \/>\n<meta name=\"twitter:label1\" content=\"Szacowany czas czytania\" \/>\n\t<meta name=\"twitter:data1\" content=\"1 minuta\" \/>\n<script type=\"application\/ld+json\" class=\"yoast-schema-graph\">{\"@context\":\"https:\/\/schema.org\",\"@graph\":[{\"@type\":\"WebPage\",\"@id\":\"https:\/\/tanzzo.com\/pl\/about-tanzzo\/\",\"url\":\"https:\/\/tanzzo.com\/pl\/about-tanzzo\/\",\"name\":\"About Tanzzo - Tanzzo\",\"isPartOf\":{\"@id\":\"https:\/\/tanzzo.com\/pl\/#website\"},\"datePublished\":\"2022-04-13T06:10:02+00:00\",\"dateModified\":\"2022-04-27T19:50:39+00:00\",\"description\":\"Tanzzo to marka kosmetyczna oferuj\u0105ca produkty do opalania. Wspiera kobiety i zapewnia im samoopiek\u0119 i piel\u0119gnacj\u0119 sk\u00f3ry.\",\"breadcrumb\":{\"@id\":\"https:\/\/tanzzo.com\/pl\/about-tanzzo\/#breadcrumb\"},\"inLanguage\":\"pl-PL\",\"potentialAction\":[{\"@type\":\"ReadAction\",\"target\":[\"https:\/\/tanzzo.com\/pl\/about-tanzzo\/\"]}]},{\"@type\":\"BreadcrumbList\",\"@id\":\"https:\/\/tanzzo.com\/pl\/about-tanzzo\/#breadcrumb\",\"itemListElement\":[{\"@type\":\"ListItem\",\"position\":1,\"name\":\"Home\",\"item\":\"https:\/\/tanzzo.com\/pl\/\"},{\"@type\":\"ListItem\",\"position\":2,\"name\":\"About Tanzzo\"}]},{\"@type\":\"WebSite\",\"@id\":\"https:\/\/tanzzo.com\/pl\/#website\",\"url\":\"https:\/\/tanzzo.com\/pl\/\",\"name\":\"Tanzzo\",\"description\":\"GET YOUR PERFECT TAN\",\"publisher\":{\"@id\":\"https:\/\/tanzzo.com\/pl\/#organization\"},\"potentialAction\":[{\"@type\":\"SearchAction\",\"target\":{\"@type\":\"EntryPoint\",\"urlTemplate\":\"https:\/\/tanzzo.com\/pl\/?s={search_term_string}\"},\"query-input\":\"required name=search_term_string\"}],\"inLanguage\":\"pl-PL\"},{\"@type\":\"Organization\",\"@id\":\"https:\/\/tanzzo.com\/pl\/#organization\",\"name\":\"Tanzzo\",\"url\":\"https:\/\/tanzzo.com\/pl\/\",\"logo\":{\"@type\":\"ImageObject\",\"inLanguage\":\"pl-PL\",\"@id\":\"https:\/\/tanzzo.com\/pl\/#\/schema\/logo\/image\/\",\"url\":\"https:\/\/tanzzo.com\/wp-content\/uploads\/2021\/08\/tanzzo1.png\",\"contentUrl\":\"https:\/\/tanzzo.com\/wp-content\/uploads\/2021\/08\/tanzzo1.png\",\"width\":2560,\"height\":426,\"caption\":\"Tanzzo\"},\"image\":{\"@id\":\"https:\/\/tanzzo.com\/pl\/#\/schema\/logo\/image\/\"},\"sameAs\":[\"https:\/\/www.facebook.com\/Tanzzzo\/\",\"https:\/\/www.instagram.com\/tanzzo_original\/\"]}]}<\/script>\n<!-- \/ Yoast SEO plugin. -->","yoast_head_json":{"title":"About Tanzzo - Tanzzo","description":"Tanzzo to marka kosmetyczna oferuj\u0105ca produkty do opalania. Wspiera kobiety i zapewnia im samoopiek\u0119 i piel\u0119gnacj\u0119 sk\u00f3ry.","robots":{"index":"index","follow":"follow","max-snippet":"max-snippet:-1","max-image-preview":"max-image-preview:large","max-video-preview":"max-video-preview:-1"},"canonical":"https:\/\/tanzzo.com\/pl\/about-tanzzo\/","og_locale":"pl_PL","og_type":"article","og_title":"About Tanzzo - Tanzzo","og_description":"Tanzzo to marka kosmetyczna oferuj\u0105ca produkty do opalania. Wspiera kobiety i zapewnia im samoopiek\u0119 i piel\u0119gnacj\u0119 sk\u00f3ry.","og_url":"https:\/\/tanzzo.com\/pl\/about-tanzzo\/","og_site_name":"Tanzzo","article_publisher":"https:\/\/www.facebook.com\/Tanzzzo\/","article_modified_time":"2022-04-27T19:50:39+00:00","twitter_card":"summary_large_image","twitter_misc":{"Szacowany czas czytania":"1 minuta"},"schema":{"@context":"https:\/\/schema.org","@graph":[{"@type":"WebPage","@id":"https:\/\/tanzzo.com\/pl\/about-tanzzo\/","url":"https:\/\/tanzzo.com\/pl\/about-tanzzo\/","name":"About Tanzzo - Tanzzo","isPartOf":{"@id":"https:\/\/tanzzo.com\/pl\/#website"},"datePublished":"2022-04-13T06:10:02+00:00","dateModified":"2022-04-27T19:50:39+00:00","description":"Tanzzo to marka kosmetyczna oferuj\u0105ca produkty do opalania. Wspiera kobiety i zapewnia im samoopiek\u0119 i piel\u0119gnacj\u0119 sk\u00f3ry.","breadcrumb":{"@id":"https:\/\/tanzzo.com\/pl\/about-tanzzo\/#breadcrumb"},"inLanguage":"pl-PL","potentialAction":[{"@type":"ReadAction","target":["https:\/\/tanzzo.com\/pl\/about-tanzzo\/"]}]},{"@type":"BreadcrumbList","@id":"https:\/\/tanzzo.com\/pl\/about-tanzzo\/#breadcrumb","itemListElement":[{"@type":"ListItem","position":1,"name":"Home","item":"https:\/\/tanzzo.com\/pl\/"},{"@type":"ListItem","position":2,"name":"About Tanzzo"}]},{"@type":"WebSite","@id":"https:\/\/tanzzo.com\/pl\/#website","url":"https:\/\/tanzzo.com\/pl\/","name":"Tanzzo","description":"GET YOUR PERFECT TAN","publisher":{"@id":"https:\/\/tanzzo.com\/pl\/#organization"},"potentialAction":[{"@type":"SearchAction","target":{"@type":"EntryPoint","urlTemplate":"https:\/\/tanzzo.com\/pl\/?s={search_term_string}"},"query-input":"required name=search_term_string"}],"inLanguage":"pl-PL"},{"@type":"Organization","@id":"https:\/\/tanzzo.com\/pl\/#organization","name":"Tanzzo","url":"https:\/\/tanzzo.com\/pl\/","logo":{"@type":"ImageObject","inLanguage":"pl-PL","@id":"https:\/\/tanzzo.com\/pl\/#\/schema\/logo\/image\/","url":"https:\/\/tanzzo.com\/wp-content\/uploads\/2021\/08\/tanzzo1.png","contentUrl":"https:\/\/tanzzo.com\/wp-content\/uploads\/2021\/08\/tanzzo1.png","width":2560,"height":426,"caption":"Tanzzo"},"image":{"@id":"https:\/\/tanzzo.com\/pl\/#\/schema\/logo\/image\/"},"sameAs":["https:\/\/www.facebook.com\/Tanzzzo\/","https:\/\/www.instagram.com\/tanzzo_original\/"]}]}},"_links":{"self":[{"href":"https:\/\/tanzzo.com\/pl\/wp-json\/wp\/v2\/pages\/2393","targetHints":{"allow":["GET"]}}],"collection":[{"href":"https:\/\/tanzzo.com\/pl\/wp-json\/wp\/v2\/pages"}],"about":[{"href":"https:\/\/tanzzo.com\/pl\/wp-json\/wp\/v2\/types\/page"}],"author":[{"embeddable":true,"href":"https:\/\/tanzzo.com\/pl\/wp-json\/wp\/v2\/users\/1"}],"replies":[{"embeddable":true,"href":"https:\/\/tanzzo.com\/pl\/wp-json\/wp\/v2\/comments?post=2393"}],"version-history":[{"count":4,"href":"https:\/\/tanzzo.com\/pl\/wp-json\/wp\/v2\/pages\/2393\/revisions"}],"predecessor-version":[{"id":5715,"href":"https:\/\/tanzzo.com\/pl\/wp-json\/wp\/v2\/pages\/2393\/revisions\/5715"}],"wp:attachment":[{"href":"https:\/\/tanzzo.com\/pl\/wp-json\/wp\/v2\/media?parent=2393"}],"curies":[{"name":"wp","href":"https:\/\/api.w.org\/{rel}","templated":true}]}}