
{"id":2395,"date":"2022-04-01T08:58:49","date_gmt":"2022-04-13T06:12:46","guid":{"rendered":"https:\/\/tanzzo.com\/?post_type=product&#038;p=2395"},"modified":"2023-04-14T16:16:25","modified_gmt":"2023-04-14T14:16:25","slug":"olio-abbronzante","status":"publish","type":"product","link":"https:\/\/tanzzo.com\/it\/product\/olio-abbronzante\/","title":{"rendered":"Olio abbronzante &#8211; 150ml"},"content":{"rendered":"<div class=\"row row-collapse row-full-width\"  id=\"row-1794003067\">\n\n\t<div id=\"col-664172728\" class=\"col small-12 large-12\"  >\n\t\t\t\t<div class=\"col-inner\"  >\n\t\t\t\n\t\t\t\n<div class=\"row row-collapse row-full-width align-middle\"  id=\"row-1017252292\">\n\n\t<div id=\"col-1545263826\" class=\"col medium-6 small-12 large-8\"  >\n\t\t\t\t<div class=\"col-inner\"  >\n\t\t\t\n\t\t\t\n\n  <div class=\"banner has-hover\" id=\"banner-822809188\">\n          <div class=\"banner-inner fill\">\n        <div class=\"banner-bg fill\" >\n            <div class=\"bg fill bg-fill \"><\/div>\n                                    \n                    <\/div>\n\t\t\n        <div class=\"banner-layers container\">\n            <div class=\"fill banner-link\"><\/div>            \n        <\/div>\n      <\/div>\n\n            \n<style>\n#banner-822809188 {\n  padding-top: 200px;\n  background-color: rgb(245, 245, 245);\n}\n#banner-822809188 .bg.bg-loaded {\n  background-image: url(https:\/\/tanzzo.com\/wp-content\/uploads\/2022\/04\/IMG_1316-2-2-800x800.jpg);\n}\n#banner-822809188 .bg {\n  background-position: 13% 51%;\n}\n#banner-822809188 .ux-shape-divider--top svg {\n  height: 150px;\n  --divider-top-width: 100%;\n}\n#banner-822809188 .ux-shape-divider--bottom svg {\n  height: 150px;\n  --divider-width: 100%;\n}\n@media (min-width:550px) {\n  #banner-822809188 {\n    padding-top: 460px;\n  }\n}\n<\/style>\n  <\/div>\n\n\n\t\t<\/div>\n\t\t\t\t\t<\/div>\n\n\t\n\n\t<div id=\"col-161772527\" class=\"col pb-0 medium-6 small-12 large-4\"  >\n\t\t\t\t<div class=\"col-inner\"  >\n\t\t\t\n\t\t\t\n<div class=\"row row-collapse\"  id=\"row-1597877471\">\n\n\t<div id=\"col-719465711\" class=\"col pb-0 large-12\"  >\n\t\t\t\t<div class=\"col-inner text-left\" style=\"background-color:rgb(255,255,255);\" >\n\t\t\t\n\t\t\t\n<ul class=\"orange-dots\">\n<li>Boosting up your natural tanning process<\/li>\n<li>Moisturizing and hydrating for your skin<\/li>\n<li>Tropical scent that will have you daydreaming about an exotic island!<\/li>\n<li>Absorbing quickly into the skin and leaving no stains<\/li>\n<\/ul>\n<a href=\"#price-box-container\" target=\"_self\" class=\"button primary is-large\"  >\n    <span>BUY NOW<\/span>\n  <\/a>\n\n\t\t<\/div>\n\t\t\t\t\n<style>\n#col-719465711 > .col-inner {\n  margin: 0px 0px 0px 0px;\n}\n@media (min-width:550px) {\n  #col-719465711 > .col-inner {\n    margin: 0px 0px 0px -30px;\n  }\n}\n@media (min-width:850px) {\n  #col-719465711 > .col-inner {\n    margin: 0px 30px 0px -30px;\n  }\n}\n<\/style>\n\t<\/div>\n\n\t\n\n<style>\n#row-1597877471 > .col > .col-inner {\n  padding: 20px 20px 20px 20px;\n}\n@media (min-width:550px) {\n  #row-1597877471 > .col > .col-inner {\n    padding: 40px 40px 40px 40px;\n  }\n}\n<\/style>\n<\/div>\n\t\t<\/div>\n\t\t\t\t\t<\/div>\n\n\t\n<\/div>\n\t\t<\/div>\n\t\t\t\t\t<\/div>\n\n\t\n\n<style>\n#row-1794003067 > .col > .col-inner {\n  background-color: rgb(245, 245, 245);\n}\n<\/style>\n<\/div>\n\t<div id=\"gap-1653906761\" class=\"gap-element clearfix\" style=\"display:block; height:auto;\">\n\t\t\n<style>\n#gap-1653906761 {\n  padding-top: 30px;\n}\n@media (min-width:550px) {\n  #gap-1653906761 {\n    padding-top: 60px;\n  }\n}\n<\/style>\n\t<\/div>\n\t\n\n\t<section class=\"section product-reviews\" id=\"section_312392999\">\n\t\t<div class=\"bg section-bg fill bg-fill  bg-loaded\" >\n\n\t\t\t\n\t\t\t\n\t\t\t\n\n\t\t<\/div>\n\n\t\t\n\n\t\t<div class=\"section-content relative\">\n\t\t\t\r\n\r\n<span class=\"scroll-to\" data-label=\"Scroll to: #reviews\" data-bullet=\"false\" data-link=\"#reviews\" data-title=\"Reviews\"><a name=\"reviews\"><\/a><\/span>\r\n\r\n<div class=\"row rvs\"  id=\"row-1125153624\">\r\n\r\n\n\t<div id=\"col-771631543\" class=\"col small-12 large-12\"  >\n\t\t\t\t<div class=\"col-inner\"  >\n\t\t\t\n\t\t\t\r\n\r\n<div class=\"row row-collapse\"  id=\"row-331658119\">\r\n\r\n\n\t<div id=\"col-1743780458\" class=\"col medium-3 small-12 large-3\"  >\n\t\t\t\t<div class=\"col-inner\"  >\n\t\t\t\n\t\t\t\r\n\r\n<div class=\"is-divider divider clearfix\" style=\"margin-top:2em;margin-bottom:2em;max-width:100%;height:1px;background-color:rgb(0, 0, 0);\"><\/div>\r\n\r\n\r\n\t\t<\/div>\n\t\t\t\t\t<\/div>\n\n\t\r\n\n\t<div id=\"col-228376504\" class=\"col medium-6 small-12 large-6\"  >\n\t\t\t\t<div class=\"col-inner\"  >\n\t\t\t\n\t\t\t\r\n\r\n\t<div id=\"text-1591500132\" class=\"text\">\n\t\t\r\n\r\n<h2>Recensioni dei clienti<\/h2>\r\n\t\t\n<style>\n#text-1591500132 {\n  font-size: 1.6rem;\n  text-align: center;\n}\n<\/style>\n\t<\/div>\n\t\r\n\r\n\t\t<\/div>\n\t\t\t\t\t<\/div>\n\n\t\r\n\n\t<div id=\"col-1038975206\" class=\"col medium-3 small-12 large-3\"  >\n\t\t\t\t<div class=\"col-inner\"  >\n\t\t\t\n\t\t\t\r\n\r\n<div class=\"is-divider divider clearfix\" style=\"margin-top:2em;margin-bottom:2em;max-width:100%;height:1px;background-color:rgb(0, 0, 0);\"><\/div>\r\n\r\n\r\n\t\t<\/div>\n\t\t\t\t\t<\/div>\n\n\t\r\n\r\n<\/div>\r\n\t<div id=\"gap-1925061181\" class=\"gap-element clearfix\" style=\"display:block; height:auto;\">\n\t\t\n<style>\n#gap-1925061181 {\n  padding-top: 30px;\n}\n<\/style>\n\t<\/div>\n\t\r\n\r\n\r\n\t\t<\/div>\n\t\t\t\t\t<\/div>\n\n\t\r\n\n\t<div id=\"col-1044245629\" class=\"col small-12 large-12\"  >\n\t\t\t\t<div class=\"col-inner\"  >\n\t\t\t\n\t\t\t\r\n\r\n<div class=\"row row-collapse align-bottom\"  id=\"row-1068393140\">\r\n\r\n\n\t<div id=\"col-313211949\" class=\"col medium-4 small-6 large-4\"  >\n\t\t\t\t<div class=\"col-inner\"  >\n\t\t\t\n\t\t\t\r\n\r\n\t<div id=\"text-2393341152\" class=\"text\">\n\t\t\r\n\r\n<div style=\"font-family: Light\">4.2 <span class=\"star-rating custom-rating\"><span style=\"width:84%\"><strong class=\"rating\"><\/strong><\/span><\/span><\/div><style>.float-left > .star-rating span:before, .float-left > .star-rating:before{ color: #f99c2e !important; }<\/style>\r\n\t\t\n<style>\n#text-2393341152 {\n  font-size: 1.5rem;\n}\n@media (min-width:550px) {\n  #text-2393341152 {\n    font-size: 2rem;\n  }\n}\n<\/style>\n\t<\/div>\n\t\r\n\r\n\t\t<\/div>\n\t\t\t\t\t<\/div>\n\n\t\r\n\n\t<div id=\"col-1568347513\" class=\"col hide-for-small medium-4 small-12 large-4\"  >\n\t\t\t\t<div class=\"col-inner\"  >\n\t\t\t\n\t\t\t\r\n\r\n\r\n\t\t<\/div>\n\t\t\t\t\t<\/div>\n\n\t\r\n\n\t<div id=\"col-334719977\" class=\"col medium-4 small-6 large-4\"  >\n\t\t\t\t<div class=\"col-inner text-right\"  >\n\t\t\t\n\t\t\t\r\n\r\n\t<div id=\"text-846076125\" class=\"text\">\n\t\t\r\n\r\n<span style=\"font-family: Light\">224 Reviews<\/span>\r\n\t\t\n<style>\n#text-846076125 {\n  font-size: 1.2rem;\n}\n@media (min-width:550px) {\n  #text-846076125 {\n    font-size: 1.5rem;\n  }\n}\n<\/style>\n\t<\/div>\n\t\r\n\r\n\t\t<\/div>\n\t\t\t\t\t<\/div>\n\n\t\r\n\r\n<\/div>\r\n\t<div id=\"gap-1864960331\" class=\"gap-element clearfix\" style=\"display:block; height:auto;\">\n\t\t\n<style>\n#gap-1864960331 {\n  padding-top: 10px;\n}\n@media (min-width:550px) {\n  #gap-1864960331 {\n    padding-top: 30px;\n  }\n}\n<\/style>\n\t<\/div>\n\t\r\n\r\n\r\n\t\t<\/div>\n\t\t\t\t\t<\/div>\n\n\t\r\n\n\t<div id=\"col-1532756029\" class=\"col comment-box small-12 large-12\"  >\n\t\t\t\t<div class=\"col-inner\"  >\n\t\t\t\n\t\t\t\r\n\r\n  <div class=\"icon-box testimonial-box icon-box-left text-left\">\n                <div class=\"icon-box-text p-last-0\">\n          <div class=\"star-rating\"><span style=\"width:100%\"><strong class=\"rating\"><\/strong><\/span><\/div>  \t\t\t\t<div class=\"testimonial-text line-height-small italic test_text first-reset last-reset is-italic\">\n            \r\n\r\n<h3>Ma\u0161a P, 24 SLO<\/h3>\r\n<p>The smell is AMAZING. I think everyone should buy and try. I bet you have never smelled something that good!<\/p>\r\n\r\n\r\n          <\/div>\n          <div class=\"testimonial-meta pt-half\">\n             <strong class=\"testimonial-name test_name\"><\/strong>\n                          <span class=\"testimonial-company test_company\"><\/span>\n          <\/div>\n        <\/div>\n  <\/div>\n\n  \r\n  <div class=\"icon-box testimonial-box icon-box-left text-left\">\n                <div class=\"icon-box-text p-last-0\">\n          <div class=\"star-rating\"><span style=\"width:100%\"><strong class=\"rating\"><\/strong><\/span><\/div>  \t\t\t\t<div class=\"testimonial-text line-height-small italic test_text first-reset last-reset is-italic\">\n            \r\n\r\n<h3>Hanna V, 19 PL<\/h3>\r\n<p>I am very pale and every summer I struggle to get tanned. But not anymore. The effects of this product are amazing!<\/p>\r\n\r\n\r\n          <\/div>\n          <div class=\"testimonial-meta pt-half\">\n             <strong class=\"testimonial-name test_name\"><\/strong>\n                          <span class=\"testimonial-company test_company\"><\/span>\n          <\/div>\n        <\/div>\n  <\/div>\n\n  \r\n  <div class=\"icon-box testimonial-box icon-box-left text-left\">\n                <div class=\"icon-box-text p-last-0\">\n          <div class=\"star-rating\"><span style=\"width:100%\"><strong class=\"rating\"><\/strong><\/span><\/div>  \t\t\t\t<div class=\"testimonial-text line-height-small italic test_text first-reset last-reset is-italic\">\n            \r\n\r\n<h3>Zuzanna M, 22 PL<\/h3>\r\n<p>The best tanning product! My skin is nicely tanned, nicely nourished and looks healthy! I will recommend it to my friends!<\/p>\r\n\r\n\r\n          <\/div>\n          <div class=\"testimonial-meta pt-half\">\n             <strong class=\"testimonial-name test_name\"><\/strong>\n                          <span class=\"testimonial-company test_company\"><\/span>\n          <\/div>\n        <\/div>\n  <\/div>\n\n  \r\n  <div class=\"icon-box testimonial-box icon-box-left text-left\">\n                <div class=\"icon-box-text p-last-0\">\n          <div class=\"star-rating\"><span style=\"width:75%\"><strong class=\"rating\"><\/strong><\/span><\/div>  \t\t\t\t<div class=\"testimonial-text line-height-small italic test_text first-reset last-reset is-italic\">\n            \r\n\r\n<h3>Daniela T, 30 IT<\/h3>\r\n<p>I tanned up within the day and my skin felt great. Best product I had so far. Skin was super hydrated and soft.<\/p>\r\n\r\n\r\n          <\/div>\n          <div class=\"testimonial-meta pt-half\">\n             <strong class=\"testimonial-name test_name\"><\/strong>\n                          <span class=\"testimonial-company test_company\"><\/span>\n          <\/div>\n        <\/div>\n  <\/div>\n\n  \r\n  <div class=\"icon-box testimonial-box icon-box-left text-left\">\n                <div class=\"icon-box-text p-last-0\">\n          <div class=\"star-rating\"><span style=\"width:75%\"><strong class=\"rating\"><\/strong><\/span><\/div>  \t\t\t\t<div class=\"testimonial-text line-height-small italic test_text first-reset last-reset is-italic\">\n            \r\n\r\n<h3>Luca T, 36 HU<\/h3>\r\n<p>I was always seeking that deep golden tan. I feel and look so much better with that summer glow. Thank you for that!<\/p>\r\n\r\n\r\n          <\/div>\n          <div class=\"testimonial-meta pt-half\">\n             <strong class=\"testimonial-name test_name\"><\/strong>\n                          <span class=\"testimonial-company test_company\"><\/span>\n          <\/div>\n        <\/div>\n  <\/div>\n\n  \r\n  <div class=\"icon-box testimonial-box icon-box-left text-left\">\n                <div class=\"icon-box-text p-last-0\">\n          <div class=\"star-rating\"><span style=\"width:75%\"><strong class=\"rating\"><\/strong><\/span><\/div>  \t\t\t\t<div class=\"testimonial-text line-height-small italic test_text first-reset last-reset is-italic\">\n            \r\n\r\n<h3>Gala \u0160, 25 SLO<\/h3>\r\n<p>Besides the efficiency, smell and hydration, I love the fact that it doesn\u2019t stain my clothes!<\/p>\r\n\r\n\r\n          <\/div>\n          <div class=\"testimonial-meta pt-half\">\n             <strong class=\"testimonial-name test_name\"><\/strong>\n                          <span class=\"testimonial-company test_company\"><\/span>\n          <\/div>\n        <\/div>\n  <\/div>\n\n  \r\n  <div class=\"icon-box testimonial-box icon-box-left text-left\">\n                <div class=\"icon-box-text p-last-0\">\n          <div class=\"star-rating\"><span style=\"width:75%\"><strong class=\"rating\"><\/strong><\/span><\/div>  \t\t\t\t<div class=\"testimonial-text line-height-small italic test_text first-reset last-reset is-italic\">\n            \r\n\r\n<h3>Csilia C, 35 HU<\/h3>\r\n<p>I finally found the right product for myself! The results are far better than any other cream that I used.<\/p>\r\n\r\n\r\n          <\/div>\n          <div class=\"testimonial-meta pt-half\">\n             <strong class=\"testimonial-name test_name\"><\/strong>\n                          <span class=\"testimonial-company test_company\"><\/span>\n          <\/div>\n        <\/div>\n  <\/div>\n\n  \r\n  <div class=\"icon-box testimonial-box icon-box-left text-left\">\n                <div class=\"icon-box-text p-last-0\">\n          <div class=\"star-rating\"><span style=\"width:75%\"><strong class=\"rating\"><\/strong><\/span><\/div>  \t\t\t\t<div class=\"testimonial-text line-height-small italic test_text first-reset last-reset is-italic\">\n            \r\n\r\n<h3>Marianna B, 24<\/h3>\r\n<p>I have not yet come to such quick and effective results. The problem is because I am very pale and it takes a very long time to get a little bit of tan. Apparently no more!<\/p>\r\n\r\n\r\n          <\/div>\n          <div class=\"testimonial-meta pt-half\">\n             <strong class=\"testimonial-name test_name\"><\/strong>\n                          <span class=\"testimonial-company test_company\"><\/span>\n          <\/div>\n        <\/div>\n  <\/div>\n\n  \r\n  <div class=\"icon-box testimonial-box icon-box-left text-left\">\n                <div class=\"icon-box-text p-last-0\">\n          <div class=\"star-rating\"><span style=\"width:75%\"><strong class=\"rating\"><\/strong><\/span><\/div>  \t\t\t\t<div class=\"testimonial-text line-height-small italic test_text first-reset last-reset is-italic\">\n            \r\n\r\n<h3>Ivana R, 32<\/h3>\r\n<p>Smells great, does seem to speed up the natural tanning process extremely well!<\/p>\r\n\r\n\r\n          <\/div>\n          <div class=\"testimonial-meta pt-half\">\n             <strong class=\"testimonial-name test_name\"><\/strong>\n                          <span class=\"testimonial-company test_company\"><\/span>\n          <\/div>\n        <\/div>\n  <\/div>\n\n  \r\n  <div class=\"icon-box testimonial-box icon-box-left text-left\">\n                <div class=\"icon-box-text p-last-0\">\n          <div class=\"star-rating\"><span style=\"width:75%\"><strong class=\"rating\"><\/strong><\/span><\/div>  \t\t\t\t<div class=\"testimonial-text line-height-small italic test_text first-reset last-reset is-italic\">\n            \r\n\r\n<h3>Lucija K, 30 HR<\/h3>\r\n<p>AMAZING product. You can see the difference super quick. By the way, the smell is so incredible!<\/p>\r\n\r\n\r\n          <\/div>\n          <div class=\"testimonial-meta pt-half\">\n             <strong class=\"testimonial-name test_name\"><\/strong>\n                          <span class=\"testimonial-company test_company\"><\/span>\n          <\/div>\n        <\/div>\n  <\/div>\n\n  \r\n  <div class=\"icon-box testimonial-box icon-box-left text-left\">\n                <div class=\"icon-box-text p-last-0\">\n          <div class=\"star-rating\"><span style=\"width:75%\"><strong class=\"rating\"><\/strong><\/span><\/div>  \t\t\t\t<div class=\"testimonial-text line-height-small italic test_text first-reset last-reset is-italic\">\n            \r\n\r\n<h3>Blanka P, 28 PL<\/h3>\r\n<p>Within 2 hours of sitting in the sun I was super tanned. Very happy with the results. It\u2019s been about 2 months and I still have a bronzed complexion.<\/p>\r\n\r\n\r\n          <\/div>\n          <div class=\"testimonial-meta pt-half\">\n             <strong class=\"testimonial-name test_name\"><\/strong>\n                          <span class=\"testimonial-company test_company\"><\/span>\n          <\/div>\n        <\/div>\n  <\/div>\n\n  \r\n  <div class=\"icon-box testimonial-box icon-box-left text-left\">\n                <div class=\"icon-box-text p-last-0\">\n          <div class=\"star-rating\"><span style=\"width:75%\"><strong class=\"rating\"><\/strong><\/span><\/div>  \t\t\t\t<div class=\"testimonial-text line-height-small italic test_text first-reset last-reset is-italic\">\n            \r\n\r\n<h3>Zlatica G, 27 SK<\/h3>\r\n<p>When I come back from vacation everyone asks me how I manage to get such a beautiful tan. I have never received so many compliments! <\/p>\r\n\r\n\r\n          <\/div>\n          <div class=\"testimonial-meta pt-half\">\n             <strong class=\"testimonial-name test_name\"><\/strong>\n                          <span class=\"testimonial-company test_company\"><\/span>\n          <\/div>\n        <\/div>\n  <\/div>\n\n  \r\n\t<div id=\"gap-688517548\" class=\"gap-element clearfix\" style=\"display:block; height:auto;\">\n\t\t\n<style>\n#gap-688517548 {\n  padding-top: 30px;\n}\n<\/style>\n\t<\/div>\n\t\r\n\r\n\r\n\t\t<\/div>\n\t\t\t\t\t<\/div>\n\n\t\r\n\r\n<\/div>\r\n<div class=\"row\"  id=\"row-285204427\">\r\n\r\n\n\t<div id=\"col-1092441748\" class=\"col small-12 large-12\"  >\n\t\t\t\t<div class=\"col-inner text-center\"  >\n\t\t\t\n\t\t\t\r\n\r\n<a class=\"button primary see-more\"  >\n    <span>See more<\/span>\n  <\/a>\n\r\n\r\n\r\n\t\t<\/div>\n\t\t\t\t\t<\/div>\n\n\t\r\n\r\n<\/div>\r\n\r\n\t\t<\/div>\n\n\t\t\n<style>\n#section_312392999 {\n  padding-top: 30px;\n  padding-bottom: 30px;\n}\n#section_312392999 .ux-shape-divider--top svg {\n  height: 150px;\n  --divider-top-width: 100%;\n}\n#section_312392999 .ux-shape-divider--bottom svg {\n  height: 150px;\n  --divider-width: 100%;\n}\n@media (min-width:850px) {\n  #section_312392999 {\n    padding-top: 100px;\n    padding-bottom: 100px;\n  }\n}\n<\/style>\n\t<\/section>\n\t\n","protected":false},"excerpt":{"rendered":"<p>Potenzia la tua abbronzatura con l&#8217;Olio abbronzante Tanzzo!<\/p>\n<p>Questo olio abbronzante leggero lenisce, liscia e idrata in profondit\u00e0 la pelle mentre ottieni un&#8217;abbronzatura naturale. Ingredienti di qualit\u00e0 selezionati ti aiuteranno a abbronzarti pi\u00f9 velocemente e prolungheranno la luminosit\u00e0 della pelle. Contiene una combinazione altamente nutriente di ingredienti che forniscono alla pelle un alto livello di nutrimento, conservando al tempo stesso l&#8217;idratazione e l&#8217;elasticit\u00e0 naturali. La formulazione nutriente e levigante viene assorbita velocemente, \u00e8 facile da applicare e lascia la pelle con una sensazione piacevole e senza effetto appiccicoso.<\/p>\n","protected":false},"featured_media":11963,"template":"","meta":[],"product_cat":[29],"product_tag":[],"class_list":["post-2395","product","type-product","status-publish","has-post-thumbnail","hentry","product_cat-uncategorized-it"],"acf":[],"yoast_head":"<!-- This site is optimized with the Yoast SEO plugin v20.8 - https:\/\/yoast.com\/wordpress\/plugins\/seo\/ -->\n<title>Olio abbronzante - 150ml - Tanzzo<\/title>\n<meta name=\"description\" content=\"L&#039;olio abbronzante leggero Tanzzo lenisce, leviga e idrata in profondit\u00e0 la pelle mentre ottieni un&#039;abbronzatura naturale.\" \/>\n<meta name=\"robots\" content=\"index, follow, max-snippet:-1, max-image-preview:large, max-video-preview:-1\" \/>\n<link rel=\"canonical\" href=\"https:\/\/tanzzo.com\/it\/product\/olio-abbronzante\/\" \/>\n<meta property=\"og:locale\" content=\"it_IT\" \/>\n<meta property=\"og:type\" content=\"article\" \/>\n<meta property=\"og:title\" content=\"Olio abbronzante - 150ml - Tanzzo\" \/>\n<meta property=\"og:description\" content=\"L&#039;olio abbronzante leggero Tanzzo lenisce, leviga e idrata in profondit\u00e0 la pelle mentre ottieni un&#039;abbronzatura naturale.\" \/>\n<meta property=\"og:url\" content=\"https:\/\/tanzzo.com\/it\/product\/olio-abbronzante\/\" \/>\n<meta property=\"og:site_name\" content=\"Tanzzo\" \/>\n<meta property=\"article:publisher\" content=\"https:\/\/www.facebook.com\/Tanzzzo\/\" \/>\n<meta property=\"article:modified_time\" content=\"2023-04-14T14:16:25+00:00\" \/>\n<meta property=\"og:image\" content=\"https:\/\/tanzzo.com\/wp-content\/uploads\/2022\/04\/Olje1-800x800.png\" \/>\n\t<meta property=\"og:image:width\" content=\"800\" \/>\n\t<meta property=\"og:image:height\" content=\"800\" \/>\n\t<meta property=\"og:image:type\" content=\"image\/png\" \/>\n<meta name=\"twitter:card\" content=\"summary_large_image\" \/>\n<meta name=\"twitter:label1\" content=\"Tempo di lettura stimato\" \/>\n\t<meta name=\"twitter:data1\" content=\"2 minuti\" \/>\n<script type=\"application\/ld+json\" class=\"yoast-schema-graph\">{\"@context\":\"https:\/\/schema.org\",\"@graph\":[{\"@type\":\"WebPage\",\"@id\":\"https:\/\/tanzzo.com\/it\/product\/olio-abbronzante\/\",\"url\":\"https:\/\/tanzzo.com\/it\/product\/olio-abbronzante\/\",\"name\":\"Olio abbronzante - 150ml - Tanzzo\",\"isPartOf\":{\"@id\":\"https:\/\/tanzzo.com\/it\/#website\"},\"datePublished\":\"2022-04-13T06:12:46+00:00\",\"dateModified\":\"2023-04-14T14:16:25+00:00\",\"description\":\"L'olio abbronzante leggero Tanzzo lenisce, leviga e idrata in profondit\u00e0 la pelle mentre ottieni un'abbronzatura naturale.\",\"breadcrumb\":{\"@id\":\"https:\/\/tanzzo.com\/it\/product\/olio-abbronzante\/#breadcrumb\"},\"inLanguage\":\"it-IT\",\"potentialAction\":[{\"@type\":\"ReadAction\",\"target\":[\"https:\/\/tanzzo.com\/it\/product\/olio-abbronzante\/\"]}]},{\"@type\":\"BreadcrumbList\",\"@id\":\"https:\/\/tanzzo.com\/it\/product\/olio-abbronzante\/#breadcrumb\",\"itemListElement\":[{\"@type\":\"ListItem\",\"position\":1,\"name\":\"Pagina iniziale\",\"item\":\"https:\/\/tanzzo.com\/it\/\"},{\"@type\":\"ListItem\",\"position\":2,\"name\":\"Negozio\",\"item\":\"https:\/\/tanzzo.com\/it\/negozio\/\"},{\"@type\":\"ListItem\",\"position\":3,\"name\":\"Olio abbronzante &#8211; 150ml\"}]},{\"@type\":\"WebSite\",\"@id\":\"https:\/\/tanzzo.com\/it\/#website\",\"url\":\"https:\/\/tanzzo.com\/it\/\",\"name\":\"Tanzzo\",\"description\":\"GET YOUR PERFECT TAN\",\"publisher\":{\"@id\":\"https:\/\/tanzzo.com\/it\/#organization\"},\"potentialAction\":[{\"@type\":\"SearchAction\",\"target\":{\"@type\":\"EntryPoint\",\"urlTemplate\":\"https:\/\/tanzzo.com\/it\/?s={search_term_string}\"},\"query-input\":\"required name=search_term_string\"}],\"inLanguage\":\"it-IT\"},{\"@type\":\"Organization\",\"@id\":\"https:\/\/tanzzo.com\/it\/#organization\",\"name\":\"Tanzzo\",\"url\":\"https:\/\/tanzzo.com\/it\/\",\"logo\":{\"@type\":\"ImageObject\",\"inLanguage\":\"it-IT\",\"@id\":\"https:\/\/tanzzo.com\/it\/#\/schema\/logo\/image\/\",\"url\":\"https:\/\/tanzzo.com\/wp-content\/uploads\/2021\/08\/tanzzo1.png\",\"contentUrl\":\"https:\/\/tanzzo.com\/wp-content\/uploads\/2021\/08\/tanzzo1.png\",\"width\":2560,\"height\":426,\"caption\":\"Tanzzo\"},\"image\":{\"@id\":\"https:\/\/tanzzo.com\/it\/#\/schema\/logo\/image\/\"},\"sameAs\":[\"https:\/\/www.facebook.com\/Tanzzzo\/\",\"https:\/\/www.instagram.com\/tanzzo_original\/\"]}]}<\/script>\n<!-- \/ Yoast SEO plugin. -->","yoast_head_json":{"title":"Olio abbronzante - 150ml - Tanzzo","description":"L'olio abbronzante leggero Tanzzo lenisce, leviga e idrata in profondit\u00e0 la pelle mentre ottieni un'abbronzatura naturale.","robots":{"index":"index","follow":"follow","max-snippet":"max-snippet:-1","max-image-preview":"max-image-preview:large","max-video-preview":"max-video-preview:-1"},"canonical":"https:\/\/tanzzo.com\/it\/product\/olio-abbronzante\/","og_locale":"it_IT","og_type":"article","og_title":"Olio abbronzante - 150ml - Tanzzo","og_description":"L'olio abbronzante leggero Tanzzo lenisce, leviga e idrata in profondit\u00e0 la pelle mentre ottieni un'abbronzatura naturale.","og_url":"https:\/\/tanzzo.com\/it\/product\/olio-abbronzante\/","og_site_name":"Tanzzo","article_publisher":"https:\/\/www.facebook.com\/Tanzzzo\/","article_modified_time":"2023-04-14T14:16:25+00:00","og_image":[{"width":800,"height":800,"url":"https:\/\/tanzzo.com\/wp-content\/uploads\/2022\/04\/Olje1-800x800.png","type":"image\/png"}],"twitter_card":"summary_large_image","twitter_misc":{"Tempo di lettura stimato":"2 minuti"},"schema":{"@context":"https:\/\/schema.org","@graph":[{"@type":"WebPage","@id":"https:\/\/tanzzo.com\/it\/product\/olio-abbronzante\/","url":"https:\/\/tanzzo.com\/it\/product\/olio-abbronzante\/","name":"Olio abbronzante - 150ml - Tanzzo","isPartOf":{"@id":"https:\/\/tanzzo.com\/it\/#website"},"datePublished":"2022-04-13T06:12:46+00:00","dateModified":"2023-04-14T14:16:25+00:00","description":"L'olio abbronzante leggero Tanzzo lenisce, leviga e idrata in profondit\u00e0 la pelle mentre ottieni un'abbronzatura naturale.","breadcrumb":{"@id":"https:\/\/tanzzo.com\/it\/product\/olio-abbronzante\/#breadcrumb"},"inLanguage":"it-IT","potentialAction":[{"@type":"ReadAction","target":["https:\/\/tanzzo.com\/it\/product\/olio-abbronzante\/"]}]},{"@type":"BreadcrumbList","@id":"https:\/\/tanzzo.com\/it\/product\/olio-abbronzante\/#breadcrumb","itemListElement":[{"@type":"ListItem","position":1,"name":"Pagina iniziale","item":"https:\/\/tanzzo.com\/it\/"},{"@type":"ListItem","position":2,"name":"Negozio","item":"https:\/\/tanzzo.com\/it\/negozio\/"},{"@type":"ListItem","position":3,"name":"Olio abbronzante &#8211; 150ml"}]},{"@type":"WebSite","@id":"https:\/\/tanzzo.com\/it\/#website","url":"https:\/\/tanzzo.com\/it\/","name":"Tanzzo","description":"GET YOUR PERFECT TAN","publisher":{"@id":"https:\/\/tanzzo.com\/it\/#organization"},"potentialAction":[{"@type":"SearchAction","target":{"@type":"EntryPoint","urlTemplate":"https:\/\/tanzzo.com\/it\/?s={search_term_string}"},"query-input":"required name=search_term_string"}],"inLanguage":"it-IT"},{"@type":"Organization","@id":"https:\/\/tanzzo.com\/it\/#organization","name":"Tanzzo","url":"https:\/\/tanzzo.com\/it\/","logo":{"@type":"ImageObject","inLanguage":"it-IT","@id":"https:\/\/tanzzo.com\/it\/#\/schema\/logo\/image\/","url":"https:\/\/tanzzo.com\/wp-content\/uploads\/2021\/08\/tanzzo1.png","contentUrl":"https:\/\/tanzzo.com\/wp-content\/uploads\/2021\/08\/tanzzo1.png","width":2560,"height":426,"caption":"Tanzzo"},"image":{"@id":"https:\/\/tanzzo.com\/it\/#\/schema\/logo\/image\/"},"sameAs":["https:\/\/www.facebook.com\/Tanzzzo\/","https:\/\/www.instagram.com\/tanzzo_original\/"]}]}},"_links":{"self":[{"href":"https:\/\/tanzzo.com\/it\/wp-json\/wp\/v2\/product\/2395","targetHints":{"allow":["GET"]}}],"collection":[{"href":"https:\/\/tanzzo.com\/it\/wp-json\/wp\/v2\/product"}],"about":[{"href":"https:\/\/tanzzo.com\/it\/wp-json\/wp\/v2\/types\/product"}],"wp:featuredmedia":[{"embeddable":true,"href":"https:\/\/tanzzo.com\/it\/wp-json\/wp\/v2\/media\/11963"}],"wp:attachment":[{"href":"https:\/\/tanzzo.com\/it\/wp-json\/wp\/v2\/media?parent=2395"}],"wp:term":[{"taxonomy":"product_cat","embeddable":true,"href":"https:\/\/tanzzo.com\/it\/wp-json\/wp\/v2\/product_cat?post=2395"},{"taxonomy":"product_tag","embeddable":true,"href":"https:\/\/tanzzo.com\/it\/wp-json\/wp\/v2\/product_tag?post=2395"}],"curies":[{"name":"wp","href":"https:\/\/api.w.org\/{rel}","templated":true}]}}