
{"id":2307,"date":"2022-04-13T07:59:12","date_gmt":"2022-04-13T05:59:12","guid":{"rendered":"https:\/\/tanzzo.com\/?page_id=2307"},"modified":"2022-04-22T12:31:54","modified_gmt":"2022-04-22T10:31:54","slug":"collabora-con-noi","status":"publish","type":"page","link":"https:\/\/tanzzo.com\/it\/collabora-con-noi\/","title":{"rendered":"COLLABORA CON NOI"},"content":{"rendered":"\t<section class=\"section\" id=\"section_85157309\">\n\t\t<div class=\"bg section-bg fill bg-fill  bg-loaded\" >\n\n\t\t\t\n\t\t\t\n\t\t\t\n\n\t\t<\/div>\n\n\t\t\n\n\t\t<div class=\"section-content relative\">\n\t\t\t\n<div class=\"row\" style=\"max-width:1289px\" id=\"row-1055542233\">\n\n\t<div id=\"col-152613716\" class=\"col medium-2 small-12 large-2\"  >\n\t\t\t\t<div class=\"col-inner\"  >\n\t\t\t\n\t\t\t\n<div class=\"is-divider divider clearfix\" style=\"margin-top:2em;margin-bottom:2em;max-width:100%;height:1px;background-color:rgb(0, 0, 0);\"><\/div>\n\t\t<\/div>\n\t\t\t\t\t<\/div>\n\n\t\n\n\t<div id=\"col-121343885\" class=\"col medium-8 small-12 large-8\"  >\n\t\t\t\t<div class=\"col-inner text-center\"  >\n\t\t\t\n\t\t\t\n\t<div id=\"text-1788437798\" class=\"text\">\n\t\t\n<h2 style=\"text-transform: uppercase;\">COLLABORA CON NOI<\/h2>\n\t\t\n<style>\n#text-1788437798 {\n  font-size: 1.6rem;\n  text-align: center;\n}\n<\/style>\n\t<\/div>\n\t\n\t\t<\/div>\n\t\t\t\t\t<\/div>\n\n\t\n\n\t<div id=\"col-80198984\" class=\"col medium-2 small-12 large-2\"  >\n\t\t\t\t<div class=\"col-inner\"  >\n\t\t\t\n\t\t\t\n<div class=\"is-divider divider clearfix\" style=\"margin-top:2em;margin-bottom:2em;max-width:100%;height:1px;background-color:rgb(0, 0, 0);\"><\/div>\n\t\t<\/div>\n\t\t\t\t\t<\/div>\n\n\t\n<\/div>\n\t<div id=\"gap-945684869\" class=\"gap-element clearfix\" style=\"display:block; height:auto;\">\n\t\t\n<style>\n#gap-945684869 {\n  padding-top: 30px;\n}\n<\/style>\n\t<\/div>\n\t\n<div class=\"row align-middle\" style=\"max-width:1289px\" id=\"row-1050424645\">\n\n\t<div id=\"col-238450437\" class=\"col small-12 large-12\"  >\n\t\t\t\t<div class=\"col-inner\"  >\n\t\t\t\n\t\t\t\n<p><span style=\"font-weight: 400;\">Ehi, bellezza!\u00a0<\/span><\/p>\n<p><span style=\"font-weight: 400;\">Stai inseguendo il tuo sogno di diventare una modella o influencer e sei interessata a collaborare con noi? Non puoi rinunciare ad un&#8217;abbronzatura perfetta?\u00a0<\/span><\/p>\n<p><b><i>Che tu sia un&#8217;instagrammer, una vlogger, una blogger o semplicemente una cliente affezionata, ci piacerebbe collaborare con te attraverso i social media!\u00a0<\/i><\/b><\/p>\n<p><span style=\"font-weight: 400;\">Dopo l&#8217;iscrizione, ci prenderemo il tempo necessario per esaminare la tua domanda. Se riteniamo ci sia un bel feeling tra noi, riceverai un&#8217;email con un&#8217;offerta di collaborazione.<\/span><\/p>\n<p><b>SE SENTI LE GIUSTE VIBES, MOSTRACI IL TUO INTERESSE COMPILANDO QUESTO MODULO <\/b><b>\u2661<\/b><\/p>\n<p><span style=\"font-weight: 400;\">Attenzione: se invii pi\u00f9 moduli, le probabilit\u00e0 di ricevere una risposta non aumenteranno. Ti contatteremo sicuramente se capiremo che c&#8217;\u00e8 la giusta sintonia!<\/span><\/p>\n\n<div class=\"wpcf7 no-js\" id=\"wpcf7-f4577-o1\" lang=\"it-IT\" dir=\"ltr\">\n<div class=\"screen-reader-response\"><p role=\"status\" aria-live=\"polite\" aria-atomic=\"true\"><\/p> <ul><\/ul><\/div>\n<form action=\"\/it\/wp-json\/wp\/v2\/pages\/2307#wpcf7-f4577-o1\" method=\"post\" class=\"wpcf7-form init\" aria-label=\"Modulo di contatto\" novalidate=\"novalidate\" data-status=\"init\">\n<div style=\"display: none;\">\n<input type=\"hidden\" name=\"_wpcf7\" value=\"4577\" \/>\n<input type=\"hidden\" name=\"_wpcf7_version\" value=\"5.7.6\" \/>\n<input type=\"hidden\" name=\"_wpcf7_locale\" value=\"it_IT\" \/>\n<input type=\"hidden\" name=\"_wpcf7_unit_tag\" value=\"wpcf7-f4577-o1\" \/>\n<input type=\"hidden\" name=\"_wpcf7_container_post\" value=\"0\" \/>\n<input type=\"hidden\" name=\"_wpcf7_posted_data_hash\" value=\"\" \/>\n<input type=\"hidden\" name=\"_wpcf7_recaptcha_response\" value=\"\" \/>\n<\/div>\n<input class=\"wpcf7-form-control wpcf7-hidden\" id=\"thankyouURL\" value=\"https:\/\/tanzzo.com\/thank-you-for-inquiry\/\" type=\"hidden\" name=\"thankyouURL\" \/>\n<div class=\"collab-form\">\n\t<p><label><span class=\"wpcf7-form-control-wrap\" data-name=\"your-name\"><input size=\"40\" class=\"wpcf7-form-control wpcf7-text wpcf7-validates-as-required\" aria-required=\"true\" aria-invalid=\"false\" placeholder=\"Nome e cognome\" value=\"\" type=\"text\" name=\"your-name\" \/><\/span><\/label>\n\t<\/p>\n\t<p><label><span class=\"wpcf7-form-control-wrap\" data-name=\"country\"><input size=\"40\" class=\"wpcf7-form-control wpcf7-text wpcf7-validates-as-required\" aria-required=\"true\" aria-invalid=\"false\" placeholder=\"Da dove vieni?\" value=\"\" type=\"text\" name=\"country\" \/><\/span> <\/label>\n\t<\/p>\n\t<p><label><span class=\"wpcf7-form-control-wrap\" data-name=\"your-email\"><input size=\"40\" class=\"wpcf7-form-control wpcf7-text wpcf7-email wpcf7-validates-as-required wpcf7-validates-as-email\" aria-required=\"true\" aria-invalid=\"false\" placeholder=\"La tua email (cos\u00ec possiamo contattarti)\" value=\"\" type=\"email\" name=\"your-email\" \/><\/span> <\/label>\n\t<\/p>\n\t<p><label>Quali profili sociali gestisci?<br \/>\n<span class=\"wpcf7-form-control-wrap\" data-name=\"platform\"><select class=\"wpcf7-form-control wpcf7-select wpcf7-validates-as-required\" aria-required=\"true\" aria-invalid=\"false\" name=\"platform\"><option value=\"Instagram\">Instagram<\/option><option value=\"TikTok\">TikTok<\/option><option value=\"YouTube\">YouTube<\/option><option value=\"Facebook\">Facebook<\/option><option value=\"Altro\">Altro<\/option><\/select><\/span><\/label>\n\t<\/p>\n\t<p><label><span class=\"wpcf7-form-control-wrap\" data-name=\"handle\"><input size=\"40\" class=\"wpcf7-form-control wpcf7-text wpcf7-validates-as-required\" aria-required=\"true\" aria-invalid=\"false\" placeholder=\"Incolla i link ai tuoi profili sociali (Instagram, Tik Tok, Youtube,...)\" value=\"\" type=\"text\" name=\"handle\" \/><\/span> <\/label>\n\t<\/p>\n\t<p><label>Qual \u00e8 il tema principale dei tuoi profili?<br \/>\n<span class=\"wpcf7-form-control-wrap\" data-name=\"focus\"><select class=\"wpcf7-form-control wpcf7-select wpcf7-validates-as-required\" aria-required=\"true\" aria-invalid=\"false\" name=\"focus\"><option value=\"Moda\">Moda<\/option><option value=\"Cibo\">Cibo<\/option><option value=\"Fitness\">Fitness<\/option><option value=\"Stile di vita\">Stile di vita<\/option><option value=\"Viaggi\">Viaggi<\/option><option value=\"Altro\">Altro<\/option><\/select><\/span><\/label>\n\t<\/p>\n\t<p><label><span class=\"wpcf7-form-control-wrap\" data-name=\"your-message\"><textarea cols=\"40\" rows=\"10\" class=\"wpcf7-form-control wpcf7-textarea wpcf7-validates-as-required\" aria-required=\"true\" aria-invalid=\"false\" placeholder=\"Come pensi di promuovere i nostri prodotti e che contributo potresti dare alla famiglia TANZZO?\" name=\"your-message\"><\/textarea><\/span> <\/label>\n\t<\/p>\n\t<p><input class=\"wpcf7-form-control has-spinner wpcf7-submit\" type=\"submit\" value=\"INVIA\" \/>\n\t<\/p>\n<\/div>\n<p><script>\ndocument.addEventListener( 'wpcf7mailsent', function( event ) {\n var thankyouURL = document.getElementById(\"thankyouURL\").value;\n location = thankyouURL;\n}, false );\n<\/script>\n<\/p><div class=\"wpcf7-response-output\" aria-hidden=\"true\"><\/div>\n<\/form>\n<\/div>\n\n\t\t<\/div>\n\t\t\t\t\t<\/div>\n\n\t\n<\/div>\n\t\t<\/div>\n\n\t\t\n<style>\n#section_85157309 {\n  padding-top: 100px;\n  padding-bottom: 100px;\n}\n#section_85157309 .ux-shape-divider--top svg {\n  height: 150px;\n  --divider-top-width: 100%;\n}\n#section_85157309 .ux-shape-divider--bottom svg {\n  height: 150px;\n  --divider-width: 100%;\n}\n<\/style>\n\t<\/section>\n\t\n","protected":false},"excerpt":{"rendered":"","protected":false},"author":1,"featured_media":0,"parent":0,"menu_order":0,"comment_status":"closed","ping_status":"closed","template":"page-blank.php","meta":{"footnotes":""},"class_list":["post-2307","page","type-page","status-publish","hentry"],"acf":[],"yoast_head":"<!-- This site is optimized with the Yoast SEO plugin v20.8 - https:\/\/yoast.com\/wordpress\/plugins\/seo\/ -->\n<title>COLLABORA CON NOI - Tanzzo<\/title>\n<meta name=\"description\" content=\"Che tu sia instagrammer, vlogger, blogger o solo un cliente fedele, ci piacerebbe collaborare con te attraverso i social media!\" \/>\n<meta name=\"robots\" content=\"index, follow, max-snippet:-1, max-image-preview:large, max-video-preview:-1\" \/>\n<link rel=\"canonical\" href=\"https:\/\/tanzzo.com\/it\/collabora-con-noi\/\" \/>\n<meta property=\"og:locale\" content=\"it_IT\" \/>\n<meta property=\"og:type\" content=\"article\" \/>\n<meta property=\"og:title\" content=\"COLLABORA CON NOI - Tanzzo\" \/>\n<meta property=\"og:description\" content=\"Che tu sia instagrammer, vlogger, blogger o solo un cliente fedele, ci piacerebbe collaborare con te attraverso i social media!\" \/>\n<meta property=\"og:url\" content=\"https:\/\/tanzzo.com\/it\/collabora-con-noi\/\" \/>\n<meta property=\"og:site_name\" content=\"Tanzzo\" \/>\n<meta property=\"article:publisher\" content=\"https:\/\/www.facebook.com\/Tanzzzo\/\" \/>\n<meta property=\"article:modified_time\" content=\"2022-04-22T10:31:54+00:00\" \/>\n<meta name=\"twitter:card\" content=\"summary_large_image\" \/>\n<meta name=\"twitter:label1\" content=\"Tempo di lettura stimato\" \/>\n\t<meta name=\"twitter:data1\" content=\"1 minuto\" \/>\n<script type=\"application\/ld+json\" class=\"yoast-schema-graph\">{\"@context\":\"https:\/\/schema.org\",\"@graph\":[{\"@type\":\"WebPage\",\"@id\":\"https:\/\/tanzzo.com\/it\/collabora-con-noi\/\",\"url\":\"https:\/\/tanzzo.com\/it\/collabora-con-noi\/\",\"name\":\"COLLABORA CON NOI - Tanzzo\",\"isPartOf\":{\"@id\":\"https:\/\/tanzzo.com\/it\/#website\"},\"datePublished\":\"2022-04-13T05:59:12+00:00\",\"dateModified\":\"2022-04-22T10:31:54+00:00\",\"description\":\"Che tu sia instagrammer, vlogger, blogger o solo un cliente fedele, ci piacerebbe collaborare con te attraverso i social media!\",\"breadcrumb\":{\"@id\":\"https:\/\/tanzzo.com\/it\/collabora-con-noi\/#breadcrumb\"},\"inLanguage\":\"it-IT\",\"potentialAction\":[{\"@type\":\"ReadAction\",\"target\":[\"https:\/\/tanzzo.com\/it\/collabora-con-noi\/\"]}]},{\"@type\":\"BreadcrumbList\",\"@id\":\"https:\/\/tanzzo.com\/it\/collabora-con-noi\/#breadcrumb\",\"itemListElement\":[{\"@type\":\"ListItem\",\"position\":1,\"name\":\"Pagina iniziale\",\"item\":\"https:\/\/tanzzo.com\/it\/\"},{\"@type\":\"ListItem\",\"position\":2,\"name\":\"COLLABORA CON NOI\"}]},{\"@type\":\"WebSite\",\"@id\":\"https:\/\/tanzzo.com\/it\/#website\",\"url\":\"https:\/\/tanzzo.com\/it\/\",\"name\":\"Tanzzo\",\"description\":\"GET YOUR PERFECT TAN\",\"publisher\":{\"@id\":\"https:\/\/tanzzo.com\/it\/#organization\"},\"potentialAction\":[{\"@type\":\"SearchAction\",\"target\":{\"@type\":\"EntryPoint\",\"urlTemplate\":\"https:\/\/tanzzo.com\/it\/?s={search_term_string}\"},\"query-input\":\"required name=search_term_string\"}],\"inLanguage\":\"it-IT\"},{\"@type\":\"Organization\",\"@id\":\"https:\/\/tanzzo.com\/it\/#organization\",\"name\":\"Tanzzo\",\"url\":\"https:\/\/tanzzo.com\/it\/\",\"logo\":{\"@type\":\"ImageObject\",\"inLanguage\":\"it-IT\",\"@id\":\"https:\/\/tanzzo.com\/it\/#\/schema\/logo\/image\/\",\"url\":\"https:\/\/tanzzo.com\/wp-content\/uploads\/2021\/08\/tanzzo1.png\",\"contentUrl\":\"https:\/\/tanzzo.com\/wp-content\/uploads\/2021\/08\/tanzzo1.png\",\"width\":2560,\"height\":426,\"caption\":\"Tanzzo\"},\"image\":{\"@id\":\"https:\/\/tanzzo.com\/it\/#\/schema\/logo\/image\/\"},\"sameAs\":[\"https:\/\/www.facebook.com\/Tanzzzo\/\",\"https:\/\/www.instagram.com\/tanzzo_original\/\"]}]}<\/script>\n<!-- \/ Yoast SEO plugin. -->","yoast_head_json":{"title":"COLLABORA CON NOI - Tanzzo","description":"Che tu sia instagrammer, vlogger, blogger o solo un cliente fedele, ci piacerebbe collaborare con te attraverso i social media!","robots":{"index":"index","follow":"follow","max-snippet":"max-snippet:-1","max-image-preview":"max-image-preview:large","max-video-preview":"max-video-preview:-1"},"canonical":"https:\/\/tanzzo.com\/it\/collabora-con-noi\/","og_locale":"it_IT","og_type":"article","og_title":"COLLABORA CON NOI - Tanzzo","og_description":"Che tu sia instagrammer, vlogger, blogger o solo un cliente fedele, ci piacerebbe collaborare con te attraverso i social media!","og_url":"https:\/\/tanzzo.com\/it\/collabora-con-noi\/","og_site_name":"Tanzzo","article_publisher":"https:\/\/www.facebook.com\/Tanzzzo\/","article_modified_time":"2022-04-22T10:31:54+00:00","twitter_card":"summary_large_image","twitter_misc":{"Tempo di lettura stimato":"1 minuto"},"schema":{"@context":"https:\/\/schema.org","@graph":[{"@type":"WebPage","@id":"https:\/\/tanzzo.com\/it\/collabora-con-noi\/","url":"https:\/\/tanzzo.com\/it\/collabora-con-noi\/","name":"COLLABORA CON NOI - Tanzzo","isPartOf":{"@id":"https:\/\/tanzzo.com\/it\/#website"},"datePublished":"2022-04-13T05:59:12+00:00","dateModified":"2022-04-22T10:31:54+00:00","description":"Che tu sia instagrammer, vlogger, blogger o solo un cliente fedele, ci piacerebbe collaborare con te attraverso i social media!","breadcrumb":{"@id":"https:\/\/tanzzo.com\/it\/collabora-con-noi\/#breadcrumb"},"inLanguage":"it-IT","potentialAction":[{"@type":"ReadAction","target":["https:\/\/tanzzo.com\/it\/collabora-con-noi\/"]}]},{"@type":"BreadcrumbList","@id":"https:\/\/tanzzo.com\/it\/collabora-con-noi\/#breadcrumb","itemListElement":[{"@type":"ListItem","position":1,"name":"Pagina iniziale","item":"https:\/\/tanzzo.com\/it\/"},{"@type":"ListItem","position":2,"name":"COLLABORA CON NOI"}]},{"@type":"WebSite","@id":"https:\/\/tanzzo.com\/it\/#website","url":"https:\/\/tanzzo.com\/it\/","name":"Tanzzo","description":"GET YOUR PERFECT TAN","publisher":{"@id":"https:\/\/tanzzo.com\/it\/#organization"},"potentialAction":[{"@type":"SearchAction","target":{"@type":"EntryPoint","urlTemplate":"https:\/\/tanzzo.com\/it\/?s={search_term_string}"},"query-input":"required name=search_term_string"}],"inLanguage":"it-IT"},{"@type":"Organization","@id":"https:\/\/tanzzo.com\/it\/#organization","name":"Tanzzo","url":"https:\/\/tanzzo.com\/it\/","logo":{"@type":"ImageObject","inLanguage":"it-IT","@id":"https:\/\/tanzzo.com\/it\/#\/schema\/logo\/image\/","url":"https:\/\/tanzzo.com\/wp-content\/uploads\/2021\/08\/tanzzo1.png","contentUrl":"https:\/\/tanzzo.com\/wp-content\/uploads\/2021\/08\/tanzzo1.png","width":2560,"height":426,"caption":"Tanzzo"},"image":{"@id":"https:\/\/tanzzo.com\/it\/#\/schema\/logo\/image\/"},"sameAs":["https:\/\/www.facebook.com\/Tanzzzo\/","https:\/\/www.instagram.com\/tanzzo_original\/"]}]}},"_links":{"self":[{"href":"https:\/\/tanzzo.com\/it\/wp-json\/wp\/v2\/pages\/2307","targetHints":{"allow":["GET"]}}],"collection":[{"href":"https:\/\/tanzzo.com\/it\/wp-json\/wp\/v2\/pages"}],"about":[{"href":"https:\/\/tanzzo.com\/it\/wp-json\/wp\/v2\/types\/page"}],"author":[{"embeddable":true,"href":"https:\/\/tanzzo.com\/it\/wp-json\/wp\/v2\/users\/1"}],"replies":[{"embeddable":true,"href":"https:\/\/tanzzo.com\/it\/wp-json\/wp\/v2\/comments?post=2307"}],"version-history":[{"count":4,"href":"https:\/\/tanzzo.com\/it\/wp-json\/wp\/v2\/pages\/2307\/revisions"}],"predecessor-version":[{"id":4926,"href":"https:\/\/tanzzo.com\/it\/wp-json\/wp\/v2\/pages\/2307\/revisions\/4926"}],"wp:attachment":[{"href":"https:\/\/tanzzo.com\/it\/wp-json\/wp\/v2\/media?parent=2307"}],"curies":[{"name":"wp","href":"https:\/\/api.w.org\/{rel}","templated":true}]}}