
{"id":2253,"date":"2022-04-12T14:20:29","date_gmt":"2022-04-12T12:20:29","guid":{"rendered":"https:\/\/tanzzo.com\/?page_id=2253"},"modified":"2022-04-22T12:31:34","modified_gmt":"2022-04-22T10:31:34","slug":"chi-e-tanzzo","status":"publish","type":"page","link":"https:\/\/tanzzo.com\/it\/chi-e-tanzzo\/","title":{"rendered":"CHI \u00c8 TANZZO"},"content":{"rendered":"\t<section class=\"section\" id=\"section_969190915\">\n\t\t<div class=\"bg section-bg fill bg-fill  bg-loaded\" >\n\n\t\t\t\n\t\t\t\n\t\t\t\n\n\t\t<\/div>\n\n\t\t\n\n\t\t<div class=\"section-content relative\">\n\t\t\t\n<div class=\"row\" style=\"max-width:1289px\" id=\"row-241906947\">\n\n\t<div id=\"col-446233657\" class=\"col medium-2 small-12 large-2\"  >\n\t\t\t\t<div class=\"col-inner\"  >\n\t\t\t\n\t\t\t\n<div class=\"is-divider divider clearfix\" style=\"margin-top:2em;margin-bottom:2em;max-width:100%;height:1px;background-color:rgb(0, 0, 0);\"><\/div>\n\t\t<\/div>\n\t\t\t\t\t<\/div>\n\n\t\n\n\t<div id=\"col-662260032\" class=\"col medium-8 small-12 large-8\"  >\n\t\t\t\t<div class=\"col-inner text-center\"  >\n\t\t\t\n\t\t\t\n\t<div id=\"text-67466480\" class=\"text\">\n\t\t\n<h2 style=\"text-transform: uppercase;\">CHI \u00c8 TANZZO<br \/>\n<\/h2>\n\t\t\n<style>\n#text-67466480 {\n  font-size: 1.6rem;\n  text-align: center;\n}\n<\/style>\n\t<\/div>\n\t\n\t\t<\/div>\n\t\t\t\t\t<\/div>\n\n\t\n\n\t<div id=\"col-1770080857\" class=\"col medium-2 small-12 large-2\"  >\n\t\t\t\t<div class=\"col-inner\"  >\n\t\t\t\n\t\t\t\n<div class=\"is-divider divider clearfix\" style=\"margin-top:2em;margin-bottom:2em;max-width:100%;height:1px;background-color:rgb(0, 0, 0);\"><\/div>\n\t\t<\/div>\n\t\t\t\t\t<\/div>\n\n\t\n<\/div>\n\t<div id=\"gap-2010448726\" class=\"gap-element clearfix\" style=\"display:block; height:auto;\">\n\t\t\n<style>\n#gap-2010448726 {\n  padding-top: 30px;\n}\n<\/style>\n\t<\/div>\n\t\n<div class=\"row align-middle\" style=\"max-width:1289px\" id=\"row-174263195\">\n\n\t<div id=\"col-1345911848\" class=\"col small-12 large-12\"  >\n\t\t\t\t<div class=\"col-inner\"  >\n\t\t\t\n\t\t\t\n<p>Tutto \u00e8 iniziato con dei giovani e aspiranti imprenditori che hanno unito le proprie forze per supportare le donne e fornire loro i migliori prodotti \u201cd\u2019\u00e8lite\u201d, nell&#8217;ambito della cura di s\u00e9 e della cura della pelle. <\/p>\n<p>TANZZO \u00e8 un marchio di cosmetici che mira a produrre cosmetici e prodotti abbronzanti di alta qualit\u00e0. Abbiamo creato una formula utilizzando diversi ingredienti chiave ed esclusivi che regalano una pelle nutrita e luminosa. Tutti i prodotti sono sviluppati e realizzati all\u2019interno dell\u2019azienda. Questo ci consente di fornire la massima qualit\u00e0, poich\u00e9 abbiamo il controllo completo dall&#8217;idea stessa al prodotto finito. Quando creiamo dei prodotti, prendiamo in considerazione le opinioni di donne di et\u00e0 diverse, che collaborano con noi e ci guidano verso la creazione di cosmetici di qualit\u00e0 e dagli effetti positivi. Siamo consapevoli di quanto sia importante per le persone sentirsi bene nella propria pelle, quindi ci sforziamo di creare prodotti che ti aiutino a raggiungere una sana autostima e a far sparire dalla mente frasi come &#8220;Mi sento uno schifo con la mia pelle&#8221;.<\/p>\n<p>Crediamo che la nostra missione sia quella di risvegliare forza e fiducia in ognuno di voi \u2661<\/p>\n\t<div id=\"gap-1835067841\" class=\"gap-element clearfix\" style=\"display:block; height:auto;\">\n\t\t\n<style>\n#gap-1835067841 {\n  padding-top: 30px;\n}\n<\/style>\n\t<\/div>\n\t\n<h4>Informazioni sull\u2019iscrizione:<\/h4>\n<p>GM WEB, trade and services d. o. o.<br \/>\nBrodi\u0161\u010de 28,<br \/>\n1236 Trzin, Slovenija<\/p>\n<h4>Codice fiscale: 54700477<\/h4>\n<h4>Codice identificativo: 8632081000<\/h4>\n\t\t<\/div>\n\t\t\t\t\t<\/div>\n\n\t\n<\/div>\n\t\t<\/div>\n\n\t\t\n<style>\n#section_969190915 {\n  padding-top: 100px;\n  padding-bottom: 100px;\n}\n#section_969190915 .ux-shape-divider--top svg {\n  height: 150px;\n  --divider-top-width: 100%;\n}\n#section_969190915 .ux-shape-divider--bottom svg {\n  height: 150px;\n  --divider-width: 100%;\n}\n<\/style>\n\t<\/section>\n\t\n","protected":false},"excerpt":{"rendered":"","protected":false},"author":1,"featured_media":0,"parent":0,"menu_order":0,"comment_status":"closed","ping_status":"closed","template":"page-blank.php","meta":{"footnotes":""},"class_list":["post-2253","page","type-page","status-publish","hentry"],"acf":[],"yoast_head":"<!-- This site is optimized with the Yoast SEO plugin v20.8 - https:\/\/yoast.com\/wordpress\/plugins\/seo\/ -->\n<title>CHI \u00c8 TANZZO - Tanzzo<\/title>\n<meta name=\"description\" content=\"Tanzzo \u00e8 un marchio cosmetico con cosmetici e prodotti abbronzanti. Supporta le donne e fornisce loro cura di s\u00e9 e cura della pelle.\" \/>\n<meta name=\"robots\" content=\"index, follow, max-snippet:-1, max-image-preview:large, max-video-preview:-1\" \/>\n<link rel=\"canonical\" href=\"https:\/\/tanzzo.com\/it\/chi-e-tanzzo\/\" \/>\n<meta property=\"og:locale\" content=\"it_IT\" \/>\n<meta property=\"og:type\" content=\"article\" \/>\n<meta property=\"og:title\" content=\"CHI \u00c8 TANZZO - Tanzzo\" \/>\n<meta property=\"og:description\" content=\"Tanzzo \u00e8 un marchio cosmetico con cosmetici e prodotti abbronzanti. Supporta le donne e fornisce loro cura di s\u00e9 e cura della pelle.\" \/>\n<meta property=\"og:url\" content=\"https:\/\/tanzzo.com\/it\/chi-e-tanzzo\/\" \/>\n<meta property=\"og:site_name\" content=\"Tanzzo\" \/>\n<meta property=\"article:publisher\" content=\"https:\/\/www.facebook.com\/Tanzzzo\/\" \/>\n<meta property=\"article:modified_time\" content=\"2022-04-22T10:31:34+00:00\" \/>\n<meta name=\"twitter:card\" content=\"summary_large_image\" \/>\n<meta name=\"twitter:label1\" content=\"Tempo di lettura stimato\" \/>\n\t<meta name=\"twitter:data1\" content=\"1 minuto\" \/>\n<script type=\"application\/ld+json\" class=\"yoast-schema-graph\">{\"@context\":\"https:\/\/schema.org\",\"@graph\":[{\"@type\":\"WebPage\",\"@id\":\"https:\/\/tanzzo.com\/it\/chi-e-tanzzo\/\",\"url\":\"https:\/\/tanzzo.com\/it\/chi-e-tanzzo\/\",\"name\":\"CHI \u00c8 TANZZO - Tanzzo\",\"isPartOf\":{\"@id\":\"https:\/\/tanzzo.com\/it\/#website\"},\"datePublished\":\"2022-04-12T12:20:29+00:00\",\"dateModified\":\"2022-04-22T10:31:34+00:00\",\"description\":\"Tanzzo \u00e8 un marchio cosmetico con cosmetici e prodotti abbronzanti. Supporta le donne e fornisce loro cura di s\u00e9 e cura della pelle.\",\"breadcrumb\":{\"@id\":\"https:\/\/tanzzo.com\/it\/chi-e-tanzzo\/#breadcrumb\"},\"inLanguage\":\"it-IT\",\"potentialAction\":[{\"@type\":\"ReadAction\",\"target\":[\"https:\/\/tanzzo.com\/it\/chi-e-tanzzo\/\"]}]},{\"@type\":\"BreadcrumbList\",\"@id\":\"https:\/\/tanzzo.com\/it\/chi-e-tanzzo\/#breadcrumb\",\"itemListElement\":[{\"@type\":\"ListItem\",\"position\":1,\"name\":\"Pagina iniziale\",\"item\":\"https:\/\/tanzzo.com\/it\/\"},{\"@type\":\"ListItem\",\"position\":2,\"name\":\"CHI \u00c8 TANZZO\"}]},{\"@type\":\"WebSite\",\"@id\":\"https:\/\/tanzzo.com\/it\/#website\",\"url\":\"https:\/\/tanzzo.com\/it\/\",\"name\":\"Tanzzo\",\"description\":\"GET YOUR PERFECT TAN\",\"publisher\":{\"@id\":\"https:\/\/tanzzo.com\/it\/#organization\"},\"potentialAction\":[{\"@type\":\"SearchAction\",\"target\":{\"@type\":\"EntryPoint\",\"urlTemplate\":\"https:\/\/tanzzo.com\/it\/?s={search_term_string}\"},\"query-input\":\"required name=search_term_string\"}],\"inLanguage\":\"it-IT\"},{\"@type\":\"Organization\",\"@id\":\"https:\/\/tanzzo.com\/it\/#organization\",\"name\":\"Tanzzo\",\"url\":\"https:\/\/tanzzo.com\/it\/\",\"logo\":{\"@type\":\"ImageObject\",\"inLanguage\":\"it-IT\",\"@id\":\"https:\/\/tanzzo.com\/it\/#\/schema\/logo\/image\/\",\"url\":\"https:\/\/tanzzo.com\/wp-content\/uploads\/2021\/08\/tanzzo1.png\",\"contentUrl\":\"https:\/\/tanzzo.com\/wp-content\/uploads\/2021\/08\/tanzzo1.png\",\"width\":2560,\"height\":426,\"caption\":\"Tanzzo\"},\"image\":{\"@id\":\"https:\/\/tanzzo.com\/it\/#\/schema\/logo\/image\/\"},\"sameAs\":[\"https:\/\/www.facebook.com\/Tanzzzo\/\",\"https:\/\/www.instagram.com\/tanzzo_original\/\"]}]}<\/script>\n<!-- \/ Yoast SEO plugin. -->","yoast_head_json":{"title":"CHI \u00c8 TANZZO - Tanzzo","description":"Tanzzo \u00e8 un marchio cosmetico con cosmetici e prodotti abbronzanti. Supporta le donne e fornisce loro cura di s\u00e9 e cura della pelle.","robots":{"index":"index","follow":"follow","max-snippet":"max-snippet:-1","max-image-preview":"max-image-preview:large","max-video-preview":"max-video-preview:-1"},"canonical":"https:\/\/tanzzo.com\/it\/chi-e-tanzzo\/","og_locale":"it_IT","og_type":"article","og_title":"CHI \u00c8 TANZZO - Tanzzo","og_description":"Tanzzo \u00e8 un marchio cosmetico con cosmetici e prodotti abbronzanti. Supporta le donne e fornisce loro cura di s\u00e9 e cura della pelle.","og_url":"https:\/\/tanzzo.com\/it\/chi-e-tanzzo\/","og_site_name":"Tanzzo","article_publisher":"https:\/\/www.facebook.com\/Tanzzzo\/","article_modified_time":"2022-04-22T10:31:34+00:00","twitter_card":"summary_large_image","twitter_misc":{"Tempo di lettura stimato":"1 minuto"},"schema":{"@context":"https:\/\/schema.org","@graph":[{"@type":"WebPage","@id":"https:\/\/tanzzo.com\/it\/chi-e-tanzzo\/","url":"https:\/\/tanzzo.com\/it\/chi-e-tanzzo\/","name":"CHI \u00c8 TANZZO - Tanzzo","isPartOf":{"@id":"https:\/\/tanzzo.com\/it\/#website"},"datePublished":"2022-04-12T12:20:29+00:00","dateModified":"2022-04-22T10:31:34+00:00","description":"Tanzzo \u00e8 un marchio cosmetico con cosmetici e prodotti abbronzanti. Supporta le donne e fornisce loro cura di s\u00e9 e cura della pelle.","breadcrumb":{"@id":"https:\/\/tanzzo.com\/it\/chi-e-tanzzo\/#breadcrumb"},"inLanguage":"it-IT","potentialAction":[{"@type":"ReadAction","target":["https:\/\/tanzzo.com\/it\/chi-e-tanzzo\/"]}]},{"@type":"BreadcrumbList","@id":"https:\/\/tanzzo.com\/it\/chi-e-tanzzo\/#breadcrumb","itemListElement":[{"@type":"ListItem","position":1,"name":"Pagina iniziale","item":"https:\/\/tanzzo.com\/it\/"},{"@type":"ListItem","position":2,"name":"CHI \u00c8 TANZZO"}]},{"@type":"WebSite","@id":"https:\/\/tanzzo.com\/it\/#website","url":"https:\/\/tanzzo.com\/it\/","name":"Tanzzo","description":"GET YOUR PERFECT TAN","publisher":{"@id":"https:\/\/tanzzo.com\/it\/#organization"},"potentialAction":[{"@type":"SearchAction","target":{"@type":"EntryPoint","urlTemplate":"https:\/\/tanzzo.com\/it\/?s={search_term_string}"},"query-input":"required name=search_term_string"}],"inLanguage":"it-IT"},{"@type":"Organization","@id":"https:\/\/tanzzo.com\/it\/#organization","name":"Tanzzo","url":"https:\/\/tanzzo.com\/it\/","logo":{"@type":"ImageObject","inLanguage":"it-IT","@id":"https:\/\/tanzzo.com\/it\/#\/schema\/logo\/image\/","url":"https:\/\/tanzzo.com\/wp-content\/uploads\/2021\/08\/tanzzo1.png","contentUrl":"https:\/\/tanzzo.com\/wp-content\/uploads\/2021\/08\/tanzzo1.png","width":2560,"height":426,"caption":"Tanzzo"},"image":{"@id":"https:\/\/tanzzo.com\/it\/#\/schema\/logo\/image\/"},"sameAs":["https:\/\/www.facebook.com\/Tanzzzo\/","https:\/\/www.instagram.com\/tanzzo_original\/"]}]}},"_links":{"self":[{"href":"https:\/\/tanzzo.com\/it\/wp-json\/wp\/v2\/pages\/2253","targetHints":{"allow":["GET"]}}],"collection":[{"href":"https:\/\/tanzzo.com\/it\/wp-json\/wp\/v2\/pages"}],"about":[{"href":"https:\/\/tanzzo.com\/it\/wp-json\/wp\/v2\/types\/page"}],"author":[{"embeddable":true,"href":"https:\/\/tanzzo.com\/it\/wp-json\/wp\/v2\/users\/1"}],"replies":[{"embeddable":true,"href":"https:\/\/tanzzo.com\/it\/wp-json\/wp\/v2\/comments?post=2253"}],"version-history":[{"count":5,"href":"https:\/\/tanzzo.com\/it\/wp-json\/wp\/v2\/pages\/2253\/revisions"}],"predecessor-version":[{"id":4925,"href":"https:\/\/tanzzo.com\/it\/wp-json\/wp\/v2\/pages\/2253\/revisions\/4925"}],"wp:attachment":[{"href":"https:\/\/tanzzo.com\/it\/wp-json\/wp\/v2\/media?parent=2253"}],"curies":[{"name":"wp","href":"https:\/\/api.w.org\/{rel}","templated":true}]}}