
{"id":8312,"date":"2022-06-16T12:59:57","date_gmt":"2022-06-16T10:59:58","guid":{"rendered":"https:\/\/tanzzo.com\/?post_type=product&#038;p=8312"},"modified":"2023-03-23T15:02:55","modified_gmt":"2023-03-23T13:02:55","slug":"tanning-cream-after-sun","status":"publish","type":"product","link":"https:\/\/tanzzo.com\/hu\/product\/tanning-cream-after-sun\/","title":{"rendered":"Kr\u00e9m a gyorsabb barnul\u00e1s\u00e9rt &#8211; 200ml"},"content":{"rendered":"<div class=\"row row-collapse row-full-width\"  id=\"row-239265348\">\n\n\t<div id=\"col-1407966479\" class=\"col small-12 large-12\"  >\n\t\t\t\t<div class=\"col-inner\"  >\n\t\t\t\n\t\t\t\n<div class=\"row row-collapse row-full-width align-middle\"  id=\"row-1071929022\">\n\n\t<div id=\"col-513487490\" class=\"col medium-6 small-12 large-8\"  >\n\t\t\t\t<div class=\"col-inner\"  >\n\t\t\t\n\t\t\t\n\n  <div class=\"banner has-hover\" id=\"banner-150984823\">\n          <div class=\"banner-inner fill\">\n        <div class=\"banner-bg fill\" >\n            <div class=\"bg fill bg-fill \"><\/div>\n                                    \n                    <\/div>\n\t\t\n        <div class=\"banner-layers container\">\n            <div class=\"fill banner-link\"><\/div>            \n        <\/div>\n      <\/div>\n\n            \n<style>\n#banner-150984823 {\n  padding-top: 200px;\n  background-color: rgb(245, 245, 245);\n}\n#banner-150984823 .bg.bg-loaded {\n  background-image: url(https:\/\/tanzzo.com\/wp-content\/uploads\/2022\/04\/DSC_2873_20-_20new-1400x575.jpg);\n}\n#banner-150984823 .bg {\n  background-position: 83% 66%;\n}\n#banner-150984823 .ux-shape-divider--top svg {\n  height: 150px;\n  --divider-top-width: 100%;\n}\n#banner-150984823 .ux-shape-divider--bottom svg {\n  height: 150px;\n  --divider-width: 100%;\n}\n@media (min-width:550px) {\n  #banner-150984823 {\n    padding-top: 460px;\n  }\n}\n<\/style>\n  <\/div>\n\n\n\t\t<\/div>\n\t\t\t\t\t<\/div>\n\n\t\n\n\t<div id=\"col-338691103\" class=\"col pb-0 medium-6 small-12 large-4\"  >\n\t\t\t\t<div class=\"col-inner\"  >\n\t\t\t\n\t\t\t\n<div class=\"row row-collapse\"  id=\"row-1190812122\">\n\n\t<div id=\"col-1975275066\" class=\"col pb-0 large-12\"  >\n\t\t\t\t<div class=\"col-inner text-left\" style=\"background-color:rgb(255,255,255);\" >\n\t\t\t\n\t\t\t\n<ul class=\"orange-dots\">\n<li>Gyors barnul\u00e1s<\/li>\n<li>T\u00e1pl\u00e1l \u00e9s hidrat\u00e1l<\/li>\n<li>Hosszabb ideig meg\u0151rzi a gy\u00f6ny\u00f6r\u0171 barnul\u00e1st<\/li>\n<li>Gyorsan be\u00edv\u00f3dik a b\u0151rbe \u00e9s nem hagy foltokat<\/li>\n<li>Puha tapint\u00e1s a b\u0151r\u00f6n<\/li>\n<li>Cs\u00e1b\u00edt\u00f3 tr\u00f3pusi illat<\/li>\n<\/ul>\n\t<div id=\"gap-313090306\" class=\"gap-element clearfix\" style=\"display:block; height:auto;\">\n\t\t\n<style>\n#gap-313090306 {\n  padding-top: 30px;\n}\n<\/style>\n\t<\/div>\n\t\n<a href=\"#price-box-container\" target=\"_self\" class=\"button primary is-large\"  >\n    <span>V\u00c1S\u00c1ROLJON MOST<\/span>\n  <\/a>\n\n\t\t<\/div>\n\t\t\t\t\n<style>\n#col-1975275066 > .col-inner {\n  margin: 0px 0px 0px 0px;\n}\n@media (min-width:550px) {\n  #col-1975275066 > .col-inner {\n    margin: 0px 0px 0px -30px;\n  }\n}\n@media (min-width:850px) {\n  #col-1975275066 > .col-inner {\n    margin: 0px 30px 0px -30px;\n  }\n}\n<\/style>\n\t<\/div>\n\n\t\n\n<style>\n#row-1190812122 > .col > .col-inner {\n  padding: 20px 20px 20px 20px;\n}\n@media (min-width:550px) {\n  #row-1190812122 > .col > .col-inner {\n    padding: 40px 40px 40px 40px;\n  }\n}\n<\/style>\n<\/div>\n\t\t<\/div>\n\t\t\t\t\t<\/div>\n\n\t\n<\/div>\n\t\t<\/div>\n\t\t\t\t\t<\/div>\n\n\t\n\n<style>\n#row-239265348 > .col > .col-inner {\n  background-color: rgb(245, 245, 245);\n}\n<\/style>\n<\/div>\n\n","protected":false},"excerpt":{"rendered":"<p>A TANZZO gondoskodik r\u00f3la, hogy \u00fagy ragyogjon ezen a ny\u00e1ron, mint m\u00e9g soha! Kifejezetten \u00fagy alak\u00edtott\u00e1k ki, hogy gyorsan felgyors\u00edts\u00e1k a term\u00e9szetes barnul\u00e1s folyamat\u00e1t. A kiv\u00e1lasztott min\u0151s\u00e9gi \u00f6sszetev\u0151k biztos\u00edtj\u00e1k azt is, hogy a b\u0151re megkapja a b\u0151r\u00e1pol\u00e1shoz \u00e9s az eg\u00e9szs\u00e9ges megjelen\u00e9shez sz\u00fcks\u00e9ges t\u00e1panyagokat.<\/p>\n<ul class=\"orange-dots\">\n<li><b>Gyorsan juthat gy\u00f6ny\u00f6r\u0171 term\u00e9szetes barnul\u00e1shoz<\/b><\/li>\n<li><strong>Adja meg b\u0151r\u00e9nek sz\u00fcks\u00e9ges hidrat\u00e1ci\u00f3t \u00e9s v\u00e9delmet<\/strong><\/li>\n<li><strong>Csod\u00e1latos tr\u00f3pusi illat, amely le fogja \u00d6nt ny\u0171g\u00f6zni!<\/strong><\/li>\n<li><strong>Gyorsan felsz\u00edv\u00f3dik a b\u0151rbe, \u00e9s nem hagy foltokat<\/strong><\/li>\n<li><strong>Hosszabb ideig fenntartja a gy\u00f6ny\u00f6r\u0171 barnas\u00e1got<\/strong><\/li>\n<\/ul>\n","protected":false},"featured_media":8385,"template":"","meta":[],"product_cat":[192],"product_tag":[],"class_list":["post-8312","product","type-product","status-publish","has-post-thumbnail","hentry","product_cat-uncategorized-hu"],"acf":[],"yoast_head":"<!-- This site is optimized with the Yoast SEO plugin v20.8 - https:\/\/yoast.com\/wordpress\/plugins\/seo\/ -->\n<title>Kr\u00e9m a gyorsabb barnul\u00e1s\u00e9rt - 200ml - Tanzzo<\/title>\n<meta name=\"robots\" content=\"index, follow, max-snippet:-1, max-image-preview:large, max-video-preview:-1\" \/>\n<link rel=\"canonical\" href=\"https:\/\/tanzzo.com\/hu\/product\/tanning-cream-after-sun\/\" \/>\n<meta property=\"og:locale\" content=\"hu_HU\" \/>\n<meta property=\"og:type\" content=\"article\" \/>\n<meta property=\"og:title\" content=\"Kr\u00e9m a gyorsabb barnul\u00e1s\u00e9rt - 200ml - Tanzzo\" \/>\n<meta property=\"og:description\" content=\"A TANZZO gondoskodik r\u00f3la, hogy \u00fagy ragyogjon ezen a ny\u00e1ron, mint m\u00e9g soha! Kifejezetten \u00fagy alak\u00edtott\u00e1k ki, hogy gyorsan felgyors\u00edts\u00e1k a term\u00e9szetes barnul\u00e1s folyamat\u00e1t. A kiv\u00e1lasztott min\u0151s\u00e9gi \u00f6sszetev\u0151k biztos\u00edtj\u00e1k azt is, hogy a b\u0151re megkapja a b\u0151r\u00e1pol\u00e1shoz \u00e9s az eg\u00e9szs\u00e9ges megjelen\u00e9shez sz\u00fcks\u00e9ges t\u00e1panyagokat.   Gyorsan juthat gy\u00f6ny\u00f6r\u0171 term\u00e9szetes barnul\u00e1shoz  Adja meg b\u0151r\u00e9nek sz\u00fcks\u00e9ges hidrat\u00e1ci\u00f3t \u00e9s v\u00e9delmet  Csod\u00e1latos tr\u00f3pusi illat, amely le fogja \u00d6nt ny\u0171g\u00f6zni!  Gyorsan felsz\u00edv\u00f3dik a b\u0151rbe, \u00e9s nem hagy foltokat  Hosszabb ideig fenntartja a gy\u00f6ny\u00f6r\u0171 barnas\u00e1got\" \/>\n<meta property=\"og:url\" content=\"https:\/\/tanzzo.com\/hu\/product\/tanning-cream-after-sun\/\" \/>\n<meta property=\"og:site_name\" content=\"Tanzzo\" \/>\n<meta property=\"article:publisher\" content=\"https:\/\/www.facebook.com\/Tanzzzo\/\" \/>\n<meta property=\"article:modified_time\" content=\"2023-03-23T13:02:55+00:00\" \/>\n<meta property=\"og:image\" content=\"https:\/\/tanzzo.com\/wp-content\/uploads\/2022\/06\/hu-after-sun.png\" \/>\n\t<meta property=\"og:image:width\" content=\"1080\" \/>\n\t<meta property=\"og:image:height\" content=\"1080\" \/>\n\t<meta property=\"og:image:type\" content=\"image\/png\" \/>\n<meta name=\"twitter:card\" content=\"summary_large_image\" \/>\n<meta name=\"twitter:label1\" content=\"Becs\u00fclt olvas\u00e1si id\u0151\" \/>\n\t<meta name=\"twitter:data1\" content=\"2 perc\" \/>\n<script type=\"application\/ld+json\" class=\"yoast-schema-graph\">{\"@context\":\"https:\/\/schema.org\",\"@graph\":[{\"@type\":\"WebPage\",\"@id\":\"https:\/\/tanzzo.com\/hu\/product\/tanning-cream-after-sun\/\",\"url\":\"https:\/\/tanzzo.com\/hu\/product\/tanning-cream-after-sun\/\",\"name\":\"Kr\u00e9m a gyorsabb barnul\u00e1s\u00e9rt - 200ml - Tanzzo\",\"isPartOf\":{\"@id\":\"https:\/\/tanzzo.com\/hu\/#website\"},\"datePublished\":\"2022-06-16T10:59:58+00:00\",\"dateModified\":\"2023-03-23T13:02:55+00:00\",\"breadcrumb\":{\"@id\":\"https:\/\/tanzzo.com\/hu\/product\/tanning-cream-after-sun\/#breadcrumb\"},\"inLanguage\":\"hu\",\"potentialAction\":[{\"@type\":\"ReadAction\",\"target\":[\"https:\/\/tanzzo.com\/hu\/product\/tanning-cream-after-sun\/\"]}]},{\"@type\":\"BreadcrumbList\",\"@id\":\"https:\/\/tanzzo.com\/hu\/product\/tanning-cream-after-sun\/#breadcrumb\",\"itemListElement\":[{\"@type\":\"ListItem\",\"position\":1,\"name\":\"Home\",\"item\":\"https:\/\/tanzzo.com\/hu\/\"},{\"@type\":\"ListItem\",\"position\":2,\"name\":\"Bolt\",\"item\":\"https:\/\/tanzzo.com\/hu\/bolt\/\"},{\"@type\":\"ListItem\",\"position\":3,\"name\":\"Kr\u00e9m a gyorsabb barnul\u00e1s\u00e9rt &#8211; 200ml\"}]},{\"@type\":\"WebSite\",\"@id\":\"https:\/\/tanzzo.com\/hu\/#website\",\"url\":\"https:\/\/tanzzo.com\/hu\/\",\"name\":\"Tanzzo\",\"description\":\"GET YOUR PERFECT TAN\",\"publisher\":{\"@id\":\"https:\/\/tanzzo.com\/hu\/#organization\"},\"potentialAction\":[{\"@type\":\"SearchAction\",\"target\":{\"@type\":\"EntryPoint\",\"urlTemplate\":\"https:\/\/tanzzo.com\/hu\/?s={search_term_string}\"},\"query-input\":\"required name=search_term_string\"}],\"inLanguage\":\"hu\"},{\"@type\":\"Organization\",\"@id\":\"https:\/\/tanzzo.com\/hu\/#organization\",\"name\":\"Tanzzo\",\"url\":\"https:\/\/tanzzo.com\/hu\/\",\"logo\":{\"@type\":\"ImageObject\",\"inLanguage\":\"hu\",\"@id\":\"https:\/\/tanzzo.com\/hu\/#\/schema\/logo\/image\/\",\"url\":\"https:\/\/tanzzo.com\/wp-content\/uploads\/2021\/08\/tanzzo1.png\",\"contentUrl\":\"https:\/\/tanzzo.com\/wp-content\/uploads\/2021\/08\/tanzzo1.png\",\"width\":2560,\"height\":426,\"caption\":\"Tanzzo\"},\"image\":{\"@id\":\"https:\/\/tanzzo.com\/hu\/#\/schema\/logo\/image\/\"},\"sameAs\":[\"https:\/\/www.facebook.com\/Tanzzzo\/\",\"https:\/\/www.instagram.com\/tanzzo_original\/\"]}]}<\/script>\n<!-- \/ Yoast SEO plugin. -->","yoast_head_json":{"title":"Kr\u00e9m a gyorsabb barnul\u00e1s\u00e9rt - 200ml - Tanzzo","robots":{"index":"index","follow":"follow","max-snippet":"max-snippet:-1","max-image-preview":"max-image-preview:large","max-video-preview":"max-video-preview:-1"},"canonical":"https:\/\/tanzzo.com\/hu\/product\/tanning-cream-after-sun\/","og_locale":"hu_HU","og_type":"article","og_title":"Kr\u00e9m a gyorsabb barnul\u00e1s\u00e9rt - 200ml - Tanzzo","og_description":"A TANZZO gondoskodik r\u00f3la, hogy \u00fagy ragyogjon ezen a ny\u00e1ron, mint m\u00e9g soha! Kifejezetten \u00fagy alak\u00edtott\u00e1k ki, hogy gyorsan felgyors\u00edts\u00e1k a term\u00e9szetes barnul\u00e1s folyamat\u00e1t. A kiv\u00e1lasztott min\u0151s\u00e9gi \u00f6sszetev\u0151k biztos\u00edtj\u00e1k azt is, hogy a b\u0151re megkapja a b\u0151r\u00e1pol\u00e1shoz \u00e9s az eg\u00e9szs\u00e9ges megjelen\u00e9shez sz\u00fcks\u00e9ges t\u00e1panyagokat.   Gyorsan juthat gy\u00f6ny\u00f6r\u0171 term\u00e9szetes barnul\u00e1shoz  Adja meg b\u0151r\u00e9nek sz\u00fcks\u00e9ges hidrat\u00e1ci\u00f3t \u00e9s v\u00e9delmet  Csod\u00e1latos tr\u00f3pusi illat, amely le fogja \u00d6nt ny\u0171g\u00f6zni!  Gyorsan felsz\u00edv\u00f3dik a b\u0151rbe, \u00e9s nem hagy foltokat  Hosszabb ideig fenntartja a gy\u00f6ny\u00f6r\u0171 barnas\u00e1got","og_url":"https:\/\/tanzzo.com\/hu\/product\/tanning-cream-after-sun\/","og_site_name":"Tanzzo","article_publisher":"https:\/\/www.facebook.com\/Tanzzzo\/","article_modified_time":"2023-03-23T13:02:55+00:00","og_image":[{"width":1080,"height":1080,"url":"https:\/\/tanzzo.com\/wp-content\/uploads\/2022\/06\/hu-after-sun.png","type":"image\/png"}],"twitter_card":"summary_large_image","twitter_misc":{"Becs\u00fclt olvas\u00e1si id\u0151":"2 perc"},"schema":{"@context":"https:\/\/schema.org","@graph":[{"@type":"WebPage","@id":"https:\/\/tanzzo.com\/hu\/product\/tanning-cream-after-sun\/","url":"https:\/\/tanzzo.com\/hu\/product\/tanning-cream-after-sun\/","name":"Kr\u00e9m a gyorsabb barnul\u00e1s\u00e9rt - 200ml - Tanzzo","isPartOf":{"@id":"https:\/\/tanzzo.com\/hu\/#website"},"datePublished":"2022-06-16T10:59:58+00:00","dateModified":"2023-03-23T13:02:55+00:00","breadcrumb":{"@id":"https:\/\/tanzzo.com\/hu\/product\/tanning-cream-after-sun\/#breadcrumb"},"inLanguage":"hu","potentialAction":[{"@type":"ReadAction","target":["https:\/\/tanzzo.com\/hu\/product\/tanning-cream-after-sun\/"]}]},{"@type":"BreadcrumbList","@id":"https:\/\/tanzzo.com\/hu\/product\/tanning-cream-after-sun\/#breadcrumb","itemListElement":[{"@type":"ListItem","position":1,"name":"Home","item":"https:\/\/tanzzo.com\/hu\/"},{"@type":"ListItem","position":2,"name":"Bolt","item":"https:\/\/tanzzo.com\/hu\/bolt\/"},{"@type":"ListItem","position":3,"name":"Kr\u00e9m a gyorsabb barnul\u00e1s\u00e9rt &#8211; 200ml"}]},{"@type":"WebSite","@id":"https:\/\/tanzzo.com\/hu\/#website","url":"https:\/\/tanzzo.com\/hu\/","name":"Tanzzo","description":"GET YOUR PERFECT TAN","publisher":{"@id":"https:\/\/tanzzo.com\/hu\/#organization"},"potentialAction":[{"@type":"SearchAction","target":{"@type":"EntryPoint","urlTemplate":"https:\/\/tanzzo.com\/hu\/?s={search_term_string}"},"query-input":"required name=search_term_string"}],"inLanguage":"hu"},{"@type":"Organization","@id":"https:\/\/tanzzo.com\/hu\/#organization","name":"Tanzzo","url":"https:\/\/tanzzo.com\/hu\/","logo":{"@type":"ImageObject","inLanguage":"hu","@id":"https:\/\/tanzzo.com\/hu\/#\/schema\/logo\/image\/","url":"https:\/\/tanzzo.com\/wp-content\/uploads\/2021\/08\/tanzzo1.png","contentUrl":"https:\/\/tanzzo.com\/wp-content\/uploads\/2021\/08\/tanzzo1.png","width":2560,"height":426,"caption":"Tanzzo"},"image":{"@id":"https:\/\/tanzzo.com\/hu\/#\/schema\/logo\/image\/"},"sameAs":["https:\/\/www.facebook.com\/Tanzzzo\/","https:\/\/www.instagram.com\/tanzzo_original\/"]}]}},"_links":{"self":[{"href":"https:\/\/tanzzo.com\/hu\/wp-json\/wp\/v2\/product\/8312","targetHints":{"allow":["GET"]}}],"collection":[{"href":"https:\/\/tanzzo.com\/hu\/wp-json\/wp\/v2\/product"}],"about":[{"href":"https:\/\/tanzzo.com\/hu\/wp-json\/wp\/v2\/types\/product"}],"wp:featuredmedia":[{"embeddable":true,"href":"https:\/\/tanzzo.com\/hu\/wp-json\/wp\/v2\/media\/8385"}],"wp:attachment":[{"href":"https:\/\/tanzzo.com\/hu\/wp-json\/wp\/v2\/media?parent=8312"}],"wp:term":[{"taxonomy":"product_cat","embeddable":true,"href":"https:\/\/tanzzo.com\/hu\/wp-json\/wp\/v2\/product_cat?post=8312"},{"taxonomy":"product_tag","embeddable":true,"href":"https:\/\/tanzzo.com\/hu\/wp-json\/wp\/v2\/product_tag?post=8312"}],"curies":[{"name":"wp","href":"https:\/\/api.w.org\/{rel}","templated":true}]}}