
{"id":3134,"date":"2021-08-09T08:07:39","date_gmt":"2022-04-13T08:25:33","guid":{"rendered":"https:\/\/tanzzo.com\/?post_type=product&#038;p=3134"},"modified":"2023-06-06T11:50:53","modified_gmt":"2023-06-06T09:50:53","slug":"tanning-cream","status":"publish","type":"product","link":"https:\/\/tanzzo.com\/hu\/product\/tanning-cream\/","title":{"rendered":"Kr\u00e9m a gyorsabb barnul\u00e1s\u00e9rt &#8211; 200ml"},"content":{"rendered":"<div class=\"row row-collapse row-full-width\"  id=\"row-1982450952\">\n\n\t<div id=\"col-847810972\" class=\"col small-12 large-12\"  >\n\t\t\t\t<div class=\"col-inner\"  >\n\t\t\t\n\t\t\t\n\n\t\t<\/div>\n\t\t\t\t\t<\/div>\n\n\t\n\n<style>\n#row-1982450952 > .col > .col-inner {\n  background-color: rgb(245, 245, 245);\n}\n<\/style>\n<\/div>\n\n","protected":false},"excerpt":{"rendered":"<p><span><strong>Forradalmi barn\u00edt\u00f3kr\u00e9m\u00fcnk maximaliz\u00e1lja a barnas\u00e1got, ak\u00e1r a Nap alatt, ak\u00e1r a szol\u00e1riumban.<\/strong><\/span><\/p>\n<ul class=\"orange-dots\">\n<li><b>felgyors\u00edtja a barnul\u00e1si folyamatot<\/b><\/li>\n<li><strong>hidrat\u00e1lja \u00e9s t\u00e1pl\u00e1lja a b\u0151rt<\/strong><\/li>\n<li><strong>gyorsan felsz\u00edv\u00f3dik \u00e9s nem hagy foltot<\/strong><\/li>\n<li><strong>a tr\u00f3pusi paradicsom esszenci\u00e1ja<\/strong><\/li>\n<\/ul>\n<p><span>A TANZZO az\u00e9rt van itt, hogy jav\u00edtsa barnul\u00e1si \u00e9lm\u00e9ny\u00e9t. K\u00e9sz\u00fclj\u00f6n fel a ragyog\u00e1sra, \u00e9s hagyja, hogy ez a barnul\u00e1sfokoz\u00f3 seg\u00edtsen el\u00e9rni azt a ragyog\u00f3 ny\u00e1ri megjelen\u00e9st, amely mindenkit leny\u0171g\u00f6z!<\/span><\/p>\n","protected":false},"featured_media":11868,"template":"","meta":[],"product_cat":[192],"product_tag":[],"class_list":["post-3134","product","type-product","status-publish","has-post-thumbnail","hentry","product_cat-uncategorized-hu"],"acf":[],"yoast_head":"<!-- This site is optimized with the Yoast SEO plugin v20.8 - https:\/\/yoast.com\/wordpress\/plugins\/seo\/ -->\n<title>Kr\u00e9m a gyorsabb barnul\u00e1s\u00e9rt - 200ml - Tanzzo<\/title>\n<meta name=\"robots\" content=\"index, follow, max-snippet:-1, max-image-preview:large, max-video-preview:-1\" \/>\n<link rel=\"canonical\" href=\"https:\/\/tanzzo.com\/hu\/product\/tanning-cream\/\" \/>\n<meta property=\"og:locale\" content=\"hu_HU\" \/>\n<meta property=\"og:type\" content=\"article\" \/>\n<meta property=\"og:title\" content=\"Kr\u00e9m a gyorsabb barnul\u00e1s\u00e9rt - 200ml - Tanzzo\" \/>\n<meta property=\"og:description\" content=\"Forradalmi barn\u00edt\u00f3kr\u00e9m\u00fcnk maximaliz\u00e1lja a barnas\u00e1got, ak\u00e1r a Nap alatt, ak\u00e1r a szol\u00e1riumban.   felgyors\u00edtja a barnul\u00e1si folyamatot  hidrat\u00e1lja \u00e9s t\u00e1pl\u00e1lja a b\u0151rt  gyorsan felsz\u00edv\u00f3dik \u00e9s nem hagy foltot  a tr\u00f3pusi paradicsom esszenci\u00e1ja  A TANZZO az\u00e9rt van itt, hogy jav\u00edtsa barnul\u00e1si \u00e9lm\u00e9ny\u00e9t. K\u00e9sz\u00fclj\u00f6n fel a ragyog\u00e1sra, \u00e9s hagyja, hogy ez a barnul\u00e1sfokoz\u00f3 seg\u00edtsen el\u00e9rni azt a ragyog\u00f3 ny\u00e1ri megjelen\u00e9st, amely mindenkit leny\u0171g\u00f6z!\" \/>\n<meta property=\"og:url\" content=\"https:\/\/tanzzo.com\/hu\/product\/tanning-cream\/\" \/>\n<meta property=\"og:site_name\" content=\"Tanzzo\" \/>\n<meta property=\"article:publisher\" content=\"https:\/\/www.facebook.com\/Tanzzzo\/\" \/>\n<meta property=\"article:modified_time\" content=\"2023-06-06T09:50:53+00:00\" \/>\n<meta property=\"og:image\" content=\"https:\/\/tanzzo.com\/wp-content\/uploads\/2022\/06\/tanning-cream-png.png\" \/>\n\t<meta property=\"og:image:width\" content=\"1080\" \/>\n\t<meta property=\"og:image:height\" content=\"1080\" \/>\n\t<meta property=\"og:image:type\" content=\"image\/png\" \/>\n<meta name=\"twitter:card\" content=\"summary_large_image\" \/>\n<meta name=\"twitter:label1\" content=\"Becs\u00fclt olvas\u00e1si id\u0151\" \/>\n\t<meta name=\"twitter:data1\" content=\"2 perc\" \/>\n<script type=\"application\/ld+json\" class=\"yoast-schema-graph\">{\"@context\":\"https:\/\/schema.org\",\"@graph\":[{\"@type\":\"WebPage\",\"@id\":\"https:\/\/tanzzo.com\/hu\/product\/tanning-cream\/\",\"url\":\"https:\/\/tanzzo.com\/hu\/product\/tanning-cream\/\",\"name\":\"Kr\u00e9m a gyorsabb barnul\u00e1s\u00e9rt - 200ml - Tanzzo\",\"isPartOf\":{\"@id\":\"https:\/\/tanzzo.com\/hu\/#website\"},\"datePublished\":\"2022-04-13T08:25:33+00:00\",\"dateModified\":\"2023-06-06T09:50:53+00:00\",\"breadcrumb\":{\"@id\":\"https:\/\/tanzzo.com\/hu\/product\/tanning-cream\/#breadcrumb\"},\"inLanguage\":\"hu\",\"potentialAction\":[{\"@type\":\"ReadAction\",\"target\":[\"https:\/\/tanzzo.com\/hu\/product\/tanning-cream\/\"]}]},{\"@type\":\"BreadcrumbList\",\"@id\":\"https:\/\/tanzzo.com\/hu\/product\/tanning-cream\/#breadcrumb\",\"itemListElement\":[{\"@type\":\"ListItem\",\"position\":1,\"name\":\"Home\",\"item\":\"https:\/\/tanzzo.com\/hu\/\"},{\"@type\":\"ListItem\",\"position\":2,\"name\":\"Bolt\",\"item\":\"https:\/\/tanzzo.com\/hu\/bolt\/\"},{\"@type\":\"ListItem\",\"position\":3,\"name\":\"Kr\u00e9m a gyorsabb barnul\u00e1s\u00e9rt &#8211; 200ml\"}]},{\"@type\":\"WebSite\",\"@id\":\"https:\/\/tanzzo.com\/hu\/#website\",\"url\":\"https:\/\/tanzzo.com\/hu\/\",\"name\":\"Tanzzo\",\"description\":\"GET YOUR PERFECT TAN\",\"publisher\":{\"@id\":\"https:\/\/tanzzo.com\/hu\/#organization\"},\"potentialAction\":[{\"@type\":\"SearchAction\",\"target\":{\"@type\":\"EntryPoint\",\"urlTemplate\":\"https:\/\/tanzzo.com\/hu\/?s={search_term_string}\"},\"query-input\":\"required name=search_term_string\"}],\"inLanguage\":\"hu\"},{\"@type\":\"Organization\",\"@id\":\"https:\/\/tanzzo.com\/hu\/#organization\",\"name\":\"Tanzzo\",\"url\":\"https:\/\/tanzzo.com\/hu\/\",\"logo\":{\"@type\":\"ImageObject\",\"inLanguage\":\"hu\",\"@id\":\"https:\/\/tanzzo.com\/hu\/#\/schema\/logo\/image\/\",\"url\":\"https:\/\/tanzzo.com\/wp-content\/uploads\/2021\/08\/tanzzo1.png\",\"contentUrl\":\"https:\/\/tanzzo.com\/wp-content\/uploads\/2021\/08\/tanzzo1.png\",\"width\":2560,\"height\":426,\"caption\":\"Tanzzo\"},\"image\":{\"@id\":\"https:\/\/tanzzo.com\/hu\/#\/schema\/logo\/image\/\"},\"sameAs\":[\"https:\/\/www.facebook.com\/Tanzzzo\/\",\"https:\/\/www.instagram.com\/tanzzo_original\/\"]}]}<\/script>\n<!-- \/ Yoast SEO plugin. -->","yoast_head_json":{"title":"Kr\u00e9m a gyorsabb barnul\u00e1s\u00e9rt - 200ml - Tanzzo","robots":{"index":"index","follow":"follow","max-snippet":"max-snippet:-1","max-image-preview":"max-image-preview:large","max-video-preview":"max-video-preview:-1"},"canonical":"https:\/\/tanzzo.com\/hu\/product\/tanning-cream\/","og_locale":"hu_HU","og_type":"article","og_title":"Kr\u00e9m a gyorsabb barnul\u00e1s\u00e9rt - 200ml - Tanzzo","og_description":"Forradalmi barn\u00edt\u00f3kr\u00e9m\u00fcnk maximaliz\u00e1lja a barnas\u00e1got, ak\u00e1r a Nap alatt, ak\u00e1r a szol\u00e1riumban.   felgyors\u00edtja a barnul\u00e1si folyamatot  hidrat\u00e1lja \u00e9s t\u00e1pl\u00e1lja a b\u0151rt  gyorsan felsz\u00edv\u00f3dik \u00e9s nem hagy foltot  a tr\u00f3pusi paradicsom esszenci\u00e1ja  A TANZZO az\u00e9rt van itt, hogy jav\u00edtsa barnul\u00e1si \u00e9lm\u00e9ny\u00e9t. K\u00e9sz\u00fclj\u00f6n fel a ragyog\u00e1sra, \u00e9s hagyja, hogy ez a barnul\u00e1sfokoz\u00f3 seg\u00edtsen el\u00e9rni azt a ragyog\u00f3 ny\u00e1ri megjelen\u00e9st, amely mindenkit leny\u0171g\u00f6z!","og_url":"https:\/\/tanzzo.com\/hu\/product\/tanning-cream\/","og_site_name":"Tanzzo","article_publisher":"https:\/\/www.facebook.com\/Tanzzzo\/","article_modified_time":"2023-06-06T09:50:53+00:00","og_image":[{"width":1080,"height":1080,"url":"https:\/\/tanzzo.com\/wp-content\/uploads\/2022\/06\/tanning-cream-png.png","type":"image\/png"}],"twitter_card":"summary_large_image","twitter_misc":{"Becs\u00fclt olvas\u00e1si id\u0151":"2 perc"},"schema":{"@context":"https:\/\/schema.org","@graph":[{"@type":"WebPage","@id":"https:\/\/tanzzo.com\/hu\/product\/tanning-cream\/","url":"https:\/\/tanzzo.com\/hu\/product\/tanning-cream\/","name":"Kr\u00e9m a gyorsabb barnul\u00e1s\u00e9rt - 200ml - Tanzzo","isPartOf":{"@id":"https:\/\/tanzzo.com\/hu\/#website"},"datePublished":"2022-04-13T08:25:33+00:00","dateModified":"2023-06-06T09:50:53+00:00","breadcrumb":{"@id":"https:\/\/tanzzo.com\/hu\/product\/tanning-cream\/#breadcrumb"},"inLanguage":"hu","potentialAction":[{"@type":"ReadAction","target":["https:\/\/tanzzo.com\/hu\/product\/tanning-cream\/"]}]},{"@type":"BreadcrumbList","@id":"https:\/\/tanzzo.com\/hu\/product\/tanning-cream\/#breadcrumb","itemListElement":[{"@type":"ListItem","position":1,"name":"Home","item":"https:\/\/tanzzo.com\/hu\/"},{"@type":"ListItem","position":2,"name":"Bolt","item":"https:\/\/tanzzo.com\/hu\/bolt\/"},{"@type":"ListItem","position":3,"name":"Kr\u00e9m a gyorsabb barnul\u00e1s\u00e9rt &#8211; 200ml"}]},{"@type":"WebSite","@id":"https:\/\/tanzzo.com\/hu\/#website","url":"https:\/\/tanzzo.com\/hu\/","name":"Tanzzo","description":"GET YOUR PERFECT TAN","publisher":{"@id":"https:\/\/tanzzo.com\/hu\/#organization"},"potentialAction":[{"@type":"SearchAction","target":{"@type":"EntryPoint","urlTemplate":"https:\/\/tanzzo.com\/hu\/?s={search_term_string}"},"query-input":"required name=search_term_string"}],"inLanguage":"hu"},{"@type":"Organization","@id":"https:\/\/tanzzo.com\/hu\/#organization","name":"Tanzzo","url":"https:\/\/tanzzo.com\/hu\/","logo":{"@type":"ImageObject","inLanguage":"hu","@id":"https:\/\/tanzzo.com\/hu\/#\/schema\/logo\/image\/","url":"https:\/\/tanzzo.com\/wp-content\/uploads\/2021\/08\/tanzzo1.png","contentUrl":"https:\/\/tanzzo.com\/wp-content\/uploads\/2021\/08\/tanzzo1.png","width":2560,"height":426,"caption":"Tanzzo"},"image":{"@id":"https:\/\/tanzzo.com\/hu\/#\/schema\/logo\/image\/"},"sameAs":["https:\/\/www.facebook.com\/Tanzzzo\/","https:\/\/www.instagram.com\/tanzzo_original\/"]}]}},"_links":{"self":[{"href":"https:\/\/tanzzo.com\/hu\/wp-json\/wp\/v2\/product\/3134","targetHints":{"allow":["GET"]}}],"collection":[{"href":"https:\/\/tanzzo.com\/hu\/wp-json\/wp\/v2\/product"}],"about":[{"href":"https:\/\/tanzzo.com\/hu\/wp-json\/wp\/v2\/types\/product"}],"wp:featuredmedia":[{"embeddable":true,"href":"https:\/\/tanzzo.com\/hu\/wp-json\/wp\/v2\/media\/11868"}],"wp:attachment":[{"href":"https:\/\/tanzzo.com\/hu\/wp-json\/wp\/v2\/media?parent=3134"}],"wp:term":[{"taxonomy":"product_cat","embeddable":true,"href":"https:\/\/tanzzo.com\/hu\/wp-json\/wp\/v2\/product_cat?post=3134"},{"taxonomy":"product_tag","embeddable":true,"href":"https:\/\/tanzzo.com\/hu\/wp-json\/wp\/v2\/product_tag?post=3134"}],"curies":[{"name":"wp","href":"https:\/\/api.w.org\/{rel}","templated":true}]}}