
{"id":13329,"date":"2022-07-14T13:53:00","date_gmt":"2022-07-14T11:53:00","guid":{"rendered":"https:\/\/tanzzo.com\/product\/back2basic\/"},"modified":"2022-07-15T07:49:43","modified_gmt":"2022-07-15T05:49:43","slug":"back2basic","status":"publish","type":"product","link":"https:\/\/tanzzo.com\/hu\/product\/back2basic\/","title":{"rendered":"Back2basic"},"content":{"rendered":"","protected":false},"excerpt":{"rendered":"<p>Szeretn\u00e9l \u00e9rz\u00e9ki, ragyog\u00f3 \u00e9s napbarn\u00edtott b\u0151rt, aminek csod\u00e1s az illata? \u0150rizd meg b\u0151r\u00f6d ragyog\u00e1s\u00e1t \u00e9s barnas\u00e1g\u00e1t a Back 2 Basics csomaggal. Tartalmazza a gyorsabb barnul\u00e1st biztos\u00edt\u00f3 kr\u00e9met (200 ml), amelyet kifejezetten a barnul\u00e1s felgyors\u00edt\u00e1s\u00e1ra fejlesztettek, \u00e9s a napoz\u00e1s ut\u00e1ni kr\u00e9met (200 ml), ami a legjobb megold\u00e1s az eg\u00e9sz ny\u00e1ron \u00e1t tart\u00f3 m\u00e9ly, s\u00f6t\u00e9t \u00e1rnyalatok meg\u0151rz\u00e9s\u00e9re.<\/p>\n","protected":false},"featured_media":13303,"template":"","meta":[],"product_cat":[192],"product_tag":[],"class_list":["post-13329","product","type-product","status-publish","has-post-thumbnail","hentry","product_cat-uncategorized-hu"],"acf":[],"yoast_head":"<!-- This site is optimized with the Yoast SEO plugin v20.8 - https:\/\/yoast.com\/wordpress\/plugins\/seo\/ -->\n<title>Back2basic - Tanzzo<\/title>\n<meta name=\"robots\" content=\"index, follow, max-snippet:-1, max-image-preview:large, max-video-preview:-1\" \/>\n<link rel=\"canonical\" href=\"https:\/\/tanzzo.com\/hu\/product\/back2basic\/\" \/>\n<meta property=\"og:locale\" content=\"hu_HU\" \/>\n<meta property=\"og:type\" content=\"article\" \/>\n<meta property=\"og:title\" content=\"Back2basic - Tanzzo\" \/>\n<meta property=\"og:description\" content=\"Szeretn\u00e9l \u00e9rz\u00e9ki, ragyog\u00f3 \u00e9s napbarn\u00edtott b\u0151rt, aminek csod\u00e1s az illata? \u0150rizd meg b\u0151r\u00f6d ragyog\u00e1s\u00e1t \u00e9s barnas\u00e1g\u00e1t a Back 2 Basics csomaggal. Tartalmazza a gyorsabb barnul\u00e1st biztos\u00edt\u00f3 kr\u00e9met (200 ml), amelyet kifejezetten a barnul\u00e1s felgyors\u00edt\u00e1s\u00e1ra fejlesztettek, \u00e9s a napoz\u00e1s ut\u00e1ni kr\u00e9met (200 ml), ami a legjobb megold\u00e1s az eg\u00e9sz ny\u00e1ron \u00e1t tart\u00f3 m\u00e9ly, s\u00f6t\u00e9t \u00e1rnyalatok meg\u0151rz\u00e9s\u00e9re.\" \/>\n<meta property=\"og:url\" content=\"https:\/\/tanzzo.com\/hu\/product\/back2basic\/\" \/>\n<meta property=\"og:site_name\" content=\"Tanzzo\" \/>\n<meta property=\"article:publisher\" content=\"https:\/\/www.facebook.com\/Tanzzzo\/\" \/>\n<meta property=\"article:modified_time\" content=\"2022-07-15T05:49:43+00:00\" \/>\n<meta property=\"og:image\" content=\"https:\/\/tanzzo.com\/wp-content\/uploads\/2022\/07\/6.png\" \/>\n\t<meta property=\"og:image:width\" content=\"1080\" \/>\n\t<meta property=\"og:image:height\" content=\"1080\" \/>\n\t<meta property=\"og:image:type\" content=\"image\/png\" \/>\n<meta name=\"twitter:card\" content=\"summary_large_image\" \/>\n<script type=\"application\/ld+json\" class=\"yoast-schema-graph\">{\"@context\":\"https:\/\/schema.org\",\"@graph\":[{\"@type\":\"WebPage\",\"@id\":\"https:\/\/tanzzo.com\/hu\/product\/back2basic\/\",\"url\":\"https:\/\/tanzzo.com\/hu\/product\/back2basic\/\",\"name\":\"Back2basic - Tanzzo\",\"isPartOf\":{\"@id\":\"https:\/\/tanzzo.com\/hu\/#website\"},\"datePublished\":\"2022-07-14T11:53:00+00:00\",\"dateModified\":\"2022-07-15T05:49:43+00:00\",\"breadcrumb\":{\"@id\":\"https:\/\/tanzzo.com\/hu\/product\/back2basic\/#breadcrumb\"},\"inLanguage\":\"hu\",\"potentialAction\":[{\"@type\":\"ReadAction\",\"target\":[\"https:\/\/tanzzo.com\/hu\/product\/back2basic\/\"]}]},{\"@type\":\"BreadcrumbList\",\"@id\":\"https:\/\/tanzzo.com\/hu\/product\/back2basic\/#breadcrumb\",\"itemListElement\":[{\"@type\":\"ListItem\",\"position\":1,\"name\":\"Home\",\"item\":\"https:\/\/tanzzo.com\/hu\/\"},{\"@type\":\"ListItem\",\"position\":2,\"name\":\"Bolt\",\"item\":\"https:\/\/tanzzo.com\/hu\/bolt\/\"},{\"@type\":\"ListItem\",\"position\":3,\"name\":\"Back2basic\"}]},{\"@type\":\"WebSite\",\"@id\":\"https:\/\/tanzzo.com\/hu\/#website\",\"url\":\"https:\/\/tanzzo.com\/hu\/\",\"name\":\"Tanzzo\",\"description\":\"GET YOUR PERFECT TAN\",\"publisher\":{\"@id\":\"https:\/\/tanzzo.com\/hu\/#organization\"},\"potentialAction\":[{\"@type\":\"SearchAction\",\"target\":{\"@type\":\"EntryPoint\",\"urlTemplate\":\"https:\/\/tanzzo.com\/hu\/?s={search_term_string}\"},\"query-input\":\"required name=search_term_string\"}],\"inLanguage\":\"hu\"},{\"@type\":\"Organization\",\"@id\":\"https:\/\/tanzzo.com\/hu\/#organization\",\"name\":\"Tanzzo\",\"url\":\"https:\/\/tanzzo.com\/hu\/\",\"logo\":{\"@type\":\"ImageObject\",\"inLanguage\":\"hu\",\"@id\":\"https:\/\/tanzzo.com\/hu\/#\/schema\/logo\/image\/\",\"url\":\"https:\/\/tanzzo.com\/wp-content\/uploads\/2021\/08\/tanzzo1.png\",\"contentUrl\":\"https:\/\/tanzzo.com\/wp-content\/uploads\/2021\/08\/tanzzo1.png\",\"width\":2560,\"height\":426,\"caption\":\"Tanzzo\"},\"image\":{\"@id\":\"https:\/\/tanzzo.com\/hu\/#\/schema\/logo\/image\/\"},\"sameAs\":[\"https:\/\/www.facebook.com\/Tanzzzo\/\",\"https:\/\/www.instagram.com\/tanzzo_original\/\"]}]}<\/script>\n<!-- \/ Yoast SEO plugin. -->","yoast_head_json":{"title":"Back2basic - Tanzzo","robots":{"index":"index","follow":"follow","max-snippet":"max-snippet:-1","max-image-preview":"max-image-preview:large","max-video-preview":"max-video-preview:-1"},"canonical":"https:\/\/tanzzo.com\/hu\/product\/back2basic\/","og_locale":"hu_HU","og_type":"article","og_title":"Back2basic - Tanzzo","og_description":"Szeretn\u00e9l \u00e9rz\u00e9ki, ragyog\u00f3 \u00e9s napbarn\u00edtott b\u0151rt, aminek csod\u00e1s az illata? \u0150rizd meg b\u0151r\u00f6d ragyog\u00e1s\u00e1t \u00e9s barnas\u00e1g\u00e1t a Back 2 Basics csomaggal. Tartalmazza a gyorsabb barnul\u00e1st biztos\u00edt\u00f3 kr\u00e9met (200 ml), amelyet kifejezetten a barnul\u00e1s felgyors\u00edt\u00e1s\u00e1ra fejlesztettek, \u00e9s a napoz\u00e1s ut\u00e1ni kr\u00e9met (200 ml), ami a legjobb megold\u00e1s az eg\u00e9sz ny\u00e1ron \u00e1t tart\u00f3 m\u00e9ly, s\u00f6t\u00e9t \u00e1rnyalatok meg\u0151rz\u00e9s\u00e9re.","og_url":"https:\/\/tanzzo.com\/hu\/product\/back2basic\/","og_site_name":"Tanzzo","article_publisher":"https:\/\/www.facebook.com\/Tanzzzo\/","article_modified_time":"2022-07-15T05:49:43+00:00","og_image":[{"width":1080,"height":1080,"url":"https:\/\/tanzzo.com\/wp-content\/uploads\/2022\/07\/6.png","type":"image\/png"}],"twitter_card":"summary_large_image","schema":{"@context":"https:\/\/schema.org","@graph":[{"@type":"WebPage","@id":"https:\/\/tanzzo.com\/hu\/product\/back2basic\/","url":"https:\/\/tanzzo.com\/hu\/product\/back2basic\/","name":"Back2basic - Tanzzo","isPartOf":{"@id":"https:\/\/tanzzo.com\/hu\/#website"},"datePublished":"2022-07-14T11:53:00+00:00","dateModified":"2022-07-15T05:49:43+00:00","breadcrumb":{"@id":"https:\/\/tanzzo.com\/hu\/product\/back2basic\/#breadcrumb"},"inLanguage":"hu","potentialAction":[{"@type":"ReadAction","target":["https:\/\/tanzzo.com\/hu\/product\/back2basic\/"]}]},{"@type":"BreadcrumbList","@id":"https:\/\/tanzzo.com\/hu\/product\/back2basic\/#breadcrumb","itemListElement":[{"@type":"ListItem","position":1,"name":"Home","item":"https:\/\/tanzzo.com\/hu\/"},{"@type":"ListItem","position":2,"name":"Bolt","item":"https:\/\/tanzzo.com\/hu\/bolt\/"},{"@type":"ListItem","position":3,"name":"Back2basic"}]},{"@type":"WebSite","@id":"https:\/\/tanzzo.com\/hu\/#website","url":"https:\/\/tanzzo.com\/hu\/","name":"Tanzzo","description":"GET YOUR PERFECT TAN","publisher":{"@id":"https:\/\/tanzzo.com\/hu\/#organization"},"potentialAction":[{"@type":"SearchAction","target":{"@type":"EntryPoint","urlTemplate":"https:\/\/tanzzo.com\/hu\/?s={search_term_string}"},"query-input":"required name=search_term_string"}],"inLanguage":"hu"},{"@type":"Organization","@id":"https:\/\/tanzzo.com\/hu\/#organization","name":"Tanzzo","url":"https:\/\/tanzzo.com\/hu\/","logo":{"@type":"ImageObject","inLanguage":"hu","@id":"https:\/\/tanzzo.com\/hu\/#\/schema\/logo\/image\/","url":"https:\/\/tanzzo.com\/wp-content\/uploads\/2021\/08\/tanzzo1.png","contentUrl":"https:\/\/tanzzo.com\/wp-content\/uploads\/2021\/08\/tanzzo1.png","width":2560,"height":426,"caption":"Tanzzo"},"image":{"@id":"https:\/\/tanzzo.com\/hu\/#\/schema\/logo\/image\/"},"sameAs":["https:\/\/www.facebook.com\/Tanzzzo\/","https:\/\/www.instagram.com\/tanzzo_original\/"]}]}},"_links":{"self":[{"href":"https:\/\/tanzzo.com\/hu\/wp-json\/wp\/v2\/product\/13329","targetHints":{"allow":["GET"]}}],"collection":[{"href":"https:\/\/tanzzo.com\/hu\/wp-json\/wp\/v2\/product"}],"about":[{"href":"https:\/\/tanzzo.com\/hu\/wp-json\/wp\/v2\/types\/product"}],"wp:featuredmedia":[{"embeddable":true,"href":"https:\/\/tanzzo.com\/hu\/wp-json\/wp\/v2\/media\/13303"}],"wp:attachment":[{"href":"https:\/\/tanzzo.com\/hu\/wp-json\/wp\/v2\/media?parent=13329"}],"wp:term":[{"taxonomy":"product_cat","embeddable":true,"href":"https:\/\/tanzzo.com\/hu\/wp-json\/wp\/v2\/product_cat?post=13329"},{"taxonomy":"product_tag","embeddable":true,"href":"https:\/\/tanzzo.com\/hu\/wp-json\/wp\/v2\/product_tag?post=13329"}],"curies":[{"name":"wp","href":"https:\/\/api.w.org\/{rel}","templated":true}]}}