
{"id":13318,"date":"2022-07-14T13:54:18","date_gmt":"2022-07-14T11:54:18","guid":{"rendered":"https:\/\/tanzzo.com\/product\/brace-yourself\/"},"modified":"2022-07-15T07:54:01","modified_gmt":"2022-07-15T05:54:01","slug":"brace-yourself","status":"publish","type":"product","link":"https:\/\/tanzzo.com\/hu\/product\/brace-yourself\/","title":{"rendered":"Brace yourself"},"content":{"rendered":"","protected":false},"excerpt":{"rendered":"<p>H\u00edvogat a tengerpart \u00e9s a napf\u00e9nyes strandok, \u00e9s te m\u00e9g mindig nem \u00e9rted el a t\u00f6k\u00e9letes barnul\u00e1st? Ne agg\u00f3dj, a Tanzzo kih\u00faz a bajb\u00f3l! A barn\u00edt\u00f3cseppek \u00e9s napoz\u00e1s ut\u00e1ni kr\u00e9mmel napoz\u00e1s n\u00e9lk\u00fcl is gy\u00f6ny\u00f6r\u0171 napbarn\u00edtott b\u0151r\u00f6d lesz. Csak t\u00e9gy n\u00e9h\u00e1ny barn\u00edt\u00f3cseppet a napoz\u00e1s ut\u00e1ni kr\u00e9mbe, \u00e9s mindenn\u00e9l gyorsabb eredm\u00e9nyt fogsz el\u00e9rni. Sz\u00ednleld, am\u00edg sz\u00ednt lelsz!<\/p>\n","protected":false},"featured_media":13291,"template":"","meta":[],"product_cat":[192],"product_tag":[],"class_list":["post-13318","product","type-product","status-publish","has-post-thumbnail","hentry","product_cat-uncategorized-hu"],"acf":[],"yoast_head":"<!-- This site is optimized with the Yoast SEO plugin v20.8 - https:\/\/yoast.com\/wordpress\/plugins\/seo\/ -->\n<title>Brace yourself - Tanzzo<\/title>\n<meta name=\"robots\" content=\"index, follow, max-snippet:-1, max-image-preview:large, max-video-preview:-1\" \/>\n<link rel=\"canonical\" href=\"https:\/\/tanzzo.com\/hu\/product\/brace-yourself\/\" \/>\n<meta property=\"og:locale\" content=\"hu_HU\" \/>\n<meta property=\"og:type\" content=\"article\" \/>\n<meta property=\"og:title\" content=\"Brace yourself - Tanzzo\" \/>\n<meta property=\"og:description\" content=\"H\u00edvogat a tengerpart \u00e9s a napf\u00e9nyes strandok, \u00e9s te m\u00e9g mindig nem \u00e9rted el a t\u00f6k\u00e9letes barnul\u00e1st? Ne agg\u00f3dj, a Tanzzo kih\u00faz a bajb\u00f3l! A barn\u00edt\u00f3cseppek \u00e9s napoz\u00e1s ut\u00e1ni kr\u00e9mmel napoz\u00e1s n\u00e9lk\u00fcl is gy\u00f6ny\u00f6r\u0171 napbarn\u00edtott b\u0151r\u00f6d lesz. Csak t\u00e9gy n\u00e9h\u00e1ny barn\u00edt\u00f3cseppet a napoz\u00e1s ut\u00e1ni kr\u00e9mbe, \u00e9s mindenn\u00e9l gyorsabb eredm\u00e9nyt fogsz el\u00e9rni. Sz\u00ednleld, am\u00edg sz\u00ednt lelsz!\" \/>\n<meta property=\"og:url\" content=\"https:\/\/tanzzo.com\/hu\/product\/brace-yourself\/\" \/>\n<meta property=\"og:site_name\" content=\"Tanzzo\" \/>\n<meta property=\"article:publisher\" content=\"https:\/\/www.facebook.com\/Tanzzzo\/\" \/>\n<meta property=\"article:modified_time\" content=\"2022-07-15T05:54:01+00:00\" \/>\n<meta property=\"og:image\" content=\"https:\/\/tanzzo.com\/wp-content\/uploads\/2022\/07\/5.png\" \/>\n\t<meta property=\"og:image:width\" content=\"1080\" \/>\n\t<meta property=\"og:image:height\" content=\"1080\" \/>\n\t<meta property=\"og:image:type\" content=\"image\/png\" \/>\n<meta name=\"twitter:card\" content=\"summary_large_image\" \/>\n<script type=\"application\/ld+json\" class=\"yoast-schema-graph\">{\"@context\":\"https:\/\/schema.org\",\"@graph\":[{\"@type\":\"WebPage\",\"@id\":\"https:\/\/tanzzo.com\/hu\/product\/brace-yourself\/\",\"url\":\"https:\/\/tanzzo.com\/hu\/product\/brace-yourself\/\",\"name\":\"Brace yourself - Tanzzo\",\"isPartOf\":{\"@id\":\"https:\/\/tanzzo.com\/hu\/#website\"},\"datePublished\":\"2022-07-14T11:54:18+00:00\",\"dateModified\":\"2022-07-15T05:54:01+00:00\",\"breadcrumb\":{\"@id\":\"https:\/\/tanzzo.com\/hu\/product\/brace-yourself\/#breadcrumb\"},\"inLanguage\":\"hu\",\"potentialAction\":[{\"@type\":\"ReadAction\",\"target\":[\"https:\/\/tanzzo.com\/hu\/product\/brace-yourself\/\"]}]},{\"@type\":\"BreadcrumbList\",\"@id\":\"https:\/\/tanzzo.com\/hu\/product\/brace-yourself\/#breadcrumb\",\"itemListElement\":[{\"@type\":\"ListItem\",\"position\":1,\"name\":\"Home\",\"item\":\"https:\/\/tanzzo.com\/hu\/\"},{\"@type\":\"ListItem\",\"position\":2,\"name\":\"Bolt\",\"item\":\"https:\/\/tanzzo.com\/hu\/bolt\/\"},{\"@type\":\"ListItem\",\"position\":3,\"name\":\"Brace yourself\"}]},{\"@type\":\"WebSite\",\"@id\":\"https:\/\/tanzzo.com\/hu\/#website\",\"url\":\"https:\/\/tanzzo.com\/hu\/\",\"name\":\"Tanzzo\",\"description\":\"GET YOUR PERFECT TAN\",\"publisher\":{\"@id\":\"https:\/\/tanzzo.com\/hu\/#organization\"},\"potentialAction\":[{\"@type\":\"SearchAction\",\"target\":{\"@type\":\"EntryPoint\",\"urlTemplate\":\"https:\/\/tanzzo.com\/hu\/?s={search_term_string}\"},\"query-input\":\"required name=search_term_string\"}],\"inLanguage\":\"hu\"},{\"@type\":\"Organization\",\"@id\":\"https:\/\/tanzzo.com\/hu\/#organization\",\"name\":\"Tanzzo\",\"url\":\"https:\/\/tanzzo.com\/hu\/\",\"logo\":{\"@type\":\"ImageObject\",\"inLanguage\":\"hu\",\"@id\":\"https:\/\/tanzzo.com\/hu\/#\/schema\/logo\/image\/\",\"url\":\"https:\/\/tanzzo.com\/wp-content\/uploads\/2021\/08\/tanzzo1.png\",\"contentUrl\":\"https:\/\/tanzzo.com\/wp-content\/uploads\/2021\/08\/tanzzo1.png\",\"width\":2560,\"height\":426,\"caption\":\"Tanzzo\"},\"image\":{\"@id\":\"https:\/\/tanzzo.com\/hu\/#\/schema\/logo\/image\/\"},\"sameAs\":[\"https:\/\/www.facebook.com\/Tanzzzo\/\",\"https:\/\/www.instagram.com\/tanzzo_original\/\"]}]}<\/script>\n<!-- \/ Yoast SEO plugin. -->","yoast_head_json":{"title":"Brace yourself - Tanzzo","robots":{"index":"index","follow":"follow","max-snippet":"max-snippet:-1","max-image-preview":"max-image-preview:large","max-video-preview":"max-video-preview:-1"},"canonical":"https:\/\/tanzzo.com\/hu\/product\/brace-yourself\/","og_locale":"hu_HU","og_type":"article","og_title":"Brace yourself - Tanzzo","og_description":"H\u00edvogat a tengerpart \u00e9s a napf\u00e9nyes strandok, \u00e9s te m\u00e9g mindig nem \u00e9rted el a t\u00f6k\u00e9letes barnul\u00e1st? Ne agg\u00f3dj, a Tanzzo kih\u00faz a bajb\u00f3l! A barn\u00edt\u00f3cseppek \u00e9s napoz\u00e1s ut\u00e1ni kr\u00e9mmel napoz\u00e1s n\u00e9lk\u00fcl is gy\u00f6ny\u00f6r\u0171 napbarn\u00edtott b\u0151r\u00f6d lesz. Csak t\u00e9gy n\u00e9h\u00e1ny barn\u00edt\u00f3cseppet a napoz\u00e1s ut\u00e1ni kr\u00e9mbe, \u00e9s mindenn\u00e9l gyorsabb eredm\u00e9nyt fogsz el\u00e9rni. Sz\u00ednleld, am\u00edg sz\u00ednt lelsz!","og_url":"https:\/\/tanzzo.com\/hu\/product\/brace-yourself\/","og_site_name":"Tanzzo","article_publisher":"https:\/\/www.facebook.com\/Tanzzzo\/","article_modified_time":"2022-07-15T05:54:01+00:00","og_image":[{"width":1080,"height":1080,"url":"https:\/\/tanzzo.com\/wp-content\/uploads\/2022\/07\/5.png","type":"image\/png"}],"twitter_card":"summary_large_image","schema":{"@context":"https:\/\/schema.org","@graph":[{"@type":"WebPage","@id":"https:\/\/tanzzo.com\/hu\/product\/brace-yourself\/","url":"https:\/\/tanzzo.com\/hu\/product\/brace-yourself\/","name":"Brace yourself - Tanzzo","isPartOf":{"@id":"https:\/\/tanzzo.com\/hu\/#website"},"datePublished":"2022-07-14T11:54:18+00:00","dateModified":"2022-07-15T05:54:01+00:00","breadcrumb":{"@id":"https:\/\/tanzzo.com\/hu\/product\/brace-yourself\/#breadcrumb"},"inLanguage":"hu","potentialAction":[{"@type":"ReadAction","target":["https:\/\/tanzzo.com\/hu\/product\/brace-yourself\/"]}]},{"@type":"BreadcrumbList","@id":"https:\/\/tanzzo.com\/hu\/product\/brace-yourself\/#breadcrumb","itemListElement":[{"@type":"ListItem","position":1,"name":"Home","item":"https:\/\/tanzzo.com\/hu\/"},{"@type":"ListItem","position":2,"name":"Bolt","item":"https:\/\/tanzzo.com\/hu\/bolt\/"},{"@type":"ListItem","position":3,"name":"Brace yourself"}]},{"@type":"WebSite","@id":"https:\/\/tanzzo.com\/hu\/#website","url":"https:\/\/tanzzo.com\/hu\/","name":"Tanzzo","description":"GET YOUR PERFECT TAN","publisher":{"@id":"https:\/\/tanzzo.com\/hu\/#organization"},"potentialAction":[{"@type":"SearchAction","target":{"@type":"EntryPoint","urlTemplate":"https:\/\/tanzzo.com\/hu\/?s={search_term_string}"},"query-input":"required name=search_term_string"}],"inLanguage":"hu"},{"@type":"Organization","@id":"https:\/\/tanzzo.com\/hu\/#organization","name":"Tanzzo","url":"https:\/\/tanzzo.com\/hu\/","logo":{"@type":"ImageObject","inLanguage":"hu","@id":"https:\/\/tanzzo.com\/hu\/#\/schema\/logo\/image\/","url":"https:\/\/tanzzo.com\/wp-content\/uploads\/2021\/08\/tanzzo1.png","contentUrl":"https:\/\/tanzzo.com\/wp-content\/uploads\/2021\/08\/tanzzo1.png","width":2560,"height":426,"caption":"Tanzzo"},"image":{"@id":"https:\/\/tanzzo.com\/hu\/#\/schema\/logo\/image\/"},"sameAs":["https:\/\/www.facebook.com\/Tanzzzo\/","https:\/\/www.instagram.com\/tanzzo_original\/"]}]}},"_links":{"self":[{"href":"https:\/\/tanzzo.com\/hu\/wp-json\/wp\/v2\/product\/13318","targetHints":{"allow":["GET"]}}],"collection":[{"href":"https:\/\/tanzzo.com\/hu\/wp-json\/wp\/v2\/product"}],"about":[{"href":"https:\/\/tanzzo.com\/hu\/wp-json\/wp\/v2\/types\/product"}],"wp:featuredmedia":[{"embeddable":true,"href":"https:\/\/tanzzo.com\/hu\/wp-json\/wp\/v2\/media\/13291"}],"wp:attachment":[{"href":"https:\/\/tanzzo.com\/hu\/wp-json\/wp\/v2\/media?parent=13318"}],"wp:term":[{"taxonomy":"product_cat","embeddable":true,"href":"https:\/\/tanzzo.com\/hu\/wp-json\/wp\/v2\/product_cat?post=13318"},{"taxonomy":"product_tag","embeddable":true,"href":"https:\/\/tanzzo.com\/hu\/wp-json\/wp\/v2\/product_tag?post=13318"}],"curies":[{"name":"wp","href":"https:\/\/api.w.org\/{rel}","templated":true}]}}