
{"id":13064,"date":"2022-07-11T11:33:36","date_gmt":"2022-07-11T09:33:36","guid":{"rendered":"https:\/\/tanzzo.com\/product\/bronzer\/"},"modified":"2022-07-11T13:31:03","modified_gmt":"2022-07-11T11:31:03","slug":"bronzer","status":"publish","type":"product","link":"https:\/\/tanzzo.com\/hu\/product\/bronzer\/","title":{"rendered":"Bronzer"},"content":{"rendered":"<div class=\"row row-collapse row-full-width\"  id=\"row-1194724638\">\n\n\t<div id=\"col-1836389999\" class=\"col small-12 large-12\"  >\n\t\t\t\t<div class=\"col-inner\"  >\n\t\t\t\n\t\t\t\n\n\t\t<\/div>\n\t\t\t\t\t<\/div>\n\n\t\n\n<style>\n#row-1194724638 > .col > .col-inner {\n  background-color: rgb(245, 245, 245);\n}\n<\/style>\n<\/div>\n\t<section class=\"section product-reviews\" id=\"section_1814970292\">\n\t\t<div class=\"bg section-bg fill bg-fill  bg-loaded\" >\n\n\t\t\t\n\t\t\t\n\t\t\t\n\n\t\t<\/div>\n\n\t\t\n\n\t\t<div class=\"section-content relative\">\n\t\t\t\n\n<span class=\"scroll-to\" data-label=\"Scroll to: #reviews\" data-bullet=\"false\" data-link=\"#reviews\" data-title=\"Reviews\"><a name=\"reviews\"><\/a><\/span>\n\n<div class=\"row rvs\"  id=\"row-1453317794\">\n\n\n\t<div id=\"col-1323374809\" class=\"col small-12 large-12\"  >\n\t\t\t\t<div class=\"col-inner\"  >\n\t\t\t\n\t\t\t\n\n<div class=\"row row-collapse\"  id=\"row-1292364813\">\n\n\n\t<div id=\"col-1965677476\" class=\"col medium-3 small-12 large-3\"  >\n\t\t\t\t<div class=\"col-inner\"  >\n\t\t\t\n\t\t\t\n\n<div class=\"is-divider divider clearfix\" style=\"margin-top:2em;margin-bottom:2em;max-width:100%;height:1px;background-color:rgb(0, 0, 0);\"><\/div>\n\n\n\t\t<\/div>\n\t\t\t\t\t<\/div>\n\n\t\n\n\t<div id=\"col-982242415\" class=\"col medium-6 small-12 large-6\"  >\n\t\t\t\t<div class=\"col-inner\"  >\n\t\t\t\n\t\t\t\n\n\t<div id=\"text-3905838400\" class=\"text\">\n\t\t\n\n<h2>V\u00e1s\u00e1rl\u00f3i v\u00e9lem\u00e9nyek<\/h2>\n\t\t\n<style>\n#text-3905838400 {\n  font-size: 1.6rem;\n  text-align: center;\n}\n<\/style>\n\t<\/div>\n\t\n\n\t\t<\/div>\n\t\t\t\t\t<\/div>\n\n\t\n\n\t<div id=\"col-395921526\" class=\"col medium-3 small-12 large-3\"  >\n\t\t\t\t<div class=\"col-inner\"  >\n\t\t\t\n\t\t\t\n\n<div class=\"is-divider divider clearfix\" style=\"margin-top:2em;margin-bottom:2em;max-width:100%;height:1px;background-color:rgb(0, 0, 0);\"><\/div>\n\n\n\t\t<\/div>\n\t\t\t\t\t<\/div>\n\n\t\n\n<\/div>\n\t<div id=\"gap-2076931310\" class=\"gap-element clearfix\" style=\"display:block; height:auto;\">\n\t\t\n<style>\n#gap-2076931310 {\n  padding-top: 30px;\n}\n<\/style>\n\t<\/div>\n\t\n\n\n\t\t<\/div>\n\t\t\t\t\t<\/div>\n\n\t\n\n\t<div id=\"col-1242690122\" class=\"col small-12 large-12\"  >\n\t\t\t\t<div class=\"col-inner\"  >\n\t\t\t\n\t\t\t\n\n<div class=\"row row-collapse align-bottom\"  id=\"row-661139411\">\n\n\n\t<div id=\"col-1223752719\" class=\"col medium-4 small-6 large-4\"  >\n\t\t\t\t<div class=\"col-inner\"  >\n\t\t\t\n\t\t\t\n\n\t<div id=\"text-1664669417\" class=\"text\">\n\t\t\n\n<div style=\"font-family: Light\">4.7 <span class=\"star-rating custom-rating\"><span style=\"width:94%\"><strong class=\"rating\"><\/strong><\/span><\/span><\/div><style>.float-left > .star-rating span:before, .float-left > .star-rating:before{ color: #f99c2e !important; }<\/style>\n\t\t\n<style>\n#text-1664669417 {\n  font-size: 1.5rem;\n}\n@media (min-width:550px) {\n  #text-1664669417 {\n    font-size: 2rem;\n  }\n}\n<\/style>\n\t<\/div>\n\t\n\n\t\t<\/div>\n\t\t\t\t\t<\/div>\n\n\t\n\n\t<div id=\"col-1564765300\" class=\"col hide-for-small medium-4 small-12 large-4\"  >\n\t\t\t\t<div class=\"col-inner\"  >\n\t\t\t\n\t\t\t\n\n\n\t\t<\/div>\n\t\t\t\t\t<\/div>\n\n\t\n\n\t<div id=\"col-669189544\" class=\"col medium-4 small-6 large-4\"  >\n\t\t\t\t<div class=\"col-inner text-right\"  >\n\t\t\t\n\t\t\t\n\n\t<div id=\"text-1416471724\" class=\"text\">\n\t\t\n\n<span style=\"font-family: Light\">144 Reviews<\/span>\n\t\t\n<style>\n#text-1416471724 {\n  font-size: 1.2rem;\n}\n@media (min-width:550px) {\n  #text-1416471724 {\n    font-size: 1.5rem;\n  }\n}\n<\/style>\n\t<\/div>\n\t\n\n\t\t<\/div>\n\t\t\t\t\t<\/div>\n\n\t\n\n<\/div>\n\t<div id=\"gap-432254932\" class=\"gap-element clearfix\" style=\"display:block; height:auto;\">\n\t\t\n<style>\n#gap-432254932 {\n  padding-top: 10px;\n}\n@media (min-width:550px) {\n  #gap-432254932 {\n    padding-top: 30px;\n  }\n}\n<\/style>\n\t<\/div>\n\t\n\n\n\t\t<\/div>\n\t\t\t\t\t<\/div>\n\n\t\n\n\t<div id=\"col-888687308\" class=\"col comment-box small-12 large-12\"  >\n\t\t\t\t<div class=\"col-inner\"  >\n\t\t\t\n\t\t\t\n\n  <div class=\"icon-box testimonial-box icon-box-left text-left\">\n                <div class=\"icon-box-text p-last-0\">\n          <div class=\"star-rating\"><span style=\"width:100%\"><strong class=\"rating\"><\/strong><\/span><\/div>  \t\t\t\t<div class=\"testimonial-text line-height-small italic test_text first-reset last-reset is-italic\">\n            \n\n<h3>Sara J, 23 SLO<\/h3>\n<p>I just love using Bronzer! It makes my skin super glowy and radiant! <\/p>\n\n\n          <\/div>\n          <div class=\"testimonial-meta pt-half\">\n             <strong class=\"testimonial-name test_name\"><\/strong>\n                          <span class=\"testimonial-company test_company\"><\/span>\n          <\/div>\n        <\/div>\n  <\/div>\n\n  \n  <div class=\"icon-box testimonial-box icon-box-left text-left\">\n                <div class=\"icon-box-text p-last-0\">\n          <div class=\"star-rating\"><span style=\"width:100%\"><strong class=\"rating\"><\/strong><\/span><\/div>  \t\t\t\t<div class=\"testimonial-text line-height-small italic test_text first-reset last-reset is-italic\">\n            \n\n<h3>Katerina U, 26 CZ<\/h3>\n<p>I use Bronzer everyday on the beach and also at night when I go to parties! Sun reflects so beautiful on my skin!<\/p>\n\n\n          <\/div>\n          <div class=\"testimonial-meta pt-half\">\n             <strong class=\"testimonial-name test_name\"><\/strong>\n                          <span class=\"testimonial-company test_company\"><\/span>\n          <\/div>\n        <\/div>\n  <\/div>\n\n  \n  <div class=\"icon-box testimonial-box icon-box-left text-left\">\n                <div class=\"icon-box-text p-last-0\">\n          <div class=\"star-rating\"><span style=\"width:100%\"><strong class=\"rating\"><\/strong><\/span><\/div>  \t\t\t\t<div class=\"testimonial-text line-height-small italic test_text first-reset last-reset is-italic\">\n            \n\n<h3>Ondina W, 20 SK<\/h3>\n<p>My skin gets very glowy and hydrated after using Bronzer. I love this product!<\/p>\n\n\n          <\/div>\n          <div class=\"testimonial-meta pt-half\">\n             <strong class=\"testimonial-name test_name\"><\/strong>\n                          <span class=\"testimonial-company test_company\"><\/span>\n          <\/div>\n        <\/div>\n  <\/div>\n\n  \n  <div class=\"icon-box testimonial-box icon-box-left text-left\">\n                <div class=\"icon-box-text p-last-0\">\n          <div class=\"star-rating\"><span style=\"width:75%\"><strong class=\"rating\"><\/strong><\/span><\/div>  \t\t\t\t<div class=\"testimonial-text line-height-small italic test_text first-reset last-reset is-italic\">\n            \n\n<h3>Clementina P, 28 IT<\/h3>\n<p>This is great for every occasion you can think of! It leaves a very beautiful shimmery skin and glowy look!<\/p>\n\n\n          <\/div>\n          <div class=\"testimonial-meta pt-half\">\n             <strong class=\"testimonial-name test_name\"><\/strong>\n                          <span class=\"testimonial-company test_company\"><\/span>\n          <\/div>\n        <\/div>\n  <\/div>\n\n  \n  <div class=\"icon-box testimonial-box icon-box-left text-left\">\n                <div class=\"icon-box-text p-last-0\">\n          <div class=\"star-rating\"><span style=\"width:75%\"><strong class=\"rating\"><\/strong><\/span><\/div>  \t\t\t\t<div class=\"testimonial-text line-height-small italic test_text first-reset last-reset is-italic\">\n            \n\n<h3>Nikolina Z, 25 RS<\/h3>\n<p>My boyfriend bought Bronzer for my birthday party on the beach. I looked like bronzed goddes and got so many compliments!<\/p>\n\n\n          <\/div>\n          <div class=\"testimonial-meta pt-half\">\n             <strong class=\"testimonial-name test_name\"><\/strong>\n                          <span class=\"testimonial-company test_company\"><\/span>\n          <\/div>\n        <\/div>\n  <\/div>\n\n  \n  <div class=\"icon-box testimonial-box icon-box-left text-left\">\n                <div class=\"icon-box-text p-last-0\">\n          <div class=\"star-rating\"><span style=\"width:75%\"><strong class=\"rating\"><\/strong><\/span><\/div>  \t\t\t\t<div class=\"testimonial-text line-height-small italic test_text first-reset last-reset is-italic\">\n            \n\n<h3>Karin V, 24 SLO<\/h3>\n<p>Babes, I recommend this product! Sometimes I use it on my dry hair ends and it nourishes them perfectly!<\/p>\n\n\n          <\/div>\n          <div class=\"testimonial-meta pt-half\">\n             <strong class=\"testimonial-name test_name\"><\/strong>\n                          <span class=\"testimonial-company test_company\"><\/span>\n          <\/div>\n        <\/div>\n  <\/div>\n\n  \n  <div class=\"icon-box testimonial-box icon-box-left text-left\">\n                <div class=\"icon-box-text p-last-0\">\n          <div class=\"star-rating\"><span style=\"width:75%\"><strong class=\"rating\"><\/strong><\/span><\/div>  \t\t\t\t<div class=\"testimonial-text line-height-small italic test_text first-reset last-reset is-italic\">\n            \n\n<h3>Valentina L, 24 IT<\/h3>\n<p>Love love love this product! Bronzed and shimmery skin is guaranteed! <\/p>\n\n\n          <\/div>\n          <div class=\"testimonial-meta pt-half\">\n             <strong class=\"testimonial-name test_name\"><\/strong>\n                          <span class=\"testimonial-company test_company\"><\/span>\n          <\/div>\n        <\/div>\n  <\/div>\n\n  \n  <div class=\"icon-box testimonial-box icon-box-left text-left\">\n                <div class=\"icon-box-text p-last-0\">\n          <div class=\"star-rating\"><span style=\"width:75%\"><strong class=\"rating\"><\/strong><\/span><\/div>  \t\t\t\t<div class=\"testimonial-text line-height-small italic test_text first-reset last-reset is-italic\">\n            \n\n<h3>Polina R, 19 SK<\/h3>\n<p>Bronzer gives a very nice subtle shimmer to your skin, making it look so healthy.<\/p>\n\n\n          <\/div>\n          <div class=\"testimonial-meta pt-half\">\n             <strong class=\"testimonial-name test_name\"><\/strong>\n                          <span class=\"testimonial-company test_company\"><\/span>\n          <\/div>\n        <\/div>\n  <\/div>\n\n  \n  <div class=\"icon-box testimonial-box icon-box-left text-left\">\n                <div class=\"icon-box-text p-last-0\">\n          <div class=\"star-rating\"><span style=\"width:75%\"><strong class=\"rating\"><\/strong><\/span><\/div>  \t\t\t\t<div class=\"testimonial-text line-height-small italic test_text first-reset last-reset is-italic\">\n            \n\n<h3>Lana J, 31 HR<\/h3>\n<p>OMG. This product is amazing! Would use this all year around just for healthy looking skin and glow.<\/p>\n\n\n          <\/div>\n          <div class=\"testimonial-meta pt-half\">\n             <strong class=\"testimonial-name test_name\"><\/strong>\n                          <span class=\"testimonial-company test_company\"><\/span>\n          <\/div>\n        <\/div>\n  <\/div>\n\n  \n  <div class=\"icon-box testimonial-box icon-box-left text-left\">\n                <div class=\"icon-box-text p-last-0\">\n          <div class=\"star-rating\"><span style=\"width:75%\"><strong class=\"rating\"><\/strong><\/span><\/div>  \t\t\t\t<div class=\"testimonial-text line-height-small italic test_text first-reset last-reset is-italic\">\n            \n\n<h3>Aneta C, 27 BG<\/h3>\n<p>It leaves a dazzling trail of bronzed liquid on the skin. its simply beautiful, i highly recommend!<\/p>\n\n\n          <\/div>\n          <div class=\"testimonial-meta pt-half\">\n             <strong class=\"testimonial-name test_name\"><\/strong>\n                          <span class=\"testimonial-company test_company\"><\/span>\n          <\/div>\n        <\/div>\n  <\/div>\n\n  \n\t<div id=\"gap-1423214787\" class=\"gap-element clearfix\" style=\"display:block; height:auto;\">\n\t\t\n<style>\n#gap-1423214787 {\n  padding-top: 30px;\n}\n<\/style>\n\t<\/div>\n\t\n\n\n\t\t<\/div>\n\t\t\t\t\t<\/div>\n\n\t\n\n<\/div>\n<div class=\"row\"  id=\"row-1055434058\">\n\n\n\t<div id=\"col-1172496389\" class=\"col small-12 large-12\"  >\n\t\t\t\t<div class=\"col-inner text-center\"  >\n\t\t\t\n\t\t\t\n\n<a class=\"button primary see-more\"  >\n    <span>See more<\/span>\n  <\/a>\n\n\n\n\t\t<\/div>\n\t\t\t\t\t<\/div>\n\n\t\n\n<\/div>\n\n\t\t<\/div>\n\n\t\t\n<style>\n#section_1814970292 {\n  padding-top: 30px;\n  padding-bottom: 30px;\n}\n#section_1814970292 .ux-shape-divider--top svg {\n  height: 150px;\n  --divider-top-width: 100%;\n}\n#section_1814970292 .ux-shape-divider--bottom svg {\n  height: 150px;\n  --divider-width: 100%;\n}\n@media (min-width:850px) {\n  #section_1814970292 {\n    padding-top: 100px;\n    padding-bottom: 100px;\n  }\n}\n<\/style>\n\t<\/section>\n\t\n","protected":false},"excerpt":{"rendered":"<p>A Tanzzo Bronzer az er\u0151fesz\u00edt\u00e9s n\u00e9lk\u00fcl felsz\u00edv\u00f3d\u00f3 hidrat\u00e1ci\u00f3 \u00e9s az abszol\u00fat t\u00f6k\u00e9letes bronzr\u00e9teg kifog\u00e1stalan kever\u00e9ke. Ez a gazdag, f\u00e9ny\u0171z\u0151 testolaj tapinthat\u00f3an selymes, puha \u00e9rz\u00e9st \u00e9s finom k\u00f3kuszillatot k\u00f6lcs\u00f6n\u00f6z a b\u0151rnek. Hidrat\u00e1l, csillog\u00e1st biztos\u00edt, egyenesebb\u00e9 teszi a b\u0151rt, \u00e9s ez a legjobb barn\u00edt\u00f3 kr\u00e9m, amit valaha is haszn\u00e1lhatsz.<br \/>\nHa b\u00e1rmir\u0151l is elmondhatjuk, hogy egy palackba z\u00e1rt leny\u0171g\u00f6z\u0151 b\u0151r, akkor az a Tanzzo Bronzer.<\/p>\n<ul class=\"orange-dots\">\n<li><b>T\u00fcnd\u00f6kl\u0151en bronzos ragyog\u00e1s<\/b><\/li>\n<li><strong>F\u00e9ny\u0171z\u0151 \u00e9s k\u00f6nny\u0171 formula<\/strong><\/li>\n<li><strong>Tr\u00f3pusi k\u00f3kuszillat<\/strong><\/li>\n<li><strong>Hidrat\u00e1l\u00f3 formula<\/strong><\/li>\n<li><strong>Minden alkalomra megfelel<\/strong><\/li>\n<\/ul>\n","protected":false},"featured_media":13100,"template":"","meta":[],"product_cat":[192],"product_tag":[],"class_list":["post-13064","product","type-product","status-publish","has-post-thumbnail","hentry","product_cat-uncategorized-hu"],"acf":[],"yoast_head":"<!-- This site is optimized with the Yoast SEO plugin v20.8 - https:\/\/yoast.com\/wordpress\/plugins\/seo\/ -->\n<title>Bronzer - Tanzzo<\/title>\n<meta name=\"robots\" content=\"index, follow, max-snippet:-1, max-image-preview:large, max-video-preview:-1\" \/>\n<link rel=\"canonical\" href=\"https:\/\/tanzzo.com\/hu\/product\/bronzer\/\" \/>\n<meta property=\"og:locale\" content=\"hu_HU\" \/>\n<meta property=\"og:type\" content=\"article\" \/>\n<meta property=\"og:title\" content=\"Bronzer - Tanzzo\" \/>\n<meta property=\"og:description\" content=\"A Tanzzo Bronzer az er\u0151fesz\u00edt\u00e9s n\u00e9lk\u00fcl felsz\u00edv\u00f3d\u00f3 hidrat\u00e1ci\u00f3 \u00e9s az abszol\u00fat t\u00f6k\u00e9letes bronzr\u00e9teg kifog\u00e1stalan kever\u00e9ke. Ez a gazdag, f\u00e9ny\u0171z\u0151 testolaj tapinthat\u00f3an selymes, puha \u00e9rz\u00e9st \u00e9s finom k\u00f3kuszillatot k\u00f6lcs\u00f6n\u00f6z a b\u0151rnek. Hidrat\u00e1l, csillog\u00e1st biztos\u00edt, egyenesebb\u00e9 teszi a b\u0151rt, \u00e9s ez a legjobb barn\u00edt\u00f3 kr\u00e9m, amit valaha is haszn\u00e1lhatsz.  Ha b\u00e1rmir\u0151l is elmondhatjuk, hogy egy palackba z\u00e1rt leny\u0171g\u00f6z\u0151 b\u0151r, akkor az a Tanzzo Bronzer.   T\u00fcnd\u00f6kl\u0151en bronzos ragyog\u00e1s  F\u00e9ny\u0171z\u0151 \u00e9s k\u00f6nny\u0171 formula  Tr\u00f3pusi k\u00f3kuszillat  Hidrat\u00e1l\u00f3 formula  Minden alkalomra megfelel\" \/>\n<meta property=\"og:url\" content=\"https:\/\/tanzzo.com\/hu\/product\/bronzer\/\" \/>\n<meta property=\"og:site_name\" content=\"Tanzzo\" \/>\n<meta property=\"article:publisher\" content=\"https:\/\/www.facebook.com\/Tanzzzo\/\" \/>\n<meta property=\"article:modified_time\" content=\"2022-07-11T11:31:03+00:00\" \/>\n<meta property=\"og:image\" content=\"https:\/\/tanzzo.com\/wp-content\/uploads\/2022\/07\/Bronzer-belo_ozadje-800x800.png\" \/>\n\t<meta property=\"og:image:width\" content=\"800\" \/>\n\t<meta property=\"og:image:height\" content=\"800\" \/>\n\t<meta property=\"og:image:type\" content=\"image\/png\" \/>\n<meta name=\"twitter:card\" content=\"summary_large_image\" \/>\n<meta name=\"twitter:label1\" content=\"Becs\u00fclt olvas\u00e1si id\u0151\" \/>\n\t<meta name=\"twitter:data1\" content=\"1 perc\" \/>\n<script type=\"application\/ld+json\" class=\"yoast-schema-graph\">{\"@context\":\"https:\/\/schema.org\",\"@graph\":[{\"@type\":\"WebPage\",\"@id\":\"https:\/\/tanzzo.com\/hu\/product\/bronzer\/\",\"url\":\"https:\/\/tanzzo.com\/hu\/product\/bronzer\/\",\"name\":\"Bronzer - Tanzzo\",\"isPartOf\":{\"@id\":\"https:\/\/tanzzo.com\/hu\/#website\"},\"datePublished\":\"2022-07-11T09:33:36+00:00\",\"dateModified\":\"2022-07-11T11:31:03+00:00\",\"breadcrumb\":{\"@id\":\"https:\/\/tanzzo.com\/hu\/product\/bronzer\/#breadcrumb\"},\"inLanguage\":\"hu\",\"potentialAction\":[{\"@type\":\"ReadAction\",\"target\":[\"https:\/\/tanzzo.com\/hu\/product\/bronzer\/\"]}]},{\"@type\":\"BreadcrumbList\",\"@id\":\"https:\/\/tanzzo.com\/hu\/product\/bronzer\/#breadcrumb\",\"itemListElement\":[{\"@type\":\"ListItem\",\"position\":1,\"name\":\"Home\",\"item\":\"https:\/\/tanzzo.com\/hu\/\"},{\"@type\":\"ListItem\",\"position\":2,\"name\":\"Bolt\",\"item\":\"https:\/\/tanzzo.com\/hu\/bolt\/\"},{\"@type\":\"ListItem\",\"position\":3,\"name\":\"Bronzer\"}]},{\"@type\":\"WebSite\",\"@id\":\"https:\/\/tanzzo.com\/hu\/#website\",\"url\":\"https:\/\/tanzzo.com\/hu\/\",\"name\":\"Tanzzo\",\"description\":\"GET YOUR PERFECT TAN\",\"publisher\":{\"@id\":\"https:\/\/tanzzo.com\/hu\/#organization\"},\"potentialAction\":[{\"@type\":\"SearchAction\",\"target\":{\"@type\":\"EntryPoint\",\"urlTemplate\":\"https:\/\/tanzzo.com\/hu\/?s={search_term_string}\"},\"query-input\":\"required name=search_term_string\"}],\"inLanguage\":\"hu\"},{\"@type\":\"Organization\",\"@id\":\"https:\/\/tanzzo.com\/hu\/#organization\",\"name\":\"Tanzzo\",\"url\":\"https:\/\/tanzzo.com\/hu\/\",\"logo\":{\"@type\":\"ImageObject\",\"inLanguage\":\"hu\",\"@id\":\"https:\/\/tanzzo.com\/hu\/#\/schema\/logo\/image\/\",\"url\":\"https:\/\/tanzzo.com\/wp-content\/uploads\/2021\/08\/tanzzo1.png\",\"contentUrl\":\"https:\/\/tanzzo.com\/wp-content\/uploads\/2021\/08\/tanzzo1.png\",\"width\":2560,\"height\":426,\"caption\":\"Tanzzo\"},\"image\":{\"@id\":\"https:\/\/tanzzo.com\/hu\/#\/schema\/logo\/image\/\"},\"sameAs\":[\"https:\/\/www.facebook.com\/Tanzzzo\/\",\"https:\/\/www.instagram.com\/tanzzo_original\/\"]}]}<\/script>\n<!-- \/ Yoast SEO plugin. -->","yoast_head_json":{"title":"Bronzer - Tanzzo","robots":{"index":"index","follow":"follow","max-snippet":"max-snippet:-1","max-image-preview":"max-image-preview:large","max-video-preview":"max-video-preview:-1"},"canonical":"https:\/\/tanzzo.com\/hu\/product\/bronzer\/","og_locale":"hu_HU","og_type":"article","og_title":"Bronzer - Tanzzo","og_description":"A Tanzzo Bronzer az er\u0151fesz\u00edt\u00e9s n\u00e9lk\u00fcl felsz\u00edv\u00f3d\u00f3 hidrat\u00e1ci\u00f3 \u00e9s az abszol\u00fat t\u00f6k\u00e9letes bronzr\u00e9teg kifog\u00e1stalan kever\u00e9ke. Ez a gazdag, f\u00e9ny\u0171z\u0151 testolaj tapinthat\u00f3an selymes, puha \u00e9rz\u00e9st \u00e9s finom k\u00f3kuszillatot k\u00f6lcs\u00f6n\u00f6z a b\u0151rnek. Hidrat\u00e1l, csillog\u00e1st biztos\u00edt, egyenesebb\u00e9 teszi a b\u0151rt, \u00e9s ez a legjobb barn\u00edt\u00f3 kr\u00e9m, amit valaha is haszn\u00e1lhatsz.  Ha b\u00e1rmir\u0151l is elmondhatjuk, hogy egy palackba z\u00e1rt leny\u0171g\u00f6z\u0151 b\u0151r, akkor az a Tanzzo Bronzer.   T\u00fcnd\u00f6kl\u0151en bronzos ragyog\u00e1s  F\u00e9ny\u0171z\u0151 \u00e9s k\u00f6nny\u0171 formula  Tr\u00f3pusi k\u00f3kuszillat  Hidrat\u00e1l\u00f3 formula  Minden alkalomra megfelel","og_url":"https:\/\/tanzzo.com\/hu\/product\/bronzer\/","og_site_name":"Tanzzo","article_publisher":"https:\/\/www.facebook.com\/Tanzzzo\/","article_modified_time":"2022-07-11T11:31:03+00:00","og_image":[{"width":800,"height":800,"url":"https:\/\/tanzzo.com\/wp-content\/uploads\/2022\/07\/Bronzer-belo_ozadje-800x800.png","type":"image\/png"}],"twitter_card":"summary_large_image","twitter_misc":{"Becs\u00fclt olvas\u00e1si id\u0151":"1 perc"},"schema":{"@context":"https:\/\/schema.org","@graph":[{"@type":"WebPage","@id":"https:\/\/tanzzo.com\/hu\/product\/bronzer\/","url":"https:\/\/tanzzo.com\/hu\/product\/bronzer\/","name":"Bronzer - Tanzzo","isPartOf":{"@id":"https:\/\/tanzzo.com\/hu\/#website"},"datePublished":"2022-07-11T09:33:36+00:00","dateModified":"2022-07-11T11:31:03+00:00","breadcrumb":{"@id":"https:\/\/tanzzo.com\/hu\/product\/bronzer\/#breadcrumb"},"inLanguage":"hu","potentialAction":[{"@type":"ReadAction","target":["https:\/\/tanzzo.com\/hu\/product\/bronzer\/"]}]},{"@type":"BreadcrumbList","@id":"https:\/\/tanzzo.com\/hu\/product\/bronzer\/#breadcrumb","itemListElement":[{"@type":"ListItem","position":1,"name":"Home","item":"https:\/\/tanzzo.com\/hu\/"},{"@type":"ListItem","position":2,"name":"Bolt","item":"https:\/\/tanzzo.com\/hu\/bolt\/"},{"@type":"ListItem","position":3,"name":"Bronzer"}]},{"@type":"WebSite","@id":"https:\/\/tanzzo.com\/hu\/#website","url":"https:\/\/tanzzo.com\/hu\/","name":"Tanzzo","description":"GET YOUR PERFECT TAN","publisher":{"@id":"https:\/\/tanzzo.com\/hu\/#organization"},"potentialAction":[{"@type":"SearchAction","target":{"@type":"EntryPoint","urlTemplate":"https:\/\/tanzzo.com\/hu\/?s={search_term_string}"},"query-input":"required name=search_term_string"}],"inLanguage":"hu"},{"@type":"Organization","@id":"https:\/\/tanzzo.com\/hu\/#organization","name":"Tanzzo","url":"https:\/\/tanzzo.com\/hu\/","logo":{"@type":"ImageObject","inLanguage":"hu","@id":"https:\/\/tanzzo.com\/hu\/#\/schema\/logo\/image\/","url":"https:\/\/tanzzo.com\/wp-content\/uploads\/2021\/08\/tanzzo1.png","contentUrl":"https:\/\/tanzzo.com\/wp-content\/uploads\/2021\/08\/tanzzo1.png","width":2560,"height":426,"caption":"Tanzzo"},"image":{"@id":"https:\/\/tanzzo.com\/hu\/#\/schema\/logo\/image\/"},"sameAs":["https:\/\/www.facebook.com\/Tanzzzo\/","https:\/\/www.instagram.com\/tanzzo_original\/"]}]}},"_links":{"self":[{"href":"https:\/\/tanzzo.com\/hu\/wp-json\/wp\/v2\/product\/13064","targetHints":{"allow":["GET"]}}],"collection":[{"href":"https:\/\/tanzzo.com\/hu\/wp-json\/wp\/v2\/product"}],"about":[{"href":"https:\/\/tanzzo.com\/hu\/wp-json\/wp\/v2\/types\/product"}],"wp:featuredmedia":[{"embeddable":true,"href":"https:\/\/tanzzo.com\/hu\/wp-json\/wp\/v2\/media\/13100"}],"wp:attachment":[{"href":"https:\/\/tanzzo.com\/hu\/wp-json\/wp\/v2\/media?parent=13064"}],"wp:term":[{"taxonomy":"product_cat","embeddable":true,"href":"https:\/\/tanzzo.com\/hu\/wp-json\/wp\/v2\/product_cat?post=13064"},{"taxonomy":"product_tag","embeddable":true,"href":"https:\/\/tanzzo.com\/hu\/wp-json\/wp\/v2\/product_tag?post=13064"}],"curies":[{"name":"wp","href":"https:\/\/api.w.org\/{rel}","templated":true}]}}