
{"id":3192,"date":"2022-04-13T10:34:12","date_gmt":"2022-04-13T08:34:12","guid":{"rendered":"https:\/\/tanzzo.com\/?page_id=3192"},"modified":"2022-04-13T10:34:12","modified_gmt":"2022-04-13T08:34:12","slug":"help-and-faq","status":"publish","type":"page","link":"https:\/\/tanzzo.com\/hu\/help-and-faq\/","title":{"rendered":"Help and FAQ"},"content":{"rendered":"\t<div id=\"gap-1512448078\" class=\"gap-element clearfix\" style=\"display:block; height:auto;\">\n\t\t\n<style>\n#gap-1512448078 {\n  padding-top: 30px;\n}\n<\/style>\n\t<\/div>\n\t\n\n\t<section class=\"section\" id=\"section_1612152473\">\n\t\t<div class=\"bg section-bg fill bg-fill  bg-loaded\" >\n\n\t\t\t\n\t\t\t\n\t\t\t\n\n\t\t<\/div>\n\n\t\t\n\n\t\t<div class=\"section-content relative\">\n\t\t\t\n\n<div class=\"row\" style=\"max-width:1289px\" id=\"row-186127812\">\n\n\n\t<div id=\"col-1694569648\" class=\"col medium-4 small-12 large-4\"  >\n\t\t\t\t<div class=\"col-inner\"  >\n\t\t\t\n\t\t\t\n\n<div class=\"is-divider divider clearfix\" style=\"margin-top:2em;margin-bottom:2em;max-width:100%;height:1px;background-color:rgb(0, 0, 0);\"><\/div>\n\n\n\t\t<\/div>\n\t\t\t\t\t<\/div>\n\n\t\n\n\t<div id=\"col-1931187932\" class=\"col medium-4 small-12 large-4\"  >\n\t\t\t\t<div class=\"col-inner text-center\"  >\n\t\t\t\n\t\t\t\n\n\t<div id=\"text-1941876120\" class=\"text\">\n\t\t\n\n<h2>FAQ<\/h2>\n\t\t\n<style>\n#text-1941876120 {\n  font-size: 1.6rem;\n  text-align: center;\n}\n<\/style>\n\t<\/div>\n\t\n\n\t\t<\/div>\n\t\t\t\t\t<\/div>\n\n\t\n\n\t<div id=\"col-148535051\" class=\"col medium-4 small-12 large-4\"  >\n\t\t\t\t<div class=\"col-inner\"  >\n\t\t\t\n\t\t\t\n\n<div class=\"is-divider divider clearfix\" style=\"margin-top:2em;margin-bottom:2em;max-width:100%;height:1px;background-color:rgb(0, 0, 0);\"><\/div>\n\n\n\t\t<\/div>\n\t\t\t\t\t<\/div>\n\n\t\n\n\t<div id=\"col-2039196071\" class=\"col small-12 large-12\"  >\n\t\t\t\t<div class=\"col-inner text-left\"  >\n\t\t\t\n\t\t\t\n\n\t<div id=\"gap-682898641\" class=\"gap-element clearfix\" style=\"display:block; height:auto;\">\n\t\t\n<style>\n#gap-682898641 {\n  padding-top: 30px;\n}\n<\/style>\n\t<\/div>\n\t\n\n<div class=\"accordion\">\n\n<div id=\"accordion-304193091\" class=\"accordion-item\"><a id=\"accordion-304193091-label\" href=\"#\" class=\"accordion-title plain active\" aria-expanded=\"true\" aria-controls=\"accordion-304193091-content\"><button class=\"toggle\" aria-label=\"Toggle\"><i class=\"icon-angle-down\"><\/i><\/button><span>A TANZZO term\u00e9kek veg\u00e1nok \u00e9s \u00e1llatk\u00eds\u00e9rlet-mentesek?<\/span><\/a><div id=\"accordion-304193091-content\" class=\"accordion-inner\" style=\"display: block;\" aria-labelledby=\"accordion-304193091-label\">\n\n<p>Minden TANZZO term\u00e9k 100% veg\u00e1n \u00e9s \u00e1llatk\u00eds\u00e9rlet-mentes.<\/p>\n\n<\/div><\/div>\n<div id=\"accordion-1369480425\" class=\"accordion-item\"><a id=\"accordion-1369480425-label\" href=\"#\" class=\"accordion-title plain\" aria-expanded=\"false\" aria-controls=\"accordion-1369480425-content\"><button class=\"toggle\" aria-label=\"Toggle\"><i class=\"icon-angle-down\"><\/i><\/button><span>Hogyan barnulhatok le gyorsan?<\/span><\/a><div id=\"accordion-1369480425-content\" class=\"accordion-inner\" aria-labelledby=\"accordion-1369480425-label\">\n\n<p>A v\u00e1lasz egy\u00e9rtelm\u0171: A Tanzzo barn\u00edt\u00f3kr\u00e9mmel????! Minden nap haszn\u00e1lhatod a barn\u00edt\u00f3kr\u00e9m\u00fcnket. Javasoljuk, hogy a kr\u00e9met egy SPF tartalm\u00fa napoz\u00f3kr\u00e9m ut\u00e1n kend fel. A b\u0151r\u00f6d nyugtat\u00e1s\u00e1hoz haszn\u00e1ld az After Sun Creamet.<\/p>\n\n<\/div><\/div>\n<div id=\"accordion-27476861\" class=\"accordion-item\"><a id=\"accordion-27476861-label\" href=\"#\" class=\"accordion-title plain\" aria-expanded=\"false\" aria-controls=\"accordion-27476861-content\"><button class=\"toggle\" aria-label=\"Toggle\"><i class=\"icon-angle-down\"><\/i><\/button><span>Sz\u00fcks\u00e9ges napoz\u00f3kr\u00e9m haszn\u00e1lata is?<\/span><\/a><div id=\"accordion-27476861-content\" class=\"accordion-inner\" aria-labelledby=\"accordion-27476861-label\">\n\n<p>Igen, a Tanzzo Tanning cream nem v\u00e9d a nap ellen.<\/p>\n\n<\/div><\/div>\n<div id=\"accordion-3556788705\" class=\"accordion-item\"><a id=\"accordion-3556788705-label\" href=\"#\" class=\"accordion-title plain\" aria-expanded=\"false\" aria-controls=\"accordion-3556788705-content\"><button class=\"toggle\" aria-label=\"Toggle\"><i class=\"icon-angle-down\"><\/i><\/button><span>Mi van, ha allergi\u00e1s vagyok?<\/span><\/a><div id=\"accordion-3556788705-content\" class=\"accordion-inner\" aria-labelledby=\"accordion-3556788705-label\">\n\n<p>Javasoljuk, hogy egy kis ter\u00fcleten pr\u00f3b\u00e1ld ki a Tanzzo Tanning creamet 24 \u00f3r\u00e1val az els\u0151 haszn\u00e1lat el\u0151tt. Ha irrit\u00e1lja a b\u0151r\u00f6det, azonnal hagyd abba a haszn\u00e1lat\u00e1t.<\/p>\n\n<\/div><\/div>\n<div id=\"accordion-1857976710\" class=\"accordion-item\"><a id=\"accordion-1857976710-label\" href=\"#\" class=\"accordion-title plain\" aria-expanded=\"false\" aria-controls=\"accordion-1857976710-content\"><button class=\"toggle\" aria-label=\"Toggle\"><i class=\"icon-angle-down\"><\/i><\/button><span>Mennyi id\u0151m van visszak\u00fcldeni a kapott term\u00e9ket?<\/span><\/a><div id=\"accordion-1857976710-content\" class=\"accordion-inner\" aria-labelledby=\"accordion-1857976710-label\">\n\n<p>A v\u00e1s\u00e1rl\u00e1s d\u00e1tum\u00e1t\u00f3l 14 napig van lehet\u0151s\u00e9ged visszak\u00fcldeni a v\u00e1s\u00e1rolt term\u00e9keket.<\/p>\n\n<\/div><\/div>\n<div id=\"accordion-3767462511\" class=\"accordion-item\"><a id=\"accordion-3767462511-label\" href=\"#\" class=\"accordion-title plain\" aria-expanded=\"false\" aria-controls=\"accordion-3767462511-content\"><button class=\"toggle\" aria-label=\"Toggle\"><i class=\"icon-angle-down\"><\/i><\/button><span>Mennyibe ker\u00fcl a sz\u00e1ll\u00edt\u00e1s?<\/span><\/a><div id=\"accordion-3767462511-content\" class=\"accordion-inner\" aria-labelledby=\"accordion-3767462511-label\">\n\n<p>INGYENES K\u00c9ZBES\u00cdT\u00c9ST biztos\u00edtunk!<\/p>\n\n<\/div><\/div>\n<div id=\"accordion-731403985\" class=\"accordion-item\"><a id=\"accordion-731403985-label\" href=\"#\" class=\"accordion-title plain\" aria-expanded=\"false\" aria-controls=\"accordion-731403985-content\"><button class=\"toggle\" aria-label=\"Toggle\"><i class=\"icon-angle-down\"><\/i><\/button><span>Visszak\u00fcldhetek haszn\u00e1lt term\u00e9ket visszafizet\u00e9s rem\u00e9ny\u00e9ben?<\/span><\/a><div id=\"accordion-731403985-content\" class=\"accordion-inner\" aria-labelledby=\"accordion-731403985-label\">\n\n<p>Nem. A term\u00e9ket az eredeti csomagol\u00e1sban kell visszak\u00fcldeni, ami nem lehet s\u00e9r\u00fclt vagy kibontott. Ellenkez\u0151 esetben a garanci\u00e1lis k\u00e9r\u00e9st r\u00e9szben vagy teljess\u00e9g\u00e9ben elutas\u00edtjuk.<\/p>\n\n<\/div><\/div>\n\n<\/div>\n\t<div id=\"gap-561855918\" class=\"gap-element clearfix\" style=\"display:block; height:auto;\">\n\t\t\n<style>\n#gap-561855918 {\n  padding-top: 30px;\n}\n<\/style>\n\t<\/div>\n\t\n\n\t<div id=\"text-860103049\" class=\"text\">\n\t\t\n\n<h4><b>VAN EGY\u00c9B K\u00c9RD\u00c9SED?<br \/><b><\/b><\/b><\/h4>\n<p>K\u00e9r\u00fcnk vedd fel vel\u00fcnk a kapcsolatot,<a href=\"https:\/\/tanzzo.com\/hu\/contact\/\"> \u00f6r\u00f6mmel seg\u00edt\u00fcnk<\/a>!<\/p>\n\t\t\n<style>\n#text-860103049 {\n  text-align: center;\n}\n<\/style>\n\t<\/div>\n\t\n\n\t\t<\/div>\n\t\t\t\t\t<\/div>\n\n\t\n\n<\/div>\n\n\t\t<\/div>\n\n\t\t\n<style>\n#section_1612152473 {\n  padding-top: 50px;\n  padding-bottom: 50px;\n}\n#section_1612152473 .ux-shape-divider--top svg {\n  height: 150px;\n  --divider-top-width: 100%;\n}\n#section_1612152473 .ux-shape-divider--bottom svg {\n  height: 150px;\n  --divider-width: 100%;\n}\n<\/style>\n\t<\/section>\n\t\n","protected":false},"excerpt":{"rendered":"","protected":false},"author":1,"featured_media":0,"parent":0,"menu_order":0,"comment_status":"closed","ping_status":"closed","template":"page-transparent-header.php","meta":{"footnotes":""},"class_list":["post-3192","page","type-page","status-publish","hentry"],"acf":[],"yoast_head":"<!-- This site is optimized with the Yoast SEO plugin v20.8 - https:\/\/yoast.com\/wordpress\/plugins\/seo\/ -->\n<title>Help and FAQ - Tanzzo<\/title>\n<meta name=\"robots\" content=\"index, follow, max-snippet:-1, max-image-preview:large, max-video-preview:-1\" \/>\n<link rel=\"canonical\" href=\"https:\/\/tanzzo.com\/hu\/help-and-faq\/\" \/>\n<meta property=\"og:locale\" content=\"hu_HU\" \/>\n<meta property=\"og:type\" content=\"article\" \/>\n<meta property=\"og:title\" content=\"Help and FAQ - Tanzzo\" \/>\n<meta property=\"og:url\" content=\"https:\/\/tanzzo.com\/hu\/help-and-faq\/\" \/>\n<meta property=\"og:site_name\" content=\"Tanzzo\" \/>\n<meta property=\"article:publisher\" content=\"https:\/\/www.facebook.com\/Tanzzzo\/\" \/>\n<meta name=\"twitter:card\" content=\"summary_large_image\" \/>\n<script type=\"application\/ld+json\" class=\"yoast-schema-graph\">{\"@context\":\"https:\/\/schema.org\",\"@graph\":[{\"@type\":\"WebPage\",\"@id\":\"https:\/\/tanzzo.com\/hu\/help-and-faq\/\",\"url\":\"https:\/\/tanzzo.com\/hu\/help-and-faq\/\",\"name\":\"Help and FAQ - Tanzzo\",\"isPartOf\":{\"@id\":\"https:\/\/tanzzo.com\/hu\/#website\"},\"datePublished\":\"2022-04-13T08:34:12+00:00\",\"dateModified\":\"2022-04-13T08:34:12+00:00\",\"breadcrumb\":{\"@id\":\"https:\/\/tanzzo.com\/hu\/help-and-faq\/#breadcrumb\"},\"inLanguage\":\"hu\",\"potentialAction\":[{\"@type\":\"ReadAction\",\"target\":[\"https:\/\/tanzzo.com\/hu\/help-and-faq\/\"]}]},{\"@type\":\"BreadcrumbList\",\"@id\":\"https:\/\/tanzzo.com\/hu\/help-and-faq\/#breadcrumb\",\"itemListElement\":[{\"@type\":\"ListItem\",\"position\":1,\"name\":\"Home\",\"item\":\"https:\/\/tanzzo.com\/hu\/\"},{\"@type\":\"ListItem\",\"position\":2,\"name\":\"Help and FAQ\"}]},{\"@type\":\"WebSite\",\"@id\":\"https:\/\/tanzzo.com\/hu\/#website\",\"url\":\"https:\/\/tanzzo.com\/hu\/\",\"name\":\"Tanzzo\",\"description\":\"GET YOUR PERFECT TAN\",\"publisher\":{\"@id\":\"https:\/\/tanzzo.com\/hu\/#organization\"},\"potentialAction\":[{\"@type\":\"SearchAction\",\"target\":{\"@type\":\"EntryPoint\",\"urlTemplate\":\"https:\/\/tanzzo.com\/hu\/?s={search_term_string}\"},\"query-input\":\"required name=search_term_string\"}],\"inLanguage\":\"hu\"},{\"@type\":\"Organization\",\"@id\":\"https:\/\/tanzzo.com\/hu\/#organization\",\"name\":\"Tanzzo\",\"url\":\"https:\/\/tanzzo.com\/hu\/\",\"logo\":{\"@type\":\"ImageObject\",\"inLanguage\":\"hu\",\"@id\":\"https:\/\/tanzzo.com\/hu\/#\/schema\/logo\/image\/\",\"url\":\"https:\/\/tanzzo.com\/wp-content\/uploads\/2021\/08\/tanzzo1.png\",\"contentUrl\":\"https:\/\/tanzzo.com\/wp-content\/uploads\/2021\/08\/tanzzo1.png\",\"width\":2560,\"height\":426,\"caption\":\"Tanzzo\"},\"image\":{\"@id\":\"https:\/\/tanzzo.com\/hu\/#\/schema\/logo\/image\/\"},\"sameAs\":[\"https:\/\/www.facebook.com\/Tanzzzo\/\",\"https:\/\/www.instagram.com\/tanzzo_original\/\"]}]}<\/script>\n<!-- \/ Yoast SEO plugin. -->","yoast_head_json":{"title":"Help and FAQ - Tanzzo","robots":{"index":"index","follow":"follow","max-snippet":"max-snippet:-1","max-image-preview":"max-image-preview:large","max-video-preview":"max-video-preview:-1"},"canonical":"https:\/\/tanzzo.com\/hu\/help-and-faq\/","og_locale":"hu_HU","og_type":"article","og_title":"Help and FAQ - Tanzzo","og_url":"https:\/\/tanzzo.com\/hu\/help-and-faq\/","og_site_name":"Tanzzo","article_publisher":"https:\/\/www.facebook.com\/Tanzzzo\/","twitter_card":"summary_large_image","schema":{"@context":"https:\/\/schema.org","@graph":[{"@type":"WebPage","@id":"https:\/\/tanzzo.com\/hu\/help-and-faq\/","url":"https:\/\/tanzzo.com\/hu\/help-and-faq\/","name":"Help and FAQ - Tanzzo","isPartOf":{"@id":"https:\/\/tanzzo.com\/hu\/#website"},"datePublished":"2022-04-13T08:34:12+00:00","dateModified":"2022-04-13T08:34:12+00:00","breadcrumb":{"@id":"https:\/\/tanzzo.com\/hu\/help-and-faq\/#breadcrumb"},"inLanguage":"hu","potentialAction":[{"@type":"ReadAction","target":["https:\/\/tanzzo.com\/hu\/help-and-faq\/"]}]},{"@type":"BreadcrumbList","@id":"https:\/\/tanzzo.com\/hu\/help-and-faq\/#breadcrumb","itemListElement":[{"@type":"ListItem","position":1,"name":"Home","item":"https:\/\/tanzzo.com\/hu\/"},{"@type":"ListItem","position":2,"name":"Help and FAQ"}]},{"@type":"WebSite","@id":"https:\/\/tanzzo.com\/hu\/#website","url":"https:\/\/tanzzo.com\/hu\/","name":"Tanzzo","description":"GET YOUR PERFECT TAN","publisher":{"@id":"https:\/\/tanzzo.com\/hu\/#organization"},"potentialAction":[{"@type":"SearchAction","target":{"@type":"EntryPoint","urlTemplate":"https:\/\/tanzzo.com\/hu\/?s={search_term_string}"},"query-input":"required name=search_term_string"}],"inLanguage":"hu"},{"@type":"Organization","@id":"https:\/\/tanzzo.com\/hu\/#organization","name":"Tanzzo","url":"https:\/\/tanzzo.com\/hu\/","logo":{"@type":"ImageObject","inLanguage":"hu","@id":"https:\/\/tanzzo.com\/hu\/#\/schema\/logo\/image\/","url":"https:\/\/tanzzo.com\/wp-content\/uploads\/2021\/08\/tanzzo1.png","contentUrl":"https:\/\/tanzzo.com\/wp-content\/uploads\/2021\/08\/tanzzo1.png","width":2560,"height":426,"caption":"Tanzzo"},"image":{"@id":"https:\/\/tanzzo.com\/hu\/#\/schema\/logo\/image\/"},"sameAs":["https:\/\/www.facebook.com\/Tanzzzo\/","https:\/\/www.instagram.com\/tanzzo_original\/"]}]}},"_links":{"self":[{"href":"https:\/\/tanzzo.com\/hu\/wp-json\/wp\/v2\/pages\/3192","targetHints":{"allow":["GET"]}}],"collection":[{"href":"https:\/\/tanzzo.com\/hu\/wp-json\/wp\/v2\/pages"}],"about":[{"href":"https:\/\/tanzzo.com\/hu\/wp-json\/wp\/v2\/types\/page"}],"author":[{"embeddable":true,"href":"https:\/\/tanzzo.com\/hu\/wp-json\/wp\/v2\/users\/1"}],"replies":[{"embeddable":true,"href":"https:\/\/tanzzo.com\/hu\/wp-json\/wp\/v2\/comments?post=3192"}],"version-history":[{"count":1,"href":"https:\/\/tanzzo.com\/hu\/wp-json\/wp\/v2\/pages\/3192\/revisions"}],"predecessor-version":[{"id":3208,"href":"https:\/\/tanzzo.com\/hu\/wp-json\/wp\/v2\/pages\/3192\/revisions\/3208"}],"wp:attachment":[{"href":"https:\/\/tanzzo.com\/hu\/wp-json\/wp\/v2\/media?parent=3192"}],"curies":[{"name":"wp","href":"https:\/\/api.w.org\/{rel}","templated":true}]}}