
{"id":8314,"date":"2022-06-16T12:59:57","date_gmt":"2022-06-16T10:59:58","guid":{"rendered":"https:\/\/tanzzo.com\/?post_type=product&#038;p=8314"},"modified":"2023-03-23T14:44:04","modified_gmt":"2023-03-23T12:44:04","slug":"tanning-cream-after-sun","status":"publish","type":"product","link":"https:\/\/tanzzo.com\/hr\/product\/tanning-cream-after-sun\/","title":{"rendered":"Krema za br\u017ee tamnjenje &#8211; 200ml"},"content":{"rendered":"<div class=\"row row-collapse row-full-width\"  id=\"row-1415536274\">\n\n\t<div id=\"col-725247947\" class=\"col small-12 large-12\"  >\n\t\t\t\t<div class=\"col-inner\"  >\n\t\t\t\n\t\t\t\n<div class=\"row row-collapse row-full-width align-middle\"  id=\"row-2049712380\">\n\n\t<div id=\"col-822558337\" class=\"col medium-6 small-12 large-8\"  >\n\t\t\t\t<div class=\"col-inner\"  >\n\t\t\t\n\t\t\t\n\n  <div class=\"banner has-hover\" id=\"banner-774255195\">\n          <div class=\"banner-inner fill\">\n        <div class=\"banner-bg fill\" >\n            <div class=\"bg fill bg-fill \"><\/div>\n                                    \n                    <\/div>\n\t\t\n        <div class=\"banner-layers container\">\n            <div class=\"fill banner-link\"><\/div>            \n        <\/div>\n      <\/div>\n\n            \n<style>\n#banner-774255195 {\n  padding-top: 200px;\n  background-color: rgb(245, 245, 245);\n}\n#banner-774255195 .bg.bg-loaded {\n  background-image: url(https:\/\/tanzzo.com\/wp-content\/uploads\/2022\/04\/DSC_2873_20-_20new-1400x575.jpg);\n}\n#banner-774255195 .bg {\n  background-position: 83% 66%;\n}\n#banner-774255195 .ux-shape-divider--top svg {\n  height: 150px;\n  --divider-top-width: 100%;\n}\n#banner-774255195 .ux-shape-divider--bottom svg {\n  height: 150px;\n  --divider-width: 100%;\n}\n@media (min-width:550px) {\n  #banner-774255195 {\n    padding-top: 460px;\n  }\n}\n<\/style>\n  <\/div>\n\n\n\t\t<\/div>\n\t\t\t\t\t<\/div>\n\n\t\n\n\t<div id=\"col-984911824\" class=\"col pb-0 medium-6 small-12 large-4\"  >\n\t\t\t\t<div class=\"col-inner\"  >\n\t\t\t\n\t\t\t\n<div class=\"row row-collapse\"  id=\"row-1537008895\">\n\n\t<div id=\"col-1940602290\" class=\"col pb-0 large-12\"  >\n\t\t\t\t<div class=\"col-inner text-left\" style=\"background-color:rgb(255,255,255);\" >\n\t\t\t\n\t\t\t\n<ul class=\"orange-dots\">\n<li>Brzo tamnjenje<\/li>\n<li>Hrani i hidratizira<\/li>\n<li>Dulje zadr\u017eava lijepi ten<\/li>\n<li>Brzo se upija u ko\u017eu i ne ostavlja mrlje<\/li>\n<li>Lagani dodir na ko\u017ei<\/li>\n<li>Tropski zavodljiv miris<\/li>\n<\/ul>\n\t<div id=\"gap-679330809\" class=\"gap-element clearfix\" style=\"display:block; height:auto;\">\n\t\t\n<style>\n#gap-679330809 {\n  padding-top: 30px;\n}\n<\/style>\n\t<\/div>\n\t\n<a href=\"#price-box-container\" target=\"_self\" class=\"button primary is-large\"  >\n    <span>kupi sada<\/span>\n  <\/a>\n\n\t\t<\/div>\n\t\t\t\t\n<style>\n#col-1940602290 > .col-inner {\n  margin: 0px 0px 0px 0px;\n}\n@media (min-width:550px) {\n  #col-1940602290 > .col-inner {\n    margin: 0px 0px 0px -30px;\n  }\n}\n@media (min-width:850px) {\n  #col-1940602290 > .col-inner {\n    margin: 0px 30px 0px -30px;\n  }\n}\n<\/style>\n\t<\/div>\n\n\t\n\n<style>\n#row-1537008895 > .col > .col-inner {\n  padding: 20px 20px 20px 20px;\n}\n@media (min-width:550px) {\n  #row-1537008895 > .col > .col-inner {\n    padding: 40px 40px 40px 40px;\n  }\n}\n<\/style>\n<\/div>\n\t\t<\/div>\n\t\t\t\t\t<\/div>\n\n\t\n<\/div>\n\t\t<\/div>\n\t\t\t\t\t<\/div>\n\n\t\n\n<style>\n#row-1415536274 > .col > .col-inner {\n  background-color: rgb(245, 245, 245);\n}\n<\/style>\n<\/div>\n\t<div id=\"gap-1359739913\" class=\"gap-element clearfix\" style=\"display:block; height:auto;\">\n\t\t\n<style>\n#gap-1359739913 {\n  padding-top: 30px;\n}\n@media (min-width:550px) {\n  #gap-1359739913 {\n    padding-top: 60px;\n  }\n}\n<\/style>\n\t<\/div>\n\t\n\n","protected":false},"excerpt":{"rendered":"<p>TANZZO pobrinut \u0107e se da ovo ljeto sjajite kao nikad dosad! Ima poseban sastav koji ubrzava prirodni proces tamnjenja. Odabrani kvalitetni sastojci osigurat \u0107e da va\u0161a ko\u017ea dobije hranjive tvari potrebne za njegu i zdrav izgled.<\/p>\n<ul class=\"orange-dots\">\n<li><b>S munjevitom brzinom dobijte prekrasan prirodan ten<\/b><\/li>\n<li><strong>Pru\u017ea va\u0161oj ko\u017ei potrebnu hidrataciju i za\u0161titu<\/strong><\/li>\n<li><strong>Divan tropski miris koji \u0107e vas odu\u0161eviti!<\/strong><\/li>\n<li><strong>Brzo se upija u ko\u017eu i ne ostavlja mrlje<\/strong><\/li>\n<li><strong>Du\u017ee zadr\u017eava lijep ten<\/strong><\/li>\n<\/ul>\n","protected":false},"featured_media":8373,"template":"","meta":[],"product_cat":[190],"product_tag":[],"class_list":["post-8314","product","type-product","status-publish","has-post-thumbnail","hentry","product_cat-uncategorized-hr"],"acf":[],"yoast_head":"<!-- This site is optimized with the Yoast SEO plugin v20.8 - https:\/\/yoast.com\/wordpress\/plugins\/seo\/ -->\n<title>Krema za br\u017ee tamnjenje - 200ml - Tanzzo<\/title>\n<meta name=\"robots\" content=\"index, follow, max-snippet:-1, max-image-preview:large, max-video-preview:-1\" \/>\n<link rel=\"canonical\" href=\"https:\/\/tanzzo.com\/hr\/product\/tanning-cream-after-sun\/\" \/>\n<meta property=\"og:locale\" content=\"hr_HR\" \/>\n<meta property=\"og:type\" content=\"article\" \/>\n<meta property=\"og:title\" content=\"Krema za br\u017ee tamnjenje - 200ml - Tanzzo\" \/>\n<meta property=\"og:description\" content=\"TANZZO pobrinut \u0107e se da ovo ljeto sjajite kao nikad dosad! Ima poseban sastav koji ubrzava prirodni proces tamnjenja. Odabrani kvalitetni sastojci osigurat \u0107e da va\u0161a ko\u017ea dobije hranjive tvari potrebne za njegu i zdrav izgled.   S munjevitom brzinom dobijte prekrasan prirodan ten  Pru\u017ea va\u0161oj ko\u017ei potrebnu hidrataciju i za\u0161titu  Divan tropski miris koji \u0107e vas odu\u0161eviti!  Brzo se upija u ko\u017eu i ne ostavlja mrlje  Du\u017ee zadr\u017eava lijep ten\" \/>\n<meta property=\"og:url\" content=\"https:\/\/tanzzo.com\/hr\/product\/tanning-cream-after-sun\/\" \/>\n<meta property=\"og:site_name\" content=\"Tanzzo\" \/>\n<meta property=\"article:publisher\" content=\"https:\/\/www.facebook.com\/Tanzzzo\/\" \/>\n<meta property=\"article:modified_time\" content=\"2023-03-23T12:44:04+00:00\" \/>\n<meta property=\"og:image\" content=\"https:\/\/tanzzo.com\/wp-content\/uploads\/2022\/06\/hr-after-sun.png\" \/>\n\t<meta property=\"og:image:width\" content=\"1080\" \/>\n\t<meta property=\"og:image:height\" content=\"1080\" \/>\n\t<meta property=\"og:image:type\" content=\"image\/png\" \/>\n<meta name=\"twitter:card\" content=\"summary_large_image\" \/>\n<meta name=\"twitter:label1\" content=\"Procijenjeno vrijeme \u010ditanja\" \/>\n\t<meta name=\"twitter:data1\" content=\"2 minute\" \/>\n<script type=\"application\/ld+json\" class=\"yoast-schema-graph\">{\"@context\":\"https:\/\/schema.org\",\"@graph\":[{\"@type\":\"WebPage\",\"@id\":\"https:\/\/tanzzo.com\/hr\/product\/tanning-cream-after-sun\/\",\"url\":\"https:\/\/tanzzo.com\/hr\/product\/tanning-cream-after-sun\/\",\"name\":\"Krema za br\u017ee tamnjenje - 200ml - Tanzzo\",\"isPartOf\":{\"@id\":\"https:\/\/tanzzo.com\/hr\/#website\"},\"datePublished\":\"2022-06-16T10:59:58+00:00\",\"dateModified\":\"2023-03-23T12:44:04+00:00\",\"breadcrumb\":{\"@id\":\"https:\/\/tanzzo.com\/hr\/product\/tanning-cream-after-sun\/#breadcrumb\"},\"inLanguage\":\"hr\",\"potentialAction\":[{\"@type\":\"ReadAction\",\"target\":[\"https:\/\/tanzzo.com\/hr\/product\/tanning-cream-after-sun\/\"]}]},{\"@type\":\"BreadcrumbList\",\"@id\":\"https:\/\/tanzzo.com\/hr\/product\/tanning-cream-after-sun\/#breadcrumb\",\"itemListElement\":[{\"@type\":\"ListItem\",\"position\":1,\"name\":\"Home\",\"item\":\"https:\/\/tanzzo.com\/hr\/\"},{\"@type\":\"ListItem\",\"position\":2,\"name\":\"Trgovina\",\"item\":\"https:\/\/tanzzo.com\/hr\/trgovina\/\"},{\"@type\":\"ListItem\",\"position\":3,\"name\":\"Krema za br\u017ee tamnjenje &#8211; 200ml\"}]},{\"@type\":\"WebSite\",\"@id\":\"https:\/\/tanzzo.com\/hr\/#website\",\"url\":\"https:\/\/tanzzo.com\/hr\/\",\"name\":\"Tanzzo\",\"description\":\"GET YOUR PERFECT TAN\",\"publisher\":{\"@id\":\"https:\/\/tanzzo.com\/hr\/#organization\"},\"potentialAction\":[{\"@type\":\"SearchAction\",\"target\":{\"@type\":\"EntryPoint\",\"urlTemplate\":\"https:\/\/tanzzo.com\/hr\/?s={search_term_string}\"},\"query-input\":\"required name=search_term_string\"}],\"inLanguage\":\"hr\"},{\"@type\":\"Organization\",\"@id\":\"https:\/\/tanzzo.com\/hr\/#organization\",\"name\":\"Tanzzo\",\"url\":\"https:\/\/tanzzo.com\/hr\/\",\"logo\":{\"@type\":\"ImageObject\",\"inLanguage\":\"hr\",\"@id\":\"https:\/\/tanzzo.com\/hr\/#\/schema\/logo\/image\/\",\"url\":\"https:\/\/tanzzo.com\/wp-content\/uploads\/2021\/08\/tanzzo1.png\",\"contentUrl\":\"https:\/\/tanzzo.com\/wp-content\/uploads\/2021\/08\/tanzzo1.png\",\"width\":2560,\"height\":426,\"caption\":\"Tanzzo\"},\"image\":{\"@id\":\"https:\/\/tanzzo.com\/hr\/#\/schema\/logo\/image\/\"},\"sameAs\":[\"https:\/\/www.facebook.com\/Tanzzzo\/\",\"https:\/\/www.instagram.com\/tanzzo_original\/\"]}]}<\/script>\n<!-- \/ Yoast SEO plugin. -->","yoast_head_json":{"title":"Krema za br\u017ee tamnjenje - 200ml - Tanzzo","robots":{"index":"index","follow":"follow","max-snippet":"max-snippet:-1","max-image-preview":"max-image-preview:large","max-video-preview":"max-video-preview:-1"},"canonical":"https:\/\/tanzzo.com\/hr\/product\/tanning-cream-after-sun\/","og_locale":"hr_HR","og_type":"article","og_title":"Krema za br\u017ee tamnjenje - 200ml - Tanzzo","og_description":"TANZZO pobrinut \u0107e se da ovo ljeto sjajite kao nikad dosad! Ima poseban sastav koji ubrzava prirodni proces tamnjenja. Odabrani kvalitetni sastojci osigurat \u0107e da va\u0161a ko\u017ea dobije hranjive tvari potrebne za njegu i zdrav izgled.   S munjevitom brzinom dobijte prekrasan prirodan ten  Pru\u017ea va\u0161oj ko\u017ei potrebnu hidrataciju i za\u0161titu  Divan tropski miris koji \u0107e vas odu\u0161eviti!  Brzo se upija u ko\u017eu i ne ostavlja mrlje  Du\u017ee zadr\u017eava lijep ten","og_url":"https:\/\/tanzzo.com\/hr\/product\/tanning-cream-after-sun\/","og_site_name":"Tanzzo","article_publisher":"https:\/\/www.facebook.com\/Tanzzzo\/","article_modified_time":"2023-03-23T12:44:04+00:00","og_image":[{"width":1080,"height":1080,"url":"https:\/\/tanzzo.com\/wp-content\/uploads\/2022\/06\/hr-after-sun.png","type":"image\/png"}],"twitter_card":"summary_large_image","twitter_misc":{"Procijenjeno vrijeme \u010ditanja":"2 minute"},"schema":{"@context":"https:\/\/schema.org","@graph":[{"@type":"WebPage","@id":"https:\/\/tanzzo.com\/hr\/product\/tanning-cream-after-sun\/","url":"https:\/\/tanzzo.com\/hr\/product\/tanning-cream-after-sun\/","name":"Krema za br\u017ee tamnjenje - 200ml - Tanzzo","isPartOf":{"@id":"https:\/\/tanzzo.com\/hr\/#website"},"datePublished":"2022-06-16T10:59:58+00:00","dateModified":"2023-03-23T12:44:04+00:00","breadcrumb":{"@id":"https:\/\/tanzzo.com\/hr\/product\/tanning-cream-after-sun\/#breadcrumb"},"inLanguage":"hr","potentialAction":[{"@type":"ReadAction","target":["https:\/\/tanzzo.com\/hr\/product\/tanning-cream-after-sun\/"]}]},{"@type":"BreadcrumbList","@id":"https:\/\/tanzzo.com\/hr\/product\/tanning-cream-after-sun\/#breadcrumb","itemListElement":[{"@type":"ListItem","position":1,"name":"Home","item":"https:\/\/tanzzo.com\/hr\/"},{"@type":"ListItem","position":2,"name":"Trgovina","item":"https:\/\/tanzzo.com\/hr\/trgovina\/"},{"@type":"ListItem","position":3,"name":"Krema za br\u017ee tamnjenje &#8211; 200ml"}]},{"@type":"WebSite","@id":"https:\/\/tanzzo.com\/hr\/#website","url":"https:\/\/tanzzo.com\/hr\/","name":"Tanzzo","description":"GET YOUR PERFECT TAN","publisher":{"@id":"https:\/\/tanzzo.com\/hr\/#organization"},"potentialAction":[{"@type":"SearchAction","target":{"@type":"EntryPoint","urlTemplate":"https:\/\/tanzzo.com\/hr\/?s={search_term_string}"},"query-input":"required name=search_term_string"}],"inLanguage":"hr"},{"@type":"Organization","@id":"https:\/\/tanzzo.com\/hr\/#organization","name":"Tanzzo","url":"https:\/\/tanzzo.com\/hr\/","logo":{"@type":"ImageObject","inLanguage":"hr","@id":"https:\/\/tanzzo.com\/hr\/#\/schema\/logo\/image\/","url":"https:\/\/tanzzo.com\/wp-content\/uploads\/2021\/08\/tanzzo1.png","contentUrl":"https:\/\/tanzzo.com\/wp-content\/uploads\/2021\/08\/tanzzo1.png","width":2560,"height":426,"caption":"Tanzzo"},"image":{"@id":"https:\/\/tanzzo.com\/hr\/#\/schema\/logo\/image\/"},"sameAs":["https:\/\/www.facebook.com\/Tanzzzo\/","https:\/\/www.instagram.com\/tanzzo_original\/"]}]}},"_links":{"self":[{"href":"https:\/\/tanzzo.com\/hr\/wp-json\/wp\/v2\/product\/8314","targetHints":{"allow":["GET"]}}],"collection":[{"href":"https:\/\/tanzzo.com\/hr\/wp-json\/wp\/v2\/product"}],"about":[{"href":"https:\/\/tanzzo.com\/hr\/wp-json\/wp\/v2\/types\/product"}],"wp:featuredmedia":[{"embeddable":true,"href":"https:\/\/tanzzo.com\/hr\/wp-json\/wp\/v2\/media\/8373"}],"wp:attachment":[{"href":"https:\/\/tanzzo.com\/hr\/wp-json\/wp\/v2\/media?parent=8314"}],"wp:term":[{"taxonomy":"product_cat","embeddable":true,"href":"https:\/\/tanzzo.com\/hr\/wp-json\/wp\/v2\/product_cat?post=8314"},{"taxonomy":"product_tag","embeddable":true,"href":"https:\/\/tanzzo.com\/hr\/wp-json\/wp\/v2\/product_tag?post=8314"}],"curies":[{"name":"wp","href":"https:\/\/api.w.org\/{rel}","templated":true}]}}