
{"id":7230,"date":"2022-06-06T13:37:51","date_gmt":"2022-06-06T11:37:51","guid":{"rendered":"https:\/\/tanzzo.com\/?post_type=product&#038;p=7230"},"modified":"2023-04-14T16:18:02","modified_gmt":"2023-04-14T14:18:02","slug":"tanning-cream-2","status":"publish","type":"product","link":"https:\/\/tanzzo.com\/hr\/product\/tanning-cream-2\/","title":{"rendered":"Krema za br\u017ee tamnjenje &#8211; 200ml"},"content":{"rendered":"<div class=\"row row-collapse row-full-width\"  id=\"row-1697717973\">\n\n\t<div id=\"col-1587246304\" class=\"col small-12 large-12\"  >\n\t\t\t\t<div class=\"col-inner\"  >\n\t\t\t\n\t\t\t\n<div class=\"row row-collapse row-full-width align-middle\"  id=\"row-398001590\">\n\n\t<div id=\"col-445803842\" class=\"col medium-6 small-12 large-8\"  >\n\t\t\t\t<div class=\"col-inner\"  >\n\t\t\t\n\t\t\t\n\n  <div class=\"banner has-hover\" id=\"banner-1183385064\">\n          <div class=\"banner-inner fill\">\n        <div class=\"banner-bg fill\" >\n            <div class=\"bg fill bg-fill \"><\/div>\n                                    \n                    <\/div>\n\t\t\n        <div class=\"banner-layers container\">\n            <div class=\"fill banner-link\"><\/div>            \n        <\/div>\n      <\/div>\n\n            \n<style>\n#banner-1183385064 {\n  padding-top: 200px;\n  background-color: rgb(245, 245, 245);\n}\n#banner-1183385064 .bg.bg-loaded {\n  background-image: url(https:\/\/tanzzo.com\/wp-content\/uploads\/2022\/04\/DSC_2873_20-_20new-1400x575.jpg);\n}\n#banner-1183385064 .bg {\n  background-position: 83% 66%;\n}\n#banner-1183385064 .ux-shape-divider--top svg {\n  height: 150px;\n  --divider-top-width: 100%;\n}\n#banner-1183385064 .ux-shape-divider--bottom svg {\n  height: 150px;\n  --divider-width: 100%;\n}\n@media (min-width:550px) {\n  #banner-1183385064 {\n    padding-top: 460px;\n  }\n}\n<\/style>\n  <\/div>\n\n\n\t\t<\/div>\n\t\t\t\t\t<\/div>\n\n\t\n\n\t<div id=\"col-817963613\" class=\"col pb-0 medium-6 small-12 large-4\"  >\n\t\t\t\t<div class=\"col-inner\"  >\n\t\t\t\n\t\t\t\n<div class=\"row row-collapse\"  id=\"row-743884510\">\n\n\t<div id=\"col-1249701706\" class=\"col pb-0 large-12\"  >\n\t\t\t\t<div class=\"col-inner text-left\" style=\"background-color:rgb(255,255,255);\" >\n\t\t\t\n\t\t\t\n<ul class=\"orange-dots\">\n<li>Rapid tanning<\/li>\n<li>Nourishing and moisturizing<\/li>\n<li>Maintaining a beautiful tan for a longer time<\/li>\n<li>Absorbing quickly into the skin and leaving no stains<\/li>\n<li>Light touch on the skin<\/li>\n<li>Tropically seductive smell<\/li>\n<\/ul>\n<a href=\"#price-box-container\" target=\"_self\" class=\"button primary is-large\"  >\n    <span>BUY NOW<\/span>\n  <\/a>\n\n\t\t<\/div>\n\t\t\t\t\n<style>\n#col-1249701706 > .col-inner {\n  margin: 0px 0px 0px 0px;\n}\n@media (min-width:550px) {\n  #col-1249701706 > .col-inner {\n    margin: 0px 0px 0px -30px;\n  }\n}\n@media (min-width:850px) {\n  #col-1249701706 > .col-inner {\n    margin: 0px 30px 0px -30px;\n  }\n}\n<\/style>\n\t<\/div>\n\n\t\n\n<style>\n#row-743884510 > .col > .col-inner {\n  padding: 20px 20px 20px 20px;\n}\n@media (min-width:550px) {\n  #row-743884510 > .col > .col-inner {\n    padding: 40px 40px 40px 40px;\n  }\n}\n<\/style>\n<\/div>\n\t\t<\/div>\n\t\t\t\t\t<\/div>\n\n\t\n<\/div>\n\t\t<\/div>\n\t\t\t\t\t<\/div>\n\n\t\n\n<style>\n#row-1697717973 > .col > .col-inner {\n  background-color: rgb(245, 245, 245);\n}\n<\/style>\n<\/div>\n\t<div id=\"gap-1757135547\" class=\"gap-element clearfix\" style=\"display:block; height:auto;\">\n\t\t\n<style>\n#gap-1757135547 {\n  padding-top: 30px;\n}\n@media (min-width:550px) {\n  #gap-1757135547 {\n    padding-top: 60px;\n  }\n}\n<\/style>\n\t<\/div>\n\t\n\t<section class=\"section product-reviews\" id=\"section_1624155359\">\n\t\t<div class=\"bg section-bg fill bg-fill  bg-loaded\" >\n\n\t\t\t\n\t\t\t\n\t\t\t\n\n\t\t<\/div>\n\n\t\t\n\n\t\t<div class=\"section-content relative\">\n\t\t\t\n<div class=\"row rvs\"  id=\"row-165820640\">\n\n\t<div id=\"col-1023770709\" class=\"col small-12 large-12\"  >\n\t\t\t\t<div class=\"col-inner\"  >\n\t\t\t\n\t\t\t\n<div class=\"row row-collapse\"  id=\"row-2063430987\">\n\n\t<div id=\"col-432134480\" class=\"col medium-3 small-12 large-3\"  >\n\t\t\t\t<div class=\"col-inner\"  >\n\t\t\t\n\t\t\t\n<div class=\"is-divider divider clearfix\" style=\"margin-top:2em;margin-bottom:2em;max-width:100%;height:1px;background-color:rgb(0, 0, 0);\"><\/div>\n\t\t<\/div>\n\t\t\t\t\t<\/div>\n\n\t\n\n\t<div id=\"col-1165301223\" class=\"col medium-6 small-12 large-6\"  >\n\t\t\t\t<div class=\"col-inner\"  >\n\t\t\t\n\t\t\t\n\t<div id=\"text-1324405769\" class=\"text\">\n\t\t\n<h2>Recenzije kupaca<\/h2>\n\t\t\n<style>\n#text-1324405769 {\n  font-size: 1.6rem;\n  text-align: center;\n}\n<\/style>\n\t<\/div>\n\t\n\t\t<\/div>\n\t\t\t\t\t<\/div>\n\n\t\n\n\t<div id=\"col-548797673\" class=\"col medium-3 small-12 large-3\"  >\n\t\t\t\t<div class=\"col-inner\"  >\n\t\t\t\n\t\t\t\n<div class=\"is-divider divider clearfix\" style=\"margin-top:2em;margin-bottom:2em;max-width:100%;height:1px;background-color:rgb(0, 0, 0);\"><\/div>\n\t\t<\/div>\n\t\t\t\t\t<\/div>\n\n\t\n<\/div>\n\t<div id=\"gap-331221179\" class=\"gap-element clearfix\" style=\"display:block; height:auto;\">\n\t\t\n<style>\n#gap-331221179 {\n  padding-top: 30px;\n}\n<\/style>\n\t<\/div>\n\t\n\t\t<\/div>\n\t\t\t\t\t<\/div>\n\n\t\n\n\t<div id=\"col-320756153\" class=\"col small-12 large-12\"  >\n\t\t\t\t<div class=\"col-inner\"  >\n\t\t\t\n\t\t\t\n<div class=\"row row-collapse align-bottom\"  id=\"row-700662504\">\n\n\t<div id=\"col-662303501\" class=\"col medium-4 small-6 large-4\"  >\n\t\t\t\t<div class=\"col-inner\"  >\n\t\t\t\n\t\t\t\n\t<div id=\"text-2120404851\" class=\"text\">\n\t\t\n<div style=\"font-family: Light\">4.6 <span class=\"star-rating custom-rating\"><span style=\"width:92%\"><strong class=\"rating\"><\/strong><\/span><\/span><\/div><style>.float-left > .star-rating span:before, .float-left > .star-rating:before{ color: #f99c2e !important; }<\/style>\n\t\t\n<style>\n#text-2120404851 {\n  font-size: 1.5rem;\n}\n@media (min-width:550px) {\n  #text-2120404851 {\n    font-size: 2rem;\n  }\n}\n<\/style>\n\t<\/div>\n\t\n\t\t<\/div>\n\t\t\t\t\t<\/div>\n\n\t\n\n\t<div id=\"col-590608767\" class=\"col hide-for-small medium-4 small-12 large-4\"  >\n\t\t\t\t<div class=\"col-inner\"  >\n\t\t\t\n\t\t\t\n\t\t<\/div>\n\t\t\t\t\t<\/div>\n\n\t\n\n\t<div id=\"col-847446689\" class=\"col medium-4 small-6 large-4\"  >\n\t\t\t\t<div class=\"col-inner text-right\"  >\n\t\t\t\n\t\t\t\n\t<div id=\"text-2185187827\" class=\"text\">\n\t\t\n<span style=\"font-family: Light\">264 Reviews<\/span>\n\t\t\n<style>\n#text-2185187827 {\n  font-size: 1.2rem;\n}\n@media (min-width:550px) {\n  #text-2185187827 {\n    font-size: 1.5rem;\n  }\n}\n<\/style>\n\t<\/div>\n\t\n\t\t<\/div>\n\t\t\t\t\t<\/div>\n\n\t\n<\/div>\n\t<div id=\"gap-2010705768\" class=\"gap-element clearfix\" style=\"display:block; height:auto;\">\n\t\t\n<style>\n#gap-2010705768 {\n  padding-top: 10px;\n}\n@media (min-width:550px) {\n  #gap-2010705768 {\n    padding-top: 30px;\n  }\n}\n<\/style>\n\t<\/div>\n\t\n\t\t<\/div>\n\t\t\t\t\t<\/div>\n\n\t\n\n\t<div id=\"col-2138425999\" class=\"col small-12 large-12\"  >\n\t\t\t\t<div class=\"col-inner\"  >\n\t\t\t\n\t\t\t\n  <div class=\"icon-box testimonial-box icon-box-left text-left\">\n                <div class=\"icon-box-img testimonial-image circle\" style=\"width: 120px\">\n              <img loading=\"lazy\" decoding=\"async\" width=\"280\" height=\"280\" src=\"https:\/\/tanzzo.com\/wp-content\/uploads\/2021\/08\/Instagram-4-280x280.png\" class=\"attachment-thumbnail size-thumbnail\" alt=\"\" srcset=\"https:\/\/tanzzo.com\/wp-content\/uploads\/2021\/08\/Instagram-4-280x280.png 280w, https:\/\/tanzzo.com\/wp-content\/uploads\/2021\/08\/Instagram-4-100x100.png 100w, https:\/\/tanzzo.com\/wp-content\/uploads\/2021\/08\/Instagram-4.png 343w\" sizes=\"auto, (max-width: 280px) 100vw, 280px\" \/>        <\/div>\n                <div class=\"icon-box-text p-last-0\">\n          <div class=\"star-rating\"><span style=\"width:100%\"><strong class=\"rating\"><\/strong><\/span><\/div>  \t\t\t\t<div class=\"testimonial-text line-height-small italic test_text first-reset last-reset is-italic\">\n            \n<h3>Cathrine M. USA<\/h3>\n<p>I&#8217;ve tried many tanning creams and this\u00a0one is for sure the best one. Great results\u00a0and not to mention the smell. So good!<\/p>\n          <\/div>\n          <div class=\"testimonial-meta pt-half\">\n             <strong class=\"testimonial-name test_name\"><\/strong>\n                          <span class=\"testimonial-company test_company\"><\/span>\n          <\/div>\n        <\/div>\n  <\/div>\n\n  \n  <div class=\"icon-box testimonial-box icon-box-left text-left\">\n                <div class=\"icon-box-img testimonial-image circle\" style=\"width: 120px\">\n              <img loading=\"lazy\" decoding=\"async\" width=\"280\" height=\"280\" src=\"https:\/\/tanzzo.com\/wp-content\/uploads\/2022\/04\/smile-portrait-face-person-people-human-280x280.webp\" class=\"attachment-thumbnail size-thumbnail\" alt=\"\" srcset=\"https:\/\/tanzzo.com\/wp-content\/uploads\/2022\/04\/smile-portrait-face-person-people-human-280x280.webp 280w, https:\/\/tanzzo.com\/wp-content\/uploads\/2022\/04\/smile-portrait-face-person-people-human-100x100.webp 100w\" sizes=\"auto, (max-width: 280px) 100vw, 280px\" \/>        <\/div>\n                <div class=\"icon-box-text p-last-0\">\n          <div class=\"star-rating\"><span style=\"width:100%\"><strong class=\"rating\"><\/strong><\/span><\/div>  \t\t\t\t<div class=\"testimonial-text line-height-small italic test_text first-reset last-reset is-italic\">\n            \n<h3>Dolly E. USA<\/h3>\n<p>I just got Tanning cream and After Sun Cream and I can not wait to\u00a0try them. The smell is amazing!<\/p>\n          <\/div>\n          <div class=\"testimonial-meta pt-half\">\n             <strong class=\"testimonial-name test_name\"><\/strong>\n                          <span class=\"testimonial-company test_company\"><\/span>\n          <\/div>\n        <\/div>\n  <\/div>\n\n  \n  <div class=\"icon-box testimonial-box icon-box-left text-left\">\n                <div class=\"icon-box-img testimonial-image circle\" style=\"width: 120px\">\n              <img loading=\"lazy\" decoding=\"async\" width=\"166\" height=\"166\" src=\"https:\/\/tanzzo.com\/wp-content\/uploads\/2022\/04\/pexels-davide-de-giovanni-5762469-2@2x.png\" class=\"attachment-thumbnail size-thumbnail\" alt=\"\" srcset=\"https:\/\/tanzzo.com\/wp-content\/uploads\/2022\/04\/pexels-davide-de-giovanni-5762469-2@2x.png 166w, https:\/\/tanzzo.com\/wp-content\/uploads\/2022\/04\/pexels-davide-de-giovanni-5762469-2@2x-100x100.png 100w\" sizes=\"auto, (max-width: 166px) 100vw, 166px\" \/>        <\/div>\n                <div class=\"icon-box-text p-last-0\">\n          <div class=\"star-rating\"><span style=\"width:100%\"><strong class=\"rating\"><\/strong><\/span><\/div>  \t\t\t\t<div class=\"testimonial-text line-height-small italic test_text first-reset last-reset is-italic\">\n            \n<h3>Amanda D. USA<\/h3>\n<p>After sun exposure I look like a tomato.\u00a0My skin burns and peels like an onion. After Sun Cream really calms down my skin!<\/p>\n          <\/div>\n          <div class=\"testimonial-meta pt-half\">\n             <strong class=\"testimonial-name test_name\"><\/strong>\n                          <span class=\"testimonial-company test_company\"><\/span>\n          <\/div>\n        <\/div>\n  <\/div>\n\n  \n  <div class=\"icon-box testimonial-box icon-box-left text-left\">\n                <div class=\"icon-box-img testimonial-image circle\" style=\"width: 120px\">\n              <img loading=\"lazy\" decoding=\"async\" width=\"280\" height=\"280\" src=\"https:\/\/tanzzo.com\/wp-content\/uploads\/2021\/08\/Instagram-1-280x280.png\" class=\"attachment-thumbnail size-thumbnail\" alt=\"\" srcset=\"https:\/\/tanzzo.com\/wp-content\/uploads\/2021\/08\/Instagram-1-280x280.png 280w, https:\/\/tanzzo.com\/wp-content\/uploads\/2021\/08\/Instagram-1-100x100.png 100w, https:\/\/tanzzo.com\/wp-content\/uploads\/2021\/08\/Instagram-1.png 343w\" sizes=\"auto, (max-width: 280px) 100vw, 280px\" \/>        <\/div>\n                <div class=\"icon-box-text p-last-0\">\n          <div class=\"star-rating\"><span style=\"width:75%\"><strong class=\"rating\"><\/strong><\/span><\/div>  \t\t\t\t<div class=\"testimonial-text line-height-small italic test_text first-reset last-reset is-italic\">\n            \n<h3>Anna G. USA<\/h3>\n<p>I used Tanning cream for 3 days and I have never had that much tan in such short time. I will definitely\u00a0buy again!<\/p>\n          <\/div>\n          <div class=\"testimonial-meta pt-half\">\n             <strong class=\"testimonial-name test_name\"><\/strong>\n                          <span class=\"testimonial-company test_company\"><\/span>\n          <\/div>\n        <\/div>\n  <\/div>\n\n  \n  <div class=\"icon-box testimonial-box icon-box-left text-left\">\n                <div class=\"icon-box-img testimonial-image circle\" style=\"width: 120px\">\n              <img loading=\"lazy\" decoding=\"async\" width=\"280\" height=\"280\" src=\"https:\/\/tanzzo.com\/wp-content\/uploads\/2022\/04\/4892841_13051676-280x280.jpg\" class=\"attachment-thumbnail size-thumbnail\" alt=\"\" srcset=\"https:\/\/tanzzo.com\/wp-content\/uploads\/2022\/04\/4892841_13051676-280x280.jpg 280w, https:\/\/tanzzo.com\/wp-content\/uploads\/2022\/04\/4892841_13051676-100x100.jpg 100w, https:\/\/tanzzo.com\/wp-content\/uploads\/2022\/04\/4892841_13051676-510x510.jpg 510w, https:\/\/tanzzo.com\/wp-content\/uploads\/2022\/04\/4892841_13051676-400x400.jpg 400w, https:\/\/tanzzo.com\/wp-content\/uploads\/2022\/04\/4892841_13051676-800x800.jpg 800w, https:\/\/tanzzo.com\/wp-content\/uploads\/2022\/04\/4892841_13051676-768x768.jpg 768w, https:\/\/tanzzo.com\/wp-content\/uploads\/2022\/04\/4892841_13051676.jpg 1080w\" sizes=\"auto, (max-width: 280px) 100vw, 280px\" \/>        <\/div>\n                <div class=\"icon-box-text p-last-0\">\n          <div class=\"star-rating\"><span style=\"width:75%\"><strong class=\"rating\"><\/strong><\/span><\/div>  \t\t\t\t<div class=\"testimonial-text line-height-small italic test_text first-reset last-reset is-italic\">\n            \n<h3>Jessica M. USA<\/h3>\n<p>This is my third Tanzzo Tanning cream\u00a0and I can confidently say it is not the\u00a0last one. The smell is addicting and achieved tan is so flattering.<\/p>\n          <\/div>\n          <div class=\"testimonial-meta pt-half\">\n             <strong class=\"testimonial-name test_name\"><\/strong>\n                          <span class=\"testimonial-company test_company\"><\/span>\n          <\/div>\n        <\/div>\n  <\/div>\n\n  \n\t<div id=\"gap-744329268\" class=\"gap-element clearfix\" style=\"display:block; height:auto;\">\n\t\t\n<style>\n#gap-744329268 {\n  padding-top: 30px;\n}\n<\/style>\n\t<\/div>\n\t\n\t\t<\/div>\n\t\t\t\t\t<\/div>\n\n\t\n<\/div>\n\t\t<\/div>\n\n\t\t\n<style>\n#section_1624155359 {\n  padding-top: 30px;\n  padding-bottom: 30px;\n}\n#section_1624155359 .ux-shape-divider--top svg {\n  height: 150px;\n  --divider-top-width: 100%;\n}\n#section_1624155359 .ux-shape-divider--bottom svg {\n  height: 150px;\n  --divider-width: 100%;\n}\n@media (min-width:850px) {\n  #section_1624155359 {\n    padding-top: 100px;\n    padding-bottom: 100px;\n  }\n}\n<\/style>\n\t<\/section>\n\t\n","protected":false},"excerpt":{"rendered":"<p>Dopustite nam da vam predstavimo neophodno dru\u0161tvo na pla\u017ei koje \u0107e vam omogu\u0107iti savr\u0161enu, \u201evratio-sam-se-s-odmora\u201c boju ko\u017ee! <\/p>\n<p>Tanzzo krema za tamnjenje ima poseban sastav koji ubrzava prirodni proces tamnjenja. Osigurava br\u017ee i intenzivnije tamnjenje, a va\u0161oj ko\u017ei pru\u017ea hranjive tvari i hidrataciju. Pa\u017eljivo odabrani sastojci djeluju u skladu s va\u0161om ko\u017eom kako bi u kratkom vremenskom razdoblju stvorili fantasti\u010dan \u010dokoladni ten. Na\u0161a krema za tamnjenje tako\u0111er sadr\u017ei maslac od sjemenki kakaa i ekstrakt korijena mrkve kako bi ko\u017ea bila mekana i hidratizirana, dok vam o\u010daravaju\u0107i miris osigurava najuzbudljivije ljetne trenutke i vodi na sun\u010danija mjesta \u2013 bez potrebe za putovnicom!<\/p>\n","protected":false},"featured_media":11866,"template":"","meta":[],"product_cat":[190],"product_tag":[],"class_list":["post-7230","product","type-product","status-publish","has-post-thumbnail","hentry","product_cat-uncategorized-hr"],"acf":[],"yoast_head":"<!-- This site is optimized with the Yoast SEO plugin v20.8 - https:\/\/yoast.com\/wordpress\/plugins\/seo\/ -->\n<title>Krema za br\u017ee tamnjenje - 200ml - Tanzzo<\/title>\n<meta name=\"robots\" content=\"index, follow, max-snippet:-1, max-image-preview:large, max-video-preview:-1\" \/>\n<link rel=\"canonical\" href=\"https:\/\/tanzzo.com\/hr\/product\/tanning-cream-2\/\" \/>\n<meta property=\"og:locale\" content=\"hr_HR\" \/>\n<meta property=\"og:type\" content=\"article\" \/>\n<meta property=\"og:title\" content=\"Krema za br\u017ee tamnjenje - 200ml - Tanzzo\" \/>\n<meta property=\"og:description\" content=\"Dopustite nam da vam predstavimo neophodno dru\u0161tvo na pla\u017ei koje \u0107e vam omogu\u0107iti savr\u0161enu, \u201evratio-sam-se-s-odmora\u201c boju ko\u017ee!   Tanzzo krema za tamnjenje ima poseban sastav koji ubrzava prirodni proces tamnjenja. Osigurava br\u017ee i intenzivnije tamnjenje, a va\u0161oj ko\u017ei pru\u017ea hranjive tvari i hidrataciju. Pa\u017eljivo odabrani sastojci djeluju u skladu s va\u0161om ko\u017eom kako bi u kratkom vremenskom razdoblju stvorili fantasti\u010dan \u010dokoladni ten. Na\u0161a krema za tamnjenje tako\u0111er sadr\u017ei maslac od sjemenki kakaa i ekstrakt korijena mrkve kako bi ko\u017ea bila mekana i hidratizirana, dok vam o\u010daravaju\u0107i miris osigurava najuzbudljivije ljetne trenutke i vodi na sun\u010danija mjesta \u2013 bez potrebe za putovnicom!\" \/>\n<meta property=\"og:url\" content=\"https:\/\/tanzzo.com\/hr\/product\/tanning-cream-2\/\" \/>\n<meta property=\"og:site_name\" content=\"Tanzzo\" \/>\n<meta property=\"article:publisher\" content=\"https:\/\/www.facebook.com\/Tanzzzo\/\" \/>\n<meta property=\"article:modified_time\" content=\"2023-04-14T14:18:02+00:00\" \/>\n<meta property=\"og:image\" content=\"https:\/\/tanzzo.com\/wp-content\/uploads\/2022\/06\/tanning-cream-png.png\" \/>\n\t<meta property=\"og:image:width\" content=\"1080\" \/>\n\t<meta property=\"og:image:height\" content=\"1080\" \/>\n\t<meta property=\"og:image:type\" content=\"image\/png\" \/>\n<meta name=\"twitter:card\" content=\"summary_large_image\" \/>\n<meta name=\"twitter:label1\" content=\"Procijenjeno vrijeme \u010ditanja\" \/>\n\t<meta name=\"twitter:data1\" content=\"2 minute\" \/>\n<script type=\"application\/ld+json\" class=\"yoast-schema-graph\">{\"@context\":\"https:\/\/schema.org\",\"@graph\":[{\"@type\":\"WebPage\",\"@id\":\"https:\/\/tanzzo.com\/hr\/product\/tanning-cream-2\/\",\"url\":\"https:\/\/tanzzo.com\/hr\/product\/tanning-cream-2\/\",\"name\":\"Krema za br\u017ee tamnjenje - 200ml - Tanzzo\",\"isPartOf\":{\"@id\":\"https:\/\/tanzzo.com\/hr\/#website\"},\"datePublished\":\"2022-06-06T11:37:51+00:00\",\"dateModified\":\"2023-04-14T14:18:02+00:00\",\"breadcrumb\":{\"@id\":\"https:\/\/tanzzo.com\/hr\/product\/tanning-cream-2\/#breadcrumb\"},\"inLanguage\":\"hr\",\"potentialAction\":[{\"@type\":\"ReadAction\",\"target\":[\"https:\/\/tanzzo.com\/hr\/product\/tanning-cream-2\/\"]}]},{\"@type\":\"BreadcrumbList\",\"@id\":\"https:\/\/tanzzo.com\/hr\/product\/tanning-cream-2\/#breadcrumb\",\"itemListElement\":[{\"@type\":\"ListItem\",\"position\":1,\"name\":\"Home\",\"item\":\"https:\/\/tanzzo.com\/hr\/\"},{\"@type\":\"ListItem\",\"position\":2,\"name\":\"Trgovina\",\"item\":\"https:\/\/tanzzo.com\/hr\/trgovina\/\"},{\"@type\":\"ListItem\",\"position\":3,\"name\":\"Krema za br\u017ee tamnjenje &#8211; 200ml\"}]},{\"@type\":\"WebSite\",\"@id\":\"https:\/\/tanzzo.com\/hr\/#website\",\"url\":\"https:\/\/tanzzo.com\/hr\/\",\"name\":\"Tanzzo\",\"description\":\"GET YOUR PERFECT TAN\",\"publisher\":{\"@id\":\"https:\/\/tanzzo.com\/hr\/#organization\"},\"potentialAction\":[{\"@type\":\"SearchAction\",\"target\":{\"@type\":\"EntryPoint\",\"urlTemplate\":\"https:\/\/tanzzo.com\/hr\/?s={search_term_string}\"},\"query-input\":\"required name=search_term_string\"}],\"inLanguage\":\"hr\"},{\"@type\":\"Organization\",\"@id\":\"https:\/\/tanzzo.com\/hr\/#organization\",\"name\":\"Tanzzo\",\"url\":\"https:\/\/tanzzo.com\/hr\/\",\"logo\":{\"@type\":\"ImageObject\",\"inLanguage\":\"hr\",\"@id\":\"https:\/\/tanzzo.com\/hr\/#\/schema\/logo\/image\/\",\"url\":\"https:\/\/tanzzo.com\/wp-content\/uploads\/2021\/08\/tanzzo1.png\",\"contentUrl\":\"https:\/\/tanzzo.com\/wp-content\/uploads\/2021\/08\/tanzzo1.png\",\"width\":2560,\"height\":426,\"caption\":\"Tanzzo\"},\"image\":{\"@id\":\"https:\/\/tanzzo.com\/hr\/#\/schema\/logo\/image\/\"},\"sameAs\":[\"https:\/\/www.facebook.com\/Tanzzzo\/\",\"https:\/\/www.instagram.com\/tanzzo_original\/\"]}]}<\/script>\n<!-- \/ Yoast SEO plugin. -->","yoast_head_json":{"title":"Krema za br\u017ee tamnjenje - 200ml - Tanzzo","robots":{"index":"index","follow":"follow","max-snippet":"max-snippet:-1","max-image-preview":"max-image-preview:large","max-video-preview":"max-video-preview:-1"},"canonical":"https:\/\/tanzzo.com\/hr\/product\/tanning-cream-2\/","og_locale":"hr_HR","og_type":"article","og_title":"Krema za br\u017ee tamnjenje - 200ml - Tanzzo","og_description":"Dopustite nam da vam predstavimo neophodno dru\u0161tvo na pla\u017ei koje \u0107e vam omogu\u0107iti savr\u0161enu, \u201evratio-sam-se-s-odmora\u201c boju ko\u017ee!   Tanzzo krema za tamnjenje ima poseban sastav koji ubrzava prirodni proces tamnjenja. Osigurava br\u017ee i intenzivnije tamnjenje, a va\u0161oj ko\u017ei pru\u017ea hranjive tvari i hidrataciju. Pa\u017eljivo odabrani sastojci djeluju u skladu s va\u0161om ko\u017eom kako bi u kratkom vremenskom razdoblju stvorili fantasti\u010dan \u010dokoladni ten. Na\u0161a krema za tamnjenje tako\u0111er sadr\u017ei maslac od sjemenki kakaa i ekstrakt korijena mrkve kako bi ko\u017ea bila mekana i hidratizirana, dok vam o\u010daravaju\u0107i miris osigurava najuzbudljivije ljetne trenutke i vodi na sun\u010danija mjesta \u2013 bez potrebe za putovnicom!","og_url":"https:\/\/tanzzo.com\/hr\/product\/tanning-cream-2\/","og_site_name":"Tanzzo","article_publisher":"https:\/\/www.facebook.com\/Tanzzzo\/","article_modified_time":"2023-04-14T14:18:02+00:00","og_image":[{"width":1080,"height":1080,"url":"https:\/\/tanzzo.com\/wp-content\/uploads\/2022\/06\/tanning-cream-png.png","type":"image\/png"}],"twitter_card":"summary_large_image","twitter_misc":{"Procijenjeno vrijeme \u010ditanja":"2 minute"},"schema":{"@context":"https:\/\/schema.org","@graph":[{"@type":"WebPage","@id":"https:\/\/tanzzo.com\/hr\/product\/tanning-cream-2\/","url":"https:\/\/tanzzo.com\/hr\/product\/tanning-cream-2\/","name":"Krema za br\u017ee tamnjenje - 200ml - Tanzzo","isPartOf":{"@id":"https:\/\/tanzzo.com\/hr\/#website"},"datePublished":"2022-06-06T11:37:51+00:00","dateModified":"2023-04-14T14:18:02+00:00","breadcrumb":{"@id":"https:\/\/tanzzo.com\/hr\/product\/tanning-cream-2\/#breadcrumb"},"inLanguage":"hr","potentialAction":[{"@type":"ReadAction","target":["https:\/\/tanzzo.com\/hr\/product\/tanning-cream-2\/"]}]},{"@type":"BreadcrumbList","@id":"https:\/\/tanzzo.com\/hr\/product\/tanning-cream-2\/#breadcrumb","itemListElement":[{"@type":"ListItem","position":1,"name":"Home","item":"https:\/\/tanzzo.com\/hr\/"},{"@type":"ListItem","position":2,"name":"Trgovina","item":"https:\/\/tanzzo.com\/hr\/trgovina\/"},{"@type":"ListItem","position":3,"name":"Krema za br\u017ee tamnjenje &#8211; 200ml"}]},{"@type":"WebSite","@id":"https:\/\/tanzzo.com\/hr\/#website","url":"https:\/\/tanzzo.com\/hr\/","name":"Tanzzo","description":"GET YOUR PERFECT TAN","publisher":{"@id":"https:\/\/tanzzo.com\/hr\/#organization"},"potentialAction":[{"@type":"SearchAction","target":{"@type":"EntryPoint","urlTemplate":"https:\/\/tanzzo.com\/hr\/?s={search_term_string}"},"query-input":"required name=search_term_string"}],"inLanguage":"hr"},{"@type":"Organization","@id":"https:\/\/tanzzo.com\/hr\/#organization","name":"Tanzzo","url":"https:\/\/tanzzo.com\/hr\/","logo":{"@type":"ImageObject","inLanguage":"hr","@id":"https:\/\/tanzzo.com\/hr\/#\/schema\/logo\/image\/","url":"https:\/\/tanzzo.com\/wp-content\/uploads\/2021\/08\/tanzzo1.png","contentUrl":"https:\/\/tanzzo.com\/wp-content\/uploads\/2021\/08\/tanzzo1.png","width":2560,"height":426,"caption":"Tanzzo"},"image":{"@id":"https:\/\/tanzzo.com\/hr\/#\/schema\/logo\/image\/"},"sameAs":["https:\/\/www.facebook.com\/Tanzzzo\/","https:\/\/www.instagram.com\/tanzzo_original\/"]}]}},"_links":{"self":[{"href":"https:\/\/tanzzo.com\/hr\/wp-json\/wp\/v2\/product\/7230","targetHints":{"allow":["GET"]}}],"collection":[{"href":"https:\/\/tanzzo.com\/hr\/wp-json\/wp\/v2\/product"}],"about":[{"href":"https:\/\/tanzzo.com\/hr\/wp-json\/wp\/v2\/types\/product"}],"wp:featuredmedia":[{"embeddable":true,"href":"https:\/\/tanzzo.com\/hr\/wp-json\/wp\/v2\/media\/11866"}],"wp:attachment":[{"href":"https:\/\/tanzzo.com\/hr\/wp-json\/wp\/v2\/media?parent=7230"}],"wp:term":[{"taxonomy":"product_cat","embeddable":true,"href":"https:\/\/tanzzo.com\/hr\/wp-json\/wp\/v2\/product_cat?post=7230"},{"taxonomy":"product_tag","embeddable":true,"href":"https:\/\/tanzzo.com\/hr\/wp-json\/wp\/v2\/product_tag?post=7230"}],"curies":[{"name":"wp","href":"https:\/\/api.w.org\/{rel}","templated":true}]}}