
{"id":13048,"date":"2022-07-11T11:33:36","date_gmt":"2022-07-11T09:33:36","guid":{"rendered":"https:\/\/tanzzo.com\/product\/bronzer\/"},"modified":"2023-03-07T14:28:57","modified_gmt":"2023-03-07T12:28:57","slug":"bronzer","status":"publish","type":"product","link":"https:\/\/tanzzo.com\/hr\/product\/bronzer\/","title":{"rendered":"Bronzer"},"content":{"rendered":"<div class=\"row row-collapse row-full-width\"  id=\"row-1137673295\">\n\n\t<div id=\"col-1344617302\" class=\"col small-12 large-12\"  >\n\t\t\t\t<div class=\"col-inner\"  >\n\t\t\t\n\t\t\t\n\n\t\t<\/div>\n\t\t\t\t\t<\/div>\n\n\t\n\n<style>\n#row-1137673295 > .col > .col-inner {\n  background-color: rgb(245, 245, 245);\n}\n<\/style>\n<\/div>\n\t<section class=\"section product-reviews\" id=\"section_2057512335\">\n\t\t<div class=\"bg section-bg fill bg-fill  bg-loaded\" >\n\n\t\t\t\n\t\t\t\n\t\t\t\n\n\t\t<\/div>\n\n\t\t\n\n\t\t<div class=\"section-content relative\">\n\t\t\t\n\n<span class=\"scroll-to\" data-label=\"Scroll to: #reviews\" data-bullet=\"false\" data-link=\"#reviews\" data-title=\"Reviews\"><a name=\"reviews\"><\/a><\/span>\n\n<div class=\"row rvs\"  id=\"row-1160115772\">\n\n\n\t<div id=\"col-1472537809\" class=\"col small-12 large-12\"  >\n\t\t\t\t<div class=\"col-inner\"  >\n\t\t\t\n\t\t\t\n\n<div class=\"row row-collapse\"  id=\"row-1249957420\">\n\n\n\t<div id=\"col-404397830\" class=\"col medium-3 small-12 large-3\"  >\n\t\t\t\t<div class=\"col-inner\"  >\n\t\t\t\n\t\t\t\n\n<div class=\"is-divider divider clearfix\" style=\"margin-top:2em;margin-bottom:2em;max-width:100%;height:1px;background-color:rgb(0, 0, 0);\"><\/div>\n\n\n\t\t<\/div>\n\t\t\t\t\t<\/div>\n\n\t\n\n\t<div id=\"col-784243850\" class=\"col medium-6 small-12 large-6\"  >\n\t\t\t\t<div class=\"col-inner\"  >\n\t\t\t\n\t\t\t\n\n\t<div id=\"text-4073508312\" class=\"text\">\n\t\t\n\n<h2>Recenzije kupaca<\/h2>\n\t\t\n<style>\n#text-4073508312 {\n  font-size: 1.6rem;\n  text-align: center;\n}\n<\/style>\n\t<\/div>\n\t\n\n\t\t<\/div>\n\t\t\t\t\t<\/div>\n\n\t\n\n\t<div id=\"col-1535035500\" class=\"col medium-3 small-12 large-3\"  >\n\t\t\t\t<div class=\"col-inner\"  >\n\t\t\t\n\t\t\t\n\n<div class=\"is-divider divider clearfix\" style=\"margin-top:2em;margin-bottom:2em;max-width:100%;height:1px;background-color:rgb(0, 0, 0);\"><\/div>\n\n\n\t\t<\/div>\n\t\t\t\t\t<\/div>\n\n\t\n\n<\/div>\n\t<div id=\"gap-151813769\" class=\"gap-element clearfix\" style=\"display:block; height:auto;\">\n\t\t\n<style>\n#gap-151813769 {\n  padding-top: 30px;\n}\n<\/style>\n\t<\/div>\n\t\n\n\n\t\t<\/div>\n\t\t\t\t\t<\/div>\n\n\t\n\n\t<div id=\"col-2045494399\" class=\"col small-12 large-12\"  >\n\t\t\t\t<div class=\"col-inner\"  >\n\t\t\t\n\t\t\t\n\n<div class=\"row row-collapse align-bottom\"  id=\"row-951162016\">\n\n\n\t<div id=\"col-1758989092\" class=\"col medium-4 small-6 large-4\"  >\n\t\t\t\t<div class=\"col-inner\"  >\n\t\t\t\n\t\t\t\n\n\t<div id=\"text-3726443710\" class=\"text\">\n\t\t\n\n<div style=\"font-family: Light\">4.7 <span class=\"star-rating custom-rating\"><span style=\"width:94%\"><strong class=\"rating\"><\/strong><\/span><\/span><\/div><style>.float-left > .star-rating span:before, .float-left > .star-rating:before{ color: #f99c2e !important; }<\/style>\n\t\t\n<style>\n#text-3726443710 {\n  font-size: 1.5rem;\n}\n@media (min-width:550px) {\n  #text-3726443710 {\n    font-size: 2rem;\n  }\n}\n<\/style>\n\t<\/div>\n\t\n\n\t\t<\/div>\n\t\t\t\t\t<\/div>\n\n\t\n\n\t<div id=\"col-1239420751\" class=\"col hide-for-small medium-4 small-12 large-4\"  >\n\t\t\t\t<div class=\"col-inner\"  >\n\t\t\t\n\t\t\t\n\n\n\t\t<\/div>\n\t\t\t\t\t<\/div>\n\n\t\n\n\t<div id=\"col-1374003832\" class=\"col medium-4 small-6 large-4\"  >\n\t\t\t\t<div class=\"col-inner text-right\"  >\n\t\t\t\n\t\t\t\n\n\t<div id=\"text-556517292\" class=\"text\">\n\t\t\n\n<span style=\"font-family: Light\">144 Reviews<\/span>\n\t\t\n<style>\n#text-556517292 {\n  font-size: 1.2rem;\n}\n@media (min-width:550px) {\n  #text-556517292 {\n    font-size: 1.5rem;\n  }\n}\n<\/style>\n\t<\/div>\n\t\n\n\t\t<\/div>\n\t\t\t\t\t<\/div>\n\n\t\n\n<\/div>\n\t<div id=\"gap-845581517\" class=\"gap-element clearfix\" style=\"display:block; height:auto;\">\n\t\t\n<style>\n#gap-845581517 {\n  padding-top: 10px;\n}\n@media (min-width:550px) {\n  #gap-845581517 {\n    padding-top: 30px;\n  }\n}\n<\/style>\n\t<\/div>\n\t\n\n\n\t\t<\/div>\n\t\t\t\t\t<\/div>\n\n\t\n\n\t<div id=\"col-594009327\" class=\"col comment-box small-12 large-12\"  >\n\t\t\t\t<div class=\"col-inner\"  >\n\t\t\t\n\t\t\t\n\n  <div class=\"icon-box testimonial-box icon-box-left text-left\">\n                <div class=\"icon-box-text p-last-0\">\n          <div class=\"star-rating\"><span style=\"width:100%\"><strong class=\"rating\"><\/strong><\/span><\/div>  \t\t\t\t<div class=\"testimonial-text line-height-small italic test_text first-reset last-reset is-italic\">\n            \n\n<h3>Sara J, 23 SLO<\/h3>\n<p>I just love using Bronzer! It makes my skin super glowy and radiant! <\/p>\n\n\n          <\/div>\n          <div class=\"testimonial-meta pt-half\">\n             <strong class=\"testimonial-name test_name\"><\/strong>\n                          <span class=\"testimonial-company test_company\"><\/span>\n          <\/div>\n        <\/div>\n  <\/div>\n\n  \n  <div class=\"icon-box testimonial-box icon-box-left text-left\">\n                <div class=\"icon-box-text p-last-0\">\n          <div class=\"star-rating\"><span style=\"width:100%\"><strong class=\"rating\"><\/strong><\/span><\/div>  \t\t\t\t<div class=\"testimonial-text line-height-small italic test_text first-reset last-reset is-italic\">\n            \n\n<h3>Katerina U, 26 CZ<\/h3>\n<p>I use Bronzer everyday on the beach and also at night when I go to parties! Sun reflects so beautiful on my skin!<\/p>\n\n\n          <\/div>\n          <div class=\"testimonial-meta pt-half\">\n             <strong class=\"testimonial-name test_name\"><\/strong>\n                          <span class=\"testimonial-company test_company\"><\/span>\n          <\/div>\n        <\/div>\n  <\/div>\n\n  \n  <div class=\"icon-box testimonial-box icon-box-left text-left\">\n                <div class=\"icon-box-text p-last-0\">\n          <div class=\"star-rating\"><span style=\"width:100%\"><strong class=\"rating\"><\/strong><\/span><\/div>  \t\t\t\t<div class=\"testimonial-text line-height-small italic test_text first-reset last-reset is-italic\">\n            \n\n<h3>Ondina W, 20 SK<\/h3>\n<p>My skin gets very glowy and hydrated after using Bronzer. I love this product!<\/p>\n\n\n          <\/div>\n          <div class=\"testimonial-meta pt-half\">\n             <strong class=\"testimonial-name test_name\"><\/strong>\n                          <span class=\"testimonial-company test_company\"><\/span>\n          <\/div>\n        <\/div>\n  <\/div>\n\n  \n  <div class=\"icon-box testimonial-box icon-box-left text-left\">\n                <div class=\"icon-box-text p-last-0\">\n          <div class=\"star-rating\"><span style=\"width:75%\"><strong class=\"rating\"><\/strong><\/span><\/div>  \t\t\t\t<div class=\"testimonial-text line-height-small italic test_text first-reset last-reset is-italic\">\n            \n\n<h3>Clementina P, 28 IT<\/h3>\n<p>This is great for every occasion you can think of! It leaves a very beautiful shimmery skin and glowy look!<\/p>\n\n\n          <\/div>\n          <div class=\"testimonial-meta pt-half\">\n             <strong class=\"testimonial-name test_name\"><\/strong>\n                          <span class=\"testimonial-company test_company\"><\/span>\n          <\/div>\n        <\/div>\n  <\/div>\n\n  \n  <div class=\"icon-box testimonial-box icon-box-left text-left\">\n                <div class=\"icon-box-text p-last-0\">\n          <div class=\"star-rating\"><span style=\"width:75%\"><strong class=\"rating\"><\/strong><\/span><\/div>  \t\t\t\t<div class=\"testimonial-text line-height-small italic test_text first-reset last-reset is-italic\">\n            \n\n<h3>Nikolina Z, 25 RS<\/h3>\n<p>My boyfriend bought Bronzer for my birthday party on the beach. I looked like bronzed goddes and got so many compliments!<\/p>\n\n\n          <\/div>\n          <div class=\"testimonial-meta pt-half\">\n             <strong class=\"testimonial-name test_name\"><\/strong>\n                          <span class=\"testimonial-company test_company\"><\/span>\n          <\/div>\n        <\/div>\n  <\/div>\n\n  \n  <div class=\"icon-box testimonial-box icon-box-left text-left\">\n                <div class=\"icon-box-text p-last-0\">\n          <div class=\"star-rating\"><span style=\"width:75%\"><strong class=\"rating\"><\/strong><\/span><\/div>  \t\t\t\t<div class=\"testimonial-text line-height-small italic test_text first-reset last-reset is-italic\">\n            \n\n<h3>Karin V, 24 SLO<\/h3>\n<p>Babes, I recommend this product! Sometimes I use it on my dry hair ends and it nourishes them perfectly!<\/p>\n\n\n          <\/div>\n          <div class=\"testimonial-meta pt-half\">\n             <strong class=\"testimonial-name test_name\"><\/strong>\n                          <span class=\"testimonial-company test_company\"><\/span>\n          <\/div>\n        <\/div>\n  <\/div>\n\n  \n  <div class=\"icon-box testimonial-box icon-box-left text-left\">\n                <div class=\"icon-box-text p-last-0\">\n          <div class=\"star-rating\"><span style=\"width:75%\"><strong class=\"rating\"><\/strong><\/span><\/div>  \t\t\t\t<div class=\"testimonial-text line-height-small italic test_text first-reset last-reset is-italic\">\n            \n\n<h3>Valentina L, 24 IT<\/h3>\n<p>Love love love this product! Bronzed and shimmery skin is guaranteed! <\/p>\n\n\n          <\/div>\n          <div class=\"testimonial-meta pt-half\">\n             <strong class=\"testimonial-name test_name\"><\/strong>\n                          <span class=\"testimonial-company test_company\"><\/span>\n          <\/div>\n        <\/div>\n  <\/div>\n\n  \n  <div class=\"icon-box testimonial-box icon-box-left text-left\">\n                <div class=\"icon-box-text p-last-0\">\n          <div class=\"star-rating\"><span style=\"width:75%\"><strong class=\"rating\"><\/strong><\/span><\/div>  \t\t\t\t<div class=\"testimonial-text line-height-small italic test_text first-reset last-reset is-italic\">\n            \n\n<h3>Polina R, 19 SK<\/h3>\n<p>Bronzer gives a very nice subtle shimmer to your skin, making it look so healthy.<\/p>\n\n\n          <\/div>\n          <div class=\"testimonial-meta pt-half\">\n             <strong class=\"testimonial-name test_name\"><\/strong>\n                          <span class=\"testimonial-company test_company\"><\/span>\n          <\/div>\n        <\/div>\n  <\/div>\n\n  \n  <div class=\"icon-box testimonial-box icon-box-left text-left\">\n                <div class=\"icon-box-text p-last-0\">\n          <div class=\"star-rating\"><span style=\"width:75%\"><strong class=\"rating\"><\/strong><\/span><\/div>  \t\t\t\t<div class=\"testimonial-text line-height-small italic test_text first-reset last-reset is-italic\">\n            \n\n<h3>Lana J, 31 HR<\/h3>\n<p>OMG. This product is amazing! Would use this all year around just for healthy looking skin and glow.<\/p>\n\n\n          <\/div>\n          <div class=\"testimonial-meta pt-half\">\n             <strong class=\"testimonial-name test_name\"><\/strong>\n                          <span class=\"testimonial-company test_company\"><\/span>\n          <\/div>\n        <\/div>\n  <\/div>\n\n  \n  <div class=\"icon-box testimonial-box icon-box-left text-left\">\n                <div class=\"icon-box-text p-last-0\">\n          <div class=\"star-rating\"><span style=\"width:75%\"><strong class=\"rating\"><\/strong><\/span><\/div>  \t\t\t\t<div class=\"testimonial-text line-height-small italic test_text first-reset last-reset is-italic\">\n            \n\n<h3>Aneta C, 27 BG<\/h3>\n<p>It leaves a dazzling trail of bronzed liquid on the skin. its simply beautiful, i highly recommend!<\/p>\n\n\n          <\/div>\n          <div class=\"testimonial-meta pt-half\">\n             <strong class=\"testimonial-name test_name\"><\/strong>\n                          <span class=\"testimonial-company test_company\"><\/span>\n          <\/div>\n        <\/div>\n  <\/div>\n\n  \n\t<div id=\"gap-1037825694\" class=\"gap-element clearfix\" style=\"display:block; height:auto;\">\n\t\t\n<style>\n#gap-1037825694 {\n  padding-top: 30px;\n}\n<\/style>\n\t<\/div>\n\t\n\n\n\t\t<\/div>\n\t\t\t\t\t<\/div>\n\n\t\n\n<\/div>\n<div class=\"row\"  id=\"row-2016920209\">\n\n\n\t<div id=\"col-1486362986\" class=\"col small-12 large-12\"  >\n\t\t\t\t<div class=\"col-inner text-center\"  >\n\t\t\t\n\t\t\t\n\n<a class=\"button primary see-more\"  >\n    <span>See more<\/span>\n  <\/a>\n\n\n\n\t\t<\/div>\n\t\t\t\t\t<\/div>\n\n\t\n\n<\/div>\n\n\t\t<\/div>\n\n\t\t\n<style>\n#section_2057512335 {\n  padding-top: 30px;\n  padding-bottom: 30px;\n}\n#section_2057512335 .ux-shape-divider--top svg {\n  height: 150px;\n  --divider-top-width: 100%;\n}\n#section_2057512335 .ux-shape-divider--bottom svg {\n  height: 150px;\n  --divider-width: 100%;\n}\n@media (min-width:850px) {\n  #section_2057512335 {\n    padding-top: 100px;\n    padding-bottom: 100px;\n  }\n}\n<\/style>\n\t<\/section>\n\t\n","protected":false},"excerpt":{"rendered":"<p>Tanzzo Bronzer pru\u017ea savr\u0161enu kombinaciju hidratacije, formule koja se brzo upija i sloja apsolutno idealne bronce. Ovo bogato, rasko\u0161no ulje za tijelo \u010dini ko\u017eu svilenkasto mekom na dodir i daje joj blagi miris kokosa. Ulje vla\u017ei ko\u017eu, daje joj divan sjaj i ujedna\u010dava je te je najbolji poja\u010diva\u010d boje koji \u0107ete ikada koristiti.<br \/>\nTanzzo Bronzer je kao zadivljuju\u0107a preplanulost zatvorena u bo\u010dici.<\/p>\n<ul class=\"orange-dots\">\n<li><b>Iluminiraju\u0107i bron\u010dani sjaj<\/b><\/li>\n<li><strong>Rasko\u0161na i lagana formula<\/strong><\/li>\n<li><strong>Tropski miris kokosa<\/strong><\/li>\n<li><strong>Hidratantna formula<\/strong><\/li>\n<li><strong>Pogodan za sve prilike<\/strong><\/li>\n<\/ul>\n","protected":false},"featured_media":13098,"template":"","meta":[],"product_cat":[190],"product_tag":[],"class_list":["post-13048","product","type-product","status-publish","has-post-thumbnail","hentry","product_cat-uncategorized-hr"],"acf":[],"yoast_head":"<!-- This site is optimized with the Yoast SEO plugin v20.8 - https:\/\/yoast.com\/wordpress\/plugins\/seo\/ -->\n<title>Bronzer - Tanzzo<\/title>\n<meta name=\"robots\" content=\"index, follow, max-snippet:-1, max-image-preview:large, max-video-preview:-1\" \/>\n<link rel=\"canonical\" href=\"https:\/\/tanzzo.com\/hr\/product\/bronzer\/\" \/>\n<meta property=\"og:locale\" content=\"hr_HR\" \/>\n<meta property=\"og:type\" content=\"article\" \/>\n<meta property=\"og:title\" content=\"Bronzer - Tanzzo\" \/>\n<meta property=\"og:description\" content=\"Tanzzo Bronzer pru\u017ea savr\u0161enu kombinaciju hidratacije, formule koja se brzo upija i sloja apsolutno idealne bronce. Ovo bogato, rasko\u0161no ulje za tijelo \u010dini ko\u017eu svilenkasto mekom na dodir i daje joj blagi miris kokosa. Ulje vla\u017ei ko\u017eu, daje joj divan sjaj i ujedna\u010dava je te je najbolji poja\u010diva\u010d boje koji \u0107ete ikada koristiti.  Tanzzo Bronzer je kao zadivljuju\u0107a preplanulost zatvorena u bo\u010dici.   Iluminiraju\u0107i bron\u010dani sjaj  Rasko\u0161na i lagana formula  Tropski miris kokosa  Hidratantna formula  Pogodan za sve prilike\" \/>\n<meta property=\"og:url\" content=\"https:\/\/tanzzo.com\/hr\/product\/bronzer\/\" \/>\n<meta property=\"og:site_name\" content=\"Tanzzo\" \/>\n<meta property=\"article:publisher\" content=\"https:\/\/www.facebook.com\/Tanzzzo\/\" \/>\n<meta property=\"article:modified_time\" content=\"2023-03-07T12:28:57+00:00\" \/>\n<meta property=\"og:image\" content=\"https:\/\/tanzzo.com\/wp-content\/uploads\/2022\/07\/Bronzer-belo_ozadje-800x800.png\" \/>\n\t<meta property=\"og:image:width\" content=\"800\" \/>\n\t<meta property=\"og:image:height\" content=\"800\" \/>\n\t<meta property=\"og:image:type\" content=\"image\/png\" \/>\n<meta name=\"twitter:card\" content=\"summary_large_image\" \/>\n<meta name=\"twitter:label1\" content=\"Procijenjeno vrijeme \u010ditanja\" \/>\n\t<meta name=\"twitter:data1\" content=\"1 minuta\" \/>\n<script type=\"application\/ld+json\" class=\"yoast-schema-graph\">{\"@context\":\"https:\/\/schema.org\",\"@graph\":[{\"@type\":\"WebPage\",\"@id\":\"https:\/\/tanzzo.com\/hr\/product\/bronzer\/\",\"url\":\"https:\/\/tanzzo.com\/hr\/product\/bronzer\/\",\"name\":\"Bronzer - Tanzzo\",\"isPartOf\":{\"@id\":\"https:\/\/tanzzo.com\/hr\/#website\"},\"datePublished\":\"2022-07-11T09:33:36+00:00\",\"dateModified\":\"2023-03-07T12:28:57+00:00\",\"breadcrumb\":{\"@id\":\"https:\/\/tanzzo.com\/hr\/product\/bronzer\/#breadcrumb\"},\"inLanguage\":\"hr\",\"potentialAction\":[{\"@type\":\"ReadAction\",\"target\":[\"https:\/\/tanzzo.com\/hr\/product\/bronzer\/\"]}]},{\"@type\":\"BreadcrumbList\",\"@id\":\"https:\/\/tanzzo.com\/hr\/product\/bronzer\/#breadcrumb\",\"itemListElement\":[{\"@type\":\"ListItem\",\"position\":1,\"name\":\"Home\",\"item\":\"https:\/\/tanzzo.com\/hr\/\"},{\"@type\":\"ListItem\",\"position\":2,\"name\":\"Trgovina\",\"item\":\"https:\/\/tanzzo.com\/hr\/trgovina\/\"},{\"@type\":\"ListItem\",\"position\":3,\"name\":\"Bronzer\"}]},{\"@type\":\"WebSite\",\"@id\":\"https:\/\/tanzzo.com\/hr\/#website\",\"url\":\"https:\/\/tanzzo.com\/hr\/\",\"name\":\"Tanzzo\",\"description\":\"GET YOUR PERFECT TAN\",\"publisher\":{\"@id\":\"https:\/\/tanzzo.com\/hr\/#organization\"},\"potentialAction\":[{\"@type\":\"SearchAction\",\"target\":{\"@type\":\"EntryPoint\",\"urlTemplate\":\"https:\/\/tanzzo.com\/hr\/?s={search_term_string}\"},\"query-input\":\"required name=search_term_string\"}],\"inLanguage\":\"hr\"},{\"@type\":\"Organization\",\"@id\":\"https:\/\/tanzzo.com\/hr\/#organization\",\"name\":\"Tanzzo\",\"url\":\"https:\/\/tanzzo.com\/hr\/\",\"logo\":{\"@type\":\"ImageObject\",\"inLanguage\":\"hr\",\"@id\":\"https:\/\/tanzzo.com\/hr\/#\/schema\/logo\/image\/\",\"url\":\"https:\/\/tanzzo.com\/wp-content\/uploads\/2021\/08\/tanzzo1.png\",\"contentUrl\":\"https:\/\/tanzzo.com\/wp-content\/uploads\/2021\/08\/tanzzo1.png\",\"width\":2560,\"height\":426,\"caption\":\"Tanzzo\"},\"image\":{\"@id\":\"https:\/\/tanzzo.com\/hr\/#\/schema\/logo\/image\/\"},\"sameAs\":[\"https:\/\/www.facebook.com\/Tanzzzo\/\",\"https:\/\/www.instagram.com\/tanzzo_original\/\"]}]}<\/script>\n<!-- \/ Yoast SEO plugin. -->","yoast_head_json":{"title":"Bronzer - Tanzzo","robots":{"index":"index","follow":"follow","max-snippet":"max-snippet:-1","max-image-preview":"max-image-preview:large","max-video-preview":"max-video-preview:-1"},"canonical":"https:\/\/tanzzo.com\/hr\/product\/bronzer\/","og_locale":"hr_HR","og_type":"article","og_title":"Bronzer - Tanzzo","og_description":"Tanzzo Bronzer pru\u017ea savr\u0161enu kombinaciju hidratacije, formule koja se brzo upija i sloja apsolutno idealne bronce. Ovo bogato, rasko\u0161no ulje za tijelo \u010dini ko\u017eu svilenkasto mekom na dodir i daje joj blagi miris kokosa. Ulje vla\u017ei ko\u017eu, daje joj divan sjaj i ujedna\u010dava je te je najbolji poja\u010diva\u010d boje koji \u0107ete ikada koristiti.  Tanzzo Bronzer je kao zadivljuju\u0107a preplanulost zatvorena u bo\u010dici.   Iluminiraju\u0107i bron\u010dani sjaj  Rasko\u0161na i lagana formula  Tropski miris kokosa  Hidratantna formula  Pogodan za sve prilike","og_url":"https:\/\/tanzzo.com\/hr\/product\/bronzer\/","og_site_name":"Tanzzo","article_publisher":"https:\/\/www.facebook.com\/Tanzzzo\/","article_modified_time":"2023-03-07T12:28:57+00:00","og_image":[{"width":800,"height":800,"url":"https:\/\/tanzzo.com\/wp-content\/uploads\/2022\/07\/Bronzer-belo_ozadje-800x800.png","type":"image\/png"}],"twitter_card":"summary_large_image","twitter_misc":{"Procijenjeno vrijeme \u010ditanja":"1 minuta"},"schema":{"@context":"https:\/\/schema.org","@graph":[{"@type":"WebPage","@id":"https:\/\/tanzzo.com\/hr\/product\/bronzer\/","url":"https:\/\/tanzzo.com\/hr\/product\/bronzer\/","name":"Bronzer - Tanzzo","isPartOf":{"@id":"https:\/\/tanzzo.com\/hr\/#website"},"datePublished":"2022-07-11T09:33:36+00:00","dateModified":"2023-03-07T12:28:57+00:00","breadcrumb":{"@id":"https:\/\/tanzzo.com\/hr\/product\/bronzer\/#breadcrumb"},"inLanguage":"hr","potentialAction":[{"@type":"ReadAction","target":["https:\/\/tanzzo.com\/hr\/product\/bronzer\/"]}]},{"@type":"BreadcrumbList","@id":"https:\/\/tanzzo.com\/hr\/product\/bronzer\/#breadcrumb","itemListElement":[{"@type":"ListItem","position":1,"name":"Home","item":"https:\/\/tanzzo.com\/hr\/"},{"@type":"ListItem","position":2,"name":"Trgovina","item":"https:\/\/tanzzo.com\/hr\/trgovina\/"},{"@type":"ListItem","position":3,"name":"Bronzer"}]},{"@type":"WebSite","@id":"https:\/\/tanzzo.com\/hr\/#website","url":"https:\/\/tanzzo.com\/hr\/","name":"Tanzzo","description":"GET YOUR PERFECT TAN","publisher":{"@id":"https:\/\/tanzzo.com\/hr\/#organization"},"potentialAction":[{"@type":"SearchAction","target":{"@type":"EntryPoint","urlTemplate":"https:\/\/tanzzo.com\/hr\/?s={search_term_string}"},"query-input":"required name=search_term_string"}],"inLanguage":"hr"},{"@type":"Organization","@id":"https:\/\/tanzzo.com\/hr\/#organization","name":"Tanzzo","url":"https:\/\/tanzzo.com\/hr\/","logo":{"@type":"ImageObject","inLanguage":"hr","@id":"https:\/\/tanzzo.com\/hr\/#\/schema\/logo\/image\/","url":"https:\/\/tanzzo.com\/wp-content\/uploads\/2021\/08\/tanzzo1.png","contentUrl":"https:\/\/tanzzo.com\/wp-content\/uploads\/2021\/08\/tanzzo1.png","width":2560,"height":426,"caption":"Tanzzo"},"image":{"@id":"https:\/\/tanzzo.com\/hr\/#\/schema\/logo\/image\/"},"sameAs":["https:\/\/www.facebook.com\/Tanzzzo\/","https:\/\/www.instagram.com\/tanzzo_original\/"]}]}},"_links":{"self":[{"href":"https:\/\/tanzzo.com\/hr\/wp-json\/wp\/v2\/product\/13048","targetHints":{"allow":["GET"]}}],"collection":[{"href":"https:\/\/tanzzo.com\/hr\/wp-json\/wp\/v2\/product"}],"about":[{"href":"https:\/\/tanzzo.com\/hr\/wp-json\/wp\/v2\/types\/product"}],"wp:featuredmedia":[{"embeddable":true,"href":"https:\/\/tanzzo.com\/hr\/wp-json\/wp\/v2\/media\/13098"}],"wp:attachment":[{"href":"https:\/\/tanzzo.com\/hr\/wp-json\/wp\/v2\/media?parent=13048"}],"wp:term":[{"taxonomy":"product_cat","embeddable":true,"href":"https:\/\/tanzzo.com\/hr\/wp-json\/wp\/v2\/product_cat?post=13048"},{"taxonomy":"product_tag","embeddable":true,"href":"https:\/\/tanzzo.com\/hr\/wp-json\/wp\/v2\/product_tag?post=13048"}],"curies":[{"name":"wp","href":"https:\/\/api.w.org\/{rel}","templated":true}]}}