
{"id":3680,"date":"2022-04-13T12:01:14","date_gmt":"2022-04-13T10:01:14","guid":{"rendered":"https:\/\/tanzzo.com\/?page_id=3680"},"modified":"2022-04-13T12:01:14","modified_gmt":"2022-04-13T10:01:14","slug":"collab-with-us","status":"publish","type":"page","link":"https:\/\/tanzzo.com\/hr\/collab-with-us\/","title":{"rendered":"Collab with us"},"content":{"rendered":"\t<section class=\"section\" id=\"section_1192849039\">\n\t\t<div class=\"bg section-bg fill bg-fill  bg-loaded\" >\n\n\t\t\t\n\t\t\t\n\t\t\t\n\n\t\t<\/div>\n\n\t\t\n\n\t\t<div class=\"section-content relative\">\n\t\t\t\n<div class=\"row\" style=\"max-width:1289px\" id=\"row-396436493\">\n\n\t<div id=\"col-1001458052\" class=\"col medium-2 small-12 large-2\"  >\n\t\t\t\t<div class=\"col-inner\"  >\n\t\t\t\n\t\t\t\n<div class=\"is-divider divider clearfix\" style=\"margin-top:2em;margin-bottom:2em;max-width:100%;height:1px;background-color:rgb(0, 0, 0);\"><\/div>\n\t\t<\/div>\n\t\t\t\t\t<\/div>\n\n\t\n\n\t<div id=\"col-1552859737\" class=\"col medium-8 small-12 large-8\"  >\n\t\t\t\t<div class=\"col-inner text-center\"  >\n\t\t\t\n\t\t\t\n\t<div id=\"text-1441443041\" class=\"text\">\n\t\t\n<h2 style=\"text-transform: uppercase;\">COLLAB WITH US<\/h2>\n\t\t\n<style>\n#text-1441443041 {\n  font-size: 1.6rem;\n  text-align: center;\n}\n<\/style>\n\t<\/div>\n\t\n\t\t<\/div>\n\t\t\t\t\t<\/div>\n\n\t\n\n\t<div id=\"col-1333517495\" class=\"col medium-2 small-12 large-2\"  >\n\t\t\t\t<div class=\"col-inner\"  >\n\t\t\t\n\t\t\t\n<div class=\"is-divider divider clearfix\" style=\"margin-top:2em;margin-bottom:2em;max-width:100%;height:1px;background-color:rgb(0, 0, 0);\"><\/div>\n\t\t<\/div>\n\t\t\t\t\t<\/div>\n\n\t\n<\/div>\n\t<div id=\"gap-1224308126\" class=\"gap-element clearfix\" style=\"display:block; height:auto;\">\n\t\t\n<style>\n#gap-1224308126 {\n  padding-top: 30px;\n}\n<\/style>\n\t<\/div>\n\t\n<div class=\"row align-middle\" style=\"max-width:1289px\" id=\"row-2059341267\">\n\n\t<div id=\"col-1216090010\" class=\"col small-12 large-12\"  >\n\t\t\t\t<div class=\"col-inner\"  >\n\t\t\t\n\t\t\t\n<p><span style=\"font-weight: 400;\">Hey babe!\u00a0<\/span><\/p>\n<p><span style=\"font-weight: 400;\">Are you pursuing your dreams to become a model or influencer interested in collaborating with us? Are you the ultimate tan lover?\u00a0<\/span><\/p>\n<p><b><i>Whether you are instagrammer, vlogger, blogger or just a loyal customer, we would love to collab with you through social media!\u00a0<\/i><\/b><\/p>\n<p><span style=\"font-weight: 400;\">After signing up, we will take the time to review your application. If we believe there&#8217;s a connection, you will receive an email with a collab offer.<\/span><\/p>\n<p><b>IF\u00a0 YOU FEEL THE VIBE, EXPRESS YOUR INTEREST BY COMPLETING THIS FORM <\/b><b>\u2661<\/b><\/p>\n<p><span style=\"font-weight: 400;\">Please note: multiple submissions will not increase your chance of being contacted. We&#8217;ll sure get in touch if we see a good fit!<\/span><\/p>\n\n<div class=\"wpcf7 no-js\" id=\"wpcf7-f4573-o1\" lang=\"hr\" dir=\"ltr\">\n<div class=\"screen-reader-response\"><p role=\"status\" aria-live=\"polite\" aria-atomic=\"true\"><\/p> <ul><\/ul><\/div>\n<form action=\"\/hr\/wp-json\/wp\/v2\/pages\/3680#wpcf7-f4573-o1\" method=\"post\" class=\"wpcf7-form init\" aria-label=\"Kontakt obrazac\" novalidate=\"novalidate\" data-status=\"init\">\n<div style=\"display: none;\">\n<input type=\"hidden\" name=\"_wpcf7\" value=\"4573\" \/>\n<input type=\"hidden\" name=\"_wpcf7_version\" value=\"5.7.6\" \/>\n<input type=\"hidden\" name=\"_wpcf7_locale\" value=\"hr\" \/>\n<input type=\"hidden\" name=\"_wpcf7_unit_tag\" value=\"wpcf7-f4573-o1\" \/>\n<input type=\"hidden\" name=\"_wpcf7_container_post\" value=\"0\" \/>\n<input type=\"hidden\" name=\"_wpcf7_posted_data_hash\" value=\"\" \/>\n<input type=\"hidden\" name=\"_wpcf7_recaptcha_response\" value=\"\" \/>\n<\/div>\n<div class=\"collab-form\">\n\t<p><label><span class=\"wpcf7-form-control-wrap\" data-name=\"your-email\"><input size=\"40\" class=\"wpcf7-form-control wpcf7-text wpcf7-email wpcf7-validates-as-required wpcf7-validates-as-email\" aria-required=\"true\" aria-invalid=\"false\" placeholder=\"Koja je tvoja e-mail adresa? *\" value=\"\" type=\"email\" name=\"your-email\" \/><\/span><\/label>\n\t<\/p>\n\t<p><label><span class=\"wpcf7-form-control-wrap\" data-name=\"your-name\"><input size=\"40\" class=\"wpcf7-form-control wpcf7-text wpcf7-validates-as-required\" aria-required=\"true\" aria-invalid=\"false\" placeholder=\"Koje je tvoje ime i prezime?\u2764\ufe0f *\" value=\"\" type=\"text\" name=\"your-name\" \/><\/span> <\/label>\n\t<\/p>\n\t<p><label><span class=\"wpcf7-form-control-wrap\" data-name=\"country\"><input size=\"40\" class=\"wpcf7-form-control wpcf7-text wpcf7-validates-as-required\" aria-required=\"true\" aria-invalid=\"false\" placeholder=\"Odakle si? *\" value=\"\" type=\"text\" name=\"country\" \/><\/span> <\/label>\n\t<\/p>\n\t<p><label>Na kojoj si platformi aktivna? *<br \/>\n<span class=\"wpcf7-form-control-wrap\" data-name=\"platform\"><select class=\"wpcf7-form-control wpcf7-select wpcf7-validates-as-required\" aria-required=\"true\" aria-invalid=\"false\" name=\"platform\"><option value=\"Instagram\">Instagram<\/option><option value=\"TikTok\">TikTok<\/option><option value=\"YouTube\">YouTube<\/option><option value=\"Other\">Other<\/option><\/select><\/span><\/label>\n\t<\/p>\n\t<p><label><span class=\"wpcf7-form-control-wrap\" data-name=\"handle\"><input size=\"40\" class=\"wpcf7-form-control wpcf7-text wpcf7-validates-as-required\" aria-required=\"true\" aria-invalid=\"false\" placeholder=\"Koje je tvoje korisni\u010dko ime na Instagramu\/TikToku\/YouTubeu? *\" value=\"\" type=\"text\" name=\"handle\" \/><\/span> <\/label>\n\t<\/p>\n\t<p><label>\u0160to je u fokusu na tvojoj platformi? \u2764\ufe0f *<br \/>\n<span class=\"wpcf7-form-control-wrap\" data-name=\"focus\"><select class=\"wpcf7-form-control wpcf7-select wpcf7-validates-as-required\" aria-required=\"true\" aria-invalid=\"false\" name=\"focus\"><option value=\"Moda\">Moda<\/option><option value=\"Foodie\">Foodie<\/option><option value=\"Fitnes\">Fitnes<\/option><option value=\"\u017divotni stil\">\u017divotni stil<\/option><option value=\"Drugo\">Drugo<\/option><\/select><\/span><\/label>\n\t<\/p>\n\t<p><label>Koliko pratitelja ima\u0161 na Instagramu<br \/>\n<span class=\"wpcf7-form-control-wrap\" data-name=\"followers\"><select class=\"wpcf7-form-control wpcf7-select wpcf7-validates-as-required\" aria-required=\"true\" aria-invalid=\"false\" name=\"followers\"><option value=\"500 - 1K\">500 - 1K<\/option><option value=\"1K - 3K\">1K - 3K<\/option><option value=\"3K - 6K\">3K - 6K<\/option><option value=\"6K - 10K\">6K - 10K<\/option><option value=\"10K - 20K\">10K - 20K<\/option><option value=\"40K - 80K\">40K - 80K<\/option><option value=\"80K - 100K\">80K - 100K<\/option><option value=\"100K - 500K\">100K - 500K<\/option><option value=\"500K - 1 MILION\">500K - 1 MILION<\/option><option value=\"OVER 1 MILION\">OVER 1 MILION<\/option><\/select><\/span><\/label>\n\t<\/p>\n\t<p><label><span class=\"wpcf7-form-control-wrap\" data-name=\"your-message\"><textarea cols=\"40\" rows=\"10\" class=\"wpcf7-form-control wpcf7-textarea wpcf7-validates-as-required\" aria-required=\"true\" aria-invalid=\"false\" placeholder=\"\u0160to bi mogla donijeti na\u0161oj obitelji TANZZO? Kako bi \u017eeljela promovirati na\u0161 proizvod? \u2764\ufe0f *\" name=\"your-message\"><\/textarea><\/span> <\/label>\n\t<\/p>\n\t<p><input class=\"wpcf7-form-control has-spinner wpcf7-submit\" type=\"submit\" value=\"PO\u0160ALJI\" \/>\n\t<\/p>\n<\/div><div class=\"wpcf7-response-output\" aria-hidden=\"true\"><\/div>\n<\/form>\n<\/div>\n\n\t\t<\/div>\n\t\t\t\t\t<\/div>\n\n\t\n<\/div>\n\t\t<\/div>\n\n\t\t\n<style>\n#section_1192849039 {\n  padding-top: 100px;\n  padding-bottom: 100px;\n}\n#section_1192849039 .ux-shape-divider--top svg {\n  height: 150px;\n  --divider-top-width: 100%;\n}\n#section_1192849039 .ux-shape-divider--bottom svg {\n  height: 150px;\n  --divider-width: 100%;\n}\n<\/style>\n\t<\/section>\n\t\n","protected":false},"excerpt":{"rendered":"","protected":false},"author":1,"featured_media":0,"parent":0,"menu_order":0,"comment_status":"closed","ping_status":"closed","template":"page-blank.php","meta":{"footnotes":""},"class_list":["post-3680","page","type-page","status-publish","hentry"],"acf":[],"yoast_head":"<!-- This site is optimized with the Yoast SEO plugin v20.8 - https:\/\/yoast.com\/wordpress\/plugins\/seo\/ -->\n<title>Collab with us - Tanzzo<\/title>\n<meta name=\"robots\" content=\"index, follow, max-snippet:-1, max-image-preview:large, max-video-preview:-1\" \/>\n<link rel=\"canonical\" href=\"https:\/\/tanzzo.com\/hr\/collab-with-us\/\" \/>\n<meta property=\"og:locale\" content=\"hr_HR\" \/>\n<meta property=\"og:type\" content=\"article\" \/>\n<meta property=\"og:title\" content=\"Collab with us - Tanzzo\" \/>\n<meta property=\"og:url\" content=\"https:\/\/tanzzo.com\/hr\/collab-with-us\/\" \/>\n<meta property=\"og:site_name\" content=\"Tanzzo\" \/>\n<meta property=\"article:publisher\" content=\"https:\/\/www.facebook.com\/Tanzzzo\/\" \/>\n<meta name=\"twitter:card\" content=\"summary_large_image\" \/>\n<meta name=\"twitter:label1\" content=\"Procijenjeno vrijeme \u010ditanja\" \/>\n\t<meta name=\"twitter:data1\" content=\"1 minuta\" \/>\n<script type=\"application\/ld+json\" class=\"yoast-schema-graph\">{\"@context\":\"https:\/\/schema.org\",\"@graph\":[{\"@type\":\"WebPage\",\"@id\":\"https:\/\/tanzzo.com\/hr\/collab-with-us\/\",\"url\":\"https:\/\/tanzzo.com\/hr\/collab-with-us\/\",\"name\":\"Collab with us - Tanzzo\",\"isPartOf\":{\"@id\":\"https:\/\/tanzzo.com\/hr\/#website\"},\"datePublished\":\"2022-04-13T10:01:14+00:00\",\"dateModified\":\"2022-04-13T10:01:14+00:00\",\"breadcrumb\":{\"@id\":\"https:\/\/tanzzo.com\/hr\/collab-with-us\/#breadcrumb\"},\"inLanguage\":\"hr\",\"potentialAction\":[{\"@type\":\"ReadAction\",\"target\":[\"https:\/\/tanzzo.com\/hr\/collab-with-us\/\"]}]},{\"@type\":\"BreadcrumbList\",\"@id\":\"https:\/\/tanzzo.com\/hr\/collab-with-us\/#breadcrumb\",\"itemListElement\":[{\"@type\":\"ListItem\",\"position\":1,\"name\":\"Home\",\"item\":\"https:\/\/tanzzo.com\/hr\/\"},{\"@type\":\"ListItem\",\"position\":2,\"name\":\"Collab with us\"}]},{\"@type\":\"WebSite\",\"@id\":\"https:\/\/tanzzo.com\/hr\/#website\",\"url\":\"https:\/\/tanzzo.com\/hr\/\",\"name\":\"Tanzzo\",\"description\":\"GET YOUR PERFECT TAN\",\"publisher\":{\"@id\":\"https:\/\/tanzzo.com\/hr\/#organization\"},\"potentialAction\":[{\"@type\":\"SearchAction\",\"target\":{\"@type\":\"EntryPoint\",\"urlTemplate\":\"https:\/\/tanzzo.com\/hr\/?s={search_term_string}\"},\"query-input\":\"required name=search_term_string\"}],\"inLanguage\":\"hr\"},{\"@type\":\"Organization\",\"@id\":\"https:\/\/tanzzo.com\/hr\/#organization\",\"name\":\"Tanzzo\",\"url\":\"https:\/\/tanzzo.com\/hr\/\",\"logo\":{\"@type\":\"ImageObject\",\"inLanguage\":\"hr\",\"@id\":\"https:\/\/tanzzo.com\/hr\/#\/schema\/logo\/image\/\",\"url\":\"https:\/\/tanzzo.com\/wp-content\/uploads\/2021\/08\/tanzzo1.png\",\"contentUrl\":\"https:\/\/tanzzo.com\/wp-content\/uploads\/2021\/08\/tanzzo1.png\",\"width\":2560,\"height\":426,\"caption\":\"Tanzzo\"},\"image\":{\"@id\":\"https:\/\/tanzzo.com\/hr\/#\/schema\/logo\/image\/\"},\"sameAs\":[\"https:\/\/www.facebook.com\/Tanzzzo\/\",\"https:\/\/www.instagram.com\/tanzzo_original\/\"]}]}<\/script>\n<!-- \/ Yoast SEO plugin. -->","yoast_head_json":{"title":"Collab with us - Tanzzo","robots":{"index":"index","follow":"follow","max-snippet":"max-snippet:-1","max-image-preview":"max-image-preview:large","max-video-preview":"max-video-preview:-1"},"canonical":"https:\/\/tanzzo.com\/hr\/collab-with-us\/","og_locale":"hr_HR","og_type":"article","og_title":"Collab with us - Tanzzo","og_url":"https:\/\/tanzzo.com\/hr\/collab-with-us\/","og_site_name":"Tanzzo","article_publisher":"https:\/\/www.facebook.com\/Tanzzzo\/","twitter_card":"summary_large_image","twitter_misc":{"Procijenjeno vrijeme \u010ditanja":"1 minuta"},"schema":{"@context":"https:\/\/schema.org","@graph":[{"@type":"WebPage","@id":"https:\/\/tanzzo.com\/hr\/collab-with-us\/","url":"https:\/\/tanzzo.com\/hr\/collab-with-us\/","name":"Collab with us - Tanzzo","isPartOf":{"@id":"https:\/\/tanzzo.com\/hr\/#website"},"datePublished":"2022-04-13T10:01:14+00:00","dateModified":"2022-04-13T10:01:14+00:00","breadcrumb":{"@id":"https:\/\/tanzzo.com\/hr\/collab-with-us\/#breadcrumb"},"inLanguage":"hr","potentialAction":[{"@type":"ReadAction","target":["https:\/\/tanzzo.com\/hr\/collab-with-us\/"]}]},{"@type":"BreadcrumbList","@id":"https:\/\/tanzzo.com\/hr\/collab-with-us\/#breadcrumb","itemListElement":[{"@type":"ListItem","position":1,"name":"Home","item":"https:\/\/tanzzo.com\/hr\/"},{"@type":"ListItem","position":2,"name":"Collab with us"}]},{"@type":"WebSite","@id":"https:\/\/tanzzo.com\/hr\/#website","url":"https:\/\/tanzzo.com\/hr\/","name":"Tanzzo","description":"GET YOUR PERFECT TAN","publisher":{"@id":"https:\/\/tanzzo.com\/hr\/#organization"},"potentialAction":[{"@type":"SearchAction","target":{"@type":"EntryPoint","urlTemplate":"https:\/\/tanzzo.com\/hr\/?s={search_term_string}"},"query-input":"required name=search_term_string"}],"inLanguage":"hr"},{"@type":"Organization","@id":"https:\/\/tanzzo.com\/hr\/#organization","name":"Tanzzo","url":"https:\/\/tanzzo.com\/hr\/","logo":{"@type":"ImageObject","inLanguage":"hr","@id":"https:\/\/tanzzo.com\/hr\/#\/schema\/logo\/image\/","url":"https:\/\/tanzzo.com\/wp-content\/uploads\/2021\/08\/tanzzo1.png","contentUrl":"https:\/\/tanzzo.com\/wp-content\/uploads\/2021\/08\/tanzzo1.png","width":2560,"height":426,"caption":"Tanzzo"},"image":{"@id":"https:\/\/tanzzo.com\/hr\/#\/schema\/logo\/image\/"},"sameAs":["https:\/\/www.facebook.com\/Tanzzzo\/","https:\/\/www.instagram.com\/tanzzo_original\/"]}]}},"_links":{"self":[{"href":"https:\/\/tanzzo.com\/hr\/wp-json\/wp\/v2\/pages\/3680","targetHints":{"allow":["GET"]}}],"collection":[{"href":"https:\/\/tanzzo.com\/hr\/wp-json\/wp\/v2\/pages"}],"about":[{"href":"https:\/\/tanzzo.com\/hr\/wp-json\/wp\/v2\/types\/page"}],"author":[{"embeddable":true,"href":"https:\/\/tanzzo.com\/hr\/wp-json\/wp\/v2\/users\/1"}],"replies":[{"embeddable":true,"href":"https:\/\/tanzzo.com\/hr\/wp-json\/wp\/v2\/comments?post=3680"}],"version-history":[{"count":2,"href":"https:\/\/tanzzo.com\/hr\/wp-json\/wp\/v2\/pages\/3680\/revisions"}],"predecessor-version":[{"id":4899,"href":"https:\/\/tanzzo.com\/hr\/wp-json\/wp\/v2\/pages\/3680\/revisions\/4899"}],"wp:attachment":[{"href":"https:\/\/tanzzo.com\/hr\/wp-json\/wp\/v2\/media?parent=3680"}],"curies":[{"name":"wp","href":"https:\/\/api.w.org\/{rel}","templated":true}]}}