
{"id":3306,"date":"2022-04-13T11:08:24","date_gmt":"2022-04-13T09:08:24","guid":{"rendered":"https:\/\/tanzzo.com\/?page_id=3306"},"modified":"2022-05-12T14:32:49","modified_gmt":"2022-05-12T12:32:49","slug":"about-tanzzo","status":"publish","type":"page","link":"https:\/\/tanzzo.com\/hr\/about-tanzzo\/","title":{"rendered":"About Tanzzo"},"content":{"rendered":"\t<section class=\"section\" id=\"section_528798362\">\n\t\t<div class=\"bg section-bg fill bg-fill  bg-loaded\" >\n\n\t\t\t\n\t\t\t\n\t\t\t\n\n\t\t<\/div>\n\n\t\t\n\n\t\t<div class=\"section-content relative\">\n\t\t\t\n<div class=\"row\" style=\"max-width:1289px\" id=\"row-2134638852\">\n\n\t<div id=\"col-1541078592\" class=\"col medium-2 small-12 large-2\"  >\n\t\t\t\t<div class=\"col-inner\"  >\n\t\t\t\n\t\t\t\n<div class=\"is-divider divider clearfix\" style=\"margin-top:2em;margin-bottom:2em;max-width:100%;height:1px;background-color:rgb(0, 0, 0);\"><\/div>\n\t\t<\/div>\n\t\t\t\t\t<\/div>\n\n\t\n\n\t<div id=\"col-1065567294\" class=\"col medium-8 small-12 large-8\"  >\n\t\t\t\t<div class=\"col-inner text-center\"  >\n\t\t\t\n\t\t\t\n\t<div id=\"text-2141290200\" class=\"text\">\n\t\t\n<h2 style=\"text-transform: uppercase;\">O TANZZU<\/h2>\n\t\t\n<style>\n#text-2141290200 {\n  font-size: 1.6rem;\n  text-align: center;\n}\n<\/style>\n\t<\/div>\n\t\n\t\t<\/div>\n\t\t\t\t\t<\/div>\n\n\t\n\n\t<div id=\"col-356410513\" class=\"col medium-2 small-12 large-2\"  >\n\t\t\t\t<div class=\"col-inner\"  >\n\t\t\t\n\t\t\t\n<div class=\"is-divider divider clearfix\" style=\"margin-top:2em;margin-bottom:2em;max-width:100%;height:1px;background-color:rgb(0, 0, 0);\"><\/div>\n\t\t<\/div>\n\t\t\t\t\t<\/div>\n\n\t\n<\/div>\n\t<div id=\"gap-1824065787\" class=\"gap-element clearfix\" style=\"display:block; height:auto;\">\n\t\t\n<style>\n#gap-1824065787 {\n  padding-top: 30px;\n}\n<\/style>\n\t<\/div>\n\t\n<div class=\"row align-middle\" style=\"max-width:1289px\" id=\"row-1759330313\">\n\n\t<div id=\"col-1410370438\" class=\"col small-12 large-12\"  >\n\t\t\t\t<div class=\"col-inner\"  >\n\t\t\t\n\t\t\t\n<p>Sve je po\u010delo tako \u0161to su mladi i ambiciozni poduzetnici udru\u017eili snage kako bi podr\u017eali \u017eene te im pru\u017eili vrhunske i otmjene proizvode na podru\u010dju osobne njege i njege ko\u017ee.<\/p>\n<p>TANZZO je kozmeti\u010dki brend koji nastoji proizvoditi visokokvalitetnu kozmetiku i proizvode za tamnjenje. Stvorili smo formulu koriste\u0107i nekoliko klju\u010dnih i ekskluzivnih sastojaka koji hrane ko\u017eu i \u010dine je blistavom. Svi su proizvodi razvijeni i proizvedeni unutar tvrtke. To nam omogu\u0107uje da pru\u017eimo najvi\u0161u kvalitetu, jer imamo potpunu kontrolu sve od same ideje pa do gotovog proizvoda. Prilikom stvaranja proizvoda uva\u017eavamo mi\u0161ljenja \u017eena razli\u010dite dobi, koje sura\u0111uju s nama i vode nas prema stvaranju osna\u017euju\u0107e kozmetike vrhunske kvalitete. Svjesni smo koliko je va\u017eno da se svatko osje\u0107a dobro u vlastitoj ko\u017ei, stoga nastojimo kreirati proizvode koji \u0107e vam pomo\u0107i da postignete zdravo samopouzdanje i zaboravite na stav \u201eosje\u0107am se lo\u0161e u svojoj ko\u017ei\u201c.<\/p>\n<p>Vjerujemo da je na\u0161a misija probuditi snagu i samopouzdanje kod bilo koga \u2661<\/p>\n\t<div id=\"gap-498909256\" class=\"gap-element clearfix\" style=\"display:block; height:auto;\">\n\t\t\n<style>\n#gap-498909256 {\n  padding-top: 30px;\n}\n<\/style>\n\t<\/div>\n\t\n<h4>Podaci o tvrtki:<\/h4>\n<p>GM WEB, trade and services d. o. o.<br \/>\nBrodi\u0161\u010de 28,<br \/>\n1236 Trzin, Slovenija<\/p>\n<h4>Porezni broj: 54700477<\/h4>\n<h4>Mati\u010dni broj: 8632081000<\/h4>\n\t\t<\/div>\n\t\t\t\t\t<\/div>\n\n\t\n<\/div>\n\t\t<\/div>\n\n\t\t\n<style>\n#section_528798362 {\n  padding-top: 100px;\n  padding-bottom: 100px;\n}\n#section_528798362 .ux-shape-divider--top svg {\n  height: 150px;\n  --divider-top-width: 100%;\n}\n#section_528798362 .ux-shape-divider--bottom svg {\n  height: 150px;\n  --divider-width: 100%;\n}\n<\/style>\n\t<\/section>\n\t\n","protected":false},"excerpt":{"rendered":"","protected":false},"author":1,"featured_media":0,"parent":0,"menu_order":0,"comment_status":"closed","ping_status":"closed","template":"page-blank.php","meta":{"footnotes":""},"class_list":["post-3306","page","type-page","status-publish","hentry"],"acf":[],"yoast_head":"<!-- This site is optimized with the Yoast SEO plugin v20.8 - https:\/\/yoast.com\/wordpress\/plugins\/seo\/ -->\n<title>About Tanzzo - Tanzzo<\/title>\n<meta name=\"robots\" content=\"index, follow, max-snippet:-1, max-image-preview:large, max-video-preview:-1\" \/>\n<link rel=\"canonical\" href=\"https:\/\/tanzzo.com\/hr\/about-tanzzo\/\" \/>\n<meta property=\"og:locale\" content=\"hr_HR\" \/>\n<meta property=\"og:type\" content=\"article\" \/>\n<meta property=\"og:title\" content=\"About Tanzzo - Tanzzo\" \/>\n<meta property=\"og:url\" content=\"https:\/\/tanzzo.com\/hr\/about-tanzzo\/\" \/>\n<meta property=\"og:site_name\" content=\"Tanzzo\" \/>\n<meta property=\"article:publisher\" content=\"https:\/\/www.facebook.com\/Tanzzzo\/\" \/>\n<meta property=\"article:modified_time\" content=\"2022-05-12T12:32:49+00:00\" \/>\n<meta name=\"twitter:card\" content=\"summary_large_image\" \/>\n<meta name=\"twitter:label1\" content=\"Procijenjeno vrijeme \u010ditanja\" \/>\n\t<meta name=\"twitter:data1\" content=\"1 minuta\" \/>\n<script type=\"application\/ld+json\" class=\"yoast-schema-graph\">{\"@context\":\"https:\/\/schema.org\",\"@graph\":[{\"@type\":\"WebPage\",\"@id\":\"https:\/\/tanzzo.com\/hr\/about-tanzzo\/\",\"url\":\"https:\/\/tanzzo.com\/hr\/about-tanzzo\/\",\"name\":\"About Tanzzo - Tanzzo\",\"isPartOf\":{\"@id\":\"https:\/\/tanzzo.com\/hr\/#website\"},\"datePublished\":\"2022-04-13T09:08:24+00:00\",\"dateModified\":\"2022-05-12T12:32:49+00:00\",\"breadcrumb\":{\"@id\":\"https:\/\/tanzzo.com\/hr\/about-tanzzo\/#breadcrumb\"},\"inLanguage\":\"hr\",\"potentialAction\":[{\"@type\":\"ReadAction\",\"target\":[\"https:\/\/tanzzo.com\/hr\/about-tanzzo\/\"]}]},{\"@type\":\"BreadcrumbList\",\"@id\":\"https:\/\/tanzzo.com\/hr\/about-tanzzo\/#breadcrumb\",\"itemListElement\":[{\"@type\":\"ListItem\",\"position\":1,\"name\":\"Home\",\"item\":\"https:\/\/tanzzo.com\/hr\/\"},{\"@type\":\"ListItem\",\"position\":2,\"name\":\"About Tanzzo\"}]},{\"@type\":\"WebSite\",\"@id\":\"https:\/\/tanzzo.com\/hr\/#website\",\"url\":\"https:\/\/tanzzo.com\/hr\/\",\"name\":\"Tanzzo\",\"description\":\"GET YOUR PERFECT TAN\",\"publisher\":{\"@id\":\"https:\/\/tanzzo.com\/hr\/#organization\"},\"potentialAction\":[{\"@type\":\"SearchAction\",\"target\":{\"@type\":\"EntryPoint\",\"urlTemplate\":\"https:\/\/tanzzo.com\/hr\/?s={search_term_string}\"},\"query-input\":\"required name=search_term_string\"}],\"inLanguage\":\"hr\"},{\"@type\":\"Organization\",\"@id\":\"https:\/\/tanzzo.com\/hr\/#organization\",\"name\":\"Tanzzo\",\"url\":\"https:\/\/tanzzo.com\/hr\/\",\"logo\":{\"@type\":\"ImageObject\",\"inLanguage\":\"hr\",\"@id\":\"https:\/\/tanzzo.com\/hr\/#\/schema\/logo\/image\/\",\"url\":\"https:\/\/tanzzo.com\/wp-content\/uploads\/2021\/08\/tanzzo1.png\",\"contentUrl\":\"https:\/\/tanzzo.com\/wp-content\/uploads\/2021\/08\/tanzzo1.png\",\"width\":2560,\"height\":426,\"caption\":\"Tanzzo\"},\"image\":{\"@id\":\"https:\/\/tanzzo.com\/hr\/#\/schema\/logo\/image\/\"},\"sameAs\":[\"https:\/\/www.facebook.com\/Tanzzzo\/\",\"https:\/\/www.instagram.com\/tanzzo_original\/\"]}]}<\/script>\n<!-- \/ Yoast SEO plugin. -->","yoast_head_json":{"title":"About Tanzzo - Tanzzo","robots":{"index":"index","follow":"follow","max-snippet":"max-snippet:-1","max-image-preview":"max-image-preview:large","max-video-preview":"max-video-preview:-1"},"canonical":"https:\/\/tanzzo.com\/hr\/about-tanzzo\/","og_locale":"hr_HR","og_type":"article","og_title":"About Tanzzo - Tanzzo","og_url":"https:\/\/tanzzo.com\/hr\/about-tanzzo\/","og_site_name":"Tanzzo","article_publisher":"https:\/\/www.facebook.com\/Tanzzzo\/","article_modified_time":"2022-05-12T12:32:49+00:00","twitter_card":"summary_large_image","twitter_misc":{"Procijenjeno vrijeme \u010ditanja":"1 minuta"},"schema":{"@context":"https:\/\/schema.org","@graph":[{"@type":"WebPage","@id":"https:\/\/tanzzo.com\/hr\/about-tanzzo\/","url":"https:\/\/tanzzo.com\/hr\/about-tanzzo\/","name":"About Tanzzo - Tanzzo","isPartOf":{"@id":"https:\/\/tanzzo.com\/hr\/#website"},"datePublished":"2022-04-13T09:08:24+00:00","dateModified":"2022-05-12T12:32:49+00:00","breadcrumb":{"@id":"https:\/\/tanzzo.com\/hr\/about-tanzzo\/#breadcrumb"},"inLanguage":"hr","potentialAction":[{"@type":"ReadAction","target":["https:\/\/tanzzo.com\/hr\/about-tanzzo\/"]}]},{"@type":"BreadcrumbList","@id":"https:\/\/tanzzo.com\/hr\/about-tanzzo\/#breadcrumb","itemListElement":[{"@type":"ListItem","position":1,"name":"Home","item":"https:\/\/tanzzo.com\/hr\/"},{"@type":"ListItem","position":2,"name":"About Tanzzo"}]},{"@type":"WebSite","@id":"https:\/\/tanzzo.com\/hr\/#website","url":"https:\/\/tanzzo.com\/hr\/","name":"Tanzzo","description":"GET YOUR PERFECT TAN","publisher":{"@id":"https:\/\/tanzzo.com\/hr\/#organization"},"potentialAction":[{"@type":"SearchAction","target":{"@type":"EntryPoint","urlTemplate":"https:\/\/tanzzo.com\/hr\/?s={search_term_string}"},"query-input":"required name=search_term_string"}],"inLanguage":"hr"},{"@type":"Organization","@id":"https:\/\/tanzzo.com\/hr\/#organization","name":"Tanzzo","url":"https:\/\/tanzzo.com\/hr\/","logo":{"@type":"ImageObject","inLanguage":"hr","@id":"https:\/\/tanzzo.com\/hr\/#\/schema\/logo\/image\/","url":"https:\/\/tanzzo.com\/wp-content\/uploads\/2021\/08\/tanzzo1.png","contentUrl":"https:\/\/tanzzo.com\/wp-content\/uploads\/2021\/08\/tanzzo1.png","width":2560,"height":426,"caption":"Tanzzo"},"image":{"@id":"https:\/\/tanzzo.com\/hr\/#\/schema\/logo\/image\/"},"sameAs":["https:\/\/www.facebook.com\/Tanzzzo\/","https:\/\/www.instagram.com\/tanzzo_original\/"]}]}},"_links":{"self":[{"href":"https:\/\/tanzzo.com\/hr\/wp-json\/wp\/v2\/pages\/3306","targetHints":{"allow":["GET"]}}],"collection":[{"href":"https:\/\/tanzzo.com\/hr\/wp-json\/wp\/v2\/pages"}],"about":[{"href":"https:\/\/tanzzo.com\/hr\/wp-json\/wp\/v2\/types\/page"}],"author":[{"embeddable":true,"href":"https:\/\/tanzzo.com\/hr\/wp-json\/wp\/v2\/users\/1"}],"replies":[{"embeddable":true,"href":"https:\/\/tanzzo.com\/hr\/wp-json\/wp\/v2\/comments?post=3306"}],"version-history":[{"count":2,"href":"https:\/\/tanzzo.com\/hr\/wp-json\/wp\/v2\/pages\/3306\/revisions"}],"predecessor-version":[{"id":5841,"href":"https:\/\/tanzzo.com\/hr\/wp-json\/wp\/v2\/pages\/3306\/revisions\/5841"}],"wp:attachment":[{"href":"https:\/\/tanzzo.com\/hr\/wp-json\/wp\/v2\/media?parent=3306"}],"curies":[{"name":"wp","href":"https:\/\/api.w.org\/{rel}","templated":true}]}}