
{"id":8318,"date":"2022-06-16T12:59:57","date_gmt":"2022-06-16T10:59:58","guid":{"rendered":"https:\/\/tanzzo.com\/?post_type=product&#038;p=8318"},"modified":"2022-07-01T12:06:53","modified_gmt":"2022-07-01T10:06:53","slug":"tanning-cream-after-sun","status":"publish","type":"product","link":"https:\/\/tanzzo.com\/cz\/product\/tanning-cream-after-sun\/","title":{"rendered":"Kr\u00e9m pro rychlej\u0161\u00ed op\u00e1len\u00ed &#8211; 200ml"},"content":{"rendered":"<div class=\"row row-collapse row-full-width\"  id=\"row-1143100105\">\n\n\t<div id=\"col-1038433748\" class=\"col small-12 large-12\"  >\n\t\t\t\t<div class=\"col-inner\"  >\n\t\t\t\n\t\t\t\n<div class=\"row row-collapse row-full-width align-middle\"  id=\"row-1343776453\">\n\n\t<div id=\"col-1680397128\" class=\"col medium-6 small-12 large-8\"  >\n\t\t\t\t<div class=\"col-inner\"  >\n\t\t\t\n\t\t\t\n\n  <div class=\"banner has-hover\" id=\"banner-1617317575\">\n          <div class=\"banner-inner fill\">\n        <div class=\"banner-bg fill\" >\n            <div class=\"bg fill bg-fill \"><\/div>\n                                    \n                    <\/div>\n\t\t\n        <div class=\"banner-layers container\">\n            <div class=\"fill banner-link\"><\/div>            \n        <\/div>\n      <\/div>\n\n            \n<style>\n#banner-1617317575 {\n  padding-top: 200px;\n  background-color: rgb(245, 245, 245);\n}\n#banner-1617317575 .bg.bg-loaded {\n  background-image: url(https:\/\/tanzzo.com\/wp-content\/uploads\/2022\/04\/DSC_2873_20-_20new-1400x575.jpg);\n}\n#banner-1617317575 .bg {\n  background-position: 83% 66%;\n}\n#banner-1617317575 .ux-shape-divider--top svg {\n  height: 150px;\n  --divider-top-width: 100%;\n}\n#banner-1617317575 .ux-shape-divider--bottom svg {\n  height: 150px;\n  --divider-width: 100%;\n}\n@media (min-width:550px) {\n  #banner-1617317575 {\n    padding-top: 460px;\n  }\n}\n<\/style>\n  <\/div>\n\n\n\t\t<\/div>\n\t\t\t\t\t<\/div>\n\n\t\n\n\t<div id=\"col-1105964645\" class=\"col pb-0 medium-6 small-12 large-4\"  >\n\t\t\t\t<div class=\"col-inner\"  >\n\t\t\t\n\t\t\t\n<div class=\"row row-collapse\"  id=\"row-1715205993\">\n\n\t<div id=\"col-1565353240\" class=\"col pb-0 large-12\"  >\n\t\t\t\t<div class=\"col-inner text-left\" style=\"background-color:rgb(255,255,255);\" >\n\t\t\t\n\t\t\t\n<ul class=\"orange-dots\">\n<li>Zajist\u00ed rychl\u00e9 op\u00e1len\u00ed<\/li>\n<li>Vy\u017eivuje a hydratuje<\/li>\n<li>Uchov\u00e1v\u00e1 kr\u00e1sn\u00e9 op\u00e1len\u00ed po dlouhou dobu<\/li>\n<li>Rychle se vst\u0159eb\u00e1v\u00e1 do poko\u017eky a nezanech\u00e1v\u00e1 fleky<\/li>\n<li>P\u0159i kontaktu s poko\u017ekou vyvol\u00e1v\u00e1 hladiv\u00fd pocit<\/li>\n<li>M\u00e1 sv\u016fdnou tropickou v\u016fni<\/li>\n<\/ul>\n\t<div id=\"gap-1151436393\" class=\"gap-element clearfix\" style=\"display:block; height:auto;\">\n\t\t\n<style>\n#gap-1151436393 {\n  padding-top: 30px;\n}\n<\/style>\n\t<\/div>\n\t\n<a href=\"#price-box-container\" target=\"_self\" class=\"button primary is-large\"  >\n    <span>NAKUPTE NYN\u00cd<\/span>\n  <\/a>\n\n\t\t<\/div>\n\t\t\t\t\n<style>\n#col-1565353240 > .col-inner {\n  margin: 0px 0px 0px 0px;\n}\n@media (min-width:550px) {\n  #col-1565353240 > .col-inner {\n    margin: 0px 0px 0px -30px;\n  }\n}\n@media (min-width:850px) {\n  #col-1565353240 > .col-inner {\n    margin: 0px 30px 0px -30px;\n  }\n}\n<\/style>\n\t<\/div>\n\n\t\n\n<style>\n#row-1715205993 > .col > .col-inner {\n  padding: 20px 20px 20px 20px;\n}\n@media (min-width:550px) {\n  #row-1715205993 > .col > .col-inner {\n    padding: 40px 40px 40px 40px;\n  }\n}\n<\/style>\n<\/div>\n\t\t<\/div>\n\t\t\t\t\t<\/div>\n\n\t\n<\/div>\n\t\t<\/div>\n\t\t\t\t\t<\/div>\n\n\t\n\n<style>\n#row-1143100105 > .col > .col-inner {\n  background-color: rgb(245, 245, 245);\n}\n<\/style>\n<\/div>\n\n\n\n","protected":false},"excerpt":{"rendered":"<p>TANZZO zajist\u00ed, \u017ee letos v l\u00e9t\u011b budete z\u00e1\u0159it jako nikdy p\u0159edt\u00edm! Byl speci\u00e1ln\u011b nam\u00edch\u00e1n tak, aby v\u00fdrazn\u011b urychlil v\u00e1\u0161 p\u0159irozen\u00fd proces opalov\u00e1n\u00ed. Vybran\u00e9 kvalitn\u00ed p\u0159\u00edsady tak\u00e9 zajist\u00ed, \u017ee va\u0161e poko\u017eka bude p\u0159ij\u00edmat \u017eiviny pot\u0159ebn\u00e9 pro p\u00e9\u010di o ple\u0165 a zdrav\u00fd vzhled.<\/p>\n<ul class=\"orange-dots\">\n<li><b>Z\u00edskejte velmi rychle kr\u00e1sn\u00e9 a p\u0159irozen\u00e9 op\u00e1len\u00ed<\/b><\/li>\n<li><strong>Nab\u00edz\u00ed va\u0161\u00ed pleti pot\u0159ebnou hydrataci a ochranu<\/strong><\/li>\n<li><strong>N\u00e1dhern\u00e1 tropick\u00e1 v\u016fn\u011b, kter\u00e1 v\u00e1s nadchne!<\/strong><\/li>\n<li><strong>Rychle se vst\u0159eb\u00e1v\u00e1 do poko\u017eky a nezanech\u00e1v\u00e1 skvrny<\/strong><\/li>\n<li><strong>Udr\u017euje kr\u00e1sn\u00e9 op\u00e1len\u00ed po del\u0161\u00ed dobu<\/strong><\/li>\n<\/ul>\n","protected":false},"featured_media":8349,"template":"","meta":[],"product_cat":[145],"product_tag":[],"class_list":["post-8318","product","type-product","status-publish","has-post-thumbnail","hentry","product_cat-uncategorized-cz"],"acf":[],"yoast_head":"<!-- This site is optimized with the Yoast SEO plugin v20.8 - https:\/\/yoast.com\/wordpress\/plugins\/seo\/ -->\n<title>Kr\u00e9m pro rychlej\u0161\u00ed op\u00e1len\u00ed - 200ml - Tanzzo<\/title>\n<meta name=\"description\" content=\"Tanzzo Tanning Cream ensures a faster and more intense tanning, yet providing your skin nutrients and moisture.\" \/>\n<meta name=\"robots\" content=\"index, follow, max-snippet:-1, max-image-preview:large, max-video-preview:-1\" \/>\n<link rel=\"canonical\" href=\"https:\/\/tanzzo.com\/cz\/product\/tanning-cream-after-sun\/\" \/>\n<meta property=\"og:locale\" content=\"cs_CZ\" \/>\n<meta property=\"og:type\" content=\"article\" \/>\n<meta property=\"og:title\" content=\"Kr\u00e9m pro rychlej\u0161\u00ed op\u00e1len\u00ed - 200ml - Tanzzo\" \/>\n<meta property=\"og:description\" content=\"Tanzzo Tanning Cream ensures a faster and more intense tanning, yet providing your skin nutrients and moisture.\" \/>\n<meta property=\"og:url\" content=\"https:\/\/tanzzo.com\/cz\/product\/tanning-cream-after-sun\/\" \/>\n<meta property=\"og:site_name\" content=\"Tanzzo\" \/>\n<meta property=\"article:publisher\" content=\"https:\/\/www.facebook.com\/Tanzzzo\/\" \/>\n<meta property=\"article:modified_time\" content=\"2022-07-01T10:06:53+00:00\" \/>\n<meta property=\"og:image\" content=\"https:\/\/tanzzo.com\/wp-content\/uploads\/2022\/06\/cz-after-sun.png\" \/>\n\t<meta property=\"og:image:width\" content=\"1080\" \/>\n\t<meta property=\"og:image:height\" content=\"1080\" \/>\n\t<meta property=\"og:image:type\" content=\"image\/png\" \/>\n<meta name=\"twitter:card\" content=\"summary_large_image\" \/>\n<meta name=\"twitter:label1\" content=\"Odhadovan\u00e1 doba \u010dten\u00ed\" \/>\n\t<meta name=\"twitter:data1\" content=\"5 minut\" \/>\n<script type=\"application\/ld+json\" class=\"yoast-schema-graph\">{\"@context\":\"https:\/\/schema.org\",\"@graph\":[{\"@type\":\"WebPage\",\"@id\":\"https:\/\/tanzzo.com\/cz\/product\/tanning-cream-after-sun\/\",\"url\":\"https:\/\/tanzzo.com\/cz\/product\/tanning-cream-after-sun\/\",\"name\":\"Kr\u00e9m pro rychlej\u0161\u00ed op\u00e1len\u00ed - 200ml - Tanzzo\",\"isPartOf\":{\"@id\":\"https:\/\/tanzzo.com\/cz\/#website\"},\"datePublished\":\"2022-06-16T10:59:58+00:00\",\"dateModified\":\"2022-07-01T10:06:53+00:00\",\"description\":\"Tanzzo Tanning Cream ensures a faster and more intense tanning, yet providing your skin nutrients and moisture.\",\"breadcrumb\":{\"@id\":\"https:\/\/tanzzo.com\/cz\/product\/tanning-cream-after-sun\/#breadcrumb\"},\"inLanguage\":\"cs\",\"potentialAction\":[{\"@type\":\"ReadAction\",\"target\":[\"https:\/\/tanzzo.com\/cz\/product\/tanning-cream-after-sun\/\"]}]},{\"@type\":\"BreadcrumbList\",\"@id\":\"https:\/\/tanzzo.com\/cz\/product\/tanning-cream-after-sun\/#breadcrumb\",\"itemListElement\":[{\"@type\":\"ListItem\",\"position\":1,\"name\":\"Home\",\"item\":\"https:\/\/tanzzo.com\/cz\/\"},{\"@type\":\"ListItem\",\"position\":2,\"name\":\"OBCHOD\",\"item\":\"https:\/\/tanzzo.com\/cz\/obchod\/\"},{\"@type\":\"ListItem\",\"position\":3,\"name\":\"Kr\u00e9m pro rychlej\u0161\u00ed op\u00e1len\u00ed &#8211; 200ml\"}]},{\"@type\":\"WebSite\",\"@id\":\"https:\/\/tanzzo.com\/cz\/#website\",\"url\":\"https:\/\/tanzzo.com\/cz\/\",\"name\":\"Tanzzo\",\"description\":\"GET YOUR PERFECT TAN\",\"publisher\":{\"@id\":\"https:\/\/tanzzo.com\/cz\/#organization\"},\"potentialAction\":[{\"@type\":\"SearchAction\",\"target\":{\"@type\":\"EntryPoint\",\"urlTemplate\":\"https:\/\/tanzzo.com\/cz\/?s={search_term_string}\"},\"query-input\":\"required name=search_term_string\"}],\"inLanguage\":\"cs\"},{\"@type\":\"Organization\",\"@id\":\"https:\/\/tanzzo.com\/cz\/#organization\",\"name\":\"Tanzzo\",\"url\":\"https:\/\/tanzzo.com\/cz\/\",\"logo\":{\"@type\":\"ImageObject\",\"inLanguage\":\"cs\",\"@id\":\"https:\/\/tanzzo.com\/cz\/#\/schema\/logo\/image\/\",\"url\":\"https:\/\/tanzzo.com\/wp-content\/uploads\/2021\/08\/tanzzo1.png\",\"contentUrl\":\"https:\/\/tanzzo.com\/wp-content\/uploads\/2021\/08\/tanzzo1.png\",\"width\":2560,\"height\":426,\"caption\":\"Tanzzo\"},\"image\":{\"@id\":\"https:\/\/tanzzo.com\/cz\/#\/schema\/logo\/image\/\"},\"sameAs\":[\"https:\/\/www.facebook.com\/Tanzzzo\/\",\"https:\/\/www.instagram.com\/tanzzo_original\/\"]}]}<\/script>\n<!-- \/ Yoast SEO plugin. -->","yoast_head_json":{"title":"Kr\u00e9m pro rychlej\u0161\u00ed op\u00e1len\u00ed - 200ml - Tanzzo","description":"Tanzzo Tanning Cream ensures a faster and more intense tanning, yet providing your skin nutrients and moisture.","robots":{"index":"index","follow":"follow","max-snippet":"max-snippet:-1","max-image-preview":"max-image-preview:large","max-video-preview":"max-video-preview:-1"},"canonical":"https:\/\/tanzzo.com\/cz\/product\/tanning-cream-after-sun\/","og_locale":"cs_CZ","og_type":"article","og_title":"Kr\u00e9m pro rychlej\u0161\u00ed op\u00e1len\u00ed - 200ml - Tanzzo","og_description":"Tanzzo Tanning Cream ensures a faster and more intense tanning, yet providing your skin nutrients and moisture.","og_url":"https:\/\/tanzzo.com\/cz\/product\/tanning-cream-after-sun\/","og_site_name":"Tanzzo","article_publisher":"https:\/\/www.facebook.com\/Tanzzzo\/","article_modified_time":"2022-07-01T10:06:53+00:00","og_image":[{"width":1080,"height":1080,"url":"https:\/\/tanzzo.com\/wp-content\/uploads\/2022\/06\/cz-after-sun.png","type":"image\/png"}],"twitter_card":"summary_large_image","twitter_misc":{"Odhadovan\u00e1 doba \u010dten\u00ed":"5 minut"},"schema":{"@context":"https:\/\/schema.org","@graph":[{"@type":"WebPage","@id":"https:\/\/tanzzo.com\/cz\/product\/tanning-cream-after-sun\/","url":"https:\/\/tanzzo.com\/cz\/product\/tanning-cream-after-sun\/","name":"Kr\u00e9m pro rychlej\u0161\u00ed op\u00e1len\u00ed - 200ml - Tanzzo","isPartOf":{"@id":"https:\/\/tanzzo.com\/cz\/#website"},"datePublished":"2022-06-16T10:59:58+00:00","dateModified":"2022-07-01T10:06:53+00:00","description":"Tanzzo Tanning Cream ensures a faster and more intense tanning, yet providing your skin nutrients and moisture.","breadcrumb":{"@id":"https:\/\/tanzzo.com\/cz\/product\/tanning-cream-after-sun\/#breadcrumb"},"inLanguage":"cs","potentialAction":[{"@type":"ReadAction","target":["https:\/\/tanzzo.com\/cz\/product\/tanning-cream-after-sun\/"]}]},{"@type":"BreadcrumbList","@id":"https:\/\/tanzzo.com\/cz\/product\/tanning-cream-after-sun\/#breadcrumb","itemListElement":[{"@type":"ListItem","position":1,"name":"Home","item":"https:\/\/tanzzo.com\/cz\/"},{"@type":"ListItem","position":2,"name":"OBCHOD","item":"https:\/\/tanzzo.com\/cz\/obchod\/"},{"@type":"ListItem","position":3,"name":"Kr\u00e9m pro rychlej\u0161\u00ed op\u00e1len\u00ed &#8211; 200ml"}]},{"@type":"WebSite","@id":"https:\/\/tanzzo.com\/cz\/#website","url":"https:\/\/tanzzo.com\/cz\/","name":"Tanzzo","description":"GET YOUR PERFECT TAN","publisher":{"@id":"https:\/\/tanzzo.com\/cz\/#organization"},"potentialAction":[{"@type":"SearchAction","target":{"@type":"EntryPoint","urlTemplate":"https:\/\/tanzzo.com\/cz\/?s={search_term_string}"},"query-input":"required name=search_term_string"}],"inLanguage":"cs"},{"@type":"Organization","@id":"https:\/\/tanzzo.com\/cz\/#organization","name":"Tanzzo","url":"https:\/\/tanzzo.com\/cz\/","logo":{"@type":"ImageObject","inLanguage":"cs","@id":"https:\/\/tanzzo.com\/cz\/#\/schema\/logo\/image\/","url":"https:\/\/tanzzo.com\/wp-content\/uploads\/2021\/08\/tanzzo1.png","contentUrl":"https:\/\/tanzzo.com\/wp-content\/uploads\/2021\/08\/tanzzo1.png","width":2560,"height":426,"caption":"Tanzzo"},"image":{"@id":"https:\/\/tanzzo.com\/cz\/#\/schema\/logo\/image\/"},"sameAs":["https:\/\/www.facebook.com\/Tanzzzo\/","https:\/\/www.instagram.com\/tanzzo_original\/"]}]}},"_links":{"self":[{"href":"https:\/\/tanzzo.com\/cz\/wp-json\/wp\/v2\/product\/8318","targetHints":{"allow":["GET"]}}],"collection":[{"href":"https:\/\/tanzzo.com\/cz\/wp-json\/wp\/v2\/product"}],"about":[{"href":"https:\/\/tanzzo.com\/cz\/wp-json\/wp\/v2\/types\/product"}],"wp:featuredmedia":[{"embeddable":true,"href":"https:\/\/tanzzo.com\/cz\/wp-json\/wp\/v2\/media\/8349"}],"wp:attachment":[{"href":"https:\/\/tanzzo.com\/cz\/wp-json\/wp\/v2\/media?parent=8318"}],"wp:term":[{"taxonomy":"product_cat","embeddable":true,"href":"https:\/\/tanzzo.com\/cz\/wp-json\/wp\/v2\/product_cat?post=8318"},{"taxonomy":"product_tag","embeddable":true,"href":"https:\/\/tanzzo.com\/cz\/wp-json\/wp\/v2\/product_tag?post=8318"}],"curies":[{"name":"wp","href":"https:\/\/api.w.org\/{rel}","templated":true}]}}