
{"id":5279,"date":"2021-08-09T08:07:39","date_gmt":"2021-08-09T06:07:39","guid":{"rendered":"https:\/\/tanzzo.com\/product\/tanning-cream\/"},"modified":"2023-06-06T11:46:44","modified_gmt":"2023-06-06T09:46:44","slug":"tanning-cream","status":"publish","type":"product","link":"https:\/\/tanzzo.com\/cz\/product\/tanning-cream\/","title":{"rendered":"Kr\u00e9m pro rychlej\u0161\u00ed op\u00e1len\u00ed &#8211; 200ml"},"content":{"rendered":"<div class=\"row row-collapse row-full-width\"  id=\"row-1731117470\">\n\n\t<div id=\"col-2031616802\" class=\"col small-12 large-12\"  >\n\t\t\t\t<div class=\"col-inner\"  >\n\t\t\t\n\t\t\t\n\n\t\t<\/div>\n\t\t\t\t\t<\/div>\n\n\t\n\n<style>\n#row-1731117470 > .col > .col-inner {\n  background-color: rgb(245, 245, 245);\n}\n<\/style>\n<\/div>\n\n\n\n","protected":false},"excerpt":{"rendered":"<p><span><strong>N\u00e1\u0161 revolu\u010dn\u00ed opalovac\u00ed kr\u00e9m maximalizuje va\u0161e op\u00e1len\u00ed, pod sluncem i v sol\u00e1riu.<\/strong><\/span><\/p>\n<ul class=\"orange-dots\">\n<li><b>urychluje proces opalov\u00e1n\u00ed<\/b><\/li>\n<li><strong> poskytuje hydrataci a v\u00fd\u017eivu poko\u017eky<\/strong><\/li>\n<li><strong>rychle absorbuje a nezanech\u00e1v\u00e1 \u017e\u00e1dn\u00e9 skvrny<\/strong><\/li>\n<li><strong>esence tropick\u00e9ho r\u00e1je<\/strong><\/li>\n<\/ul>\n<p><span>TANZZO je tu pro va\u0161e lep\u0161\u00ed op\u00e1len\u00ed. P\u0159ipravte se oslnit a nechte tento opalovac\u00ed p\u0159\u00edpravek, aby v\u00e1m pomohl z\u00edskat z\u00e1\u0159iv\u00fd letn\u00ed vzhled, kter\u00fdm ka\u017ed\u00e9ho ohrom\u00edte!<\/span><\/p>\n","protected":false},"featured_media":11865,"template":"","meta":[],"product_cat":[145],"product_tag":[],"class_list":["post-5279","product","type-product","status-publish","has-post-thumbnail","hentry","product_cat-uncategorized-cz"],"acf":[],"yoast_head":"<!-- This site is optimized with the Yoast SEO plugin v20.8 - https:\/\/yoast.com\/wordpress\/plugins\/seo\/ -->\n<title>Kr\u00e9m pro rychlej\u0161\u00ed op\u00e1len\u00ed - 200ml - Tanzzo<\/title>\n<meta name=\"description\" content=\"Tanzzo Tanning Cream ensures a faster and more intense tanning, yet providing your skin nutrients and moisture.\" \/>\n<meta name=\"robots\" content=\"index, follow, max-snippet:-1, max-image-preview:large, max-video-preview:-1\" \/>\n<link rel=\"canonical\" href=\"https:\/\/tanzzo.com\/cz\/product\/tanning-cream\/\" \/>\n<meta property=\"og:locale\" content=\"cs_CZ\" \/>\n<meta property=\"og:type\" content=\"article\" \/>\n<meta property=\"og:title\" content=\"Kr\u00e9m pro rychlej\u0161\u00ed op\u00e1len\u00ed - 200ml - Tanzzo\" \/>\n<meta property=\"og:description\" content=\"Tanzzo Tanning Cream ensures a faster and more intense tanning, yet providing your skin nutrients and moisture.\" \/>\n<meta property=\"og:url\" content=\"https:\/\/tanzzo.com\/cz\/product\/tanning-cream\/\" \/>\n<meta property=\"og:site_name\" content=\"Tanzzo\" \/>\n<meta property=\"article:publisher\" content=\"https:\/\/www.facebook.com\/Tanzzzo\/\" \/>\n<meta property=\"article:modified_time\" content=\"2023-06-06T09:46:44+00:00\" \/>\n<meta property=\"og:image\" content=\"https:\/\/tanzzo.com\/wp-content\/uploads\/2022\/06\/tanning-cream-png.png\" \/>\n\t<meta property=\"og:image:width\" content=\"1080\" \/>\n\t<meta property=\"og:image:height\" content=\"1080\" \/>\n\t<meta property=\"og:image:type\" content=\"image\/png\" \/>\n<meta name=\"twitter:card\" content=\"summary_large_image\" \/>\n<meta name=\"twitter:label1\" content=\"Odhadovan\u00e1 doba \u010dten\u00ed\" \/>\n\t<meta name=\"twitter:data1\" content=\"5 minut\" \/>\n<script type=\"application\/ld+json\" class=\"yoast-schema-graph\">{\"@context\":\"https:\/\/schema.org\",\"@graph\":[{\"@type\":\"WebPage\",\"@id\":\"https:\/\/tanzzo.com\/cz\/product\/tanning-cream\/\",\"url\":\"https:\/\/tanzzo.com\/cz\/product\/tanning-cream\/\",\"name\":\"Kr\u00e9m pro rychlej\u0161\u00ed op\u00e1len\u00ed - 200ml - Tanzzo\",\"isPartOf\":{\"@id\":\"https:\/\/tanzzo.com\/cz\/#website\"},\"datePublished\":\"2021-08-09T06:07:39+00:00\",\"dateModified\":\"2023-06-06T09:46:44+00:00\",\"description\":\"Tanzzo Tanning Cream ensures a faster and more intense tanning, yet providing your skin nutrients and moisture.\",\"breadcrumb\":{\"@id\":\"https:\/\/tanzzo.com\/cz\/product\/tanning-cream\/#breadcrumb\"},\"inLanguage\":\"cs\",\"potentialAction\":[{\"@type\":\"ReadAction\",\"target\":[\"https:\/\/tanzzo.com\/cz\/product\/tanning-cream\/\"]}]},{\"@type\":\"BreadcrumbList\",\"@id\":\"https:\/\/tanzzo.com\/cz\/product\/tanning-cream\/#breadcrumb\",\"itemListElement\":[{\"@type\":\"ListItem\",\"position\":1,\"name\":\"Home\",\"item\":\"https:\/\/tanzzo.com\/cz\/\"},{\"@type\":\"ListItem\",\"position\":2,\"name\":\"OBCHOD\",\"item\":\"https:\/\/tanzzo.com\/cz\/obchod\/\"},{\"@type\":\"ListItem\",\"position\":3,\"name\":\"Kr\u00e9m pro rychlej\u0161\u00ed op\u00e1len\u00ed &#8211; 200ml\"}]},{\"@type\":\"WebSite\",\"@id\":\"https:\/\/tanzzo.com\/cz\/#website\",\"url\":\"https:\/\/tanzzo.com\/cz\/\",\"name\":\"Tanzzo\",\"description\":\"GET YOUR PERFECT TAN\",\"publisher\":{\"@id\":\"https:\/\/tanzzo.com\/cz\/#organization\"},\"potentialAction\":[{\"@type\":\"SearchAction\",\"target\":{\"@type\":\"EntryPoint\",\"urlTemplate\":\"https:\/\/tanzzo.com\/cz\/?s={search_term_string}\"},\"query-input\":\"required name=search_term_string\"}],\"inLanguage\":\"cs\"},{\"@type\":\"Organization\",\"@id\":\"https:\/\/tanzzo.com\/cz\/#organization\",\"name\":\"Tanzzo\",\"url\":\"https:\/\/tanzzo.com\/cz\/\",\"logo\":{\"@type\":\"ImageObject\",\"inLanguage\":\"cs\",\"@id\":\"https:\/\/tanzzo.com\/cz\/#\/schema\/logo\/image\/\",\"url\":\"https:\/\/tanzzo.com\/wp-content\/uploads\/2021\/08\/tanzzo1.png\",\"contentUrl\":\"https:\/\/tanzzo.com\/wp-content\/uploads\/2021\/08\/tanzzo1.png\",\"width\":2560,\"height\":426,\"caption\":\"Tanzzo\"},\"image\":{\"@id\":\"https:\/\/tanzzo.com\/cz\/#\/schema\/logo\/image\/\"},\"sameAs\":[\"https:\/\/www.facebook.com\/Tanzzzo\/\",\"https:\/\/www.instagram.com\/tanzzo_original\/\"]}]}<\/script>\n<!-- \/ Yoast SEO plugin. -->","yoast_head_json":{"title":"Kr\u00e9m pro rychlej\u0161\u00ed op\u00e1len\u00ed - 200ml - Tanzzo","description":"Tanzzo Tanning Cream ensures a faster and more intense tanning, yet providing your skin nutrients and moisture.","robots":{"index":"index","follow":"follow","max-snippet":"max-snippet:-1","max-image-preview":"max-image-preview:large","max-video-preview":"max-video-preview:-1"},"canonical":"https:\/\/tanzzo.com\/cz\/product\/tanning-cream\/","og_locale":"cs_CZ","og_type":"article","og_title":"Kr\u00e9m pro rychlej\u0161\u00ed op\u00e1len\u00ed - 200ml - Tanzzo","og_description":"Tanzzo Tanning Cream ensures a faster and more intense tanning, yet providing your skin nutrients and moisture.","og_url":"https:\/\/tanzzo.com\/cz\/product\/tanning-cream\/","og_site_name":"Tanzzo","article_publisher":"https:\/\/www.facebook.com\/Tanzzzo\/","article_modified_time":"2023-06-06T09:46:44+00:00","og_image":[{"width":1080,"height":1080,"url":"https:\/\/tanzzo.com\/wp-content\/uploads\/2022\/06\/tanning-cream-png.png","type":"image\/png"}],"twitter_card":"summary_large_image","twitter_misc":{"Odhadovan\u00e1 doba \u010dten\u00ed":"5 minut"},"schema":{"@context":"https:\/\/schema.org","@graph":[{"@type":"WebPage","@id":"https:\/\/tanzzo.com\/cz\/product\/tanning-cream\/","url":"https:\/\/tanzzo.com\/cz\/product\/tanning-cream\/","name":"Kr\u00e9m pro rychlej\u0161\u00ed op\u00e1len\u00ed - 200ml - Tanzzo","isPartOf":{"@id":"https:\/\/tanzzo.com\/cz\/#website"},"datePublished":"2021-08-09T06:07:39+00:00","dateModified":"2023-06-06T09:46:44+00:00","description":"Tanzzo Tanning Cream ensures a faster and more intense tanning, yet providing your skin nutrients and moisture.","breadcrumb":{"@id":"https:\/\/tanzzo.com\/cz\/product\/tanning-cream\/#breadcrumb"},"inLanguage":"cs","potentialAction":[{"@type":"ReadAction","target":["https:\/\/tanzzo.com\/cz\/product\/tanning-cream\/"]}]},{"@type":"BreadcrumbList","@id":"https:\/\/tanzzo.com\/cz\/product\/tanning-cream\/#breadcrumb","itemListElement":[{"@type":"ListItem","position":1,"name":"Home","item":"https:\/\/tanzzo.com\/cz\/"},{"@type":"ListItem","position":2,"name":"OBCHOD","item":"https:\/\/tanzzo.com\/cz\/obchod\/"},{"@type":"ListItem","position":3,"name":"Kr\u00e9m pro rychlej\u0161\u00ed op\u00e1len\u00ed &#8211; 200ml"}]},{"@type":"WebSite","@id":"https:\/\/tanzzo.com\/cz\/#website","url":"https:\/\/tanzzo.com\/cz\/","name":"Tanzzo","description":"GET YOUR PERFECT TAN","publisher":{"@id":"https:\/\/tanzzo.com\/cz\/#organization"},"potentialAction":[{"@type":"SearchAction","target":{"@type":"EntryPoint","urlTemplate":"https:\/\/tanzzo.com\/cz\/?s={search_term_string}"},"query-input":"required name=search_term_string"}],"inLanguage":"cs"},{"@type":"Organization","@id":"https:\/\/tanzzo.com\/cz\/#organization","name":"Tanzzo","url":"https:\/\/tanzzo.com\/cz\/","logo":{"@type":"ImageObject","inLanguage":"cs","@id":"https:\/\/tanzzo.com\/cz\/#\/schema\/logo\/image\/","url":"https:\/\/tanzzo.com\/wp-content\/uploads\/2021\/08\/tanzzo1.png","contentUrl":"https:\/\/tanzzo.com\/wp-content\/uploads\/2021\/08\/tanzzo1.png","width":2560,"height":426,"caption":"Tanzzo"},"image":{"@id":"https:\/\/tanzzo.com\/cz\/#\/schema\/logo\/image\/"},"sameAs":["https:\/\/www.facebook.com\/Tanzzzo\/","https:\/\/www.instagram.com\/tanzzo_original\/"]}]}},"_links":{"self":[{"href":"https:\/\/tanzzo.com\/cz\/wp-json\/wp\/v2\/product\/5279","targetHints":{"allow":["GET"]}}],"collection":[{"href":"https:\/\/tanzzo.com\/cz\/wp-json\/wp\/v2\/product"}],"about":[{"href":"https:\/\/tanzzo.com\/cz\/wp-json\/wp\/v2\/types\/product"}],"wp:featuredmedia":[{"embeddable":true,"href":"https:\/\/tanzzo.com\/cz\/wp-json\/wp\/v2\/media\/11865"}],"wp:attachment":[{"href":"https:\/\/tanzzo.com\/cz\/wp-json\/wp\/v2\/media?parent=5279"}],"wp:term":[{"taxonomy":"product_cat","embeddable":true,"href":"https:\/\/tanzzo.com\/cz\/wp-json\/wp\/v2\/product_cat?post=5279"},{"taxonomy":"product_tag","embeddable":true,"href":"https:\/\/tanzzo.com\/cz\/wp-json\/wp\/v2\/product_tag?post=5279"}],"curies":[{"name":"wp","href":"https:\/\/api.w.org\/{rel}","templated":true}]}}