
{"id":13325,"date":"2022-07-14T13:53:00","date_gmt":"2022-07-14T11:53:00","guid":{"rendered":"https:\/\/tanzzo.com\/product\/back2basic\/"},"modified":"2022-07-15T07:47:26","modified_gmt":"2022-07-15T05:47:26","slug":"back2basic","status":"publish","type":"product","link":"https:\/\/tanzzo.com\/cz\/product\/back2basic\/","title":{"rendered":"Back2basic"},"content":{"rendered":"","protected":false},"excerpt":{"rendered":"<p>Chcete sv\u016fdnou, z\u00e1\u0159\u00edc\u00ed a op\u00e1lenou poko\u017eku, kter\u00e1 nav\u00edc n\u00e1dhern\u011b von\u00ed? S na\u0161\u00edm bal\u00ed\u010dkem Back 2 basics si udr\u017e\u00edte z\u00e1\u0159iv\u00fd a op\u00e1len\u00fd vzhled. Obsahuje kr\u00e9m pro rychlej\u0161\u00ed op\u00e1len\u00ed (200 ml), kter\u00fd byl speci\u00e1ln\u011b vyvinut pro rychlej\u0161\u00ed op\u00e1len\u00ed, a kr\u00e9m po opalov\u00e1n\u00ed (200 ml), kter\u00fd je dokonal\u00fdm prost\u0159edkem pro udr\u017een\u00ed nejhlub\u0161\u00edho a nejtmav\u0161\u00edho op\u00e1len\u00ed, kter\u00e9 vydr\u017e\u00ed po cel\u00e9 l\u00e9to. <\/p>\n","protected":false},"featured_media":13300,"template":"","meta":[],"product_cat":[145],"product_tag":[],"class_list":["post-13325","product","type-product","status-publish","has-post-thumbnail","hentry","product_cat-uncategorized-cz"],"acf":[],"yoast_head":"<!-- This site is optimized with the Yoast SEO plugin v20.8 - https:\/\/yoast.com\/wordpress\/plugins\/seo\/ -->\n<title>Back2basic - Tanzzo<\/title>\n<meta name=\"robots\" content=\"index, follow, max-snippet:-1, max-image-preview:large, max-video-preview:-1\" \/>\n<link rel=\"canonical\" href=\"https:\/\/tanzzo.com\/cz\/product\/back2basic\/\" \/>\n<meta property=\"og:locale\" content=\"cs_CZ\" \/>\n<meta property=\"og:type\" content=\"article\" \/>\n<meta property=\"og:title\" content=\"Back2basic - Tanzzo\" \/>\n<meta property=\"og:description\" content=\"Chcete sv\u016fdnou, z\u00e1\u0159\u00edc\u00ed a op\u00e1lenou poko\u017eku, kter\u00e1 nav\u00edc n\u00e1dhern\u011b von\u00ed? S na\u0161\u00edm bal\u00ed\u010dkem Back 2 basics si udr\u017e\u00edte z\u00e1\u0159iv\u00fd a op\u00e1len\u00fd vzhled. Obsahuje kr\u00e9m pro rychlej\u0161\u00ed op\u00e1len\u00ed (200 ml), kter\u00fd byl speci\u00e1ln\u011b vyvinut pro rychlej\u0161\u00ed op\u00e1len\u00ed, a kr\u00e9m po opalov\u00e1n\u00ed (200 ml), kter\u00fd je dokonal\u00fdm prost\u0159edkem pro udr\u017een\u00ed nejhlub\u0161\u00edho a nejtmav\u0161\u00edho op\u00e1len\u00ed, kter\u00e9 vydr\u017e\u00ed po cel\u00e9 l\u00e9to.\" \/>\n<meta property=\"og:url\" content=\"https:\/\/tanzzo.com\/cz\/product\/back2basic\/\" \/>\n<meta property=\"og:site_name\" content=\"Tanzzo\" \/>\n<meta property=\"article:publisher\" content=\"https:\/\/www.facebook.com\/Tanzzzo\/\" \/>\n<meta property=\"article:modified_time\" content=\"2022-07-15T05:47:26+00:00\" \/>\n<meta property=\"og:image\" content=\"https:\/\/tanzzo.com\/wp-content\/uploads\/2022\/07\/6.png\" \/>\n\t<meta property=\"og:image:width\" content=\"1080\" \/>\n\t<meta property=\"og:image:height\" content=\"1080\" \/>\n\t<meta property=\"og:image:type\" content=\"image\/png\" \/>\n<meta name=\"twitter:card\" content=\"summary_large_image\" \/>\n<script type=\"application\/ld+json\" class=\"yoast-schema-graph\">{\"@context\":\"https:\/\/schema.org\",\"@graph\":[{\"@type\":\"WebPage\",\"@id\":\"https:\/\/tanzzo.com\/cz\/product\/back2basic\/\",\"url\":\"https:\/\/tanzzo.com\/cz\/product\/back2basic\/\",\"name\":\"Back2basic - Tanzzo\",\"isPartOf\":{\"@id\":\"https:\/\/tanzzo.com\/cz\/#website\"},\"datePublished\":\"2022-07-14T11:53:00+00:00\",\"dateModified\":\"2022-07-15T05:47:26+00:00\",\"breadcrumb\":{\"@id\":\"https:\/\/tanzzo.com\/cz\/product\/back2basic\/#breadcrumb\"},\"inLanguage\":\"cs\",\"potentialAction\":[{\"@type\":\"ReadAction\",\"target\":[\"https:\/\/tanzzo.com\/cz\/product\/back2basic\/\"]}]},{\"@type\":\"BreadcrumbList\",\"@id\":\"https:\/\/tanzzo.com\/cz\/product\/back2basic\/#breadcrumb\",\"itemListElement\":[{\"@type\":\"ListItem\",\"position\":1,\"name\":\"Home\",\"item\":\"https:\/\/tanzzo.com\/cz\/\"},{\"@type\":\"ListItem\",\"position\":2,\"name\":\"OBCHOD\",\"item\":\"https:\/\/tanzzo.com\/cz\/obchod\/\"},{\"@type\":\"ListItem\",\"position\":3,\"name\":\"Back2basic\"}]},{\"@type\":\"WebSite\",\"@id\":\"https:\/\/tanzzo.com\/cz\/#website\",\"url\":\"https:\/\/tanzzo.com\/cz\/\",\"name\":\"Tanzzo\",\"description\":\"GET YOUR PERFECT TAN\",\"publisher\":{\"@id\":\"https:\/\/tanzzo.com\/cz\/#organization\"},\"potentialAction\":[{\"@type\":\"SearchAction\",\"target\":{\"@type\":\"EntryPoint\",\"urlTemplate\":\"https:\/\/tanzzo.com\/cz\/?s={search_term_string}\"},\"query-input\":\"required name=search_term_string\"}],\"inLanguage\":\"cs\"},{\"@type\":\"Organization\",\"@id\":\"https:\/\/tanzzo.com\/cz\/#organization\",\"name\":\"Tanzzo\",\"url\":\"https:\/\/tanzzo.com\/cz\/\",\"logo\":{\"@type\":\"ImageObject\",\"inLanguage\":\"cs\",\"@id\":\"https:\/\/tanzzo.com\/cz\/#\/schema\/logo\/image\/\",\"url\":\"https:\/\/tanzzo.com\/wp-content\/uploads\/2021\/08\/tanzzo1.png\",\"contentUrl\":\"https:\/\/tanzzo.com\/wp-content\/uploads\/2021\/08\/tanzzo1.png\",\"width\":2560,\"height\":426,\"caption\":\"Tanzzo\"},\"image\":{\"@id\":\"https:\/\/tanzzo.com\/cz\/#\/schema\/logo\/image\/\"},\"sameAs\":[\"https:\/\/www.facebook.com\/Tanzzzo\/\",\"https:\/\/www.instagram.com\/tanzzo_original\/\"]}]}<\/script>\n<!-- \/ Yoast SEO plugin. -->","yoast_head_json":{"title":"Back2basic - Tanzzo","robots":{"index":"index","follow":"follow","max-snippet":"max-snippet:-1","max-image-preview":"max-image-preview:large","max-video-preview":"max-video-preview:-1"},"canonical":"https:\/\/tanzzo.com\/cz\/product\/back2basic\/","og_locale":"cs_CZ","og_type":"article","og_title":"Back2basic - Tanzzo","og_description":"Chcete sv\u016fdnou, z\u00e1\u0159\u00edc\u00ed a op\u00e1lenou poko\u017eku, kter\u00e1 nav\u00edc n\u00e1dhern\u011b von\u00ed? S na\u0161\u00edm bal\u00ed\u010dkem Back 2 basics si udr\u017e\u00edte z\u00e1\u0159iv\u00fd a op\u00e1len\u00fd vzhled. Obsahuje kr\u00e9m pro rychlej\u0161\u00ed op\u00e1len\u00ed (200 ml), kter\u00fd byl speci\u00e1ln\u011b vyvinut pro rychlej\u0161\u00ed op\u00e1len\u00ed, a kr\u00e9m po opalov\u00e1n\u00ed (200 ml), kter\u00fd je dokonal\u00fdm prost\u0159edkem pro udr\u017een\u00ed nejhlub\u0161\u00edho a nejtmav\u0161\u00edho op\u00e1len\u00ed, kter\u00e9 vydr\u017e\u00ed po cel\u00e9 l\u00e9to.","og_url":"https:\/\/tanzzo.com\/cz\/product\/back2basic\/","og_site_name":"Tanzzo","article_publisher":"https:\/\/www.facebook.com\/Tanzzzo\/","article_modified_time":"2022-07-15T05:47:26+00:00","og_image":[{"width":1080,"height":1080,"url":"https:\/\/tanzzo.com\/wp-content\/uploads\/2022\/07\/6.png","type":"image\/png"}],"twitter_card":"summary_large_image","schema":{"@context":"https:\/\/schema.org","@graph":[{"@type":"WebPage","@id":"https:\/\/tanzzo.com\/cz\/product\/back2basic\/","url":"https:\/\/tanzzo.com\/cz\/product\/back2basic\/","name":"Back2basic - Tanzzo","isPartOf":{"@id":"https:\/\/tanzzo.com\/cz\/#website"},"datePublished":"2022-07-14T11:53:00+00:00","dateModified":"2022-07-15T05:47:26+00:00","breadcrumb":{"@id":"https:\/\/tanzzo.com\/cz\/product\/back2basic\/#breadcrumb"},"inLanguage":"cs","potentialAction":[{"@type":"ReadAction","target":["https:\/\/tanzzo.com\/cz\/product\/back2basic\/"]}]},{"@type":"BreadcrumbList","@id":"https:\/\/tanzzo.com\/cz\/product\/back2basic\/#breadcrumb","itemListElement":[{"@type":"ListItem","position":1,"name":"Home","item":"https:\/\/tanzzo.com\/cz\/"},{"@type":"ListItem","position":2,"name":"OBCHOD","item":"https:\/\/tanzzo.com\/cz\/obchod\/"},{"@type":"ListItem","position":3,"name":"Back2basic"}]},{"@type":"WebSite","@id":"https:\/\/tanzzo.com\/cz\/#website","url":"https:\/\/tanzzo.com\/cz\/","name":"Tanzzo","description":"GET YOUR PERFECT TAN","publisher":{"@id":"https:\/\/tanzzo.com\/cz\/#organization"},"potentialAction":[{"@type":"SearchAction","target":{"@type":"EntryPoint","urlTemplate":"https:\/\/tanzzo.com\/cz\/?s={search_term_string}"},"query-input":"required name=search_term_string"}],"inLanguage":"cs"},{"@type":"Organization","@id":"https:\/\/tanzzo.com\/cz\/#organization","name":"Tanzzo","url":"https:\/\/tanzzo.com\/cz\/","logo":{"@type":"ImageObject","inLanguage":"cs","@id":"https:\/\/tanzzo.com\/cz\/#\/schema\/logo\/image\/","url":"https:\/\/tanzzo.com\/wp-content\/uploads\/2021\/08\/tanzzo1.png","contentUrl":"https:\/\/tanzzo.com\/wp-content\/uploads\/2021\/08\/tanzzo1.png","width":2560,"height":426,"caption":"Tanzzo"},"image":{"@id":"https:\/\/tanzzo.com\/cz\/#\/schema\/logo\/image\/"},"sameAs":["https:\/\/www.facebook.com\/Tanzzzo\/","https:\/\/www.instagram.com\/tanzzo_original\/"]}]}},"_links":{"self":[{"href":"https:\/\/tanzzo.com\/cz\/wp-json\/wp\/v2\/product\/13325","targetHints":{"allow":["GET"]}}],"collection":[{"href":"https:\/\/tanzzo.com\/cz\/wp-json\/wp\/v2\/product"}],"about":[{"href":"https:\/\/tanzzo.com\/cz\/wp-json\/wp\/v2\/types\/product"}],"wp:featuredmedia":[{"embeddable":true,"href":"https:\/\/tanzzo.com\/cz\/wp-json\/wp\/v2\/media\/13300"}],"wp:attachment":[{"href":"https:\/\/tanzzo.com\/cz\/wp-json\/wp\/v2\/media?parent=13325"}],"wp:term":[{"taxonomy":"product_cat","embeddable":true,"href":"https:\/\/tanzzo.com\/cz\/wp-json\/wp\/v2\/product_cat?post=13325"},{"taxonomy":"product_tag","embeddable":true,"href":"https:\/\/tanzzo.com\/cz\/wp-json\/wp\/v2\/product_tag?post=13325"}],"curies":[{"name":"wp","href":"https:\/\/api.w.org\/{rel}","templated":true}]}}