
{"id":13315,"date":"2022-07-14T13:54:18","date_gmt":"2022-07-14T11:54:18","guid":{"rendered":"https:\/\/tanzzo.com\/product\/brace-yourself\/"},"modified":"2023-02-12T16:49:53","modified_gmt":"2023-02-12T14:49:53","slug":"brace-yourself","status":"publish","type":"product","link":"https:\/\/tanzzo.com\/cz\/product\/brace-yourself\/","title":{"rendered":"Brace yourself"},"content":{"rendered":"","protected":false},"excerpt":{"rendered":"<p>Brace yourself, letn\u00ed dovolen\u00e9 a slunn\u00e9 pl\u00e1\u017ee volaj\u00ed a vy jste se je\u0161t\u011b nestihli dokonale op\u00e1lit? Bez obav, Tanzzo v\u00e1m kryje z\u00e1da! S pomoc\u00ed opalovac\u00edch kapek a kr\u00e9mu po opalov\u00e1n\u00ed m\u016f\u017eete dos\u00e1hnout kr\u00e1sn\u00e9 op\u00e1len\u00e9 poko\u017eky, ani\u017e byste se museli vystavovat slunci. Sta\u010d\u00ed p\u0159idat p\u00e1r opalovac\u00edch kapek do kr\u00e9mu po opalov\u00e1n\u00ed a dos\u00e1hnete nejrychlej\u0161\u00edch mo\u017en\u00fdch v\u00fdsledk\u016f. Improvizujte, dokud toho nedos\u00e1hnete! <\/p>\n","protected":false},"featured_media":13288,"template":"","meta":[],"product_cat":[145],"product_tag":[],"class_list":["post-13315","product","type-product","status-publish","has-post-thumbnail","hentry","product_cat-uncategorized-cz"],"acf":[],"yoast_head":"<!-- This site is optimized with the Yoast SEO plugin v20.8 - https:\/\/yoast.com\/wordpress\/plugins\/seo\/ -->\n<title>Brace yourself - Tanzzo<\/title>\n<meta name=\"robots\" content=\"index, follow, max-snippet:-1, max-image-preview:large, max-video-preview:-1\" \/>\n<link rel=\"canonical\" href=\"https:\/\/tanzzo.com\/cz\/product\/brace-yourself\/\" \/>\n<meta property=\"og:locale\" content=\"cs_CZ\" \/>\n<meta property=\"og:type\" content=\"article\" \/>\n<meta property=\"og:title\" content=\"Brace yourself - Tanzzo\" \/>\n<meta property=\"og:description\" content=\"Brace yourself, letn\u00ed dovolen\u00e9 a slunn\u00e9 pl\u00e1\u017ee volaj\u00ed a vy jste se je\u0161t\u011b nestihli dokonale op\u00e1lit? Bez obav, Tanzzo v\u00e1m kryje z\u00e1da! S pomoc\u00ed opalovac\u00edch kapek a kr\u00e9mu po opalov\u00e1n\u00ed m\u016f\u017eete dos\u00e1hnout kr\u00e1sn\u00e9 op\u00e1len\u00e9 poko\u017eky, ani\u017e byste se museli vystavovat slunci. Sta\u010d\u00ed p\u0159idat p\u00e1r opalovac\u00edch kapek do kr\u00e9mu po opalov\u00e1n\u00ed a dos\u00e1hnete nejrychlej\u0161\u00edch mo\u017en\u00fdch v\u00fdsledk\u016f. Improvizujte, dokud toho nedos\u00e1hnete!\" \/>\n<meta property=\"og:url\" content=\"https:\/\/tanzzo.com\/cz\/product\/brace-yourself\/\" \/>\n<meta property=\"og:site_name\" content=\"Tanzzo\" \/>\n<meta property=\"article:publisher\" content=\"https:\/\/www.facebook.com\/Tanzzzo\/\" \/>\n<meta property=\"article:modified_time\" content=\"2023-02-12T14:49:53+00:00\" \/>\n<meta property=\"og:image\" content=\"https:\/\/tanzzo.com\/wp-content\/uploads\/2022\/07\/5.png\" \/>\n\t<meta property=\"og:image:width\" content=\"1080\" \/>\n\t<meta property=\"og:image:height\" content=\"1080\" \/>\n\t<meta property=\"og:image:type\" content=\"image\/png\" \/>\n<meta name=\"twitter:card\" content=\"summary_large_image\" \/>\n<script type=\"application\/ld+json\" class=\"yoast-schema-graph\">{\"@context\":\"https:\/\/schema.org\",\"@graph\":[{\"@type\":\"WebPage\",\"@id\":\"https:\/\/tanzzo.com\/cz\/product\/brace-yourself\/\",\"url\":\"https:\/\/tanzzo.com\/cz\/product\/brace-yourself\/\",\"name\":\"Brace yourself - Tanzzo\",\"isPartOf\":{\"@id\":\"https:\/\/tanzzo.com\/cz\/#website\"},\"datePublished\":\"2022-07-14T11:54:18+00:00\",\"dateModified\":\"2023-02-12T14:49:53+00:00\",\"breadcrumb\":{\"@id\":\"https:\/\/tanzzo.com\/cz\/product\/brace-yourself\/#breadcrumb\"},\"inLanguage\":\"cs\",\"potentialAction\":[{\"@type\":\"ReadAction\",\"target\":[\"https:\/\/tanzzo.com\/cz\/product\/brace-yourself\/\"]}]},{\"@type\":\"BreadcrumbList\",\"@id\":\"https:\/\/tanzzo.com\/cz\/product\/brace-yourself\/#breadcrumb\",\"itemListElement\":[{\"@type\":\"ListItem\",\"position\":1,\"name\":\"Home\",\"item\":\"https:\/\/tanzzo.com\/cz\/\"},{\"@type\":\"ListItem\",\"position\":2,\"name\":\"OBCHOD\",\"item\":\"https:\/\/tanzzo.com\/cz\/obchod\/\"},{\"@type\":\"ListItem\",\"position\":3,\"name\":\"Brace yourself\"}]},{\"@type\":\"WebSite\",\"@id\":\"https:\/\/tanzzo.com\/cz\/#website\",\"url\":\"https:\/\/tanzzo.com\/cz\/\",\"name\":\"Tanzzo\",\"description\":\"GET YOUR PERFECT TAN\",\"publisher\":{\"@id\":\"https:\/\/tanzzo.com\/cz\/#organization\"},\"potentialAction\":[{\"@type\":\"SearchAction\",\"target\":{\"@type\":\"EntryPoint\",\"urlTemplate\":\"https:\/\/tanzzo.com\/cz\/?s={search_term_string}\"},\"query-input\":\"required name=search_term_string\"}],\"inLanguage\":\"cs\"},{\"@type\":\"Organization\",\"@id\":\"https:\/\/tanzzo.com\/cz\/#organization\",\"name\":\"Tanzzo\",\"url\":\"https:\/\/tanzzo.com\/cz\/\",\"logo\":{\"@type\":\"ImageObject\",\"inLanguage\":\"cs\",\"@id\":\"https:\/\/tanzzo.com\/cz\/#\/schema\/logo\/image\/\",\"url\":\"https:\/\/tanzzo.com\/wp-content\/uploads\/2021\/08\/tanzzo1.png\",\"contentUrl\":\"https:\/\/tanzzo.com\/wp-content\/uploads\/2021\/08\/tanzzo1.png\",\"width\":2560,\"height\":426,\"caption\":\"Tanzzo\"},\"image\":{\"@id\":\"https:\/\/tanzzo.com\/cz\/#\/schema\/logo\/image\/\"},\"sameAs\":[\"https:\/\/www.facebook.com\/Tanzzzo\/\",\"https:\/\/www.instagram.com\/tanzzo_original\/\"]}]}<\/script>\n<!-- \/ Yoast SEO plugin. -->","yoast_head_json":{"title":"Brace yourself - Tanzzo","robots":{"index":"index","follow":"follow","max-snippet":"max-snippet:-1","max-image-preview":"max-image-preview:large","max-video-preview":"max-video-preview:-1"},"canonical":"https:\/\/tanzzo.com\/cz\/product\/brace-yourself\/","og_locale":"cs_CZ","og_type":"article","og_title":"Brace yourself - Tanzzo","og_description":"Brace yourself, letn\u00ed dovolen\u00e9 a slunn\u00e9 pl\u00e1\u017ee volaj\u00ed a vy jste se je\u0161t\u011b nestihli dokonale op\u00e1lit? Bez obav, Tanzzo v\u00e1m kryje z\u00e1da! S pomoc\u00ed opalovac\u00edch kapek a kr\u00e9mu po opalov\u00e1n\u00ed m\u016f\u017eete dos\u00e1hnout kr\u00e1sn\u00e9 op\u00e1len\u00e9 poko\u017eky, ani\u017e byste se museli vystavovat slunci. Sta\u010d\u00ed p\u0159idat p\u00e1r opalovac\u00edch kapek do kr\u00e9mu po opalov\u00e1n\u00ed a dos\u00e1hnete nejrychlej\u0161\u00edch mo\u017en\u00fdch v\u00fdsledk\u016f. Improvizujte, dokud toho nedos\u00e1hnete!","og_url":"https:\/\/tanzzo.com\/cz\/product\/brace-yourself\/","og_site_name":"Tanzzo","article_publisher":"https:\/\/www.facebook.com\/Tanzzzo\/","article_modified_time":"2023-02-12T14:49:53+00:00","og_image":[{"width":1080,"height":1080,"url":"https:\/\/tanzzo.com\/wp-content\/uploads\/2022\/07\/5.png","type":"image\/png"}],"twitter_card":"summary_large_image","schema":{"@context":"https:\/\/schema.org","@graph":[{"@type":"WebPage","@id":"https:\/\/tanzzo.com\/cz\/product\/brace-yourself\/","url":"https:\/\/tanzzo.com\/cz\/product\/brace-yourself\/","name":"Brace yourself - Tanzzo","isPartOf":{"@id":"https:\/\/tanzzo.com\/cz\/#website"},"datePublished":"2022-07-14T11:54:18+00:00","dateModified":"2023-02-12T14:49:53+00:00","breadcrumb":{"@id":"https:\/\/tanzzo.com\/cz\/product\/brace-yourself\/#breadcrumb"},"inLanguage":"cs","potentialAction":[{"@type":"ReadAction","target":["https:\/\/tanzzo.com\/cz\/product\/brace-yourself\/"]}]},{"@type":"BreadcrumbList","@id":"https:\/\/tanzzo.com\/cz\/product\/brace-yourself\/#breadcrumb","itemListElement":[{"@type":"ListItem","position":1,"name":"Home","item":"https:\/\/tanzzo.com\/cz\/"},{"@type":"ListItem","position":2,"name":"OBCHOD","item":"https:\/\/tanzzo.com\/cz\/obchod\/"},{"@type":"ListItem","position":3,"name":"Brace yourself"}]},{"@type":"WebSite","@id":"https:\/\/tanzzo.com\/cz\/#website","url":"https:\/\/tanzzo.com\/cz\/","name":"Tanzzo","description":"GET YOUR PERFECT TAN","publisher":{"@id":"https:\/\/tanzzo.com\/cz\/#organization"},"potentialAction":[{"@type":"SearchAction","target":{"@type":"EntryPoint","urlTemplate":"https:\/\/tanzzo.com\/cz\/?s={search_term_string}"},"query-input":"required name=search_term_string"}],"inLanguage":"cs"},{"@type":"Organization","@id":"https:\/\/tanzzo.com\/cz\/#organization","name":"Tanzzo","url":"https:\/\/tanzzo.com\/cz\/","logo":{"@type":"ImageObject","inLanguage":"cs","@id":"https:\/\/tanzzo.com\/cz\/#\/schema\/logo\/image\/","url":"https:\/\/tanzzo.com\/wp-content\/uploads\/2021\/08\/tanzzo1.png","contentUrl":"https:\/\/tanzzo.com\/wp-content\/uploads\/2021\/08\/tanzzo1.png","width":2560,"height":426,"caption":"Tanzzo"},"image":{"@id":"https:\/\/tanzzo.com\/cz\/#\/schema\/logo\/image\/"},"sameAs":["https:\/\/www.facebook.com\/Tanzzzo\/","https:\/\/www.instagram.com\/tanzzo_original\/"]}]}},"_links":{"self":[{"href":"https:\/\/tanzzo.com\/cz\/wp-json\/wp\/v2\/product\/13315","targetHints":{"allow":["GET"]}}],"collection":[{"href":"https:\/\/tanzzo.com\/cz\/wp-json\/wp\/v2\/product"}],"about":[{"href":"https:\/\/tanzzo.com\/cz\/wp-json\/wp\/v2\/types\/product"}],"wp:featuredmedia":[{"embeddable":true,"href":"https:\/\/tanzzo.com\/cz\/wp-json\/wp\/v2\/media\/13288"}],"wp:attachment":[{"href":"https:\/\/tanzzo.com\/cz\/wp-json\/wp\/v2\/media?parent=13315"}],"wp:term":[{"taxonomy":"product_cat","embeddable":true,"href":"https:\/\/tanzzo.com\/cz\/wp-json\/wp\/v2\/product_cat?post=13315"},{"taxonomy":"product_tag","embeddable":true,"href":"https:\/\/tanzzo.com\/cz\/wp-json\/wp\/v2\/product_tag?post=13315"}],"curies":[{"name":"wp","href":"https:\/\/api.w.org\/{rel}","templated":true}]}}