
{"id":5219,"date":"2021-08-16T10:48:36","date_gmt":"2021-08-16T08:48:36","guid":{"rendered":"https:\/\/tanzzo.com\/help-and-faq\/"},"modified":"2022-04-26T14:38:38","modified_gmt":"2022-04-26T12:38:38","slug":"casto-kladene-dotazy","status":"publish","type":"page","link":"https:\/\/tanzzo.com\/cz\/casto-kladene-dotazy\/","title":{"rendered":"\u010casto kladen\u00e9 dotazy"},"content":{"rendered":"\t<div id=\"gap-346447849\" class=\"gap-element clearfix\" style=\"display:block; height:auto;\">\n\t\t\n<style>\n#gap-346447849 {\n  padding-top: 30px;\n}\n<\/style>\n\t<\/div>\n\t\r\n\r\n\t<section class=\"section\" id=\"section_509771949\">\n\t\t<div class=\"bg section-bg fill bg-fill  bg-loaded\" >\n\n\t\t\t\n\t\t\t\n\t\t\t\n\n\t\t<\/div>\n\n\t\t\n\n\t\t<div class=\"section-content relative\">\n\t\t\t\r\n\r\n<div class=\"row\" style=\"max-width:1289px\" id=\"row-1303995982\">\r\n\r\n\n\t<div id=\"col-257156620\" class=\"col medium-4 small-12 large-4\"  >\n\t\t\t\t<div class=\"col-inner\"  >\n\t\t\t\n\t\t\t\r\n\r\n<div class=\"is-divider divider clearfix\" style=\"margin-top:2em;margin-bottom:2em;max-width:100%;height:1px;background-color:rgb(0, 0, 0);\"><\/div>\r\n\r\n\r\n\t\t<\/div>\n\t\t\t\t\t<\/div>\n\n\t\r\n\n\t<div id=\"col-71607628\" class=\"col medium-4 small-12 large-4\"  >\n\t\t\t\t<div class=\"col-inner text-center\"  >\n\t\t\t\n\t\t\t\r\n\r\n\t<div id=\"text-3917031077\" class=\"text\">\n\t\t\r\n\r\n<h2>FAQ- \u010casto kladen\u00e9 dotazy\r\n<\/h2>\r\n\t\t\n<style>\n#text-3917031077 {\n  font-size: 1.6rem;\n  text-align: center;\n}\n<\/style>\n\t<\/div>\n\t\r\n\r\n\t\t<\/div>\n\t\t\t\t\t<\/div>\n\n\t\r\n\n\t<div id=\"col-213222384\" class=\"col medium-4 small-12 large-4\"  >\n\t\t\t\t<div class=\"col-inner\"  >\n\t\t\t\n\t\t\t\r\n\r\n<div class=\"is-divider divider clearfix\" style=\"margin-top:2em;margin-bottom:2em;max-width:100%;height:1px;background-color:rgb(0, 0, 0);\"><\/div>\r\n\r\n\r\n\t\t<\/div>\n\t\t\t\t\t<\/div>\n\n\t\r\n\n\t<div id=\"col-2027983662\" class=\"col small-12 large-12\"  >\n\t\t\t\t<div class=\"col-inner text-left\"  >\n\t\t\t\n\t\t\t\r\n\r\n\t<div id=\"gap-822937928\" class=\"gap-element clearfix\" style=\"display:block; height:auto;\">\n\t\t\n<style>\n#gap-822937928 {\n  padding-top: 30px;\n}\n<\/style>\n\t<\/div>\n\t\r\n\r\n<div class=\"accordion\">\r\n\r\n<div id=\"accordion-1293710168\" class=\"accordion-item\"><a id=\"accordion-1293710168-label\" href=\"#\" class=\"accordion-title plain active\" aria-expanded=\"true\" aria-controls=\"accordion-1293710168-content\"><button class=\"toggle\" aria-label=\"Toggle\"><i class=\"icon-angle-down\"><\/i><\/button><span>M\u016f\u017eu vr\u00e1tit v\u00fdrobky, kter\u00e9 ji\u017e byly pou\u017eity, a dostat pen\u00edze zp\u011bt?<\/span><\/a><div id=\"accordion-1293710168-content\" class=\"accordion-inner\" style=\"display: block;\" aria-labelledby=\"accordion-1293710168-label\">\r\n\r\n<p><span style=\"font-weight: 400;\">Ne. Produkty je nutn\u00e9 vr\u00e1tit v p\u016fvodn\u00edm balen\u00ed, kter\u00e9 nesm\u00ed b\u00fdt po\u0161kozen\u00e9 ani pou\u017eit\u00e9. \u017d\u00e1dost o reklamaci jinak bude kompletn\u011b nebo \u010d\u00e1ste\u010dn\u011b odm\u00edtnuta.<\/span><\/p>\r\n\r\n<\/div><\/div>\r\n<div id=\"accordion-65835557\" class=\"accordion-item\"><a id=\"accordion-65835557-label\" href=\"#\" class=\"accordion-title plain\" aria-expanded=\"false\" aria-controls=\"accordion-65835557-content\"><button class=\"toggle\" aria-label=\"Toggle\"><i class=\"icon-angle-down\"><\/i><\/button><span>Jsou produkty TANZZO vegansk\u00e9 a netestovan\u00e9 na zv\u00ed\u0159atech?<\/span><\/a><div id=\"accordion-65835557-content\" class=\"accordion-inner\" aria-labelledby=\"accordion-65835557-label\">\r\n\r\n<p><span style=\"font-weight: 400;\">V\u0161echny produkty TANZZO jsou 100% vegansk\u00e9 a nejsou testovan\u00e9 na zv\u00ed\u0159atech.<\/span><\/p>\r\n\r\n<\/div><\/div>\r\n<div id=\"accordion-743606410\" class=\"accordion-item\"><a id=\"accordion-743606410-label\" href=\"#\" class=\"accordion-title plain\" aria-expanded=\"false\" aria-controls=\"accordion-743606410-content\"><button class=\"toggle\" aria-label=\"Toggle\"><i class=\"icon-angle-down\"><\/i><\/button><span>Jak rychle dos\u00e1hnout kr\u00e1sn\u00e9ho op\u00e1len\u00ed?<\/span><\/a><div id=\"accordion-743606410-content\" class=\"accordion-inner\" aria-labelledby=\"accordion-743606410-label\">\r\n\r\n<p><span style=\"font-weight: 400;\">Odpov\u011b\u010f je jasn\u00e1: s Opalovac\u00edm kr\u00e9mem Tanzzo! <\/span><span style=\"font-weight: 400;\">???? <\/span><span style=\"font-weight: 400;\">Pou\u017e\u00edvat jej m\u016f\u017eete ka\u017ed\u00fd den. Doporu\u010dujeme ho nan\u00e9st po pou\u017eit\u00ed opalovac\u00edho prost\u0159edku s ochranou proti slunci (SPF). Pro zklidn\u011bn\u00ed k\u016f\u017ee pou\u017eijte n\u00e1\u0161 Kr\u00e9m po opalov\u00e1n\u00ed.<\/span><\/p>\r\n\r\n<\/div><\/div>\r\n<div id=\"accordion-2309607741\" class=\"accordion-item\"><a id=\"accordion-2309607741-label\" href=\"#\" class=\"accordion-title plain\" aria-expanded=\"false\" aria-controls=\"accordion-2309607741-content\"><button class=\"toggle\" aria-label=\"Toggle\"><i class=\"icon-angle-down\"><\/i><\/button><span>M\u00e1m k n\u011bmu pou\u017e\u00edvat i kr\u00e9m s ochranou proti slunci?<\/span><\/a><div id=\"accordion-2309607741-content\" class=\"accordion-inner\" aria-labelledby=\"accordion-2309607741-label\">\r\n\r\n<p><span style=\"font-weight: 400;\">Ano, Opalovac\u00ed kr\u00e9m Tanzzo neposkytuje ochranu proti slunci.<\/span><\/p>\r\n\r\n<\/div><\/div>\r\n<div id=\"accordion-1365201710\" class=\"accordion-item\"><a id=\"accordion-1365201710-label\" href=\"#\" class=\"accordion-title plain\" aria-expanded=\"false\" aria-controls=\"accordion-1365201710-content\"><button class=\"toggle\" aria-label=\"Toggle\"><i class=\"icon-angle-down\"><\/i><\/button><span>Co kdy\u017e m\u00e1m alergie?<\/span><\/a><div id=\"accordion-1365201710-content\" class=\"accordion-inner\" aria-labelledby=\"accordion-1365201710-label\">\r\n\r\n<p><span style=\"font-weight: 400;\">24 hodin p\u0159ed prvn\u00edm pou\u017eit\u00edm Opalovac\u00edho kr\u00e9mu Tanzzo doporu\u010dujeme prov\u00e9st test na mal\u00e9 oblasti poko\u017eky. Pokud se vyskytne podr\u00e1\u017ed\u011bn\u00ed, p\u0159esta\u0148te kr\u00e9m okam\u017eit\u011b pou\u017e\u00edvat.<\/span><\/p>\r\n\r\n<\/div><\/div>\r\n<div id=\"accordion-3716741349\" class=\"accordion-item\"><a id=\"accordion-3716741349-label\" href=\"#\" class=\"accordion-title plain\" aria-expanded=\"false\" aria-controls=\"accordion-3716741349-content\"><button class=\"toggle\" aria-label=\"Toggle\"><i class=\"icon-angle-down\"><\/i><\/button><span>Jak dlouhou dobu m\u00e1m na vr\u00e1cen\u00ed do\u0161l\u00fdch produkt\u016f?<\/span><\/a><div id=\"accordion-3716741349-content\" class=\"accordion-inner\" aria-labelledby=\"accordion-3716741349-label\">\r\n\r\n<p><span style=\"font-weight: 400;\">Mo\u017enost vr\u00e1tit zakoupen\u00e9 produkty m\u00e1te do 14 dn\u016f od data n\u00e1kupu.<\/span><\/p>\r\n\r\n<\/div><\/div>\r\n<div id=\"accordion-2745423319\" class=\"accordion-item\"><a id=\"accordion-2745423319-label\" href=\"#\" class=\"accordion-title plain\" aria-expanded=\"false\" aria-controls=\"accordion-2745423319-content\"><button class=\"toggle\" aria-label=\"Toggle\"><i class=\"icon-angle-down\"><\/i><\/button><span>Kolik se za dopravu plat\u00ed?<\/span><\/a><div id=\"accordion-2745423319-content\" class=\"accordion-inner\" aria-labelledby=\"accordion-2745423319-label\">\r\n\r\n<p><span style=\"font-weight: 400;\">Poskytujeme DOPRAVU ZDARMA! <\/span><\/p>\r\n\r\n<\/div><\/div>\r\n\r\n<\/div>\r\n\t<div id=\"gap-1560960674\" class=\"gap-element clearfix\" style=\"display:block; height:auto;\">\n\t\t\n<style>\n#gap-1560960674 {\n  padding-top: 30px;\n}\n<\/style>\n\t<\/div>\n\t\r\n\r\n\t<div id=\"text-1659938072\" class=\"text\">\n\t\t\r\n\r\n<h4><b>M\u00c1TE DAL\u0160\u00cd DOTAZY?<b><\/b><\/b><\/h4>\r\n<p><span style=\"font-weight: 400;\"><a href=\"https:\/\/tanzzo.com\/cs\/kontact\/\">Obra\u0165te se na<\/a> n\u00e1s, r\u00e1di v\u00e1m pom\u016f\u017eeme!<\/span><\/p>\r\n\t\t\n<style>\n#text-1659938072 {\n  text-align: center;\n}\n<\/style>\n\t<\/div>\n\t\r\n\r\n\t\t<\/div>\n\t\t\t\t\t<\/div>\n\n\t\r\n\r\n<\/div>\r\n\r\n\t\t<\/div>\n\n\t\t\n<style>\n#section_509771949 {\n  padding-top: 50px;\n  padding-bottom: 50px;\n}\n#section_509771949 .ux-shape-divider--top svg {\n  height: 150px;\n  --divider-top-width: 100%;\n}\n#section_509771949 .ux-shape-divider--bottom svg {\n  height: 150px;\n  --divider-width: 100%;\n}\n<\/style>\n\t<\/section>\n\t\n","protected":false},"excerpt":{"rendered":"","protected":false},"author":1,"featured_media":0,"parent":0,"menu_order":0,"comment_status":"closed","ping_status":"closed","template":"page-transparent-header.php","meta":{"footnotes":""},"class_list":["post-5219","page","type-page","status-publish","hentry"],"acf":[],"yoast_head":"<!-- This site is optimized with the Yoast SEO plugin v20.8 - https:\/\/yoast.com\/wordpress\/plugins\/seo\/ -->\n<title>\u010casto kladen\u00e9 dotazy - Tanzzo<\/title>\n<meta name=\"description\" content=\"Help and frequently asked questions about Tanzzo page and Tanzzo products, delivery, shipping, returning policy.\" \/>\n<meta name=\"robots\" content=\"index, follow, max-snippet:-1, max-image-preview:large, max-video-preview:-1\" \/>\n<link rel=\"canonical\" href=\"https:\/\/tanzzo.com\/cz\/casto-kladene-dotazy\/\" \/>\n<meta property=\"og:locale\" content=\"cs_CZ\" \/>\n<meta property=\"og:type\" content=\"article\" \/>\n<meta property=\"og:title\" content=\"\u010casto kladen\u00e9 dotazy - Tanzzo\" \/>\n<meta property=\"og:description\" content=\"Help and frequently asked questions about Tanzzo page and Tanzzo products, delivery, shipping, returning policy.\" \/>\n<meta property=\"og:url\" content=\"https:\/\/tanzzo.com\/cz\/casto-kladene-dotazy\/\" \/>\n<meta property=\"og:site_name\" content=\"Tanzzo\" \/>\n<meta property=\"article:publisher\" content=\"https:\/\/www.facebook.com\/Tanzzzo\/\" \/>\n<meta property=\"article:modified_time\" content=\"2022-04-26T12:38:38+00:00\" \/>\n<meta name=\"twitter:card\" content=\"summary_large_image\" \/>\n<script type=\"application\/ld+json\" class=\"yoast-schema-graph\">{\"@context\":\"https:\/\/schema.org\",\"@graph\":[{\"@type\":\"WebPage\",\"@id\":\"https:\/\/tanzzo.com\/cz\/casto-kladene-dotazy\/\",\"url\":\"https:\/\/tanzzo.com\/cz\/casto-kladene-dotazy\/\",\"name\":\"\u010casto kladen\u00e9 dotazy - Tanzzo\",\"isPartOf\":{\"@id\":\"https:\/\/tanzzo.com\/cz\/#website\"},\"datePublished\":\"2021-08-16T08:48:36+00:00\",\"dateModified\":\"2022-04-26T12:38:38+00:00\",\"description\":\"Help and frequently asked questions about Tanzzo page and Tanzzo products, delivery, shipping, returning policy.\",\"breadcrumb\":{\"@id\":\"https:\/\/tanzzo.com\/cz\/casto-kladene-dotazy\/#breadcrumb\"},\"inLanguage\":\"cs\",\"potentialAction\":[{\"@type\":\"ReadAction\",\"target\":[\"https:\/\/tanzzo.com\/cz\/casto-kladene-dotazy\/\"]}]},{\"@type\":\"BreadcrumbList\",\"@id\":\"https:\/\/tanzzo.com\/cz\/casto-kladene-dotazy\/#breadcrumb\",\"itemListElement\":[{\"@type\":\"ListItem\",\"position\":1,\"name\":\"Home\",\"item\":\"https:\/\/tanzzo.com\/cz\/\"},{\"@type\":\"ListItem\",\"position\":2,\"name\":\"\u010casto kladen\u00e9 dotazy\"}]},{\"@type\":\"WebSite\",\"@id\":\"https:\/\/tanzzo.com\/cz\/#website\",\"url\":\"https:\/\/tanzzo.com\/cz\/\",\"name\":\"Tanzzo\",\"description\":\"GET YOUR PERFECT TAN\",\"publisher\":{\"@id\":\"https:\/\/tanzzo.com\/cz\/#organization\"},\"potentialAction\":[{\"@type\":\"SearchAction\",\"target\":{\"@type\":\"EntryPoint\",\"urlTemplate\":\"https:\/\/tanzzo.com\/cz\/?s={search_term_string}\"},\"query-input\":\"required name=search_term_string\"}],\"inLanguage\":\"cs\"},{\"@type\":\"Organization\",\"@id\":\"https:\/\/tanzzo.com\/cz\/#organization\",\"name\":\"Tanzzo\",\"url\":\"https:\/\/tanzzo.com\/cz\/\",\"logo\":{\"@type\":\"ImageObject\",\"inLanguage\":\"cs\",\"@id\":\"https:\/\/tanzzo.com\/cz\/#\/schema\/logo\/image\/\",\"url\":\"https:\/\/tanzzo.com\/wp-content\/uploads\/2021\/08\/tanzzo1.png\",\"contentUrl\":\"https:\/\/tanzzo.com\/wp-content\/uploads\/2021\/08\/tanzzo1.png\",\"width\":2560,\"height\":426,\"caption\":\"Tanzzo\"},\"image\":{\"@id\":\"https:\/\/tanzzo.com\/cz\/#\/schema\/logo\/image\/\"},\"sameAs\":[\"https:\/\/www.facebook.com\/Tanzzzo\/\",\"https:\/\/www.instagram.com\/tanzzo_original\/\"]}]}<\/script>\n<!-- \/ Yoast SEO plugin. -->","yoast_head_json":{"title":"\u010casto kladen\u00e9 dotazy - Tanzzo","description":"Help and frequently asked questions about Tanzzo page and Tanzzo products, delivery, shipping, returning policy.","robots":{"index":"index","follow":"follow","max-snippet":"max-snippet:-1","max-image-preview":"max-image-preview:large","max-video-preview":"max-video-preview:-1"},"canonical":"https:\/\/tanzzo.com\/cz\/casto-kladene-dotazy\/","og_locale":"cs_CZ","og_type":"article","og_title":"\u010casto kladen\u00e9 dotazy - Tanzzo","og_description":"Help and frequently asked questions about Tanzzo page and Tanzzo products, delivery, shipping, returning policy.","og_url":"https:\/\/tanzzo.com\/cz\/casto-kladene-dotazy\/","og_site_name":"Tanzzo","article_publisher":"https:\/\/www.facebook.com\/Tanzzzo\/","article_modified_time":"2022-04-26T12:38:38+00:00","twitter_card":"summary_large_image","schema":{"@context":"https:\/\/schema.org","@graph":[{"@type":"WebPage","@id":"https:\/\/tanzzo.com\/cz\/casto-kladene-dotazy\/","url":"https:\/\/tanzzo.com\/cz\/casto-kladene-dotazy\/","name":"\u010casto kladen\u00e9 dotazy - Tanzzo","isPartOf":{"@id":"https:\/\/tanzzo.com\/cz\/#website"},"datePublished":"2021-08-16T08:48:36+00:00","dateModified":"2022-04-26T12:38:38+00:00","description":"Help and frequently asked questions about Tanzzo page and Tanzzo products, delivery, shipping, returning policy.","breadcrumb":{"@id":"https:\/\/tanzzo.com\/cz\/casto-kladene-dotazy\/#breadcrumb"},"inLanguage":"cs","potentialAction":[{"@type":"ReadAction","target":["https:\/\/tanzzo.com\/cz\/casto-kladene-dotazy\/"]}]},{"@type":"BreadcrumbList","@id":"https:\/\/tanzzo.com\/cz\/casto-kladene-dotazy\/#breadcrumb","itemListElement":[{"@type":"ListItem","position":1,"name":"Home","item":"https:\/\/tanzzo.com\/cz\/"},{"@type":"ListItem","position":2,"name":"\u010casto kladen\u00e9 dotazy"}]},{"@type":"WebSite","@id":"https:\/\/tanzzo.com\/cz\/#website","url":"https:\/\/tanzzo.com\/cz\/","name":"Tanzzo","description":"GET YOUR PERFECT TAN","publisher":{"@id":"https:\/\/tanzzo.com\/cz\/#organization"},"potentialAction":[{"@type":"SearchAction","target":{"@type":"EntryPoint","urlTemplate":"https:\/\/tanzzo.com\/cz\/?s={search_term_string}"},"query-input":"required name=search_term_string"}],"inLanguage":"cs"},{"@type":"Organization","@id":"https:\/\/tanzzo.com\/cz\/#organization","name":"Tanzzo","url":"https:\/\/tanzzo.com\/cz\/","logo":{"@type":"ImageObject","inLanguage":"cs","@id":"https:\/\/tanzzo.com\/cz\/#\/schema\/logo\/image\/","url":"https:\/\/tanzzo.com\/wp-content\/uploads\/2021\/08\/tanzzo1.png","contentUrl":"https:\/\/tanzzo.com\/wp-content\/uploads\/2021\/08\/tanzzo1.png","width":2560,"height":426,"caption":"Tanzzo"},"image":{"@id":"https:\/\/tanzzo.com\/cz\/#\/schema\/logo\/image\/"},"sameAs":["https:\/\/www.facebook.com\/Tanzzzo\/","https:\/\/www.instagram.com\/tanzzo_original\/"]}]}},"_links":{"self":[{"href":"https:\/\/tanzzo.com\/cz\/wp-json\/wp\/v2\/pages\/5219","targetHints":{"allow":["GET"]}}],"collection":[{"href":"https:\/\/tanzzo.com\/cz\/wp-json\/wp\/v2\/pages"}],"about":[{"href":"https:\/\/tanzzo.com\/cz\/wp-json\/wp\/v2\/types\/page"}],"author":[{"embeddable":true,"href":"https:\/\/tanzzo.com\/cz\/wp-json\/wp\/v2\/users\/1"}],"replies":[{"embeddable":true,"href":"https:\/\/tanzzo.com\/cz\/wp-json\/wp\/v2\/comments?post=5219"}],"version-history":[{"count":3,"href":"https:\/\/tanzzo.com\/cz\/wp-json\/wp\/v2\/pages\/5219\/revisions"}],"predecessor-version":[{"id":5547,"href":"https:\/\/tanzzo.com\/cz\/wp-json\/wp\/v2\/pages\/5219\/revisions\/5547"}],"wp:attachment":[{"href":"https:\/\/tanzzo.com\/cz\/wp-json\/wp\/v2\/media?parent=5219"}],"curies":[{"name":"wp","href":"https:\/\/api.w.org\/{rel}","templated":true}]}}