
{"id":5148,"date":"2022-03-25T08:54:32","date_gmt":"2022-03-25T06:54:32","guid":{"rendered":"https:\/\/tanzzo.com\/collab-with-us\/"},"modified":"2022-04-22T10:26:20","modified_gmt":"2022-04-22T08:26:20","slug":"collab-with-us","status":"publish","type":"page","link":"https:\/\/tanzzo.com\/cz\/collab-with-us\/","title":{"rendered":"SPOLUPRACUJTE S N\u00c1MI"},"content":{"rendered":"\t<section class=\"section\" id=\"section_1840746978\">\n\t\t<div class=\"bg section-bg fill bg-fill  bg-loaded\" >\n\n\t\t\t\n\t\t\t\n\t\t\t\n\n\t\t<\/div>\n\n\t\t\n\n\t\t<div class=\"section-content relative\">\n\t\t\t\n<div class=\"row\" style=\"max-width:1289px\" id=\"row-966664227\">\n\n\t<div id=\"col-1812490473\" class=\"col medium-2 small-12 large-2\"  >\n\t\t\t\t<div class=\"col-inner\"  >\n\t\t\t\n\t\t\t\n<div class=\"is-divider divider clearfix\" style=\"margin-top:2em;margin-bottom:2em;max-width:100%;height:1px;background-color:rgb(0, 0, 0);\"><\/div>\n\t\t<\/div>\n\t\t\t\t\t<\/div>\n\n\t\n\n\t<div id=\"col-1324944809\" class=\"col medium-8 small-12 large-8\"  >\n\t\t\t\t<div class=\"col-inner text-center\"  >\n\t\t\t\n\t\t\t\n\t<div id=\"text-687153756\" class=\"text\">\n\t\t\n<h2 style=\"text-transform: uppercase;\">Ahoj ko\u010dko!<\/h2>\n\t\t\n<style>\n#text-687153756 {\n  font-size: 1.6rem;\n  text-align: center;\n}\n<\/style>\n\t<\/div>\n\t\n\t\t<\/div>\n\t\t\t\t\t<\/div>\n\n\t\n\n\t<div id=\"col-1111479117\" class=\"col medium-2 small-12 large-2\"  >\n\t\t\t\t<div class=\"col-inner\"  >\n\t\t\t\n\t\t\t\n<div class=\"is-divider divider clearfix\" style=\"margin-top:2em;margin-bottom:2em;max-width:100%;height:1px;background-color:rgb(0, 0, 0);\"><\/div>\n\t\t<\/div>\n\t\t\t\t\t<\/div>\n\n\t\n<\/div>\n\t<div id=\"gap-1095073860\" class=\"gap-element clearfix\" style=\"display:block; height:auto;\">\n\t\t\n<style>\n#gap-1095073860 {\n  padding-top: 30px;\n}\n<\/style>\n\t<\/div>\n\t\n<div class=\"row align-middle\" style=\"max-width:1289px\" id=\"row-18842349\">\n\n\t<div id=\"col-1399343209\" class=\"col pb-0 small-12 large-12\"  >\n\t\t\t\t<div class=\"col-inner\"  >\n\t\t\t\n\t\t\t\n<p><span style=\"font-weight: 400;\">Ahoj ko\u010dko!<\/span><\/p>\n<p><span style=\"font-weight: 400;\">Je tv\u00fdm snem st\u00e1t se modelkou nebo influencerkou a m\u00e1\u0161 z\u00e1jem s n\u00e1mi spolupracovat? Jsi extr\u00e9mn\u00ed milovnice op\u00e1len\u00ed?<\/span><\/p>\n<p>\u00a0<\/p>\n<p><b>A\u0165 u\u017e jsi instagramerka, vlogerka, blogerka nebo jen v\u011brn\u00e1 z\u00e1kaznice, r\u00e1di bychom s tebou nav\u00e1zali spolupr\u00e1ci prost\u0159ednictv\u00edm soci\u00e1ln\u00edch s\u00edt\u00ed!<\/b><\/p>\n<p>\u00a0<\/p>\n<p><span style=\"font-weight: 400;\">Po registraci v\u011bnujeme \u010das p\u0159ezkoum\u00e1n\u00ed tvoj\u00ed \u017e\u00e1dosti. Pokud se budeme domn\u00edvat, \u017ee by mezi n\u00e1mi mohla prob\u00edhat spolupr\u00e1ce, obdr\u017e\u00ed\u0161 e-mail s nab\u00eddkou.<\/span><\/p>\n<p>\u00a0<\/p>\n<p><b>POKUD M\u00c1\u0160 CHU\u0164, VYJ\u00c1D\u0158I SV\u016eJ Z\u00c1JEM VYPLN\u011aN\u00cdM TOHOTO FORMUL\u00c1\u0158E <\/b><b>\u2661<\/b><\/p>\n<p>\u00a0<\/p>\n<p><span style=\"font-weight: 400;\">Upozorn\u011bn\u00ed: v\u00edcen\u00e1sobn\u00e9 odesl\u00e1n\u00ed nezv\u00fd\u0161\u00ed \u0161anci, \u017ee t\u011b budeme kontaktovat. Ur\u010dit\u011b se ti ozveme, pokud uvid\u00edme, \u017ee se k sob\u011b hod\u00edme!!<\/span><\/p>\n\n<div class=\"wpcf7 no-js\" id=\"wpcf7-f5323-o1\" lang=\"cs-CZ\" dir=\"ltr\">\n<div class=\"screen-reader-response\"><p role=\"status\" aria-live=\"polite\" aria-atomic=\"true\"><\/p> <ul><\/ul><\/div>\n<form action=\"\/cz\/wp-json\/wp\/v2\/pages\/5148#wpcf7-f5323-o1\" method=\"post\" class=\"wpcf7-form init\" aria-label=\"Contact form\" novalidate=\"novalidate\" data-status=\"init\">\n<div style=\"display: none;\">\n<input type=\"hidden\" name=\"_wpcf7\" value=\"5323\" \/>\n<input type=\"hidden\" name=\"_wpcf7_version\" value=\"5.7.6\" \/>\n<input type=\"hidden\" name=\"_wpcf7_locale\" value=\"cs_CZ\" \/>\n<input type=\"hidden\" name=\"_wpcf7_unit_tag\" value=\"wpcf7-f5323-o1\" \/>\n<input type=\"hidden\" name=\"_wpcf7_container_post\" value=\"0\" \/>\n<input type=\"hidden\" name=\"_wpcf7_posted_data_hash\" value=\"\" \/>\n<input type=\"hidden\" name=\"_wpcf7_recaptcha_response\" value=\"\" \/>\n<\/div>\n<input class=\"wpcf7-form-control wpcf7-hidden\" id=\"thankyouURL\" value=\"https:\/\/tanzzo.com\/thank-you-for-inquiry\/\" type=\"hidden\" name=\"thankyouURL\" \/>\n<div class=\"collab-form\">\n\t<p><label><span class=\"wpcf7-form-control-wrap\" data-name=\"your-name\"><input size=\"40\" class=\"wpcf7-form-control wpcf7-text wpcf7-validates-as-required\" aria-required=\"true\" aria-invalid=\"false\" placeholder=\"Jm\u00e9no a p\u0159\u00edjmen\u00ed\" value=\"\" type=\"text\" name=\"your-name\" \/><\/span><\/label>\n\t<\/p>\n\t<p><label><span class=\"wpcf7-form-control-wrap\" data-name=\"country\"><input size=\"40\" class=\"wpcf7-form-control wpcf7-text wpcf7-validates-as-required\" aria-required=\"true\" aria-invalid=\"false\" placeholder=\"Odkud jsi?\" value=\"\" type=\"text\" name=\"country\" \/><\/span> <\/label>\n\t<\/p>\n\t<p><label><span class=\"wpcf7-form-control-wrap\" data-name=\"your-email\"><input size=\"40\" class=\"wpcf7-form-control wpcf7-text wpcf7-email wpcf7-validates-as-required wpcf7-validates-as-email\" aria-required=\"true\" aria-invalid=\"false\" placeholder=\"Tv\u016fj e-mail (abychom t\u011b mohli kontaktovat)\" value=\"\" type=\"email\" name=\"your-email\" \/><\/span> <\/label>\n\t<\/p>\n\t<p><label>Kter\u00e9 profily na soci\u00e1ln\u00edch s\u00edt\u00edch spravuje\u0161?<br \/>\n<span class=\"wpcf7-form-control-wrap\" data-name=\"platform\"><select class=\"wpcf7-form-control wpcf7-select wpcf7-validates-as-required\" aria-required=\"true\" aria-invalid=\"false\" name=\"platform\"><option value=\"Instagram\">Instagram<\/option><option value=\"TikTok\">TikTok<\/option><option value=\"YouTube\">YouTube<\/option><option value=\"Facebook\">Facebook<\/option><option value=\"Jin\u00e1 s\u00ed\u0165\">Jin\u00e1 s\u00ed\u0165<\/option><\/select><\/span><\/label>\n\t<\/p>\n\t<p><label><span class=\"wpcf7-form-control-wrap\" data-name=\"handle\"><input size=\"40\" class=\"wpcf7-form-control wpcf7-text wpcf7-validates-as-required\" aria-required=\"true\" aria-invalid=\"false\" placeholder=\"Vlo\u017e odkazy na svoje profily na soci\u00e1ln\u00edch s\u00edt\u00edch (Instagram, Tik Tok, Youtube...)\" value=\"\" type=\"text\" name=\"handle\" \/><\/span> <\/label>\n\t<\/p>\n\t<p><label>Na co se tvoje platforma (platformy) zam\u011b\u0159uje?<br \/>\n<span class=\"wpcf7-form-control-wrap\" data-name=\"focus\"><select class=\"wpcf7-form-control wpcf7-select wpcf7-validates-as-required\" aria-required=\"true\" aria-invalid=\"false\" name=\"focus\"><option value=\"M\u00f3da\">M\u00f3da<\/option><option value=\"J\u00eddlo\">J\u00eddlo<\/option><option value=\"Fitness\">Fitness<\/option><option value=\"\u017divotn\u00ed styl\">\u017divotn\u00ed styl<\/option><option value=\"Cestov\u00e1n\u00ed\">Cestov\u00e1n\u00ed<\/option><option value=\"Jin\u00e1 s\u00ed\u0165\">Jin\u00e1 s\u00ed\u0165<\/option><\/select><\/span><\/label>\n\t<\/p>\n\t<p><label><span class=\"wpcf7-form-control-wrap\" data-name=\"your-message\"><textarea cols=\"40\" rows=\"10\" class=\"wpcf7-form-control wpcf7-textarea wpcf7-validates-as-required\" aria-required=\"true\" aria-invalid=\"false\" placeholder=\"Jak bys cht\u011bla propagovat na\u0161e produkty a co bys do rodiny TANZZO mohla p\u0159in\u00e9st?\" name=\"your-message\"><\/textarea><\/span> <\/label>\n\t<\/p>\n\t<p><input class=\"wpcf7-form-control has-spinner wpcf7-submit\" type=\"submit\" value=\"ODESLAT\" \/>\n\t<\/p>\n<\/div>\n<p><script>\ndocument.addEventListener( 'wpcf7mailsent', function( event ) {\n var thankyouURL = document.getElementById(\"thankyouURL\").value;\n location = thankyouURL;\n}, false );\n<\/script>\n<\/p><div class=\"wpcf7-response-output\" aria-hidden=\"true\"><\/div>\n<\/form>\n<\/div>\n\n\t\t<\/div>\n\t\t\t\t\t<\/div>\n\n\t\n<\/div>\n\t\t<\/div>\n\n\t\t\n<style>\n#section_1840746978 {\n  padding-top: 30px;\n  padding-bottom: 30px;\n}\n#section_1840746978 .ux-shape-divider--top svg {\n  height: 150px;\n  --divider-top-width: 100%;\n}\n#section_1840746978 .ux-shape-divider--bottom svg {\n  height: 150px;\n  --divider-width: 100%;\n}\n@media (min-width:850px) {\n  #section_1840746978 {\n    padding-top: 100px;\n    padding-bottom: 100px;\n  }\n}\n<\/style>\n\t<\/section>\n\t\n","protected":false},"excerpt":{"rendered":"","protected":false},"author":1,"featured_media":0,"parent":0,"menu_order":0,"comment_status":"closed","ping_status":"closed","template":"page-blank.php","meta":{"footnotes":""},"class_list":["post-5148","page","type-page","status-publish","hentry"],"acf":[],"yoast_head":"<!-- This site is optimized with the Yoast SEO plugin v20.8 - https:\/\/yoast.com\/wordpress\/plugins\/seo\/ -->\n<title>SPOLUPRACUJTE S N\u00c1MI - Tanzzo<\/title>\n<meta name=\"description\" content=\"Whether you are instagrammer, vlogger, blogger or just a loyal customer, we would love to collab with you through social media!\" \/>\n<meta name=\"robots\" content=\"index, follow, max-snippet:-1, max-image-preview:large, max-video-preview:-1\" \/>\n<link rel=\"canonical\" href=\"https:\/\/tanzzo.com\/cz\/collab-with-us\/\" \/>\n<meta property=\"og:locale\" content=\"cs_CZ\" \/>\n<meta property=\"og:type\" content=\"article\" \/>\n<meta property=\"og:title\" content=\"SPOLUPRACUJTE S N\u00c1MI - Tanzzo\" \/>\n<meta property=\"og:description\" content=\"Whether you are instagrammer, vlogger, blogger or just a loyal customer, we would love to collab with you through social media!\" \/>\n<meta property=\"og:url\" content=\"https:\/\/tanzzo.com\/cz\/collab-with-us\/\" \/>\n<meta property=\"og:site_name\" content=\"Tanzzo\" \/>\n<meta property=\"article:publisher\" content=\"https:\/\/www.facebook.com\/Tanzzzo\/\" \/>\n<meta property=\"article:modified_time\" content=\"2022-04-22T08:26:20+00:00\" \/>\n<meta name=\"twitter:card\" content=\"summary_large_image\" \/>\n<meta name=\"twitter:label1\" content=\"Odhadovan\u00e1 doba \u010dten\u00ed\" \/>\n\t<meta name=\"twitter:data1\" content=\"1 minuta\" \/>\n<script type=\"application\/ld+json\" class=\"yoast-schema-graph\">{\"@context\":\"https:\/\/schema.org\",\"@graph\":[{\"@type\":\"WebPage\",\"@id\":\"https:\/\/tanzzo.com\/cz\/collab-with-us\/\",\"url\":\"https:\/\/tanzzo.com\/cz\/collab-with-us\/\",\"name\":\"SPOLUPRACUJTE S N\u00c1MI - Tanzzo\",\"isPartOf\":{\"@id\":\"https:\/\/tanzzo.com\/cz\/#website\"},\"datePublished\":\"2022-03-25T06:54:32+00:00\",\"dateModified\":\"2022-04-22T08:26:20+00:00\",\"description\":\"Whether you are instagrammer, vlogger, blogger or just a loyal customer, we would love to collab with you through social media!\",\"breadcrumb\":{\"@id\":\"https:\/\/tanzzo.com\/cz\/collab-with-us\/#breadcrumb\"},\"inLanguage\":\"cs\",\"potentialAction\":[{\"@type\":\"ReadAction\",\"target\":[\"https:\/\/tanzzo.com\/cz\/collab-with-us\/\"]}]},{\"@type\":\"BreadcrumbList\",\"@id\":\"https:\/\/tanzzo.com\/cz\/collab-with-us\/#breadcrumb\",\"itemListElement\":[{\"@type\":\"ListItem\",\"position\":1,\"name\":\"Home\",\"item\":\"https:\/\/tanzzo.com\/cz\/\"},{\"@type\":\"ListItem\",\"position\":2,\"name\":\"SPOLUPRACUJTE S N\u00c1MI\"}]},{\"@type\":\"WebSite\",\"@id\":\"https:\/\/tanzzo.com\/cz\/#website\",\"url\":\"https:\/\/tanzzo.com\/cz\/\",\"name\":\"Tanzzo\",\"description\":\"GET YOUR PERFECT TAN\",\"publisher\":{\"@id\":\"https:\/\/tanzzo.com\/cz\/#organization\"},\"potentialAction\":[{\"@type\":\"SearchAction\",\"target\":{\"@type\":\"EntryPoint\",\"urlTemplate\":\"https:\/\/tanzzo.com\/cz\/?s={search_term_string}\"},\"query-input\":\"required name=search_term_string\"}],\"inLanguage\":\"cs\"},{\"@type\":\"Organization\",\"@id\":\"https:\/\/tanzzo.com\/cz\/#organization\",\"name\":\"Tanzzo\",\"url\":\"https:\/\/tanzzo.com\/cz\/\",\"logo\":{\"@type\":\"ImageObject\",\"inLanguage\":\"cs\",\"@id\":\"https:\/\/tanzzo.com\/cz\/#\/schema\/logo\/image\/\",\"url\":\"https:\/\/tanzzo.com\/wp-content\/uploads\/2021\/08\/tanzzo1.png\",\"contentUrl\":\"https:\/\/tanzzo.com\/wp-content\/uploads\/2021\/08\/tanzzo1.png\",\"width\":2560,\"height\":426,\"caption\":\"Tanzzo\"},\"image\":{\"@id\":\"https:\/\/tanzzo.com\/cz\/#\/schema\/logo\/image\/\"},\"sameAs\":[\"https:\/\/www.facebook.com\/Tanzzzo\/\",\"https:\/\/www.instagram.com\/tanzzo_original\/\"]}]}<\/script>\n<!-- \/ Yoast SEO plugin. -->","yoast_head_json":{"title":"SPOLUPRACUJTE S N\u00c1MI - Tanzzo","description":"Whether you are instagrammer, vlogger, blogger or just a loyal customer, we would love to collab with you through social media!","robots":{"index":"index","follow":"follow","max-snippet":"max-snippet:-1","max-image-preview":"max-image-preview:large","max-video-preview":"max-video-preview:-1"},"canonical":"https:\/\/tanzzo.com\/cz\/collab-with-us\/","og_locale":"cs_CZ","og_type":"article","og_title":"SPOLUPRACUJTE S N\u00c1MI - Tanzzo","og_description":"Whether you are instagrammer, vlogger, blogger or just a loyal customer, we would love to collab with you through social media!","og_url":"https:\/\/tanzzo.com\/cz\/collab-with-us\/","og_site_name":"Tanzzo","article_publisher":"https:\/\/www.facebook.com\/Tanzzzo\/","article_modified_time":"2022-04-22T08:26:20+00:00","twitter_card":"summary_large_image","twitter_misc":{"Odhadovan\u00e1 doba \u010dten\u00ed":"1 minuta"},"schema":{"@context":"https:\/\/schema.org","@graph":[{"@type":"WebPage","@id":"https:\/\/tanzzo.com\/cz\/collab-with-us\/","url":"https:\/\/tanzzo.com\/cz\/collab-with-us\/","name":"SPOLUPRACUJTE S N\u00c1MI - Tanzzo","isPartOf":{"@id":"https:\/\/tanzzo.com\/cz\/#website"},"datePublished":"2022-03-25T06:54:32+00:00","dateModified":"2022-04-22T08:26:20+00:00","description":"Whether you are instagrammer, vlogger, blogger or just a loyal customer, we would love to collab with you through social media!","breadcrumb":{"@id":"https:\/\/tanzzo.com\/cz\/collab-with-us\/#breadcrumb"},"inLanguage":"cs","potentialAction":[{"@type":"ReadAction","target":["https:\/\/tanzzo.com\/cz\/collab-with-us\/"]}]},{"@type":"BreadcrumbList","@id":"https:\/\/tanzzo.com\/cz\/collab-with-us\/#breadcrumb","itemListElement":[{"@type":"ListItem","position":1,"name":"Home","item":"https:\/\/tanzzo.com\/cz\/"},{"@type":"ListItem","position":2,"name":"SPOLUPRACUJTE S N\u00c1MI"}]},{"@type":"WebSite","@id":"https:\/\/tanzzo.com\/cz\/#website","url":"https:\/\/tanzzo.com\/cz\/","name":"Tanzzo","description":"GET YOUR PERFECT TAN","publisher":{"@id":"https:\/\/tanzzo.com\/cz\/#organization"},"potentialAction":[{"@type":"SearchAction","target":{"@type":"EntryPoint","urlTemplate":"https:\/\/tanzzo.com\/cz\/?s={search_term_string}"},"query-input":"required name=search_term_string"}],"inLanguage":"cs"},{"@type":"Organization","@id":"https:\/\/tanzzo.com\/cz\/#organization","name":"Tanzzo","url":"https:\/\/tanzzo.com\/cz\/","logo":{"@type":"ImageObject","inLanguage":"cs","@id":"https:\/\/tanzzo.com\/cz\/#\/schema\/logo\/image\/","url":"https:\/\/tanzzo.com\/wp-content\/uploads\/2021\/08\/tanzzo1.png","contentUrl":"https:\/\/tanzzo.com\/wp-content\/uploads\/2021\/08\/tanzzo1.png","width":2560,"height":426,"caption":"Tanzzo"},"image":{"@id":"https:\/\/tanzzo.com\/cz\/#\/schema\/logo\/image\/"},"sameAs":["https:\/\/www.facebook.com\/Tanzzzo\/","https:\/\/www.instagram.com\/tanzzo_original\/"]}]}},"_links":{"self":[{"href":"https:\/\/tanzzo.com\/cz\/wp-json\/wp\/v2\/pages\/5148","targetHints":{"allow":["GET"]}}],"collection":[{"href":"https:\/\/tanzzo.com\/cz\/wp-json\/wp\/v2\/pages"}],"about":[{"href":"https:\/\/tanzzo.com\/cz\/wp-json\/wp\/v2\/types\/page"}],"author":[{"embeddable":true,"href":"https:\/\/tanzzo.com\/cz\/wp-json\/wp\/v2\/users\/1"}],"replies":[{"embeddable":true,"href":"https:\/\/tanzzo.com\/cz\/wp-json\/wp\/v2\/comments?post=5148"}],"version-history":[{"count":3,"href":"https:\/\/tanzzo.com\/cz\/wp-json\/wp\/v2\/pages\/5148\/revisions"}],"predecessor-version":[{"id":5165,"href":"https:\/\/tanzzo.com\/cz\/wp-json\/wp\/v2\/pages\/5148\/revisions\/5165"}],"wp:attachment":[{"href":"https:\/\/tanzzo.com\/cz\/wp-json\/wp\/v2\/media?parent=5148"}],"curies":[{"name":"wp","href":"https:\/\/api.w.org\/{rel}","templated":true}]}}