
{"id":5131,"date":"2022-03-25T08:54:21","date_gmt":"2022-03-25T06:54:21","guid":{"rendered":"https:\/\/tanzzo.com\/about-tanzzo\/"},"modified":"2022-04-28T11:44:11","modified_gmt":"2022-04-28T09:44:11","slug":"about-tanzzo","status":"publish","type":"page","link":"https:\/\/tanzzo.com\/cz\/about-tanzzo\/","title":{"rendered":"O TANZZO"},"content":{"rendered":"\t<section class=\"section\" id=\"section_1672035061\">\n\t\t<div class=\"bg section-bg fill bg-fill  bg-loaded\" >\n\n\t\t\t\n\t\t\t\n\t\t\t\n\n\t\t<\/div>\n\n\t\t\n\n\t\t<div class=\"section-content relative\">\n\t\t\t\n<div class=\"row\" style=\"max-width:1289px\" id=\"row-1719426329\">\n\n\t<div id=\"col-1247175962\" class=\"col medium-2 small-12 large-2\"  >\n\t\t\t\t<div class=\"col-inner\"  >\n\t\t\t\n\t\t\t\n<div class=\"is-divider divider clearfix\" style=\"margin-top:2em;margin-bottom:2em;max-width:100%;height:1px;background-color:rgb(0, 0, 0);\"><\/div>\n\t\t<\/div>\n\t\t\t\t\t<\/div>\n\n\t\n\n\t<div id=\"col-1242918144\" class=\"col medium-8 small-12 large-8\"  >\n\t\t\t\t<div class=\"col-inner text-center\"  >\n\t\t\t\n\t\t\t\n\t<div id=\"text-4282091069\" class=\"text\">\n\t\t\n<h2 style=\"text-transform: uppercase;\">ABOUT TANZZO<\/h2>\n\t\t\n<style>\n#text-4282091069 {\n  font-size: 1.6rem;\n  text-align: center;\n}\n<\/style>\n\t<\/div>\n\t\n\t\t<\/div>\n\t\t\t\t\t<\/div>\n\n\t\n\n\t<div id=\"col-531464637\" class=\"col medium-2 small-12 large-2\"  >\n\t\t\t\t<div class=\"col-inner\"  >\n\t\t\t\n\t\t\t\n<div class=\"is-divider divider clearfix\" style=\"margin-top:2em;margin-bottom:2em;max-width:100%;height:1px;background-color:rgb(0, 0, 0);\"><\/div>\n\t\t<\/div>\n\t\t\t\t\t<\/div>\n\n\t\n<\/div>\n\t<div id=\"gap-1161592772\" class=\"gap-element clearfix\" style=\"display:block; height:auto;\">\n\t\t\n<style>\n#gap-1161592772 {\n  padding-top: 30px;\n}\n<\/style>\n\t<\/div>\n\t\n<div class=\"row align-middle\" style=\"max-width:1289px\" id=\"row-1833697817\">\n\n\t<div id=\"col-1082364647\" class=\"col small-12 large-12\"  >\n\t\t\t\t<div class=\"col-inner\"  >\n\t\t\t\n\t\t\t\n<p>V\u0161echno za\u010dalo spojen\u00edm c\u00edlev\u011bdom\u00fdch mlad\u00fdch podnikatel\u016f, kte\u0159\u00ed cht\u011bli podpo\u0159it \u017eeny a nab\u00eddnout jim v r\u00e1mci p\u00e9\u010de o t\u011blo a ple\u0165 dokonal\u00e9 produkty pro jejich \u201et\u011blesn\u00fd obal\u201c.<\/p>\n<p>TANZZO je kosmetick\u00e1 zna\u010dka usiluj\u00edc\u00ed o v\u00fdrobu vysoce kvalitn\u00ed kosmetiky a opalovac\u00edch p\u0159\u00edpravk\u016f. D\u00edky pou\u017eit\u00ed n\u011bkolika exkluzivn\u00edch kl\u00ed\u010dov\u00fdch slo\u017eek jsme vytvo\u0159ili recepturu pro vy\u017eivenou a z\u00e1\u0159ivou poko\u017eku. V\u0161echny produkty vyv\u00edj\u00edme a vyr\u00e1b\u00edme v intern\u00edch provozech na\u0161\u00ed firmy, co\u017e n\u00e1m umo\u017e\u0148uje produkci v t\u00e9 nejvy\u0161\u0161\u00ed kvalit\u011b\u2013 v\u0161e m\u00e1me pod kontrolou od prvotn\u00edho n\u00e1padu a\u017e po hotov\u00fd produkt. P\u0159i tvorb\u011b produkt\u016f spolupracujeme s \u017eenami r\u016fzn\u00e9ho v\u011bku a zohled\u0148ujeme jejich n\u00e1zory, kter\u00e9 n\u00e1s vedou k vytv\u00e1\u0159en\u00ed posiluj\u00edc\u00ed kosmetiky ve \u0161pi\u010dkov\u00e9 kvalit\u011b. Jsme si v\u011bdomi toho, jak je d\u016fle\u017eit\u00e9, aby poko\u017eka \u010dlov\u011bku p\u0159in\u00e1\u0161ela p\u0159\u00edjemn\u00e9 pocity, a proto se sna\u017e\u00edme vytv\u00e1\u0159et produkty, kter\u00e9 pom\u00e1haj\u00ed dos\u00e1hnout zdrav\u00e9ho sebev\u011bdom\u00ed a zbavit se pocit\u016f \u0159\u00edkaj\u00edc\u00edch: \u201eNec\u00edt\u00edm se ve sv\u00e9 k\u016f\u017ei dob\u0159e\u201c.<\/p>\n<p>V\u011b\u0159\u00edme, \u017ee na\u0161\u00edm \u00fakolem je probudit v ka\u017ed\u00e9m s\u00edlu a sebev\u011bdom\u00ed. \u2661<\/p>\n\t<div id=\"gap-53656273\" class=\"gap-element clearfix\" style=\"display:block; height:auto;\">\n\t\t\n<style>\n#gap-53656273 {\n  padding-top: 30px;\n}\n<\/style>\n\t<\/div>\n\t\n<h4><strong>\u00dadaje o spole\u010dnosti:<\/strong><\/h4>\n<p>GM WEB, trade and services d. o. o.<br \/>Brodi\u0161\u010de 28,<br \/>1236 Trzin, Slovenija<\/p>\n<h4><strong>Identifika\u010dn\u00ed \u010d\u00edslo DPH:\u00a054700477<\/strong><\/h4>\n<h4><strong>Registra\u010dn\u00ed \u010d\u00edslo: 8632081000<\/strong><\/h4>\n\t\t<\/div>\n\t\t\t\t\t<\/div>\n\n\t\n<\/div>\n\t\t<\/div>\n\n\t\t\n<style>\n#section_1672035061 {\n  padding-top: 100px;\n  padding-bottom: 100px;\n}\n#section_1672035061 .ux-shape-divider--top svg {\n  height: 150px;\n  --divider-top-width: 100%;\n}\n#section_1672035061 .ux-shape-divider--bottom svg {\n  height: 150px;\n  --divider-width: 100%;\n}\n<\/style>\n\t<\/section>\n\t\n","protected":false},"excerpt":{"rendered":"","protected":false},"author":1,"featured_media":0,"parent":0,"menu_order":0,"comment_status":"closed","ping_status":"closed","template":"page-blank.php","meta":{"footnotes":""},"class_list":["post-5131","page","type-page","status-publish","hentry"],"acf":[],"yoast_head":"<!-- This site is optimized with the Yoast SEO plugin v20.8 - https:\/\/yoast.com\/wordpress\/plugins\/seo\/ -->\n<title>O TANZZO - Tanzzo<\/title>\n<meta name=\"description\" content=\"Tanzzo is a cosmetic brand with high-quality cosmetics and tanning products. Supports women and provide them with self-care and skin-care.\" \/>\n<meta name=\"robots\" content=\"index, follow, max-snippet:-1, max-image-preview:large, max-video-preview:-1\" \/>\n<link rel=\"canonical\" href=\"https:\/\/tanzzo.com\/cz\/about-tanzzo\/\" \/>\n<meta property=\"og:locale\" content=\"cs_CZ\" \/>\n<meta property=\"og:type\" content=\"article\" \/>\n<meta property=\"og:title\" content=\"O TANZZO - Tanzzo\" \/>\n<meta property=\"og:description\" content=\"Tanzzo is a cosmetic brand with high-quality cosmetics and tanning products. Supports women and provide them with self-care and skin-care.\" \/>\n<meta property=\"og:url\" content=\"https:\/\/tanzzo.com\/cz\/about-tanzzo\/\" \/>\n<meta property=\"og:site_name\" content=\"Tanzzo\" \/>\n<meta property=\"article:publisher\" content=\"https:\/\/www.facebook.com\/Tanzzzo\/\" \/>\n<meta property=\"article:modified_time\" content=\"2022-04-28T09:44:11+00:00\" \/>\n<meta name=\"twitter:card\" content=\"summary_large_image\" \/>\n<meta name=\"twitter:label1\" content=\"Odhadovan\u00e1 doba \u010dten\u00ed\" \/>\n\t<meta name=\"twitter:data1\" content=\"2 minuty\" \/>\n<script type=\"application\/ld+json\" class=\"yoast-schema-graph\">{\"@context\":\"https:\/\/schema.org\",\"@graph\":[{\"@type\":\"WebPage\",\"@id\":\"https:\/\/tanzzo.com\/cz\/about-tanzzo\/\",\"url\":\"https:\/\/tanzzo.com\/cz\/about-tanzzo\/\",\"name\":\"O TANZZO - Tanzzo\",\"isPartOf\":{\"@id\":\"https:\/\/tanzzo.com\/cz\/#website\"},\"datePublished\":\"2022-03-25T06:54:21+00:00\",\"dateModified\":\"2022-04-28T09:44:11+00:00\",\"description\":\"Tanzzo is a cosmetic brand with high-quality cosmetics and tanning products. Supports women and provide them with self-care and skin-care.\",\"breadcrumb\":{\"@id\":\"https:\/\/tanzzo.com\/cz\/about-tanzzo\/#breadcrumb\"},\"inLanguage\":\"cs\",\"potentialAction\":[{\"@type\":\"ReadAction\",\"target\":[\"https:\/\/tanzzo.com\/cz\/about-tanzzo\/\"]}]},{\"@type\":\"BreadcrumbList\",\"@id\":\"https:\/\/tanzzo.com\/cz\/about-tanzzo\/#breadcrumb\",\"itemListElement\":[{\"@type\":\"ListItem\",\"position\":1,\"name\":\"Home\",\"item\":\"https:\/\/tanzzo.com\/cz\/\"},{\"@type\":\"ListItem\",\"position\":2,\"name\":\"O TANZZO\"}]},{\"@type\":\"WebSite\",\"@id\":\"https:\/\/tanzzo.com\/cz\/#website\",\"url\":\"https:\/\/tanzzo.com\/cz\/\",\"name\":\"Tanzzo\",\"description\":\"GET YOUR PERFECT TAN\",\"publisher\":{\"@id\":\"https:\/\/tanzzo.com\/cz\/#organization\"},\"potentialAction\":[{\"@type\":\"SearchAction\",\"target\":{\"@type\":\"EntryPoint\",\"urlTemplate\":\"https:\/\/tanzzo.com\/cz\/?s={search_term_string}\"},\"query-input\":\"required name=search_term_string\"}],\"inLanguage\":\"cs\"},{\"@type\":\"Organization\",\"@id\":\"https:\/\/tanzzo.com\/cz\/#organization\",\"name\":\"Tanzzo\",\"url\":\"https:\/\/tanzzo.com\/cz\/\",\"logo\":{\"@type\":\"ImageObject\",\"inLanguage\":\"cs\",\"@id\":\"https:\/\/tanzzo.com\/cz\/#\/schema\/logo\/image\/\",\"url\":\"https:\/\/tanzzo.com\/wp-content\/uploads\/2021\/08\/tanzzo1.png\",\"contentUrl\":\"https:\/\/tanzzo.com\/wp-content\/uploads\/2021\/08\/tanzzo1.png\",\"width\":2560,\"height\":426,\"caption\":\"Tanzzo\"},\"image\":{\"@id\":\"https:\/\/tanzzo.com\/cz\/#\/schema\/logo\/image\/\"},\"sameAs\":[\"https:\/\/www.facebook.com\/Tanzzzo\/\",\"https:\/\/www.instagram.com\/tanzzo_original\/\"]}]}<\/script>\n<!-- \/ Yoast SEO plugin. -->","yoast_head_json":{"title":"O TANZZO - Tanzzo","description":"Tanzzo is a cosmetic brand with high-quality cosmetics and tanning products. Supports women and provide them with self-care and skin-care.","robots":{"index":"index","follow":"follow","max-snippet":"max-snippet:-1","max-image-preview":"max-image-preview:large","max-video-preview":"max-video-preview:-1"},"canonical":"https:\/\/tanzzo.com\/cz\/about-tanzzo\/","og_locale":"cs_CZ","og_type":"article","og_title":"O TANZZO - Tanzzo","og_description":"Tanzzo is a cosmetic brand with high-quality cosmetics and tanning products. Supports women and provide them with self-care and skin-care.","og_url":"https:\/\/tanzzo.com\/cz\/about-tanzzo\/","og_site_name":"Tanzzo","article_publisher":"https:\/\/www.facebook.com\/Tanzzzo\/","article_modified_time":"2022-04-28T09:44:11+00:00","twitter_card":"summary_large_image","twitter_misc":{"Odhadovan\u00e1 doba \u010dten\u00ed":"2 minuty"},"schema":{"@context":"https:\/\/schema.org","@graph":[{"@type":"WebPage","@id":"https:\/\/tanzzo.com\/cz\/about-tanzzo\/","url":"https:\/\/tanzzo.com\/cz\/about-tanzzo\/","name":"O TANZZO - Tanzzo","isPartOf":{"@id":"https:\/\/tanzzo.com\/cz\/#website"},"datePublished":"2022-03-25T06:54:21+00:00","dateModified":"2022-04-28T09:44:11+00:00","description":"Tanzzo is a cosmetic brand with high-quality cosmetics and tanning products. Supports women and provide them with self-care and skin-care.","breadcrumb":{"@id":"https:\/\/tanzzo.com\/cz\/about-tanzzo\/#breadcrumb"},"inLanguage":"cs","potentialAction":[{"@type":"ReadAction","target":["https:\/\/tanzzo.com\/cz\/about-tanzzo\/"]}]},{"@type":"BreadcrumbList","@id":"https:\/\/tanzzo.com\/cz\/about-tanzzo\/#breadcrumb","itemListElement":[{"@type":"ListItem","position":1,"name":"Home","item":"https:\/\/tanzzo.com\/cz\/"},{"@type":"ListItem","position":2,"name":"O TANZZO"}]},{"@type":"WebSite","@id":"https:\/\/tanzzo.com\/cz\/#website","url":"https:\/\/tanzzo.com\/cz\/","name":"Tanzzo","description":"GET YOUR PERFECT TAN","publisher":{"@id":"https:\/\/tanzzo.com\/cz\/#organization"},"potentialAction":[{"@type":"SearchAction","target":{"@type":"EntryPoint","urlTemplate":"https:\/\/tanzzo.com\/cz\/?s={search_term_string}"},"query-input":"required name=search_term_string"}],"inLanguage":"cs"},{"@type":"Organization","@id":"https:\/\/tanzzo.com\/cz\/#organization","name":"Tanzzo","url":"https:\/\/tanzzo.com\/cz\/","logo":{"@type":"ImageObject","inLanguage":"cs","@id":"https:\/\/tanzzo.com\/cz\/#\/schema\/logo\/image\/","url":"https:\/\/tanzzo.com\/wp-content\/uploads\/2021\/08\/tanzzo1.png","contentUrl":"https:\/\/tanzzo.com\/wp-content\/uploads\/2021\/08\/tanzzo1.png","width":2560,"height":426,"caption":"Tanzzo"},"image":{"@id":"https:\/\/tanzzo.com\/cz\/#\/schema\/logo\/image\/"},"sameAs":["https:\/\/www.facebook.com\/Tanzzzo\/","https:\/\/www.instagram.com\/tanzzo_original\/"]}]}},"_links":{"self":[{"href":"https:\/\/tanzzo.com\/cz\/wp-json\/wp\/v2\/pages\/5131","targetHints":{"allow":["GET"]}}],"collection":[{"href":"https:\/\/tanzzo.com\/cz\/wp-json\/wp\/v2\/pages"}],"about":[{"href":"https:\/\/tanzzo.com\/cz\/wp-json\/wp\/v2\/types\/page"}],"author":[{"embeddable":true,"href":"https:\/\/tanzzo.com\/cz\/wp-json\/wp\/v2\/users\/1"}],"replies":[{"embeddable":true,"href":"https:\/\/tanzzo.com\/cz\/wp-json\/wp\/v2\/comments?post=5131"}],"version-history":[{"count":5,"href":"https:\/\/tanzzo.com\/cz\/wp-json\/wp\/v2\/pages\/5131\/revisions"}],"predecessor-version":[{"id":5742,"href":"https:\/\/tanzzo.com\/cz\/wp-json\/wp\/v2\/pages\/5131\/revisions\/5742"}],"wp:attachment":[{"href":"https:\/\/tanzzo.com\/cz\/wp-json\/wp\/v2\/media?parent=5131"}],"curies":[{"name":"wp","href":"https:\/\/api.w.org\/{rel}","templated":true}]}}